{"id":158873,"date":"2025-09-30T10:11:17","date_gmt":"2025-09-30T10:11:17","guid":{"rendered":"https:\/\/todaykhoe.com\/?post_type=product&#038;p=158873"},"modified":"2025-09-30T10:12:51","modified_gmt":"2025-09-30T10:12:51","slug":"capsmal-gelules-prix-congo","status":"publish","type":"product","link":"https:\/\/www.todaykhoe.com\/vi\/product\/capsmal-gelules-prix-congo\/","title":{"rendered":"Capsmal G\u00e9lules Prix Congo"},"content":{"rendered":"<p>Les composants naturels de <a href=\"https:\/\/todaykhoe.com\/product\/capsmal-gelules-prix-congo\/\">Capsmal<\/a> am\u00e9liorent la virilit\u00e9, la puissance et l'endurance masculines. Les comprim\u00e9s bio stimulent l'excitation sexuelle du cerveau aux organes reproducteurs. La circulation sanguine du bas du corps s'am\u00e9liore consid\u00e9rablement. Ce m\u00e9dicament augmente la production d'hormones et la spermatogen\u00e8se. Il redonne aux hommes l'\u00e9nergie d'une vingtaine d'ann\u00e9es. Le site officiel offre des rapports sexuels imm\u00e9diats, plus longs et plus agr\u00e9ables avec votre partenaire. Les avis sur les forums indiquent que ce produit augmente la satisfaction des consommateurs. Aucune plainte n'a \u00e9t\u00e9 d\u00e9pos\u00e9e concernant les mesures prises.<\/p>\n<p style=\"text-align: center;\"><span style=\"font-size: 24pt;\"><a href=\"https:\/\/todaykhoe.com\/acheter-capsmal-cg\"><strong><span class=\"HwtZe\" lang=\"fr\"><span class=\"jCAhz ChMk0b\"><span class=\"ryNqvb\">CONTACT POUR TOUT &#8211; PAIEMENT \u00c0 LA LIVRAISON DISPONIBLE<\/span><\/span><\/span><\/strong><\/a><\/span><\/p>\n<p>Les urologues recommandent des examens de la prostate pour les hommes. Ils consid\u00e8rent Uralite comme l'un des meilleurs pr\u00e9ventifs naturels de l'HBP et de la prostatite. Il am\u00e9liore l'humeur et aide \u00e0 lutter contre l'inflammation et les infections des glandes. Sa formule bio contient du chardon-Marie, des phytost\u00e9rols, du lycop\u00e8ne, du zinc et de la vitamine D3. Des essais cliniques montrent que ces vitamines pr\u00e9viennent le cancer de la prostate. L'efficacit\u00e9 moyenne est de 93 %. Uralite est nutritif et tonifie rapidement les hommes.<\/p>\n<h2>Capsmal Starter et Extra<\/h2>\n<ul>\n<li>Restauration d'une puissance naturelle<\/li>\n<li>Favorise la production de testost\u00e9rone, la libido, la dur\u00e9e des rapports sexuels et la sant\u00e9 des vaisseaux sanguins pelviens.<\/li>\n<li>Stimulation des terminaisons nerveuses<\/li>\n<\/ul>\n<h3>Capsmal fait quoi\u00a0?<\/h3>\n<p>Ces comprim\u00e9s naturels am\u00e9liorent instantan\u00e9ment la virilit\u00e9, l'endurance et la puissance. Am\u00e9liorent la libido, la libido et la dur\u00e9e des \u00e9rections. Plus besoin de capsules pour changer de partenaire. La d\u00e9toxification de la prostate gr\u00e2ce \u00e0 ce produit chimique r\u00e9duit l'inflammation chronique. Pour prolonger les relations amoureuses. Environ 1\u00a0000 hommes congolais l'utilisent r\u00e9guli\u00e8rement et jurent n'avoir jamais aussi bien dormi. D\u00e9couvrez des \u00e9conomies substantielles sur le site web de l'entreprise. De nombreux urologues, notamment le Dr Miguel Prieto N\u00fa\u00f1ez, ont prouv\u00e9 l'efficacit\u00e9 de Capsmal dans le traitement des troubles de l'\u00e9rection.<\/p>\n<p>Les pilules \u00e0 action rapide qui durent plus longtemps au lit sont populaires aupr\u00e8s des hommes et des femmes. Le service Capsmal est de qualit\u00e9. Ce m\u00e9dicament stimulant la libido a augment\u00e9 de 95 % la communication entre le cerveau et les organes reproducteurs lors d'essais cliniques. Cette capsule naturelle am\u00e9liore la production de sperme, la fertilit\u00e9 et la virilit\u00e9. Force et vigueur sont maintenues au quotidien. L'entra\u00eenement physique am\u00e9liore les performances en salle de sport. Capsmal renforce l'amour pour vous et votre partenaire.<\/p>\n<p style=\"text-align: center;\"><span style=\"font-size: 24pt;\"><a href=\"https:\/\/todaykhoe.com\/acheter-capsmal-cg\"><strong><span class=\"HwtZe\" lang=\"fr\"><span class=\"jCAhz ChMk0b\"><span class=\"ryNqvb\">CONTACT POUR TOUT &#8211; PAIEMENT \u00c0 LA LIVRAISON DISPONIBLE<\/span><\/span><\/span><\/strong><\/a><\/span><\/p>\n<h3>Bienfaits de Capsmal<\/h3>\n<ul>\n<li>Augmente les \u00e9rections\u00a0: Excitation instantan\u00e9e et stabilit\u00e9 pendant 2 \u00e0 3\u00a0heures lors des rapports sexuels.<\/li>\n<li>Les rapports durent 2 \u00e0 3\u00a0heures de plus. Lorsqu'un homme atteint rapidement l'orgasme, la femme ne profite pas pleinement du plaisir. Le d\u00e9sir sexuel s'intensifie chez les hommes \u00e2g\u00e9s.<\/li>\n<li>Soulage tous les sympt\u00f4mes de la prostatite\u00a0: R\u00e9tablit l'inflammation, l'infection, les douleurs urinaires, la sant\u00e9 de la prostate, l'\u00e9quilibre hormonal masculin, le d\u00e9sir sexuel, l'excitation et les \u00e9rections.<\/li>\n<li>Am\u00e9liore la qualit\u00e9 du sperme\u00a0: L'\u00e9jaculation am\u00e9liore la qualit\u00e9 et la quantit\u00e9 du sperme.<\/li>\n<li>L'am\u00e9lioration de la sensibilit\u00e9 p\u00e9nienne et de la libido favorise l'orgasme.<\/li>\n<\/ul>\n<h3>Pourriez-vous clarifier\u00a0? Vos propos me font douter du danger de l'abstinence sexuelle.<\/h3>\n<p>L'abstinence prolong\u00e9e peut favoriser le d\u00e9veloppement de la prostate et le cancer. Examinez la prostate sans activit\u00e9 sexuelle.<\/p>\n<p>Un liquide prostatique inhabituel dilue les spermatozo\u00efdes lors de l'\u00e9jaculation. La glande s\u00e9cr\u00e8te continuellement. 100 % de prot\u00e9ines chimiquement. Comme des \u0153ufs de poule. Imaginez le stockage de prot\u00e9ines au fil du temps. Quand un mois sans \u00e9jaculation ne se renouvelle-t-il pas\u00a0?<\/p>\n<p>Lorsqu'elle \u00ab\u00a0pourrit\u00a0\u00bb, des micro-organismes dangereux se d\u00e9veloppent. Inflammation de la prostate. La prostatite est chronique. Les exacerbations de la prostatite provoquent des douleurs et des probl\u00e8mes urinaires. P\u00e9n\u00e9tration des germes dans les tissus profonds. Les cellules canc\u00e9reuses apparaissent apr\u00e8s une inflammation du tissu glandulaire, un autre \u00e9v\u00e9nement n\u00e9faste.<\/p>\n<h3>Capsmal est ouvert aux commentaires.<\/h3>\n<p>Les critiques de Capsmal sur les forums sont rares. La plupart des hommes et des femmes qui prennent ces comprim\u00e9s stimulant la libido constatent une am\u00e9lioration de leur exp\u00e9rience sexuelle. Ce produit aide les couples mari\u00e9s, selon les avis des utilisateurs. Certains affirment que leurs rapports sexuels n'ont jamais \u00e9t\u00e9 aussi bons ni aussi longs. Les urologues affirment que Capsmal am\u00e9liore la virilit\u00e9 au coucher.<\/p>\n<p style=\"text-align: center;\"><span style=\"font-size: 24pt;\"><a href=\"https:\/\/todaykhoe.com\/acheter-capsmal-cg\"><strong><span class=\"HwtZe\" lang=\"fr\"><span class=\"jCAhz ChMk0b\"><span class=\"ryNqvb\">CONTACT POUR TOUT &#8211; PAIEMENT \u00c0 LA LIVRAISON DISPONIBLE<\/span><\/span><\/span><\/strong><\/a><\/span><\/p>\n<h3>Points de vue\u00a0:<\/h3>\n<blockquote><p><strong>Les comprim\u00e9s Capsmal augmentent la puissance et la virilit\u00e9. Depuis que j'ai commenc\u00e9 \u00e0 les prendre, ma femme et moi sommes occup\u00e9s presque quotidiennement. Les m\u00e9dicaments bio ont doubl\u00e9 mon endurance et m'ont facilit\u00e9 les allers-retours aux toilettes. Le site web vend ce complexe unique pour la puissance \u00e0 prix r\u00e9duit. Ricardo Ramirez, 37 ans, est Congolais.<\/strong><\/p>\n<p><strong>Ces g\u00e9lules sont le stimulant de libido le plus puissant que j'aie jamais pris. Rien de tel ne m'\u00e9tait arriv\u00e9 auparavant. Capsmal me permet d'avoir des rapports sexuels avec une femme pendant pr\u00e8s d'une heure. Manuel Iglesias, 29 ans, de Tijuana.<\/strong><\/p>\n<p><strong>Le comprim\u00e9 bleu est inutile avec ces g\u00e9lules naturelles. Elles am\u00e9liorent la vie amoureuse et le sommeil. Prenez-en deux par jour pour une exp\u00e9rience sexuelle inoubliable\u00a0! Carlos, 41 ans,<\/strong><\/p><\/blockquote>\n<h3>R\u00e9sultats de la quatri\u00e8me semaine de traitement pour David\u00a0:<\/h3>\n<ul>\n<li>Agrandissement du p\u00e9nis de 6,7\u00a0cm sans pompe ni appareil<\/li>\n<li>Augmentation de la longueur et du volume du p\u00e9nis de 63\u00a0%. Ses \u00e9rections sont solides et pr\u00eates pour les<\/li>\n<li>rapports sexuels d\u00e8s que sa bien-aim\u00e9e le d\u00e9sire.<\/li>\n<li>Maintient facilement des \u00e9rections dures et durables pour sa partenaire.<\/li>\n<li>Libido (\u00ab d\u00e9sir sexuel \u00bb) \u00e9lev\u00e9e, vigueur et d\u00e9sir (rapports sexuels 3 \u00e0 4 fois).<\/li>\n<\/ul>\n<h3>Prix CongoCapsmal\u00a0: o\u00f9 acheter\u00a0? Farmacia vend-il\u00a0?<\/h3>\n<p>Un site de vente en ligne congolais propose Capsmal \u00e0 un prix avantageux. Pour contacter le service client, veuillez saisir un num\u00e9ro de t\u00e9l\u00e9phone valide sur le site web. La livraison prend plusieurs jours et se fait discr\u00e8tement. Capsmal a baiss\u00e9 le prix de son booster de libido de 50 %. Il est imp\u00e9ratif de le commander rapidement.<\/p>\n<p>Pour Capsmal, \u00e9vitez Farmacia del Ahorro. Leur entreprise propose des r\u00e9ductions importantes sur les m\u00e9dicaments bio pour booster la libido. Choisissez le produit id\u00e9al pour am\u00e9liorer vos performances masculines ici. \u00c9vitez les arnaques Capsmal sur Mercado Libre et sur Amazon.<\/p>\n<p>N'oubliez pas\u00a0! Commandez des pilules Capsmal, qui am\u00e9liorent la puissance et la virilit\u00e9, comme d'autres produits naturels. Aux \u00c9tats-Unis. Remplissez un bon de commande, appelez pour confirmer, puis attendez la livraison, qui peut prendre une semaine. Paiement en esp\u00e8ces \u00e0 la livraison.<\/p>\n<p style=\"text-align: center;\"><span style=\"font-size: 24pt;\"><a href=\"https:\/\/todaykhoe.com\/acheter-capsmal-cg\"><strong><span class=\"HwtZe\" lang=\"fr\"><span class=\"jCAhz ChMk0b\"><span class=\"ryNqvb\">CONTACT POUR TOUT &#8211; PAIEMENT \u00c0 LA LIVRAISON DISPONIBLE<\/span><\/span><\/span><\/strong><\/a><\/span><\/p>\n<p><a href=\"https:\/\/todaykhoe.com\/acheter-capsmal-cg\"><img loading=\"lazy\" decoding=\"async\" class=\"aligncenter size-full wp-image-158914\" src=\"https:\/\/todaykhoe.com\/wp-content\/uploads\/2025\/09\/Capsmal-Gelules-Congo.png\" alt=\"Capsmal G\u00e9lules Congo\" width=\"1318\" height=\"576\" srcset=\"https:\/\/www.todaykhoe.com\/wp-content\/uploads\/2025\/09\/Capsmal-Gelules-Congo.png 1318w, https:\/\/www.todaykhoe.com\/wp-content\/uploads\/2025\/09\/Capsmal-Gelules-Congo-300x131.png 300w, https:\/\/www.todaykhoe.com\/wp-content\/uploads\/2025\/09\/Capsmal-Gelules-Congo-1024x448.png 1024w, https:\/\/www.todaykhoe.com\/wp-content\/uploads\/2025\/09\/Capsmal-Gelules-Congo-768x336.png 768w, https:\/\/www.todaykhoe.com\/wp-content\/uploads\/2025\/09\/Capsmal-Gelules-Congo-600x262.png 600w\" sizes=\"auto, (max-width: 1318px) 100vw, 1318px\" \/><\/a><\/p>\n","protected":false},"excerpt":{"rendered":"<p><span style=\"font-size: 16pt;\"><strong>Puissance et \u00e9largissement du p\u00e9nis\u00a0: d\u00e9finition, causes, sympt\u00f4mes et traitement<\/strong><\/span><\/p>\n<ul>\n<li>Vous pouvez payer en esp\u00e8ces ou par carte bancaire \u00e0 la r\u00e9ception.<\/li>\n<li>Livraison en 2 \u00e0 3 jours, dur\u00e9e de conservation jusqu&#8217;\u00e0 5 jours.<\/li>\n<li>Vous pouvez vous faire livrer votre colis \u00e0 domicile ou \u00e0 la Poste. Vous pouvez \u00e9galement le faire livrer gratuitement par t\u00e9l\u00e9phone avec l&#8217;op\u00e9rateur.<\/li>\n<\/ul>\n<p><a href=\"https:\/\/todaykhoe.com\/acheter-capsmal-cg\"><strong><span class=\"HwtZe\" lang=\"fr\"><span class=\"jCAhz ChMk0b\"><span class=\"ryNqvb\">CONTACT POUR TOUT &#8211; PAIEMENT \u00c0 LA LIVRAISON DISPONIBLE<\/span><\/span><\/span><\/strong><\/a><\/p>\n","protected":false},"featured_media":158874,"comment_status":"open","ping_status":"closed","template":"","meta":[],"product_brand":[],"product_cat":[686,440],"product_tag":[],"class_list":{"0":"post-158873","1":"product","2":"type-product","3":"status-publish","4":"has-post-thumbnail","6":"product_cat-male-enhancement","7":"product_cat-sante","9":"first","10":"instock","11":"shipping-taxable","12":"product-type-external"},"yoast_head":"<!-- This site is optimized with the Yoast SEO plugin v27.3 - https:\/\/yoast.com\/product\/yoast-seo-wordpress\/ -->\n<title>Capsmal G\u00e9lules Prix Congo: Capsules pour la puissance! avis<\/title>\n<meta name=\"description\" content=\"Capsmal G\u00e9lules Prix Congo: Capsules pour la puissance! avis, Avantages, effets secondaires, ingr\u00e9dients, avis des utilisateurs et acheter au Congo.\" \/>\n<meta name=\"robots\" content=\"index, follow, max-snippet:-1, max-image-preview:large, max-video-preview:-1\" \/>\n<link rel=\"canonical\" href=\"https:\/\/www.todaykhoe.com\/product\/capsmal-gelules-prix-congo\/\" \/>\n<meta property=\"og:locale\" content=\"vi_VN\" \/>\n<meta property=\"og:type\" content=\"article\" \/>\n<meta property=\"og:title\" content=\"Capsmal G\u00e9lules Prix Congo: Capsules pour la puissance! avis\" \/>\n<meta property=\"og:description\" content=\"Capsmal G\u00e9lules Prix Congo: Capsules pour la puissance! avis, Avantages, effets secondaires, ingr\u00e9dients, avis des utilisateurs et acheter au Congo.\" \/>\n<meta property=\"og:url\" content=\"https:\/\/www.todaykhoe.com\/product\/capsmal-gelules-prix-congo\/\" \/>\n<meta property=\"og:site_name\" content=\"TodayKh\u1ecfe.Com\" \/>\n<meta property=\"article:modified_time\" content=\"2025-09-30T10:12:51+00:00\" \/>\n<meta property=\"og:image\" content=\"https:\/\/www.todaykhoe.com\/wp-content\/uploads\/2025\/09\/Capsmal-Congo.png\" \/>\n\t<meta property=\"og:image:width\" content=\"453\" \/>\n\t<meta property=\"og:image:height\" content=\"453\" \/>\n\t<meta property=\"og:image:type\" content=\"image\/png\" \/>\n<meta name=\"twitter:card\" content=\"summary_large_image\" \/>\n<meta name=\"twitter:label1\" content=\"Est. reading time\" \/>\n\t<meta name=\"twitter:data1\" content=\"6 minutes\" \/>\n<script type=\"application\/ld+json\" class=\"yoast-schema-graph\">{\"@context\":\"https:\\\/\\\/schema.org\",\"@graph\":[{\"@type\":\"WebPage\",\"@id\":\"https:\\\/\\\/www.todaykhoe.com\\\/product\\\/capsmal-gelules-prix-congo\\\/\",\"url\":\"https:\\\/\\\/www.todaykhoe.com\\\/product\\\/capsmal-gelules-prix-congo\\\/\",\"name\":\"Capsmal G\u00e9lules Prix Congo: Capsules pour la puissance! avis\",\"isPartOf\":{\"@id\":\"https:\\\/\\\/www.todaykhoe.com\\\/#website\"},\"primaryImageOfPage\":{\"@id\":\"https:\\\/\\\/www.todaykhoe.com\\\/product\\\/capsmal-gelules-prix-congo\\\/#primaryimage\"},\"image\":{\"@id\":\"https:\\\/\\\/www.todaykhoe.com\\\/product\\\/capsmal-gelules-prix-congo\\\/#primaryimage\"},\"thumbnailUrl\":\"https:\\\/\\\/www.todaykhoe.com\\\/wp-content\\\/uploads\\\/2025\\\/09\\\/Capsmal-Congo.png\",\"datePublished\":\"2025-09-30T10:11:17+00:00\",\"dateModified\":\"2025-09-30T10:12:51+00:00\",\"description\":\"Capsmal G\u00e9lules Prix Congo: Capsules pour la puissance! avis, Avantages, effets secondaires, ingr\u00e9dients, avis des utilisateurs et acheter au Congo.\",\"breadcrumb\":{\"@id\":\"https:\\\/\\\/www.todaykhoe.com\\\/product\\\/capsmal-gelules-prix-congo\\\/#breadcrumb\"},\"inLanguage\":\"vi-VN\",\"potentialAction\":[{\"@type\":\"ReadAction\",\"target\":[\"https:\\\/\\\/www.todaykhoe.com\\\/product\\\/capsmal-gelules-prix-congo\\\/\"]}]},{\"@type\":\"ImageObject\",\"inLanguage\":\"vi-VN\",\"@id\":\"https:\\\/\\\/www.todaykhoe.com\\\/product\\\/capsmal-gelules-prix-congo\\\/#primaryimage\",\"url\":\"https:\\\/\\\/www.todaykhoe.com\\\/wp-content\\\/uploads\\\/2025\\\/09\\\/Capsmal-Congo.png\",\"contentUrl\":\"https:\\\/\\\/www.todaykhoe.com\\\/wp-content\\\/uploads\\\/2025\\\/09\\\/Capsmal-Congo.png\",\"width\":453,\"height\":453,\"caption\":\"Capsmal Congo\"},{\"@type\":\"BreadcrumbList\",\"@id\":\"https:\\\/\\\/www.todaykhoe.com\\\/product\\\/capsmal-gelules-prix-congo\\\/#breadcrumb\",\"itemListElement\":[{\"@type\":\"ListItem\",\"position\":1,\"name\":\"Home\",\"item\":\"https:\\\/\\\/www.todaykhoe.com\\\/\"},{\"@type\":\"ListItem\",\"position\":2,\"name\":\"Shop\",\"item\":\"https:\\\/\\\/www.todaykhoe.com\\\/shop\\\/\"},{\"@type\":\"ListItem\",\"position\":3,\"name\":\"Capsmal G\u00e9lules Prix Congo\"}]},{\"@type\":\"WebSite\",\"@id\":\"https:\\\/\\\/www.todaykhoe.com\\\/#website\",\"url\":\"https:\\\/\\\/www.todaykhoe.com\\\/\",\"name\":\"TodayKh\u1ecfe.Com\",\"description\":\"Healthy Today, Fitness, Nutrition, Beauty, News!\",\"publisher\":{\"@id\":\"https:\\\/\\\/www.todaykhoe.com\\\/#organization\"},\"potentialAction\":[{\"@type\":\"SearchAction\",\"target\":{\"@type\":\"EntryPoint\",\"urlTemplate\":\"https:\\\/\\\/www.todaykhoe.com\\\/?s={search_term_string}\"},\"query-input\":{\"@type\":\"PropertyValueSpecification\",\"valueRequired\":true,\"valueName\":\"search_term_string\"}}],\"inLanguage\":\"vi-VN\"},{\"@type\":\"Organization\",\"@id\":\"https:\\\/\\\/www.todaykhoe.com\\\/#organization\",\"name\":\"TodayKh\u1ecfe.Com\",\"url\":\"https:\\\/\\\/www.todaykhoe.com\\\/\",\"logo\":{\"@type\":\"ImageObject\",\"inLanguage\":\"vi-VN\",\"@id\":\"https:\\\/\\\/www.todaykhoe.com\\\/#\\\/schema\\\/logo\\\/image\\\/\",\"url\":\"https:\\\/\\\/www.todaykhoe.com\\\/wp-content\\\/uploads\\\/2025\\\/04\\\/Todaykhoe.png\",\"contentUrl\":\"https:\\\/\\\/www.todaykhoe.com\\\/wp-content\\\/uploads\\\/2025\\\/04\\\/Todaykhoe.png\",\"width\":706,\"height\":159,\"caption\":\"TodayKh\u1ecfe.Com\"},\"image\":{\"@id\":\"https:\\\/\\\/www.todaykhoe.com\\\/#\\\/schema\\\/logo\\\/image\\\/\"}}]}<\/script>\n<!-- \/ Yoast SEO plugin. -->","yoast_head_json":{"title":"Capsmal G\u00e9lules Prix Congo: Capsules pour la puissance! avis","description":"Capsmal G\u00e9lules Prix Congo: Capsules pour la puissance! avis, Avantages, effets secondaires, ingr\u00e9dients, avis des utilisateurs et acheter au Congo.","robots":{"index":"index","follow":"follow","max-snippet":"max-snippet:-1","max-image-preview":"max-image-preview:large","max-video-preview":"max-video-preview:-1"},"canonical":"https:\/\/www.todaykhoe.com\/product\/capsmal-gelules-prix-congo\/","og_locale":"vi_VN","og_type":"article","og_title":"Capsmal G\u00e9lules Prix Congo: Capsules pour la puissance! avis","og_description":"Capsmal G\u00e9lules Prix Congo: Capsules pour la puissance! avis, Avantages, effets secondaires, ingr\u00e9dients, avis des utilisateurs et acheter au Congo.","og_url":"https:\/\/www.todaykhoe.com\/product\/capsmal-gelules-prix-congo\/","og_site_name":"TodayKh\u1ecfe.Com","article_modified_time":"2025-09-30T10:12:51+00:00","og_image":[{"width":453,"height":453,"url":"https:\/\/www.todaykhoe.com\/wp-content\/uploads\/2025\/09\/Capsmal-Congo.png","type":"image\/png"}],"twitter_card":"summary_large_image","twitter_misc":{"Est. reading time":"6 minutes"},"schema":{"@context":"https:\/\/schema.org","@graph":[{"@type":"WebPage","@id":"https:\/\/www.todaykhoe.com\/product\/capsmal-gelules-prix-congo\/","url":"https:\/\/www.todaykhoe.com\/product\/capsmal-gelules-prix-congo\/","name":"Capsmal G\u00e9lules Prix Congo: Capsules pour la puissance! avis","isPartOf":{"@id":"https:\/\/www.todaykhoe.com\/#website"},"primaryImageOfPage":{"@id":"https:\/\/www.todaykhoe.com\/product\/capsmal-gelules-prix-congo\/#primaryimage"},"image":{"@id":"https:\/\/www.todaykhoe.com\/product\/capsmal-gelules-prix-congo\/#primaryimage"},"thumbnailUrl":"https:\/\/www.todaykhoe.com\/wp-content\/uploads\/2025\/09\/Capsmal-Congo.png","datePublished":"2025-09-30T10:11:17+00:00","dateModified":"2025-09-30T10:12:51+00:00","description":"Capsmal G\u00e9lules Prix Congo: Capsules pour la puissance! avis, Avantages, effets secondaires, ingr\u00e9dients, avis des utilisateurs et acheter au Congo.","breadcrumb":{"@id":"https:\/\/www.todaykhoe.com\/product\/capsmal-gelules-prix-congo\/#breadcrumb"},"inLanguage":"vi-VN","potentialAction":[{"@type":"ReadAction","target":["https:\/\/www.todaykhoe.com\/product\/capsmal-gelules-prix-congo\/"]}]},{"@type":"ImageObject","inLanguage":"vi-VN","@id":"https:\/\/www.todaykhoe.com\/product\/capsmal-gelules-prix-congo\/#primaryimage","url":"https:\/\/www.todaykhoe.com\/wp-content\/uploads\/2025\/09\/Capsmal-Congo.png","contentUrl":"https:\/\/www.todaykhoe.com\/wp-content\/uploads\/2025\/09\/Capsmal-Congo.png","width":453,"height":453,"caption":"Capsmal Congo"},{"@type":"BreadcrumbList","@id":"https:\/\/www.todaykhoe.com\/product\/capsmal-gelules-prix-congo\/#breadcrumb","itemListElement":[{"@type":"ListItem","position":1,"name":"Home","item":"https:\/\/www.todaykhoe.com\/"},{"@type":"ListItem","position":2,"name":"Shop","item":"https:\/\/www.todaykhoe.com\/shop\/"},{"@type":"ListItem","position":3,"name":"Capsmal G\u00e9lules Prix Congo"}]},{"@type":"WebSite","@id":"https:\/\/www.todaykhoe.com\/#website","url":"https:\/\/www.todaykhoe.com\/","name":"TodayKh\u1ecfe.Com","description":"Healthy Today, Fitness, Nutrition, Beauty, News!","publisher":{"@id":"https:\/\/www.todaykhoe.com\/#organization"},"potentialAction":[{"@type":"SearchAction","target":{"@type":"EntryPoint","urlTemplate":"https:\/\/www.todaykhoe.com\/?s={search_term_string}"},"query-input":{"@type":"PropertyValueSpecification","valueRequired":true,"valueName":"search_term_string"}}],"inLanguage":"vi-VN"},{"@type":"Organization","@id":"https:\/\/www.todaykhoe.com\/#organization","name":"TodayKh\u1ecfe.Com","url":"https:\/\/www.todaykhoe.com\/","logo":{"@type":"ImageObject","inLanguage":"vi-VN","@id":"https:\/\/www.todaykhoe.com\/#\/schema\/logo\/image\/","url":"https:\/\/www.todaykhoe.com\/wp-content\/uploads\/2025\/04\/Todaykhoe.png","contentUrl":"https:\/\/www.todaykhoe.com\/wp-content\/uploads\/2025\/04\/Todaykhoe.png","width":706,"height":159,"caption":"TodayKh\u1ecfe.Com"},"image":{"@id":"https:\/\/www.todaykhoe.com\/#\/schema\/logo\/image\/"}}]}},"_links":{"self":[{"href":"https:\/\/www.todaykhoe.com\/vi\/wp-json\/wp\/v2\/product\/158873","targetHints":{"allow":["GET"]}}],"collection":[{"href":"https:\/\/www.todaykhoe.com\/vi\/wp-json\/wp\/v2\/product"}],"about":[{"href":"https:\/\/www.todaykhoe.com\/vi\/wp-json\/wp\/v2\/types\/product"}],"replies":[{"embeddable":true,"href":"https:\/\/www.todaykhoe.com\/vi\/wp-json\/wp\/v2\/comments?post=158873"}],"wp:featuredmedia":[{"embeddable":true,"href":"https:\/\/www.todaykhoe.com\/vi\/wp-json\/wp\/v2\/media\/158874"}],"wp:attachment":[{"href":"https:\/\/www.todaykhoe.com\/vi\/wp-json\/wp\/v2\/media?parent=158873"}],"wp:term":[{"taxonomy":"product_brand","embeddable":true,"href":"https:\/\/www.todaykhoe.com\/vi\/wp-json\/wp\/v2\/product_brand?post=158873"},{"taxonomy":"product_cat","embeddable":true,"href":"https:\/\/www.todaykhoe.com\/vi\/wp-json\/wp\/v2\/product_cat?post=158873"},{"taxonomy":"product_tag","embeddable":true,"href":"https:\/\/www.todaykhoe.com\/vi\/wp-json\/wp\/v2\/product_tag?post=158873"}],"curies":[{"name":"wp","href":"https:\/\/api.w.org\/{rel}","templated":true}]}}