{"id":157797,"date":"2025-09-24T14:55:53","date_gmt":"2025-09-24T14:55:53","guid":{"rendered":"https:\/\/todaykhoe.com\/?post_type=product&#038;p=157797"},"modified":"2025-09-24T14:57:23","modified_gmt":"2025-09-24T14:57:23","slug":"hemoherbe-prix-gabon","status":"publish","type":"product","link":"https:\/\/www.todaykhoe.com\/vi\/product\/hemoherbe-prix-gabon\/","title":{"rendered":"Hemoherbe Prix Gabon"},"content":{"rendered":"<p><a href=\"https:\/\/todaykhoe.com\/product\/hemoherbe-prix-gabon\/\">HEMOHERBE<\/a>, d\u00e9velopp\u00e9 par des \u00e9tudiants, est le meilleur traitement contre les h\u00e9morro\u00efdes au meilleur prix pour les plus d\u00e9munis. Nous souhaitons que des centaines, voire des milliers de personnes b\u00e9n\u00e9ficient de ce traitement exceptionnel.<\/p>\n<p>Une recette adapt\u00e9e restaure leur sant\u00e9. Elle am\u00e9liore \u00e9galement leur confort et simplifie leur vie. Les h\u00e9morro\u00efdes sont courantes dans notre vie tr\u00e9pidante. Vendeurs et employ\u00e9s de bureau risquent de souffrir de cette maladie.<\/p>\n<p style=\"text-align: center;\"><span style=\"font-size: 24pt;\"><strong><a href=\"https:\/\/todaykhoe.com\/acheter-hemoherbe-ga\"><span class=\"HwtZe\" lang=\"fr\"><span class=\"jCAhz ChMk0b\"><span class=\"ryNqvb\">CONTACT POUR TOUT &#8211; PAIEMENT \u00c0 LA LIVRAISON DISPONIBLE<\/span><\/span><\/span><\/a><\/strong><\/span><\/p>\n<p>Rester debout ou assis longtemps est source de douleur et de honte. Les h\u00e9morro\u00efdes commencent par des h\u00e9morro\u00efdes. Les personnes atteintes ne peuvent pas s'asseoir sur des si\u00e8ges mous ou durs.<\/p>\n<p>Imaginez leur horreur\u00a0! Elles ne peuvent pas dormir sur le dos, mais sur le c\u00f4t\u00e9 ou sur le ventre. Comme indiqu\u00e9, cette maladie est plus difficile \u00e0 traiter et vous laissera en larmes et incr\u00e9dule. Les h\u00e9morro\u00efdes surviennent lorsque vous ne pouvez pas \u00e9vacuer quoi que ce soit de votre anus. M\u00eame apr\u00e8s avoir vid\u00e9 votre anus, vous avez l'impression d'\u00eatre aux toilettes toute la journ\u00e9e.<\/p>\n<p>Il n'y a pas de mots pour d\u00e9crire l'inconfort de cette phase, que vous \u00eates pr\u00eat \u00e0 payer n'importe quoi pour en finir. Vous serez superstitieux si on vous donne les meilleurs magiciens. On perd toujours la raison avec des maladies douloureuses. La vie \u00e9tait belle, on s'en rend compte. L'ingratitude est un passe-temps. On se compare \u00e0 tout le monde, surtout \u00e0 ceux qu'on n'aime pas. On pense que les autres ne sont pas en aussi bonne sant\u00e9 que soi quand on voit un homme viril et on se demande pourquoi on n'arrive pas \u00e0 avoir cette silhouette.<\/p>\n<p>\u00catre reconnaissant quadruple les revenus, la sant\u00e9 et tout le reste. L'hygi\u00e8ne personnelle et l'attention sont cruciales pour cette maladie. N\u00e9gliger l'hygi\u00e8ne intestinale augmente la pression et les probl\u00e8mes anaux. Nettoyer les parties intimes pr\u00e9vient les maladies. Des environnements sales comme votre maison, votre lieu de travail ou votre corps favorisent la prolif\u00e9ration d'agents pathog\u00e8nes.<\/p>\n<h2>Hemoherbe\u00a0? Cette formule est-elle fiable\u00a0?<\/h2>\n<p>La fiabilit\u00e9 du produit est essentielle, mais le comportement de l'utilisateur est important. La formule ne fonctionnera pas sans suivre les instructions de chaque produit. On ne peut pas bl\u00e2mer la formule si nous sommes la cause du probl\u00e8me. Sinon, Hemoherbe est id\u00e9al pour les h\u00e9morro\u00efdes. Pour am\u00e9liorer votre vie, ce cocktail contient divers extraits et compos\u00e9s sains. Les extraits gu\u00e9rissent de l'int\u00e9rieur comme de l'ext\u00e9rieur. Le gonflement des veines rectales ou scrotales est \u00e0 l'origine de cette affection.<\/p>\n<p>Cette formule est anti-inflammatoire, antifongique et antibact\u00e9rienne. Vous pensez que les probl\u00e8mes persisteront\u00a0? Gr\u00e2ce \u00e0 ses propri\u00e9t\u00e9s apaisantes, elle vous permettra de les surmonter. Elle s'attaque aux causes de la phase plut\u00f4t qu'\u00e0 la douleur.<\/p>\n<p style=\"text-align: center;\"><span style=\"font-size: 22pt;\"><strong><a href=\"https:\/\/todaykhoe.com\/acheter-hemoherbe-ga\"><span class=\"HwtZe\" lang=\"fr\"><span class=\"jCAhz ChMk0b\"><span class=\"ryNqvb\">CONTACT POUR TOUT &#8211; PAIEMENT \u00c0 LA LIVRAISON DISPONIBLE<\/span><\/span><\/span><\/a><\/strong><\/span><\/p>\n<p>Les analg\u00e9siques en vente libre aident \u00e0 r\u00e9duire l'inconfort, mais s'attaquer aux causes est le seul moyen de traiter la maladie. C'est bien plus qu'un simple inconfort\u00a0: d\u00e9mangeaisons, br\u00fblures, douleurs intestinales intenses, sang dans les toilettes et une aggravation de la situation. Vous frotteriez-vous\u00a0? R\u00e9p\u00e9ter l'op\u00e9ration ne ferait qu'empirer les choses. Tout cela vous ferait regretter mes actions.<\/p>\n<p>Les propri\u00e9t\u00e9s antioxydantes, antibact\u00e9riennes et antifongiques de cette formule r\u00e9duisent l'irritation et les br\u00fblures. Performance, confort, sant\u00e9\u00a0: votre rectum, vos veines et vos parties intimes retrouveront leur \u00e9tat normal. Marcher prudemment pr\u00e9vient les chutes. Une vie saine et sans maladie exige une hygi\u00e8ne irr\u00e9prochable. Car cela entra\u00eene des probl\u00e8mes majeurs et la plupart des m\u00e9dicaments sont inefficaces.<\/p>\n<p>Les phytoth\u00e9rapies sont les seules efficaces. Vous pourriez choisir Hemoherbe, le meilleur rem\u00e8de naturel. Le meilleur traitement naturel contre les h\u00e9morro\u00efdes est aussi le plus confortable. Ne pensez pas que cela vous permet simplement de r\u00e9cup\u00e9rer rapidement. Cela maintient votre corps calme et productif pour que vous puissiez vous reposer.<\/p>\n<p>Ne pas se remettre de cette maladie peut la faire r\u00e9appara\u00eetre. Ce moment serait plus meurtrier que pr\u00e9vu. Cela scelle l'infection et met fin \u00e0 son r\u00e8gne. Cela favorise une gu\u00e9rison compl\u00e8te.<\/p>\n<p>La sant\u00e9 revient rapidement avec cette recette. Au lieu de compter sur ce produit, soyez prudent. Consommez des aliments nutritifs, buvez des boissons saines, \u00e9vitez de fumer et de boire de l'alcool, et vous en b\u00e9n\u00e9ficierez.<\/p>\n<h3>Les h\u00e9morro\u00efdes sont douloureuses, mais pas mortelles. Expliquez.<\/h3>\n<p>Accepterez-vous mon pincement\u00a0? 1 \u00e0 2 minutes. Vous hurleriez de douleur \u00e0 la troisi\u00e8me minute. Crier ou rester calme si quelqu'un ferme la porte avec votre doigt dedans\u00a0? J'ai vu les deux. Les deux sc\u00e9narios feraient hurler quelqu'un et attireraient l'attention des autres sur la souffrance. Des dommages \u00e0 long terme ou la mort sont peu probables. Cela ne garantit pas notre disparition. Cela inclut les h\u00e9morro\u00efdes.<\/p>\n<p>Elles font terriblement mal, mais tuent rarement. Faut-il s'inqui\u00e9ter ou se d\u00e9tendre\u00a0? De nombreux sites en ligne affirment que les h\u00e9morro\u00efdes sont mortelles. La maladie des h\u00e9morro\u00efdes est une inflammation des vaisseaux sanguins de l'anus. Une g\u00eane l\u00e9g\u00e8re \u00e0 mod\u00e9r\u00e9e est suivie de d\u00e9mangeaisons et de br\u00fblures intenses. Pour certains r\u00e9pondants au sondage, les h\u00e9morro\u00efdes sont la douleur la plus intense. Bien que douloureuses, elles ne vous tueront pas. Oui, ce probl\u00e8me entra\u00eenera une douleur persistante et vous emp\u00eachera de vivre paisiblement.<\/p>\n<p style=\"text-align: center;\"><span style=\"font-size: 24pt;\"><strong><a href=\"https:\/\/todaykhoe.com\/acheter-hemoherbe-ga\"><span class=\"HwtZe\" lang=\"fr\"><span class=\"jCAhz ChMk0b\"><span class=\"ryNqvb\">CONTACT POUR TOUT &#8211; PAIEMENT \u00c0 LA LIVRAISON DISPONIBLE<\/span><\/span><\/span><\/a><\/strong><\/span><\/p>\n<h3>Les complications des h\u00e9morro\u00efdes<\/h3>\n<ul>\n<li>La thrombose,<\/li>\n<li>les h\u00e9morro\u00efdes \u00e9trangl\u00e9es,<\/li>\n<li>les nodules durcis et les acrochordons peuvent r\u00e9sulter de difficult\u00e9s de circulation sanguine.<\/li>\n<\/ul>\n<p>Les maladies complexes sont plus difficiles \u00e0 traiter. Tout traitement est p\u00e9nible et inconfortable. Apaisez et rafra\u00eechissez-vous toujours avec Hemoherbe. Les plantes naturelles de qualit\u00e9 sup\u00e9rieure d'Hemoherbe aident sans laser ni injection. Vous pouvez vaincre cette maladie avec quelques dosages et un traitement complet.<\/p>\n<h3>Quels signes indiquent les h\u00e9morro\u00efdes\u00a0?<\/h3>\n<p>On reconna\u00eet les h\u00e9morro\u00efdes. Varices vLes h\u00e9morro\u00efdes sont plus souvent \u00e0 l'origine de cette affection. Les sympt\u00f4mes des h\u00e9morro\u00efdes sont vari\u00e9s. On distingue les h\u00e9morro\u00efdes externes, internes et thrombos\u00e9es. Chaque cat\u00e9gorie pr\u00e9sente des sympt\u00f4mes g\u00eanants. Il est essentiel de les \u00e9tudier attentivement. Une connaissance rapide permet de d\u00e9tecter rapidement ce probl\u00e8me avant qu'il n'entra\u00eene des dommages importants ou permanents.<\/p>\n<h3>H\u00e9morro\u00efdes externes.<\/h3>\n<ul>\n<li>Elles provoquent des d\u00e9mangeaisons ou une irritation anales.<\/li>\n<li>Douleur, \u0153d\u00e8me et saignements anaux.<\/li>\n<li>Sous l'anus. Renseignez-vous sur cette affection et consultez un m\u00e9decin en cas de suspicion.<\/li>\n<\/ul>\n<h3>H\u00e9morro\u00efdes internes.<\/h3>\n<p>Elles se manifestent g\u00e9n\u00e9ralement dans le rectum. Elles sont rarement inconfortables ou palpables. Un effort ou une g\u00eane lors de la d\u00e9f\u00e9cation peuvent causer des probl\u00e8mes.<\/p>\n<p>Saignements intestinaux indolores. Les h\u00e9morro\u00efdes peuvent faire saillie par l'anus et provoquer douleur et irritation si une petite quantit\u00e9 de sang rouge vif se trouve sur ou dans les toilettes.<\/p>\n<p style=\"text-align: center;\"><span style=\"font-size: 22pt;\"><strong><a href=\"https:\/\/todaykhoe.com\/acheter-hemoherbe-ga\"><span class=\"HwtZe\" lang=\"fr\"><span class=\"jCAhz ChMk0b\"><span class=\"ryNqvb\">CONTACT POUR TOUT &#8211; PAIEMENT \u00c0 LA LIVRAISON DISPONIBLE<\/span><\/span><\/span><\/a><\/strong><\/span><\/p>\n<h3>H\u00e9morro\u00efdes gonfl\u00e9es.<\/h3>\n<p>Des thrombus se forment lorsque du sang s'accumule dans une h\u00e9morro\u00efde externe\u00a0:<\/p>\n<ul>\n<li>Inconfort important, gonflement, inflammation et gonflement de l'anus.<\/li>\n<\/ul>\n<h3>Quand consulter un m\u00e9decin\u00a0?<\/h3>\n<p>Si le traitement \u00e0 domicile ne fonctionne pas pour les difficult\u00e9s intestinales ou les h\u00e9morro\u00efdes apr\u00e8s une semaine, consultez un m\u00e9decin. Parlez de vos exp\u00e9riences r\u00e9centes \u00e0 votre sp\u00e9cialiste. Il recommande des soins m\u00e9dicaux de qualit\u00e9. Ne pr\u00e9sumez jamais que les h\u00e9morro\u00efdes sont la cause de saignements rectaux, surtout si vos habitudes intestinales, la couleur ou la consistance des selles changent.<\/p>\n<p>Les tumeurs malignes colorectales et anales provoquent des saignements rectaux. N'exag\u00e9rez jamais la gravit\u00e9 de la situation, car elle pourrait \u00eatre trompeuse. Traitez d'urgence les saignements rectaux importants, les vertiges ou les malaises. Hemoherbe est un traitement efficace contre les h\u00e9morro\u00efdes.<\/p>\n<h3>Pourquoi Hemoherbe\u00a0?<\/h3>\n<p><strong>Un excellent traitement contre les h\u00e9morro\u00efdes.<\/strong><\/p>\n<p>Le march\u00e9 propose des millions de m\u00e9dicaments, baumes, cr\u00e8mes et topiques. Le prix s'applique \u00e0 chaque solution. Combien sont parfaits et vous aideront \u00e0 surmonter cette \u00e9preuve\u00a0? Personne ne financerait chaque traitement. C'est pourquoi nous accordons une grande importance aux professionnels et aux m\u00e9decins qui nous aident \u00e0 vivre confortablement et \u00e0 gu\u00e9rir rapidement. Nos experts recommandent Hemoherbe pour le meilleur traitement indolore contre les h\u00e9morro\u00efdes. Il vous sauvera efficacement et vous \u00e9vitera ce pi\u00e8ge.<\/p>\n<p><strong>Supprime compl\u00e8tement l'inflammation.<\/strong><\/p>\n<p>Vaisseaux gonfl\u00e9s autour de l'anus, appel\u00e9s h\u00e9morro\u00efdes rectales ou h\u00e9morro\u00efdes. Plus douloureux que d\u00e9crit. Ce probl\u00e8me peut \u00eatre corrig\u00e9 par une alimentation riche en fibres et en nutriments. \u00c9vitez les aliments \u00e9pic\u00e9s et frits. Cette maladie est aggrav\u00e9e par l'alcool et le tabac. Vous travaillez maintenant pour Hemoherbe. Ses propri\u00e9t\u00e9s anti-inflammatoires et antioxydantes avanc\u00e9es r\u00e9duisent l'irritation anale et acc\u00e9l\u00e8rent la gu\u00e9rison.<\/p>\n<p><strong>Am\u00e9liore la sant\u00e9 et le confort.<\/strong><\/p>\n<p>Une affection qui affecte les organes internes, inhibe les sens et provoque d'intenses douleurs physiques. Apr\u00e8s une maladie grave, r\u00e9cup\u00e9rez raisonnablement et sans laisser de traces. Hemoherbe r\u00e9pare les art\u00e8res et les ganglions lymphatiques et r\u00e9duit les picotements et les br\u00fblures. De plus, il am\u00e9liore votre sant\u00e9 et votre confort. Ce traitement \u00e9limine tous les facteurs responsables de la maladie. Dans le cas contraire, la maladie peut r\u00e9appara\u00eetre et perturber le sommeil.<\/p>\n<h3>Comment l'utiliser\u00a0?<\/h3>\n<p>Suivre les instructions permet d'obtenir rapidement des r\u00e9sultats exceptionnels.<\/p>\n<h3>O\u00f9 le trouver au meilleur prix\u00a0?<\/h3>\n<p>Hemoherbe am\u00e9liore la sant\u00e9 et la gu\u00e9rison des h\u00e9morro\u00efdes. Cliquez sur l'image ci-dessous pour l'obtenir \u00e0 prix r\u00e9duit. Soumettez le bon de commande apr\u00e8s avoir saisi vos informations.<\/p>\n<p style=\"text-align: center;\"><span style=\"font-size: 24pt;\"><strong><a href=\"https:\/\/todaykhoe.com\/acheter-hemoherbe-ga\"><span class=\"HwtZe\" lang=\"fr\"><span class=\"jCAhz ChMk0b\"><span class=\"ryNqvb\">CONTACT POUR TOUT &#8211; PAIEMENT \u00c0 LA LIVRAISON DISPONIBLE<\/span><\/span><\/span><\/a><\/strong><\/span><\/p>\n<p><a href=\"https:\/\/todaykhoe.com\/acheter-hemoherbe-ga\"><img loading=\"lazy\" decoding=\"async\" class=\"aligncenter size-full wp-image-157838\" src=\"https:\/\/todaykhoe.com\/wp-content\/uploads\/2025\/09\/Hemoherbe-Prix-Gabon.png\" alt=\"Hemoherbe Prix Gabon\" width=\"783\" height=\"584\" srcset=\"https:\/\/www.todaykhoe.com\/wp-content\/uploads\/2025\/09\/Hemoherbe-Prix-Gabon.png 783w, https:\/\/www.todaykhoe.com\/wp-content\/uploads\/2025\/09\/Hemoherbe-Prix-Gabon-300x224.png 300w, https:\/\/www.todaykhoe.com\/wp-content\/uploads\/2025\/09\/Hemoherbe-Prix-Gabon-768x573.png 768w, https:\/\/www.todaykhoe.com\/wp-content\/uploads\/2025\/09\/Hemoherbe-Prix-Gabon-600x448.png 600w\" sizes=\"auto, (max-width: 783px) 100vw, 783px\" \/><\/a><\/p>\n","protected":false},"excerpt":{"rendered":"<p><span style=\"font-size: 18pt;\"><strong>Poudre pour les h\u00e9morro\u00efdes\u00a0: sympt\u00f4mes, traitement et pr\u00e9vention<\/strong><\/span><\/p>\n<ul>\n<li>Vous pouvez payer en esp\u00e8ces ou par carte bancaire \u00e0 la r\u00e9ception.<\/li>\n<li>Livraison en 2 \u00e0 3 jours, dur\u00e9e de conservation jusqu&#8217;\u00e0 5 jours.<\/li>\n<li>Vous pouvez vous faire livrer votre colis \u00e0 domicile ou \u00e0 la Poste. Vous pouvez \u00e9galement le faire livrer gratuitement par t\u00e9l\u00e9phone avec l&#8217;op\u00e9rateur.<\/li>\n<\/ul>\n<p><strong><a href=\"https:\/\/todaykhoe.com\/acheter-hemoherbe-ga\"><span class=\"HwtZe\" lang=\"fr\"><span class=\"jCAhz ChMk0b\"><span class=\"ryNqvb\">CONTACT POUR TOUT &#8211; PAIEMENT \u00c0 LA LIVRAISON DISPONIBLE<\/span><\/span><\/span><\/a><\/strong><\/p>\n","protected":false},"featured_media":157798,"comment_status":"open","ping_status":"closed","template":"","meta":[],"product_brand":[],"product_cat":[440],"product_tag":[],"class_list":{"0":"post-157797","1":"product","2":"type-product","3":"status-publish","4":"has-post-thumbnail","6":"product_cat-sante","8":"first","9":"instock","10":"shipping-taxable","11":"product-type-external"},"yoast_head":"<!-- This site is optimized with the Yoast SEO plugin v27.3 - https:\/\/yoast.com\/product\/yoast-seo-wordpress\/ -->\n<title>Hemoherbe Prix Gabon: Poudre pour les h\u00e9morro\u00efdes! Lire Avis<\/title>\n<meta name=\"description\" content=\"Hemoherbe Prix Gabon: Poudre pour les h\u00e9morro\u00efdes! Lire Avis, Avantages, effets secondaires, ingr\u00e9dients, avis des utilisateurs et acheter au Gabon.\" \/>\n<meta name=\"robots\" content=\"index, follow, max-snippet:-1, max-image-preview:large, max-video-preview:-1\" \/>\n<link rel=\"canonical\" href=\"https:\/\/www.todaykhoe.com\/product\/hemoherbe-prix-gabon\/\" \/>\n<meta property=\"og:locale\" content=\"vi_VN\" \/>\n<meta property=\"og:type\" content=\"article\" \/>\n<meta property=\"og:title\" content=\"Hemoherbe Prix Gabon: Poudre pour les h\u00e9morro\u00efdes! Lire Avis\" \/>\n<meta property=\"og:description\" content=\"Hemoherbe Prix Gabon: Poudre pour les h\u00e9morro\u00efdes! Lire Avis, Avantages, effets secondaires, ingr\u00e9dients, avis des utilisateurs et acheter au Gabon.\" \/>\n<meta property=\"og:url\" content=\"https:\/\/www.todaykhoe.com\/product\/hemoherbe-prix-gabon\/\" \/>\n<meta property=\"og:site_name\" content=\"TodayKh\u1ecfe.Com\" \/>\n<meta property=\"article:modified_time\" content=\"2025-09-24T14:57:23+00:00\" \/>\n<meta property=\"og:image\" content=\"https:\/\/www.todaykhoe.com\/wp-content\/uploads\/2025\/09\/Hemoherbe-Gabon.png\" \/>\n\t<meta property=\"og:image:width\" content=\"433\" \/>\n\t<meta property=\"og:image:height\" content=\"445\" \/>\n\t<meta property=\"og:image:type\" content=\"image\/png\" \/>\n<meta name=\"twitter:card\" content=\"summary_large_image\" \/>\n<meta name=\"twitter:label1\" content=\"Est. reading time\" \/>\n\t<meta name=\"twitter:data1\" content=\"8 minutes\" \/>\n<script type=\"application\/ld+json\" class=\"yoast-schema-graph\">{\"@context\":\"https:\\\/\\\/schema.org\",\"@graph\":[{\"@type\":\"WebPage\",\"@id\":\"https:\\\/\\\/www.todaykhoe.com\\\/product\\\/hemoherbe-prix-gabon\\\/\",\"url\":\"https:\\\/\\\/www.todaykhoe.com\\\/product\\\/hemoherbe-prix-gabon\\\/\",\"name\":\"Hemoherbe Prix Gabon: Poudre pour les h\u00e9morro\u00efdes! Lire Avis\",\"isPartOf\":{\"@id\":\"https:\\\/\\\/www.todaykhoe.com\\\/#website\"},\"primaryImageOfPage\":{\"@id\":\"https:\\\/\\\/www.todaykhoe.com\\\/product\\\/hemoherbe-prix-gabon\\\/#primaryimage\"},\"image\":{\"@id\":\"https:\\\/\\\/www.todaykhoe.com\\\/product\\\/hemoherbe-prix-gabon\\\/#primaryimage\"},\"thumbnailUrl\":\"https:\\\/\\\/www.todaykhoe.com\\\/wp-content\\\/uploads\\\/2025\\\/09\\\/Hemoherbe-Gabon.png\",\"datePublished\":\"2025-09-24T14:55:53+00:00\",\"dateModified\":\"2025-09-24T14:57:23+00:00\",\"description\":\"Hemoherbe Prix Gabon: Poudre pour les h\u00e9morro\u00efdes! Lire Avis, Avantages, effets secondaires, ingr\u00e9dients, avis des utilisateurs et acheter au Gabon.\",\"breadcrumb\":{\"@id\":\"https:\\\/\\\/www.todaykhoe.com\\\/product\\\/hemoherbe-prix-gabon\\\/#breadcrumb\"},\"inLanguage\":\"vi-VN\",\"potentialAction\":[{\"@type\":\"ReadAction\",\"target\":[\"https:\\\/\\\/www.todaykhoe.com\\\/product\\\/hemoherbe-prix-gabon\\\/\"]}]},{\"@type\":\"ImageObject\",\"inLanguage\":\"vi-VN\",\"@id\":\"https:\\\/\\\/www.todaykhoe.com\\\/product\\\/hemoherbe-prix-gabon\\\/#primaryimage\",\"url\":\"https:\\\/\\\/www.todaykhoe.com\\\/wp-content\\\/uploads\\\/2025\\\/09\\\/Hemoherbe-Gabon.png\",\"contentUrl\":\"https:\\\/\\\/www.todaykhoe.com\\\/wp-content\\\/uploads\\\/2025\\\/09\\\/Hemoherbe-Gabon.png\",\"width\":433,\"height\":445,\"caption\":\"Hemoherbe Gabon\"},{\"@type\":\"BreadcrumbList\",\"@id\":\"https:\\\/\\\/www.todaykhoe.com\\\/product\\\/hemoherbe-prix-gabon\\\/#breadcrumb\",\"itemListElement\":[{\"@type\":\"ListItem\",\"position\":1,\"name\":\"Home\",\"item\":\"https:\\\/\\\/www.todaykhoe.com\\\/\"},{\"@type\":\"ListItem\",\"position\":2,\"name\":\"Shop\",\"item\":\"https:\\\/\\\/www.todaykhoe.com\\\/shop\\\/\"},{\"@type\":\"ListItem\",\"position\":3,\"name\":\"Hemoherbe Prix Gabon\"}]},{\"@type\":\"WebSite\",\"@id\":\"https:\\\/\\\/www.todaykhoe.com\\\/#website\",\"url\":\"https:\\\/\\\/www.todaykhoe.com\\\/\",\"name\":\"TodayKh\u1ecfe.Com\",\"description\":\"Healthy Today, Fitness, Nutrition, Beauty, News!\",\"publisher\":{\"@id\":\"https:\\\/\\\/www.todaykhoe.com\\\/#organization\"},\"potentialAction\":[{\"@type\":\"SearchAction\",\"target\":{\"@type\":\"EntryPoint\",\"urlTemplate\":\"https:\\\/\\\/www.todaykhoe.com\\\/?s={search_term_string}\"},\"query-input\":{\"@type\":\"PropertyValueSpecification\",\"valueRequired\":true,\"valueName\":\"search_term_string\"}}],\"inLanguage\":\"vi-VN\"},{\"@type\":\"Organization\",\"@id\":\"https:\\\/\\\/www.todaykhoe.com\\\/#organization\",\"name\":\"TodayKh\u1ecfe.Com\",\"url\":\"https:\\\/\\\/www.todaykhoe.com\\\/\",\"logo\":{\"@type\":\"ImageObject\",\"inLanguage\":\"vi-VN\",\"@id\":\"https:\\\/\\\/www.todaykhoe.com\\\/#\\\/schema\\\/logo\\\/image\\\/\",\"url\":\"https:\\\/\\\/www.todaykhoe.com\\\/wp-content\\\/uploads\\\/2025\\\/04\\\/Todaykhoe.png\",\"contentUrl\":\"https:\\\/\\\/www.todaykhoe.com\\\/wp-content\\\/uploads\\\/2025\\\/04\\\/Todaykhoe.png\",\"width\":706,\"height\":159,\"caption\":\"TodayKh\u1ecfe.Com\"},\"image\":{\"@id\":\"https:\\\/\\\/www.todaykhoe.com\\\/#\\\/schema\\\/logo\\\/image\\\/\"}}]}<\/script>\n<!-- \/ Yoast SEO plugin. -->","yoast_head_json":{"title":"Hemoherbe Prix Gabon: Poudre pour les h\u00e9morro\u00efdes! Lire Avis","description":"Hemoherbe Prix Gabon: Poudre pour les h\u00e9morro\u00efdes! Lire Avis, Avantages, effets secondaires, ingr\u00e9dients, avis des utilisateurs et acheter au Gabon.","robots":{"index":"index","follow":"follow","max-snippet":"max-snippet:-1","max-image-preview":"max-image-preview:large","max-video-preview":"max-video-preview:-1"},"canonical":"https:\/\/www.todaykhoe.com\/product\/hemoherbe-prix-gabon\/","og_locale":"vi_VN","og_type":"article","og_title":"Hemoherbe Prix Gabon: Poudre pour les h\u00e9morro\u00efdes! Lire Avis","og_description":"Hemoherbe Prix Gabon: Poudre pour les h\u00e9morro\u00efdes! Lire Avis, Avantages, effets secondaires, ingr\u00e9dients, avis des utilisateurs et acheter au Gabon.","og_url":"https:\/\/www.todaykhoe.com\/product\/hemoherbe-prix-gabon\/","og_site_name":"TodayKh\u1ecfe.Com","article_modified_time":"2025-09-24T14:57:23+00:00","og_image":[{"width":433,"height":445,"url":"https:\/\/www.todaykhoe.com\/wp-content\/uploads\/2025\/09\/Hemoherbe-Gabon.png","type":"image\/png"}],"twitter_card":"summary_large_image","twitter_misc":{"Est. reading time":"8 minutes"},"schema":{"@context":"https:\/\/schema.org","@graph":[{"@type":"WebPage","@id":"https:\/\/www.todaykhoe.com\/product\/hemoherbe-prix-gabon\/","url":"https:\/\/www.todaykhoe.com\/product\/hemoherbe-prix-gabon\/","name":"Hemoherbe Prix Gabon: Poudre pour les h\u00e9morro\u00efdes! Lire Avis","isPartOf":{"@id":"https:\/\/www.todaykhoe.com\/#website"},"primaryImageOfPage":{"@id":"https:\/\/www.todaykhoe.com\/product\/hemoherbe-prix-gabon\/#primaryimage"},"image":{"@id":"https:\/\/www.todaykhoe.com\/product\/hemoherbe-prix-gabon\/#primaryimage"},"thumbnailUrl":"https:\/\/www.todaykhoe.com\/wp-content\/uploads\/2025\/09\/Hemoherbe-Gabon.png","datePublished":"2025-09-24T14:55:53+00:00","dateModified":"2025-09-24T14:57:23+00:00","description":"Hemoherbe Prix Gabon: Poudre pour les h\u00e9morro\u00efdes! Lire Avis, Avantages, effets secondaires, ingr\u00e9dients, avis des utilisateurs et acheter au Gabon.","breadcrumb":{"@id":"https:\/\/www.todaykhoe.com\/product\/hemoherbe-prix-gabon\/#breadcrumb"},"inLanguage":"vi-VN","potentialAction":[{"@type":"ReadAction","target":["https:\/\/www.todaykhoe.com\/product\/hemoherbe-prix-gabon\/"]}]},{"@type":"ImageObject","inLanguage":"vi-VN","@id":"https:\/\/www.todaykhoe.com\/product\/hemoherbe-prix-gabon\/#primaryimage","url":"https:\/\/www.todaykhoe.com\/wp-content\/uploads\/2025\/09\/Hemoherbe-Gabon.png","contentUrl":"https:\/\/www.todaykhoe.com\/wp-content\/uploads\/2025\/09\/Hemoherbe-Gabon.png","width":433,"height":445,"caption":"Hemoherbe Gabon"},{"@type":"BreadcrumbList","@id":"https:\/\/www.todaykhoe.com\/product\/hemoherbe-prix-gabon\/#breadcrumb","itemListElement":[{"@type":"ListItem","position":1,"name":"Home","item":"https:\/\/www.todaykhoe.com\/"},{"@type":"ListItem","position":2,"name":"Shop","item":"https:\/\/www.todaykhoe.com\/shop\/"},{"@type":"ListItem","position":3,"name":"Hemoherbe Prix Gabon"}]},{"@type":"WebSite","@id":"https:\/\/www.todaykhoe.com\/#website","url":"https:\/\/www.todaykhoe.com\/","name":"TodayKh\u1ecfe.Com","description":"Healthy Today, Fitness, Nutrition, Beauty, News!","publisher":{"@id":"https:\/\/www.todaykhoe.com\/#organization"},"potentialAction":[{"@type":"SearchAction","target":{"@type":"EntryPoint","urlTemplate":"https:\/\/www.todaykhoe.com\/?s={search_term_string}"},"query-input":{"@type":"PropertyValueSpecification","valueRequired":true,"valueName":"search_term_string"}}],"inLanguage":"vi-VN"},{"@type":"Organization","@id":"https:\/\/www.todaykhoe.com\/#organization","name":"TodayKh\u1ecfe.Com","url":"https:\/\/www.todaykhoe.com\/","logo":{"@type":"ImageObject","inLanguage":"vi-VN","@id":"https:\/\/www.todaykhoe.com\/#\/schema\/logo\/image\/","url":"https:\/\/www.todaykhoe.com\/wp-content\/uploads\/2025\/04\/Todaykhoe.png","contentUrl":"https:\/\/www.todaykhoe.com\/wp-content\/uploads\/2025\/04\/Todaykhoe.png","width":706,"height":159,"caption":"TodayKh\u1ecfe.Com"},"image":{"@id":"https:\/\/www.todaykhoe.com\/#\/schema\/logo\/image\/"}}]}},"_links":{"self":[{"href":"https:\/\/www.todaykhoe.com\/vi\/wp-json\/wp\/v2\/product\/157797","targetHints":{"allow":["GET"]}}],"collection":[{"href":"https:\/\/www.todaykhoe.com\/vi\/wp-json\/wp\/v2\/product"}],"about":[{"href":"https:\/\/www.todaykhoe.com\/vi\/wp-json\/wp\/v2\/types\/product"}],"replies":[{"embeddable":true,"href":"https:\/\/www.todaykhoe.com\/vi\/wp-json\/wp\/v2\/comments?post=157797"}],"wp:featuredmedia":[{"embeddable":true,"href":"https:\/\/www.todaykhoe.com\/vi\/wp-json\/wp\/v2\/media\/157798"}],"wp:attachment":[{"href":"https:\/\/www.todaykhoe.com\/vi\/wp-json\/wp\/v2\/media?parent=157797"}],"wp:term":[{"taxonomy":"product_brand","embeddable":true,"href":"https:\/\/www.todaykhoe.com\/vi\/wp-json\/wp\/v2\/product_brand?post=157797"},{"taxonomy":"product_cat","embeddable":true,"href":"https:\/\/www.todaykhoe.com\/vi\/wp-json\/wp\/v2\/product_cat?post=157797"},{"taxonomy":"product_tag","embeddable":true,"href":"https:\/\/www.todaykhoe.com\/vi\/wp-json\/wp\/v2\/product_tag?post=157797"}],"curies":[{"name":"wp","href":"https:\/\/api.w.org\/{rel}","templated":true}]}}