{"id":152641,"date":"2025-08-18T13:03:36","date_gmt":"2025-08-18T13:03:36","guid":{"rendered":"https:\/\/todaykhoe.com\/?post_type=product&#038;p=152641"},"modified":"2025-08-18T13:04:10","modified_gmt":"2025-08-18T13:04:10","slug":"prostaktiv-preis-switzerland","status":"publish","type":"product","link":"https:\/\/www.todaykhoe.com\/vi\/product\/prostaktiv-preis-switzerland\/","title":{"rendered":"ProstAktiv Prix"},"content":{"rendered":"<p><a href=\"https:\/\/todaykhoe.com\/product\/prostaktiv-preis-switzerland\/\">ProstAktiv<\/a> unterst\u00fctzt die Gesundheit der Prostata, den Harnfluss und die m\u00e4nnliche Vitalit\u00e4t. Indische M\u00e4nner erhalten klinisch erprobte Vitamine, Mineralstoffe und Pflanzenextrakte in jeder Kapsel. Zink, Selen, Lycopin und Vitamin E in ProstAktiv reduzieren Prostataentz\u00fcndungen und steigern die Energie. Die einfache Einnahme einer Tablette morgens und einer nach den Mahlzeiten ist einfach. Das moderne ProstAktiv wirkt. Tausende Inder vertrauen auf dieses sichere, wirksame und langfristige Vitamin f\u00fcr die M\u00e4nnergesundheit. ProstAktiv Prostate Support Formula, Indiens bew\u00e4hrtes Nahrungserg\u00e4nzungsmittel f\u00fcr Prostatagesundheit, Harnfluss und M\u00e4nnergesundheit, ist nat\u00fcrlich und f\u00fcr die t\u00e4gliche Anwendung geeignet.<\/p>\n<ul>\n<li>Reduziert Prostataentz\u00fcndungen<\/li>\n<li>Reduziert Brennen und Beschwerden in der Harnr\u00f6hre<\/li>\n<li>Beugt Prostatakrebs vor<\/li>\n<li>St\u00e4rkt die Erektion<\/li>\n<\/ul>\n<p style=\"text-align: center;\"><a href=\"https:\/\/todaykhoe.com\/kaufen-prostaktiv-ch\"><span style=\"font-size: 24pt;\"><strong>KONTAKT F\u00dcR ALLES &#8211; NACHNAHME M\u00d6GLICH<\/strong><\/span><\/a><\/p>\n<h3>Symptome einer Prostatitis<\/h3>\n<ul>\n<li>Rektum-Hodensack-Schmerzen<\/li>\n<li>H\u00e4ufigerer Toilettengang<\/li>\n<li>Durchfall\/Verstopfung<\/li>\n<li>Desinteresse an Sex<\/li>\n<li>Ursachen beim Urinieren und Ejakulieren<\/li>\n<li>Schwache Erektion<\/li>\n<li>Blutiges Sperma und Urin<\/li>\n<li>Hoden-\/Penisschmerzen<\/li>\n<\/ul>\n<h3>Warum ProstAktiv?<\/h3>\n<ul>\n<li>Lindert Prostataschmerzen und -schwellungen.<\/li>\n<li>Verbessert den Harnfluss \u2013 Reduziert h\u00e4ufiges, unangenehmes oder unterbrochenes Wasserlassen.<\/li>\n<li>Reduziert Juckreiz, Brennen und Prostataschmerzen.<\/li>\n<li>Eine verkleinerte Prostata f\u00f6rdert das Wasserlassen.<\/li>\n<li>Sicher, wirksam, suchtfrei. Anwendungsempfehlung:<\/li>\n<\/ul>\n<p>Nehmen Sie morgens und abends je eine Tablette nach den Mahlzeiten ein.<\/p>\n<p>Haben Sie h\u00e4ufige Toiletteng\u00e4nge, Beschwerden oder schwachen Urin? ProstAktiv lindert Entz\u00fcndungen und Schmerzen und st\u00e4rkt das Selbstvertrauen und die Harnfunktion.<\/p>\n<p>Prostatapflege f\u00fcr Senioren wirkt sich positiv auf die Gesundheit aus. Eine sorgf\u00e4ltig entwickelte Vitamin- und Mineralstoffmischung in ProstAktiv-Tabletten verbessert die Prostatafunktion, Entz\u00fcndungen und die Harngesundheit. Dieses Vitamin reduziert regelm\u00e4\u00dfig Harnfluss, Schmerzen und Harnfluss. Die spezielle Mischung belebt, heilt und macht M\u00e4nner munter.<\/p>\n<p>ProstAktiv zeichnet sich durch Beta-Sitosterol, Lycopin und Vitamine aus. Medikamente, die oxidativen Stress, Prostatahypertrophie und Hormonst\u00f6rungen minimieren, helfen M\u00e4nnern.<\/p>\n<p>Die Anwendung von ProstAktiv ist ganz einfach: eine Kapsel morgens und eine nach den Mahlzeiten. Jede Packung enth\u00e4lt 20 Tabletten. Eine gesunde Ern\u00e4hrung und dieses Nahrungserg\u00e4nzungsmittel unterst\u00fctzen die Gesundheit der Prostata. F\u00fcr ein optimales Leben sollten Sie ProstAktiv t\u00e4glich anwenden, um Beschwerden zu lindern und die Harnfunktion zu verbessern.<\/p>\n<p style=\"text-align: center;\"><span style=\"font-size: 24pt;\"><a href=\"https:\/\/todaykhoe.com\/kaufen-prostaktiv-ch\"><strong>KONTAKT F\u00dcR ALLES &#8211; NACHNAHME M\u00d6GLICH<\/strong><\/a><\/span><\/p>\n<h3>Die erstaunliche ProstAktiv-Formel<\/h3>\n<p>ProstAktiv lindert Prostatitis auf nat\u00fcrliche Weise. Ergebnisse einer 10-j\u00e4hrigen Forschung! Drei Schritte wurden zur Behandlung von Prostatitis vorgeschlagen:<\/p>\n<p><strong>R\u00fccken-, Bauch- und Leistenschmerzen verschwinden in Phase 1.<\/strong><br \/>\nDie Wirkstoffe von ProstAktiv reparieren die Prostata innerhalb von 7 Tagen. Durch die Reinigung und Freisetzung von Mikroorganismen wird die Prostata entlastet.<\/p>\n<p><strong>Phase 2 stabilisiert den Urin und reduziert Reizungen.<\/strong><br \/>\nIn der zweiten Woche ist die Harnr\u00f6hre frei und schmerzfrei. Die Gesundheit der Prostata hat sich deutlich verbessert. Unser K\u00f6rper zerst\u00f6rt die meisten Prostatabakterien.<\/p>\n<p><strong>Dritte Phase: Normale Erektion, k\u00f6rperliche Erholung, keine Prostatitis.<\/strong><br \/>\nDie leistungsstarken Inhaltsstoffe von ProstAktiv minimieren Entz\u00fcndungen und Bakterien und bringen die Prostata wieder ins Gleichgewicht. Die Prostata produziert sicher alkalische Fl\u00fcssigkeit, um Erektionen zu regulieren und die Fortpflanzungsfunktion zu regenerieren.<\/p>\n<h3>Anwendungsempfehlung<\/h3>\n<p>Nehmen Sie morgens und abends je eine Tablette nach den Mahlzeiten ein.<\/p>\n<h3>Bek\u00e4mpfen Sie Prostatitis mit ProstAktiv!<\/h3>\n<ul>\n<li>Beseitigt Prostatitis<\/li>\n<li>Unblutiger Urin, Sperma und Libido werden ohne Nebenwirkungen gesteigert.<\/li>\n<\/ul>\n<p>Drei schnelle Techniken zur Beseitigung von Prostatitis und Wiederherstellung der M\u00e4nnlichkeit! Das Produkt reduziert Prostataentz\u00fcndungen und alle Ursachen der benignen Prostatahyperplasie (BPH). Behandeln Sie Prostatitis ohne Operation und stellen Sie die sexuelle Funktion wieder her!<\/p>\n<h3>Wichtige Informationen<\/h3>\n<p>Der Silicagelbeutel sollte nicht entfernt oder gegessen werden, um Feuchtigkeit in der Flasche zu vermeiden.<\/p>\n<h3>Allergisch gegen Inhaltsstoffe?<\/h3>\n<ul>\n<li>Vermeiden.<\/li>\n<li>Nicht f\u00fcr Kinder oder Schwangere geeignet.<\/li>\n<li>Nicht \u00fcberdosieren.<\/li>\n<li>F\u00fcr Kinder unzug\u00e4nglich aufbewahren.<\/li>\n<li>Produkte mit besch\u00e4digtem Siegel vermeiden.<\/li>\n<li>Es dient weder der Diagnose, Behandlung, Heilung noch der Vorbeugung von Krankheiten und sollte keine abwechslungsreiche Ern\u00e4hrung ersetzen.<\/li>\n<\/ul>\n<h3>Verpackungsinformationen<\/h3>\n<ul>\n<li>Vollst\u00e4ndige Prostataunterst\u00fctzung: 20 Tabletten pro Flasche.<\/li>\n<li>Halten Sie Ihre Prostata gesund!<\/li>\n<\/ul>\n<p>Machen Sie sich keine Sorgen wegen Prostatabeschwerden. ProstAktiv verbessert Gesundheit, Selbstvertrauen und Wohlbefinden. Profitieren Sie von den Vorteilen f\u00fcr Ihre Prostatagesundheit!<\/p>\n<p style=\"text-align: center;\"><span style=\"font-size: 24pt;\"><a href=\"https:\/\/todaykhoe.com\/kaufen-prostaktiv-ch\"><strong>KONTAKT F\u00dcR ALLES &#8211; NACHNAHME M\u00d6GLICH<\/strong><\/a><\/span><\/p>\n<h3>Wie bestellen?<\/h3>\n<ul>\n<li>F\u00fcllen Sie das Bestellformular aus.<\/li>\n<li>\u00dcberpr\u00fcfen Sie Lieferart, Datum und Adresse.<\/li>\n<li>Produkt- und Zahlungsbeleg<\/li>\n<li>Bestellungen werden innerhalb von 2-3 Tagen geliefert.<\/li>\n<li>Bezahlen Sie per Nachnahme.<\/li>\n<li>100 % diskrete Verpackung, schnelle Lieferung, Zahlung nach Erhalt.<\/li>\n<\/ul>\n<h3>FAQ<\/h3>\n<p><strong>Welches ProstAktiv?<\/strong><\/p>\n<p>ProstAktiv ist eine neuartige dreistufige Behandlung von Prostatitis. Wirkstoffe dringen tief ein und heilen geschwollene Prostatazellen. Regulieren die Prostatagr\u00f6\u00dfe.<\/p>\n<p><strong>Optimale Anwendung von ProstAktiv?<\/strong><\/p>\n<p><strong>Mindestens 21 Tage<\/strong><\/p>\n<ul>\n<li>Nehmen Sie dreimal t\u00e4glich 1 Kapsel nach den Mahlzeiten ein.<\/li>\n<li>Repariert die Prostata, normalisiert das Wasserlassen und beruhigt den Magen.<\/li>\n<\/ul>\n<p><strong>Idealer 2-Monats-Plan<\/strong><\/p>\n<ul>\n<li>Nehmen Sie dreimal t\u00e4glich 1 Kapsel nach den Mahlzeiten ein.<\/li>\n<li>Normales Wasserlassen, Wiederherstellung der Prostata, Linderung von Magenschmerzen, Steigerung der Libido, Heilung von Erektionsst\u00f6rungen, Spermatogenese, Verbesserung der Fruchtbarkeit.<\/li>\n<\/ul>\n<p><strong>Gibt es Nebenwirkungen?<\/strong><br \/>\nAllergenfrei Gic-Patienten k\u00f6nnen es verwenden. Klinische Produkttests sind sicher!<\/p>\n<p style=\"text-align: center;\"><span style=\"font-size: 24pt;\"><a href=\"https:\/\/todaykhoe.com\/kaufen-prostaktiv-ch\"><strong>KONTAKT F\u00dcR ALLES &#8211; NACHNAHME M\u00d6GLICH<\/strong><\/a><\/span><\/p>\n<h3>Prostatitis bei M\u00e4nnern gewinnt! Monatliche Feedback-Beispiele<\/h3>\n<blockquote><p><strong>Ich kann mir schmerzfreies Gehen nicht vorstellen. Beim Wasserlassen traten schmerzhafte Klingen aus meinem Penis. Nur ProstAktiv hat mein Problem geheilt. Ein wahres Wunder. Nach vier Wochen konnte ich wieder schmerzfrei urinieren. Landebert<\/strong><\/p>\n<p><strong>Operationen machen mir Sorgen. Ich war in der Urologie, daher wei\u00df ich, wie sich eine Lokalan\u00e4sthesie anf\u00fchlt. Deine Gef\u00fchlslosigkeit verr\u00e4t alles. Auf dem Boden sieht man das Skalpell des Arztes. Trotz meiner St\u00e4rke war die Armee ein Horror. Ich entschied mich f\u00fcr ProstAktiv, um Wiederholungen zu reduzieren. Die Wirkung trat nach drei Wochen ein. Keine Leistenschmerzen oder blutiger Urin mehr. Nico<\/strong><\/p>\n<p><strong>Mein Arzt empfahl ProstAktiv als einzige Behandlung f\u00fcr meine Magenschmerzen. Morgendliches Blut in der Unterhose ist seltsam. Wasserlassen tut am meisten weh. Ich habe weniger getrunken, um nicht mehr pinkeln zu m\u00fcssen. Innerhalb eines Monats war ich genesen. Keine Blutungen oder Schmerzen mehr. Simon<\/strong><\/p><\/blockquote>\n","protected":false},"excerpt":{"rendered":"<p><span style=\"font-size: 18pt;\"><strong>Symptome, Behandlung und Vorbeugung einer Prostatitis<\/strong><\/span><\/p>\n<ul>\n<li>Sie k\u00f6nnen bei Erhalt des Artikels bar oder mit Kreditkarte bezahlen.<\/li>\n<li>Lieferung in 2\u20133 Tagen, Haltbarkeit bis zu 5 Tagen.<\/li>\n<li>Sie k\u00f6nnen sich das Paket nach Hause oder zur Post liefern lassen. Sie k\u00f6nnen die Lieferung auch kostenlos telefonisch beim Mitarbeiter anfordern.<\/li>\n<\/ul>\n<p><a href=\"https:\/\/todaykhoe.com\/kaufen-prostaktiv-ch\"><strong>KONTAKT F\u00dcR ALLES &#8211; NACHNAHME M\u00d6GLICH<\/strong><\/a><\/p>\n","protected":false},"featured_media":152682,"comment_status":"open","ping_status":"closed","template":"","meta":[],"product_brand":[],"product_cat":[440],"product_tag":[],"class_list":{"0":"post-152641","1":"product","2":"type-product","3":"status-publish","4":"has-post-thumbnail","6":"product_cat-sante","8":"first","9":"instock","10":"shipping-taxable","11":"product-type-external"},"yoast_head":"<!-- This site is optimized with the Yoast SEO plugin v27.3 - https:\/\/yoast.com\/product\/yoast-seo-wordpress\/ -->\n<title>ProstAktiv Preis Switzerland - Was ist Prostatitis? Kapsel rezension<\/title>\n<meta name=\"description\" content=\"ProstAktiv Preis Switzerland - Was ist Prostatitis? Kapsel rezension, ProstAktiv, Ihre starke Waffe gegen Prostatitis! Wie kann ich bestellen? Schweiz\" \/>\n<meta name=\"robots\" content=\"index, follow, max-snippet:-1, max-image-preview:large, max-video-preview:-1\" \/>\n<link rel=\"canonical\" href=\"https:\/\/www.todaykhoe.com\/product\/prostaktiv-preis-switzerland\/\" \/>\n<meta property=\"og:locale\" content=\"vi_VN\" \/>\n<meta property=\"og:type\" content=\"article\" \/>\n<meta property=\"og:title\" content=\"ProstAktiv Preis Switzerland - Was ist Prostatitis? Kapsel rezension\" \/>\n<meta property=\"og:description\" content=\"ProstAktiv Preis Switzerland - Was ist Prostatitis? Kapsel rezension, ProstAktiv, Ihre starke Waffe gegen Prostatitis! Wie kann ich bestellen? Schweiz\" \/>\n<meta property=\"og:url\" content=\"https:\/\/www.todaykhoe.com\/product\/prostaktiv-preis-switzerland\/\" \/>\n<meta property=\"og:site_name\" content=\"TodayKh\u1ecfe.Com\" \/>\n<meta property=\"article:modified_time\" content=\"2025-08-18T13:04:10+00:00\" \/>\n<meta property=\"og:image\" content=\"https:\/\/www.todaykhoe.com\/wp-content\/uploads\/2025\/08\/ProstAktiv-Prix.png\" \/>\n\t<meta property=\"og:image:width\" content=\"407\" \/>\n\t<meta property=\"og:image:height\" content=\"496\" \/>\n\t<meta property=\"og:image:type\" content=\"image\/png\" \/>\n<meta name=\"twitter:card\" content=\"summary_large_image\" \/>\n<meta name=\"twitter:label1\" content=\"Est. reading time\" \/>\n\t<meta name=\"twitter:data1\" content=\"5 minutes\" \/>\n<script type=\"application\/ld+json\" class=\"yoast-schema-graph\">{\"@context\":\"https:\\\/\\\/schema.org\",\"@graph\":[{\"@type\":\"WebPage\",\"@id\":\"https:\\\/\\\/www.todaykhoe.com\\\/product\\\/prostaktiv-preis-switzerland\\\/\",\"url\":\"https:\\\/\\\/www.todaykhoe.com\\\/product\\\/prostaktiv-preis-switzerland\\\/\",\"name\":\"ProstAktiv Preis Switzerland - Was ist Prostatitis? Kapsel rezension\",\"isPartOf\":{\"@id\":\"https:\\\/\\\/www.todaykhoe.com\\\/#website\"},\"primaryImageOfPage\":{\"@id\":\"https:\\\/\\\/www.todaykhoe.com\\\/product\\\/prostaktiv-preis-switzerland\\\/#primaryimage\"},\"image\":{\"@id\":\"https:\\\/\\\/www.todaykhoe.com\\\/product\\\/prostaktiv-preis-switzerland\\\/#primaryimage\"},\"thumbnailUrl\":\"https:\\\/\\\/www.todaykhoe.com\\\/wp-content\\\/uploads\\\/2025\\\/08\\\/ProstAktiv-Prix.png\",\"datePublished\":\"2025-08-18T13:03:36+00:00\",\"dateModified\":\"2025-08-18T13:04:10+00:00\",\"description\":\"ProstAktiv Preis Switzerland - Was ist Prostatitis? Kapsel rezension, ProstAktiv, Ihre starke Waffe gegen Prostatitis! Wie kann ich bestellen? Schweiz\",\"breadcrumb\":{\"@id\":\"https:\\\/\\\/www.todaykhoe.com\\\/product\\\/prostaktiv-preis-switzerland\\\/#breadcrumb\"},\"inLanguage\":\"vi-VN\",\"potentialAction\":[{\"@type\":\"ReadAction\",\"target\":[\"https:\\\/\\\/www.todaykhoe.com\\\/product\\\/prostaktiv-preis-switzerland\\\/\"]}]},{\"@type\":\"ImageObject\",\"inLanguage\":\"vi-VN\",\"@id\":\"https:\\\/\\\/www.todaykhoe.com\\\/product\\\/prostaktiv-preis-switzerland\\\/#primaryimage\",\"url\":\"https:\\\/\\\/www.todaykhoe.com\\\/wp-content\\\/uploads\\\/2025\\\/08\\\/ProstAktiv-Prix.png\",\"contentUrl\":\"https:\\\/\\\/www.todaykhoe.com\\\/wp-content\\\/uploads\\\/2025\\\/08\\\/ProstAktiv-Prix.png\",\"width\":407,\"height\":496,\"caption\":\"ProstAktiv Prix Switzerland\"},{\"@type\":\"BreadcrumbList\",\"@id\":\"https:\\\/\\\/www.todaykhoe.com\\\/product\\\/prostaktiv-preis-switzerland\\\/#breadcrumb\",\"itemListElement\":[{\"@type\":\"ListItem\",\"position\":1,\"name\":\"Home\",\"item\":\"https:\\\/\\\/www.todaykhoe.com\\\/\"},{\"@type\":\"ListItem\",\"position\":2,\"name\":\"Shop\",\"item\":\"https:\\\/\\\/www.todaykhoe.com\\\/shop\\\/\"},{\"@type\":\"ListItem\",\"position\":3,\"name\":\"ProstAktiv Prix\"}]},{\"@type\":\"WebSite\",\"@id\":\"https:\\\/\\\/www.todaykhoe.com\\\/#website\",\"url\":\"https:\\\/\\\/www.todaykhoe.com\\\/\",\"name\":\"TodayKh\u1ecfe.Com\",\"description\":\"Healthy Today, Fitness, Nutrition, Beauty, News!\",\"publisher\":{\"@id\":\"https:\\\/\\\/www.todaykhoe.com\\\/#organization\"},\"potentialAction\":[{\"@type\":\"SearchAction\",\"target\":{\"@type\":\"EntryPoint\",\"urlTemplate\":\"https:\\\/\\\/www.todaykhoe.com\\\/?s={search_term_string}\"},\"query-input\":{\"@type\":\"PropertyValueSpecification\",\"valueRequired\":true,\"valueName\":\"search_term_string\"}}],\"inLanguage\":\"vi-VN\"},{\"@type\":\"Organization\",\"@id\":\"https:\\\/\\\/www.todaykhoe.com\\\/#organization\",\"name\":\"TodayKh\u1ecfe.Com\",\"url\":\"https:\\\/\\\/www.todaykhoe.com\\\/\",\"logo\":{\"@type\":\"ImageObject\",\"inLanguage\":\"vi-VN\",\"@id\":\"https:\\\/\\\/www.todaykhoe.com\\\/#\\\/schema\\\/logo\\\/image\\\/\",\"url\":\"https:\\\/\\\/www.todaykhoe.com\\\/wp-content\\\/uploads\\\/2025\\\/04\\\/Todaykhoe.png\",\"contentUrl\":\"https:\\\/\\\/www.todaykhoe.com\\\/wp-content\\\/uploads\\\/2025\\\/04\\\/Todaykhoe.png\",\"width\":706,\"height\":159,\"caption\":\"TodayKh\u1ecfe.Com\"},\"image\":{\"@id\":\"https:\\\/\\\/www.todaykhoe.com\\\/#\\\/schema\\\/logo\\\/image\\\/\"}}]}<\/script>\n<!-- \/ Yoast SEO plugin. -->","yoast_head_json":{"title":"ProstAktiv Preis Switzerland - Was ist Prostatitis? Kapsel rezension","description":"ProstAktiv Preis Switzerland - Was ist Prostatitis? Kapsel rezension, ProstAktiv, Ihre starke Waffe gegen Prostatitis! Wie kann ich bestellen? Schweiz","robots":{"index":"index","follow":"follow","max-snippet":"max-snippet:-1","max-image-preview":"max-image-preview:large","max-video-preview":"max-video-preview:-1"},"canonical":"https:\/\/www.todaykhoe.com\/product\/prostaktiv-preis-switzerland\/","og_locale":"vi_VN","og_type":"article","og_title":"ProstAktiv Preis Switzerland - Was ist Prostatitis? Kapsel rezension","og_description":"ProstAktiv Preis Switzerland - Was ist Prostatitis? Kapsel rezension, ProstAktiv, Ihre starke Waffe gegen Prostatitis! Wie kann ich bestellen? Schweiz","og_url":"https:\/\/www.todaykhoe.com\/product\/prostaktiv-preis-switzerland\/","og_site_name":"TodayKh\u1ecfe.Com","article_modified_time":"2025-08-18T13:04:10+00:00","og_image":[{"width":407,"height":496,"url":"https:\/\/www.todaykhoe.com\/wp-content\/uploads\/2025\/08\/ProstAktiv-Prix.png","type":"image\/png"}],"twitter_card":"summary_large_image","twitter_misc":{"Est. reading time":"5 minutes"},"schema":{"@context":"https:\/\/schema.org","@graph":[{"@type":"WebPage","@id":"https:\/\/www.todaykhoe.com\/product\/prostaktiv-preis-switzerland\/","url":"https:\/\/www.todaykhoe.com\/product\/prostaktiv-preis-switzerland\/","name":"ProstAktiv Preis Switzerland - Was ist Prostatitis? Kapsel rezension","isPartOf":{"@id":"https:\/\/www.todaykhoe.com\/#website"},"primaryImageOfPage":{"@id":"https:\/\/www.todaykhoe.com\/product\/prostaktiv-preis-switzerland\/#primaryimage"},"image":{"@id":"https:\/\/www.todaykhoe.com\/product\/prostaktiv-preis-switzerland\/#primaryimage"},"thumbnailUrl":"https:\/\/www.todaykhoe.com\/wp-content\/uploads\/2025\/08\/ProstAktiv-Prix.png","datePublished":"2025-08-18T13:03:36+00:00","dateModified":"2025-08-18T13:04:10+00:00","description":"ProstAktiv Preis Switzerland - Was ist Prostatitis? Kapsel rezension, ProstAktiv, Ihre starke Waffe gegen Prostatitis! Wie kann ich bestellen? Schweiz","breadcrumb":{"@id":"https:\/\/www.todaykhoe.com\/product\/prostaktiv-preis-switzerland\/#breadcrumb"},"inLanguage":"vi-VN","potentialAction":[{"@type":"ReadAction","target":["https:\/\/www.todaykhoe.com\/product\/prostaktiv-preis-switzerland\/"]}]},{"@type":"ImageObject","inLanguage":"vi-VN","@id":"https:\/\/www.todaykhoe.com\/product\/prostaktiv-preis-switzerland\/#primaryimage","url":"https:\/\/www.todaykhoe.com\/wp-content\/uploads\/2025\/08\/ProstAktiv-Prix.png","contentUrl":"https:\/\/www.todaykhoe.com\/wp-content\/uploads\/2025\/08\/ProstAktiv-Prix.png","width":407,"height":496,"caption":"ProstAktiv Prix Switzerland"},{"@type":"BreadcrumbList","@id":"https:\/\/www.todaykhoe.com\/product\/prostaktiv-preis-switzerland\/#breadcrumb","itemListElement":[{"@type":"ListItem","position":1,"name":"Home","item":"https:\/\/www.todaykhoe.com\/"},{"@type":"ListItem","position":2,"name":"Shop","item":"https:\/\/www.todaykhoe.com\/shop\/"},{"@type":"ListItem","position":3,"name":"ProstAktiv Prix"}]},{"@type":"WebSite","@id":"https:\/\/www.todaykhoe.com\/#website","url":"https:\/\/www.todaykhoe.com\/","name":"TodayKh\u1ecfe.Com","description":"Healthy Today, Fitness, Nutrition, Beauty, News!","publisher":{"@id":"https:\/\/www.todaykhoe.com\/#organization"},"potentialAction":[{"@type":"SearchAction","target":{"@type":"EntryPoint","urlTemplate":"https:\/\/www.todaykhoe.com\/?s={search_term_string}"},"query-input":{"@type":"PropertyValueSpecification","valueRequired":true,"valueName":"search_term_string"}}],"inLanguage":"vi-VN"},{"@type":"Organization","@id":"https:\/\/www.todaykhoe.com\/#organization","name":"TodayKh\u1ecfe.Com","url":"https:\/\/www.todaykhoe.com\/","logo":{"@type":"ImageObject","inLanguage":"vi-VN","@id":"https:\/\/www.todaykhoe.com\/#\/schema\/logo\/image\/","url":"https:\/\/www.todaykhoe.com\/wp-content\/uploads\/2025\/04\/Todaykhoe.png","contentUrl":"https:\/\/www.todaykhoe.com\/wp-content\/uploads\/2025\/04\/Todaykhoe.png","width":706,"height":159,"caption":"TodayKh\u1ecfe.Com"},"image":{"@id":"https:\/\/www.todaykhoe.com\/#\/schema\/logo\/image\/"}}]}},"_links":{"self":[{"href":"https:\/\/www.todaykhoe.com\/vi\/wp-json\/wp\/v2\/product\/152641","targetHints":{"allow":["GET"]}}],"collection":[{"href":"https:\/\/www.todaykhoe.com\/vi\/wp-json\/wp\/v2\/product"}],"about":[{"href":"https:\/\/www.todaykhoe.com\/vi\/wp-json\/wp\/v2\/types\/product"}],"replies":[{"embeddable":true,"href":"https:\/\/www.todaykhoe.com\/vi\/wp-json\/wp\/v2\/comments?post=152641"}],"wp:featuredmedia":[{"embeddable":true,"href":"https:\/\/www.todaykhoe.com\/vi\/wp-json\/wp\/v2\/media\/152682"}],"wp:attachment":[{"href":"https:\/\/www.todaykhoe.com\/vi\/wp-json\/wp\/v2\/media?parent=152641"}],"wp:term":[{"taxonomy":"product_brand","embeddable":true,"href":"https:\/\/www.todaykhoe.com\/vi\/wp-json\/wp\/v2\/product_brand?post=152641"},{"taxonomy":"product_cat","embeddable":true,"href":"https:\/\/www.todaykhoe.com\/vi\/wp-json\/wp\/v2\/product_cat?post=152641"},{"taxonomy":"product_tag","embeddable":true,"href":"https:\/\/www.todaykhoe.com\/vi\/wp-json\/wp\/v2\/product_tag?post=152641"}],"curies":[{"name":"wp","href":"https:\/\/api.w.org\/{rel}","templated":true}]}}