{"id":118316,"date":"2025-06-25T12:15:09","date_gmt":"2025-06-25T12:15:09","guid":{"rendered":"https:\/\/todaykhoe.com\/?post_type=product&#038;p=118316"},"modified":"2025-06-25T13:55:05","modified_gmt":"2025-06-25T13:55:05","slug":"biflex-gelules","status":"publish","type":"product","link":"https:\/\/www.todaykhoe.com\/vi\/product\/biflex-gelules\/","title":{"rendered":"BiFlex G\u00e9lules"},"content":{"rendered":"<p>Les capsules <a href=\"https:\/\/todaykhoe.com\/product\/biflex-gelules\/\"><b>BiFlex<\/b><\/a> soulagent l'arthrite, la surcharge musculaire et les douleurs osseuses. Ces m\u00e9dicaments biologiques, qui n\u00e9cessitent une position assise ou debout, pr\u00e9viennent les crampes, les raideurs des membres et l'inconfort apr\u00e8s de longues journ\u00e9es de travail. Consultez \u00e9galement les produits ci-dessous.<\/p>\n<p>La qualit\u00e9 et le contenu sont n\u00e9anmoins constants. Faites partie des S\u00e9n\u00e9galais et des S\u00e9n\u00e9galaises qui ont trouv\u00e9 un soulagement de la douleur. Commandez d\u00e8s aujourd'hui sur le site officiel et b\u00e9n\u00e9ficiez d'une r\u00e9duction int\u00e9ressante. Les discussions sur le forum concernant BiFlex d\u00e9montrent son effet rapide. Il n'y a aucun effet secondaire. Les orthop\u00e9distes consid\u00e8rent BiFlex comme un traitement fiable contre les douleurs arthritiques.<\/p>\n<p>Cette vitamine biologique soulage les douleurs posturales, li\u00e9es au travail, aux traumatismes et aux maladies chroniques sans m\u00e9dicaments. Les capsules restaurent efficacement la fonction osseuse, tendineuse, articulaire et ligamentaire \u00e0 93 %. Leur s\u00e9curit\u00e9 clinique est prouv\u00e9e. BiFlex vous aide \u00e0 retrouver mobilit\u00e9 et joie de vivre.<\/p>\n<h2>Le BiFlex\u00a0: Comment \u00e7a marche\u00a0?<\/h2>\n<p>Les capsules Bi-flex stimulent la production de liquide synovial, r\u00e9duisant ainsi la tension articulaire et ligamentaire. Les capsules biologiques favorisent la gu\u00e9rison des douleurs arthritiques chroniques et la r\u00e9cup\u00e9ration de la douleur en am\u00e9liorant la posture de travail. Elles renforcent \u00e9galement les os et favorisent la souplesse musculaire.<\/p>\n<p>Ils affirment que cela les a aid\u00e9s \u00e0 r\u00e9cup\u00e9rer. Le site web principal propose des r\u00e9ductions importantes. Des orthop\u00e9distes experts recommandent BiFlex pour la r\u00e9g\u00e9n\u00e9ration et l'am\u00e9lioration synoviales. Personne ne s'est plaint de l'efficacit\u00e9 de BiFlex.<\/p>\n<p>Ce rem\u00e8de naturel a subi les tests cliniques les plus rigoureux et peut \u00eatre consomm\u00e9 par voie orale. Il stimule la production de collag\u00e8ne de 93 % en moyenne. Les g\u00e9lules contre les douleurs articulaires soulagent les crampes, les spasmes musculaires, les sympt\u00f4mes de traumatisme fant\u00f4me et les gonflements. BiFlex est une th\u00e9rapie naturelle qui acc\u00e9l\u00e8re la gu\u00e9rison des inflammations internes et am\u00e9liore la mobilit\u00e9 au quotidien.<\/p>\n<h3>BiFlex un compagnon indispensable pour vos articulations<\/h3>\n<ul>\n<li>Soulage les douleurs articulaires et dorsales \u2013 ressentez un soulagement imm\u00e9diat apr\u00e8s l'utilisation du produit;<\/li>\n<li>R\u00e9pare et renforce les articulations, les tendons, les muscles et la colonne vert\u00e9brale \u00e0 87%, pour qu'ils fonctionnent comme neufs;<\/li>\n<li>Restaurer la sant\u00e9 physique, vous n'aurez plus \u00e0 craindre de perdre votre mobilit\u00e9 ;<\/li>\n<li>\u00c9limine la raideur et l'engourdissement des articulations et de la colonne vert\u00e9brale, r\u00e9tablit le confort et la fluidit\u00e9 des mouvements;<\/li>\n<li>Prot\u00e8ge les articulations et la colonne vert\u00e9brale contre les blessures et pr\u00e9serve la sant\u00e9 physique pendant de nombreuses ann\u00e9es;<\/li>\n<li>\u00c9limine la d\u00e9g\u00e9n\u00e9rescence, l'inflammation, etc. &#8211; r\u00e9duit les sensations douloureuses dans les articulations;<\/li>\n<li>R\u00e9pare l'organisme apr\u00e8s les fractures, les \u00e9tirements et les traumatismes;<\/li>\n<\/ul>\n<h3>BiFlex &#8211; Des articulations saines &#8211; c'est facile<\/h3>\n<ul>\n<li><b>Vitamine D:<\/b> Puissant antioxydant, r\u00e9duit l'inflammation et l'\u0153d\u00e8me, favorise la sant\u00e9 du cartilage et am\u00e9liore la mobilit\u00e9 des articulations.<\/li>\n<li><b>Poudre de cartilage:<\/b> Absorbe les composants actifs, favorise la sant\u00e9 des articulations, am\u00e9liore l'efficacit\u00e9 des autres ingr\u00e9dients<\/li>\n<li><b>Vitamine C:<\/b> Anti-inflammatoire analg\u00e9sique, soulage les douleurs et les inflammations articulaires, am\u00e9liore la mobilit\u00e9 et r\u00e9duit la raideur.<\/li>\n<\/ul>\n<h3>Commentaires sur le forum BiFlex<\/h3>\n<p>Les sites web de fitness et de sant\u00e9 en ligne ne publient pas de commentaires n\u00e9gatifs sur le forum BiFlex. Des millions de personnes ont soulag\u00e9 leurs douleurs arthritiques gr\u00e2ce \u00e0 ces g\u00e9lules. Les entra\u00eeneurs devraient \u00e9galement se rendre r\u00e9guli\u00e8rement \u00e0 la salle de sport pour maintenir leur mobilit\u00e9. Si votre travail n\u00e9cessite de longues heures de travail, vous pouvez prendre les g\u00e9lules. Les m\u00e9decins et les experts estiment que BiFlex est excellent pour r\u00e9duire l'immobilit\u00e9 et la raideur des membres.<\/p>\n<p><b>Commentaires\u00a0:<\/b><\/p>\n<blockquote><p>La cr\u00e8me est excellente. Je n'ai pas de probl\u00e8mes graves et je ne suis pas confin\u00e9 \u00e0 un fauteuil roulant, mais je souffre de douleurs au dos depuis plus de 10 ans. Aucun m\u00e9decin n'a pu m'aider avec mon probl\u00e8me! J'ai pris beaucoup de pilules, mais elles se sont toutes r\u00e9v\u00e9l\u00e9es inutiles! Ensuite j'ai achet\u00e9 BiFlex , et deux semaines plus tard la douleur est partie! C'est un miracle. Merci encore au fabricant et aux d\u00e9veloppeurs! Abdoulaye;<\/p>\n<p>J'ai lu l'article. Mon fils a aussi ce probl\u00e8me. Aucun m\u00e9decin ne nous a parl\u00e9 de cette m\u00e9thode de traitement. C'est bien que vous n'ayez pas \u00e0 recueillir vous-m\u00eame des plantes et \u00e0 passer du temps \u00e0 sentir les cr\u00e8mes. Tous les ingr\u00e9dients sont inclus dans la cr\u00e8me. BiFlex dans le kit. Je vais certainement essayer! Moussa;<\/p>\n<p>La plupart des gens pensent que les douleurs au dos ne sont pas un probl\u00e8me s\u00e9rieux. Cependant, si on aborde la question sous un autre angle, la douleur est vraiment un signe pr\u00e9curseur de probl\u00e8mes musculaires et osseux. Pour \u00e9viter une aggravation de la situation, il est recommand\u00e9 de commencer le traitement \u00e0 un stade pr\u00e9coce. Souleymane;<\/p><\/blockquote>\n<h2>Prix BiFlex au S\u00e9n\u00e9gal\u00a0: O\u00f9 acheter\u00a0?<\/h2>\n<p>Pour acheter BiFlex au S\u00e9n\u00e9gal au meilleur prix, rendez-vous sur le site officiel. Ce site agr\u00e9\u00e9 propose les prix BiFlex habituels. Le prix actuel permet une r\u00e9duction de 50\u00a0%, mais sa dur\u00e9e de vie est limit\u00e9e. Indiquez votre nom et votre num\u00e9ro de t\u00e9l\u00e9phone en ligne, puis confirmez l'adresse de livraison en appelant un op\u00e9rateur.<\/p>\n<p>Les commandes en ligne de capsules BiFlex pour la production de liquide synovial et la r\u00e9g\u00e9n\u00e9ration articulaire sont courantes. Les clients v\u00e9rifient les informations, remplissent le bon de commande et attendent la livraison. Les livraisons contre remboursement prennent plusieurs jours.<\/p>\n<p>Il est impossible d'acheter un exemplaire de BiFlex dans les pharmacies DM ou Benu. Les capsules de r\u00e9g\u00e9n\u00e9ration synoviale originales peuvent \u00eatre achet\u00e9es et s\u00e9curis\u00e9es sur leur site web. Les clients peuvent \u00e9viter les fraudes ArhroZdrav sur les plateformes de vente en ligne proposant de nombreux produits douteux.<\/p>\n","protected":false},"excerpt":{"rendered":"<h2><span style=\"color: #000000;\">BiFlex un compagnon indispensable pour vos articulations<\/span><\/h2>\n<ul>\n<li><span style=\"color: #000000;\">Soulage les tensions musculaires<\/span><\/li>\n<li><span style=\"color: #000000;\">Soulage les douleurs articulaires<\/span><\/li>\n<li><span style=\"color: #000000;\">Soulage la douleur dans la colonne vert\u00e9brale<\/span><\/li>\n<\/ul>\n<p><strong><span style=\"color: #000000; font-size: 14pt;\">Vieille Prix: <span style=\"color: #ff0000;\"><del>49800 CFA<\/del><\/span><\/span><\/strong><\/p>\n<p><strong><span style=\"color: #000000; font-size: 16pt;\">Nouvelle Prix: <span style=\"color: #00ff00;\">24900 CFA<\/span><\/span><\/strong><\/p>\n","protected":false},"featured_media":118317,"comment_status":"open","ping_status":"closed","template":"","meta":[],"product_brand":[],"product_cat":[440],"product_tag":[],"class_list":{"0":"post-118316","1":"product","2":"type-product","3":"status-publish","4":"has-post-thumbnail","6":"product_cat-sante","8":"first","9":"instock","10":"shipping-taxable","11":"product-type-external"},"yoast_head":"<!-- This site is optimized with the Yoast SEO plugin v27.3 - https:\/\/yoast.com\/product\/yoast-seo-wordpress\/ -->\n<title>BiFlex G\u00e9lules - Aide \u00e0 soulager les douleurs articulaires (Senegal)<\/title>\n<meta name=\"description\" content=\"BiFlex capsules stimulent la production de liquide synovial, r\u00e9duisant ainsi la tension articulaire et ligamentaire. BiFlex Senegal 2025\" \/>\n<meta name=\"robots\" content=\"index, follow, max-snippet:-1, max-image-preview:large, max-video-preview:-1\" \/>\n<link rel=\"canonical\" href=\"https:\/\/www.todaykhoe.com\/vi\/product\/biflex-gelules\/\" \/>\n<meta property=\"og:locale\" content=\"vi_VN\" \/>\n<meta property=\"og:type\" content=\"article\" \/>\n<meta property=\"og:title\" content=\"BiFlex G\u00e9lules - Aide \u00e0 soulager les douleurs articulaires (Senegal)\" \/>\n<meta property=\"og:description\" content=\"BiFlex capsules stimulent la production de liquide synovial, r\u00e9duisant ainsi la tension articulaire et ligamentaire. BiFlex Senegal 2025\" \/>\n<meta property=\"og:url\" content=\"https:\/\/www.todaykhoe.com\/vi\/product\/biflex-gelules\/\" \/>\n<meta property=\"og:site_name\" content=\"TodayKh\u1ecfe.Com\" \/>\n<meta property=\"article:modified_time\" content=\"2025-06-25T13:55:05+00:00\" \/>\n<meta property=\"og:image\" content=\"https:\/\/www.todaykhoe.com\/wp-content\/uploads\/2025\/06\/BiFlex.png\" \/>\n\t<meta property=\"og:image:width\" content=\"655\" \/>\n\t<meta property=\"og:image:height\" content=\"511\" \/>\n\t<meta property=\"og:image:type\" content=\"image\/png\" \/>\n<meta name=\"twitter:card\" content=\"summary_large_image\" \/>\n<meta name=\"twitter:label1\" content=\"Est. reading time\" \/>\n\t<meta name=\"twitter:data1\" content=\"5 minutes\" \/>\n<script type=\"application\/ld+json\" class=\"yoast-schema-graph\">{\"@context\":\"https:\\\/\\\/schema.org\",\"@graph\":[{\"@type\":\"WebPage\",\"@id\":\"https:\\\/\\\/www.todaykhoe.com\\\/vi\\\/product\\\/biflex-gelules\\\/\",\"url\":\"https:\\\/\\\/www.todaykhoe.com\\\/vi\\\/product\\\/biflex-gelules\\\/\",\"name\":\"BiFlex G\u00e9lules - Aide \u00e0 soulager les douleurs articulaires (Senegal)\",\"isPartOf\":{\"@id\":\"https:\\\/\\\/www.todaykhoe.com\\\/#website\"},\"primaryImageOfPage\":{\"@id\":\"https:\\\/\\\/www.todaykhoe.com\\\/vi\\\/product\\\/biflex-gelules\\\/#primaryimage\"},\"image\":{\"@id\":\"https:\\\/\\\/www.todaykhoe.com\\\/vi\\\/product\\\/biflex-gelules\\\/#primaryimage\"},\"thumbnailUrl\":\"https:\\\/\\\/www.todaykhoe.com\\\/wp-content\\\/uploads\\\/2025\\\/06\\\/BiFlex.png\",\"datePublished\":\"2025-06-25T12:15:09+00:00\",\"dateModified\":\"2025-06-25T13:55:05+00:00\",\"description\":\"BiFlex capsules stimulent la production de liquide synovial, r\u00e9duisant ainsi la tension articulaire et ligamentaire. BiFlex Senegal 2025\",\"breadcrumb\":{\"@id\":\"https:\\\/\\\/www.todaykhoe.com\\\/vi\\\/product\\\/biflex-gelules\\\/#breadcrumb\"},\"inLanguage\":\"vi-VN\",\"potentialAction\":[{\"@type\":\"ReadAction\",\"target\":[\"https:\\\/\\\/www.todaykhoe.com\\\/vi\\\/product\\\/biflex-gelules\\\/\"]}]},{\"@type\":\"ImageObject\",\"inLanguage\":\"vi-VN\",\"@id\":\"https:\\\/\\\/www.todaykhoe.com\\\/vi\\\/product\\\/biflex-gelules\\\/#primaryimage\",\"url\":\"https:\\\/\\\/www.todaykhoe.com\\\/wp-content\\\/uploads\\\/2025\\\/06\\\/BiFlex.png\",\"contentUrl\":\"https:\\\/\\\/www.todaykhoe.com\\\/wp-content\\\/uploads\\\/2025\\\/06\\\/BiFlex.png\",\"width\":655,\"height\":511,\"caption\":\"BiFlex\"},{\"@type\":\"BreadcrumbList\",\"@id\":\"https:\\\/\\\/www.todaykhoe.com\\\/vi\\\/product\\\/biflex-gelules\\\/#breadcrumb\",\"itemListElement\":[{\"@type\":\"ListItem\",\"position\":1,\"name\":\"Home\",\"item\":\"https:\\\/\\\/www.todaykhoe.com\\\/\"},{\"@type\":\"ListItem\",\"position\":2,\"name\":\"Shop\",\"item\":\"https:\\\/\\\/www.todaykhoe.com\\\/shop\\\/\"},{\"@type\":\"ListItem\",\"position\":3,\"name\":\"BiFlex G\u00e9lules\"}]},{\"@type\":\"WebSite\",\"@id\":\"https:\\\/\\\/www.todaykhoe.com\\\/#website\",\"url\":\"https:\\\/\\\/www.todaykhoe.com\\\/\",\"name\":\"TodayKh\u1ecfe.Com\",\"description\":\"Healthy Today, Fitness, Nutrition, Beauty, News!\",\"publisher\":{\"@id\":\"https:\\\/\\\/www.todaykhoe.com\\\/#organization\"},\"potentialAction\":[{\"@type\":\"SearchAction\",\"target\":{\"@type\":\"EntryPoint\",\"urlTemplate\":\"https:\\\/\\\/www.todaykhoe.com\\\/?s={search_term_string}\"},\"query-input\":{\"@type\":\"PropertyValueSpecification\",\"valueRequired\":true,\"valueName\":\"search_term_string\"}}],\"inLanguage\":\"vi-VN\"},{\"@type\":\"Organization\",\"@id\":\"https:\\\/\\\/www.todaykhoe.com\\\/#organization\",\"name\":\"TodayKh\u1ecfe.Com\",\"url\":\"https:\\\/\\\/www.todaykhoe.com\\\/\",\"logo\":{\"@type\":\"ImageObject\",\"inLanguage\":\"vi-VN\",\"@id\":\"https:\\\/\\\/www.todaykhoe.com\\\/#\\\/schema\\\/logo\\\/image\\\/\",\"url\":\"https:\\\/\\\/www.todaykhoe.com\\\/wp-content\\\/uploads\\\/2025\\\/04\\\/Todaykhoe.png\",\"contentUrl\":\"https:\\\/\\\/www.todaykhoe.com\\\/wp-content\\\/uploads\\\/2025\\\/04\\\/Todaykhoe.png\",\"width\":706,\"height\":159,\"caption\":\"TodayKh\u1ecfe.Com\"},\"image\":{\"@id\":\"https:\\\/\\\/www.todaykhoe.com\\\/#\\\/schema\\\/logo\\\/image\\\/\"}}]}<\/script>\n<!-- \/ Yoast SEO plugin. -->","yoast_head_json":{"title":"BiFlex G\u00e9lules - Aide \u00e0 soulager les douleurs articulaires (Senegal)","description":"BiFlex capsules stimulent la production de liquide synovial, r\u00e9duisant ainsi la tension articulaire et ligamentaire. BiFlex Senegal 2025","robots":{"index":"index","follow":"follow","max-snippet":"max-snippet:-1","max-image-preview":"max-image-preview:large","max-video-preview":"max-video-preview:-1"},"canonical":"https:\/\/www.todaykhoe.com\/vi\/product\/biflex-gelules\/","og_locale":"vi_VN","og_type":"article","og_title":"BiFlex G\u00e9lules - Aide \u00e0 soulager les douleurs articulaires (Senegal)","og_description":"BiFlex capsules stimulent la production de liquide synovial, r\u00e9duisant ainsi la tension articulaire et ligamentaire. BiFlex Senegal 2025","og_url":"https:\/\/www.todaykhoe.com\/vi\/product\/biflex-gelules\/","og_site_name":"TodayKh\u1ecfe.Com","article_modified_time":"2025-06-25T13:55:05+00:00","og_image":[{"width":655,"height":511,"url":"https:\/\/www.todaykhoe.com\/wp-content\/uploads\/2025\/06\/BiFlex.png","type":"image\/png"}],"twitter_card":"summary_large_image","twitter_misc":{"Est. reading time":"5 minutes"},"schema":{"@context":"https:\/\/schema.org","@graph":[{"@type":"WebPage","@id":"https:\/\/www.todaykhoe.com\/vi\/product\/biflex-gelules\/","url":"https:\/\/www.todaykhoe.com\/vi\/product\/biflex-gelules\/","name":"BiFlex G\u00e9lules - Aide \u00e0 soulager les douleurs articulaires (Senegal)","isPartOf":{"@id":"https:\/\/www.todaykhoe.com\/#website"},"primaryImageOfPage":{"@id":"https:\/\/www.todaykhoe.com\/vi\/product\/biflex-gelules\/#primaryimage"},"image":{"@id":"https:\/\/www.todaykhoe.com\/vi\/product\/biflex-gelules\/#primaryimage"},"thumbnailUrl":"https:\/\/www.todaykhoe.com\/wp-content\/uploads\/2025\/06\/BiFlex.png","datePublished":"2025-06-25T12:15:09+00:00","dateModified":"2025-06-25T13:55:05+00:00","description":"BiFlex capsules stimulent la production de liquide synovial, r\u00e9duisant ainsi la tension articulaire et ligamentaire. BiFlex Senegal 2025","breadcrumb":{"@id":"https:\/\/www.todaykhoe.com\/vi\/product\/biflex-gelules\/#breadcrumb"},"inLanguage":"vi-VN","potentialAction":[{"@type":"ReadAction","target":["https:\/\/www.todaykhoe.com\/vi\/product\/biflex-gelules\/"]}]},{"@type":"ImageObject","inLanguage":"vi-VN","@id":"https:\/\/www.todaykhoe.com\/vi\/product\/biflex-gelules\/#primaryimage","url":"https:\/\/www.todaykhoe.com\/wp-content\/uploads\/2025\/06\/BiFlex.png","contentUrl":"https:\/\/www.todaykhoe.com\/wp-content\/uploads\/2025\/06\/BiFlex.png","width":655,"height":511,"caption":"BiFlex"},{"@type":"BreadcrumbList","@id":"https:\/\/www.todaykhoe.com\/vi\/product\/biflex-gelules\/#breadcrumb","itemListElement":[{"@type":"ListItem","position":1,"name":"Home","item":"https:\/\/www.todaykhoe.com\/"},{"@type":"ListItem","position":2,"name":"Shop","item":"https:\/\/www.todaykhoe.com\/shop\/"},{"@type":"ListItem","position":3,"name":"BiFlex G\u00e9lules"}]},{"@type":"WebSite","@id":"https:\/\/www.todaykhoe.com\/#website","url":"https:\/\/www.todaykhoe.com\/","name":"TodayKh\u1ecfe.Com","description":"Healthy Today, Fitness, Nutrition, Beauty, News!","publisher":{"@id":"https:\/\/www.todaykhoe.com\/#organization"},"potentialAction":[{"@type":"SearchAction","target":{"@type":"EntryPoint","urlTemplate":"https:\/\/www.todaykhoe.com\/?s={search_term_string}"},"query-input":{"@type":"PropertyValueSpecification","valueRequired":true,"valueName":"search_term_string"}}],"inLanguage":"vi-VN"},{"@type":"Organization","@id":"https:\/\/www.todaykhoe.com\/#organization","name":"TodayKh\u1ecfe.Com","url":"https:\/\/www.todaykhoe.com\/","logo":{"@type":"ImageObject","inLanguage":"vi-VN","@id":"https:\/\/www.todaykhoe.com\/#\/schema\/logo\/image\/","url":"https:\/\/www.todaykhoe.com\/wp-content\/uploads\/2025\/04\/Todaykhoe.png","contentUrl":"https:\/\/www.todaykhoe.com\/wp-content\/uploads\/2025\/04\/Todaykhoe.png","width":706,"height":159,"caption":"TodayKh\u1ecfe.Com"},"image":{"@id":"https:\/\/www.todaykhoe.com\/#\/schema\/logo\/image\/"}}]}},"_links":{"self":[{"href":"https:\/\/www.todaykhoe.com\/vi\/wp-json\/wp\/v2\/product\/118316","targetHints":{"allow":["GET"]}}],"collection":[{"href":"https:\/\/www.todaykhoe.com\/vi\/wp-json\/wp\/v2\/product"}],"about":[{"href":"https:\/\/www.todaykhoe.com\/vi\/wp-json\/wp\/v2\/types\/product"}],"replies":[{"embeddable":true,"href":"https:\/\/www.todaykhoe.com\/vi\/wp-json\/wp\/v2\/comments?post=118316"}],"wp:featuredmedia":[{"embeddable":true,"href":"https:\/\/www.todaykhoe.com\/vi\/wp-json\/wp\/v2\/media\/118317"}],"wp:attachment":[{"href":"https:\/\/www.todaykhoe.com\/vi\/wp-json\/wp\/v2\/media?parent=118316"}],"wp:term":[{"taxonomy":"product_brand","embeddable":true,"href":"https:\/\/www.todaykhoe.com\/vi\/wp-json\/wp\/v2\/product_brand?post=118316"},{"taxonomy":"product_cat","embeddable":true,"href":"https:\/\/www.todaykhoe.com\/vi\/wp-json\/wp\/v2\/product_cat?post=118316"},{"taxonomy":"product_tag","embeddable":true,"href":"https:\/\/www.todaykhoe.com\/vi\/wp-json\/wp\/v2\/product_tag?post=118316"}],"curies":[{"name":"wp","href":"https:\/\/api.w.org\/{rel}","templated":true}]}}