{"id":113303,"date":"2024-08-13T14:08:50","date_gmt":"2024-08-13T14:08:50","guid":{"rendered":"https:\/\/todaykhoe.com\/?post_type=product&#038;p=113303"},"modified":"2024-12-27T12:16:51","modified_gmt":"2024-12-27T12:16:51","slug":"artenorme-gelules","status":"publish","type":"product","link":"https:\/\/www.todaykhoe.com\/vi\/product\/artenorme-gelules\/","title":{"rendered":"Art\u00e8norme G\u00e9lules (Capsule)"},"content":{"rendered":"<p>Art\u00e8norme est une capsule fabriqu\u00e9e enti\u00e8rement \u00e0 partir de substances naturelles qui est destin\u00e9e \u00e0 soulager imm\u00e9diatement les sympt\u00f4mes de l'hypertension et de l'hypotension art\u00e9rielle, du cholest\u00e9rol et de l'insuline. Les comprim\u00e9s biologiques fonctionnent mieux car ils renforcent les vaisseaux sanguins et r\u00e9tablissent la circulation sanguine normale dans tout le corps. Ils \u00e9liminent non seulement les plaques art\u00e9rielles, mais rendent \u00e9galement les parois des veines plus \u00e9lastiques. De plus en plus d'hommes et de femmes en C\u00f4te d'Ivoire souffrant d'hypertension et de diab\u00e8te consomment cette substance au quotidien.<\/p>\n<h2><a href=\"https:\/\/todaykhoe.com\/fr\/product\/artenorme-gelules\/\">ART\u00c8NORME<\/a><\/h2>\n<p>Vous pouvez vous procurer votre exemplaire en visitant le site officiel et profiter du prix tr\u00e8s raisonnable. Les t\u00e9moignages et les critiques d'Art\u00e8norme sur les forums en ligne montrent qu'il tonifie imm\u00e9diatement le corps. Aucune des contre-indications pr\u00e9vues n'existe.<\/p>\n<p>Ce m\u00e9dicament contre l'hypertension a \u00e9t\u00e9 d\u00e9velopp\u00e9 par des cardiologues ayant une vaste exp\u00e9rience. Ils ont con\u00e7u Art\u00e8norme de telle mani\u00e8re qu'il soit utile pour r\u00e9guler la tension art\u00e9rielle et le cholest\u00e9rol. La composition r\u00e9pond \u00e0 ces types de probl\u00e8mes de sant\u00e9 en favorisant la production d'enzyme de conversion de l'angiotensine dans le corps. Pour ce faire, des composants naturels \u00e0 base de plantes sont utilis\u00e9s. Un essai clinique des capsules a r\u00e9v\u00e9l\u00e9 qu'elles \u00e9taient \u00e0 la fois s\u00fbres et efficaces dans 91 % des cas. Ils peuvent \u00eatre achet\u00e9s sans ordonnance. L'objectif d'Art\u00e8norme est d'augmenter la fonction m\u00e9tabolique tout en maintenant une production normale d'insuline.<\/p>\n<h2>Pour commencer, qu'est-ce qu'Art\u00e8norme et quel est son but ?<\/h2>\n<p>Les pilules Art\u00e8norme sont enti\u00e8rement compos\u00e9es de substances naturelles et aident \u00e0 normaliser rapidement les niveaux de cholest\u00e9rol et de tension art\u00e9rielle. De plus, les pilules film\u00e9es sont b\u00e9n\u00e9fiques pour les personnes souffrant d'hypertension chronique et de diab\u00e8te de type 2. Elles emp\u00eachent non seulement les plaques d'adh\u00e9rer aux art\u00e8res, mais elles contr\u00f4lent \u00e9galement le flux sanguin dans tout le corps. Vous pouvez accomplir la m\u00eame chose en commandant le produit sur son site officiel \u00e0 un prix tr\u00e8s raisonnable.<\/p>\n<p>En le concevant de cette mani\u00e8re, ils ont fait en sorte qu'Art\u00e8norme soit l'un des m\u00e9dicaments les plus fiables pour le traitement naturel des maladies cardiaques.<\/p>\n<p>La grande majorit\u00e9 des consommateurs d'Art\u00e8norme n'ont aucune r\u00e9serve quant aux services fournis par l'entreprise. Les capsules ont \u00e9t\u00e9 test\u00e9es cliniquement et les r\u00e9sultats sugg\u00e8rent qu'elles aident le corps \u00e0 produire de l'enzyme de conversion de l'angiotensine de 91 %. Les pilules biologiques tonifieront votre corps tout en aidant \u00e0 maintenir une production r\u00e9guli\u00e8re de glucose. Au d\u00e9but, vous remarquerez que vos capacit\u00e9s mentales et votre niveau d'\u00e9nergie ont augment\u00e9.<\/p>\n<p>Art\u00e8norme, un m\u00e9dicament efficace, peut vous aider \u00e0 g\u00e9rer les sympt\u00f4mes de l'hypertension et \u00e0 maintenir votre tension art\u00e9rielle sous contr\u00f4le.<\/p>\n<h4>Vaincre l'ath\u00e9roscl\u00e9rose et l'hypertension ! Art\u00e8norme c'est un produit naturel<\/h4>\n<ul>\n<li>Aide \u00e0 normaliser le taux de cholest\u00e9rol dans le sang.<\/li>\n<li>Aide \u00e0 inverser la formation de plaque<\/li>\n<li>R\u00e9duit la tension art\u00e9rielle<\/li>\n<li>Emp\u00eache la contraction des vaisseaux<\/li>\n<\/ul>\n<h4>Qu'est-ce que l'hypertension?<\/h4>\n<p>L'hypertension est une affection caract\u00e9ris\u00e9e par une augmentation de la pression art\u00e9rielle d\u00e9tect\u00e9e par des mesures r\u00e9p\u00e9t\u00e9es. Accompagnant de nombreuses maladies, il est consid\u00e9r\u00e9 comme un facteur de risque pour le d\u00e9veloppement de complications dangereuses du syst\u00e8me cardiovasculaire, notamment les accidents vasculaires c\u00e9r\u00e9braux et l'infarctus du myocarde.<\/p>\n<h4>Art\u00e8norme soutient la sant\u00e9 du syst\u00e8me cardiovasculaire, renforce les parois des vaisseaux sanguins et r\u00e9duit la perm\u00e9abilit\u00e9 et la fragilit\u00e9 des capillaires. Ces capsules remplissent plusieurs fonctions \u00e0 la fois:<\/h4>\n<ul>\n<li>Maintenir des taux de cholest\u00e9rol normaux et un bon m\u00e9tabolisme du cholest\u00e9rol;<\/li>\n<li>Am\u00e9liorer l'\u00e9tat des vaisseaux sanguins;<\/li>\n<li>Maintenir les indicateurs de viscosit\u00e9 du sang dans la norme;<\/li>\n<li>Avoir un effet antioxydant;<\/li>\n<li>Am\u00e9liorer la microcirculation;<\/li>\n<li>Emp\u00eacher le d\u00e9veloppement de maladies cardiovasculaires;<\/li>\n<li>Aider \u00e0 prot\u00e9ger le corps contre le stress oxydatif.<\/li>\n<\/ul>\n<h3>Avis et commentaires des clients sur Art\u00e8norme sur les forums en ligne.<\/h3>\n<p>Si vous souhaitez en savoir plus sur la qualit\u00e9 de ces g\u00e9lules, effectuez simplement une courte recherche sur les forums en ligne pour voir s'il existe des avis ou des t\u00e9moignages n\u00e9gatifs concernant Art\u00e8norme. De nombreux patients ont remarqu\u00e9 que le traitement leur permet de vivre une vie plus r\u00e9guli\u00e8re. Le fait de le consommer quotidiennement aide \u00e0 calmer rapidement les fluctuations de la tension art\u00e9rielle et des niveaux d'insuline. Selon certaines des photographies avant-apr\u00e8s incluses dans les commentaires, il aide non seulement \u00e0 perdre du poids, mais diminue \u00e9galement l'envie de manger, ce qui est une plainte courante. Les cardiologues sp\u00e9cialis\u00e9s dans le secteur estiment qu'Art\u00e8norme est un compl\u00e9ment b\u00e9n\u00e9fique pour les personnes souffrant d'hypertension.<\/p>\n<p><b>\u00c9valuations :<\/b><\/p>\n<blockquote><p>Art\u00e8norme a rendu une personne plus saine et plus compl\u00e8te. Mon hypertension persistante \u00e9tait principalement caus\u00e9e par le stress li\u00e9 \u00e0 ma carri\u00e8re et \u00e0 ma vie personnelle. Apr\u00e8s le d\u00e9but du cours, j'ai remarqu\u00e9 une diminution de mon anxi\u00e9t\u00e9 n\u00e9vrotique, une normalisation de mes habitudes alimentaires et une sensation de tonus tout au long de la journ\u00e9e. Vous pouvez \u00e9galement obtenir le m\u00eame r\u00e9sultat en commandant les produits sur le site officiel \u00e0 moindre co\u00fbt. J'ai 32 ans, Althea Reyes, Manille.<\/p>\n<p>Il a \u00e9t\u00e9 d\u00e9montr\u00e9 que ces g\u00e9lules sont efficaces pour r\u00e9duire la glyc\u00e9mie, le cholest\u00e9rol et la tension art\u00e9rielle. Lorsque vous prenez Art\u00e8norme, vous ressentirez moins de tension et aurez un flux sanguin r\u00e9gulier. La composition bas\u00e9e sur la biologie augmentera vos performances mentales et physiques. \u00c0 Davao City, Dakila Ramos, quarante ans ;<\/p>\n<p>Ce rem\u00e8de apaisera imm\u00e9diatement vos envies de nourriture, vous laissant en meilleure sant\u00e9 et plus d\u00e9tendu. Mon rythme cardiaque a ralenti depuis que j'ai commenc\u00e9 \u00e0 prendre les m\u00e9dicaments. Persuadez-les imm\u00e9diatement d'oublier ce que signifie le terme \u00ab hypertension \u00bb ! Agapito a 45 ans.<\/p><\/blockquote>\n<h2>Combien co\u00fbte Art\u00e8norme en C\u00f4te d'Ivoire et o\u00f9 puis-je l'acheter ?<\/h2>\n<p>Visitez d\u00e8s maintenant le site officiel du produit pour avoir une id\u00e9e claire de l'endroit o\u00f9 vous pouvez vous procurer Art\u00e8norme \u00e0 un prix comp\u00e9titif avec le march\u00e9 en C\u00f4te d'Ivoire. Le site Web permet aux utilisateurs de recevoir une copie du traitement original contre l'hypertension et l'hyperglyc\u00e9mie de mani\u00e8re s\u00e9curis\u00e9e et rapide. Aucun autre d\u00e9taillant n'est autoris\u00e9 \u00e0 le distribuer. Dans une telle r\u00e9gion, les prix d'Art\u00e8norme sont consid\u00e9rablement r\u00e9duits.<\/p>\n<p>Si vous agissez imm\u00e9diatement, vous pouvez \u00e9conomiser 50 % sur le prix d'Art\u00e8norme d\u00e8s maintenant. Rendez-vous sur le site Web et remplissez le formulaire de commande appropri\u00e9. Il est essentiel que vous preniez le temps de r\u00e9agir \u00e0 un appel t\u00e9l\u00e9phonique qui arrivera peu de temps apr\u00e8s pour confirmer l'adresse de livraison que vous avez choisie. Le colis mettra quelques jours ouvrables pour arriver de mani\u00e8re discr\u00e8te.<\/p>\n<p>N'oubliez pas cela ! Le processus de commande des g\u00e9lules Art\u00e8norme, qui sont utilis\u00e9es pour r\u00e9guler le cholest\u00e9rol et la tension art\u00e9rielle, est standard pour les articles num\u00e9riques. Le client remplit un formulaire de commande, les informations sont confirm\u00e9es par t\u00e9l\u00e9phone et le consommateur attend la livraison, ce qui peut prendre jusqu'\u00e0 une semaine. La commande est pay\u00e9e au moment de la livraison en esp\u00e8ces.<\/p>\n","protected":false},"excerpt":{"rendered":"<h2><span style=\"color: #000000;\">Art\u00e8norme &#8211; tension art\u00e9rielle normale. Un r\u00e9sultat durable.<\/span><\/h2>\n<ul>\n<li><span style=\"color: #000000;\">Normalise la tension art\u00e9rielle dans les 6 premi\u00e8res heures gr\u00e2ce aux bioflavono\u00efdes<\/span><\/li>\n<li><span style=\"color: #000000;\">Restaure la tonicit\u00e9 et l&#8217;\u00e9lasticit\u00e9 des vaisseaux en 1 cure de pr\u00e9vention<\/span><\/li>\n<li><span style=\"color: #000000;\">Sans danger pour tout \u00e2ge<\/span><\/li>\n<\/ul>\n<p><span style=\"font-size: 14pt;\"><b><span style=\"color: #000000;\">Ancien Prix: <span style=\"color: #ff0000;\"><del>49800 XOF<\/del><\/span><\/span><br \/>\n<\/b><\/span><\/p>\n<p><span style=\"color: #000000; font-size: 16pt;\"><b>Nouvelle <span style=\"color: #000000;\">Prix<\/span>: <span style=\"color: #33cccc;\">24900 XOF<\/span><\/b><\/span><\/p>\n","protected":false},"featured_media":113304,"comment_status":"open","ping_status":"closed","template":"","meta":[],"product_brand":[],"product_cat":[440],"product_tag":[],"class_list":{"0":"post-113303","1":"product","2":"type-product","3":"status-publish","4":"has-post-thumbnail","6":"product_cat-sante","8":"first","9":"instock","10":"shipping-taxable","11":"product-type-external"},"yoast_head":"<!-- This site is optimized with the Yoast SEO plugin v27.3 - https:\/\/yoast.com\/product\/yoast-seo-wordpress\/ -->\n<title>Art\u00e8norme G\u00e9lules (Capsule) Prix - Contr\u00f4ler l&#039;hypertension (CI)<\/title>\n<meta name=\"description\" content=\"Art\u00e8norme est une capsule naturelle qui traite efficacement et rapidement l&#039;hypertension et l&#039;hypotension art\u00e9rielle, le cholest\u00e9rol et les niveaux d&#039;insuline.\" \/>\n<meta name=\"robots\" content=\"index, follow, max-snippet:-1, max-image-preview:large, max-video-preview:-1\" \/>\n<link rel=\"canonical\" href=\"https:\/\/www.todaykhoe.com\/product\/artenorme-gelules\/\" \/>\n<meta property=\"og:locale\" content=\"vi_VN\" \/>\n<meta property=\"og:type\" content=\"article\" \/>\n<meta property=\"og:title\" content=\"Art\u00e8norme G\u00e9lules (Capsule) Prix - Contr\u00f4ler l&#039;hypertension (CI)\" \/>\n<meta property=\"og:description\" content=\"Art\u00e8norme est une capsule naturelle qui traite efficacement et rapidement l&#039;hypertension et l&#039;hypotension art\u00e9rielle, le cholest\u00e9rol et les niveaux d&#039;insuline.\" \/>\n<meta property=\"og:url\" content=\"https:\/\/www.todaykhoe.com\/product\/artenorme-gelules\/\" \/>\n<meta property=\"og:site_name\" content=\"TodayKh\u1ecfe.Com\" \/>\n<meta property=\"article:modified_time\" content=\"2024-12-27T12:16:51+00:00\" \/>\n<meta property=\"og:image\" content=\"https:\/\/www.todaykhoe.com\/wp-content\/uploads\/2024\/08\/Artenorme.png\" \/>\n\t<meta property=\"og:image:width\" content=\"500\" \/>\n\t<meta property=\"og:image:height\" content=\"392\" \/>\n\t<meta property=\"og:image:type\" content=\"image\/png\" \/>\n<meta name=\"twitter:card\" content=\"summary_large_image\" \/>\n<meta name=\"twitter:label1\" content=\"Est. reading time\" \/>\n\t<meta name=\"twitter:data1\" content=\"6 minutes\" \/>\n<script type=\"application\/ld+json\" class=\"yoast-schema-graph\">{\"@context\":\"https:\\\/\\\/schema.org\",\"@graph\":[{\"@type\":\"WebPage\",\"@id\":\"https:\\\/\\\/www.todaykhoe.com\\\/product\\\/artenorme-gelules\\\/\",\"url\":\"https:\\\/\\\/www.todaykhoe.com\\\/product\\\/artenorme-gelules\\\/\",\"name\":\"Art\u00e8norme G\u00e9lules (Capsule) Prix - Contr\u00f4ler l'hypertension (CI)\",\"isPartOf\":{\"@id\":\"https:\\\/\\\/www.todaykhoe.com\\\/#website\"},\"primaryImageOfPage\":{\"@id\":\"https:\\\/\\\/www.todaykhoe.com\\\/product\\\/artenorme-gelules\\\/#primaryimage\"},\"image\":{\"@id\":\"https:\\\/\\\/www.todaykhoe.com\\\/product\\\/artenorme-gelules\\\/#primaryimage\"},\"thumbnailUrl\":\"https:\\\/\\\/www.todaykhoe.com\\\/wp-content\\\/uploads\\\/2024\\\/08\\\/Artenorme.png\",\"datePublished\":\"2024-08-13T14:08:50+00:00\",\"dateModified\":\"2024-12-27T12:16:51+00:00\",\"description\":\"Art\u00e8norme est une capsule naturelle qui traite efficacement et rapidement l'hypertension et l'hypotension art\u00e9rielle, le cholest\u00e9rol et les niveaux d'insuline.\",\"breadcrumb\":{\"@id\":\"https:\\\/\\\/www.todaykhoe.com\\\/product\\\/artenorme-gelules\\\/#breadcrumb\"},\"inLanguage\":\"vi-VN\",\"potentialAction\":[{\"@type\":\"ReadAction\",\"target\":[\"https:\\\/\\\/www.todaykhoe.com\\\/product\\\/artenorme-gelules\\\/\"]}]},{\"@type\":\"ImageObject\",\"inLanguage\":\"vi-VN\",\"@id\":\"https:\\\/\\\/www.todaykhoe.com\\\/product\\\/artenorme-gelules\\\/#primaryimage\",\"url\":\"https:\\\/\\\/www.todaykhoe.com\\\/wp-content\\\/uploads\\\/2024\\\/08\\\/Artenorme.png\",\"contentUrl\":\"https:\\\/\\\/www.todaykhoe.com\\\/wp-content\\\/uploads\\\/2024\\\/08\\\/Artenorme.png\",\"width\":500,\"height\":392,\"caption\":\"Art\u00e8norme\"},{\"@type\":\"BreadcrumbList\",\"@id\":\"https:\\\/\\\/www.todaykhoe.com\\\/product\\\/artenorme-gelules\\\/#breadcrumb\",\"itemListElement\":[{\"@type\":\"ListItem\",\"position\":1,\"name\":\"Home\",\"item\":\"https:\\\/\\\/www.todaykhoe.com\\\/\"},{\"@type\":\"ListItem\",\"position\":2,\"name\":\"Shop\",\"item\":\"https:\\\/\\\/www.todaykhoe.com\\\/shop\\\/\"},{\"@type\":\"ListItem\",\"position\":3,\"name\":\"Art\u00e8norme G\u00e9lules (Capsule)\"}]},{\"@type\":\"WebSite\",\"@id\":\"https:\\\/\\\/www.todaykhoe.com\\\/#website\",\"url\":\"https:\\\/\\\/www.todaykhoe.com\\\/\",\"name\":\"TodayKh\u1ecfe.Com\",\"description\":\"Healthy Today, Fitness, Nutrition, Beauty, News!\",\"publisher\":{\"@id\":\"https:\\\/\\\/www.todaykhoe.com\\\/#organization\"},\"potentialAction\":[{\"@type\":\"SearchAction\",\"target\":{\"@type\":\"EntryPoint\",\"urlTemplate\":\"https:\\\/\\\/www.todaykhoe.com\\\/?s={search_term_string}\"},\"query-input\":{\"@type\":\"PropertyValueSpecification\",\"valueRequired\":true,\"valueName\":\"search_term_string\"}}],\"inLanguage\":\"vi-VN\"},{\"@type\":\"Organization\",\"@id\":\"https:\\\/\\\/www.todaykhoe.com\\\/#organization\",\"name\":\"TodayKh\u1ecfe.Com\",\"url\":\"https:\\\/\\\/www.todaykhoe.com\\\/\",\"logo\":{\"@type\":\"ImageObject\",\"inLanguage\":\"vi-VN\",\"@id\":\"https:\\\/\\\/www.todaykhoe.com\\\/#\\\/schema\\\/logo\\\/image\\\/\",\"url\":\"https:\\\/\\\/www.todaykhoe.com\\\/wp-content\\\/uploads\\\/2025\\\/04\\\/Todaykhoe.png\",\"contentUrl\":\"https:\\\/\\\/www.todaykhoe.com\\\/wp-content\\\/uploads\\\/2025\\\/04\\\/Todaykhoe.png\",\"width\":706,\"height\":159,\"caption\":\"TodayKh\u1ecfe.Com\"},\"image\":{\"@id\":\"https:\\\/\\\/www.todaykhoe.com\\\/#\\\/schema\\\/logo\\\/image\\\/\"}}]}<\/script>\n<!-- \/ Yoast SEO plugin. -->","yoast_head_json":{"title":"Art\u00e8norme G\u00e9lules (Capsule) Prix - Contr\u00f4ler l'hypertension (CI)","description":"Art\u00e8norme est une capsule naturelle qui traite efficacement et rapidement l'hypertension et l'hypotension art\u00e9rielle, le cholest\u00e9rol et les niveaux d'insuline.","robots":{"index":"index","follow":"follow","max-snippet":"max-snippet:-1","max-image-preview":"max-image-preview:large","max-video-preview":"max-video-preview:-1"},"canonical":"https:\/\/www.todaykhoe.com\/product\/artenorme-gelules\/","og_locale":"vi_VN","og_type":"article","og_title":"Art\u00e8norme G\u00e9lules (Capsule) Prix - Contr\u00f4ler l'hypertension (CI)","og_description":"Art\u00e8norme est une capsule naturelle qui traite efficacement et rapidement l'hypertension et l'hypotension art\u00e9rielle, le cholest\u00e9rol et les niveaux d'insuline.","og_url":"https:\/\/www.todaykhoe.com\/product\/artenorme-gelules\/","og_site_name":"TodayKh\u1ecfe.Com","article_modified_time":"2024-12-27T12:16:51+00:00","og_image":[{"width":500,"height":392,"url":"https:\/\/www.todaykhoe.com\/wp-content\/uploads\/2024\/08\/Artenorme.png","type":"image\/png"}],"twitter_card":"summary_large_image","twitter_misc":{"Est. reading time":"6 minutes"},"schema":{"@context":"https:\/\/schema.org","@graph":[{"@type":"WebPage","@id":"https:\/\/www.todaykhoe.com\/product\/artenorme-gelules\/","url":"https:\/\/www.todaykhoe.com\/product\/artenorme-gelules\/","name":"Art\u00e8norme G\u00e9lules (Capsule) Prix - Contr\u00f4ler l'hypertension (CI)","isPartOf":{"@id":"https:\/\/www.todaykhoe.com\/#website"},"primaryImageOfPage":{"@id":"https:\/\/www.todaykhoe.com\/product\/artenorme-gelules\/#primaryimage"},"image":{"@id":"https:\/\/www.todaykhoe.com\/product\/artenorme-gelules\/#primaryimage"},"thumbnailUrl":"https:\/\/www.todaykhoe.com\/wp-content\/uploads\/2024\/08\/Artenorme.png","datePublished":"2024-08-13T14:08:50+00:00","dateModified":"2024-12-27T12:16:51+00:00","description":"Art\u00e8norme est une capsule naturelle qui traite efficacement et rapidement l'hypertension et l'hypotension art\u00e9rielle, le cholest\u00e9rol et les niveaux d'insuline.","breadcrumb":{"@id":"https:\/\/www.todaykhoe.com\/product\/artenorme-gelules\/#breadcrumb"},"inLanguage":"vi-VN","potentialAction":[{"@type":"ReadAction","target":["https:\/\/www.todaykhoe.com\/product\/artenorme-gelules\/"]}]},{"@type":"ImageObject","inLanguage":"vi-VN","@id":"https:\/\/www.todaykhoe.com\/product\/artenorme-gelules\/#primaryimage","url":"https:\/\/www.todaykhoe.com\/wp-content\/uploads\/2024\/08\/Artenorme.png","contentUrl":"https:\/\/www.todaykhoe.com\/wp-content\/uploads\/2024\/08\/Artenorme.png","width":500,"height":392,"caption":"Art\u00e8norme"},{"@type":"BreadcrumbList","@id":"https:\/\/www.todaykhoe.com\/product\/artenorme-gelules\/#breadcrumb","itemListElement":[{"@type":"ListItem","position":1,"name":"Home","item":"https:\/\/www.todaykhoe.com\/"},{"@type":"ListItem","position":2,"name":"Shop","item":"https:\/\/www.todaykhoe.com\/shop\/"},{"@type":"ListItem","position":3,"name":"Art\u00e8norme G\u00e9lules (Capsule)"}]},{"@type":"WebSite","@id":"https:\/\/www.todaykhoe.com\/#website","url":"https:\/\/www.todaykhoe.com\/","name":"TodayKh\u1ecfe.Com","description":"Healthy Today, Fitness, Nutrition, Beauty, News!","publisher":{"@id":"https:\/\/www.todaykhoe.com\/#organization"},"potentialAction":[{"@type":"SearchAction","target":{"@type":"EntryPoint","urlTemplate":"https:\/\/www.todaykhoe.com\/?s={search_term_string}"},"query-input":{"@type":"PropertyValueSpecification","valueRequired":true,"valueName":"search_term_string"}}],"inLanguage":"vi-VN"},{"@type":"Organization","@id":"https:\/\/www.todaykhoe.com\/#organization","name":"TodayKh\u1ecfe.Com","url":"https:\/\/www.todaykhoe.com\/","logo":{"@type":"ImageObject","inLanguage":"vi-VN","@id":"https:\/\/www.todaykhoe.com\/#\/schema\/logo\/image\/","url":"https:\/\/www.todaykhoe.com\/wp-content\/uploads\/2025\/04\/Todaykhoe.png","contentUrl":"https:\/\/www.todaykhoe.com\/wp-content\/uploads\/2025\/04\/Todaykhoe.png","width":706,"height":159,"caption":"TodayKh\u1ecfe.Com"},"image":{"@id":"https:\/\/www.todaykhoe.com\/#\/schema\/logo\/image\/"}}]}},"_links":{"self":[{"href":"https:\/\/www.todaykhoe.com\/vi\/wp-json\/wp\/v2\/product\/113303","targetHints":{"allow":["GET"]}}],"collection":[{"href":"https:\/\/www.todaykhoe.com\/vi\/wp-json\/wp\/v2\/product"}],"about":[{"href":"https:\/\/www.todaykhoe.com\/vi\/wp-json\/wp\/v2\/types\/product"}],"replies":[{"embeddable":true,"href":"https:\/\/www.todaykhoe.com\/vi\/wp-json\/wp\/v2\/comments?post=113303"}],"wp:featuredmedia":[{"embeddable":true,"href":"https:\/\/www.todaykhoe.com\/vi\/wp-json\/wp\/v2\/media\/113304"}],"wp:attachment":[{"href":"https:\/\/www.todaykhoe.com\/vi\/wp-json\/wp\/v2\/media?parent=113303"}],"wp:term":[{"taxonomy":"product_brand","embeddable":true,"href":"https:\/\/www.todaykhoe.com\/vi\/wp-json\/wp\/v2\/product_brand?post=113303"},{"taxonomy":"product_cat","embeddable":true,"href":"https:\/\/www.todaykhoe.com\/vi\/wp-json\/wp\/v2\/product_cat?post=113303"},{"taxonomy":"product_tag","embeddable":true,"href":"https:\/\/www.todaykhoe.com\/vi\/wp-json\/wp\/v2\/product_tag?post=113303"}],"curies":[{"name":"wp","href":"https:\/\/api.w.org\/{rel}","templated":true}]}}