{"id":116143,"date":"2025-05-28T06:37:37","date_gmt":"2025-05-28T06:37:37","guid":{"rendered":"https:\/\/todaykhoe.com\/?post_type=product&#038;p=116143"},"modified":"2025-05-30T06:42:14","modified_gmt":"2025-05-30T06:42:14","slug":"prostalix-capsule","status":"publish","type":"product","link":"https:\/\/www.todaykhoe.com\/sk\/product\/prostalix-capsule\/","title":{"rendered":"Prostalix Capsule"},"content":{"rendered":"<p><a href=\"https:\/\/todaykhoe.com\/product\/prostalix-capsule\/\"><b>Prostalix<\/b><\/a> capsules boost prostate function and men's health. The capsules boost potency, virility, and small pelvic blood flow. The manufacturer's website sells the organic cure at a good price. Kenya sold up to copies due to periodic pricing cuts.<\/p>\n<p>Forum posts about Prostalix suggest males like its action. There are no contraindication complains in the testimonials. Top urologists endorse the capsules. They passed multiple clinical trials with flying colours. Prostalix is one of the best natural male sex hormone supplements. It boosts male libido and maintains prostate size.<\/p>\n<p>Its major constituents are Fenugreek, Maca root, zinc, and boron. capsule efficacy averages 91% across all ages. Each package contains a Certificate of Quality. Prostalix completely clears prostatic infections and inflammations in all ages.<\/p>\n<h2>What is Prostalix and why does it exist?<\/h2>\n<p>Prostalix capsules boost prostate function naturally. Men increase strength and libido with the drugs. They restore gland size and alleviate BPH and prostatitis symptoms. The official website sells them cheaply. Top urologists and sexologists recommend the men's health treatment.<\/p>\n<p>They say Prostalix is one of the best organic medicines for staying strong and cheerful at any age. Prostalix capsule users for enhanced prostatic function had no complaints. The organic supplements boost male immunity and keep them vital throughout adulthood.<\/p>\n<p>They underwent extensive clinical studies in three countries. Product effectiveness for active men's health improvement is 91%. Prostalix is a natural medication that enhances sex and reduces nighttime bathroom visits.<\/p>\n<h4>Prostalix &#8211; Take action now<\/h4>\n<p>Ignoring prostatitis can have serious consequences, including benign prostatic hyperplasia (BPH), infertility, and even prostate cancer. Don\u2019t wait until it\u2019s too late. Take proactive steps to protect your prostate health with PROSTALIX .<\/p>\n<h3>Prostalix &#8211; The Prostate Revolution<\/h3>\n<p><b>Over the past year, PROSTALIX has changed the lives of countless individuals suffering from prostatitis. Our unique formula, rich in natural ingredients, is designed to:<\/b><\/p>\n<ul>\n<li>Relieve discomfort in the lower abdomen, rectum and testicles<\/li>\n<li>Ease urination<\/li>\n<li>Improve libido<\/li>\n<li>Boost immunity<\/li>\n<\/ul>\n<h4>Prostalix &#8211; Expert endorsement<\/h4>\n<p>Ignoring prostatitis can have serious consequences, including benign prostatic hyperplasia (BPH), infertility, and even prostate cancer. Don't wait until it's too late. Take proactive steps to protect your prostate health with PROSTALIX .<\/p>\n<h3>Forum opinions and comments from Prostalix<\/h3>\n<p>Forums rarely have bad Prostalix remarks. Men become healthier and stronger using the capsules, according to reviews. They restore prostate size and normal urination. This boosts libido and sex drive. Expert urologists also want to know if Prostalix is safe for BPH and prostatitis.<\/p>\n<p><b>Comments:<\/b><\/p>\n<blockquote><p>After telling a buddy about my prostate issues, I started taking Prostalix few weeks ago. It was painful to use the bathroom repeatedly at night. My wife was furious because my sex desire had practically disappeared. The acquaintance showed me the product's webpage, and I liked the price. Ordered capsules. I feel manlier than ever and my husband is happy in bed! Lucas Gonzalez, 49;<\/p>\n<p>\u2018Prostalix restored my prostate gland size and vigor and vitality. The capsules detoxify the body immediately. The capsules restored my bed confidence and enabled me fulfill my wife. Daniel Ruiz, 55;<\/p>\n<p>These natural supplements boost male potency and virility. My husband's enlarged prostate reduced his desire. He never wanted bedroom fun. He saw a urologist after I suggested it. For a month, he's taken these doctor-recommended capsules. His health is great and his sex drive is back! Florencia, 37;<\/p><\/blockquote>\n<h3>Prostalix &#8211; How to Apply?<\/h3>\n<ol>\n<li>Fill out the form.<\/li>\n<li>Wait for a customer service representative to contact you to confirm the order.<\/li>\n<li>Pay for the order upon receipt.<\/li>\n<\/ol>\n<h2>Prostalix Price in Kenya \u2014 Where to Buy?<\/h2>\n<p>The best location to acquire Prostalix in Kenya is the capsules&#8216; official website. A licensed website offers standard prices and high-quality ingredients. Additionally, Prostalix offers frequent discounts. When you order from them, the secret formula is guaranteed original.<\/p>\n<p>Prostalix is 50% off during the deal. Just enter some basic information on the official website's form. A customer representative will call you to clarify delivery information, so leave a current number. Delivery takes 7 days in inconspicuous packing. It can be paid by COD or bank card during order.<\/p>\n<p>Attention! Prostalix capsules are obtained online as usual. Clients fill out the order form, confirm over the phone, and wait for delivery, which can take a week. The order is paid COD or by bank card upon receipt!<\/p>\n","protected":false},"excerpt":{"rendered":"<h2><span style=\"color: #000000;\">Prostalix &#8211; The Prostate Revolution<\/span><\/h2>\n<ul>\n<li><span style=\"color: #000000;\">Relieve discomfort in the lower abdomen, rectum and testicles<\/span><\/li>\n<li><span style=\"color: #000000;\">Ease urination<\/span><\/li>\n<li><span style=\"color: #000000;\">Improve libido<\/span><\/li>\n<li><span style=\"color: #000000;\">Boost immunity<\/span><\/li>\n<\/ul>\n<p><strong><span style=\"font-size: 14pt; color: #000000;\">Old Price: <span style=\"color: #ff0000;\"><del>11980 KES<\/del><\/span><\/span><\/strong><\/p>\n<p><strong><span style=\"font-size: 16pt; color: #000000;\">New Price: <span style=\"color: #00ff00;\">5990 KES<\/span><\/span><\/strong><\/p>\n","protected":false},"featured_media":116145,"comment_status":"open","ping_status":"closed","template":"","meta":[],"product_brand":[],"product_cat":[439],"product_tag":[],"class_list":{"0":"post-116143","1":"product","2":"type-product","3":"status-publish","4":"has-post-thumbnail","6":"product_cat-intimacy","8":"first","9":"instock","10":"shipping-taxable","11":"product-type-external"},"yoast_head":"<!-- This site is optimized with the Yoast SEO plugin v27.3 - https:\/\/yoast.com\/product\/yoast-seo-wordpress\/ -->\n<title>Prostalix Capsule Price in Kenya - Capsule for Prostate Removal!<\/title>\n<meta name=\"description\" content=\"Prostalix capsules boost prostate function and men&#039;s health. The capsules boost potency, virility, and small pelvic blood flow. Prostalix Capsule Kenya\" \/>\n<meta name=\"robots\" content=\"index, follow, max-snippet:-1, max-image-preview:large, max-video-preview:-1\" \/>\n<link rel=\"canonical\" href=\"https:\/\/www.todaykhoe.com\/product\/prostalix-capsule\/\" \/>\n<meta property=\"og:locale\" content=\"sk_SK\" \/>\n<meta property=\"og:type\" content=\"article\" \/>\n<meta property=\"og:title\" content=\"Prostalix Capsule Price in Kenya - Capsule for Prostate Removal!\" \/>\n<meta property=\"og:description\" content=\"Prostalix capsules boost prostate function and men&#039;s health. The capsules boost potency, virility, and small pelvic blood flow. Prostalix Capsule Kenya\" \/>\n<meta property=\"og:url\" content=\"https:\/\/www.todaykhoe.com\/product\/prostalix-capsule\/\" \/>\n<meta property=\"og:site_name\" content=\"TodayKh\u1ecfe.Com\" \/>\n<meta property=\"article:modified_time\" content=\"2025-05-30T06:42:14+00:00\" \/>\n<meta property=\"og:image\" content=\"https:\/\/www.todaykhoe.com\/wp-content\/uploads\/2025\/05\/Prostalix.png\" \/>\n\t<meta property=\"og:image:width\" content=\"400\" \/>\n\t<meta property=\"og:image:height\" content=\"299\" \/>\n\t<meta property=\"og:image:type\" content=\"image\/png\" \/>\n<meta name=\"twitter:card\" content=\"summary_large_image\" \/>\n<meta name=\"twitter:label1\" content=\"Predpokladan\u00fd \u010das \u010d\u00edtania\" \/>\n\t<meta name=\"twitter:data1\" content=\"4 min\u00faty\" \/>\n<script type=\"application\/ld+json\" class=\"yoast-schema-graph\">{\"@context\":\"https:\\\/\\\/schema.org\",\"@graph\":[{\"@type\":\"WebPage\",\"@id\":\"https:\\\/\\\/www.todaykhoe.com\\\/product\\\/prostalix-capsule\\\/\",\"url\":\"https:\\\/\\\/www.todaykhoe.com\\\/product\\\/prostalix-capsule\\\/\",\"name\":\"Prostalix Capsule Price in Kenya - Capsule for Prostate Removal!\",\"isPartOf\":{\"@id\":\"https:\\\/\\\/www.todaykhoe.com\\\/#website\"},\"primaryImageOfPage\":{\"@id\":\"https:\\\/\\\/www.todaykhoe.com\\\/product\\\/prostalix-capsule\\\/#primaryimage\"},\"image\":{\"@id\":\"https:\\\/\\\/www.todaykhoe.com\\\/product\\\/prostalix-capsule\\\/#primaryimage\"},\"thumbnailUrl\":\"https:\\\/\\\/www.todaykhoe.com\\\/wp-content\\\/uploads\\\/2025\\\/05\\\/Prostalix.png\",\"datePublished\":\"2025-05-28T06:37:37+00:00\",\"dateModified\":\"2025-05-30T06:42:14+00:00\",\"description\":\"Prostalix capsules boost prostate function and men's health. The capsules boost potency, virility, and small pelvic blood flow. Prostalix Capsule Kenya\",\"breadcrumb\":{\"@id\":\"https:\\\/\\\/www.todaykhoe.com\\\/product\\\/prostalix-capsule\\\/#breadcrumb\"},\"inLanguage\":\"sk-SK\",\"potentialAction\":[{\"@type\":\"ReadAction\",\"target\":[\"https:\\\/\\\/www.todaykhoe.com\\\/product\\\/prostalix-capsule\\\/\"]}]},{\"@type\":\"ImageObject\",\"inLanguage\":\"sk-SK\",\"@id\":\"https:\\\/\\\/www.todaykhoe.com\\\/product\\\/prostalix-capsule\\\/#primaryimage\",\"url\":\"https:\\\/\\\/www.todaykhoe.com\\\/wp-content\\\/uploads\\\/2025\\\/05\\\/Prostalix.png\",\"contentUrl\":\"https:\\\/\\\/www.todaykhoe.com\\\/wp-content\\\/uploads\\\/2025\\\/05\\\/Prostalix.png\",\"width\":400,\"height\":299,\"caption\":\"Prostalix\"},{\"@type\":\"BreadcrumbList\",\"@id\":\"https:\\\/\\\/www.todaykhoe.com\\\/product\\\/prostalix-capsule\\\/#breadcrumb\",\"itemListElement\":[{\"@type\":\"ListItem\",\"position\":1,\"name\":\"Home\",\"item\":\"https:\\\/\\\/www.todaykhoe.com\\\/\"},{\"@type\":\"ListItem\",\"position\":2,\"name\":\"Shop\",\"item\":\"https:\\\/\\\/www.todaykhoe.com\\\/shop\\\/\"},{\"@type\":\"ListItem\",\"position\":3,\"name\":\"Prostalix Capsule\"}]},{\"@type\":\"WebSite\",\"@id\":\"https:\\\/\\\/www.todaykhoe.com\\\/#website\",\"url\":\"https:\\\/\\\/www.todaykhoe.com\\\/\",\"name\":\"TodayKh\u1ecfe.Com\",\"description\":\"Healthy Today, Fitness, Nutrition, Beauty, News!\",\"publisher\":{\"@id\":\"https:\\\/\\\/www.todaykhoe.com\\\/#organization\"},\"potentialAction\":[{\"@type\":\"SearchAction\",\"target\":{\"@type\":\"EntryPoint\",\"urlTemplate\":\"https:\\\/\\\/www.todaykhoe.com\\\/?s={search_term_string}\"},\"query-input\":{\"@type\":\"PropertyValueSpecification\",\"valueRequired\":true,\"valueName\":\"search_term_string\"}}],\"inLanguage\":\"sk-SK\"},{\"@type\":\"Organization\",\"@id\":\"https:\\\/\\\/www.todaykhoe.com\\\/#organization\",\"name\":\"TodayKh\u1ecfe.Com\",\"url\":\"https:\\\/\\\/www.todaykhoe.com\\\/\",\"logo\":{\"@type\":\"ImageObject\",\"inLanguage\":\"sk-SK\",\"@id\":\"https:\\\/\\\/www.todaykhoe.com\\\/#\\\/schema\\\/logo\\\/image\\\/\",\"url\":\"https:\\\/\\\/www.todaykhoe.com\\\/wp-content\\\/uploads\\\/2025\\\/04\\\/Todaykhoe.png\",\"contentUrl\":\"https:\\\/\\\/www.todaykhoe.com\\\/wp-content\\\/uploads\\\/2025\\\/04\\\/Todaykhoe.png\",\"width\":706,\"height\":159,\"caption\":\"TodayKh\u1ecfe.Com\"},\"image\":{\"@id\":\"https:\\\/\\\/www.todaykhoe.com\\\/#\\\/schema\\\/logo\\\/image\\\/\"}}]}<\/script>\n<!-- \/ Yoast SEO plugin. -->","yoast_head_json":{"title":"Prostalix Capsule Price in Kenya - Capsule for Prostate Removal!","description":"Prostalix capsules boost prostate function and men's health. The capsules boost potency, virility, and small pelvic blood flow. Prostalix Capsule Kenya","robots":{"index":"index","follow":"follow","max-snippet":"max-snippet:-1","max-image-preview":"max-image-preview:large","max-video-preview":"max-video-preview:-1"},"canonical":"https:\/\/www.todaykhoe.com\/product\/prostalix-capsule\/","og_locale":"sk_SK","og_type":"article","og_title":"Prostalix Capsule Price in Kenya - Capsule for Prostate Removal!","og_description":"Prostalix capsules boost prostate function and men's health. The capsules boost potency, virility, and small pelvic blood flow. Prostalix Capsule Kenya","og_url":"https:\/\/www.todaykhoe.com\/product\/prostalix-capsule\/","og_site_name":"TodayKh\u1ecfe.Com","article_modified_time":"2025-05-30T06:42:14+00:00","og_image":[{"width":400,"height":299,"url":"https:\/\/www.todaykhoe.com\/wp-content\/uploads\/2025\/05\/Prostalix.png","type":"image\/png"}],"twitter_card":"summary_large_image","twitter_misc":{"Predpokladan\u00fd \u010das \u010d\u00edtania":"4 min\u00faty"},"schema":{"@context":"https:\/\/schema.org","@graph":[{"@type":"WebPage","@id":"https:\/\/www.todaykhoe.com\/product\/prostalix-capsule\/","url":"https:\/\/www.todaykhoe.com\/product\/prostalix-capsule\/","name":"Prostalix Capsule Price in Kenya - Capsule for Prostate Removal!","isPartOf":{"@id":"https:\/\/www.todaykhoe.com\/#website"},"primaryImageOfPage":{"@id":"https:\/\/www.todaykhoe.com\/product\/prostalix-capsule\/#primaryimage"},"image":{"@id":"https:\/\/www.todaykhoe.com\/product\/prostalix-capsule\/#primaryimage"},"thumbnailUrl":"https:\/\/www.todaykhoe.com\/wp-content\/uploads\/2025\/05\/Prostalix.png","datePublished":"2025-05-28T06:37:37+00:00","dateModified":"2025-05-30T06:42:14+00:00","description":"Prostalix capsules boost prostate function and men's health. The capsules boost potency, virility, and small pelvic blood flow. Prostalix Capsule Kenya","breadcrumb":{"@id":"https:\/\/www.todaykhoe.com\/product\/prostalix-capsule\/#breadcrumb"},"inLanguage":"sk-SK","potentialAction":[{"@type":"ReadAction","target":["https:\/\/www.todaykhoe.com\/product\/prostalix-capsule\/"]}]},{"@type":"ImageObject","inLanguage":"sk-SK","@id":"https:\/\/www.todaykhoe.com\/product\/prostalix-capsule\/#primaryimage","url":"https:\/\/www.todaykhoe.com\/wp-content\/uploads\/2025\/05\/Prostalix.png","contentUrl":"https:\/\/www.todaykhoe.com\/wp-content\/uploads\/2025\/05\/Prostalix.png","width":400,"height":299,"caption":"Prostalix"},{"@type":"BreadcrumbList","@id":"https:\/\/www.todaykhoe.com\/product\/prostalix-capsule\/#breadcrumb","itemListElement":[{"@type":"ListItem","position":1,"name":"Home","item":"https:\/\/www.todaykhoe.com\/"},{"@type":"ListItem","position":2,"name":"Shop","item":"https:\/\/www.todaykhoe.com\/shop\/"},{"@type":"ListItem","position":3,"name":"Prostalix Capsule"}]},{"@type":"WebSite","@id":"https:\/\/www.todaykhoe.com\/#website","url":"https:\/\/www.todaykhoe.com\/","name":"TodayKh\u1ecfe.Com","description":"Healthy Today, Fitness, Nutrition, Beauty, News!","publisher":{"@id":"https:\/\/www.todaykhoe.com\/#organization"},"potentialAction":[{"@type":"SearchAction","target":{"@type":"EntryPoint","urlTemplate":"https:\/\/www.todaykhoe.com\/?s={search_term_string}"},"query-input":{"@type":"PropertyValueSpecification","valueRequired":true,"valueName":"search_term_string"}}],"inLanguage":"sk-SK"},{"@type":"Organization","@id":"https:\/\/www.todaykhoe.com\/#organization","name":"TodayKh\u1ecfe.Com","url":"https:\/\/www.todaykhoe.com\/","logo":{"@type":"ImageObject","inLanguage":"sk-SK","@id":"https:\/\/www.todaykhoe.com\/#\/schema\/logo\/image\/","url":"https:\/\/www.todaykhoe.com\/wp-content\/uploads\/2025\/04\/Todaykhoe.png","contentUrl":"https:\/\/www.todaykhoe.com\/wp-content\/uploads\/2025\/04\/Todaykhoe.png","width":706,"height":159,"caption":"TodayKh\u1ecfe.Com"},"image":{"@id":"https:\/\/www.todaykhoe.com\/#\/schema\/logo\/image\/"}}]}},"_links":{"self":[{"href":"https:\/\/www.todaykhoe.com\/sk\/wp-json\/wp\/v2\/product\/116143","targetHints":{"allow":["GET"]}}],"collection":[{"href":"https:\/\/www.todaykhoe.com\/sk\/wp-json\/wp\/v2\/product"}],"about":[{"href":"https:\/\/www.todaykhoe.com\/sk\/wp-json\/wp\/v2\/types\/product"}],"replies":[{"embeddable":true,"href":"https:\/\/www.todaykhoe.com\/sk\/wp-json\/wp\/v2\/comments?post=116143"}],"wp:featuredmedia":[{"embeddable":true,"href":"https:\/\/www.todaykhoe.com\/sk\/wp-json\/wp\/v2\/media\/116145"}],"wp:attachment":[{"href":"https:\/\/www.todaykhoe.com\/sk\/wp-json\/wp\/v2\/media?parent=116143"}],"wp:term":[{"taxonomy":"product_brand","embeddable":true,"href":"https:\/\/www.todaykhoe.com\/sk\/wp-json\/wp\/v2\/product_brand?post=116143"},{"taxonomy":"product_cat","embeddable":true,"href":"https:\/\/www.todaykhoe.com\/sk\/wp-json\/wp\/v2\/product_cat?post=116143"},{"taxonomy":"product_tag","embeddable":true,"href":"https:\/\/www.todaykhoe.com\/sk\/wp-json\/wp\/v2\/product_tag?post=116143"}],"curies":[{"name":"wp","href":"https:\/\/api.w.org\/{rel}","templated":true}]}}