{"id":113658,"date":"2024-12-26T11:30:04","date_gmt":"2024-12-26T11:30:04","guid":{"rendered":"https:\/\/todaykhoe.com\/?post_type=product&#038;p=113658"},"modified":"2024-12-26T12:30:44","modified_gmt":"2024-12-26T12:30:44","slug":"xenoprost-active-capsule-price-2025","status":"publish","type":"product","link":"https:\/\/www.todaykhoe.com\/sk\/product\/xenoprost-active-capsule-price-2025\/","title":{"rendered":"Xenoprost Active Capsule Price 2024 &#8211; for Prostate Health (Nigeria)"},"content":{"rendered":"<p>Xenoprost Active herbal capsules relieve recurrent urination, prostatitis, and benign prostatic hyperplasia symptoms quickly. Additionally, the drug reduces urinary tract inflammations and infections, allowing you to pee more often. It also boosts blood flow to the small pelvis, allowing you to stay erect longer during sexual activity. Many Nigerian men have improved their sexual performance with this remedy. You can get great deals on the manufacturer's website. Xenoprost has been praised for improving men's health in internet communities.<\/p>\n<p>Expert urologists and sexologists are impressed by Xenoprost Active. Organic capsules boost sexual desire and performance by producing nitric oxide and other hormones. Your endurance will improve immediately when you start taking them. Your partner will too! The organic composition is based on urinary-cleansing herbs. Prostate bacteria are removed together with prostate reduction. Clinical trials predict 95% efficacy for prostatitis and BPH treatment. One of the best options for organic virility and reproductive health recovery is Xenoprost Active.<\/p>\n<p>Prostatitis, prostate gland inflammation, causes pain, discomfort, and urinary issues. Prostatitis may be caused by bacterial infections, stress, and lifestyle factors such poor diet and lack of exercise. Prostate health is important for general health, and men can take numerous steps to improve it.<\/p>\n<h3><span style=\"color: #000000;\">Short Detail about <a href=\"https:\/\/todaykhoe.com\/product\/xenoprost-active-capsule-price-2025\/\"><span style=\"text-decoration: underline; color: #33cccc;\">XENOPROST ACTIVE<\/span><\/a><\/span><\/h3>\n<table style=\"width: 100%; height: 316px;\">\n<tbody>\n<tr style=\"height: 26px;\">\n<td style=\"height: 26px; width: 41.2%;\"><span style=\"color: #000000;\">Product<\/span><\/td>\n<td style=\"height: 26px; width: 58.8%;\"><span style=\"color: #000000;\">Xenoprost Active<\/span><\/td>\n<\/tr>\n<tr style=\"height: 26px;\">\n<td style=\"height: 26px; width: 41.2%;\"><span style=\"color: #000000;\">Client Reviews<\/span><\/td>\n<td style=\"height: 26px; width: 58.8%;\"><span style=\"color: #000000;\"><img loading=\"lazy\" decoding=\"async\" class=\"emoji\" role=\"img\" draggable=\"false\" src=\"https:\/\/s.w.org\/images\/core\/emoji\/14.0.0\/svg\/2b50.svg\" alt=\"\u2b50\ufe0f\" width=\"5\" height=\"5\" \/><img decoding=\"async\" class=\"emoji\" role=\"img\" draggable=\"false\" src=\"https:\/\/s.w.org\/images\/core\/emoji\/14.0.0\/svg\/2b50.svg\" alt=\"\u2b50\ufe0f\" \/><img decoding=\"async\" class=\"emoji\" role=\"img\" draggable=\"false\" src=\"https:\/\/s.w.org\/images\/core\/emoji\/14.0.0\/svg\/2b50.svg\" alt=\"\u2b50\ufe0f\" \/><img decoding=\"async\" class=\"emoji\" role=\"img\" draggable=\"false\" src=\"https:\/\/s.w.org\/images\/core\/emoji\/14.0.0\/svg\/2b50.svg\" alt=\"\u2b50\ufe0f\" \/><img decoding=\"async\" class=\"emoji\" role=\"img\" draggable=\"false\" src=\"https:\/\/s.w.org\/images\/core\/emoji\/14.0.0\/svg\/2b50.svg\" alt=\"\u2b50\ufe0f\" \/><\/span><\/td>\n<\/tr>\n<tr style=\"height: 26px;\">\n<td style=\"height: 26px; width: 41.2%;\"><span style=\"color: #000000;\">Where to Buy? Online Website<\/span><\/td>\n<td style=\"height: 26px; width: 58.8%;\"><a href=\"https:\/\/todaykhoe.com\/buy-xenoprost-active-ng\"><span style=\"color: #33cccc;\"><strong><span style=\"text-decoration: underline;\">\u25b6\ufe0f Go For Order<\/span><\/strong><\/span><\/a><\/td>\n<\/tr>\n<tr style=\"height: 26px;\">\n<td style=\"height: 26px; width: 41.2%;\"><span style=\"color: #000000;\">Available in Pharmacies<\/span><\/td>\n<td style=\"height: 26px; width: 58.8%;\"><span style=\"color: #000000;\">No<\/span><\/td>\n<\/tr>\n<tr style=\"height: 26px;\">\n<td style=\"height: 26px; width: 41.2%;\"><span style=\"color: #000000;\">Is it a Scam?<\/span><\/td>\n<td style=\"height: 26px; width: 58.8%;\"><span style=\"color: #000000;\"><img decoding=\"async\" class=\"emoji\" role=\"img\" draggable=\"false\" src=\"https:\/\/s.w.org\/images\/core\/emoji\/14.0.0\/svg\/26d4.svg\" alt=\"\u26d4\ufe0f\" \/>The original product works<\/span><\/td>\n<\/tr>\n<tr style=\"height: 26px;\">\n<td style=\"height: 26px; width: 41.2%;\"><span style=\"color: #000000;\">Category<\/span><\/td>\n<td style=\"height: 26px; width: 58.8%;\"><span style=\"color: #000000;\">Prostates Health<\/span><\/td>\n<\/tr>\n<tr style=\"height: 26px;\">\n<td style=\"height: 26px; width: 41.2%;\"><span style=\"color: #000000;\">Expert Opinions<\/span><\/td>\n<td style=\"height: 26px; width: 58.8%;\"><span style=\"color: #000000;\">Recommended Product<\/span><\/td>\n<\/tr>\n<tr style=\"height: 26px;\">\n<td style=\"height: 26px; width: 41.2%;\"><span style=\"color: #000000;\">Ingredients<\/span><\/td>\n<td style=\"height: 26px; width: 58.8%;\"><span style=\"color: #000000;\">100% Natural<\/span><\/td>\n<\/tr>\n<tr style=\"height: 26px;\">\n<td style=\"height: 26px; width: 41.2%;\"><span style=\"color: #000000;\">Easy to Use?<\/span><\/td>\n<td style=\"height: 26px; width: 58.8%;\"><span style=\"color: #000000;\">Yes, see the instructions<\/span><\/td>\n<\/tr>\n<tr style=\"height: 26px;\">\n<td style=\"height: 26px; width: 41.2%;\"><span style=\"color: #000000;\">Side Effects<\/span><\/td>\n<td style=\"height: 26px; width: 58.8%;\"><span style=\"color: #000000;\"><img decoding=\"async\" class=\"emoji\" role=\"img\" draggable=\"false\" src=\"https:\/\/s.w.org\/images\/core\/emoji\/14.0.0\/svg\/274c.svg\" alt=\"\u274c\" \/>None<\/span><\/td>\n<\/tr>\n<tr style=\"height: 28px;\">\n<td style=\"height: 28px; width: 41.2%;\"><span style=\"color: #000000;\">Sold on Amazon<\/span><\/td>\n<td style=\"height: 28px; width: 58.8%;\"><span style=\"color: #000000;\">Not available<\/span><\/td>\n<\/tr>\n<tr style=\"height: 28px;\">\n<td style=\"height: 28px; width: 41.2%;\"><span style=\"color: #000000;\">Original & Fake<\/span><\/td>\n<td style=\"height: 28px; width: 58.8%;\"><span style=\"color: #000000;\">Yes, Original Capsule<\/span><\/td>\n<\/tr>\n<\/tbody>\n<\/table>\n<h2>What does Xenoprost Active accomplish and what is it?<\/h2>\n<p>Xenoprost Active capsules treat prostatitis and BPH fast. The natural urinary and reproductive treatment increases male nitric oxide and hormones. Physiological function requires this. One can perform better and stay in bed longer after prostate normalization. The official website has copies too. Xenoprost Active is one of the most trustworthy men's health drugs, claim urologists.<\/p>\n<p>Customers seem happy with Xenoprost Active's function and effects, and they haven't complained. Given that the product performed well in clinical trials, this is not surprising. 95% of outcomes were positive. Any age group above 18 can use this number. Natural pills also increase sexual experience for both parties. It lets men perform longer, making it easier for women to reach their climax. Prostatitis and an enlarged prostate gland can be treated naturally with Xenoprost Active.<\/p>\n<p>Xenoprost Active is a prostate health and urinary tract support capsule. The formula contains vitamins, C, E, K and B1, in addition to minerals such as molybdenum, zinc and chromium.<\/p>\n<h3>Why Choose this Formula? When Buying Prostatitis Remedy, the Options Are Endless!<\/h3>\n<p><b>The nature-derived formula of Xenoprost Active helps you improve your overall well-being by restoring your prostate health and reducing symptoms such as:<\/b><\/p>\n<ul>\n<li>Erectile dysfunction<\/li>\n<li>Frequent urination<\/li>\n<li>Feeling of heaviness in the groin<\/li>\n<\/ul>\n<h4>What symptoms may indicate the onset of prostate problems in men?<\/h4>\n<ul>\n<li>Decreased potency and libido<\/li>\n<li>Weakness, fatigue<\/li>\n<li>Headaches more than once a month<\/li>\n<li>Painful sensations after intercourse<\/li>\n<li>Premature ejaculation<\/li>\n<li>Hemorrhoids<\/li>\n<li>Constipation<\/li>\n<\/ul>\n<h3>Forum discussions about Xenoprost<\/h3>\n<p>Forums rarely post negative remarks on Xenoprost Active. Customers with enlarged prostate glands are satisfied with the capsules&#8216; activity and benefits. They say the procedure has given them sexual satisfaction with their husbands they never had before. Urinary irregularities, pain, and irritation have decreased. Xenoprost Active is one of the best organic reproductive supplements, according to many urologists.<\/p>\n<p><b>Perspectives:<\/b><\/p>\n<blockquote><p>Organic remedies for enlarged prostates like Xenoprost Active are successful. I've tried many products, but none have helped me as much as I'd want. No more nighttime urination. My wife is pleased that my sexual urge has returned. Carlos Fernandez, 47;<\/p>\n<p>Taking these capsules has immediate results. They boost energy and help the prostate shrink. I recommend these to any BPH and prostatitis sufferers. The herbal blend helps you satisfy your woman and prolongs your romance. 53-year-old Medellin resident Antonio Ruiz;<\/p>\n<p>&#8222;Since my husband began taking these capsules, his prostatic functions have significantly improved, and he no longer experiences any discomfort when he goes to the bathroom.&#8220; He wants sex with me all the time, which makes me happy. He roars like a tiger in bed. 49-year-old;<\/p><\/blockquote>\n<h3>How to take Xenoprost Active?<\/h3>\n<p><b>Recommended intake for quicker results:<\/b><\/p>\n<ul>\n<li>Take 2 capsules once a day after meals.<\/li>\n<li>Continue the course for at least 1 month to see results.<\/li>\n<\/ul>\n<h2>What is the price and where to get Xenoprost Active in Nigeria?<\/h2>\n<p>Go to the official website immediately to stop searching for a cheap spot to get Xenoprost Active in Nigeria. To treat an enlarged prostate gland, contact the certified website and acquire legitimate tablets immediately. Confidentiality of delivery is also possible. The box is discreet and does not list the ingredients. Xenoprost Active also has regular discounts.<\/p>\n<p>Xenoprost Active is 50% off during this deal. You should order quickly because the deal is limited. Complete the simple form on the company's website and send it to them. Your order will arrive within a few days when a customer care representative contacts you to clarify shipping details.<\/p>\n<p>Look at this! Xenoprost Active capsules, which promote prostatic and reproductive processes, are ordered like other digital products. The customer fills out an order form, confirms the data over the phone, and waits for delivery, which can take a week. Cash on delivery pays for the order.<\/p>\n","protected":false},"excerpt":{"rendered":"<h2><span style=\"color: #000000;\">Benefits of Xenoprost Active<\/span><\/h2>\n<ul class=\"article-list marker\">\n<li class=\"article-text\"><span style=\"color: #000000;\">Increasing interest in women and sex in general<\/span><\/li>\n<li class=\"article-text\"><span style=\"color: #000000;\">Increasing pleasure during sex<\/span><\/li>\n<li class=\"article-text\"><span style=\"color: #000000;\">Boosting testosterone production (3-4 times before sex, increasing passion)<\/span><\/li>\n<li class=\"article-text\"><span style=\"color: #000000;\">Improving sperm quality and quantity<\/span><\/li>\n<li class=\"article-text\"><span style=\"color: #000000;\">Increasing the duration of sexual intercourse (up to 3 hours with active movements)<\/span><\/li>\n<li class=\"article-text\"><span style=\"color: #000000;\">Increasing the sensitivity of the penis and erogenous zones<\/span><\/li>\n<\/ul>\n<p><span style=\"font-size: 14pt;\"><b><span style=\"color: #000000;\">Old Price: <span style=\"color: #ff0000;\"><del>98000 NGN<\/del><\/span><\/span><br \/>\n<\/b><\/span><\/p>\n<p><span style=\"color: #000000; font-size: 16pt;\"><b>New Price: <span style=\"color: #33cccc;\">49000 NGN<\/span><\/b><\/span><\/p>\n","protected":false},"featured_media":113850,"comment_status":"open","ping_status":"closed","template":"","meta":[],"product_brand":[],"product_cat":[439],"product_tag":[],"class_list":{"0":"post-113658","1":"product","2":"type-product","3":"status-publish","4":"has-post-thumbnail","6":"product_cat-intimacy","8":"first","9":"instock","10":"shipping-taxable","11":"product-type-external"},"yoast_head":"<!-- This site is optimized with the Yoast SEO plugin v27.3 - https:\/\/yoast.com\/product\/yoast-seo-wordpress\/ -->\n<title>Xenoprost Active Capsule Price 2025 - for Prostate Health (Nigeria)<\/title>\n<meta name=\"description\" content=\"Xenoprost Active capsule relieves prostatitis and BPH symptoms quickly. The natural urinary and reproductive treatment boosts male nitric oxide. Nigeria\" \/>\n<meta name=\"robots\" content=\"index, follow, max-snippet:-1, max-image-preview:large, max-video-preview:-1\" \/>\n<link rel=\"canonical\" href=\"https:\/\/www.todaykhoe.com\/product\/xenoprost-active-capsule-price-2025\/\" \/>\n<meta property=\"og:locale\" content=\"sk_SK\" \/>\n<meta property=\"og:type\" content=\"article\" \/>\n<meta property=\"og:title\" content=\"Xenoprost Active Capsule Price 2025 - for Prostate Health (Nigeria)\" \/>\n<meta property=\"og:description\" content=\"Xenoprost Active capsule relieves prostatitis and BPH symptoms quickly. The natural urinary and reproductive treatment boosts male nitric oxide. Nigeria\" \/>\n<meta property=\"og:url\" content=\"https:\/\/www.todaykhoe.com\/product\/xenoprost-active-capsule-price-2025\/\" \/>\n<meta property=\"og:site_name\" content=\"TodayKh\u1ecfe.Com\" \/>\n<meta property=\"article:modified_time\" content=\"2024-12-26T12:30:44+00:00\" \/>\n<meta property=\"og:image\" content=\"https:\/\/www.todaykhoe.com\/wp-content\/uploads\/2024\/09\/Xenoprost-Active-Nigeria.png\" \/>\n\t<meta property=\"og:image:width\" content=\"629\" \/>\n\t<meta property=\"og:image:height\" content=\"419\" \/>\n\t<meta property=\"og:image:type\" content=\"image\/png\" \/>\n<meta name=\"twitter:card\" content=\"summary_large_image\" \/>\n<meta name=\"twitter:label1\" content=\"Predpokladan\u00fd \u010das \u010d\u00edtania\" \/>\n\t<meta name=\"twitter:data1\" content=\"4 min\u00faty\" \/>\n<script type=\"application\/ld+json\" class=\"yoast-schema-graph\">{\"@context\":\"https:\\\/\\\/schema.org\",\"@graph\":[{\"@type\":\"WebPage\",\"@id\":\"https:\\\/\\\/www.todaykhoe.com\\\/product\\\/xenoprost-active-capsule-price-2025\\\/\",\"url\":\"https:\\\/\\\/www.todaykhoe.com\\\/product\\\/xenoprost-active-capsule-price-2025\\\/\",\"name\":\"Xenoprost Active Capsule Price 2025 - for Prostate Health (Nigeria)\",\"isPartOf\":{\"@id\":\"https:\\\/\\\/www.todaykhoe.com\\\/#website\"},\"primaryImageOfPage\":{\"@id\":\"https:\\\/\\\/www.todaykhoe.com\\\/product\\\/xenoprost-active-capsule-price-2025\\\/#primaryimage\"},\"image\":{\"@id\":\"https:\\\/\\\/www.todaykhoe.com\\\/product\\\/xenoprost-active-capsule-price-2025\\\/#primaryimage\"},\"thumbnailUrl\":\"https:\\\/\\\/www.todaykhoe.com\\\/wp-content\\\/uploads\\\/2024\\\/09\\\/Xenoprost-Active-Nigeria.png\",\"datePublished\":\"2024-12-26T11:30:04+00:00\",\"dateModified\":\"2024-12-26T12:30:44+00:00\",\"description\":\"Xenoprost Active capsule relieves prostatitis and BPH symptoms quickly. The natural urinary and reproductive treatment boosts male nitric oxide. Nigeria\",\"breadcrumb\":{\"@id\":\"https:\\\/\\\/www.todaykhoe.com\\\/product\\\/xenoprost-active-capsule-price-2025\\\/#breadcrumb\"},\"inLanguage\":\"sk-SK\",\"potentialAction\":[{\"@type\":\"ReadAction\",\"target\":[\"https:\\\/\\\/www.todaykhoe.com\\\/product\\\/xenoprost-active-capsule-price-2025\\\/\"]}]},{\"@type\":\"ImageObject\",\"inLanguage\":\"sk-SK\",\"@id\":\"https:\\\/\\\/www.todaykhoe.com\\\/product\\\/xenoprost-active-capsule-price-2025\\\/#primaryimage\",\"url\":\"https:\\\/\\\/www.todaykhoe.com\\\/wp-content\\\/uploads\\\/2024\\\/09\\\/Xenoprost-Active-Nigeria.png\",\"contentUrl\":\"https:\\\/\\\/www.todaykhoe.com\\\/wp-content\\\/uploads\\\/2024\\\/09\\\/Xenoprost-Active-Nigeria.png\",\"width\":629,\"height\":419},{\"@type\":\"BreadcrumbList\",\"@id\":\"https:\\\/\\\/www.todaykhoe.com\\\/product\\\/xenoprost-active-capsule-price-2025\\\/#breadcrumb\",\"itemListElement\":[{\"@type\":\"ListItem\",\"position\":1,\"name\":\"Home\",\"item\":\"https:\\\/\\\/www.todaykhoe.com\\\/\"},{\"@type\":\"ListItem\",\"position\":2,\"name\":\"Shop\",\"item\":\"https:\\\/\\\/www.todaykhoe.com\\\/shop\\\/\"},{\"@type\":\"ListItem\",\"position\":3,\"name\":\"Xenoprost Active Capsule Price 2024 &#8211; for Prostate Health (Nigeria)\"}]},{\"@type\":\"WebSite\",\"@id\":\"https:\\\/\\\/www.todaykhoe.com\\\/#website\",\"url\":\"https:\\\/\\\/www.todaykhoe.com\\\/\",\"name\":\"TodayKh\u1ecfe.Com\",\"description\":\"Healthy Today, Fitness, Nutrition, Beauty, News!\",\"publisher\":{\"@id\":\"https:\\\/\\\/www.todaykhoe.com\\\/#organization\"},\"potentialAction\":[{\"@type\":\"SearchAction\",\"target\":{\"@type\":\"EntryPoint\",\"urlTemplate\":\"https:\\\/\\\/www.todaykhoe.com\\\/?s={search_term_string}\"},\"query-input\":{\"@type\":\"PropertyValueSpecification\",\"valueRequired\":true,\"valueName\":\"search_term_string\"}}],\"inLanguage\":\"sk-SK\"},{\"@type\":\"Organization\",\"@id\":\"https:\\\/\\\/www.todaykhoe.com\\\/#organization\",\"name\":\"TodayKh\u1ecfe.Com\",\"url\":\"https:\\\/\\\/www.todaykhoe.com\\\/\",\"logo\":{\"@type\":\"ImageObject\",\"inLanguage\":\"sk-SK\",\"@id\":\"https:\\\/\\\/www.todaykhoe.com\\\/#\\\/schema\\\/logo\\\/image\\\/\",\"url\":\"https:\\\/\\\/www.todaykhoe.com\\\/wp-content\\\/uploads\\\/2025\\\/04\\\/Todaykhoe.png\",\"contentUrl\":\"https:\\\/\\\/www.todaykhoe.com\\\/wp-content\\\/uploads\\\/2025\\\/04\\\/Todaykhoe.png\",\"width\":706,\"height\":159,\"caption\":\"TodayKh\u1ecfe.Com\"},\"image\":{\"@id\":\"https:\\\/\\\/www.todaykhoe.com\\\/#\\\/schema\\\/logo\\\/image\\\/\"}}]}<\/script>\n<!-- \/ Yoast SEO plugin. -->","yoast_head_json":{"title":"Xenoprost Active Capsule Price 2025 - for Prostate Health (Nigeria)","description":"Xenoprost Active capsule relieves prostatitis and BPH symptoms quickly. The natural urinary and reproductive treatment boosts male nitric oxide. Nigeria","robots":{"index":"index","follow":"follow","max-snippet":"max-snippet:-1","max-image-preview":"max-image-preview:large","max-video-preview":"max-video-preview:-1"},"canonical":"https:\/\/www.todaykhoe.com\/product\/xenoprost-active-capsule-price-2025\/","og_locale":"sk_SK","og_type":"article","og_title":"Xenoprost Active Capsule Price 2025 - for Prostate Health (Nigeria)","og_description":"Xenoprost Active capsule relieves prostatitis and BPH symptoms quickly. The natural urinary and reproductive treatment boosts male nitric oxide. Nigeria","og_url":"https:\/\/www.todaykhoe.com\/product\/xenoprost-active-capsule-price-2025\/","og_site_name":"TodayKh\u1ecfe.Com","article_modified_time":"2024-12-26T12:30:44+00:00","og_image":[{"width":629,"height":419,"url":"https:\/\/www.todaykhoe.com\/wp-content\/uploads\/2024\/09\/Xenoprost-Active-Nigeria.png","type":"image\/png"}],"twitter_card":"summary_large_image","twitter_misc":{"Predpokladan\u00fd \u010das \u010d\u00edtania":"4 min\u00faty"},"schema":{"@context":"https:\/\/schema.org","@graph":[{"@type":"WebPage","@id":"https:\/\/www.todaykhoe.com\/product\/xenoprost-active-capsule-price-2025\/","url":"https:\/\/www.todaykhoe.com\/product\/xenoprost-active-capsule-price-2025\/","name":"Xenoprost Active Capsule Price 2025 - for Prostate Health (Nigeria)","isPartOf":{"@id":"https:\/\/www.todaykhoe.com\/#website"},"primaryImageOfPage":{"@id":"https:\/\/www.todaykhoe.com\/product\/xenoprost-active-capsule-price-2025\/#primaryimage"},"image":{"@id":"https:\/\/www.todaykhoe.com\/product\/xenoprost-active-capsule-price-2025\/#primaryimage"},"thumbnailUrl":"https:\/\/www.todaykhoe.com\/wp-content\/uploads\/2024\/09\/Xenoprost-Active-Nigeria.png","datePublished":"2024-12-26T11:30:04+00:00","dateModified":"2024-12-26T12:30:44+00:00","description":"Xenoprost Active capsule relieves prostatitis and BPH symptoms quickly. The natural urinary and reproductive treatment boosts male nitric oxide. Nigeria","breadcrumb":{"@id":"https:\/\/www.todaykhoe.com\/product\/xenoprost-active-capsule-price-2025\/#breadcrumb"},"inLanguage":"sk-SK","potentialAction":[{"@type":"ReadAction","target":["https:\/\/www.todaykhoe.com\/product\/xenoprost-active-capsule-price-2025\/"]}]},{"@type":"ImageObject","inLanguage":"sk-SK","@id":"https:\/\/www.todaykhoe.com\/product\/xenoprost-active-capsule-price-2025\/#primaryimage","url":"https:\/\/www.todaykhoe.com\/wp-content\/uploads\/2024\/09\/Xenoprost-Active-Nigeria.png","contentUrl":"https:\/\/www.todaykhoe.com\/wp-content\/uploads\/2024\/09\/Xenoprost-Active-Nigeria.png","width":629,"height":419},{"@type":"BreadcrumbList","@id":"https:\/\/www.todaykhoe.com\/product\/xenoprost-active-capsule-price-2025\/#breadcrumb","itemListElement":[{"@type":"ListItem","position":1,"name":"Home","item":"https:\/\/www.todaykhoe.com\/"},{"@type":"ListItem","position":2,"name":"Shop","item":"https:\/\/www.todaykhoe.com\/shop\/"},{"@type":"ListItem","position":3,"name":"Xenoprost Active Capsule Price 2024 &#8211; for Prostate Health (Nigeria)"}]},{"@type":"WebSite","@id":"https:\/\/www.todaykhoe.com\/#website","url":"https:\/\/www.todaykhoe.com\/","name":"TodayKh\u1ecfe.Com","description":"Healthy Today, Fitness, Nutrition, Beauty, News!","publisher":{"@id":"https:\/\/www.todaykhoe.com\/#organization"},"potentialAction":[{"@type":"SearchAction","target":{"@type":"EntryPoint","urlTemplate":"https:\/\/www.todaykhoe.com\/?s={search_term_string}"},"query-input":{"@type":"PropertyValueSpecification","valueRequired":true,"valueName":"search_term_string"}}],"inLanguage":"sk-SK"},{"@type":"Organization","@id":"https:\/\/www.todaykhoe.com\/#organization","name":"TodayKh\u1ecfe.Com","url":"https:\/\/www.todaykhoe.com\/","logo":{"@type":"ImageObject","inLanguage":"sk-SK","@id":"https:\/\/www.todaykhoe.com\/#\/schema\/logo\/image\/","url":"https:\/\/www.todaykhoe.com\/wp-content\/uploads\/2025\/04\/Todaykhoe.png","contentUrl":"https:\/\/www.todaykhoe.com\/wp-content\/uploads\/2025\/04\/Todaykhoe.png","width":706,"height":159,"caption":"TodayKh\u1ecfe.Com"},"image":{"@id":"https:\/\/www.todaykhoe.com\/#\/schema\/logo\/image\/"}}]}},"_links":{"self":[{"href":"https:\/\/www.todaykhoe.com\/sk\/wp-json\/wp\/v2\/product\/113658","targetHints":{"allow":["GET"]}}],"collection":[{"href":"https:\/\/www.todaykhoe.com\/sk\/wp-json\/wp\/v2\/product"}],"about":[{"href":"https:\/\/www.todaykhoe.com\/sk\/wp-json\/wp\/v2\/types\/product"}],"replies":[{"embeddable":true,"href":"https:\/\/www.todaykhoe.com\/sk\/wp-json\/wp\/v2\/comments?post=113658"}],"wp:featuredmedia":[{"embeddable":true,"href":"https:\/\/www.todaykhoe.com\/sk\/wp-json\/wp\/v2\/media\/113850"}],"wp:attachment":[{"href":"https:\/\/www.todaykhoe.com\/sk\/wp-json\/wp\/v2\/media?parent=113658"}],"wp:term":[{"taxonomy":"product_brand","embeddable":true,"href":"https:\/\/www.todaykhoe.com\/sk\/wp-json\/wp\/v2\/product_brand?post=113658"},{"taxonomy":"product_cat","embeddable":true,"href":"https:\/\/www.todaykhoe.com\/sk\/wp-json\/wp\/v2\/product_cat?post=113658"},{"taxonomy":"product_tag","embeddable":true,"href":"https:\/\/www.todaykhoe.com\/sk\/wp-json\/wp\/v2\/product_tag?post=113658"}],"curies":[{"name":"wp","href":"https:\/\/api.w.org\/{rel}","templated":true}]}}