{"id":118192,"date":"2025-06-24T14:47:30","date_gmt":"2025-06-24T14:47:30","guid":{"rendered":"https:\/\/todaykhoe.com\/?post_type=product&#038;p=118192"},"modified":"2025-06-24T14:47:30","modified_gmt":"2025-06-24T14:47:30","slug":"varicold-gel","status":"publish","type":"product","link":"https:\/\/www.todaykhoe.com\/pl\/product\/varicold-gel\/","title":{"rendered":"Varicold Gel"},"content":{"rendered":"<p>O gel <a href=\"https:\/\/todaykhoe.com\/product\/varicold-gel\/\"><b>Varicold<\/b><\/a> melhora a pele das pernas devido \u00e0s varizes. A empresa recomenda o produto para trabalhadores de p\u00e9, utilizadores de computadores antigos e praticantes de exerc\u00edcio. Portugal vendeu mais gel biol\u00f3gico do que c\u00f3pias. Os portugueses preferem-no a cosm\u00e9ticos e medicamentos caros. Os coment\u00e1rios e opini\u00f5es do f\u00f3rum Varicold demonstram uma excelente satisfa\u00e7\u00e3o.<\/p>\n<p>O feedback n\u00e3o cont\u00e9m queixas sobre efeitos secund\u00e1rios ou contraindica\u00e7\u00f5es. Os flebologistas est\u00e3o entusiasmados porque o Varicold fortalece e refor\u00e7a as paredes das veias. Com a sua composi\u00e7\u00e3o natural, o gel penetra facilmente nas camadas superiores da pele.<\/p>\n<p>O Varicold \u00e9 outro \u00f3timo tratamento para a pele das pernas. Equilibra o tom e confere um toque delicado e sedoso, alinhando a sua apar\u00eancia. Foi aprovado em ensaios cl\u00ednicos sem falhas. Atua 93% em diferentes tipos de derme.<\/p>\n<h2>O que \u00e9 o Varicold e como funciona?<\/h2>\n<p>O Varicold \u00e9 um gel natural que acelera a melhoria da pele das pernas com varizes. Os doentes com varizes cr\u00f3nicas necessitam de fortalecer as paredes das art\u00e9rias e veias 24 horas por dia, 7 dias por semana. Isto reduz o seu crescimento. O fabricante afirma que o produto restaura a sa\u00fade da derme.<\/p>\n<p>O fabricante vende o produto ao mesmo pre\u00e7o em todo o lado, tornando-o popular em Portugal. O site oficial permite a Portugal encomend\u00e1-lo facilmente. Os flebologistas especialistas afirmam que o Varicold \u00e9 seguro para todas as dermes. O m\u00e9todo do Varicold n\u00e3o \u00e9 criticado.<\/p>\n<p>O produto passou por v\u00e1rios ensaios cl\u00ednicos. A normaliza\u00e7\u00e3o da pele das pernas tem 93% de sucesso, de acordo com os resultados. A derme dos membros inferiores regular\u00e1 o t\u00f3nus e a estrutura com o uso di\u00e1rio. O Varicold \u00e9 uma forma natural de remover permanentemente a descolora\u00e7\u00e3o, a dor e a rigidez.<\/p>\n<h3>Varicold &#8211; O gel \u00e9 a forma mais eficaz de tratamento para varizes.<\/h3>\n<ul>\n<li>Al\u00edvio imediato \u2013 sensa\u00e7\u00e3o de leveza instant\u00e2nea.<\/li>\n<li>Textura em gel \u2013 garante alta absor\u00e7\u00e3o.<\/li>\n<li>F\u00e1cil de aplicar \u2013 espalha facilmente e \u00e9 rapidamente absorvido.<\/li>\n<li>Efeito refrescante \u2013 gra\u00e7as ao mentol.<\/li>\n<li>A\u00e7\u00e3o direcionada \u2013 atua diretamente na \u00e1rea afetada.<\/li>\n<\/ul>\n<h4>Varicold \u2013 uma solu\u00e7\u00e3o completa para o problema!<\/h4>\n<ul>\n<li>Alivia a sensa\u00e7\u00e3o de peso &#8211; Elimina rapidamente o cansa\u00e7o e a tens\u00e3o nas pernas<\/li>\n<li>Efresca &#8211; Proporciona frescor instant\u00e2neo e conforto gra\u00e7as ao efeito refrescante<\/li>\n<li>Reduz o incha\u00e7o &#8211; Diminui a reten\u00e7\u00e3o de l\u00edquidos e a sensa\u00e7\u00e3o de peso nas pernas.<\/li>\n<li>Fortalece os vasos sangu\u00edneos &#8211; Ajuda a melhorar a sa\u00fade das paredes vasculares.<\/li>\n<li>Melhora a apar\u00eancia &#8211; Diminui os sinais vis\u00edveis das varizes e deixa a pele das pernas mais bonita.<\/li>\n<li>F\u00e1cil de aplicar &#8211; Textura em gel de r\u00e1pida absor\u00e7\u00e3o, sem deixar sensa\u00e7\u00e3o pegajosa na pele.<\/li>\n<\/ul>\n<h3>Varicold \u2013 F\u00f3rmula poderosa \u00e0 base de ingredientes naturais<\/h3>\n<ul>\n<li>Troxerutina<\/li>\n<li>Alanto\u00edna<\/li>\n<li>Mentol<\/li>\n<li>Gilbardeira (Ruscus aculeatus)<\/li>\n<li>Extrato de Castanha-da-\u00cdndia<\/li>\n<\/ul>\n<h3>Varicold: Coment\u00e1rios do F\u00f3rum<\/h3>\n<p>V\u00e1rios coment\u00e1rios no f\u00f3rum sugerem que os utilizadores do produto est\u00e3o satisfeitos com os resultados. O gel Varicold penetra suavemente nas camadas superiores da derme para proporcionar al\u00edvio, de acordo com as avalia\u00e7\u00f5es de clientes. A dor e a rigidez na parte inferior das pernas s\u00e3o reduzidas pelo gel, fortalecendo as veias. Os flebologistas especialistas concordam que o Varicold trata bem as varizes sem causar danos.<\/p>\n<p><b>Sugest\u00f5es:<\/b><\/p>\n<blockquote><p>Tive \u00falceras tr\u00f3ficas, algo que n\u00e3o desejo para ningu\u00e9m! Embora a \u00falcera tenha cicatrizado, a pele no local ainda tinha uma cor azulada e \u00e0s vezes do\u00eda. Comecei a usar o Varicold, e a pele clareou, parece que a circula\u00e7\u00e3o melhorou. Agora n\u00e3o tenho mais medo de que as \u00falceras se abram novamente! Fernando Perreira;<\/p>\n<p>Confirmo que o gel funciona e n\u00e3o causa danos. Refresca agradavelmente. Meu corpo sempre reagia a pomadas de farm\u00e1cia com irrita\u00e7\u00e3o: erup\u00e7\u00f5es, pele avermelhada, coceira. Mas com o Varicold, estou usando h\u00e1 tr\u00eas semanas e tudo est\u00e1 bem. Portanto, n\u00e3o h\u00e1 motivo para temer alergias ou outros efeitos colaterais. Marta Loureiro;<\/p>\n<p>Quando minhas veias come\u00e7aram a aparecer, senti um desespero enorme. Minha m\u00e3e e minha av\u00f3 tamb\u00e9m tinham esse problema. Minha av\u00f3, lembro, nem conseguia mais andar, suas pernas ficaram pretas. Horr\u00edvel! Ainda bem que encontrei este artigo. Pedi o gel e estou aguardando a entrega. Carlota Guerreiro;<\/p><\/blockquote>\n<h2>Pre\u00e7o do Varicold em Portugal: onde comprar?<\/h2>\n<p>O fabricante recomenda aos clientes que n\u00e3o se preocupem com o local onde comprar Varicold ao melhor pre\u00e7o em Portugal. Todos os pa\u00edses de Portugal pagam o mesmo pre\u00e7o do gel para as varizes. Pode comprar produtos originais com seguran\u00e7a no site oficial. Os descontos promocionais s\u00e3o outro benef\u00edcio do site licenciado.<\/p>\n<p>Os pre\u00e7os da Varicold ca\u00edram 50% ao longo do tempo. Introduza as suas informa\u00e7\u00f5es no formul\u00e1rio digital e ligue para verificar o seu endere\u00e7o de entrega. A empresa trabalha com discri\u00e7\u00e3o e rapidez. O seu pacote chegar\u00e1 em sete dias; o pagamento na entrega ir\u00e1 ajud\u00e1-lo.<\/p>\n<p>Por favor, aten\u00e7\u00e3o. A Varicold e outros produtos digitais est\u00e3o organizados por conven\u00e7\u00e3o. Os clientes preenchem um formul\u00e1rio de encomenda online, ligam para um representante e recebem os seus produtos no prazo de sete dias. Aceitamos pagamento no ato da entrega.<\/p>\n","protected":false},"excerpt":{"rendered":"<h2><span style=\"color: #000000;\">Varicold &#8211; O gel \u00e9 a forma mais eficaz de tratamento para varizes.<\/span><\/h2>\n<ul>\n<li><span style=\"color: #000000;\">Al\u00edvio imediato \u2013 sensa\u00e7\u00e3o de leveza instant\u00e2nea.<\/span><\/li>\n<li><span style=\"color: #000000;\">Textura em gel \u2013 garante alta absor\u00e7\u00e3o.<\/span><\/li>\n<li><span style=\"color: #000000;\">F\u00e1cil de aplicar \u2013 espalha facilmente e \u00e9 rapidamente absorvido.<\/span><\/li>\n<li><span style=\"color: #000000;\">Efeito refrescante \u2013 gra\u00e7as ao mentol.<\/span><\/li>\n<li><span style=\"color: #000000;\">A\u00e7\u00e3o direcionada \u2013 atua diretamente na \u00e1rea afetada.<\/span><\/li>\n<\/ul>\n<p><span style=\"font-size: 14pt; color: #000000;\"><span style=\"color: #000000;\"><b>Antigo Pre\u00e7o:\u00a0<span style=\"color: #ff0000;\"><del>78 \u20ac<\/del><\/span><\/b><\/span><\/span><\/p>\n<p><span style=\"font-size: 16pt; color: #000000;\"><span style=\"color: #000000;\"><b>Novo Pre\u00e7o:\u00a0<span style=\"color: #00ff00;\"><span class=\"price__num x_price_current\">39\u00a0<\/span><span class=\"price__currency x_currency\">\u20ac<\/span><\/span><\/b><\/span><\/span><\/p>\n","protected":false},"featured_media":118194,"comment_status":"open","ping_status":"closed","template":"","meta":[],"product_brand":[],"product_cat":[680],"product_tag":[],"class_list":{"0":"post-118192","1":"product","2":"type-product","3":"status-publish","4":"has-post-thumbnail","6":"product_cat-saude","8":"first","9":"instock","10":"shipping-taxable","11":"product-type-external"},"yoast_head":"<!-- This site is optimized with the Yoast SEO plugin v27.3 - https:\/\/yoast.com\/product\/yoast-seo-wordpress\/ -->\n<title>Varicold Gel - Ajuda na remo\u00e7\u00e3o de varizes - Varicold Portugal<\/title>\n<meta name=\"description\" content=\"Varicold \u00e9 um gel natural que acelera a melhoria da pele das pernas com varizes. Os doentes com varizes cr\u00f3nicas necessitam. Varicold Portugal 2025\" \/>\n<meta name=\"robots\" content=\"index, follow, max-snippet:-1, max-image-preview:large, max-video-preview:-1\" \/>\n<link rel=\"canonical\" href=\"https:\/\/www.todaykhoe.com\/product\/varicold-gel\/\" \/>\n<meta property=\"og:locale\" content=\"pl_PL\" \/>\n<meta property=\"og:type\" content=\"article\" \/>\n<meta property=\"og:title\" content=\"Varicold Gel - Ajuda na remo\u00e7\u00e3o de varizes - Varicold Portugal\" \/>\n<meta property=\"og:description\" content=\"Varicold \u00e9 um gel natural que acelera a melhoria da pele das pernas com varizes. Os doentes com varizes cr\u00f3nicas necessitam. Varicold Portugal 2025\" \/>\n<meta property=\"og:url\" content=\"https:\/\/www.todaykhoe.com\/product\/varicold-gel\/\" \/>\n<meta property=\"og:site_name\" content=\"TodayKh\u1ecfe.Com\" \/>\n<meta property=\"og:image\" content=\"https:\/\/www.todaykhoe.com\/wp-content\/uploads\/2025\/06\/Varicold.png\" \/>\n\t<meta property=\"og:image:width\" content=\"431\" \/>\n\t<meta property=\"og:image:height\" content=\"507\" \/>\n\t<meta property=\"og:image:type\" content=\"image\/png\" \/>\n<meta name=\"twitter:card\" content=\"summary_large_image\" \/>\n<meta name=\"twitter:label1\" content=\"Szacowany czas czytania\" \/>\n\t<meta name=\"twitter:data1\" content=\"5 minut\" \/>\n<script type=\"application\/ld+json\" class=\"yoast-schema-graph\">{\"@context\":\"https:\\\/\\\/schema.org\",\"@graph\":[{\"@type\":\"WebPage\",\"@id\":\"https:\\\/\\\/www.todaykhoe.com\\\/product\\\/varicold-gel\\\/\",\"url\":\"https:\\\/\\\/www.todaykhoe.com\\\/product\\\/varicold-gel\\\/\",\"name\":\"Varicold Gel - Ajuda na remo\u00e7\u00e3o de varizes - Varicold Portugal\",\"isPartOf\":{\"@id\":\"https:\\\/\\\/www.todaykhoe.com\\\/#website\"},\"primaryImageOfPage\":{\"@id\":\"https:\\\/\\\/www.todaykhoe.com\\\/product\\\/varicold-gel\\\/#primaryimage\"},\"image\":{\"@id\":\"https:\\\/\\\/www.todaykhoe.com\\\/product\\\/varicold-gel\\\/#primaryimage\"},\"thumbnailUrl\":\"https:\\\/\\\/www.todaykhoe.com\\\/wp-content\\\/uploads\\\/2025\\\/06\\\/Varicold.png\",\"datePublished\":\"2025-06-24T14:47:30+00:00\",\"description\":\"Varicold \u00e9 um gel natural que acelera a melhoria da pele das pernas com varizes. Os doentes com varizes cr\u00f3nicas necessitam. Varicold Portugal 2025\",\"breadcrumb\":{\"@id\":\"https:\\\/\\\/www.todaykhoe.com\\\/product\\\/varicold-gel\\\/#breadcrumb\"},\"inLanguage\":\"pl-PL\",\"potentialAction\":[{\"@type\":\"ReadAction\",\"target\":[\"https:\\\/\\\/www.todaykhoe.com\\\/product\\\/varicold-gel\\\/\"]}]},{\"@type\":\"ImageObject\",\"inLanguage\":\"pl-PL\",\"@id\":\"https:\\\/\\\/www.todaykhoe.com\\\/product\\\/varicold-gel\\\/#primaryimage\",\"url\":\"https:\\\/\\\/www.todaykhoe.com\\\/wp-content\\\/uploads\\\/2025\\\/06\\\/Varicold.png\",\"contentUrl\":\"https:\\\/\\\/www.todaykhoe.com\\\/wp-content\\\/uploads\\\/2025\\\/06\\\/Varicold.png\",\"width\":431,\"height\":507,\"caption\":\"Varicold\"},{\"@type\":\"BreadcrumbList\",\"@id\":\"https:\\\/\\\/www.todaykhoe.com\\\/product\\\/varicold-gel\\\/#breadcrumb\",\"itemListElement\":[{\"@type\":\"ListItem\",\"position\":1,\"name\":\"Home\",\"item\":\"https:\\\/\\\/www.todaykhoe.com\\\/\"},{\"@type\":\"ListItem\",\"position\":2,\"name\":\"Shop\",\"item\":\"https:\\\/\\\/www.todaykhoe.com\\\/shop\\\/\"},{\"@type\":\"ListItem\",\"position\":3,\"name\":\"Varicold Gel\"}]},{\"@type\":\"WebSite\",\"@id\":\"https:\\\/\\\/www.todaykhoe.com\\\/#website\",\"url\":\"https:\\\/\\\/www.todaykhoe.com\\\/\",\"name\":\"TodayKh\u1ecfe.Com\",\"description\":\"Healthy Today, Fitness, Nutrition, Beauty, News!\",\"publisher\":{\"@id\":\"https:\\\/\\\/www.todaykhoe.com\\\/#organization\"},\"potentialAction\":[{\"@type\":\"SearchAction\",\"target\":{\"@type\":\"EntryPoint\",\"urlTemplate\":\"https:\\\/\\\/www.todaykhoe.com\\\/?s={search_term_string}\"},\"query-input\":{\"@type\":\"PropertyValueSpecification\",\"valueRequired\":true,\"valueName\":\"search_term_string\"}}],\"inLanguage\":\"pl-PL\"},{\"@type\":\"Organization\",\"@id\":\"https:\\\/\\\/www.todaykhoe.com\\\/#organization\",\"name\":\"TodayKh\u1ecfe.Com\",\"url\":\"https:\\\/\\\/www.todaykhoe.com\\\/\",\"logo\":{\"@type\":\"ImageObject\",\"inLanguage\":\"pl-PL\",\"@id\":\"https:\\\/\\\/www.todaykhoe.com\\\/#\\\/schema\\\/logo\\\/image\\\/\",\"url\":\"https:\\\/\\\/www.todaykhoe.com\\\/wp-content\\\/uploads\\\/2025\\\/04\\\/Todaykhoe.png\",\"contentUrl\":\"https:\\\/\\\/www.todaykhoe.com\\\/wp-content\\\/uploads\\\/2025\\\/04\\\/Todaykhoe.png\",\"width\":706,\"height\":159,\"caption\":\"TodayKh\u1ecfe.Com\"},\"image\":{\"@id\":\"https:\\\/\\\/www.todaykhoe.com\\\/#\\\/schema\\\/logo\\\/image\\\/\"}}]}<\/script>\n<!-- \/ Yoast SEO plugin. -->","yoast_head_json":{"title":"Varicold Gel - Ajuda na remo\u00e7\u00e3o de varizes - Varicold Portugal","description":"Varicold \u00e9 um gel natural que acelera a melhoria da pele das pernas com varizes. Os doentes com varizes cr\u00f3nicas necessitam. Varicold Portugal 2025","robots":{"index":"index","follow":"follow","max-snippet":"max-snippet:-1","max-image-preview":"max-image-preview:large","max-video-preview":"max-video-preview:-1"},"canonical":"https:\/\/www.todaykhoe.com\/product\/varicold-gel\/","og_locale":"pl_PL","og_type":"article","og_title":"Varicold Gel - Ajuda na remo\u00e7\u00e3o de varizes - Varicold Portugal","og_description":"Varicold \u00e9 um gel natural que acelera a melhoria da pele das pernas com varizes. Os doentes com varizes cr\u00f3nicas necessitam. Varicold Portugal 2025","og_url":"https:\/\/www.todaykhoe.com\/product\/varicold-gel\/","og_site_name":"TodayKh\u1ecfe.Com","og_image":[{"width":431,"height":507,"url":"https:\/\/www.todaykhoe.com\/wp-content\/uploads\/2025\/06\/Varicold.png","type":"image\/png"}],"twitter_card":"summary_large_image","twitter_misc":{"Szacowany czas czytania":"5 minut"},"schema":{"@context":"https:\/\/schema.org","@graph":[{"@type":"WebPage","@id":"https:\/\/www.todaykhoe.com\/product\/varicold-gel\/","url":"https:\/\/www.todaykhoe.com\/product\/varicold-gel\/","name":"Varicold Gel - Ajuda na remo\u00e7\u00e3o de varizes - Varicold Portugal","isPartOf":{"@id":"https:\/\/www.todaykhoe.com\/#website"},"primaryImageOfPage":{"@id":"https:\/\/www.todaykhoe.com\/product\/varicold-gel\/#primaryimage"},"image":{"@id":"https:\/\/www.todaykhoe.com\/product\/varicold-gel\/#primaryimage"},"thumbnailUrl":"https:\/\/www.todaykhoe.com\/wp-content\/uploads\/2025\/06\/Varicold.png","datePublished":"2025-06-24T14:47:30+00:00","description":"Varicold \u00e9 um gel natural que acelera a melhoria da pele das pernas com varizes. Os doentes com varizes cr\u00f3nicas necessitam. Varicold Portugal 2025","breadcrumb":{"@id":"https:\/\/www.todaykhoe.com\/product\/varicold-gel\/#breadcrumb"},"inLanguage":"pl-PL","potentialAction":[{"@type":"ReadAction","target":["https:\/\/www.todaykhoe.com\/product\/varicold-gel\/"]}]},{"@type":"ImageObject","inLanguage":"pl-PL","@id":"https:\/\/www.todaykhoe.com\/product\/varicold-gel\/#primaryimage","url":"https:\/\/www.todaykhoe.com\/wp-content\/uploads\/2025\/06\/Varicold.png","contentUrl":"https:\/\/www.todaykhoe.com\/wp-content\/uploads\/2025\/06\/Varicold.png","width":431,"height":507,"caption":"Varicold"},{"@type":"BreadcrumbList","@id":"https:\/\/www.todaykhoe.com\/product\/varicold-gel\/#breadcrumb","itemListElement":[{"@type":"ListItem","position":1,"name":"Home","item":"https:\/\/www.todaykhoe.com\/"},{"@type":"ListItem","position":2,"name":"Shop","item":"https:\/\/www.todaykhoe.com\/shop\/"},{"@type":"ListItem","position":3,"name":"Varicold Gel"}]},{"@type":"WebSite","@id":"https:\/\/www.todaykhoe.com\/#website","url":"https:\/\/www.todaykhoe.com\/","name":"TodayKh\u1ecfe.Com","description":"Healthy Today, Fitness, Nutrition, Beauty, News!","publisher":{"@id":"https:\/\/www.todaykhoe.com\/#organization"},"potentialAction":[{"@type":"SearchAction","target":{"@type":"EntryPoint","urlTemplate":"https:\/\/www.todaykhoe.com\/?s={search_term_string}"},"query-input":{"@type":"PropertyValueSpecification","valueRequired":true,"valueName":"search_term_string"}}],"inLanguage":"pl-PL"},{"@type":"Organization","@id":"https:\/\/www.todaykhoe.com\/#organization","name":"TodayKh\u1ecfe.Com","url":"https:\/\/www.todaykhoe.com\/","logo":{"@type":"ImageObject","inLanguage":"pl-PL","@id":"https:\/\/www.todaykhoe.com\/#\/schema\/logo\/image\/","url":"https:\/\/www.todaykhoe.com\/wp-content\/uploads\/2025\/04\/Todaykhoe.png","contentUrl":"https:\/\/www.todaykhoe.com\/wp-content\/uploads\/2025\/04\/Todaykhoe.png","width":706,"height":159,"caption":"TodayKh\u1ecfe.Com"},"image":{"@id":"https:\/\/www.todaykhoe.com\/#\/schema\/logo\/image\/"}}]}},"_links":{"self":[{"href":"https:\/\/www.todaykhoe.com\/pl\/wp-json\/wp\/v2\/product\/118192","targetHints":{"allow":["GET"]}}],"collection":[{"href":"https:\/\/www.todaykhoe.com\/pl\/wp-json\/wp\/v2\/product"}],"about":[{"href":"https:\/\/www.todaykhoe.com\/pl\/wp-json\/wp\/v2\/types\/product"}],"replies":[{"embeddable":true,"href":"https:\/\/www.todaykhoe.com\/pl\/wp-json\/wp\/v2\/comments?post=118192"}],"wp:featuredmedia":[{"embeddable":true,"href":"https:\/\/www.todaykhoe.com\/pl\/wp-json\/wp\/v2\/media\/118194"}],"wp:attachment":[{"href":"https:\/\/www.todaykhoe.com\/pl\/wp-json\/wp\/v2\/media?parent=118192"}],"wp:term":[{"taxonomy":"product_brand","embeddable":true,"href":"https:\/\/www.todaykhoe.com\/pl\/wp-json\/wp\/v2\/product_brand?post=118192"},{"taxonomy":"product_cat","embeddable":true,"href":"https:\/\/www.todaykhoe.com\/pl\/wp-json\/wp\/v2\/product_cat?post=118192"},{"taxonomy":"product_tag","embeddable":true,"href":"https:\/\/www.todaykhoe.com\/pl\/wp-json\/wp\/v2\/product_tag?post=118192"}],"curies":[{"name":"wp","href":"https:\/\/api.w.org\/{rel}","templated":true}]}}