{"id":118151,"date":"2025-06-24T14:27:56","date_gmt":"2025-06-24T14:27:56","guid":{"rendered":"https:\/\/todaykhoe.com\/?post_type=product&#038;p=118151"},"modified":"2025-06-24T14:27:56","modified_gmt":"2025-06-24T14:27:56","slug":"trovazin-gel","status":"publish","type":"product","link":"https:\/\/www.todaykhoe.com\/pl\/product\/trovazin-gel\/","title":{"rendered":"Trovazin Gel &#8211; PT"},"content":{"rendered":"<p>O gel <a href=\"https:\/\/todaykhoe.com\/product\/trovazin-gel\/\"><b>Trovazin<\/b><\/a> melhora a pele das pernas afetada pelas varizes. O dispositivo \u00e9 adequado para fan\u00e1ticos do exerc\u00edcio, trabalhadores que n\u00e3o usavam computador e trabalhadores de p\u00e9, segundo o fabricante. Em Portugal, o gel biol\u00f3gico vendeu mais de 100 c\u00f3pias. Os portugueses preferem-no a cosm\u00e9ticos e medicamentos caros. Os coment\u00e1rios no f\u00f3rum Trovazin sugerem uma satisfa\u00e7\u00e3o elevada.<\/p>\n<p>Os testemunhos e feedbacks n\u00e3o referem efeitos adversos ou contraindica\u00e7\u00f5es. O Trovazin fortalece e d\u00e1 elasticidade \u00e0s paredes das veias, algo que os plebologistas apreciam. Os ingredientes naturais permitem que o gel penetre nas camadas superiores da pele.<\/p>\n<p>O Trovazin tamb\u00e9m cuida bem da pele das pernas. Uniformiza o tom e torna-a suave ao toque. Os testes cl\u00ednicos foram conclu\u00eddos para o produto. Para diversos tipos de derme, funciona a 93%.<\/p>\n<h2>Trovazin: O que \u00e9 e como funciona?<\/h2>\n<p>O Trovazin \u00e9 um gel natural que melhora rapidamente a pele das pernas com varizes. O tratamento para as varizes cr\u00f3nicas fortalece as paredes das art\u00e9rias e veias 24 horas por dia, 7 dias por semana. Isto previne o crescimento. A empresa afirma que o tratamento restaura bem a apar\u00eancia d\u00e9rmica.<\/p>\n<p>\u00c9 popular em Portugal porque a empresa o vende em todo o mundo pelo mesmo pre\u00e7o. O site oficial facilita a compra aos portugueses. O Trovazin \u00e9 seguro para todas as dermes, de acordo com os flebologistas. Ningu\u00e9m se queixa do Trovazin.<\/p>\n<p>O produto passou por v\u00e1rios ensaios cl\u00ednicos. A normaliza\u00e7\u00e3o do aspeto da pele das pernas tem 93% de efic\u00e1cia. Normaliza o t\u00f3nus \u200b\u200be a estrutura da derme dos membros inferiores quando utilizado diariamente. O Trovazin \u00e9 um rem\u00e9dio natural eficaz para a dor, rigidez e descolora\u00e7\u00e3o.<\/p>\n<h3>Trovazin \u2013 uma solu\u00e7\u00e3o completa para o problema!<\/h3>\n<ul>\n<li>Alivia a sensa\u00e7\u00e3o de peso &#8211; Elimina rapidamente o cansa\u00e7o e a tens\u00e3o nas pernas<\/li>\n<li>Efresca &#8211; Proporciona frescor instant\u00e2neo e conforto gra\u00e7as ao efeito refrescante<\/li>\n<li>Reduz o incha\u00e7o &#8211; Diminui a reten\u00e7\u00e3o de l\u00edquidos e a sensa\u00e7\u00e3o de peso nas pernas.<\/li>\n<li>Fortalece os vasos sangu\u00edneos &#8211; Ajuda a melhorar a sa\u00fade das paredes vasculares.<\/li>\n<li>Melhora a apar\u00eancia &#8211; Diminui os sinais vis\u00edveis das varizes e deixa a pele das pernas mais bonita.<\/li>\n<li>F\u00e1cil de aplicar &#8211; Textura em gel de r\u00e1pida absor\u00e7\u00e3o, sem deixar sensa\u00e7\u00e3o pegajosa na pele.<\/li>\n<\/ul>\n<h3>Trovazin \u2013 F\u00f3rmula poderosa \u00e0 base de ingredientes naturais<\/h3>\n<ul>\n<li>Troxerutina<\/li>\n<li>Alanto\u00edna<\/li>\n<li>Mentol<\/li>\n<li>Extrato de Castanha-da-\u00cdndia<\/li>\n<li>Gilbardeira (Ruscus aculeatus)<\/li>\n<\/ul>\n<h3>Opini\u00f5es e coment\u00e1rios do Trovazin no f\u00f3rum<\/h3>\n<p>Os coment\u00e1rios do Trovazin no f\u00f3rum mostram que os clientes est\u00e3o satisfeitos com os resultados dos produtos. As avalia\u00e7\u00f5es do Trovazin dizem que o gel penetra lentamente nas camadas superiores da derme e alivia-as. O gel alivia gradualmente o desconforto e a rigidez da parte inferior das pernas, fortalecendo as veias. Os flebologistas especialistas concordam que o Trovazin \u00e9 seguro e eficaz para as varizes.<\/p>\n<p><b>Coment\u00e1rios:<\/b><\/p>\n<blockquote><p>As varizes apareceram depois da minha segunda gravidez. N\u00e3o eram enormes, mas tinha vergonha de usar saias curtas e cal\u00e7\u00f5es. O meu marido disse que eu era linda como era, mas eu n\u00e3o acreditei. O meu amigo sugeriu o Trovazin. A sua composi\u00e7\u00e3o barata e org\u00e2nica atraiu-me no site. Encomendei de imediato. Passadas 4 semanas, a pele das minhas pernas est\u00e1 normal e sem dores! Luana Garcia, 36;<\/p>\n<p>Gosto de fazer exerc\u00edcio f\u00edsico pelo menos cinco vezes por semana. Infelizmente, sobrecarrego os meus membros. Vasinhos desagrad\u00e1veis \u200b\u200b\u200b\u200bcobriam-me as pernas. Um colega sugeriu o Trovazin. Decidi experimentar. O gel aliviou a dor e a rigidez e melhorou o meu desempenho. M\u00e1rio, 41;<\/p>\n<p>Uso computador durante todo o dia. N\u00e3o fa\u00e7o exerc\u00edcio suficiente durante o dia. As minhas pernas est\u00e3o sempre r\u00edgidas. A ideia das varizes assustou-me. Encontrei o site do Trovazin enquanto procurava solu\u00e7\u00f5es. Chegou uma semana ap\u00f3s a encomenda. O uso come\u00e7ou imediatamente e os meus problemas foram eliminados. Wolfgang Meyer, 29 anos<\/p><\/blockquote>\n<h2>Pre\u00e7o do Trovazin em Portugal: Onde Comprar?<\/h2>\n<p>A empresa afirma que os clientes n\u00e3o se devem preocupar em comprar Trovazin em Portugal ao melhor pre\u00e7o. O gel para varizes custa o mesmo em Portugal. Encomende o produto original em seguran\u00e7a no site oficial. Outras vantagens incluem descontos especiais no site licenciado.<\/p>\n<p>O Trovazin est\u00e1 com 50% de desconto neste momento. Utilize-o preenchendo o formul\u00e1rio online e ligando para confirmar a morada de entrega. A empresa trabalha com discri\u00e7\u00e3o e rapidez. O pagamento no ato da entrega est\u00e1 dispon\u00edvel para entrega em 7 dias.<\/p>\n<p>Aten\u00e7\u00e3o! O Trovazin \u00e9 encomendado como outros produtos digitais. Os clientes preenchem o formul\u00e1rio de encomenda no site, ligam para um representante para confirmar e recebem a encomenda no prazo de 7 dias. Aceitamos pagamento no ato da entrega.<\/p>\n","protected":false},"excerpt":{"rendered":"<h2><span style=\"color: #000000;\">Trovazin \u2013 uma solu\u00e7\u00e3o completa para o problema!<\/span><\/h2>\n<ul>\n<li><span style=\"color: #000000;\">Alivia a sensa\u00e7\u00e3o de peso &#8211; Elimina rapidamente o cansa\u00e7o e a tens\u00e3o nas pernas<\/span><\/li>\n<li><span style=\"color: #000000;\">Efresca &#8211; Proporciona frescor instant\u00e2neo e conforto gra\u00e7as ao efeito refrescante<\/span><\/li>\n<li><span style=\"color: #000000;\">Reduz o incha\u00e7o &#8211; Diminui a reten\u00e7\u00e3o de l\u00edquidos e a sensa\u00e7\u00e3o de peso nas pernas.<\/span><\/li>\n<li><span style=\"color: #000000;\">Fortalece os vasos sangu\u00edneos &#8211; Ajuda a melhorar a sa\u00fade das paredes vasculares.<\/span><\/li>\n<\/ul>\n<p><span style=\"font-size: 14pt; color: #000000;\"><span style=\"color: #000000;\"><b>Antigo Pre\u00e7o:\u00a0<span style=\"color: #ff0000;\"><del>78 \u20ac<\/del><\/span><\/b><\/span><\/span><\/p>\n<p><span style=\"font-size: 16pt; color: #000000;\"><span style=\"color: #000000;\"><b>Novo Pre\u00e7o:\u00a0<span style=\"color: #00ff00;\"><span class=\"price__num x_price_current\">39\u00a0<\/span><span class=\"price__currency x_currency\">\u20ac<\/span><\/span><\/b><\/span><\/span><\/p>\n","protected":false},"featured_media":118152,"comment_status":"open","ping_status":"closed","template":"","meta":[],"product_brand":[],"product_cat":[680],"product_tag":[],"class_list":{"0":"post-118151","1":"product","2":"type-product","3":"status-publish","4":"has-post-thumbnail","6":"product_cat-saude","8":"first","9":"instock","10":"shipping-taxable","11":"product-type-external"},"yoast_head":"<!-- This site is optimized with the Yoast SEO plugin v27.3 - https:\/\/yoast.com\/product\/yoast-seo-wordpress\/ -->\n<title>Trovazin Gel - Remover para Varizes - Atualiza\u00e7\u00e3o Pre\u00e7o 2025 (PT)<\/title>\n<meta name=\"description\" content=\"O Trovazin \u00e9 um gel que melhora rapidamente a pele das pernas com varizes. O tratamento para as varizes cr\u00f3nicas fortalece as paredes. Trovazin Portugal\" \/>\n<meta name=\"robots\" content=\"index, follow, max-snippet:-1, max-image-preview:large, max-video-preview:-1\" \/>\n<link rel=\"canonical\" href=\"https:\/\/www.todaykhoe.com\/product\/trovazin-gel\/\" \/>\n<meta property=\"og:locale\" content=\"pl_PL\" \/>\n<meta property=\"og:type\" content=\"article\" \/>\n<meta property=\"og:title\" content=\"Trovazin Gel - Remover para Varizes - Atualiza\u00e7\u00e3o Pre\u00e7o 2025 (PT)\" \/>\n<meta property=\"og:description\" content=\"O Trovazin \u00e9 um gel que melhora rapidamente a pele das pernas com varizes. O tratamento para as varizes cr\u00f3nicas fortalece as paredes. Trovazin Portugal\" \/>\n<meta property=\"og:url\" content=\"https:\/\/www.todaykhoe.com\/product\/trovazin-gel\/\" \/>\n<meta property=\"og:site_name\" content=\"TodayKh\u1ecfe.Com\" \/>\n<meta property=\"og:image\" content=\"https:\/\/www.todaykhoe.com\/wp-content\/uploads\/2025\/06\/Trovazin.png\" \/>\n\t<meta property=\"og:image:width\" content=\"599\" \/>\n\t<meta property=\"og:image:height\" content=\"544\" \/>\n\t<meta property=\"og:image:type\" content=\"image\/png\" \/>\n<meta name=\"twitter:card\" content=\"summary_large_image\" \/>\n<meta name=\"twitter:label1\" content=\"Szacowany czas czytania\" \/>\n\t<meta name=\"twitter:data1\" content=\"4 minuty\" \/>\n<script type=\"application\/ld+json\" class=\"yoast-schema-graph\">{\"@context\":\"https:\\\/\\\/schema.org\",\"@graph\":[{\"@type\":\"WebPage\",\"@id\":\"https:\\\/\\\/www.todaykhoe.com\\\/product\\\/trovazin-gel\\\/\",\"url\":\"https:\\\/\\\/www.todaykhoe.com\\\/product\\\/trovazin-gel\\\/\",\"name\":\"Trovazin Gel - Remover para Varizes - Atualiza\u00e7\u00e3o Pre\u00e7o 2025 (PT)\",\"isPartOf\":{\"@id\":\"https:\\\/\\\/www.todaykhoe.com\\\/#website\"},\"primaryImageOfPage\":{\"@id\":\"https:\\\/\\\/www.todaykhoe.com\\\/product\\\/trovazin-gel\\\/#primaryimage\"},\"image\":{\"@id\":\"https:\\\/\\\/www.todaykhoe.com\\\/product\\\/trovazin-gel\\\/#primaryimage\"},\"thumbnailUrl\":\"https:\\\/\\\/www.todaykhoe.com\\\/wp-content\\\/uploads\\\/2025\\\/06\\\/Trovazin.png\",\"datePublished\":\"2025-06-24T14:27:56+00:00\",\"description\":\"O Trovazin \u00e9 um gel que melhora rapidamente a pele das pernas com varizes. O tratamento para as varizes cr\u00f3nicas fortalece as paredes. Trovazin Portugal\",\"breadcrumb\":{\"@id\":\"https:\\\/\\\/www.todaykhoe.com\\\/product\\\/trovazin-gel\\\/#breadcrumb\"},\"inLanguage\":\"pl-PL\",\"potentialAction\":[{\"@type\":\"ReadAction\",\"target\":[\"https:\\\/\\\/www.todaykhoe.com\\\/product\\\/trovazin-gel\\\/\"]}]},{\"@type\":\"ImageObject\",\"inLanguage\":\"pl-PL\",\"@id\":\"https:\\\/\\\/www.todaykhoe.com\\\/product\\\/trovazin-gel\\\/#primaryimage\",\"url\":\"https:\\\/\\\/www.todaykhoe.com\\\/wp-content\\\/uploads\\\/2025\\\/06\\\/Trovazin.png\",\"contentUrl\":\"https:\\\/\\\/www.todaykhoe.com\\\/wp-content\\\/uploads\\\/2025\\\/06\\\/Trovazin.png\",\"width\":599,\"height\":544,\"caption\":\"Trovazin\"},{\"@type\":\"BreadcrumbList\",\"@id\":\"https:\\\/\\\/www.todaykhoe.com\\\/product\\\/trovazin-gel\\\/#breadcrumb\",\"itemListElement\":[{\"@type\":\"ListItem\",\"position\":1,\"name\":\"Home\",\"item\":\"https:\\\/\\\/www.todaykhoe.com\\\/\"},{\"@type\":\"ListItem\",\"position\":2,\"name\":\"Shop\",\"item\":\"https:\\\/\\\/www.todaykhoe.com\\\/shop\\\/\"},{\"@type\":\"ListItem\",\"position\":3,\"name\":\"Trovazin Gel &#8211; PT\"}]},{\"@type\":\"WebSite\",\"@id\":\"https:\\\/\\\/www.todaykhoe.com\\\/#website\",\"url\":\"https:\\\/\\\/www.todaykhoe.com\\\/\",\"name\":\"TodayKh\u1ecfe.Com\",\"description\":\"Healthy Today, Fitness, Nutrition, Beauty, News!\",\"publisher\":{\"@id\":\"https:\\\/\\\/www.todaykhoe.com\\\/#organization\"},\"potentialAction\":[{\"@type\":\"SearchAction\",\"target\":{\"@type\":\"EntryPoint\",\"urlTemplate\":\"https:\\\/\\\/www.todaykhoe.com\\\/?s={search_term_string}\"},\"query-input\":{\"@type\":\"PropertyValueSpecification\",\"valueRequired\":true,\"valueName\":\"search_term_string\"}}],\"inLanguage\":\"pl-PL\"},{\"@type\":\"Organization\",\"@id\":\"https:\\\/\\\/www.todaykhoe.com\\\/#organization\",\"name\":\"TodayKh\u1ecfe.Com\",\"url\":\"https:\\\/\\\/www.todaykhoe.com\\\/\",\"logo\":{\"@type\":\"ImageObject\",\"inLanguage\":\"pl-PL\",\"@id\":\"https:\\\/\\\/www.todaykhoe.com\\\/#\\\/schema\\\/logo\\\/image\\\/\",\"url\":\"https:\\\/\\\/www.todaykhoe.com\\\/wp-content\\\/uploads\\\/2025\\\/04\\\/Todaykhoe.png\",\"contentUrl\":\"https:\\\/\\\/www.todaykhoe.com\\\/wp-content\\\/uploads\\\/2025\\\/04\\\/Todaykhoe.png\",\"width\":706,\"height\":159,\"caption\":\"TodayKh\u1ecfe.Com\"},\"image\":{\"@id\":\"https:\\\/\\\/www.todaykhoe.com\\\/#\\\/schema\\\/logo\\\/image\\\/\"}}]}<\/script>\n<!-- \/ Yoast SEO plugin. -->","yoast_head_json":{"title":"Trovazin Gel - Remover para Varizes - Atualiza\u00e7\u00e3o Pre\u00e7o 2025 (PT)","description":"O Trovazin \u00e9 um gel que melhora rapidamente a pele das pernas com varizes. O tratamento para as varizes cr\u00f3nicas fortalece as paredes. Trovazin Portugal","robots":{"index":"index","follow":"follow","max-snippet":"max-snippet:-1","max-image-preview":"max-image-preview:large","max-video-preview":"max-video-preview:-1"},"canonical":"https:\/\/www.todaykhoe.com\/product\/trovazin-gel\/","og_locale":"pl_PL","og_type":"article","og_title":"Trovazin Gel - Remover para Varizes - Atualiza\u00e7\u00e3o Pre\u00e7o 2025 (PT)","og_description":"O Trovazin \u00e9 um gel que melhora rapidamente a pele das pernas com varizes. O tratamento para as varizes cr\u00f3nicas fortalece as paredes. Trovazin Portugal","og_url":"https:\/\/www.todaykhoe.com\/product\/trovazin-gel\/","og_site_name":"TodayKh\u1ecfe.Com","og_image":[{"width":599,"height":544,"url":"https:\/\/www.todaykhoe.com\/wp-content\/uploads\/2025\/06\/Trovazin.png","type":"image\/png"}],"twitter_card":"summary_large_image","twitter_misc":{"Szacowany czas czytania":"4 minuty"},"schema":{"@context":"https:\/\/schema.org","@graph":[{"@type":"WebPage","@id":"https:\/\/www.todaykhoe.com\/product\/trovazin-gel\/","url":"https:\/\/www.todaykhoe.com\/product\/trovazin-gel\/","name":"Trovazin Gel - Remover para Varizes - Atualiza\u00e7\u00e3o Pre\u00e7o 2025 (PT)","isPartOf":{"@id":"https:\/\/www.todaykhoe.com\/#website"},"primaryImageOfPage":{"@id":"https:\/\/www.todaykhoe.com\/product\/trovazin-gel\/#primaryimage"},"image":{"@id":"https:\/\/www.todaykhoe.com\/product\/trovazin-gel\/#primaryimage"},"thumbnailUrl":"https:\/\/www.todaykhoe.com\/wp-content\/uploads\/2025\/06\/Trovazin.png","datePublished":"2025-06-24T14:27:56+00:00","description":"O Trovazin \u00e9 um gel que melhora rapidamente a pele das pernas com varizes. O tratamento para as varizes cr\u00f3nicas fortalece as paredes. Trovazin Portugal","breadcrumb":{"@id":"https:\/\/www.todaykhoe.com\/product\/trovazin-gel\/#breadcrumb"},"inLanguage":"pl-PL","potentialAction":[{"@type":"ReadAction","target":["https:\/\/www.todaykhoe.com\/product\/trovazin-gel\/"]}]},{"@type":"ImageObject","inLanguage":"pl-PL","@id":"https:\/\/www.todaykhoe.com\/product\/trovazin-gel\/#primaryimage","url":"https:\/\/www.todaykhoe.com\/wp-content\/uploads\/2025\/06\/Trovazin.png","contentUrl":"https:\/\/www.todaykhoe.com\/wp-content\/uploads\/2025\/06\/Trovazin.png","width":599,"height":544,"caption":"Trovazin"},{"@type":"BreadcrumbList","@id":"https:\/\/www.todaykhoe.com\/product\/trovazin-gel\/#breadcrumb","itemListElement":[{"@type":"ListItem","position":1,"name":"Home","item":"https:\/\/www.todaykhoe.com\/"},{"@type":"ListItem","position":2,"name":"Shop","item":"https:\/\/www.todaykhoe.com\/shop\/"},{"@type":"ListItem","position":3,"name":"Trovazin Gel &#8211; PT"}]},{"@type":"WebSite","@id":"https:\/\/www.todaykhoe.com\/#website","url":"https:\/\/www.todaykhoe.com\/","name":"TodayKh\u1ecfe.Com","description":"Healthy Today, Fitness, Nutrition, Beauty, News!","publisher":{"@id":"https:\/\/www.todaykhoe.com\/#organization"},"potentialAction":[{"@type":"SearchAction","target":{"@type":"EntryPoint","urlTemplate":"https:\/\/www.todaykhoe.com\/?s={search_term_string}"},"query-input":{"@type":"PropertyValueSpecification","valueRequired":true,"valueName":"search_term_string"}}],"inLanguage":"pl-PL"},{"@type":"Organization","@id":"https:\/\/www.todaykhoe.com\/#organization","name":"TodayKh\u1ecfe.Com","url":"https:\/\/www.todaykhoe.com\/","logo":{"@type":"ImageObject","inLanguage":"pl-PL","@id":"https:\/\/www.todaykhoe.com\/#\/schema\/logo\/image\/","url":"https:\/\/www.todaykhoe.com\/wp-content\/uploads\/2025\/04\/Todaykhoe.png","contentUrl":"https:\/\/www.todaykhoe.com\/wp-content\/uploads\/2025\/04\/Todaykhoe.png","width":706,"height":159,"caption":"TodayKh\u1ecfe.Com"},"image":{"@id":"https:\/\/www.todaykhoe.com\/#\/schema\/logo\/image\/"}}]}},"_links":{"self":[{"href":"https:\/\/www.todaykhoe.com\/pl\/wp-json\/wp\/v2\/product\/118151","targetHints":{"allow":["GET"]}}],"collection":[{"href":"https:\/\/www.todaykhoe.com\/pl\/wp-json\/wp\/v2\/product"}],"about":[{"href":"https:\/\/www.todaykhoe.com\/pl\/wp-json\/wp\/v2\/types\/product"}],"replies":[{"embeddable":true,"href":"https:\/\/www.todaykhoe.com\/pl\/wp-json\/wp\/v2\/comments?post=118151"}],"wp:featuredmedia":[{"embeddable":true,"href":"https:\/\/www.todaykhoe.com\/pl\/wp-json\/wp\/v2\/media\/118152"}],"wp:attachment":[{"href":"https:\/\/www.todaykhoe.com\/pl\/wp-json\/wp\/v2\/media?parent=118151"}],"wp:term":[{"taxonomy":"product_brand","embeddable":true,"href":"https:\/\/www.todaykhoe.com\/pl\/wp-json\/wp\/v2\/product_brand?post=118151"},{"taxonomy":"product_cat","embeddable":true,"href":"https:\/\/www.todaykhoe.com\/pl\/wp-json\/wp\/v2\/product_cat?post=118151"},{"taxonomy":"product_tag","embeddable":true,"href":"https:\/\/www.todaykhoe.com\/pl\/wp-json\/wp\/v2\/product_tag?post=118151"}],"curies":[{"name":"wp","href":"https:\/\/api.w.org\/{rel}","templated":true}]}}