{"id":118073,"date":"2025-06-24T12:53:04","date_gmt":"2025-06-24T12:53:04","guid":{"rendered":"https:\/\/todaykhoe.com\/?post_type=product&#038;p=118073"},"modified":"2025-06-24T12:53:05","modified_gmt":"2025-06-24T12:53:05","slug":"flexosamine-gel","status":"publish","type":"product","link":"https:\/\/www.todaykhoe.com\/pl\/product\/flexosamine-gel\/","title":{"rendered":"Flexosamine Gel &#8211; PT"},"content":{"rendered":"<p>O gel de <a href=\"https:\/\/todaykhoe.com\/product\/flexosamine-gel\/\"><b>Flexosamina<\/b><\/a> acelera a regenera\u00e7\u00e3o dos tend\u00f5es, cartilagens e articula\u00e7\u00f5es. Reumatismo, osteoartrite, osteocondrose, osteoporose, bursite, h\u00e9rnia intervertebral e radiculite podem beneficiar deste medicamento. O tratamento natural penetra profundamente nos tecidos, reduzindo a dor e o incha\u00e7o. O efeito refrescante \u00e9 real\u00e7ado. Muitos portugueses utilizam o produto diariamente para se manterem ativos.<\/p>\n<p>Compre um exemplar no site oficial por um pre\u00e7o acess\u00edvel e fa\u00e7a o mesmo. Os coment\u00e1rios e opini\u00f5es no f\u00f3rum mostram que a flexosamina actua instantaneamente. N\u00e3o h\u00e1 queixas de contraindica\u00e7\u00e3o. Os ortopedistas recomendam a flexosamina como um tratamento natural para as dores articulares intensas.<\/p>\n<p>Estimulam a produ\u00e7\u00e3o de colag\u00e9nio e tecido sinovial. Isto fortalece os m\u00fasculos e os ossos. O produto foi submetido a testes cl\u00ednicos e tem 93% de efic\u00e1cia. A flexosamina melhora a circula\u00e7\u00e3o dos membros inferiores.<\/p>\n<h2>Flexosamina: Como Ajuda?<\/h2>\n<p>O gel de flexosamina reduz rapidamente a rigidez, o edema, a inflama\u00e7\u00e3o e o desconforto articular. Esta terapia natural \u00e9 eficaz para o reumatismo, osteoartrite, osteocondrose, osteoporose, bursite, h\u00e9rnia intervertebral e radiculite. Tamb\u00e9m normaliza a textura e a estrutura da derme na \u00e1rea de aplica\u00e7\u00e3o.<\/p>\n<p>O site do fabricante oferece grandes ofertas. In\u00fameros ortopedistas constataram que a flexosamina \u00e9 uma das melhores terapias para as doen\u00e7as sinoviais degenerativas relacionadas com a idade. As fun\u00e7\u00f5es da flexosamina s\u00e3o raramente criticadas. Os testes cl\u00ednicos comprovaram a seguran\u00e7a do medicamento org\u00e2nico.<\/p>\n<p>A taxa m\u00e9dia de redu\u00e7\u00e3o ativa do desconforto articular \u00e9 de 93%. Este medicamento pode tamb\u00e9m prevenir e tratar problemas. Esta terapia natural regenera a cartilagem e produz colag\u00e9nio e fluidos sinoviais. O gel premium Flexosamina alivia a dor e mant\u00e9m-no em movimento com um arrefecimento r\u00e1pido.<\/p>\n<h3>Flexosamine &#8211; al\u00edvio r\u00e1pido da dor nas articula\u00e7\u00f5es<\/h3>\n<ul>\n<li>Alivia rapidamente a dor gra\u00e7as \u00e0 a\u00e7\u00e3o do mentol<\/li>\n<li>Ajuda a aliviar a inflama\u00e7\u00e3o gra\u00e7as ao ginkgo biloba<\/li>\n<li>Melhora a mobilidade das articula\u00e7\u00f5es gra\u00e7as \u00e0 capsaicina e castanha da \u00cdndia<\/li>\n<li>N\u00e3o irrita a pele gra\u00e7as aos ingredientes emolientes<\/li>\n<\/ul>\n<h4>A composi\u00e7\u00e3o do Flexosamine \u00e9 projetada de acordo com pesquisas cient\u00edficas<\/h4>\n<ul>\n<li><b>Ginkgo biloba:<\/b> Fortalece a parede vascular, estimula o fluxo sangu\u00edneo, reduz rapidamente a inflama\u00e7\u00e3o e edemas<\/li>\n<li><b>Cafe\u00edna:<\/b> Aumenta significativamente a atividade de outras subst\u00e2ncias funcionais inclu\u00eddas na droga, alivia o edema<\/li>\n<li><b>Capsaicina:<\/b> Alivia rapidamente a dor, agindo nos neur\u00f4nios receptores, elimina espasmos e edemas<\/li>\n<li><b>Mentol:<\/b> Causa efeito anest\u00e9sico, melhora a penetra\u00e7\u00e3o de subst\u00e2ncias ativas na pele<\/li>\n<li><b>Citral: <\/b>Composto org\u00e2nico com a\u00e7\u00e3o analg\u00e9sica, anti-inflamat\u00f3ria e anti-s\u00e9ptica<\/li>\n<li><b>Sementes de castanha da \u00cdndia:<\/b> Melhoran a circula\u00e7\u00e3o sangu\u00ednea local na articula\u00e7\u00e3o, reduzindo a inflama\u00e7\u00e3o e a dor<\/li>\n<\/ul>\n<h3>M\u00e9todo de aplica\u00e7\u00e3o Flexosamine<\/h3>\n<ol>\n<li>Aplique uma pequena quantidade de gel na \u00e1rea problem\u00e1tica<\/li>\n<li>Repita o procedimento 3 vezes por dia<\/li>\n<li>Curso de aplica\u00e7\u00e3o \u2014 de 30 dias<\/li>\n<\/ol>\n<h3>F\u00f3rum de Discuss\u00e3o da Flexosamina<\/h3>\n<p>Os utilizadores de Flexosamina n\u00e3o enviaram coment\u00e1rios negativos nos f\u00f3runs. A maioria afirma que os seus movimentos di\u00e1rios melhoraram e que j\u00e1 n\u00e3o sentem rigidez ou dorm\u00eancia ap\u00f3s trabalharem sentados ou de p\u00e9. Ap\u00f3s a aplica\u00e7\u00e3o, o incha\u00e7o diminui imediatamente e os movimentos s\u00e3o indolores. A flexosamina pode tratar e prevenir dist\u00farbios artr\u00edticos, de acordo com ortopedistas experientes que estudaram a sua a\u00e7\u00e3o.<\/p>\n<p><b>Observa\u00e7\u00f5es:<\/b><\/p>\n<blockquote><p>Eu tinha artrose, os meus joelhos do\u00edam terrivelmente. Do creme, que eu untei alguns 6 dias, me apareceram algumas bolhas de at\u00e9 um cent\u00edmetro de tamanho na minha pele. Eu tive que sair do curso e tomar rem\u00e9dios para alergia. As articula\u00e7\u00f5es todo esse tempo n\u00e3o me deixavam viver. E uma amiga me aconselhou Flexosamine. Bem, comecei a untar esse gel, e as p\u00edlulas de alergia j\u00e1 estavam \u00e0 m\u00e3o. Mas voc\u00ea sabe, elas n\u00e3o eram \u00fateis! E mesmo que movimentos bruscos nos joelhos e m\u00e3os ainda causem dor (eu o uso 10 dias), mas comparado ao que era \u2013 a diferen\u00e7a \u00e9 muito not\u00e1vel. Clara, Muito mais f\u00e1cil de me mexer!;<\/p>\n<p>Tive um problema nas articula\u00e7\u00f5es pela primeira vez \u2013 o meu tornozelo estava inflamado. Eu nem sei por que isso aconteceu. A dor era terr\u00edvel, a minha pele se tornou avermelhada, n\u00e3o podia pisar no meu p\u00e9. Eu untava diferentes pomadas nos primeiros dias. S\u00f3 uma delas ajudava um pouco, com efeito aquecente. Ela aliviava a dor em cerca de 40 minutos e tinha efeito por 2-3 horas.As outras s\u00f3 faziam o p\u00e9 grosso! Um amigo atleta me visitou, trouxe um tubo de gel Flexosamine. Imediatamente untei o meu p\u00e9, e a dor desapareceu ainda antes de que o meu amigo saiu! Isto \u00e9, depois de 7-8 minutos! Untava tr\u00eas vezes por dia, isso era bastante. A inflama\u00e7\u00e3o desapareceu totalmente em 10 dias. Depois encomendei outro Flexosamine atrav\u00e9s do site e segui o curso para a preven\u00e7\u00e3o. O meu resumo sobre o gel &#8211; r\u00e1pido, conveniente e eficaz! Gustavo, Eu gosto da velocidade com que Flexosamine alivia a dor;<\/p>\n<p>Depois de uma s\u00e9ria artrite infecciosa, fiz uma pergunta ao ortopedista: &#8222;Quando posso ir aos treinos?&#8221; Ele respondeu: &#8222;Que treinos? Voc\u00ea precisa cuidar do joelho toda a sua vida! Ou voc\u00ea quer se tornar inv\u00e1lida?&#8221; Me rendera antes do momento em que encontrei Flexosamine. Comecei a usar o gel. J\u00e1 depois de 35-40 dias, consegui andar 6 km sem dor nas articula\u00e7\u00f5es. Uma semana depois fui para os treinos e at\u00e9 hoje me sinto \u00f3timo! Yasmin, Gel Flexosamine restaura perfeitamente;<\/p><\/blockquote>\n<h2>Pre\u00e7os da Flexosamina em Portugal: Onde Comprar?<\/h2>\n<p>Para encontrar Flexosamina acess\u00edvel em Portugal, visite o site oficial. Os descontos na Flexosamina n\u00e3o ir\u00e3o desiludir e as suas informa\u00e7\u00f5es estar\u00e3o seguras. O site licenciado garante ingredientes extra de alta qualidade.<\/p>\n<p>A descida do pre\u00e7o da Flexosamina reduz o custo m\u00e9dio em 50%. Pode adquirir diversas c\u00f3pias da pomada com desconto de imediato para garantir uma regenera\u00e7\u00e3o completa das articula\u00e7\u00f5es. Preencha o formul\u00e1rio online e ligue para confirmar o seu pedido e a entrega. A entrega demorar\u00e1 alguns dias \u00fateis.<\/p>\n<p>Aten\u00e7\u00e3o! O gel Flexosamina \u00e9 encomendado online para a regenera\u00e7\u00e3o das articula\u00e7\u00f5es e cartilagens de acordo com o protocolo padr\u00e3o. Os clientes preenchem o formul\u00e1rio de encomenda, verificam as informa\u00e7\u00f5es e aguardam a entrega. O pagamento \u00e9 feito atrav\u00e9s de pagamento no ato da entrega (COD) em dias.<\/p>\n","protected":false},"excerpt":{"rendered":"<h2><span style=\"color: #000000;\"><b><\/b>Flexosamine &#8211; al\u00edvio r\u00e1pido da dor nas articula\u00e7\u00f5es<\/span><\/h2>\n<ul>\n<li><span style=\"color: #000000;\">Alivia rapidamente a dor gra\u00e7as \u00e0 a\u00e7\u00e3o do mentol<\/span><\/li>\n<li><span style=\"color: #000000;\">Ajuda a aliviar a inflama\u00e7\u00e3o gra\u00e7as ao ginkgo biloba<\/span><\/li>\n<li><span style=\"color: #000000;\">Melhora a mobilidade das articula\u00e7\u00f5es gra\u00e7as \u00e0 capsaicina e castanha da \u00cdndia<\/span><\/li>\n<li><span style=\"color: #000000;\">N\u00e3o irrita a pele gra\u00e7as aos ingredientes emolientes<\/span><\/li>\n<\/ul>\n<p><span style=\"font-size: 14pt; color: #000000;\"><span style=\"color: #000000;\"><b>Antigo Pre\u00e7o: <span style=\"color: #ff0000;\"><del>78 \u20ac<\/del><\/span><\/b><\/span><\/span><\/p>\n<p><span style=\"font-size: 16pt; color: #000000;\"><span style=\"color: #000000;\"><b>Novo Pre\u00e7o:\u00a0<span style=\"color: #00ff00;\"><span class=\"price__num x_price_current\">39\u00a0<\/span><span class=\"price__currency x_currency\">\u20ac<\/span><\/span><\/b><\/span><\/span><\/p>\n","protected":false},"featured_media":118113,"comment_status":"open","ping_status":"closed","template":"","meta":[],"product_brand":[],"product_cat":[680],"product_tag":[],"class_list":{"0":"post-118073","1":"product","2":"type-product","3":"status-publish","4":"has-post-thumbnail","6":"product_cat-saude","8":"first","9":"instock","10":"shipping-taxable","11":"product-type-external"},"yoast_head":"<!-- This site is optimized with the Yoast SEO plugin v27.3 - https:\/\/yoast.com\/product\/yoast-seo-wordpress\/ -->\n<title>Flexosamine Gel - Al\u00edvio para dores nas articula\u00e7\u00f5es (Portugal)<\/title>\n<meta name=\"description\" content=\"Flexosamina gel de acelera a regenera\u00e7\u00e3o dos tend\u00f5es, cartilagens e articula\u00e7\u00f5es. Reumatismo, osteoartrite, osteocondrose, osteoporose. Flexosamine Portugal\" \/>\n<meta name=\"robots\" content=\"index, follow, max-snippet:-1, max-image-preview:large, max-video-preview:-1\" \/>\n<link rel=\"canonical\" href=\"https:\/\/www.todaykhoe.com\/product\/flexosamine-gel\/\" \/>\n<meta property=\"og:locale\" content=\"pl_PL\" \/>\n<meta property=\"og:type\" content=\"article\" \/>\n<meta property=\"og:title\" content=\"Flexosamine Gel - Al\u00edvio para dores nas articula\u00e7\u00f5es (Portugal)\" \/>\n<meta property=\"og:description\" content=\"Flexosamina gel de acelera a regenera\u00e7\u00e3o dos tend\u00f5es, cartilagens e articula\u00e7\u00f5es. Reumatismo, osteoartrite, osteocondrose, osteoporose. Flexosamine Portugal\" \/>\n<meta property=\"og:url\" content=\"https:\/\/www.todaykhoe.com\/product\/flexosamine-gel\/\" \/>\n<meta property=\"og:site_name\" content=\"TodayKh\u1ecfe.Com\" \/>\n<meta property=\"article:modified_time\" content=\"2025-06-24T12:53:05+00:00\" \/>\n<meta property=\"og:image\" content=\"https:\/\/www.todaykhoe.com\/wp-content\/uploads\/2025\/06\/Flexosamine.png\" \/>\n\t<meta property=\"og:image:width\" content=\"387\" \/>\n\t<meta property=\"og:image:height\" content=\"343\" \/>\n\t<meta property=\"og:image:type\" content=\"image\/png\" \/>\n<meta name=\"twitter:card\" content=\"summary_large_image\" \/>\n<meta name=\"twitter:label1\" content=\"Szacowany czas czytania\" \/>\n\t<meta name=\"twitter:data1\" content=\"6 minut\" \/>\n<script type=\"application\/ld+json\" class=\"yoast-schema-graph\">{\"@context\":\"https:\\\/\\\/schema.org\",\"@graph\":[{\"@type\":\"WebPage\",\"@id\":\"https:\\\/\\\/www.todaykhoe.com\\\/product\\\/flexosamine-gel\\\/\",\"url\":\"https:\\\/\\\/www.todaykhoe.com\\\/product\\\/flexosamine-gel\\\/\",\"name\":\"Flexosamine Gel - Al\u00edvio para dores nas articula\u00e7\u00f5es (Portugal)\",\"isPartOf\":{\"@id\":\"https:\\\/\\\/www.todaykhoe.com\\\/#website\"},\"primaryImageOfPage\":{\"@id\":\"https:\\\/\\\/www.todaykhoe.com\\\/product\\\/flexosamine-gel\\\/#primaryimage\"},\"image\":{\"@id\":\"https:\\\/\\\/www.todaykhoe.com\\\/product\\\/flexosamine-gel\\\/#primaryimage\"},\"thumbnailUrl\":\"https:\\\/\\\/www.todaykhoe.com\\\/wp-content\\\/uploads\\\/2025\\\/06\\\/Flexosamine.png\",\"datePublished\":\"2025-06-24T12:53:04+00:00\",\"dateModified\":\"2025-06-24T12:53:05+00:00\",\"description\":\"Flexosamina gel de acelera a regenera\u00e7\u00e3o dos tend\u00f5es, cartilagens e articula\u00e7\u00f5es. Reumatismo, osteoartrite, osteocondrose, osteoporose. Flexosamine Portugal\",\"breadcrumb\":{\"@id\":\"https:\\\/\\\/www.todaykhoe.com\\\/product\\\/flexosamine-gel\\\/#breadcrumb\"},\"inLanguage\":\"pl-PL\",\"potentialAction\":[{\"@type\":\"ReadAction\",\"target\":[\"https:\\\/\\\/www.todaykhoe.com\\\/product\\\/flexosamine-gel\\\/\"]}]},{\"@type\":\"ImageObject\",\"inLanguage\":\"pl-PL\",\"@id\":\"https:\\\/\\\/www.todaykhoe.com\\\/product\\\/flexosamine-gel\\\/#primaryimage\",\"url\":\"https:\\\/\\\/www.todaykhoe.com\\\/wp-content\\\/uploads\\\/2025\\\/06\\\/Flexosamine.png\",\"contentUrl\":\"https:\\\/\\\/www.todaykhoe.com\\\/wp-content\\\/uploads\\\/2025\\\/06\\\/Flexosamine.png\",\"width\":387,\"height\":343,\"caption\":\"Flexosamine\"},{\"@type\":\"BreadcrumbList\",\"@id\":\"https:\\\/\\\/www.todaykhoe.com\\\/product\\\/flexosamine-gel\\\/#breadcrumb\",\"itemListElement\":[{\"@type\":\"ListItem\",\"position\":1,\"name\":\"Home\",\"item\":\"https:\\\/\\\/www.todaykhoe.com\\\/\"},{\"@type\":\"ListItem\",\"position\":2,\"name\":\"Shop\",\"item\":\"https:\\\/\\\/www.todaykhoe.com\\\/shop\\\/\"},{\"@type\":\"ListItem\",\"position\":3,\"name\":\"Flexosamine Gel &#8211; PT\"}]},{\"@type\":\"WebSite\",\"@id\":\"https:\\\/\\\/www.todaykhoe.com\\\/#website\",\"url\":\"https:\\\/\\\/www.todaykhoe.com\\\/\",\"name\":\"TodayKh\u1ecfe.Com\",\"description\":\"Healthy Today, Fitness, Nutrition, Beauty, News!\",\"publisher\":{\"@id\":\"https:\\\/\\\/www.todaykhoe.com\\\/#organization\"},\"potentialAction\":[{\"@type\":\"SearchAction\",\"target\":{\"@type\":\"EntryPoint\",\"urlTemplate\":\"https:\\\/\\\/www.todaykhoe.com\\\/?s={search_term_string}\"},\"query-input\":{\"@type\":\"PropertyValueSpecification\",\"valueRequired\":true,\"valueName\":\"search_term_string\"}}],\"inLanguage\":\"pl-PL\"},{\"@type\":\"Organization\",\"@id\":\"https:\\\/\\\/www.todaykhoe.com\\\/#organization\",\"name\":\"TodayKh\u1ecfe.Com\",\"url\":\"https:\\\/\\\/www.todaykhoe.com\\\/\",\"logo\":{\"@type\":\"ImageObject\",\"inLanguage\":\"pl-PL\",\"@id\":\"https:\\\/\\\/www.todaykhoe.com\\\/#\\\/schema\\\/logo\\\/image\\\/\",\"url\":\"https:\\\/\\\/www.todaykhoe.com\\\/wp-content\\\/uploads\\\/2025\\\/04\\\/Todaykhoe.png\",\"contentUrl\":\"https:\\\/\\\/www.todaykhoe.com\\\/wp-content\\\/uploads\\\/2025\\\/04\\\/Todaykhoe.png\",\"width\":706,\"height\":159,\"caption\":\"TodayKh\u1ecfe.Com\"},\"image\":{\"@id\":\"https:\\\/\\\/www.todaykhoe.com\\\/#\\\/schema\\\/logo\\\/image\\\/\"}}]}<\/script>\n<!-- \/ Yoast SEO plugin. -->","yoast_head_json":{"title":"Flexosamine Gel - Al\u00edvio para dores nas articula\u00e7\u00f5es (Portugal)","description":"Flexosamina gel de acelera a regenera\u00e7\u00e3o dos tend\u00f5es, cartilagens e articula\u00e7\u00f5es. Reumatismo, osteoartrite, osteocondrose, osteoporose. Flexosamine Portugal","robots":{"index":"index","follow":"follow","max-snippet":"max-snippet:-1","max-image-preview":"max-image-preview:large","max-video-preview":"max-video-preview:-1"},"canonical":"https:\/\/www.todaykhoe.com\/product\/flexosamine-gel\/","og_locale":"pl_PL","og_type":"article","og_title":"Flexosamine Gel - Al\u00edvio para dores nas articula\u00e7\u00f5es (Portugal)","og_description":"Flexosamina gel de acelera a regenera\u00e7\u00e3o dos tend\u00f5es, cartilagens e articula\u00e7\u00f5es. Reumatismo, osteoartrite, osteocondrose, osteoporose. Flexosamine Portugal","og_url":"https:\/\/www.todaykhoe.com\/product\/flexosamine-gel\/","og_site_name":"TodayKh\u1ecfe.Com","article_modified_time":"2025-06-24T12:53:05+00:00","og_image":[{"width":387,"height":343,"url":"https:\/\/www.todaykhoe.com\/wp-content\/uploads\/2025\/06\/Flexosamine.png","type":"image\/png"}],"twitter_card":"summary_large_image","twitter_misc":{"Szacowany czas czytania":"6 minut"},"schema":{"@context":"https:\/\/schema.org","@graph":[{"@type":"WebPage","@id":"https:\/\/www.todaykhoe.com\/product\/flexosamine-gel\/","url":"https:\/\/www.todaykhoe.com\/product\/flexosamine-gel\/","name":"Flexosamine Gel - Al\u00edvio para dores nas articula\u00e7\u00f5es (Portugal)","isPartOf":{"@id":"https:\/\/www.todaykhoe.com\/#website"},"primaryImageOfPage":{"@id":"https:\/\/www.todaykhoe.com\/product\/flexosamine-gel\/#primaryimage"},"image":{"@id":"https:\/\/www.todaykhoe.com\/product\/flexosamine-gel\/#primaryimage"},"thumbnailUrl":"https:\/\/www.todaykhoe.com\/wp-content\/uploads\/2025\/06\/Flexosamine.png","datePublished":"2025-06-24T12:53:04+00:00","dateModified":"2025-06-24T12:53:05+00:00","description":"Flexosamina gel de acelera a regenera\u00e7\u00e3o dos tend\u00f5es, cartilagens e articula\u00e7\u00f5es. Reumatismo, osteoartrite, osteocondrose, osteoporose. Flexosamine Portugal","breadcrumb":{"@id":"https:\/\/www.todaykhoe.com\/product\/flexosamine-gel\/#breadcrumb"},"inLanguage":"pl-PL","potentialAction":[{"@type":"ReadAction","target":["https:\/\/www.todaykhoe.com\/product\/flexosamine-gel\/"]}]},{"@type":"ImageObject","inLanguage":"pl-PL","@id":"https:\/\/www.todaykhoe.com\/product\/flexosamine-gel\/#primaryimage","url":"https:\/\/www.todaykhoe.com\/wp-content\/uploads\/2025\/06\/Flexosamine.png","contentUrl":"https:\/\/www.todaykhoe.com\/wp-content\/uploads\/2025\/06\/Flexosamine.png","width":387,"height":343,"caption":"Flexosamine"},{"@type":"BreadcrumbList","@id":"https:\/\/www.todaykhoe.com\/product\/flexosamine-gel\/#breadcrumb","itemListElement":[{"@type":"ListItem","position":1,"name":"Home","item":"https:\/\/www.todaykhoe.com\/"},{"@type":"ListItem","position":2,"name":"Shop","item":"https:\/\/www.todaykhoe.com\/shop\/"},{"@type":"ListItem","position":3,"name":"Flexosamine Gel &#8211; PT"}]},{"@type":"WebSite","@id":"https:\/\/www.todaykhoe.com\/#website","url":"https:\/\/www.todaykhoe.com\/","name":"TodayKh\u1ecfe.Com","description":"Healthy Today, Fitness, Nutrition, Beauty, News!","publisher":{"@id":"https:\/\/www.todaykhoe.com\/#organization"},"potentialAction":[{"@type":"SearchAction","target":{"@type":"EntryPoint","urlTemplate":"https:\/\/www.todaykhoe.com\/?s={search_term_string}"},"query-input":{"@type":"PropertyValueSpecification","valueRequired":true,"valueName":"search_term_string"}}],"inLanguage":"pl-PL"},{"@type":"Organization","@id":"https:\/\/www.todaykhoe.com\/#organization","name":"TodayKh\u1ecfe.Com","url":"https:\/\/www.todaykhoe.com\/","logo":{"@type":"ImageObject","inLanguage":"pl-PL","@id":"https:\/\/www.todaykhoe.com\/#\/schema\/logo\/image\/","url":"https:\/\/www.todaykhoe.com\/wp-content\/uploads\/2025\/04\/Todaykhoe.png","contentUrl":"https:\/\/www.todaykhoe.com\/wp-content\/uploads\/2025\/04\/Todaykhoe.png","width":706,"height":159,"caption":"TodayKh\u1ecfe.Com"},"image":{"@id":"https:\/\/www.todaykhoe.com\/#\/schema\/logo\/image\/"}}]}},"_links":{"self":[{"href":"https:\/\/www.todaykhoe.com\/pl\/wp-json\/wp\/v2\/product\/118073","targetHints":{"allow":["GET"]}}],"collection":[{"href":"https:\/\/www.todaykhoe.com\/pl\/wp-json\/wp\/v2\/product"}],"about":[{"href":"https:\/\/www.todaykhoe.com\/pl\/wp-json\/wp\/v2\/types\/product"}],"replies":[{"embeddable":true,"href":"https:\/\/www.todaykhoe.com\/pl\/wp-json\/wp\/v2\/comments?post=118073"}],"wp:featuredmedia":[{"embeddable":true,"href":"https:\/\/www.todaykhoe.com\/pl\/wp-json\/wp\/v2\/media\/118113"}],"wp:attachment":[{"href":"https:\/\/www.todaykhoe.com\/pl\/wp-json\/wp\/v2\/media?parent=118073"}],"wp:term":[{"taxonomy":"product_brand","embeddable":true,"href":"https:\/\/www.todaykhoe.com\/pl\/wp-json\/wp\/v2\/product_brand?post=118073"},{"taxonomy":"product_cat","embeddable":true,"href":"https:\/\/www.todaykhoe.com\/pl\/wp-json\/wp\/v2\/product_cat?post=118073"},{"taxonomy":"product_tag","embeddable":true,"href":"https:\/\/www.todaykhoe.com\/pl\/wp-json\/wp\/v2\/product_tag?post=118073"}],"curies":[{"name":"wp","href":"https:\/\/api.w.org\/{rel}","templated":true}]}}