{"id":118033,"date":"2025-06-24T12:38:33","date_gmt":"2025-06-24T12:38:33","guid":{"rendered":"https:\/\/todaykhoe.com\/?post_type=product&#038;p=118033"},"modified":"2025-06-24T12:38:34","modified_gmt":"2025-06-24T12:38:34","slug":"hondro-sol-pulverizar-pt","status":"publish","type":"product","link":"https:\/\/www.todaykhoe.com\/pl\/product\/hondro-sol-pulverizar-pt\/","title":{"rendered":"Hondro Sol Pulverizar &#8211; PT"},"content":{"rendered":"<p>O spray <a href=\"https:\/\/todaykhoe.com\/product\/hondro-sol-pulverizar\/\"><b>Hondro Sol<\/b><\/a> regenera as articula\u00e7\u00f5es, cartilagens e tend\u00f5es rapidamente. Este produto pode auxiliar em casos de artrite, osteoartrite, osteocondrose, osteoporose, reumatismo, bursite, h\u00e9rnia intervertebral e radiculite. Este medicamento org\u00e2nico penetra nos tecidos profundos para aliviar a dor e o incha\u00e7o. Observa-se um efeito refrescante. Mais de portugueses utilizam-no diariamente para se exercitarem.<\/p>\n<p>Pode adquirir um exemplar por um bom pre\u00e7o no site oficial. As publica\u00e7\u00f5es do f\u00f3rum Hondro Sol demonstram a sua a\u00e7\u00e3o r\u00e1pida. Sem contraindica\u00e7\u00f5es. Os ortopedistas afirmam que o Hondro Sol \u00e9 uma das melhores pomadas naturais para dores articulares intensas.<\/p>\n<p>Estimulam ativamente a produ\u00e7\u00e3o de colag\u00e9nio e tecido sinovial. Isto fortalece os m\u00fasculos e os ossos. O produto foi clinicamente testado e tem 93% de efic\u00e1cia. A microcircula\u00e7\u00e3o sangu\u00ednea dos membros inferiores \u00e9 melhorada com o Hondro Sol.<\/p>\n<h2>O que \u00e9 o Hondro Sol e porque \u00e9 utilizado?<\/h2>\n<p>O Hondro Sol, um spray natural, alivia rapidamente a dor, a inflama\u00e7\u00e3o, o edema e a rigidez articular. Este medicamento \u00e9 \u00f3timo para tratar organicamente artrite, osteoartrite, osteocondrose, osteoporose, reumatismo, bursite, h\u00e9rnia intervertebral e radiculite. Normaliza a estrutura e a textura d\u00e9rmica na zona de aplica\u00e7\u00e3o.<\/p>\n<p>O site do fabricante oferece grandes ofertas. O produto foi testado por v\u00e1rios ortopedistas e considerado um dos melhores para as doen\u00e7as sinoviais degenerativas relacionadas com a idade. H\u00e1 poucas queixas sobre o uso do Hondro Sol. O tratamento org\u00e2nico foi submetido a testes cl\u00ednicos e \u00e9 seguro.<\/p>\n<p>A redu\u00e7\u00e3o da dor articular ativa \u00e9 em m\u00e9dia de 93%. Este produto tamb\u00e9m pode evitar problemas futuros. Este rem\u00e9dio natural repara a cartilagem e sintetiza colag\u00e9nio e fluidos sinoviais. O spray Hondro Sol de alta qualidade arrefece rapidamente e alivia a dor, mantendo-o em movimento.<\/p>\n<h3>Desenvolvimento Inovador! Hondro Sol<\/h3>\n<ul>\n<li>Em 99% dos casos recupera os tecidos de articula\u00e7\u00f5es danificadas !<\/li>\n<li>Alivia dores em 10 minutos<\/li>\n<li>Retorna a mobilidade das articula\u00e7\u00f5es em 14 dias!<\/li>\n<li>Sa\u00fade e suporte das articula\u00e7\u00f5es em n\u00edvel microsc\u00f3pico<\/li>\n<li>F\u00f3rmula patenteada, e sem an\u00e1logos!<\/li>\n<\/ul>\n<h4>Como funciona Hondro Sol<\/h4>\n<ul>\n<li>Instantaneamente alivia a dor!<\/li>\n<li>Alivia dores nas articula\u00e7\u00f5es, nas costas, causadas pelos fatores neurol\u00f3gicos, inflamat\u00f3rios e estressantes<\/li>\n<li>Protege a cartilagem do desgaste<\/li>\n<li>Elimina as c\u00e3ibras musculares da panturrilha<\/li>\n<li>Melhora a elasticidade dos vasos sangu\u00edneos e fornece nutrientes para as articula\u00e7\u00f5es<\/li>\n<li>Aumenta a quantidade de condr\u00f3citos jovens e saud\u00e1veis a partir do tecido cartilaginoso<\/li>\n<li>Elimina a infe\u00e7\u00e3o<\/li>\n<li>Previne estagna\u00e7\u00f5es e incha\u00e7os das articula\u00e7\u00f5es<\/li>\n<\/ul>\n<h3>Indikacije Za Predpis Hondro Sol<\/h3>\n<ul>\n<li>Para quaisquer doen\u00e7as do tecido articular, cartilaginoso ou \u00f3sseo (doen\u00e7as inflamat\u00f3rias e infeciosas, les\u00f5es degenerativas)<\/li>\n<li>Para prevenir o desenvolvimento de doen\u00e7as das articula\u00e7\u00f5es (comprovado: sa\u00fade e mobilidade das articula\u00e7\u00f5es diminuem rapidamente com a idade)<\/li>\n<li>Para atletas, para pessoas que praticam atividades f\u00edsicas intensas<\/li>\n<li>Com um estilo de vida sedent\u00e1rio e a presen\u00e7a de excesso de peso (que cria um aumento de carga nas articula\u00e7\u00f5es!)<\/li>\n<li>Ap\u00f3s les\u00f5es e opera\u00e7\u00f5es nas articula\u00e7\u00f5es<\/li>\n<\/ul>\n<h3>Opini\u00f5es e coment\u00e1rios de Hondro Sol no f\u00f3rum<\/h3>\n<p>Os utilizadores n\u00e3o publicaram avalia\u00e7\u00f5es negativas sobre o Hondro Sol nos f\u00f3runs. A maioria afirma que os seus movimentos di\u00e1rios melhoram e que n\u00e3o sentem rigidez ou dorm\u00eancia quando est\u00e3o sentados ou de p\u00e9. A aplica\u00e7\u00e3o reduz imediatamente o incha\u00e7o e elimina a dor provocada pelo movimento. Ortopedistas especialistas avaliaram a a\u00e7\u00e3o e consideraram o Hondro Sol eficaz para doen\u00e7as artr\u00edticas e profilaxia.<\/p>\n<p><b>Coment\u00e1rios:<\/b><\/p>\n<blockquote><p>O spray Hondro Sol auxilia na recupera\u00e7\u00e3o do controlo corporal. Estimula a atividade f\u00edsica. Aplic\u00e1-lo antes do trabalho ir\u00e1 ajud\u00e1-lo a sentir-se menos tenso e desconfort\u00e1vel ap\u00f3s 8 horas no port\u00e1til. Tamb\u00e9m pode obter um grande desconto comprando no site oficial. Luana Rodrigues, 34;<\/p>\n<p>Esta pomada org\u00e2nica foi-me oferecida pelo meu filho. Eu e a minha esposa usamo-la regularmente e agora podemos fazer longas caminhadas pela cidade. A atividade natural do spray Hondro Sol permite-nos sair todos os dias. Pedro Lopes, 53;<\/p>\n<p>Este spray alivia eficazmente os sintomas da artrite. Basta aplic\u00e1-lo duas vezes por dia na pele limpa e seca. O alo\u00e9 vera, na sua composi\u00e7\u00e3o natural, refresca as zonas doridas e alivia as c\u00f3licas. M\u00e1rio, 37;<\/p><\/blockquote>\n<h2>Pre\u00e7o do Hondro Sol em Portugal \u2014 Onde Comprar?<\/h2>\n<p>Consulte o site oficial para encontrar o Hondro Sol a um pre\u00e7o acess\u00edvel em Portugal. Pode confiar na poupan\u00e7a de pre\u00e7o e na seguran\u00e7a dos dados do Hondro Sol. O site licenciado promete ingredientes adicionais de alta qualidade.<\/p>\n<p>Os descontos atuais do Hondro Sol reduzem o custo m\u00e9dio em 50%. Encomende hoje mesmo v\u00e1rios exemplares com desconto para garantir que tem pomada suficiente para regenerar as suas articula\u00e7\u00f5es. Preencha o formul\u00e1rio online e ligue para confirmar o seu pedido e a entrega. O seu pacote chegar\u00e1 em alguns dias \u00fateis.<\/p>\n<p>Aten\u00e7\u00e3o! O spray Hondro Sol para regenera\u00e7\u00e3o de articula\u00e7\u00f5es e cartilagens \u00e9 adquirido online como habitualmente. Os clientes preenchem o formul\u00e1rio de encomenda, confirmam as suas informa\u00e7\u00f5es e aguardam a entrega. A entrega demora dias e \u00e9 feita no ato da entrega.<\/p>\n","protected":false},"excerpt":{"rendered":"<h3><span style=\"color: #000000;\">Desenvolvimento Inovador! Hondro Sol<\/span><\/h3>\n<ul>\n<li><span style=\"color: #000000;\">Em 99% dos casos recupera os tecidos de articula\u00e7\u00f5es danificadas !<\/span><\/li>\n<li><span style=\"color: #000000;\">Alivia dores em 10 minutos<\/span><\/li>\n<li><span style=\"color: #000000;\">Retorna a mobilidade das articula\u00e7\u00f5es em 14 dias!<\/span><\/li>\n<li><span style=\"color: #000000;\">Sa\u00fade e suporte das articula\u00e7\u00f5es em n\u00edvel microsc\u00f3pico<\/span><\/li>\n<li><span style=\"color: #000000;\">F\u00f3rmula patenteada, e sem an\u00e1logos!<\/span><\/li>\n<\/ul>\n<p><span style=\"font-size: 14pt; color: #000000;\"><span style=\"color: #000000;\"><b>Antigo Pre\u00e7o:\u00a0<span style=\"color: #ff0000;\"><del>78 \u20ac<\/del><\/span><\/b><\/span><\/span><\/p>\n<p><span style=\"font-size: 16pt; color: #000000;\"><span style=\"color: #000000;\"><b>Novo Pre\u00e7o:\u00a0<span style=\"color: #00ff00;\"><span class=\"price__num x_price_current\">39\u00a0<\/span><span class=\"price__currency x_currency\">\u20ac<\/span><\/span><\/b><\/span><\/span><\/p>\n","protected":false},"featured_media":118035,"comment_status":"open","ping_status":"closed","template":"","meta":[],"product_brand":[],"product_cat":[680],"product_tag":[],"class_list":{"0":"post-118033","1":"product","2":"type-product","3":"status-publish","4":"has-post-thumbnail","6":"product_cat-saude","8":"first","9":"instock","10":"shipping-taxable","11":"product-type-external"},"yoast_head":"<!-- This site is optimized with the Yoast SEO plugin v27.3 - https:\/\/yoast.com\/product\/yoast-seo-wordpress\/ -->\n<title>Hondro Sol Pulverizar - Ajuda para as dores nas articula\u00e7\u00f5es (PT)<\/title>\n<meta name=\"description\" content=\"O Hondro Sol, um spray natural, alivia rapidamente a dor, a inflama\u00e7\u00e3o, o edema e a rigidez articular. Hondro Sol Portugal\" \/>\n<meta name=\"robots\" content=\"index, follow, max-snippet:-1, max-image-preview:large, max-video-preview:-1\" \/>\n<link rel=\"canonical\" href=\"https:\/\/www.todaykhoe.com\/product\/hondro-sol-pulverizar-pt\/\" \/>\n<meta property=\"og:locale\" content=\"pl_PL\" \/>\n<meta property=\"og:type\" content=\"article\" \/>\n<meta property=\"og:title\" content=\"Hondro Sol Pulverizar - Ajuda para as dores nas articula\u00e7\u00f5es (PT)\" \/>\n<meta property=\"og:description\" content=\"O Hondro Sol, um spray natural, alivia rapidamente a dor, a inflama\u00e7\u00e3o, o edema e a rigidez articular. Hondro Sol Portugal\" \/>\n<meta property=\"og:url\" content=\"https:\/\/www.todaykhoe.com\/product\/hondro-sol-pulverizar-pt\/\" \/>\n<meta property=\"og:site_name\" content=\"TodayKh\u1ecfe.Com\" \/>\n<meta property=\"article:modified_time\" content=\"2025-06-24T12:38:34+00:00\" \/>\n<meta property=\"og:image\" content=\"https:\/\/www.todaykhoe.com\/wp-content\/uploads\/2025\/06\/Hondro-Sol.png\" \/>\n\t<meta property=\"og:image:width\" content=\"409\" \/>\n\t<meta property=\"og:image:height\" content=\"392\" \/>\n\t<meta property=\"og:image:type\" content=\"image\/png\" \/>\n<meta name=\"twitter:card\" content=\"summary_large_image\" \/>\n<meta name=\"twitter:label1\" content=\"Szacowany czas czytania\" \/>\n\t<meta name=\"twitter:data1\" content=\"4 minuty\" \/>\n<script type=\"application\/ld+json\" class=\"yoast-schema-graph\">{\"@context\":\"https:\\\/\\\/schema.org\",\"@graph\":[{\"@type\":\"WebPage\",\"@id\":\"https:\\\/\\\/www.todaykhoe.com\\\/product\\\/hondro-sol-pulverizar-pt\\\/\",\"url\":\"https:\\\/\\\/www.todaykhoe.com\\\/product\\\/hondro-sol-pulverizar-pt\\\/\",\"name\":\"Hondro Sol Pulverizar - Ajuda para as dores nas articula\u00e7\u00f5es (PT)\",\"isPartOf\":{\"@id\":\"https:\\\/\\\/www.todaykhoe.com\\\/#website\"},\"primaryImageOfPage\":{\"@id\":\"https:\\\/\\\/www.todaykhoe.com\\\/product\\\/hondro-sol-pulverizar-pt\\\/#primaryimage\"},\"image\":{\"@id\":\"https:\\\/\\\/www.todaykhoe.com\\\/product\\\/hondro-sol-pulverizar-pt\\\/#primaryimage\"},\"thumbnailUrl\":\"https:\\\/\\\/www.todaykhoe.com\\\/wp-content\\\/uploads\\\/2025\\\/06\\\/Hondro-Sol.png\",\"datePublished\":\"2025-06-24T12:38:33+00:00\",\"dateModified\":\"2025-06-24T12:38:34+00:00\",\"description\":\"O Hondro Sol, um spray natural, alivia rapidamente a dor, a inflama\u00e7\u00e3o, o edema e a rigidez articular. Hondro Sol Portugal\",\"breadcrumb\":{\"@id\":\"https:\\\/\\\/www.todaykhoe.com\\\/product\\\/hondro-sol-pulverizar-pt\\\/#breadcrumb\"},\"inLanguage\":\"pl-PL\",\"potentialAction\":[{\"@type\":\"ReadAction\",\"target\":[\"https:\\\/\\\/www.todaykhoe.com\\\/product\\\/hondro-sol-pulverizar-pt\\\/\"]}]},{\"@type\":\"ImageObject\",\"inLanguage\":\"pl-PL\",\"@id\":\"https:\\\/\\\/www.todaykhoe.com\\\/product\\\/hondro-sol-pulverizar-pt\\\/#primaryimage\",\"url\":\"https:\\\/\\\/www.todaykhoe.com\\\/wp-content\\\/uploads\\\/2025\\\/06\\\/Hondro-Sol.png\",\"contentUrl\":\"https:\\\/\\\/www.todaykhoe.com\\\/wp-content\\\/uploads\\\/2025\\\/06\\\/Hondro-Sol.png\",\"width\":409,\"height\":392,\"caption\":\"Hondro Sol\"},{\"@type\":\"BreadcrumbList\",\"@id\":\"https:\\\/\\\/www.todaykhoe.com\\\/product\\\/hondro-sol-pulverizar-pt\\\/#breadcrumb\",\"itemListElement\":[{\"@type\":\"ListItem\",\"position\":1,\"name\":\"Home\",\"item\":\"https:\\\/\\\/www.todaykhoe.com\\\/\"},{\"@type\":\"ListItem\",\"position\":2,\"name\":\"Shop\",\"item\":\"https:\\\/\\\/www.todaykhoe.com\\\/shop\\\/\"},{\"@type\":\"ListItem\",\"position\":3,\"name\":\"Hondro Sol Pulverizar &#8211; PT\"}]},{\"@type\":\"WebSite\",\"@id\":\"https:\\\/\\\/www.todaykhoe.com\\\/#website\",\"url\":\"https:\\\/\\\/www.todaykhoe.com\\\/\",\"name\":\"TodayKh\u1ecfe.Com\",\"description\":\"Healthy Today, Fitness, Nutrition, Beauty, News!\",\"publisher\":{\"@id\":\"https:\\\/\\\/www.todaykhoe.com\\\/#organization\"},\"potentialAction\":[{\"@type\":\"SearchAction\",\"target\":{\"@type\":\"EntryPoint\",\"urlTemplate\":\"https:\\\/\\\/www.todaykhoe.com\\\/?s={search_term_string}\"},\"query-input\":{\"@type\":\"PropertyValueSpecification\",\"valueRequired\":true,\"valueName\":\"search_term_string\"}}],\"inLanguage\":\"pl-PL\"},{\"@type\":\"Organization\",\"@id\":\"https:\\\/\\\/www.todaykhoe.com\\\/#organization\",\"name\":\"TodayKh\u1ecfe.Com\",\"url\":\"https:\\\/\\\/www.todaykhoe.com\\\/\",\"logo\":{\"@type\":\"ImageObject\",\"inLanguage\":\"pl-PL\",\"@id\":\"https:\\\/\\\/www.todaykhoe.com\\\/#\\\/schema\\\/logo\\\/image\\\/\",\"url\":\"https:\\\/\\\/www.todaykhoe.com\\\/wp-content\\\/uploads\\\/2025\\\/04\\\/Todaykhoe.png\",\"contentUrl\":\"https:\\\/\\\/www.todaykhoe.com\\\/wp-content\\\/uploads\\\/2025\\\/04\\\/Todaykhoe.png\",\"width\":706,\"height\":159,\"caption\":\"TodayKh\u1ecfe.Com\"},\"image\":{\"@id\":\"https:\\\/\\\/www.todaykhoe.com\\\/#\\\/schema\\\/logo\\\/image\\\/\"}}]}<\/script>\n<!-- \/ Yoast SEO plugin. -->","yoast_head_json":{"title":"Hondro Sol Pulverizar - Ajuda para as dores nas articula\u00e7\u00f5es (PT)","description":"O Hondro Sol, um spray natural, alivia rapidamente a dor, a inflama\u00e7\u00e3o, o edema e a rigidez articular. Hondro Sol Portugal","robots":{"index":"index","follow":"follow","max-snippet":"max-snippet:-1","max-image-preview":"max-image-preview:large","max-video-preview":"max-video-preview:-1"},"canonical":"https:\/\/www.todaykhoe.com\/product\/hondro-sol-pulverizar-pt\/","og_locale":"pl_PL","og_type":"article","og_title":"Hondro Sol Pulverizar - Ajuda para as dores nas articula\u00e7\u00f5es (PT)","og_description":"O Hondro Sol, um spray natural, alivia rapidamente a dor, a inflama\u00e7\u00e3o, o edema e a rigidez articular. Hondro Sol Portugal","og_url":"https:\/\/www.todaykhoe.com\/product\/hondro-sol-pulverizar-pt\/","og_site_name":"TodayKh\u1ecfe.Com","article_modified_time":"2025-06-24T12:38:34+00:00","og_image":[{"width":409,"height":392,"url":"https:\/\/www.todaykhoe.com\/wp-content\/uploads\/2025\/06\/Hondro-Sol.png","type":"image\/png"}],"twitter_card":"summary_large_image","twitter_misc":{"Szacowany czas czytania":"4 minuty"},"schema":{"@context":"https:\/\/schema.org","@graph":[{"@type":"WebPage","@id":"https:\/\/www.todaykhoe.com\/product\/hondro-sol-pulverizar-pt\/","url":"https:\/\/www.todaykhoe.com\/product\/hondro-sol-pulverizar-pt\/","name":"Hondro Sol Pulverizar - Ajuda para as dores nas articula\u00e7\u00f5es (PT)","isPartOf":{"@id":"https:\/\/www.todaykhoe.com\/#website"},"primaryImageOfPage":{"@id":"https:\/\/www.todaykhoe.com\/product\/hondro-sol-pulverizar-pt\/#primaryimage"},"image":{"@id":"https:\/\/www.todaykhoe.com\/product\/hondro-sol-pulverizar-pt\/#primaryimage"},"thumbnailUrl":"https:\/\/www.todaykhoe.com\/wp-content\/uploads\/2025\/06\/Hondro-Sol.png","datePublished":"2025-06-24T12:38:33+00:00","dateModified":"2025-06-24T12:38:34+00:00","description":"O Hondro Sol, um spray natural, alivia rapidamente a dor, a inflama\u00e7\u00e3o, o edema e a rigidez articular. Hondro Sol Portugal","breadcrumb":{"@id":"https:\/\/www.todaykhoe.com\/product\/hondro-sol-pulverizar-pt\/#breadcrumb"},"inLanguage":"pl-PL","potentialAction":[{"@type":"ReadAction","target":["https:\/\/www.todaykhoe.com\/product\/hondro-sol-pulverizar-pt\/"]}]},{"@type":"ImageObject","inLanguage":"pl-PL","@id":"https:\/\/www.todaykhoe.com\/product\/hondro-sol-pulverizar-pt\/#primaryimage","url":"https:\/\/www.todaykhoe.com\/wp-content\/uploads\/2025\/06\/Hondro-Sol.png","contentUrl":"https:\/\/www.todaykhoe.com\/wp-content\/uploads\/2025\/06\/Hondro-Sol.png","width":409,"height":392,"caption":"Hondro Sol"},{"@type":"BreadcrumbList","@id":"https:\/\/www.todaykhoe.com\/product\/hondro-sol-pulverizar-pt\/#breadcrumb","itemListElement":[{"@type":"ListItem","position":1,"name":"Home","item":"https:\/\/www.todaykhoe.com\/"},{"@type":"ListItem","position":2,"name":"Shop","item":"https:\/\/www.todaykhoe.com\/shop\/"},{"@type":"ListItem","position":3,"name":"Hondro Sol Pulverizar &#8211; PT"}]},{"@type":"WebSite","@id":"https:\/\/www.todaykhoe.com\/#website","url":"https:\/\/www.todaykhoe.com\/","name":"TodayKh\u1ecfe.Com","description":"Healthy Today, Fitness, Nutrition, Beauty, News!","publisher":{"@id":"https:\/\/www.todaykhoe.com\/#organization"},"potentialAction":[{"@type":"SearchAction","target":{"@type":"EntryPoint","urlTemplate":"https:\/\/www.todaykhoe.com\/?s={search_term_string}"},"query-input":{"@type":"PropertyValueSpecification","valueRequired":true,"valueName":"search_term_string"}}],"inLanguage":"pl-PL"},{"@type":"Organization","@id":"https:\/\/www.todaykhoe.com\/#organization","name":"TodayKh\u1ecfe.Com","url":"https:\/\/www.todaykhoe.com\/","logo":{"@type":"ImageObject","inLanguage":"pl-PL","@id":"https:\/\/www.todaykhoe.com\/#\/schema\/logo\/image\/","url":"https:\/\/www.todaykhoe.com\/wp-content\/uploads\/2025\/04\/Todaykhoe.png","contentUrl":"https:\/\/www.todaykhoe.com\/wp-content\/uploads\/2025\/04\/Todaykhoe.png","width":706,"height":159,"caption":"TodayKh\u1ecfe.Com"},"image":{"@id":"https:\/\/www.todaykhoe.com\/#\/schema\/logo\/image\/"}}]}},"_links":{"self":[{"href":"https:\/\/www.todaykhoe.com\/pl\/wp-json\/wp\/v2\/product\/118033","targetHints":{"allow":["GET"]}}],"collection":[{"href":"https:\/\/www.todaykhoe.com\/pl\/wp-json\/wp\/v2\/product"}],"about":[{"href":"https:\/\/www.todaykhoe.com\/pl\/wp-json\/wp\/v2\/types\/product"}],"replies":[{"embeddable":true,"href":"https:\/\/www.todaykhoe.com\/pl\/wp-json\/wp\/v2\/comments?post=118033"}],"wp:featuredmedia":[{"embeddable":true,"href":"https:\/\/www.todaykhoe.com\/pl\/wp-json\/wp\/v2\/media\/118035"}],"wp:attachment":[{"href":"https:\/\/www.todaykhoe.com\/pl\/wp-json\/wp\/v2\/media?parent=118033"}],"wp:term":[{"taxonomy":"product_brand","embeddable":true,"href":"https:\/\/www.todaykhoe.com\/pl\/wp-json\/wp\/v2\/product_brand?post=118033"},{"taxonomy":"product_cat","embeddable":true,"href":"https:\/\/www.todaykhoe.com\/pl\/wp-json\/wp\/v2\/product_cat?post=118033"},{"taxonomy":"product_tag","embeddable":true,"href":"https:\/\/www.todaykhoe.com\/pl\/wp-json\/wp\/v2\/product_tag?post=118033"}],"curies":[{"name":"wp","href":"https:\/\/api.w.org\/{rel}","templated":true}]}}