{"id":117993,"date":"2025-06-24T12:22:37","date_gmt":"2025-06-24T12:22:37","guid":{"rendered":"https:\/\/todaykhoe.com\/?post_type=product&#038;p=117993"},"modified":"2025-06-24T12:22:37","modified_gmt":"2025-06-24T12:22:37","slug":"steplex-gel","status":"publish","type":"product","link":"https:\/\/www.todaykhoe.com\/pl\/product\/steplex-gel\/","title":{"rendered":"Steplex Gel &#8211; PT"},"content":{"rendered":"<p>O gel <a href=\"https:\/\/todaykhoe.com\/product\/steplex-gel\/\"><b>Steplex<\/b><\/a> regenera as articula\u00e7\u00f5es, cartilagens e tend\u00f5es rapidamente. Este produto pode auxiliar em casos de artrite, osteoartrite, osteocondrose, osteoporose, reumatismo, bursite, h\u00e9rnia intervertebral e radiculite. Este medicamento org\u00e2nico penetra nos tecidos profundos para aliviar a dor e o incha\u00e7o. Observa-se um efeito refrescante. Mais de portugueses utilizam-no diariamente para se exercitarem.<\/p>\n<p>Pode adquirir um exemplar por um bom pre\u00e7o no site oficial. As mensagens do f\u00f3rum Steplex demonstram a sua a\u00e7\u00e3o imediata. Sem contraindica\u00e7\u00f5es. Os ortopedistas afirmam que o Steplex \u00e9 uma das melhores pomadas naturais para dores articulares intensas.<\/p>\n<p>Estimulam ativamente a produ\u00e7\u00e3o de colag\u00e9nio e tecido sinovial. Isto fortalece os m\u00fasculos e os ossos. O produto foi clinicamente testado e tem 93% de efic\u00e1cia. A microcircula\u00e7\u00e3o sangu\u00ednea dos membros inferiores \u00e9 melhorada pelo Steplex.<\/p>\n<h2>O que \u00e9 o Steplex e porque existe?<\/h2>\n<p>Steplex, um gel natural, alivia rapidamente a dor, a inflama\u00e7\u00e3o, o edema e a rigidez articular. Este medicamento \u00e9 \u00f3timo para tratar organicamente artrite, osteoartrite, osteocondrose, osteoporose, reumatismo, bursite, h\u00e9rnia intervertebral e radiculite. Normaliza a estrutura e a textura d\u00e9rmica na zona de aplica\u00e7\u00e3o.<\/p>\n<p>O site do fabricante oferece grandes ofertas. Muitos ortopedistas experientes consideram o Steplex uma das melhores terapias para as doen\u00e7as sinoviais degenerativas relacionadas com a idade. O uso do Steplex \u00e9 raramente criticado. A cura org\u00e2nica passou por testes cl\u00ednicos e \u00e9 segura.<\/p>\n<p>A redu\u00e7\u00e3o ativa da dor articular \u00e9 em m\u00e9dia de 93%. Este produto tamb\u00e9m pode evitar problemas futuros. Este rem\u00e9dio natural repara a cartilagem e sintetiza colag\u00e9nio e fluidos sinoviais. O Steplex \u00e9 um gel de alta qualidade que proporciona um arrefecimento r\u00e1pido para aliviar a dor e melhorar a mobilidade.<\/p>\n<h3>Steplex &#8211; al\u00edvio r\u00e1pido da dor nas articula\u00e7\u00f5es<\/h3>\n<ul>\n<li>Alivia rapidamente a dor gra\u00e7as \u00e0 a\u00e7\u00e3o do mentol<\/li>\n<li>Ajuda a aliviar a inflama\u00e7\u00e3o gra\u00e7as ao ginkgo biloba<\/li>\n<li>Melhora a mobilidade das articula\u00e7\u00f5es gra\u00e7as \u00e0 capsaicina e castanha da \u00cdndia<\/li>\n<li>N\u00e3o irrita a pele gra\u00e7as aos ingredientes emolientes<\/li>\n<\/ul>\n<h4>Steplex ajuda a resolver rapidamente os problemas das suas articula\u00e7\u00f5es<\/h4>\n<ul>\n<li>Alivia rapidamente a articula\u00e7\u00e3o, calmando os neur\u00f4nios receptores<\/li>\n<li>Ajuda a aliviar o edema melhorando o fluxo sangu\u00edneo na \u00e1rea afetada<\/li>\n<li>Fortalece as articula\u00e7\u00f5es e vasos sangu\u00edneos normalizando o metabolismo na articula\u00e7\u00e3o<\/li>\n<li>Normaliza a fun\u00e7\u00e3o articular, restaurando a c\u00e1psula articular sinovial<\/li>\n<li>N\u00e3o irrita a pele, amaciando-a com ingredientes naturais<\/li>\n<li>Trabalha intensamentegra\u00e7as \u00e0 cafe\u00edna na composi\u00e7\u00e3o, aumenta a efic\u00e1cia de todos os ingredientes<\/li>\n<\/ul>\n<h3>A composi\u00e7\u00e3o do Steplex \u00e9 projetada de acordo com pesquisas cient\u00edficas<\/h3>\n<ul>\n<li><b>Ginkgo biloba:<\/b> Fortalece a parede vascular, estimula o fluxo sangu\u00edneo, reduz rapidamente a inflama\u00e7\u00e3o e edemas<\/li>\n<li><b>Cafe\u00edna:<\/b> Aumenta significativamente a atividade de outras subst\u00e2ncias funcionais inclu\u00eddas na droga, alivia o edema<\/li>\n<li><b>Capsaicina:<\/b> Alivia rapidamente a dor, agindo nos neur\u00f4nios receptores, elimina espasmos e edemas<\/li>\n<li><b>Mentol:<\/b> Causa efeito anest\u00e9sico, melhora a penetra\u00e7\u00e3o de subst\u00e2ncias ativas na pele<\/li>\n<li><b>Citral:<\/b> Composto org\u00e2nico com a\u00e7\u00e3o analg\u00e9sica, anti-inflamat\u00f3ria e anti-s\u00e9ptica<\/li>\n<li><b>Sementes de castanha da \u00cdndia:<\/b> Melhoran a circula\u00e7\u00e3o sangu\u00ednea local na articula\u00e7\u00e3o, reduzindo a inflama\u00e7\u00e3o e a dor<\/li>\n<\/ul>\n<h4>Opini\u00f5es e coment\u00e1rios sobre o Steplex no f\u00f3rum<\/h4>\n<p>Os utilizadores n\u00e3o publicaram avalia\u00e7\u00f5es negativas sobre o Steplex nos f\u00f3runs. A maioria afirma que os seus movimentos di\u00e1rios melhoram e que n\u00e3o sentem rigidez ou dorm\u00eancia quando est\u00e3o sentados ou de p\u00e9. A aplica\u00e7\u00e3o reduz imediatamente o incha\u00e7o e elimina a dor provocada pelo movimento. Os ortopedistas especialistas avaliaram o Steplex e consideraram-no eficaz para doen\u00e7as artr\u00edticas e profilaxia.<\/p>\n<p><b>Coment\u00e1rios:<\/b><\/p>\n<blockquote><p>O gel Stepplex auxilia na recupera\u00e7\u00e3o completa do controlo corporal. Estimula a atividade f\u00edsica. Aplic\u00e1-lo antes do trabalho ir\u00e1 ajud\u00e1-lo a sentir-se menos tenso e desconfort\u00e1vel ap\u00f3s 8 horas no port\u00e1til. Tamb\u00e9m pode obter um grande desconto comprando no site oficial. Luana Rodrigues, 34;<\/p>\n<p>Esta pomada org\u00e2nica foi-me oferecida pelo meu filho. Eu e a minha esposa usamo-la regularmente e agora podemos fazer longas caminhadas pela cidade. A a\u00e7\u00e3o natural do Steplexgel permite-nos sair todos os dias. Pedro Lopes, 53;<\/p>\n<p>Este gel alivia eficazmente os sintomas da artrite. Basta aplic\u00e1-lo duas vezes por dia na pele limpa e seca. O alo\u00e9 vera, na sua composi\u00e7\u00e3o natural, refresca as zonas doridas e alivia as c\u00f3licas. M\u00e1rio, 37;<\/p><\/blockquote>\n<h2>Pre\u00e7o do Steplex em Portugal \u2014 Onde Comprar?<\/h2>\n<p>Saiba onde comprar o Steplex a um pre\u00e7o normal em Portugal no site oficial. Ficar\u00e1 satisfeito com a poupan\u00e7a de pre\u00e7o e a seguran\u00e7a dos dados do Steplex. O site licenciado promete ingredientes adicionais de alta qualidade.<\/p>\n<p>Os descontos atuais do Steplex reduzem o custo m\u00e9dio em 50%. Encomende hoje mesmo v\u00e1rias c\u00f3pias com desconto para garantir que tem pomada suficiente para regenerar as suas articula\u00e7\u00f5es. Preencha o formul\u00e1rio online e ligue para confirmar o seu pedido e a entrega. O seu pacote chegar\u00e1 em alguns dias \u00fateis.<\/p>\n<p>Aten\u00e7\u00e3o! O Steplexgel para regenera\u00e7\u00e3o de articula\u00e7\u00f5es e cartilagens \u00e9 adquirido online como habitualmente. Os clientes preenchem o formul\u00e1rio de encomenda, confirmam as suas informa\u00e7\u00f5es e aguardam a entrega. A entrega demora dias e \u00e9 feita no ato da entrega.<\/p>\n","protected":false},"excerpt":{"rendered":"<h2><span style=\"color: #000000;\">Steplex &#8211; al\u00edvio r\u00e1pido da dor nas articula\u00e7\u00f5es<\/span><\/h2>\n<ul>\n<li><span style=\"color: #000000;\">Alivia rapidamente a dor gra\u00e7as \u00e0 a\u00e7\u00e3o do mentol<\/span><\/li>\n<li><span style=\"color: #000000;\">Ajuda a aliviar a inflama\u00e7\u00e3o gra\u00e7as ao ginkgo biloba<\/span><\/li>\n<li><span style=\"color: #000000;\">Melhora a mobilidade das articula\u00e7\u00f5es gra\u00e7as \u00e0 capsaicina e castanha da \u00cdndia<\/span><\/li>\n<li><span style=\"color: #000000;\">N\u00e3o irrita a pele gra\u00e7as aos ingredientes emolientes<\/span><\/li>\n<\/ul>\n<p><span style=\"font-size: 14pt; color: #000000;\"><span style=\"color: #000000;\"><b>Antigo Pre\u00e7o: <span style=\"color: #ff0000;\"><del>78 \u20ac<\/del><\/span><\/b><\/span><\/span><\/p>\n<p><span style=\"font-size: 16pt; color: #000000;\"><span style=\"color: #000000;\"><b>Novo Pre\u00e7o: <span style=\"color: #00ff00;\"><span class=\"price__num x_price_current\">39 <\/span><span class=\"price__currency x_currency\">\u20ac<\/span><\/span><\/b><\/span><\/span><\/p>\n","protected":false},"featured_media":117995,"comment_status":"open","ping_status":"closed","template":"","meta":[],"product_brand":[],"product_cat":[680],"product_tag":[],"class_list":{"0":"post-117993","1":"product","2":"type-product","3":"status-publish","4":"has-post-thumbnail","6":"product_cat-saude","8":"first","9":"instock","10":"shipping-taxable","11":"product-type-external"},"yoast_head":"<!-- This site is optimized with the Yoast SEO plugin v27.3 - https:\/\/yoast.com\/product\/yoast-seo-wordpress\/ -->\n<title>Steplex Gel - Al\u00edvio para dores nas articula\u00e7\u00f5es - Steplex Portugal<\/title>\n<meta name=\"description\" content=\"Steplex gel regenera as articula\u00e7\u00f5es, cartilagens e tend\u00f5es rapidamente. Este produto pode auxiliar em casos de artrite, osteoartrite. Steplex Portugal 2025\" \/>\n<meta name=\"robots\" content=\"index, follow, max-snippet:-1, max-image-preview:large, max-video-preview:-1\" \/>\n<link rel=\"canonical\" href=\"https:\/\/www.todaykhoe.com\/pl\/product\/steplex-gel\/\" \/>\n<meta property=\"og:locale\" content=\"pl_PL\" \/>\n<meta property=\"og:type\" content=\"article\" \/>\n<meta property=\"og:title\" content=\"Steplex Gel - Al\u00edvio para dores nas articula\u00e7\u00f5es - Steplex Portugal\" \/>\n<meta property=\"og:description\" content=\"Steplex gel regenera as articula\u00e7\u00f5es, cartilagens e tend\u00f5es rapidamente. Este produto pode auxiliar em casos de artrite, osteoartrite. Steplex Portugal 2025\" \/>\n<meta property=\"og:url\" content=\"https:\/\/www.todaykhoe.com\/pl\/product\/steplex-gel\/\" \/>\n<meta property=\"og:site_name\" content=\"TodayKh\u1ecfe.Com\" \/>\n<meta property=\"og:image\" content=\"https:\/\/www.todaykhoe.com\/wp-content\/uploads\/2025\/06\/Steplex.png\" \/>\n\t<meta property=\"og:image:width\" content=\"486\" \/>\n\t<meta property=\"og:image:height\" content=\"479\" \/>\n\t<meta property=\"og:image:type\" content=\"image\/png\" \/>\n<meta name=\"twitter:card\" content=\"summary_large_image\" \/>\n<meta name=\"twitter:label1\" content=\"Szacowany czas czytania\" \/>\n\t<meta name=\"twitter:data1\" content=\"5 minut\" \/>\n<script type=\"application\/ld+json\" class=\"yoast-schema-graph\">{\"@context\":\"https:\\\/\\\/schema.org\",\"@graph\":[{\"@type\":\"WebPage\",\"@id\":\"https:\\\/\\\/www.todaykhoe.com\\\/pl\\\/product\\\/steplex-gel\\\/\",\"url\":\"https:\\\/\\\/www.todaykhoe.com\\\/pl\\\/product\\\/steplex-gel\\\/\",\"name\":\"Steplex Gel - Al\u00edvio para dores nas articula\u00e7\u00f5es - Steplex Portugal\",\"isPartOf\":{\"@id\":\"https:\\\/\\\/www.todaykhoe.com\\\/#website\"},\"primaryImageOfPage\":{\"@id\":\"https:\\\/\\\/www.todaykhoe.com\\\/pl\\\/product\\\/steplex-gel\\\/#primaryimage\"},\"image\":{\"@id\":\"https:\\\/\\\/www.todaykhoe.com\\\/pl\\\/product\\\/steplex-gel\\\/#primaryimage\"},\"thumbnailUrl\":\"https:\\\/\\\/www.todaykhoe.com\\\/wp-content\\\/uploads\\\/2025\\\/06\\\/Steplex.png\",\"datePublished\":\"2025-06-24T12:22:37+00:00\",\"description\":\"Steplex gel regenera as articula\u00e7\u00f5es, cartilagens e tend\u00f5es rapidamente. Este produto pode auxiliar em casos de artrite, osteoartrite. Steplex Portugal 2025\",\"breadcrumb\":{\"@id\":\"https:\\\/\\\/www.todaykhoe.com\\\/pl\\\/product\\\/steplex-gel\\\/#breadcrumb\"},\"inLanguage\":\"pl-PL\",\"potentialAction\":[{\"@type\":\"ReadAction\",\"target\":[\"https:\\\/\\\/www.todaykhoe.com\\\/pl\\\/product\\\/steplex-gel\\\/\"]}]},{\"@type\":\"ImageObject\",\"inLanguage\":\"pl-PL\",\"@id\":\"https:\\\/\\\/www.todaykhoe.com\\\/pl\\\/product\\\/steplex-gel\\\/#primaryimage\",\"url\":\"https:\\\/\\\/www.todaykhoe.com\\\/wp-content\\\/uploads\\\/2025\\\/06\\\/Steplex.png\",\"contentUrl\":\"https:\\\/\\\/www.todaykhoe.com\\\/wp-content\\\/uploads\\\/2025\\\/06\\\/Steplex.png\",\"width\":486,\"height\":479,\"caption\":\"Steplex\"},{\"@type\":\"BreadcrumbList\",\"@id\":\"https:\\\/\\\/www.todaykhoe.com\\\/pl\\\/product\\\/steplex-gel\\\/#breadcrumb\",\"itemListElement\":[{\"@type\":\"ListItem\",\"position\":1,\"name\":\"Home\",\"item\":\"https:\\\/\\\/www.todaykhoe.com\\\/\"},{\"@type\":\"ListItem\",\"position\":2,\"name\":\"Shop\",\"item\":\"https:\\\/\\\/www.todaykhoe.com\\\/shop\\\/\"},{\"@type\":\"ListItem\",\"position\":3,\"name\":\"Steplex Gel &#8211; PT\"}]},{\"@type\":\"WebSite\",\"@id\":\"https:\\\/\\\/www.todaykhoe.com\\\/#website\",\"url\":\"https:\\\/\\\/www.todaykhoe.com\\\/\",\"name\":\"TodayKh\u1ecfe.Com\",\"description\":\"Healthy Today, Fitness, Nutrition, Beauty, News!\",\"publisher\":{\"@id\":\"https:\\\/\\\/www.todaykhoe.com\\\/#organization\"},\"potentialAction\":[{\"@type\":\"SearchAction\",\"target\":{\"@type\":\"EntryPoint\",\"urlTemplate\":\"https:\\\/\\\/www.todaykhoe.com\\\/?s={search_term_string}\"},\"query-input\":{\"@type\":\"PropertyValueSpecification\",\"valueRequired\":true,\"valueName\":\"search_term_string\"}}],\"inLanguage\":\"pl-PL\"},{\"@type\":\"Organization\",\"@id\":\"https:\\\/\\\/www.todaykhoe.com\\\/#organization\",\"name\":\"TodayKh\u1ecfe.Com\",\"url\":\"https:\\\/\\\/www.todaykhoe.com\\\/\",\"logo\":{\"@type\":\"ImageObject\",\"inLanguage\":\"pl-PL\",\"@id\":\"https:\\\/\\\/www.todaykhoe.com\\\/#\\\/schema\\\/logo\\\/image\\\/\",\"url\":\"https:\\\/\\\/www.todaykhoe.com\\\/wp-content\\\/uploads\\\/2025\\\/04\\\/Todaykhoe.png\",\"contentUrl\":\"https:\\\/\\\/www.todaykhoe.com\\\/wp-content\\\/uploads\\\/2025\\\/04\\\/Todaykhoe.png\",\"width\":706,\"height\":159,\"caption\":\"TodayKh\u1ecfe.Com\"},\"image\":{\"@id\":\"https:\\\/\\\/www.todaykhoe.com\\\/#\\\/schema\\\/logo\\\/image\\\/\"}}]}<\/script>\n<!-- \/ Yoast SEO plugin. -->","yoast_head_json":{"title":"Steplex Gel - Al\u00edvio para dores nas articula\u00e7\u00f5es - Steplex Portugal","description":"Steplex gel regenera as articula\u00e7\u00f5es, cartilagens e tend\u00f5es rapidamente. Este produto pode auxiliar em casos de artrite, osteoartrite. Steplex Portugal 2025","robots":{"index":"index","follow":"follow","max-snippet":"max-snippet:-1","max-image-preview":"max-image-preview:large","max-video-preview":"max-video-preview:-1"},"canonical":"https:\/\/www.todaykhoe.com\/pl\/product\/steplex-gel\/","og_locale":"pl_PL","og_type":"article","og_title":"Steplex Gel - Al\u00edvio para dores nas articula\u00e7\u00f5es - Steplex Portugal","og_description":"Steplex gel regenera as articula\u00e7\u00f5es, cartilagens e tend\u00f5es rapidamente. Este produto pode auxiliar em casos de artrite, osteoartrite. Steplex Portugal 2025","og_url":"https:\/\/www.todaykhoe.com\/pl\/product\/steplex-gel\/","og_site_name":"TodayKh\u1ecfe.Com","og_image":[{"width":486,"height":479,"url":"https:\/\/www.todaykhoe.com\/wp-content\/uploads\/2025\/06\/Steplex.png","type":"image\/png"}],"twitter_card":"summary_large_image","twitter_misc":{"Szacowany czas czytania":"5 minut"},"schema":{"@context":"https:\/\/schema.org","@graph":[{"@type":"WebPage","@id":"https:\/\/www.todaykhoe.com\/pl\/product\/steplex-gel\/","url":"https:\/\/www.todaykhoe.com\/pl\/product\/steplex-gel\/","name":"Steplex Gel - Al\u00edvio para dores nas articula\u00e7\u00f5es - Steplex Portugal","isPartOf":{"@id":"https:\/\/www.todaykhoe.com\/#website"},"primaryImageOfPage":{"@id":"https:\/\/www.todaykhoe.com\/pl\/product\/steplex-gel\/#primaryimage"},"image":{"@id":"https:\/\/www.todaykhoe.com\/pl\/product\/steplex-gel\/#primaryimage"},"thumbnailUrl":"https:\/\/www.todaykhoe.com\/wp-content\/uploads\/2025\/06\/Steplex.png","datePublished":"2025-06-24T12:22:37+00:00","description":"Steplex gel regenera as articula\u00e7\u00f5es, cartilagens e tend\u00f5es rapidamente. Este produto pode auxiliar em casos de artrite, osteoartrite. Steplex Portugal 2025","breadcrumb":{"@id":"https:\/\/www.todaykhoe.com\/pl\/product\/steplex-gel\/#breadcrumb"},"inLanguage":"pl-PL","potentialAction":[{"@type":"ReadAction","target":["https:\/\/www.todaykhoe.com\/pl\/product\/steplex-gel\/"]}]},{"@type":"ImageObject","inLanguage":"pl-PL","@id":"https:\/\/www.todaykhoe.com\/pl\/product\/steplex-gel\/#primaryimage","url":"https:\/\/www.todaykhoe.com\/wp-content\/uploads\/2025\/06\/Steplex.png","contentUrl":"https:\/\/www.todaykhoe.com\/wp-content\/uploads\/2025\/06\/Steplex.png","width":486,"height":479,"caption":"Steplex"},{"@type":"BreadcrumbList","@id":"https:\/\/www.todaykhoe.com\/pl\/product\/steplex-gel\/#breadcrumb","itemListElement":[{"@type":"ListItem","position":1,"name":"Home","item":"https:\/\/www.todaykhoe.com\/"},{"@type":"ListItem","position":2,"name":"Shop","item":"https:\/\/www.todaykhoe.com\/shop\/"},{"@type":"ListItem","position":3,"name":"Steplex Gel &#8211; PT"}]},{"@type":"WebSite","@id":"https:\/\/www.todaykhoe.com\/#website","url":"https:\/\/www.todaykhoe.com\/","name":"TodayKh\u1ecfe.Com","description":"Healthy Today, Fitness, Nutrition, Beauty, News!","publisher":{"@id":"https:\/\/www.todaykhoe.com\/#organization"},"potentialAction":[{"@type":"SearchAction","target":{"@type":"EntryPoint","urlTemplate":"https:\/\/www.todaykhoe.com\/?s={search_term_string}"},"query-input":{"@type":"PropertyValueSpecification","valueRequired":true,"valueName":"search_term_string"}}],"inLanguage":"pl-PL"},{"@type":"Organization","@id":"https:\/\/www.todaykhoe.com\/#organization","name":"TodayKh\u1ecfe.Com","url":"https:\/\/www.todaykhoe.com\/","logo":{"@type":"ImageObject","inLanguage":"pl-PL","@id":"https:\/\/www.todaykhoe.com\/#\/schema\/logo\/image\/","url":"https:\/\/www.todaykhoe.com\/wp-content\/uploads\/2025\/04\/Todaykhoe.png","contentUrl":"https:\/\/www.todaykhoe.com\/wp-content\/uploads\/2025\/04\/Todaykhoe.png","width":706,"height":159,"caption":"TodayKh\u1ecfe.Com"},"image":{"@id":"https:\/\/www.todaykhoe.com\/#\/schema\/logo\/image\/"}}]}},"_links":{"self":[{"href":"https:\/\/www.todaykhoe.com\/pl\/wp-json\/wp\/v2\/product\/117993","targetHints":{"allow":["GET"]}}],"collection":[{"href":"https:\/\/www.todaykhoe.com\/pl\/wp-json\/wp\/v2\/product"}],"about":[{"href":"https:\/\/www.todaykhoe.com\/pl\/wp-json\/wp\/v2\/types\/product"}],"replies":[{"embeddable":true,"href":"https:\/\/www.todaykhoe.com\/pl\/wp-json\/wp\/v2\/comments?post=117993"}],"wp:featuredmedia":[{"embeddable":true,"href":"https:\/\/www.todaykhoe.com\/pl\/wp-json\/wp\/v2\/media\/117995"}],"wp:attachment":[{"href":"https:\/\/www.todaykhoe.com\/pl\/wp-json\/wp\/v2\/media?parent=117993"}],"wp:term":[{"taxonomy":"product_brand","embeddable":true,"href":"https:\/\/www.todaykhoe.com\/pl\/wp-json\/wp\/v2\/product_brand?post=117993"},{"taxonomy":"product_cat","embeddable":true,"href":"https:\/\/www.todaykhoe.com\/pl\/wp-json\/wp\/v2\/product_cat?post=117993"},{"taxonomy":"product_tag","embeddable":true,"href":"https:\/\/www.todaykhoe.com\/pl\/wp-json\/wp\/v2\/product_tag?post=117993"}],"curies":[{"name":"wp","href":"https:\/\/api.w.org\/{rel}","templated":true}]}}