{"id":152938,"date":"2025-08-21T13:17:07","date_gmt":"2025-08-21T13:17:07","guid":{"rendered":"https:\/\/todaykhoe.com\/?post_type=product&#038;p=152938"},"modified":"2025-08-21T13:17:53","modified_gmt":"2025-08-21T13:17:53","slug":"grovi-gel-cena-slovenia","status":"publish","type":"product","link":"https:\/\/www.todaykhoe.com\/mk\/product\/grovi-gel-cena-slovenia\/","title":{"rendered":"Grovi Gel Cena 20 EUR"},"content":{"rendered":"<p>\u017delite odli\u010den izdelek za izbolj\u0161anje mo\u0161ke spolne mo\u010di z neomejeno spolno mo\u010djo? Poskusite <a href=\"https:\/\/todaykhoe.com\/product\/grovi-gel-cena-slovenia\/\">GROVI GEL<\/a>. Nikoli ve\u010d ne bo dolgo\u010dasno \u017eivljenje. Mo\u0161ki dvignejo svoje partnerice do orgazmov brez utrujenosti. Va\u0161a vzdr\u017eljivost, spolna zmogljivost in sposobnosti se bodo izbolj\u0161ale. Po tem te\u010daju se vam nih\u010de ne bo kosal. Ko se boste prebudili, boste imeli najbolj\u0161i seks doslej. Po tem pouku bodo va\u0161e no\u010di polne nepri\u010dakovanih presene\u010denj in vznemirjenja. Mo\u0161ki so danes vedno nezadovoljni s svojimi spolnimi predstavami in pravijo, da ji ne morejo ugoditi in da morajo trajati 15\u201320 minut.<\/p>\n<p style=\"text-align: center;\"><a href=\"https:\/\/todaykhoe.com\/kupiti-grovi-si\"><span style=\"font-size: 24pt;\"><strong>ZA VSE NAS KONTAKTIRAJTE &#8211; MO\u017dNO PLA\u010cILO OB POVZETU<\/strong><\/span><\/a><\/p>\n<p>Slabo zdravje povzro\u010da, da imajo mo\u0161ki med ljubljenjem ve\u010dkratne spolne odnose. Na\u0161a kon\u010dna \u017eelja je ljubljenje. Kot v raju sprostite stres, odpravite te\u017eave in se sprostite. Ve\u010dina mo\u0161kih ne uspe pri spolnem stiku s penisom in se prezgodaj sprostijo. Nezdrave erekcije in zgodnja ejakulacija me motijo. Frustrirajo\u010di odnosi povzro\u010dajo nelagodje v vsakdanjem \u017eivljenju. \u017delimo si poustvariti otro\u0161ko veselje in vznemirjenje.<\/p>\n<p>Vendar pa starost prina\u0161a dvojno odgovornost. Tudi stres. Pomembna je va\u0161a frustracija. Moti va\u0161o \u017eensko. Telesna pripravljenost naredi interakcije zabavne in dinami\u010dne. Va\u0161 nasmeh ka\u017ee, kako dobro vam gre \u017eivljenje, in obratno. Odnosi se izbolj\u0161ajo z intimnostjo. Seks presega penis-vagino. Bli\u017eina med du\u0161ama. Prijeten spolni odnos pomaga vam in va\u0161im partnerjem, ko si izmenjujeta sr\u010dne utripe. Izvedite, kako dobiti GROVI gel, njegove prednosti in \u0161e ve\u010d.<\/p>\n<h2>GROVI gel \u2013 kaj?<\/h2>\n<p>Ne samo ljubezen, ampak bli\u017eina krepi zakon. On jo mora zadovoljiti. Ste \u017ee sli\u0161ali za svoj prvi zmenek? Bolj ji ugajate. GROVI gel z zrelostjo krepi mo\u0161kost in energijo. Spro\u0161\u010da, obnavlja spolno samozavest in pomirja mo\u0161ke. Pove\u010da testosteron. Mo\u0161ki testosteron proizvaja mi\u0161ice, kosti in prepre\u010duje spolno mo\u010d. Ta hormon pomaga pri spolni zmogljivosti in rasti mi\u0161ic.<\/p>\n<p>Ta gel podalj\u0161a in raz\u0161iri va\u0161 penis, kar vam daje samozavest in \u010dvrstost penisa, da jo boste obo\u017eevali. Utrdil bo in zmanj\u0161al ob\u010dutljivost va\u0161ega penisa, tako da boste lahko po dolgi penetraciji dosegli vrhunec in podalj\u0161ali erekcijo. To omogo\u010da neverjetno ljubljenje. U\u017eivanje v seansah bo nadomestilo frustracije. Ta gel pove\u010da pretok krvi v genitalije, da hitro pripravi va\u0161o erekcijo. Ohranjanje krvi in \u200b\u200btkiva v penisnih votlinah ima dolgoro\u010dne koristi. Mo\u0161ki, starej\u0161i od 30 let, potrebuje ta gel.<\/p>\n<p>Spolna mo\u010d po 30. letu upada. Vsako leto se zmanj\u0161uje. Ta gel izbolj\u0161a erekcijo, spolno zmogljivost in ljubezensko \u017eivljenje. Na na\u0161i spletni strani je bil ta gel ocenjen kot \u00bbGROVI je re\u0161il najino razmerje pred propadom\u00ab in \u00bbGROVI je bil super\u00ab. Miren um vam omogo\u010da orgazem, ki je neoviran med izpolnjujo\u010dim ljubezenskim sre\u010danjem. Ta gel zagotavlja ure intenzivnih erekcij. GROVI gel bo zadovoljil va\u0161e spolne potrebe in jo navdu\u0161il v postelji.<\/p>\n<h3>Kako deluje?<\/h3>\n<p>U\u010dinkovite spojine z zeli\u0161\u010di in rastlinskimi izvle\u010dki imajo dolgoro\u010dne koristi. Naravne snovi izbolj\u0161ajo pretok krvi v genitalnem in penilnem predelu z du\u0161ikovim oksidom. Ta GROVI gel pove\u010duje spolno samozavest in zagotavlja najbolj\u0161o spolno izku\u0161njo. Njegovi antioksidanti, vitamini in minerali pove\u010dujejo libido in \u010das pred spanjem. Pove\u010da libido in vzdr\u017eljivost mo\u0161kih pred ejakulacijo.<\/p>\n<p>Pretok krvi izbolj\u0161a erektilno disfunkcijo in povzro\u010di \u017eelezne erekcije. Njihova razpolo\u017eljivost je takoj\u0161nja. Napolnite svoje penilne predele in pove\u010dajte penis, da boste lahko ljubili kadar koli in kjer koli. Pripravljeni brez omejitev. Ti zeli\u0161\u010dni in rastlinski izvle\u010dki bodo izbolj\u0161ali va\u0161e romanti\u010dno \u017eivljenje. Namesto da bi vas \u017eena zasmehovala, bo prosila za ne\u017enost. Vi boste hi\u0161ni princ in va\u0161a \u017eena vas bo ubogala. Mo\u0161ki, ki osre\u010duje svojo punco, uspe v ljubezni in \u017eivljenju. Najbolj\u0161e od vsega pa je, da GROVI gel deluje brez stranskih u\u010dinkov. Noben del telesa ne bo po\u0161kodovan zaradi tega gela.<\/p>\n<p style=\"text-align: center;\"><span style=\"font-size: 24pt;\"><a href=\"https:\/\/todaykhoe.com\/kupiti-grovi-si\"><strong>ZA VSE NAS KONTAKTIRAJTE &#8211; MO\u017dNO PLA\u010cILO OB POVZETU<\/strong><\/a><\/span><\/p>\n<h3>Sestavine GROVI gela.<\/h3>\n<p>Klini\u010dno je dokazano, da vas neverjetni rastlinski izvle\u010dki in zeli\u0161\u010da v tem gelu spolno vzburjajo. Vsako zeli\u0161\u010de je \u010darobno in vam bo dalo neskon\u010dno mo\u010d, da boste u\u017eivali v ljubezenskem \u017eivljenju, ki je bilo prej pekel.<\/p>\n<p>L-arginin, klju\u010dni element, pove\u010da du\u0161ikov oksid. Ta komponenta oskrbuje penis s krvjo za zdravljenje erektilne disfunkcije in mo\u010dno erekcijo.<\/p>\n<p>\u0160e en fantasti\u010den izvle\u010dek v tem gelu, Eurycoma Longifolia, odpravlja te\u017eave z erekcijo in jih krepi. Pove\u010duje testosteron, energijo in \u017eeljo po postelji ter zdravi neplodnost.<\/p>\n<p>Tribulus Terrestris, priljubljen spodbujevalnik testosterona in libida, je potreben za razvoj reproduktivnih in spolnih organov pri mo\u0161kih.<\/p>\n<p>Sag Palmetto izbolj\u0161a plodnost, samozavest in zmanj\u0161a prezgodnjo ejakulacijo. Horny Goat Weed pove\u010da vzdr\u017eljivost in spolno zmogljivost za bolj intenziven in zadovoljujo\u010d odnos. Dnevna uporaba kozjega travnika izbolj\u0161a orgazme. Tako sklepajo. Kot je prikazano, nismo navedli ni\u010desar. U\u010dinki teh hranil.<\/p>\n<h3>Prednosti GROVI gela.<\/h3>\n<p><strong>Va\u0161 brat ali sestra raste.<\/strong><\/p>\n<p>Vsi si \u017eelijo ve\u010djega penisa. Ali lahko va\u0161 penis zadovolji \u017eensko? \u010ce ne, poskusite GROVI gel. Gel pove\u010da pretok krvi v penisno komoro.. Napaja celice in penilne votline. Ohranja rast penilnega tkiva in absorpcijo ma\u0161\u010dobe. Pove\u010da velikost penisa. Prvi\u010d, ta gel obljublja dolgoro\u010dne prednosti. Ta dolg penis bo podvojil in potrojil va\u0161 u\u017eitek ter navdu\u0161il va\u0161o punco s svojo velikostjo. Presene\u010dena bo, ko se boste po 7 dneh slekli. Sedemdnevni izziv za pridobivanje velikosti.<\/p>\n<p><strong>Dolgotrajna erekcija.<\/strong><\/p>\n<p>Njen klitoris \u010duti u\u017eitek zaradi kakovosti erekcije. Penis in erekcija klitorisa se ujemata. Napajanje va\u0161ih penilnih votlin vam daje enourno erekcijo. V prvem krogu boste premagali 2\u20133 dame. Poka\u017eite ji svojo du\u0161o. Zaradi teh erekcij si bo za\u017eelela groznega seksa. Potem ko bo va\u0161 penis bo\u017eala po svoji vagini, vas bo prosila za penetracijo. Dama, ki se po\u010duti neza\u017eeleno, bo sledila va\u0161im ukazom, jo \u200b\u200bspolno vzburila in okrepila va\u0161e orgazme.<\/p>\n<p><strong>Pomaga pri spolni zmogljivosti ve\u010d ur.<\/strong><\/p>\n<p>Izbolj\u0161ana spolna zmogljivost in zgodnji nadzor nad ejakulacijo lahko uresni\u010dita na\u0161e sanje. Vse, kar ste si zamislili z \u017eeno, je mogo\u010de. V prvem krogu jo prepustite na ve\u010d na\u010dinov, najprej pa izbolj\u0161ajte svoje zdravje. Ta krema zmanj\u0161uje ob\u010dutljivost penisa za ve\u010d ur po spolnem odnosu. Pozitivna interakcija bo nadomestila frustracije. Gel bi vam zameglil ljubezensko \u017eivljenje.<\/p>\n<p style=\"text-align: center;\"><span style=\"font-size: 24pt;\"><a href=\"https:\/\/todaykhoe.com\/kupiti-grovi-si\"><strong>ZA VSE NAS KONTAKTIRAJTE &#8211; MO\u017dNO PLA\u010cILO OB POVZETU<\/strong><\/a><\/span><\/p>\n<h3>Uporaba gela: kako?<\/h3>\n<p>Preprosto nanesite ta gel navzgor in navzdol 2\u20133-krat na dan. Ponovno ga lahko uporabite 30 minut pred spolnim odnosom, vendar le pred tem. Informacije o izdelku in podrobna navodila v knji\u017eici bodo v embala\u017ei. Priporo\u010dam, da upo\u0161tevate vsa navodila.<\/p>\n<h3>Previdnostni ukrepi.<\/h3>\n<ul>\n<li>Osebe, mlaj\u0161e od 18 let, tega izdelka ne smejo uporabljati.<\/li>\n<li>Ni primerno za \u017eenske.<\/li>\n<li>Prekora\u010ditev odmerka lahko povzro\u010di negativne u\u010dinke.<\/li>\n<li>Izogibajte se temu pri mladostnikih.<\/li>\n<li>Hranite na hladnem in suhem mestu.<\/li>\n<\/ul>\n<h3>Kje ga kupiti?<\/h3>\n<p>Za resni\u010dne spolne te\u017eave poskusite GROVI gel za mo\u010dne erekcije in hitrej\u0161i vrhunec, s katerim boste navdu\u0161ili svojo partnerko med ljubljenjem. Uradna spletna stran vsebuje to pristno formulo. Kliknite in izpolnite spodnji obrazec za naro\u010dilo. Na voljo so odli\u010dne ponudbe. Kupite stekleni\u010dko s popustom.<\/p>\n<p style=\"text-align: center;\"><span style=\"font-size: 28pt;\"><a href=\"https:\/\/todaykhoe.com\/kupiti-grovi-si\"><strong>ZA VSE NAS KONTAKTIRAJTE &#8211; MO\u017dNO PLA\u010cILO OB POVZETU<\/strong><\/a><\/span><\/p>\n<p><a href=\"https:\/\/todaykhoe.com\/kupiti-grovi-si\"><img loading=\"lazy\" decoding=\"async\" class=\"aligncenter size-full wp-image-152940\" src=\"https:\/\/todaykhoe.com\/wp-content\/uploads\/2025\/08\/Grovi-Gel-Cena-20-EUR-Slovenia.png\" alt=\"Grovi Gel Cena 20 EUR Slovenia\" width=\"1090\" height=\"565\" srcset=\"https:\/\/www.todaykhoe.com\/wp-content\/uploads\/2025\/08\/Grovi-Gel-Cena-20-EUR-Slovenia.png 1090w, https:\/\/www.todaykhoe.com\/wp-content\/uploads\/2025\/08\/Grovi-Gel-Cena-20-EUR-Slovenia-300x156.png 300w, https:\/\/www.todaykhoe.com\/wp-content\/uploads\/2025\/08\/Grovi-Gel-Cena-20-EUR-Slovenia-1024x531.png 1024w, https:\/\/www.todaykhoe.com\/wp-content\/uploads\/2025\/08\/Grovi-Gel-Cena-20-EUR-Slovenia-768x398.png 768w, https:\/\/www.todaykhoe.com\/wp-content\/uploads\/2025\/08\/Grovi-Gel-Cena-20-EUR-Slovenia-600x311.png 600w\" sizes=\"auto, (max-width: 1090px) 100vw, 1090px\" \/><\/a><\/p>\n","protected":false},"excerpt":{"rendered":"<p><span style=\"font-size: 22pt;\"><strong>Simptomi, zdravljenje in prepre\u010devanje mo\u0161ke potence<\/strong><\/span><\/p>\n<ul>\n<li>Pla\u010date lahko z gotovino ali kreditno kartico ob prevzemu artikla.<\/li>\n<li>Dostava v 2\u20133 dneh, rok uporabnosti do 5 dni.<\/li>\n<li>Paket vam lahko dostavimo na dom ali na po\u0161to. Dostavo lahko naro\u010dite tudi brezpla\u010dno po telefonu z operaterjem.<\/li>\n<\/ul>\n<p><a href=\"https:\/\/todaykhoe.com\/kupiti-grovi-si\"><strong>ZA VSE NAS KONTAKTIRAJTE &#8211; MO\u017dNO PLA\u010cILO OB POVZETU<\/strong><\/a><\/p>\n","protected":false},"featured_media":152940,"comment_status":"open","ping_status":"closed","template":"","meta":[],"product_brand":[],"product_cat":[435],"product_tag":[],"class_list":{"0":"post-152938","1":"product","2":"type-product","3":"status-publish","4":"has-post-thumbnail","6":"product_cat-health","8":"first","9":"instock","10":"shipping-taxable","11":"product-type-external"},"yoast_head":"<!-- This site is optimized with the Yoast SEO plugin v27.3 - https:\/\/yoast.com\/product\/yoast-seo-wordpress\/ -->\n<title>Grovi Gel Cena 20 EUR Slovenia: Krema za potenco! Vrstice<\/title>\n<meta name=\"description\" content=\"Grovi Gel Cena 20 EUR Slovenia: Krema za potenco! Vrstice, Prednosti, stranski u\u010dinki, sestavine, uporabni\u0161ke ocene in nakup v Sloveniji. Naro\u010di zdaj\" \/>\n<meta name=\"robots\" content=\"index, follow, max-snippet:-1, max-image-preview:large, max-video-preview:-1\" \/>\n<link rel=\"canonical\" href=\"https:\/\/www.todaykhoe.com\/product\/grovi-gel-cena-slovenia\/\" \/>\n<meta property=\"og:locale\" content=\"mk_MK\" \/>\n<meta property=\"og:type\" content=\"article\" \/>\n<meta property=\"og:title\" content=\"Grovi Gel Cena 20 EUR Slovenia: Krema za potenco! Vrstice\" \/>\n<meta property=\"og:description\" content=\"Grovi Gel Cena 20 EUR Slovenia: Krema za potenco! Vrstice, Prednosti, stranski u\u010dinki, sestavine, uporabni\u0161ke ocene in nakup v Sloveniji. Naro\u010di zdaj\" \/>\n<meta property=\"og:url\" content=\"https:\/\/www.todaykhoe.com\/product\/grovi-gel-cena-slovenia\/\" \/>\n<meta property=\"og:site_name\" content=\"TodayKh\u1ecfe.Com\" \/>\n<meta property=\"article:modified_time\" content=\"2025-08-21T13:17:53+00:00\" \/>\n<meta property=\"og:image\" content=\"https:\/\/www.todaykhoe.com\/wp-content\/uploads\/2025\/08\/Grovi-Gel-Cena-20-EUR-Slovenia.png\" \/>\n\t<meta property=\"og:image:width\" content=\"1090\" \/>\n\t<meta property=\"og:image:height\" content=\"565\" \/>\n\t<meta property=\"og:image:type\" content=\"image\/png\" \/>\n<meta name=\"twitter:card\" content=\"summary_large_image\" \/>\n<meta name=\"twitter:label1\" content=\"Est. reading time\" \/>\n\t<meta name=\"twitter:data1\" content=\"6 \u043c\u0438\u043d\u0443\u0442\u0438\" \/>\n<script type=\"application\/ld+json\" class=\"yoast-schema-graph\">{\"@context\":\"https:\\\/\\\/schema.org\",\"@graph\":[{\"@type\":\"WebPage\",\"@id\":\"https:\\\/\\\/www.todaykhoe.com\\\/product\\\/grovi-gel-cena-slovenia\\\/\",\"url\":\"https:\\\/\\\/www.todaykhoe.com\\\/product\\\/grovi-gel-cena-slovenia\\\/\",\"name\":\"Grovi Gel Cena 20 EUR Slovenia: Krema za potenco! Vrstice\",\"isPartOf\":{\"@id\":\"https:\\\/\\\/www.todaykhoe.com\\\/#website\"},\"primaryImageOfPage\":{\"@id\":\"https:\\\/\\\/www.todaykhoe.com\\\/product\\\/grovi-gel-cena-slovenia\\\/#primaryimage\"},\"image\":{\"@id\":\"https:\\\/\\\/www.todaykhoe.com\\\/product\\\/grovi-gel-cena-slovenia\\\/#primaryimage\"},\"thumbnailUrl\":\"https:\\\/\\\/www.todaykhoe.com\\\/wp-content\\\/uploads\\\/2025\\\/08\\\/Grovi-Gel-Cena-20-EUR-Slovenia.png\",\"datePublished\":\"2025-08-21T13:17:07+00:00\",\"dateModified\":\"2025-08-21T13:17:53+00:00\",\"description\":\"Grovi Gel Cena 20 EUR Slovenia: Krema za potenco! Vrstice, Prednosti, stranski u\u010dinki, sestavine, uporabni\u0161ke ocene in nakup v Sloveniji. Naro\u010di zdaj\",\"breadcrumb\":{\"@id\":\"https:\\\/\\\/www.todaykhoe.com\\\/product\\\/grovi-gel-cena-slovenia\\\/#breadcrumb\"},\"inLanguage\":\"mk-MK\",\"potentialAction\":[{\"@type\":\"ReadAction\",\"target\":[\"https:\\\/\\\/www.todaykhoe.com\\\/product\\\/grovi-gel-cena-slovenia\\\/\"]}]},{\"@type\":\"ImageObject\",\"inLanguage\":\"mk-MK\",\"@id\":\"https:\\\/\\\/www.todaykhoe.com\\\/product\\\/grovi-gel-cena-slovenia\\\/#primaryimage\",\"url\":\"https:\\\/\\\/www.todaykhoe.com\\\/wp-content\\\/uploads\\\/2025\\\/08\\\/Grovi-Gel-Cena-20-EUR-Slovenia.png\",\"contentUrl\":\"https:\\\/\\\/www.todaykhoe.com\\\/wp-content\\\/uploads\\\/2025\\\/08\\\/Grovi-Gel-Cena-20-EUR-Slovenia.png\",\"width\":1090,\"height\":565,\"caption\":\"Grovi Gel Cena 20 EUR Slovenia\"},{\"@type\":\"BreadcrumbList\",\"@id\":\"https:\\\/\\\/www.todaykhoe.com\\\/product\\\/grovi-gel-cena-slovenia\\\/#breadcrumb\",\"itemListElement\":[{\"@type\":\"ListItem\",\"position\":1,\"name\":\"Home\",\"item\":\"https:\\\/\\\/www.todaykhoe.com\\\/\"},{\"@type\":\"ListItem\",\"position\":2,\"name\":\"Shop\",\"item\":\"https:\\\/\\\/www.todaykhoe.com\\\/shop\\\/\"},{\"@type\":\"ListItem\",\"position\":3,\"name\":\"Grovi Gel Cena 20 EUR\"}]},{\"@type\":\"WebSite\",\"@id\":\"https:\\\/\\\/www.todaykhoe.com\\\/#website\",\"url\":\"https:\\\/\\\/www.todaykhoe.com\\\/\",\"name\":\"TodayKh\u1ecfe.Com\",\"description\":\"Healthy Today, Fitness, Nutrition, Beauty, News!\",\"publisher\":{\"@id\":\"https:\\\/\\\/www.todaykhoe.com\\\/#organization\"},\"potentialAction\":[{\"@type\":\"SearchAction\",\"target\":{\"@type\":\"EntryPoint\",\"urlTemplate\":\"https:\\\/\\\/www.todaykhoe.com\\\/?s={search_term_string}\"},\"query-input\":{\"@type\":\"PropertyValueSpecification\",\"valueRequired\":true,\"valueName\":\"search_term_string\"}}],\"inLanguage\":\"mk-MK\"},{\"@type\":\"Organization\",\"@id\":\"https:\\\/\\\/www.todaykhoe.com\\\/#organization\",\"name\":\"TodayKh\u1ecfe.Com\",\"url\":\"https:\\\/\\\/www.todaykhoe.com\\\/\",\"logo\":{\"@type\":\"ImageObject\",\"inLanguage\":\"mk-MK\",\"@id\":\"https:\\\/\\\/www.todaykhoe.com\\\/#\\\/schema\\\/logo\\\/image\\\/\",\"url\":\"https:\\\/\\\/www.todaykhoe.com\\\/wp-content\\\/uploads\\\/2025\\\/04\\\/Todaykhoe.png\",\"contentUrl\":\"https:\\\/\\\/www.todaykhoe.com\\\/wp-content\\\/uploads\\\/2025\\\/04\\\/Todaykhoe.png\",\"width\":706,\"height\":159,\"caption\":\"TodayKh\u1ecfe.Com\"},\"image\":{\"@id\":\"https:\\\/\\\/www.todaykhoe.com\\\/#\\\/schema\\\/logo\\\/image\\\/\"}}]}<\/script>\n<!-- \/ Yoast SEO plugin. -->","yoast_head_json":{"title":"Grovi Gel Cena 20 EUR Slovenia: Krema za potenco! Vrstice","description":"Grovi Gel Cena 20 EUR Slovenia: Krema za potenco! Vrstice, Prednosti, stranski u\u010dinki, sestavine, uporabni\u0161ke ocene in nakup v Sloveniji. Naro\u010di zdaj","robots":{"index":"index","follow":"follow","max-snippet":"max-snippet:-1","max-image-preview":"max-image-preview:large","max-video-preview":"max-video-preview:-1"},"canonical":"https:\/\/www.todaykhoe.com\/product\/grovi-gel-cena-slovenia\/","og_locale":"mk_MK","og_type":"article","og_title":"Grovi Gel Cena 20 EUR Slovenia: Krema za potenco! Vrstice","og_description":"Grovi Gel Cena 20 EUR Slovenia: Krema za potenco! Vrstice, Prednosti, stranski u\u010dinki, sestavine, uporabni\u0161ke ocene in nakup v Sloveniji. Naro\u010di zdaj","og_url":"https:\/\/www.todaykhoe.com\/product\/grovi-gel-cena-slovenia\/","og_site_name":"TodayKh\u1ecfe.Com","article_modified_time":"2025-08-21T13:17:53+00:00","og_image":[{"width":1090,"height":565,"url":"https:\/\/www.todaykhoe.com\/wp-content\/uploads\/2025\/08\/Grovi-Gel-Cena-20-EUR-Slovenia.png","type":"image\/png"}],"twitter_card":"summary_large_image","twitter_misc":{"Est. reading time":"6 \u043c\u0438\u043d\u0443\u0442\u0438"},"schema":{"@context":"https:\/\/schema.org","@graph":[{"@type":"WebPage","@id":"https:\/\/www.todaykhoe.com\/product\/grovi-gel-cena-slovenia\/","url":"https:\/\/www.todaykhoe.com\/product\/grovi-gel-cena-slovenia\/","name":"Grovi Gel Cena 20 EUR Slovenia: Krema za potenco! Vrstice","isPartOf":{"@id":"https:\/\/www.todaykhoe.com\/#website"},"primaryImageOfPage":{"@id":"https:\/\/www.todaykhoe.com\/product\/grovi-gel-cena-slovenia\/#primaryimage"},"image":{"@id":"https:\/\/www.todaykhoe.com\/product\/grovi-gel-cena-slovenia\/#primaryimage"},"thumbnailUrl":"https:\/\/www.todaykhoe.com\/wp-content\/uploads\/2025\/08\/Grovi-Gel-Cena-20-EUR-Slovenia.png","datePublished":"2025-08-21T13:17:07+00:00","dateModified":"2025-08-21T13:17:53+00:00","description":"Grovi Gel Cena 20 EUR Slovenia: Krema za potenco! Vrstice, Prednosti, stranski u\u010dinki, sestavine, uporabni\u0161ke ocene in nakup v Sloveniji. Naro\u010di zdaj","breadcrumb":{"@id":"https:\/\/www.todaykhoe.com\/product\/grovi-gel-cena-slovenia\/#breadcrumb"},"inLanguage":"mk-MK","potentialAction":[{"@type":"ReadAction","target":["https:\/\/www.todaykhoe.com\/product\/grovi-gel-cena-slovenia\/"]}]},{"@type":"ImageObject","inLanguage":"mk-MK","@id":"https:\/\/www.todaykhoe.com\/product\/grovi-gel-cena-slovenia\/#primaryimage","url":"https:\/\/www.todaykhoe.com\/wp-content\/uploads\/2025\/08\/Grovi-Gel-Cena-20-EUR-Slovenia.png","contentUrl":"https:\/\/www.todaykhoe.com\/wp-content\/uploads\/2025\/08\/Grovi-Gel-Cena-20-EUR-Slovenia.png","width":1090,"height":565,"caption":"Grovi Gel Cena 20 EUR Slovenia"},{"@type":"BreadcrumbList","@id":"https:\/\/www.todaykhoe.com\/product\/grovi-gel-cena-slovenia\/#breadcrumb","itemListElement":[{"@type":"ListItem","position":1,"name":"Home","item":"https:\/\/www.todaykhoe.com\/"},{"@type":"ListItem","position":2,"name":"Shop","item":"https:\/\/www.todaykhoe.com\/shop\/"},{"@type":"ListItem","position":3,"name":"Grovi Gel Cena 20 EUR"}]},{"@type":"WebSite","@id":"https:\/\/www.todaykhoe.com\/#website","url":"https:\/\/www.todaykhoe.com\/","name":"TodayKh\u1ecfe.Com","description":"Healthy Today, Fitness, Nutrition, Beauty, News!","publisher":{"@id":"https:\/\/www.todaykhoe.com\/#organization"},"potentialAction":[{"@type":"SearchAction","target":{"@type":"EntryPoint","urlTemplate":"https:\/\/www.todaykhoe.com\/?s={search_term_string}"},"query-input":{"@type":"PropertyValueSpecification","valueRequired":true,"valueName":"search_term_string"}}],"inLanguage":"mk-MK"},{"@type":"Organization","@id":"https:\/\/www.todaykhoe.com\/#organization","name":"TodayKh\u1ecfe.Com","url":"https:\/\/www.todaykhoe.com\/","logo":{"@type":"ImageObject","inLanguage":"mk-MK","@id":"https:\/\/www.todaykhoe.com\/#\/schema\/logo\/image\/","url":"https:\/\/www.todaykhoe.com\/wp-content\/uploads\/2025\/04\/Todaykhoe.png","contentUrl":"https:\/\/www.todaykhoe.com\/wp-content\/uploads\/2025\/04\/Todaykhoe.png","width":706,"height":159,"caption":"TodayKh\u1ecfe.Com"},"image":{"@id":"https:\/\/www.todaykhoe.com\/#\/schema\/logo\/image\/"}}]}},"_links":{"self":[{"href":"https:\/\/www.todaykhoe.com\/mk\/wp-json\/wp\/v2\/product\/152938","targetHints":{"allow":["GET"]}}],"collection":[{"href":"https:\/\/www.todaykhoe.com\/mk\/wp-json\/wp\/v2\/product"}],"about":[{"href":"https:\/\/www.todaykhoe.com\/mk\/wp-json\/wp\/v2\/types\/product"}],"replies":[{"embeddable":true,"href":"https:\/\/www.todaykhoe.com\/mk\/wp-json\/wp\/v2\/comments?post=152938"}],"wp:featuredmedia":[{"embeddable":true,"href":"https:\/\/www.todaykhoe.com\/mk\/wp-json\/wp\/v2\/media\/152940"}],"wp:attachment":[{"href":"https:\/\/www.todaykhoe.com\/mk\/wp-json\/wp\/v2\/media?parent=152938"}],"wp:term":[{"taxonomy":"product_brand","embeddable":true,"href":"https:\/\/www.todaykhoe.com\/mk\/wp-json\/wp\/v2\/product_brand?post=152938"},{"taxonomy":"product_cat","embeddable":true,"href":"https:\/\/www.todaykhoe.com\/mk\/wp-json\/wp\/v2\/product_cat?post=152938"},{"taxonomy":"product_tag","embeddable":true,"href":"https:\/\/www.todaykhoe.com\/mk\/wp-json\/wp\/v2\/product_tag?post=152938"}],"curies":[{"name":"wp","href":"https:\/\/api.w.org\/{rel}","templated":true}]}}