{"id":117950,"date":"2025-06-23T13:17:38","date_gmt":"2025-06-23T13:17:38","guid":{"rendered":"https:\/\/todaykhoe.com\/?post_type=product&#038;p=117950"},"modified":"2025-06-23T13:17:39","modified_gmt":"2025-06-23T13:17:39","slug":"moovix-crema","status":"publish","type":"product","link":"https:\/\/www.todaykhoe.com\/mk\/product\/moovix-crema\/","title":{"rendered":"Moovix Crema"},"content":{"rendered":"<p>La crema <a href=\"https:\/\/todaykhoe.com\/product\/moovix-crema\/\"><b>Moovix<\/b><\/a> alivia el dolor articular y mantiene la piel activa. Un ung\u00fcento org\u00e1nico penetra r\u00e1pidamente las capas d\u00e9rmicas para tratar la inflamaci\u00f3n. Reduce la temperatura tisular y regenera las c\u00e9lulas del cart\u00edlago.<\/p>\n<p>M\u00e1s de 100 hombres y mujeres colombianos utilizan su potente acci\u00f3n para evitar la rigidez. Quienes pasan largas horas frente al ordenador tambi\u00e9n pueden usarla. Tambi\u00e9n es adecuada para pacientes mayores con artritis cr\u00f3nica. El sitio web del fabricante ofrece un gran descuento. Las rese\u00f1as de Moovix en foros como Modry Konik revelan sus propiedades analg\u00e9sicas. No se han reportado efectos secundarios.<\/p>\n<p>He visto el funcionamiento de Moovix y creo que ofrece resultados r\u00e1pidos y confiables. Las molestias articulares desaparecen r\u00e1pidamente gracias a sus ingredientes naturales. Para el alivio activo de la artritis, tienen una efectividad del 93%. Moovix es una excelente crema para el edema, la inflamaci\u00f3n, la rigidez y el enrojecimiento.<\/p>\n<h2>\u00bfQu\u00e9 es Moovix y c\u00f3mo funciona?<\/h2>\n<p>La crema natural Moovix alivia el dolor articular, los espasmos musculares y el edema. El ung\u00fcento org\u00e1nico penetra la piel r\u00e1pidamente sin manchar la ropa. Se puede aplicar directamente en la zona afectada para reducir el enrojecimiento y unificar la tez. Refresca los tejidos y alivia el dolor de inmediato.<\/p>\n<p>Entre estos pacientes se incluyen personas mayores con artritis y quienes trabajan frente al ordenador todo el d\u00eda. Muchos usuarios del gimnasio lo utilizan para mejorar su rendimiento. El sitio web del fabricante ofrece un buen descuento y una compra segura. Los ortopedistas expertos consideran Moovix una excelente alternativa para el tratamiento del rejuvenecimiento sinovial.<\/p>\n<p>Los clientes que utilizan la crema Moovix para aumentar su actividad f\u00edsica diaria y su rendimiento no tienen ninguna queja. Sus exitosas pruebas cl\u00ednicas tambi\u00e9n confirman su calidad y fiabilidad. Los ensayos cl\u00ednicos sugieren una eficacia del 93 % para afecciones artr\u00edticas. Moovix es una buena alternativa natural a los medicamentos para la artritis reumatoide, la miositis, la tendinitis y la neuralgia.<\/p>\n<h3>El Moovix funciona 9 veces m\u00e1s eficazmente que otros m\u00e9todos de mejora articular:<\/h3>\n<ul>\n<li>Disminuye el dolor a los pocos minutos de aplicar la crema y lo mejora por completo con el uso regular<\/li>\n<li>Disminuye la inflamaci\u00f3n, deteni\u00e9ndola por completo en unos meses<\/li>\n<li>Alivia la hinchaz\u00f3n, la inflamaci\u00f3n y el enrojecimiento de la piel<\/li>\n<li>Mejora las sales, mejora los crujidos y &#8220;chirridos&#8221; en las articulaciones, haciendo que los movimientos sean m\u00e1s libres<\/li>\n<li>Disminuye la destrucci\u00f3n de la articulaci\u00f3n, iniciando el proceso de regeneraci\u00f3n del tejido \u00f3seo y cartilaginoso, ligamentos<\/li>\n<li>Fortalece el tejido \u00f3seo, mejorando la elasticidad de los ligamentos y cart\u00edlagos<\/li>\n<li>Normaliza la circulaci\u00f3n sangu\u00ednea y los procesos metab\u00f3licos en las articulaciones y tejidos circundantes<\/li>\n<li>Disminuye toxinas, evitando la deposici\u00f3n de sales<\/li>\n<li>Estimula la producci\u00f3n de l\u00edquido sinovial, mejorando por completo la libertad de movimiento al final del curso<\/li>\n<\/ul>\n<h4>Moovix &#8211; Compuesto:<\/h4>\n<ul>\n<li>Extracto De Hoja De Aloe Barbadensis es un potente agente antiinflamatorio que mejora el dolor y la circulaci\u00f3n sangu\u00ednea.<\/li>\n<li>Extracto De Flor De Cal\u00e9ndula Officinalis calma y promueve la mejora de los tejidos.<\/li>\n<li>Extracto De Espirulina Platensis fortalece las articulaciones y tiene propiedades antis\u00e9pticas.<\/li>\n<\/ul>\n<h3>Moovix &#8211; Seg\u00fan los estudios:<\/h3>\n<ul>\n<li>El 98,3% de los pacientes experimentaron una mejora del dolor en las articulaciones y la columna vertebral<\/li>\n<li>El 87% pudo mejorar completamente las articulaciones y recuperar su flexibilidad<\/li>\n<li>95% de disminuye en el riesgo de ataques card\u00edacos y accidentes cerebrovasculares debido a la mejora de la inflamaci\u00f3n<\/li>\n<li>El 83% de los pacientes experimentan una inmunidad mejorada debido a la estimulaci\u00f3n del suministro de sangre a la m\u00e9dula \u00f3sea<\/li>\n<\/ul>\n<h3>Opiniones y comentarios sobre Moovix en foros<\/h3>\n<p>Esta crema para las articulaciones tiene una excelente acogida en foros de salud online como Modry Konik. Remofic no tiene ninguna cr\u00edtica negativa en ellos. Clientes de todas las edades afirman que este ung\u00fcento org\u00e1nico alivia las molestias articulares y refresca las membranas mucosas y la piel. Los mantiene motivados y alimenta su pasi\u00f3n. Expertos ortopedistas tambi\u00e9n recomiendan Moovix para la artritis reumatoide y los calambres por estar sentado o de pie durante largas horas.<\/p>\n<p><strong>Comentarios:<\/strong><\/p>\n<blockquote><p>Empec\u00e9 a usar la crema Moovix despu\u00e9s de que un amigo me la recomendara. El ung\u00fcento refresca al instante las zonas doloridas y alivia los calambres. Ya no siento rigidez despu\u00e9s de usarla en el ordenador. Relaja los m\u00fasculos para reducir el dolor posentrenamiento. La p\u00e1gina web principal tiene precios asequibles. Mia Antunovi\u0107, 34 a\u00f1os;<\/p>\n<p>\u00abMoovix me ha devuelto la movilidad completa en las extremidades inferiores y superiores. Mi marido y yo ahora podemos dar nuestro paseo favorito por el parque. He recuperado las ganas de vivir y no necesito ayuda para ir al supermercado.\u00bb Amalija Poto\u010dnik, 57 a\u00f1os;<\/p>\n<p>No s\u00e9 c\u00f3mo har\u00eda ejercicio a diario y con intensidad sin esta crema para las articulaciones. Disminuye los espasmos musculares y potencia la actividad en el gimnasio. El producto fortalece el cart\u00edlago y mejora la regeneraci\u00f3n sinovial. Friedrich, 37 a\u00f1os;<\/p><\/blockquote>\n<h2>\u00bfPrecio de Moovix y d\u00f3nde comprarla en Colombia?<\/h2>\n<p>Visite el sitio web oficial ahora para descubrir d\u00f3nde conseguir Moovix a bajo precio en Colombia. El precio var\u00eda seg\u00fan el pa\u00eds. Ingrese su nombre y n\u00famero de tel\u00e9fono en el formulario en l\u00ednea para solicitar una copia. Luego, deber\u00e1 responder a una llamada para aclarar la direcci\u00f3n de entrega. Moovix ofrece un 50% de descuento a los compradores m\u00e1s r\u00e1pidos.<\/p>\n<p>Pedir la crema Moovix para el alivio de la sinovialidad y la reducci\u00f3n del dolor articular es com\u00fan en los productos digitales. Los clientes completan el formulario de pedido, confirman por tel\u00e9fono y esperan la entrega, que puede tardar una semana. El pago se realiza contra reembolso.<\/p>\n<p>No crea a nadie que le diga que puede encontrar la crema Moovix en una farmacia o tienda de correo electr\u00f3nico. El fabricante solo vende este remedio para la recuperaci\u00f3n f\u00edsica y sinovial en su sitio web. El precio es razonable y asequible. Las estafas y productos falsos de Moovix en Amazon han proliferado debido a su popularidad.<\/p>\n","protected":false},"excerpt":{"rendered":"<h3><span style=\"color: #000000;\">El Moovix funciona 6 veces m\u00e1s eficazmente que otros m\u00e9todos de mejora articular:<\/span><\/h3>\n<ul>\n<li><span style=\"color: #000000;\">Disminuye la inflamaci\u00f3n, deteni\u00e9ndola por completo en unos meses<\/span><\/li>\n<li><span style=\"color: #000000;\">Alivia la hinchaz\u00f3n, la inflamaci\u00f3n y el enrojecimiento de la piel<\/span><\/li>\n<li><span style=\"color: #000000;\">Mejora las sales, mejora los crujidos y &#8220;chirridos&#8221; en las articulaciones, haciendo que los movimientos sean m\u00e1s libres<\/span><\/li>\n<li><span style=\"color: #000000;\">Disminuye la destrucci\u00f3n de la articulaci\u00f3n, iniciando el proceso de regeneraci\u00f3n del tejido \u00f3seo y cartilaginoso, ligamentos<\/span><\/li>\n<li><span style=\"color: #000000;\">Fortalece el tejido \u00f3seo, mejorando la elasticidad de los ligamentos y cart\u00edlagos<\/span><\/li>\n<li><span style=\"color: #000000;\">Normaliza la circulaci\u00f3n sangu\u00ednea y los procesos metab\u00f3licos en las articulaciones y tejidos circundantes<\/span><\/li>\n<\/ul>\n<p><strong><span style=\"font-size: 14pt; color: #000000;\">Vieja Precio: <span style=\"color: #ff0000;\"><del>318000 COP<\/del><\/span><\/span><\/strong><\/p>\n<p><strong><span style=\"font-size: 16pt; color: #000000;\">Nueva Precio: <span style=\"color: #00ff00;\">159000 COP<\/span><\/span><\/strong><\/p>\n","protected":false},"featured_media":117952,"comment_status":"open","ping_status":"closed","template":"","meta":[],"product_brand":[],"product_cat":[447],"product_tag":[],"class_list":{"0":"post-117950","1":"product","2":"type-product","3":"status-publish","4":"has-post-thumbnail","6":"product_cat-salud","8":"first","9":"instock","10":"shipping-taxable","11":"product-type-external"},"yoast_head":"<!-- This site is optimized with the Yoast SEO plugin v27.3 - https:\/\/yoast.com\/product\/yoast-seo-wordpress\/ -->\n<title>Moovix Crema - Alivio del dolor articular! Moovix en Colombia 2025<\/title>\n<meta name=\"description\" content=\"Moovix crema alivia el dolor articular y mantiene la piel activa. Un ung\u00fcento org\u00e1nico penetra r\u00e1pidamente las capas d\u00e9rmicas. Moovix en Colombia 2025\" \/>\n<meta name=\"robots\" content=\"index, follow, max-snippet:-1, max-image-preview:large, max-video-preview:-1\" \/>\n<link rel=\"canonical\" href=\"https:\/\/www.todaykhoe.com\/mk\/product\/moovix-crema\/\" \/>\n<meta property=\"og:locale\" content=\"mk_MK\" \/>\n<meta property=\"og:type\" content=\"article\" \/>\n<meta property=\"og:title\" content=\"Moovix Crema - Alivio del dolor articular! Moovix en Colombia 2025\" \/>\n<meta property=\"og:description\" content=\"Moovix crema alivia el dolor articular y mantiene la piel activa. Un ung\u00fcento org\u00e1nico penetra r\u00e1pidamente las capas d\u00e9rmicas. Moovix en Colombia 2025\" \/>\n<meta property=\"og:url\" content=\"https:\/\/www.todaykhoe.com\/mk\/product\/moovix-crema\/\" \/>\n<meta property=\"og:site_name\" content=\"TodayKh\u1ecfe.Com\" \/>\n<meta property=\"article:modified_time\" content=\"2025-06-23T13:17:39+00:00\" \/>\n<meta property=\"og:image\" content=\"https:\/\/www.todaykhoe.com\/wp-content\/uploads\/2025\/06\/Moovix.png\" \/>\n\t<meta property=\"og:image:width\" content=\"526\" \/>\n\t<meta property=\"og:image:height\" content=\"432\" \/>\n\t<meta property=\"og:image:type\" content=\"image\/png\" \/>\n<meta name=\"twitter:card\" content=\"summary_large_image\" \/>\n<meta name=\"twitter:label1\" content=\"Est. reading time\" \/>\n\t<meta name=\"twitter:data1\" content=\"5 \u043c\u0438\u043d\u0443\u0442\u0438\" \/>\n<script type=\"application\/ld+json\" class=\"yoast-schema-graph\">{\"@context\":\"https:\\\/\\\/schema.org\",\"@graph\":[{\"@type\":\"WebPage\",\"@id\":\"https:\\\/\\\/www.todaykhoe.com\\\/mk\\\/product\\\/moovix-crema\\\/\",\"url\":\"https:\\\/\\\/www.todaykhoe.com\\\/mk\\\/product\\\/moovix-crema\\\/\",\"name\":\"Moovix Crema - Alivio del dolor articular! Moovix en Colombia 2025\",\"isPartOf\":{\"@id\":\"https:\\\/\\\/www.todaykhoe.com\\\/#website\"},\"primaryImageOfPage\":{\"@id\":\"https:\\\/\\\/www.todaykhoe.com\\\/mk\\\/product\\\/moovix-crema\\\/#primaryimage\"},\"image\":{\"@id\":\"https:\\\/\\\/www.todaykhoe.com\\\/mk\\\/product\\\/moovix-crema\\\/#primaryimage\"},\"thumbnailUrl\":\"https:\\\/\\\/www.todaykhoe.com\\\/wp-content\\\/uploads\\\/2025\\\/06\\\/Moovix.png\",\"datePublished\":\"2025-06-23T13:17:38+00:00\",\"dateModified\":\"2025-06-23T13:17:39+00:00\",\"description\":\"Moovix crema alivia el dolor articular y mantiene la piel activa. Un ung\u00fcento org\u00e1nico penetra r\u00e1pidamente las capas d\u00e9rmicas. Moovix en Colombia 2025\",\"breadcrumb\":{\"@id\":\"https:\\\/\\\/www.todaykhoe.com\\\/mk\\\/product\\\/moovix-crema\\\/#breadcrumb\"},\"inLanguage\":\"mk-MK\",\"potentialAction\":[{\"@type\":\"ReadAction\",\"target\":[\"https:\\\/\\\/www.todaykhoe.com\\\/mk\\\/product\\\/moovix-crema\\\/\"]}]},{\"@type\":\"ImageObject\",\"inLanguage\":\"mk-MK\",\"@id\":\"https:\\\/\\\/www.todaykhoe.com\\\/mk\\\/product\\\/moovix-crema\\\/#primaryimage\",\"url\":\"https:\\\/\\\/www.todaykhoe.com\\\/wp-content\\\/uploads\\\/2025\\\/06\\\/Moovix.png\",\"contentUrl\":\"https:\\\/\\\/www.todaykhoe.com\\\/wp-content\\\/uploads\\\/2025\\\/06\\\/Moovix.png\",\"width\":526,\"height\":432,\"caption\":\"Moovix\"},{\"@type\":\"BreadcrumbList\",\"@id\":\"https:\\\/\\\/www.todaykhoe.com\\\/mk\\\/product\\\/moovix-crema\\\/#breadcrumb\",\"itemListElement\":[{\"@type\":\"ListItem\",\"position\":1,\"name\":\"Home\",\"item\":\"https:\\\/\\\/www.todaykhoe.com\\\/\"},{\"@type\":\"ListItem\",\"position\":2,\"name\":\"Shop\",\"item\":\"https:\\\/\\\/www.todaykhoe.com\\\/shop\\\/\"},{\"@type\":\"ListItem\",\"position\":3,\"name\":\"Moovix Crema\"}]},{\"@type\":\"WebSite\",\"@id\":\"https:\\\/\\\/www.todaykhoe.com\\\/#website\",\"url\":\"https:\\\/\\\/www.todaykhoe.com\\\/\",\"name\":\"TodayKh\u1ecfe.Com\",\"description\":\"Healthy Today, Fitness, Nutrition, Beauty, News!\",\"publisher\":{\"@id\":\"https:\\\/\\\/www.todaykhoe.com\\\/#organization\"},\"potentialAction\":[{\"@type\":\"SearchAction\",\"target\":{\"@type\":\"EntryPoint\",\"urlTemplate\":\"https:\\\/\\\/www.todaykhoe.com\\\/?s={search_term_string}\"},\"query-input\":{\"@type\":\"PropertyValueSpecification\",\"valueRequired\":true,\"valueName\":\"search_term_string\"}}],\"inLanguage\":\"mk-MK\"},{\"@type\":\"Organization\",\"@id\":\"https:\\\/\\\/www.todaykhoe.com\\\/#organization\",\"name\":\"TodayKh\u1ecfe.Com\",\"url\":\"https:\\\/\\\/www.todaykhoe.com\\\/\",\"logo\":{\"@type\":\"ImageObject\",\"inLanguage\":\"mk-MK\",\"@id\":\"https:\\\/\\\/www.todaykhoe.com\\\/#\\\/schema\\\/logo\\\/image\\\/\",\"url\":\"https:\\\/\\\/www.todaykhoe.com\\\/wp-content\\\/uploads\\\/2025\\\/04\\\/Todaykhoe.png\",\"contentUrl\":\"https:\\\/\\\/www.todaykhoe.com\\\/wp-content\\\/uploads\\\/2025\\\/04\\\/Todaykhoe.png\",\"width\":706,\"height\":159,\"caption\":\"TodayKh\u1ecfe.Com\"},\"image\":{\"@id\":\"https:\\\/\\\/www.todaykhoe.com\\\/#\\\/schema\\\/logo\\\/image\\\/\"}}]}<\/script>\n<!-- \/ Yoast SEO plugin. -->","yoast_head_json":{"title":"Moovix Crema - Alivio del dolor articular! Moovix en Colombia 2025","description":"Moovix crema alivia el dolor articular y mantiene la piel activa. Un ung\u00fcento org\u00e1nico penetra r\u00e1pidamente las capas d\u00e9rmicas. Moovix en Colombia 2025","robots":{"index":"index","follow":"follow","max-snippet":"max-snippet:-1","max-image-preview":"max-image-preview:large","max-video-preview":"max-video-preview:-1"},"canonical":"https:\/\/www.todaykhoe.com\/mk\/product\/moovix-crema\/","og_locale":"mk_MK","og_type":"article","og_title":"Moovix Crema - Alivio del dolor articular! Moovix en Colombia 2025","og_description":"Moovix crema alivia el dolor articular y mantiene la piel activa. Un ung\u00fcento org\u00e1nico penetra r\u00e1pidamente las capas d\u00e9rmicas. Moovix en Colombia 2025","og_url":"https:\/\/www.todaykhoe.com\/mk\/product\/moovix-crema\/","og_site_name":"TodayKh\u1ecfe.Com","article_modified_time":"2025-06-23T13:17:39+00:00","og_image":[{"width":526,"height":432,"url":"https:\/\/www.todaykhoe.com\/wp-content\/uploads\/2025\/06\/Moovix.png","type":"image\/png"}],"twitter_card":"summary_large_image","twitter_misc":{"Est. reading time":"5 \u043c\u0438\u043d\u0443\u0442\u0438"},"schema":{"@context":"https:\/\/schema.org","@graph":[{"@type":"WebPage","@id":"https:\/\/www.todaykhoe.com\/mk\/product\/moovix-crema\/","url":"https:\/\/www.todaykhoe.com\/mk\/product\/moovix-crema\/","name":"Moovix Crema - Alivio del dolor articular! Moovix en Colombia 2025","isPartOf":{"@id":"https:\/\/www.todaykhoe.com\/#website"},"primaryImageOfPage":{"@id":"https:\/\/www.todaykhoe.com\/mk\/product\/moovix-crema\/#primaryimage"},"image":{"@id":"https:\/\/www.todaykhoe.com\/mk\/product\/moovix-crema\/#primaryimage"},"thumbnailUrl":"https:\/\/www.todaykhoe.com\/wp-content\/uploads\/2025\/06\/Moovix.png","datePublished":"2025-06-23T13:17:38+00:00","dateModified":"2025-06-23T13:17:39+00:00","description":"Moovix crema alivia el dolor articular y mantiene la piel activa. Un ung\u00fcento org\u00e1nico penetra r\u00e1pidamente las capas d\u00e9rmicas. Moovix en Colombia 2025","breadcrumb":{"@id":"https:\/\/www.todaykhoe.com\/mk\/product\/moovix-crema\/#breadcrumb"},"inLanguage":"mk-MK","potentialAction":[{"@type":"ReadAction","target":["https:\/\/www.todaykhoe.com\/mk\/product\/moovix-crema\/"]}]},{"@type":"ImageObject","inLanguage":"mk-MK","@id":"https:\/\/www.todaykhoe.com\/mk\/product\/moovix-crema\/#primaryimage","url":"https:\/\/www.todaykhoe.com\/wp-content\/uploads\/2025\/06\/Moovix.png","contentUrl":"https:\/\/www.todaykhoe.com\/wp-content\/uploads\/2025\/06\/Moovix.png","width":526,"height":432,"caption":"Moovix"},{"@type":"BreadcrumbList","@id":"https:\/\/www.todaykhoe.com\/mk\/product\/moovix-crema\/#breadcrumb","itemListElement":[{"@type":"ListItem","position":1,"name":"Home","item":"https:\/\/www.todaykhoe.com\/"},{"@type":"ListItem","position":2,"name":"Shop","item":"https:\/\/www.todaykhoe.com\/shop\/"},{"@type":"ListItem","position":3,"name":"Moovix Crema"}]},{"@type":"WebSite","@id":"https:\/\/www.todaykhoe.com\/#website","url":"https:\/\/www.todaykhoe.com\/","name":"TodayKh\u1ecfe.Com","description":"Healthy Today, Fitness, Nutrition, Beauty, News!","publisher":{"@id":"https:\/\/www.todaykhoe.com\/#organization"},"potentialAction":[{"@type":"SearchAction","target":{"@type":"EntryPoint","urlTemplate":"https:\/\/www.todaykhoe.com\/?s={search_term_string}"},"query-input":{"@type":"PropertyValueSpecification","valueRequired":true,"valueName":"search_term_string"}}],"inLanguage":"mk-MK"},{"@type":"Organization","@id":"https:\/\/www.todaykhoe.com\/#organization","name":"TodayKh\u1ecfe.Com","url":"https:\/\/www.todaykhoe.com\/","logo":{"@type":"ImageObject","inLanguage":"mk-MK","@id":"https:\/\/www.todaykhoe.com\/#\/schema\/logo\/image\/","url":"https:\/\/www.todaykhoe.com\/wp-content\/uploads\/2025\/04\/Todaykhoe.png","contentUrl":"https:\/\/www.todaykhoe.com\/wp-content\/uploads\/2025\/04\/Todaykhoe.png","width":706,"height":159,"caption":"TodayKh\u1ecfe.Com"},"image":{"@id":"https:\/\/www.todaykhoe.com\/#\/schema\/logo\/image\/"}}]}},"_links":{"self":[{"href":"https:\/\/www.todaykhoe.com\/mk\/wp-json\/wp\/v2\/product\/117950","targetHints":{"allow":["GET"]}}],"collection":[{"href":"https:\/\/www.todaykhoe.com\/mk\/wp-json\/wp\/v2\/product"}],"about":[{"href":"https:\/\/www.todaykhoe.com\/mk\/wp-json\/wp\/v2\/types\/product"}],"replies":[{"embeddable":true,"href":"https:\/\/www.todaykhoe.com\/mk\/wp-json\/wp\/v2\/comments?post=117950"}],"wp:featuredmedia":[{"embeddable":true,"href":"https:\/\/www.todaykhoe.com\/mk\/wp-json\/wp\/v2\/media\/117952"}],"wp:attachment":[{"href":"https:\/\/www.todaykhoe.com\/mk\/wp-json\/wp\/v2\/media?parent=117950"}],"wp:term":[{"taxonomy":"product_brand","embeddable":true,"href":"https:\/\/www.todaykhoe.com\/mk\/wp-json\/wp\/v2\/product_brand?post=117950"},{"taxonomy":"product_cat","embeddable":true,"href":"https:\/\/www.todaykhoe.com\/mk\/wp-json\/wp\/v2\/product_cat?post=117950"},{"taxonomy":"product_tag","embeddable":true,"href":"https:\/\/www.todaykhoe.com\/mk\/wp-json\/wp\/v2\/product_tag?post=117950"}],"curies":[{"name":"wp","href":"https:\/\/api.w.org\/{rel}","templated":true}]}}