{"id":116184,"date":"2025-05-28T07:02:46","date_gmt":"2025-05-28T07:02:46","guid":{"rendered":"https:\/\/todaykhoe.com\/?post_type=product&#038;p=116184"},"modified":"2025-06-01T06:56:40","modified_gmt":"2025-06-01T06:56:40","slug":"glucosol-capsula","status":"publish","type":"product","link":"https:\/\/www.todaykhoe.com\/mk\/product\/glucosol-capsula\/","title":{"rendered":"Glucosol C\u00e1psula"},"content":{"rendered":"<p>Las c\u00e1psulas <a href=\"https:\/\/todaykhoe.com\/product\/glucosol-capsula\/\"><b>Glucosol+<\/b><\/a> equilibran la glucosa en sangre y tratan los s\u00edntomas cr\u00f3nicos de la diabetes. Las c\u00e1psulas org\u00e1nicas benefician instant\u00e1neamente las c\u00e9lulas beta pancre\u00e1ticas y las c\u00e9lulas diana de la insulina. Esto favorece la absorci\u00f3n de glucosa y la energ\u00eda en los \u00f3rganos. Los hondure\u00f1os prefieren este producto a los medicamentos. Muchas personas han comprado copias del sitio web oficial a precios bajos.<\/p>\n<p>Los comentarios en el foro revelan que Glucosol+ produce resultados r\u00e1pidos. Sin efectos secundarios. Destacados endocrin\u00f3logos hondure\u00f1os. Le gustaron las c\u00e1psulas org\u00e1nicas. Esto se debe a que Glucosol+ es rico en lectina, una glicoprote\u00edna similar a la insulina.<\/p>\n<p>Se satisfacen los antojos, se reducen los niveles de glucosa en sangre y se produce p\u00e9rdida de peso. La calidad certificada indica que su eficacia promedio es del 91%. Glucosol+ proporciona energ\u00eda al cuerpo las 24 horas del d\u00eda, los 7 d\u00edas de la semana y reduce los s\u00edntomas de la diabetes.<\/p>\n<h2>\u00bfQu\u00e9 es Glucosol+ y c\u00f3mo funciona?<\/h2>\n<p>Las c\u00e1psulas naturales de Glucosol+ alivian los s\u00edntomas de la diabetes y equilibran la glucosa en sangre. Los problemas endocrinol\u00f3gicos se pueden prevenir y tratar con c\u00e1psulas org\u00e1nicas. En su sitio web, el fabricante de HealthMedia las vende a un precio excelente.<\/p>\n<p>Los endocrin\u00f3logos recomiendan Glucosol+ para un mejor control de los triglic\u00e9ridos y el colesterol en sangre. Pocas personas se quejan de Glucosol+. Se completaron ensayos cl\u00ednicos con c\u00e1psulas recubiertas. Se otorg\u00f3 un Certificado de Calidad por su 91% de efectividad en estas pruebas.<\/p>\n<p>Las c\u00e1psulas contienen extracto de mel\u00f3n amargo, rico en lectina de glicoprote\u00edna similar a la insulina. Esto restaura f\u00e1cilmente la hormona, reduce el apetito y ayuda a perder peso. La mejor alternativa asequible a los medicamentos para la diabetes es Glucosol+.<\/p>\n<h3>Glucosol+ Voy a describirles las fases tratamiento:<\/h3>\n<ul>\n<li>Restauraci\u00f3n de los vasos sangu\u00edneos<\/li>\n<li>Normalizaci\u00f3n de los niveles de glucosa<\/li>\n<li>\u00a1Bajada de peso!<\/li>\n<li>Posible normalizaci\u00f3n<\/li>\n<li>Mejora del estado de la piel, los huesos y los m\u00fasculos<\/li>\n<li>Despertar f\u00e1cil<\/li>\n<li>Excelente estado y humor Desayuno delicioso<\/li>\n<li>Fuerza heroica<\/li>\n<li>Silencio completo<\/li>\n<li>Recuperaci\u00f3n de la visi\u00f3n<\/li>\n<\/ul>\n<h4>Glucosol+ &#8211; Resultados de la encuesta:<\/h4>\n<ul>\n<li>Niveles de glucosa en sangre reducidos a la normalidad (99%)<\/li>\n<li>Eliminaci\u00f3n de todos los s\u00edntomas de la diabetes: sed, agotamiento r\u00e1pido, micci\u00f3n frecuente, etc. (96%)<\/li>\n<li>Mejora de la funci\u00f3n sexual y la visi\u00f3n (92%)<\/li>\n<li>Mejora de la piel (98%)<\/li>\n<li>Todos los encuestados informaron no tener efectos secundarios ni adicci\u00f3n.<\/li>\n<\/ul>\n<h3>Caracter\u00edsticas de glucosol<\/h3>\n<ul>\n<li>F\u00f3rmula natural<\/li>\n<li>Sin efectos secundarios<\/li>\n<li>No necesita receta m\u00e9dica<\/li>\n<li>Recomendaciones m\u00e9dicas nacionales<\/li>\n<\/ul>\n<h3>Discusiones en el foro sobre Glucosol+<\/h3>\n<p>Ninguna publicaci\u00f3n en el foro critica a Glucosol+. Las c\u00e1psulas org\u00e1nicas reducen inmediatamente el az\u00facar en sangre. Quienes las toman a diario afirman que previenen el sobrepeso y controlan los picos y bajos de insulina. Se dice que ayud\u00f3 a algunos a perder 5 kg. Endocrin\u00f3logos expertos recomiendan Glucosol+ para controlar el colesterol.<\/p>\n<p><b>Comentarios:<\/b><\/p>\n<blockquote><p>\u201cGlucosol+ es lo mejor que me ha pasado desde que tengo diabetes. Restringi\u00f3 mi dieta y equilibr\u00f3 mi glucosa en sangre. Su sitio web ofrece c\u00e1psulas a precios excelentes. Tonifican y te dan energ\u00eda.\u201d Edad de Berina Ahmic: 43<\/p>\n<p>\u201cEstos medicamentos controlaron mis s\u00edntomas de diabetes. Estaban pasando cosas malas. Mi esposa estaba preocupada y sugiri\u00f3 que busc\u00e1ramos una soluci\u00f3n en l\u00ednea. Encontraron Glucosol+, as\u00ed que lo ped\u00ed. Mis problemas desaparecieron despu\u00e9s de un mes tomando las c\u00e1psulas.\u201d &#8211; Marko Aganovic, 50;<\/p>\n<p>Mi esposo y yo tenemos problemas endocrinol\u00f3gicos. Antes de encontrar este producto, no sab\u00edamos qu\u00e9 hacer. Probamos casi todos los medicamentos. \u00a1Nuestro \u00fanico tratamiento confiable es este!\u201d Ajna, 45;<\/p><\/blockquote>\n<h2>Precio de Glucosol+ en Honduras: \u00bfD\u00f3nde comprar?<\/h2>\n<p>Seg\u00fan la compa\u00f1\u00eda, los hondure\u00f1os pueden obtener Glucosol+ a un buen precio en el sitio web oficial. Solo el sitio web autorizado vende c\u00e1psulas con pel\u00edcula. Esto permite a la organizaci\u00f3n ofrecer un excelente Glucosol+.\u201d Ahorros.<\/p>\n<p>Pide todas las c\u00e1psulas para la diabetes que quieras en la web oficial y obt\u00e9n un 50% de descuento en Glucosol+. Solo tienes que rellenar el formulario digital con tu nombre y n\u00famero de tel\u00e9fono actual. Atenci\u00f3n al cliente se pondr\u00e1 en contacto contigo para confirmar la direcci\u00f3n de entrega y el pedido. El producto llega en cuesti\u00f3n de d\u00edas.<\/p>\n<p>\u00a1Atenci\u00f3n! Los pedidos online de c\u00e1psulas de Glucosol+ para niveles normales de glucosa en sangre son est\u00e1ndar. Completa el formulario de pedido, confirma el pedido por tel\u00e9fono y espera la entrega, que puede tardar una semana. Se utiliza el m\u00e9todo de pago contra reembolso.<\/p>\n","protected":false},"excerpt":{"rendered":"<h3><span style=\"color: #000000;\">Glucosol+ Voy a describirles las fases tratamiento:<\/span><\/h3>\n<ul>\n<li><span style=\"color: #000000;\">Restauraci\u00f3n de los vasos sangu\u00edneos<\/span><\/li>\n<li><span style=\"color: #000000;\">Normalizaci\u00f3n de los niveles de glucosa<\/span><\/li>\n<li><span style=\"color: #000000;\">\u00a1Bajada de peso!<\/span><\/li>\n<li><span style=\"color: #000000;\">Posible normalizaci\u00f3n<\/span><\/li>\n<li><span style=\"color: #000000;\">Mejora del estado de la piel, los huesos y los m\u00fasculos<\/span><\/li>\n<\/ul>\n<p><strong><span style=\"font-size: 14pt; color: #000000;\">antiguoPrecio: <span style=\"color: #ff0000;\"><del>1760 HNL<\/del><\/span><\/span><\/strong><\/p>\n<p><strong><span style=\"font-size: 16pt; color: #000000;\">Nuevo precio: <span style=\"color: #00ff00;\">880 HNL<\/span><\/span><\/strong><\/p>\n","protected":false},"featured_media":116224,"comment_status":"open","ping_status":"closed","template":"","meta":[],"product_brand":[],"product_cat":[447],"product_tag":[],"class_list":{"0":"post-116184","1":"product","2":"type-product","3":"status-publish","4":"has-post-thumbnail","6":"product_cat-salud","8":"first","9":"instock","10":"shipping-taxable","11":"product-type-external"},"yoast_head":"<!-- This site is optimized with the Yoast SEO plugin v27.3 - https:\/\/yoast.com\/product\/yoast-seo-wordpress\/ -->\n<title>Glucosol C\u00e1psula Precio en Honduras - C\u00e1psula para la diabetes!<\/title>\n<meta name=\"description\" content=\"Glucosol c\u00e1psulas regulan la glucosa en sangre y tratan la diabetes cr\u00f3nica. Las c\u00e9lulas diana de la insulina y las c\u00e9lulas. Glucosol+ en Honduras\" \/>\n<meta name=\"robots\" content=\"index, follow, max-snippet:-1, max-image-preview:large, max-video-preview:-1\" \/>\n<link rel=\"canonical\" href=\"https:\/\/www.todaykhoe.com\/product\/glucosol-capsula\/\" \/>\n<meta property=\"og:locale\" content=\"mk_MK\" \/>\n<meta property=\"og:type\" content=\"article\" \/>\n<meta property=\"og:title\" content=\"Glucosol C\u00e1psula Precio en Honduras - C\u00e1psula para la diabetes!\" \/>\n<meta property=\"og:description\" content=\"Glucosol c\u00e1psulas regulan la glucosa en sangre y tratan la diabetes cr\u00f3nica. Las c\u00e9lulas diana de la insulina y las c\u00e9lulas. Glucosol+ en Honduras\" \/>\n<meta property=\"og:url\" content=\"https:\/\/www.todaykhoe.com\/product\/glucosol-capsula\/\" \/>\n<meta property=\"og:site_name\" content=\"TodayKh\u1ecfe.Com\" \/>\n<meta property=\"article:modified_time\" content=\"2025-06-01T06:56:40+00:00\" \/>\n<meta property=\"og:image\" content=\"https:\/\/www.todaykhoe.com\/wp-content\/uploads\/2025\/05\/Glucosol.png\" \/>\n\t<meta property=\"og:image:width\" content=\"464\" \/>\n\t<meta property=\"og:image:height\" content=\"377\" \/>\n\t<meta property=\"og:image:type\" content=\"image\/png\" \/>\n<meta name=\"twitter:card\" content=\"summary_large_image\" \/>\n<meta name=\"twitter:label1\" content=\"Est. reading time\" \/>\n\t<meta name=\"twitter:data1\" content=\"4 \u043c\u0438\u043d\u0443\u0442\u0438\" \/>\n<script type=\"application\/ld+json\" class=\"yoast-schema-graph\">{\"@context\":\"https:\\\/\\\/schema.org\",\"@graph\":[{\"@type\":\"WebPage\",\"@id\":\"https:\\\/\\\/www.todaykhoe.com\\\/product\\\/glucosol-capsula\\\/\",\"url\":\"https:\\\/\\\/www.todaykhoe.com\\\/product\\\/glucosol-capsula\\\/\",\"name\":\"Glucosol C\u00e1psula Precio en Honduras - C\u00e1psula para la diabetes!\",\"isPartOf\":{\"@id\":\"https:\\\/\\\/www.todaykhoe.com\\\/#website\"},\"primaryImageOfPage\":{\"@id\":\"https:\\\/\\\/www.todaykhoe.com\\\/product\\\/glucosol-capsula\\\/#primaryimage\"},\"image\":{\"@id\":\"https:\\\/\\\/www.todaykhoe.com\\\/product\\\/glucosol-capsula\\\/#primaryimage\"},\"thumbnailUrl\":\"https:\\\/\\\/www.todaykhoe.com\\\/wp-content\\\/uploads\\\/2025\\\/05\\\/Glucosol.png\",\"datePublished\":\"2025-05-28T07:02:46+00:00\",\"dateModified\":\"2025-06-01T06:56:40+00:00\",\"description\":\"Glucosol c\u00e1psulas regulan la glucosa en sangre y tratan la diabetes cr\u00f3nica. Las c\u00e9lulas diana de la insulina y las c\u00e9lulas. Glucosol+ en Honduras\",\"breadcrumb\":{\"@id\":\"https:\\\/\\\/www.todaykhoe.com\\\/product\\\/glucosol-capsula\\\/#breadcrumb\"},\"inLanguage\":\"mk-MK\",\"potentialAction\":[{\"@type\":\"ReadAction\",\"target\":[\"https:\\\/\\\/www.todaykhoe.com\\\/product\\\/glucosol-capsula\\\/\"]}]},{\"@type\":\"ImageObject\",\"inLanguage\":\"mk-MK\",\"@id\":\"https:\\\/\\\/www.todaykhoe.com\\\/product\\\/glucosol-capsula\\\/#primaryimage\",\"url\":\"https:\\\/\\\/www.todaykhoe.com\\\/wp-content\\\/uploads\\\/2025\\\/05\\\/Glucosol.png\",\"contentUrl\":\"https:\\\/\\\/www.todaykhoe.com\\\/wp-content\\\/uploads\\\/2025\\\/05\\\/Glucosol.png\",\"width\":464,\"height\":377,\"caption\":\"Glucosol+\"},{\"@type\":\"BreadcrumbList\",\"@id\":\"https:\\\/\\\/www.todaykhoe.com\\\/product\\\/glucosol-capsula\\\/#breadcrumb\",\"itemListElement\":[{\"@type\":\"ListItem\",\"position\":1,\"name\":\"Home\",\"item\":\"https:\\\/\\\/www.todaykhoe.com\\\/\"},{\"@type\":\"ListItem\",\"position\":2,\"name\":\"Shop\",\"item\":\"https:\\\/\\\/www.todaykhoe.com\\\/shop\\\/\"},{\"@type\":\"ListItem\",\"position\":3,\"name\":\"Glucosol C\u00e1psula\"}]},{\"@type\":\"WebSite\",\"@id\":\"https:\\\/\\\/www.todaykhoe.com\\\/#website\",\"url\":\"https:\\\/\\\/www.todaykhoe.com\\\/\",\"name\":\"TodayKh\u1ecfe.Com\",\"description\":\"Healthy Today, Fitness, Nutrition, Beauty, News!\",\"publisher\":{\"@id\":\"https:\\\/\\\/www.todaykhoe.com\\\/#organization\"},\"potentialAction\":[{\"@type\":\"SearchAction\",\"target\":{\"@type\":\"EntryPoint\",\"urlTemplate\":\"https:\\\/\\\/www.todaykhoe.com\\\/?s={search_term_string}\"},\"query-input\":{\"@type\":\"PropertyValueSpecification\",\"valueRequired\":true,\"valueName\":\"search_term_string\"}}],\"inLanguage\":\"mk-MK\"},{\"@type\":\"Organization\",\"@id\":\"https:\\\/\\\/www.todaykhoe.com\\\/#organization\",\"name\":\"TodayKh\u1ecfe.Com\",\"url\":\"https:\\\/\\\/www.todaykhoe.com\\\/\",\"logo\":{\"@type\":\"ImageObject\",\"inLanguage\":\"mk-MK\",\"@id\":\"https:\\\/\\\/www.todaykhoe.com\\\/#\\\/schema\\\/logo\\\/image\\\/\",\"url\":\"https:\\\/\\\/www.todaykhoe.com\\\/wp-content\\\/uploads\\\/2025\\\/04\\\/Todaykhoe.png\",\"contentUrl\":\"https:\\\/\\\/www.todaykhoe.com\\\/wp-content\\\/uploads\\\/2025\\\/04\\\/Todaykhoe.png\",\"width\":706,\"height\":159,\"caption\":\"TodayKh\u1ecfe.Com\"},\"image\":{\"@id\":\"https:\\\/\\\/www.todaykhoe.com\\\/#\\\/schema\\\/logo\\\/image\\\/\"}}]}<\/script>\n<!-- \/ Yoast SEO plugin. -->","yoast_head_json":{"title":"Glucosol C\u00e1psula Precio en Honduras - C\u00e1psula para la diabetes!","description":"Glucosol c\u00e1psulas regulan la glucosa en sangre y tratan la diabetes cr\u00f3nica. Las c\u00e9lulas diana de la insulina y las c\u00e9lulas. Glucosol+ en Honduras","robots":{"index":"index","follow":"follow","max-snippet":"max-snippet:-1","max-image-preview":"max-image-preview:large","max-video-preview":"max-video-preview:-1"},"canonical":"https:\/\/www.todaykhoe.com\/product\/glucosol-capsula\/","og_locale":"mk_MK","og_type":"article","og_title":"Glucosol C\u00e1psula Precio en Honduras - C\u00e1psula para la diabetes!","og_description":"Glucosol c\u00e1psulas regulan la glucosa en sangre y tratan la diabetes cr\u00f3nica. Las c\u00e9lulas diana de la insulina y las c\u00e9lulas. Glucosol+ en Honduras","og_url":"https:\/\/www.todaykhoe.com\/product\/glucosol-capsula\/","og_site_name":"TodayKh\u1ecfe.Com","article_modified_time":"2025-06-01T06:56:40+00:00","og_image":[{"width":464,"height":377,"url":"https:\/\/www.todaykhoe.com\/wp-content\/uploads\/2025\/05\/Glucosol.png","type":"image\/png"}],"twitter_card":"summary_large_image","twitter_misc":{"Est. reading time":"4 \u043c\u0438\u043d\u0443\u0442\u0438"},"schema":{"@context":"https:\/\/schema.org","@graph":[{"@type":"WebPage","@id":"https:\/\/www.todaykhoe.com\/product\/glucosol-capsula\/","url":"https:\/\/www.todaykhoe.com\/product\/glucosol-capsula\/","name":"Glucosol C\u00e1psula Precio en Honduras - C\u00e1psula para la diabetes!","isPartOf":{"@id":"https:\/\/www.todaykhoe.com\/#website"},"primaryImageOfPage":{"@id":"https:\/\/www.todaykhoe.com\/product\/glucosol-capsula\/#primaryimage"},"image":{"@id":"https:\/\/www.todaykhoe.com\/product\/glucosol-capsula\/#primaryimage"},"thumbnailUrl":"https:\/\/www.todaykhoe.com\/wp-content\/uploads\/2025\/05\/Glucosol.png","datePublished":"2025-05-28T07:02:46+00:00","dateModified":"2025-06-01T06:56:40+00:00","description":"Glucosol c\u00e1psulas regulan la glucosa en sangre y tratan la diabetes cr\u00f3nica. Las c\u00e9lulas diana de la insulina y las c\u00e9lulas. Glucosol+ en Honduras","breadcrumb":{"@id":"https:\/\/www.todaykhoe.com\/product\/glucosol-capsula\/#breadcrumb"},"inLanguage":"mk-MK","potentialAction":[{"@type":"ReadAction","target":["https:\/\/www.todaykhoe.com\/product\/glucosol-capsula\/"]}]},{"@type":"ImageObject","inLanguage":"mk-MK","@id":"https:\/\/www.todaykhoe.com\/product\/glucosol-capsula\/#primaryimage","url":"https:\/\/www.todaykhoe.com\/wp-content\/uploads\/2025\/05\/Glucosol.png","contentUrl":"https:\/\/www.todaykhoe.com\/wp-content\/uploads\/2025\/05\/Glucosol.png","width":464,"height":377,"caption":"Glucosol+"},{"@type":"BreadcrumbList","@id":"https:\/\/www.todaykhoe.com\/product\/glucosol-capsula\/#breadcrumb","itemListElement":[{"@type":"ListItem","position":1,"name":"Home","item":"https:\/\/www.todaykhoe.com\/"},{"@type":"ListItem","position":2,"name":"Shop","item":"https:\/\/www.todaykhoe.com\/shop\/"},{"@type":"ListItem","position":3,"name":"Glucosol C\u00e1psula"}]},{"@type":"WebSite","@id":"https:\/\/www.todaykhoe.com\/#website","url":"https:\/\/www.todaykhoe.com\/","name":"TodayKh\u1ecfe.Com","description":"Healthy Today, Fitness, Nutrition, Beauty, News!","publisher":{"@id":"https:\/\/www.todaykhoe.com\/#organization"},"potentialAction":[{"@type":"SearchAction","target":{"@type":"EntryPoint","urlTemplate":"https:\/\/www.todaykhoe.com\/?s={search_term_string}"},"query-input":{"@type":"PropertyValueSpecification","valueRequired":true,"valueName":"search_term_string"}}],"inLanguage":"mk-MK"},{"@type":"Organization","@id":"https:\/\/www.todaykhoe.com\/#organization","name":"TodayKh\u1ecfe.Com","url":"https:\/\/www.todaykhoe.com\/","logo":{"@type":"ImageObject","inLanguage":"mk-MK","@id":"https:\/\/www.todaykhoe.com\/#\/schema\/logo\/image\/","url":"https:\/\/www.todaykhoe.com\/wp-content\/uploads\/2025\/04\/Todaykhoe.png","contentUrl":"https:\/\/www.todaykhoe.com\/wp-content\/uploads\/2025\/04\/Todaykhoe.png","width":706,"height":159,"caption":"TodayKh\u1ecfe.Com"},"image":{"@id":"https:\/\/www.todaykhoe.com\/#\/schema\/logo\/image\/"}}]}},"_links":{"self":[{"href":"https:\/\/www.todaykhoe.com\/mk\/wp-json\/wp\/v2\/product\/116184","targetHints":{"allow":["GET"]}}],"collection":[{"href":"https:\/\/www.todaykhoe.com\/mk\/wp-json\/wp\/v2\/product"}],"about":[{"href":"https:\/\/www.todaykhoe.com\/mk\/wp-json\/wp\/v2\/types\/product"}],"replies":[{"embeddable":true,"href":"https:\/\/www.todaykhoe.com\/mk\/wp-json\/wp\/v2\/comments?post=116184"}],"wp:featuredmedia":[{"embeddable":true,"href":"https:\/\/www.todaykhoe.com\/mk\/wp-json\/wp\/v2\/media\/116224"}],"wp:attachment":[{"href":"https:\/\/www.todaykhoe.com\/mk\/wp-json\/wp\/v2\/media?parent=116184"}],"wp:term":[{"taxonomy":"product_brand","embeddable":true,"href":"https:\/\/www.todaykhoe.com\/mk\/wp-json\/wp\/v2\/product_brand?post=116184"},{"taxonomy":"product_cat","embeddable":true,"href":"https:\/\/www.todaykhoe.com\/mk\/wp-json\/wp\/v2\/product_cat?post=116184"},{"taxonomy":"product_tag","embeddable":true,"href":"https:\/\/www.todaykhoe.com\/mk\/wp-json\/wp\/v2\/product_tag?post=116184"}],"curies":[{"name":"wp","href":"https:\/\/api.w.org\/{rel}","templated":true}]}}