{"id":115022,"date":"2025-03-26T11:28:44","date_gmt":"2025-03-26T11:28:44","guid":{"rendered":"https:\/\/todaykhoe.com\/?post_type=product&#038;p=115022"},"modified":"2025-03-26T11:28:44","modified_gmt":"2025-03-26T11:28:44","slug":"congelum-gel","status":"publish","type":"product","link":"https:\/\/www.todaykhoe.com\/mk\/product\/congelum-gel\/","title":{"rendered":"Congelum Gel"},"content":{"rendered":"<p>El gel <a href=\"https:\/\/todaykhoe.com\/product\/congelum-gel\/\"><b>Congelum<\/b><\/a> alivia las molestias de espalda, hombros, rodillas y articulaciones. Seg\u00fan la compa\u00f1\u00eda, cualquier persona mayor de 18 a\u00f1os puede usarlo con seguridad, especialmente si sospecha que padece artritis. En Puerto Rico, se han vendido m\u00e1s de 100 copias. Cualquier persona puede comprarlo a buen precio en su sitio web oficial.<\/p>\n<p>Las evaluaciones en foros afirman que Congelum es uno de los mejores tratamientos naturales para la osteocondrosis. Los comentarios no mencionan contraindicaciones. Congelum ha sido probado por cientos de ortopedistas y aprobado. El gel alivia el dolor y los calambres sinoviales en un 93 %. Esto se ha confirmado en varios ensayos cl\u00ednicos.<\/p>\n<p>Congelum es un tratamiento popular para el dolor articular persistente y los espasmos musculares. Su composici\u00f3n org\u00e1nica utiliza extractos de hierbas esenciales, como pimienta negra, sauce blanco, c\u00farcuma, ortiga blanca y harpagofito. Este gel cuenta con Certificado de Calidad.<\/p>\n<h2>\u00bfQu\u00e9 es Congelum y c\u00f3mo funciona?<\/h2>\n<p>El gel natural Congelum alivia el dolor articular y sinovial cr\u00f3nico. El fabricante afirma que su mezcla de hierbas es segura para el uso diario en adultos. El sitio web oficial ofrece generosos descuentos para garantizar la alta calidad de sus ingredientes. Ensayos cl\u00ednicos con cientos de profesionales ortop\u00e9dicos examinaron el gel.<\/p>\n<p>Confirmaron que Congelum regenera el cart\u00edlago y el m\u00fasculo r\u00e1pidamente. Adem\u00e1s, la cura para la artritis aumenta la energ\u00eda y la actividad f\u00edsica diaria. No existen quejas en internet sobre la operaci\u00f3n de Congelum.<\/p>\n<p>Un estudio cl\u00ednico demuestra que trata la artritis y la osteocondrosis con una eficacia del 93%. Esto est\u00e1 comprobado por el Certificado de Calidad del gel. Congelum es una excelente opci\u00f3n org\u00e1nica para la salud sinovial y el rendimiento f\u00edsico.<\/p>\n<h4>Vivir con dolor es una lucha diaria<\/h4>\n<ul>\n<li>Articulaciones r\u00edgidas: Las ma\u00f1anas comienzan con rigidez en las rodillas o la espalda, lo que dificulta el movimiento.<\/li>\n<li>Movilidad reducida: Doblarse, levantar peso, o incluso caminar se vuelve doloroso.<\/li>\n<li>Alegr\u00eda perdida: Las actividades que antes se disfrutaban, como hacer jardiner\u00eda, pasear al perro o jugar con los nietos, ahora est\u00e1n llenas de incomodidad.<\/li>\n<li>Dolores constantes: El dolor dura todo el d\u00eda y te deja exhausto<\/li>\n<\/ul>\n<h3>Congelum &#8211; Recupera el Control: Di Adi\u00f3s al Dolor y Vive Libremente de Nuevo<\/h3>\n<ul>\n<li>No m\u00e1s dolor que te frene.<\/li>\n<li>No m\u00e1s perderse los mejores momentos de la vida.<\/li>\n<li>No m\u00e1s limitaciones.<\/li>\n<\/ul>\n<h4>Con solo una aplicaci\u00f3n experimentar\u00e1s:<\/h4>\n<ul>\n<li>Reducci\u00f3n inmediata del dolor: Sensaci\u00f3n refrescante que adormece el dolor al contacto.<\/li>\n<li>Acci\u00f3n dirigida: Reduce la inflamaci\u00f3n y la rigidez exactamente donde lo necesitas.<\/li>\n<li>Natural Formula: Una mezcla de ingredientes a base de plantas para un confort seguro y duradero.<\/li>\n<\/ul>\n<h3>Rese\u00f1as y testimonios en foros sobre Congelum<\/h3>\n<p>Los foros de fitness en l\u00ednea no tienen quejas sobre Osteoflxe. La mayor\u00eda de las rese\u00f1as del gel indican que mejora la movilidad d\u00edas despu\u00e9s de su uso. El gel proporciona energ\u00eda y reduce el hambre. Esto reduce la tensi\u00f3n articular y acelera la regeneraci\u00f3n. Expertos ortop\u00e9dicos afirman que Congelum es seguro y eficaz para la artritis y la osteocondrosis.<\/p>\n<p><b>Testimonios:<\/b><\/p>\n<blockquote><p>El gel Congelum transform\u00f3 mi vida. Durante cinco a\u00f1os, la artritis y sus s\u00edntomas me atormentaron. Pero mi hija encontr\u00f3 estos fant\u00e1sticos geles en l\u00ednea y al instante me consigui\u00f3 uno. Composici\u00f3n org\u00e1nica y precio asequible. Los tom\u00e9 de inmediato y me permitieron moverme con facilidad, minimizando las molestias y los calambres. Salimata Koffi, 55 a\u00f1os;<\/p>\n<p>Estos geles te recuperan r\u00e1pidamente. Me encanta el gimnasio y hago ejercicio a diario. Esto suele causar pulsaciones musculares que duran horas. A veces tengo calambres terribles. Congelum lo mejor\u00f3 todo. Mejor\u00f3 mi rendimiento f\u00edsico y me dio energ\u00eda para hacer ejercicio durante m\u00e1s tiempo. Seka Kouassi, 31 a\u00f1os;<\/p>\n<p>Me duele la espalda y los hombros cuando trabajo frente a la computadora. Sin saber qu\u00e9 hacer, consult\u00e9 con un experto. El m\u00e9dico me mostr\u00f3 estos geles y me dijo que eran fant\u00e1sticas alternativas de medicina natural. Los ped\u00ed y termin\u00e9 el tratamiento. \u00a1Mi cuerpo est\u00e1 en la mejor forma que he tenido! Apie, 34 a\u00f1os;<\/p><\/blockquote>\n<h2>Precio de Congelum en Puerto Rico: \u00bfD\u00f3nde comprar?<\/h2>\n<p>El fabricante recomienda visitar el sitio web oficial para encontrar el mejor precio de gel Congelum en Puerto Rico. Pueden aprovechar uno de los descuentos de Congelum en el sitio web autorizado. Comprar el producto original en ellos garantiza una alta calidad. No se encuentra en tiendas f\u00edsicas.<\/p>\n<p>La promoci\u00f3n actual ofrece un 50% de descuento en Congelum. Simplemente visite el sitio web y complete el breve formulario con su nombre y n\u00famero de tel\u00e9fono actual. Para confirmar la entrega, un representante le llamar\u00e1 en breve. El env\u00edo es contra reembolso y tarda una semana.<\/p>\n<p>\u00a1Atenci\u00f3n! El gel Congelum se solicita como cualquier otro producto digital. Los clientes completan el formulario de pedido, lo confirman por tel\u00e9fono y esperan la entrega, que puede tardar una semana. Se acepta pago contra reembolso.<\/p>\n","protected":false},"excerpt":{"rendered":"<h2><span style=\"color: #000000;\">Congelum &#8211; Recupera el Control: Di Adi\u00f3s al Dolor y Vive Libremente de Nuevo<\/span><\/h2>\n<ul>\n<li><span style=\"color: #000000;\">No m\u00e1s dolor que te frene.<\/span><\/li>\n<li><span style=\"color: #000000;\">No m\u00e1s perderse los mejores momentos de la vida.<\/span><\/li>\n<li><span style=\"color: #000000;\">No m\u00e1s limitaciones.<\/span><\/li>\n<\/ul>\n<p><strong><span style=\"font-size: 14pt; color: #000000;\">Precio Antiguo:\u00a0<span style=\"color: #ff0000;\"><del>1560 MXN<\/del><\/span><\/span><\/strong><\/p>\n<p><strong><span style=\"font-size: 16pt; color: #000000;\">Nuevo Precio:\u00a0<span style=\"color: #00ff00;\">780 MXN<\/span><\/span><\/strong><\/p>\n","protected":false},"featured_media":115024,"comment_status":"open","ping_status":"closed","template":"","meta":[],"product_brand":[],"product_cat":[447],"product_tag":[],"class_list":{"0":"post-115022","1":"product","2":"type-product","3":"status-publish","4":"has-post-thumbnail","6":"product_cat-salud","8":"first","9":"instock","10":"shipping-taxable","11":"product-type-external"},"yoast_head":"<!-- This site is optimized with the Yoast SEO plugin v27.3 - https:\/\/yoast.com\/product\/yoast-seo-wordpress\/ -->\n<title>Congelum Gel Precio en Puerto Rico - Alivio del dolor articular!<\/title>\n<meta name=\"description\" content=\"Congelum gel alivia el dolor articular y sinovial cr\u00f3nico. El fabricante afirma que su mezcla de hierbas es segura para el uso diario. Congelum Puerto Rico\" \/>\n<meta name=\"robots\" content=\"index, follow, max-snippet:-1, max-image-preview:large, max-video-preview:-1\" \/>\n<link rel=\"canonical\" href=\"https:\/\/www.todaykhoe.com\/es\/product\/congelum-gel\/\" \/>\n<meta property=\"og:locale\" content=\"mk_MK\" \/>\n<meta property=\"og:type\" content=\"article\" \/>\n<meta property=\"og:title\" content=\"Congelum Gel Precio en Puerto Rico - Alivio del dolor articular!\" \/>\n<meta property=\"og:description\" content=\"Congelum gel alivia el dolor articular y sinovial cr\u00f3nico. El fabricante afirma que su mezcla de hierbas es segura para el uso diario. Congelum Puerto Rico\" \/>\n<meta property=\"og:url\" content=\"https:\/\/www.todaykhoe.com\/es\/product\/congelum-gel\/\" \/>\n<meta property=\"og:site_name\" content=\"TodayKh\u1ecfe.Com\" \/>\n<meta property=\"og:image\" content=\"https:\/\/www.todaykhoe.com\/wp-content\/uploads\/2025\/03\/Congelum.png\" \/>\n\t<meta property=\"og:image:width\" content=\"547\" \/>\n\t<meta property=\"og:image:height\" content=\"411\" \/>\n\t<meta property=\"og:image:type\" content=\"image\/png\" \/>\n<meta name=\"twitter:card\" content=\"summary_large_image\" \/>\n<meta name=\"twitter:label1\" content=\"Est. reading time\" \/>\n\t<meta name=\"twitter:data1\" content=\"4 \u043c\u0438\u043d\u0443\u0442\u0438\" \/>\n<script type=\"application\/ld+json\" class=\"yoast-schema-graph\">{\"@context\":\"https:\\\/\\\/schema.org\",\"@graph\":[{\"@type\":\"WebPage\",\"@id\":\"https:\\\/\\\/www.todaykhoe.com\\\/es\\\/product\\\/congelum-gel\\\/\",\"url\":\"https:\\\/\\\/www.todaykhoe.com\\\/es\\\/product\\\/congelum-gel\\\/\",\"name\":\"Congelum Gel Precio en Puerto Rico - Alivio del dolor articular!\",\"isPartOf\":{\"@id\":\"https:\\\/\\\/www.todaykhoe.com\\\/#website\"},\"primaryImageOfPage\":{\"@id\":\"https:\\\/\\\/www.todaykhoe.com\\\/es\\\/product\\\/congelum-gel\\\/#primaryimage\"},\"image\":{\"@id\":\"https:\\\/\\\/www.todaykhoe.com\\\/es\\\/product\\\/congelum-gel\\\/#primaryimage\"},\"thumbnailUrl\":\"https:\\\/\\\/www.todaykhoe.com\\\/wp-content\\\/uploads\\\/2025\\\/03\\\/Congelum.png\",\"datePublished\":\"2025-03-26T11:28:44+00:00\",\"description\":\"Congelum gel alivia el dolor articular y sinovial cr\u00f3nico. El fabricante afirma que su mezcla de hierbas es segura para el uso diario. Congelum Puerto Rico\",\"breadcrumb\":{\"@id\":\"https:\\\/\\\/www.todaykhoe.com\\\/es\\\/product\\\/congelum-gel\\\/#breadcrumb\"},\"inLanguage\":\"mk-MK\",\"potentialAction\":[{\"@type\":\"ReadAction\",\"target\":[\"https:\\\/\\\/www.todaykhoe.com\\\/es\\\/product\\\/congelum-gel\\\/\"]}]},{\"@type\":\"ImageObject\",\"inLanguage\":\"mk-MK\",\"@id\":\"https:\\\/\\\/www.todaykhoe.com\\\/es\\\/product\\\/congelum-gel\\\/#primaryimage\",\"url\":\"https:\\\/\\\/www.todaykhoe.com\\\/wp-content\\\/uploads\\\/2025\\\/03\\\/Congelum.png\",\"contentUrl\":\"https:\\\/\\\/www.todaykhoe.com\\\/wp-content\\\/uploads\\\/2025\\\/03\\\/Congelum.png\",\"width\":547,\"height\":411,\"caption\":\"Congelum\"},{\"@type\":\"BreadcrumbList\",\"@id\":\"https:\\\/\\\/www.todaykhoe.com\\\/es\\\/product\\\/congelum-gel\\\/#breadcrumb\",\"itemListElement\":[{\"@type\":\"ListItem\",\"position\":1,\"name\":\"Home\",\"item\":\"https:\\\/\\\/www.todaykhoe.com\\\/\"},{\"@type\":\"ListItem\",\"position\":2,\"name\":\"Shop\",\"item\":\"https:\\\/\\\/www.todaykhoe.com\\\/shop\\\/\"},{\"@type\":\"ListItem\",\"position\":3,\"name\":\"Congelum Gel\"}]},{\"@type\":\"WebSite\",\"@id\":\"https:\\\/\\\/www.todaykhoe.com\\\/#website\",\"url\":\"https:\\\/\\\/www.todaykhoe.com\\\/\",\"name\":\"TodayKh\u1ecfe.Com\",\"description\":\"Healthy Today, Fitness, Nutrition, Beauty, News!\",\"publisher\":{\"@id\":\"https:\\\/\\\/www.todaykhoe.com\\\/#organization\"},\"potentialAction\":[{\"@type\":\"SearchAction\",\"target\":{\"@type\":\"EntryPoint\",\"urlTemplate\":\"https:\\\/\\\/www.todaykhoe.com\\\/?s={search_term_string}\"},\"query-input\":{\"@type\":\"PropertyValueSpecification\",\"valueRequired\":true,\"valueName\":\"search_term_string\"}}],\"inLanguage\":\"mk-MK\"},{\"@type\":\"Organization\",\"@id\":\"https:\\\/\\\/www.todaykhoe.com\\\/#organization\",\"name\":\"TodayKh\u1ecfe.Com\",\"url\":\"https:\\\/\\\/www.todaykhoe.com\\\/\",\"logo\":{\"@type\":\"ImageObject\",\"inLanguage\":\"mk-MK\",\"@id\":\"https:\\\/\\\/www.todaykhoe.com\\\/#\\\/schema\\\/logo\\\/image\\\/\",\"url\":\"https:\\\/\\\/www.todaykhoe.com\\\/wp-content\\\/uploads\\\/2025\\\/04\\\/Todaykhoe.png\",\"contentUrl\":\"https:\\\/\\\/www.todaykhoe.com\\\/wp-content\\\/uploads\\\/2025\\\/04\\\/Todaykhoe.png\",\"width\":706,\"height\":159,\"caption\":\"TodayKh\u1ecfe.Com\"},\"image\":{\"@id\":\"https:\\\/\\\/www.todaykhoe.com\\\/#\\\/schema\\\/logo\\\/image\\\/\"}}]}<\/script>\n<!-- \/ Yoast SEO plugin. -->","yoast_head_json":{"title":"Congelum Gel Precio en Puerto Rico - Alivio del dolor articular!","description":"Congelum gel alivia el dolor articular y sinovial cr\u00f3nico. El fabricante afirma que su mezcla de hierbas es segura para el uso diario. Congelum Puerto Rico","robots":{"index":"index","follow":"follow","max-snippet":"max-snippet:-1","max-image-preview":"max-image-preview:large","max-video-preview":"max-video-preview:-1"},"canonical":"https:\/\/www.todaykhoe.com\/es\/product\/congelum-gel\/","og_locale":"mk_MK","og_type":"article","og_title":"Congelum Gel Precio en Puerto Rico - Alivio del dolor articular!","og_description":"Congelum gel alivia el dolor articular y sinovial cr\u00f3nico. El fabricante afirma que su mezcla de hierbas es segura para el uso diario. Congelum Puerto Rico","og_url":"https:\/\/www.todaykhoe.com\/es\/product\/congelum-gel\/","og_site_name":"TodayKh\u1ecfe.Com","og_image":[{"width":547,"height":411,"url":"https:\/\/www.todaykhoe.com\/wp-content\/uploads\/2025\/03\/Congelum.png","type":"image\/png"}],"twitter_card":"summary_large_image","twitter_misc":{"Est. reading time":"4 \u043c\u0438\u043d\u0443\u0442\u0438"},"schema":{"@context":"https:\/\/schema.org","@graph":[{"@type":"WebPage","@id":"https:\/\/www.todaykhoe.com\/es\/product\/congelum-gel\/","url":"https:\/\/www.todaykhoe.com\/es\/product\/congelum-gel\/","name":"Congelum Gel Precio en Puerto Rico - Alivio del dolor articular!","isPartOf":{"@id":"https:\/\/www.todaykhoe.com\/#website"},"primaryImageOfPage":{"@id":"https:\/\/www.todaykhoe.com\/es\/product\/congelum-gel\/#primaryimage"},"image":{"@id":"https:\/\/www.todaykhoe.com\/es\/product\/congelum-gel\/#primaryimage"},"thumbnailUrl":"https:\/\/www.todaykhoe.com\/wp-content\/uploads\/2025\/03\/Congelum.png","datePublished":"2025-03-26T11:28:44+00:00","description":"Congelum gel alivia el dolor articular y sinovial cr\u00f3nico. El fabricante afirma que su mezcla de hierbas es segura para el uso diario. Congelum Puerto Rico","breadcrumb":{"@id":"https:\/\/www.todaykhoe.com\/es\/product\/congelum-gel\/#breadcrumb"},"inLanguage":"mk-MK","potentialAction":[{"@type":"ReadAction","target":["https:\/\/www.todaykhoe.com\/es\/product\/congelum-gel\/"]}]},{"@type":"ImageObject","inLanguage":"mk-MK","@id":"https:\/\/www.todaykhoe.com\/es\/product\/congelum-gel\/#primaryimage","url":"https:\/\/www.todaykhoe.com\/wp-content\/uploads\/2025\/03\/Congelum.png","contentUrl":"https:\/\/www.todaykhoe.com\/wp-content\/uploads\/2025\/03\/Congelum.png","width":547,"height":411,"caption":"Congelum"},{"@type":"BreadcrumbList","@id":"https:\/\/www.todaykhoe.com\/es\/product\/congelum-gel\/#breadcrumb","itemListElement":[{"@type":"ListItem","position":1,"name":"Home","item":"https:\/\/www.todaykhoe.com\/"},{"@type":"ListItem","position":2,"name":"Shop","item":"https:\/\/www.todaykhoe.com\/shop\/"},{"@type":"ListItem","position":3,"name":"Congelum Gel"}]},{"@type":"WebSite","@id":"https:\/\/www.todaykhoe.com\/#website","url":"https:\/\/www.todaykhoe.com\/","name":"TodayKh\u1ecfe.Com","description":"Healthy Today, Fitness, Nutrition, Beauty, News!","publisher":{"@id":"https:\/\/www.todaykhoe.com\/#organization"},"potentialAction":[{"@type":"SearchAction","target":{"@type":"EntryPoint","urlTemplate":"https:\/\/www.todaykhoe.com\/?s={search_term_string}"},"query-input":{"@type":"PropertyValueSpecification","valueRequired":true,"valueName":"search_term_string"}}],"inLanguage":"mk-MK"},{"@type":"Organization","@id":"https:\/\/www.todaykhoe.com\/#organization","name":"TodayKh\u1ecfe.Com","url":"https:\/\/www.todaykhoe.com\/","logo":{"@type":"ImageObject","inLanguage":"mk-MK","@id":"https:\/\/www.todaykhoe.com\/#\/schema\/logo\/image\/","url":"https:\/\/www.todaykhoe.com\/wp-content\/uploads\/2025\/04\/Todaykhoe.png","contentUrl":"https:\/\/www.todaykhoe.com\/wp-content\/uploads\/2025\/04\/Todaykhoe.png","width":706,"height":159,"caption":"TodayKh\u1ecfe.Com"},"image":{"@id":"https:\/\/www.todaykhoe.com\/#\/schema\/logo\/image\/"}}]}},"_links":{"self":[{"href":"https:\/\/www.todaykhoe.com\/mk\/wp-json\/wp\/v2\/product\/115022","targetHints":{"allow":["GET"]}}],"collection":[{"href":"https:\/\/www.todaykhoe.com\/mk\/wp-json\/wp\/v2\/product"}],"about":[{"href":"https:\/\/www.todaykhoe.com\/mk\/wp-json\/wp\/v2\/types\/product"}],"replies":[{"embeddable":true,"href":"https:\/\/www.todaykhoe.com\/mk\/wp-json\/wp\/v2\/comments?post=115022"}],"wp:featuredmedia":[{"embeddable":true,"href":"https:\/\/www.todaykhoe.com\/mk\/wp-json\/wp\/v2\/media\/115024"}],"wp:attachment":[{"href":"https:\/\/www.todaykhoe.com\/mk\/wp-json\/wp\/v2\/media?parent=115022"}],"wp:term":[{"taxonomy":"product_brand","embeddable":true,"href":"https:\/\/www.todaykhoe.com\/mk\/wp-json\/wp\/v2\/product_brand?post=115022"},{"taxonomy":"product_cat","embeddable":true,"href":"https:\/\/www.todaykhoe.com\/mk\/wp-json\/wp\/v2\/product_cat?post=115022"},{"taxonomy":"product_tag","embeddable":true,"href":"https:\/\/www.todaykhoe.com\/mk\/wp-json\/wp\/v2\/product_tag?post=115022"}],"curies":[{"name":"wp","href":"https:\/\/api.w.org\/{rel}","templated":true}]}}