{"id":114538,"date":"2025-03-15T09:38:54","date_gmt":"2025-03-15T09:38:54","guid":{"rendered":"https:\/\/todaykhoe.com\/?post_type=product&#038;p=114538"},"modified":"2025-03-15T09:38:54","modified_gmt":"2025-03-15T09:38:54","slug":"furoma-capsula","status":"publish","type":"product","link":"https:\/\/www.todaykhoe.com\/mk\/product\/furoma-capsula\/","title":{"rendered":"Furoma C\u00e1psula"},"content":{"rendered":"<p>Las c\u00e1psulas <strong><a href=\"https:\/\/todaykhoe.com\/product\/furoma-capsula\/\">Furoma<\/a><\/strong> reducen la hipertensi\u00f3n y las fluctuaciones de la presi\u00f3n arterial. Estas c\u00e1psulas disuelven los co\u00e1gulos sangu\u00edneos y regulan el ritmo card\u00edaco y el flujo sangu\u00edneo. Normalizan eficazmente las funciones cardiovasculares y son seguras para todas las edades. M\u00e1s all\u00e1 del consumo diario de hombres y mujeres colombianos. El sitio web principal ofrece grandes descuentos.<\/p>\n<p>Los comentarios y opiniones sobre Furoma en foros demuestran que mejora la vida. No existen quejas sobre efectos secundarios. El creador de la receta natural es un experto. Tambi\u00e9n participaron cardi\u00f3logos japoneses. Furoma es una de las mejores terapias org\u00e1nicas para el colesterol alto y el pulso irregular, seg\u00fan los m\u00e9dicos. Juntos, mejoran el ritmo y el tono card\u00edacos.<\/p>\n<p>Los ensayos cl\u00ednicos demostraron que las c\u00e1psulas para la hipertensi\u00f3n tienen una efectividad del 93%. Furoma monitorea la presi\u00f3n arterial y la vitalidad las 24 horas, los 7 d\u00edas de la semana.<\/p>\n<h2>Furoma: Definici\u00f3n y Funci\u00f3n<\/h2>\n<p>Las c\u00e1psulas Furoma reducen la hipertensi\u00f3n y el colesterol. Las c\u00e1psulas recubiertas disuelven los co\u00e1gulos sangu\u00edneos y normalizan el ritmo card\u00edaco. El sitio web del fabricante ofrece ofertas incre\u00edbles que todos pueden aprovechar. El aparato fue dise\u00f1ado por un experto y cient\u00edficos japoneses.<\/p>\n<p>Furoma es uno de los suplementos cardiovasculares naturales m\u00e1s avanzados. Las t\u00e9cnicas de Furoma no ser\u00e1n criticadas aqu\u00ed. Este remedio natural para la hipertensi\u00f3n es seguro y se ha sometido a las pruebas cl\u00ednicas m\u00e1s rigurosas. Puede tomarlo cualquier grupo de edad, ya que cada vez m\u00e1s ni\u00f1os desarrollan problemas card\u00edacos.<\/p>\n<p>Un Certificado de Calidad verifica su eficacia promedio del 93%. Furoma se recomienda para la arritmia y la hipertensi\u00f3n para proporcionar energ\u00eda durante todo el d\u00eda.\\<\/p>\n<h3>Personalmente, puedo confirmar que Furoma super\u00f3 los ensayos cl\u00ednicos y demostr\u00f3 una alta eficacia:<\/h3>\n<ul>\n<li>La presi\u00f3n arterial de los pacientes se restableci\u00f3 a niveles \u00f3ptimos en el 96,4 % de los casos durante el tratamiento.<\/li>\n<li>La hipertensi\u00f3n, el sue\u00f1o, el hambre, los dolores de cabeza y el tinnitus del 91,3 % de los voluntarios mejoraron.<\/li>\n<li>El seguimiento repetido mostr\u00f3 una estabilizaci\u00f3n completa de la presi\u00f3n arterial y una mejora de la funci\u00f3n card\u00edaca, vascular y de otros \u00f3rganos y sistemas en el 98,7 % de los pacientes.<\/li>\n<\/ul>\n<h4>El consumo regular de apio ofrece los siguientes beneficios para la salud:<\/h4>\n<ul>\n<li>Complementa platos y ensaladas, pero es muy nutritivo.<\/li>\n<li>El apio regula la presi\u00f3n arterial y el flujo sangu\u00edneo.<\/li>\n<li>Este producto bajo en calor\u00edas y carbohidratos ayuda a moldear la silueta deseada.<\/li>\n<li>Acelera el metabolismo y previene la retenci\u00f3n de l\u00edquidos.<\/li>\n<li>Combate la inflamaci\u00f3n y las infecciones internas.<\/li>\n<\/ul>\n<h3>Furoma: Comentarios del foro<\/h3>\n<p>Rara vez hay comentarios y opiniones negativas sobre Furoma. El medicamento para la hipertensi\u00f3n normaliza el ritmo card\u00edaco y proporciona fuerza y \u200b\u200bsalud. Los usuarios comentan que sus an\u00e1lisis de az\u00facar y colesterol fueron excelentes. Recarga el cuerpo y te mantiene activo. Cardi\u00f3logos expertos afirman que Furoma es uno de los mejores tratamientos naturales para la arritmia.<\/p>\n<p><strong>Vistas:<\/strong><\/p>\n<blockquote><p>Mi \u00fanico suplemento o medicamento natural es Furoma para la presi\u00f3n arterial y el colesterol. Mis s\u00edntomas de hipertensi\u00f3n todav\u00eda me molestan varias veces a la semana. \u00a1Me encanta que mi hijo me haya tra\u00eddo estos medicamentos! Nina Grigorova, 55 a\u00f1os<\/p>\n<p>Prob\u00e9 todos los medicamentos que me recomendaron los m\u00e9dicos para tratar mi arritmia, aunque sab\u00eda poco sobre ella. Ahora tomo las riendas de mi vida. Me gust\u00f3 el sitio web de Furoma por su precio e ingredientes naturales. Lo ped\u00ed y me tom\u00e9 las c\u00e1psulas de inmediato. Mi estado de \u00e1nimo nunca ha estado mejor. Jakub Blaha, 45 a\u00f1os.<\/p>\n<p>Estos fant\u00e1sticos suplementos te ayudar\u00e1n a superar los s\u00edntomas tempranos y cr\u00f3nicos de la hipertensi\u00f3n. Reducen el colesterol y la glucosa en sangre. El uso regular mejorar\u00e1 tu sue\u00f1o y aumentar\u00e1 tu energ\u00eda. Imre, sesenta y tantos.<\/p><\/blockquote>\n<h3>\u00bfDurante cu\u00e1nto tiempo debe Furoma limpiar los vasos sangu\u00edneos?<\/h3>\n<ol>\n<li>Limpia y repara los vasos sangu\u00edneos.<\/li>\n<li>Los \u00f3rganos y las articulaciones se recuperan.<\/li>\n<li>La grasa se derrite.<\/li>\n<li>Restaura la visi\u00f3n y la memoria.<\/li>\n<\/ol>\n<h2>Precio de Furoma Colombia: \u00bfD\u00f3nde comprar?<\/h2>\n<p>Para comprar Furoma a bajo precio, visita el sitio web oficial de las c\u00e1psulas para la hipertensi\u00f3n. El tratamiento para el colesterol normal en sangre cuesta lo mismo en Colombia. Adem\u00e1s, ning\u00fan otro vendedor digital o f\u00edsico puede distribuirlo. Un importante ahorro en el precio de Furoma tambi\u00e9n.<\/p>\n<p>Un descuento continuo por tiempo limitado reduce el precio de Furoma en un 50%. Completa el formulario digital con algunos datos sencillos para obtener tu copia m\u00e1s r\u00e1pido. Un representante de atenci\u00f3n al cliente te llamar\u00e1 para verificar tu direcci\u00f3n de entrega. Los d\u00edas pasan en silencio mientras llega el regalo.<\/p>\n<p>El pedido est\u00e1ndar de c\u00e1psulas de Furoma para la hipertensi\u00f3n sigue los criterios de productos digitales. Los clientes completan el formulario de pedido, lo validan por tel\u00e9fono y esperan hasta una semana para la entrega. Los pagos se realizan contra reembolso.<\/p>\n","protected":false},"excerpt":{"rendered":"<h2><span style=\"color: #000000;\">\u00bfDurante cu\u00e1nto tiempo debe Furoma limpiar los vasos sangu\u00edneos?<\/span><\/h2>\n<ul>\n<li><span style=\"color: #000000;\">Limpia y repara los vasos sangu\u00edneos.<\/span><\/li>\n<li><span style=\"color: #000000;\">Los \u00f3rganos y las articulaciones se recuperan.<\/span><\/li>\n<li><span style=\"color: #000000;\">La grasa se derrite.<\/span><\/li>\n<li><span style=\"color: #000000;\">Restaura la visi\u00f3n y la memoria.<\/span><\/li>\n<\/ul>\n<p><span style=\"font-size: 14pt;\"><b><span style=\"color: #000000;\">Vieja Precio: <span style=\"color: #ff0000;\"><del>318000 COP<\/del><\/span><\/span><br \/>\n<\/b><\/span><\/p>\n<p><span style=\"color: #000000; font-size: 16pt;\"><b>Nueva\u00a0<span style=\"color: #000000;\">Precio<\/span>: <span style=\"color: #33cccc;\"><span class=\"priceAndLabelForLandingInfoApi\">159000 COP<\/span><\/span><\/b><\/span><\/p>\n","protected":false},"featured_media":114540,"comment_status":"open","ping_status":"closed","template":"","meta":[],"product_brand":[],"product_cat":[447],"product_tag":[],"class_list":{"0":"post-114538","1":"product","2":"type-product","3":"status-publish","4":"has-post-thumbnail","6":"product_cat-salud","8":"first","9":"instock","10":"shipping-taxable","11":"product-type-external"},"yoast_head":"<!-- This site is optimized with the Yoast SEO plugin v27.3 - https:\/\/yoast.com\/product\/yoast-seo-wordpress\/ -->\n<title>Furoma C\u00e1psula Precio en Colombia - Controlar la hipertensi\u00f3n!<\/title>\n<meta name=\"description\" content=\"Las c\u00e1psulas Furoma reducen la hipertensi\u00f3n y el colesterol. Las c\u00e1psulas recubiertas disuelven los co\u00e1gulos sangu\u00edneos y normalizan el ritmo card\u00edaco.\" \/>\n<meta name=\"robots\" content=\"index, follow, max-snippet:-1, max-image-preview:large, max-video-preview:-1\" \/>\n<link rel=\"canonical\" href=\"https:\/\/www.todaykhoe.com\/product\/furoma-capsula\/\" \/>\n<meta property=\"og:locale\" content=\"mk_MK\" \/>\n<meta property=\"og:type\" content=\"article\" \/>\n<meta property=\"og:title\" content=\"Furoma C\u00e1psula Precio en Colombia - Controlar la hipertensi\u00f3n!\" \/>\n<meta property=\"og:description\" content=\"Las c\u00e1psulas Furoma reducen la hipertensi\u00f3n y el colesterol. Las c\u00e1psulas recubiertas disuelven los co\u00e1gulos sangu\u00edneos y normalizan el ritmo card\u00edaco.\" \/>\n<meta property=\"og:url\" content=\"https:\/\/www.todaykhoe.com\/product\/furoma-capsula\/\" \/>\n<meta property=\"og:site_name\" content=\"TodayKh\u1ecfe.Com\" \/>\n<meta property=\"og:image\" content=\"https:\/\/www.todaykhoe.com\/wp-content\/uploads\/2025\/03\/Furoma.png\" \/>\n\t<meta property=\"og:image:width\" content=\"580\" \/>\n\t<meta property=\"og:image:height\" content=\"503\" \/>\n\t<meta property=\"og:image:type\" content=\"image\/png\" \/>\n<meta name=\"twitter:card\" content=\"summary_large_image\" \/>\n<meta name=\"twitter:label1\" content=\"Est. reading time\" \/>\n\t<meta name=\"twitter:data1\" content=\"4 \u043c\u0438\u043d\u0443\u0442\u0438\" \/>\n<script type=\"application\/ld+json\" class=\"yoast-schema-graph\">{\"@context\":\"https:\\\/\\\/schema.org\",\"@graph\":[{\"@type\":\"WebPage\",\"@id\":\"https:\\\/\\\/www.todaykhoe.com\\\/product\\\/furoma-capsula\\\/\",\"url\":\"https:\\\/\\\/www.todaykhoe.com\\\/product\\\/furoma-capsula\\\/\",\"name\":\"Furoma C\u00e1psula Precio en Colombia - Controlar la hipertensi\u00f3n!\",\"isPartOf\":{\"@id\":\"https:\\\/\\\/www.todaykhoe.com\\\/#website\"},\"primaryImageOfPage\":{\"@id\":\"https:\\\/\\\/www.todaykhoe.com\\\/product\\\/furoma-capsula\\\/#primaryimage\"},\"image\":{\"@id\":\"https:\\\/\\\/www.todaykhoe.com\\\/product\\\/furoma-capsula\\\/#primaryimage\"},\"thumbnailUrl\":\"https:\\\/\\\/www.todaykhoe.com\\\/wp-content\\\/uploads\\\/2025\\\/03\\\/Furoma.png\",\"datePublished\":\"2025-03-15T09:38:54+00:00\",\"description\":\"Las c\u00e1psulas Furoma reducen la hipertensi\u00f3n y el colesterol. Las c\u00e1psulas recubiertas disuelven los co\u00e1gulos sangu\u00edneos y normalizan el ritmo card\u00edaco.\",\"breadcrumb\":{\"@id\":\"https:\\\/\\\/www.todaykhoe.com\\\/product\\\/furoma-capsula\\\/#breadcrumb\"},\"inLanguage\":\"mk-MK\",\"potentialAction\":[{\"@type\":\"ReadAction\",\"target\":[\"https:\\\/\\\/www.todaykhoe.com\\\/product\\\/furoma-capsula\\\/\"]}]},{\"@type\":\"ImageObject\",\"inLanguage\":\"mk-MK\",\"@id\":\"https:\\\/\\\/www.todaykhoe.com\\\/product\\\/furoma-capsula\\\/#primaryimage\",\"url\":\"https:\\\/\\\/www.todaykhoe.com\\\/wp-content\\\/uploads\\\/2025\\\/03\\\/Furoma.png\",\"contentUrl\":\"https:\\\/\\\/www.todaykhoe.com\\\/wp-content\\\/uploads\\\/2025\\\/03\\\/Furoma.png\",\"width\":580,\"height\":503,\"caption\":\"Furoma\"},{\"@type\":\"BreadcrumbList\",\"@id\":\"https:\\\/\\\/www.todaykhoe.com\\\/product\\\/furoma-capsula\\\/#breadcrumb\",\"itemListElement\":[{\"@type\":\"ListItem\",\"position\":1,\"name\":\"Home\",\"item\":\"https:\\\/\\\/www.todaykhoe.com\\\/\"},{\"@type\":\"ListItem\",\"position\":2,\"name\":\"Shop\",\"item\":\"https:\\\/\\\/www.todaykhoe.com\\\/shop\\\/\"},{\"@type\":\"ListItem\",\"position\":3,\"name\":\"Furoma C\u00e1psula\"}]},{\"@type\":\"WebSite\",\"@id\":\"https:\\\/\\\/www.todaykhoe.com\\\/#website\",\"url\":\"https:\\\/\\\/www.todaykhoe.com\\\/\",\"name\":\"TodayKh\u1ecfe.Com\",\"description\":\"Healthy Today, Fitness, Nutrition, Beauty, News!\",\"publisher\":{\"@id\":\"https:\\\/\\\/www.todaykhoe.com\\\/#organization\"},\"potentialAction\":[{\"@type\":\"SearchAction\",\"target\":{\"@type\":\"EntryPoint\",\"urlTemplate\":\"https:\\\/\\\/www.todaykhoe.com\\\/?s={search_term_string}\"},\"query-input\":{\"@type\":\"PropertyValueSpecification\",\"valueRequired\":true,\"valueName\":\"search_term_string\"}}],\"inLanguage\":\"mk-MK\"},{\"@type\":\"Organization\",\"@id\":\"https:\\\/\\\/www.todaykhoe.com\\\/#organization\",\"name\":\"TodayKh\u1ecfe.Com\",\"url\":\"https:\\\/\\\/www.todaykhoe.com\\\/\",\"logo\":{\"@type\":\"ImageObject\",\"inLanguage\":\"mk-MK\",\"@id\":\"https:\\\/\\\/www.todaykhoe.com\\\/#\\\/schema\\\/logo\\\/image\\\/\",\"url\":\"https:\\\/\\\/www.todaykhoe.com\\\/wp-content\\\/uploads\\\/2025\\\/04\\\/Todaykhoe.png\",\"contentUrl\":\"https:\\\/\\\/www.todaykhoe.com\\\/wp-content\\\/uploads\\\/2025\\\/04\\\/Todaykhoe.png\",\"width\":706,\"height\":159,\"caption\":\"TodayKh\u1ecfe.Com\"},\"image\":{\"@id\":\"https:\\\/\\\/www.todaykhoe.com\\\/#\\\/schema\\\/logo\\\/image\\\/\"}}]}<\/script>\n<!-- \/ Yoast SEO plugin. -->","yoast_head_json":{"title":"Furoma C\u00e1psula Precio en Colombia - Controlar la hipertensi\u00f3n!","description":"Las c\u00e1psulas Furoma reducen la hipertensi\u00f3n y el colesterol. Las c\u00e1psulas recubiertas disuelven los co\u00e1gulos sangu\u00edneos y normalizan el ritmo card\u00edaco.","robots":{"index":"index","follow":"follow","max-snippet":"max-snippet:-1","max-image-preview":"max-image-preview:large","max-video-preview":"max-video-preview:-1"},"canonical":"https:\/\/www.todaykhoe.com\/product\/furoma-capsula\/","og_locale":"mk_MK","og_type":"article","og_title":"Furoma C\u00e1psula Precio en Colombia - Controlar la hipertensi\u00f3n!","og_description":"Las c\u00e1psulas Furoma reducen la hipertensi\u00f3n y el colesterol. Las c\u00e1psulas recubiertas disuelven los co\u00e1gulos sangu\u00edneos y normalizan el ritmo card\u00edaco.","og_url":"https:\/\/www.todaykhoe.com\/product\/furoma-capsula\/","og_site_name":"TodayKh\u1ecfe.Com","og_image":[{"width":580,"height":503,"url":"https:\/\/www.todaykhoe.com\/wp-content\/uploads\/2025\/03\/Furoma.png","type":"image\/png"}],"twitter_card":"summary_large_image","twitter_misc":{"Est. reading time":"4 \u043c\u0438\u043d\u0443\u0442\u0438"},"schema":{"@context":"https:\/\/schema.org","@graph":[{"@type":"WebPage","@id":"https:\/\/www.todaykhoe.com\/product\/furoma-capsula\/","url":"https:\/\/www.todaykhoe.com\/product\/furoma-capsula\/","name":"Furoma C\u00e1psula Precio en Colombia - Controlar la hipertensi\u00f3n!","isPartOf":{"@id":"https:\/\/www.todaykhoe.com\/#website"},"primaryImageOfPage":{"@id":"https:\/\/www.todaykhoe.com\/product\/furoma-capsula\/#primaryimage"},"image":{"@id":"https:\/\/www.todaykhoe.com\/product\/furoma-capsula\/#primaryimage"},"thumbnailUrl":"https:\/\/www.todaykhoe.com\/wp-content\/uploads\/2025\/03\/Furoma.png","datePublished":"2025-03-15T09:38:54+00:00","description":"Las c\u00e1psulas Furoma reducen la hipertensi\u00f3n y el colesterol. Las c\u00e1psulas recubiertas disuelven los co\u00e1gulos sangu\u00edneos y normalizan el ritmo card\u00edaco.","breadcrumb":{"@id":"https:\/\/www.todaykhoe.com\/product\/furoma-capsula\/#breadcrumb"},"inLanguage":"mk-MK","potentialAction":[{"@type":"ReadAction","target":["https:\/\/www.todaykhoe.com\/product\/furoma-capsula\/"]}]},{"@type":"ImageObject","inLanguage":"mk-MK","@id":"https:\/\/www.todaykhoe.com\/product\/furoma-capsula\/#primaryimage","url":"https:\/\/www.todaykhoe.com\/wp-content\/uploads\/2025\/03\/Furoma.png","contentUrl":"https:\/\/www.todaykhoe.com\/wp-content\/uploads\/2025\/03\/Furoma.png","width":580,"height":503,"caption":"Furoma"},{"@type":"BreadcrumbList","@id":"https:\/\/www.todaykhoe.com\/product\/furoma-capsula\/#breadcrumb","itemListElement":[{"@type":"ListItem","position":1,"name":"Home","item":"https:\/\/www.todaykhoe.com\/"},{"@type":"ListItem","position":2,"name":"Shop","item":"https:\/\/www.todaykhoe.com\/shop\/"},{"@type":"ListItem","position":3,"name":"Furoma C\u00e1psula"}]},{"@type":"WebSite","@id":"https:\/\/www.todaykhoe.com\/#website","url":"https:\/\/www.todaykhoe.com\/","name":"TodayKh\u1ecfe.Com","description":"Healthy Today, Fitness, Nutrition, Beauty, News!","publisher":{"@id":"https:\/\/www.todaykhoe.com\/#organization"},"potentialAction":[{"@type":"SearchAction","target":{"@type":"EntryPoint","urlTemplate":"https:\/\/www.todaykhoe.com\/?s={search_term_string}"},"query-input":{"@type":"PropertyValueSpecification","valueRequired":true,"valueName":"search_term_string"}}],"inLanguage":"mk-MK"},{"@type":"Organization","@id":"https:\/\/www.todaykhoe.com\/#organization","name":"TodayKh\u1ecfe.Com","url":"https:\/\/www.todaykhoe.com\/","logo":{"@type":"ImageObject","inLanguage":"mk-MK","@id":"https:\/\/www.todaykhoe.com\/#\/schema\/logo\/image\/","url":"https:\/\/www.todaykhoe.com\/wp-content\/uploads\/2025\/04\/Todaykhoe.png","contentUrl":"https:\/\/www.todaykhoe.com\/wp-content\/uploads\/2025\/04\/Todaykhoe.png","width":706,"height":159,"caption":"TodayKh\u1ecfe.Com"},"image":{"@id":"https:\/\/www.todaykhoe.com\/#\/schema\/logo\/image\/"}}]}},"_links":{"self":[{"href":"https:\/\/www.todaykhoe.com\/mk\/wp-json\/wp\/v2\/product\/114538","targetHints":{"allow":["GET"]}}],"collection":[{"href":"https:\/\/www.todaykhoe.com\/mk\/wp-json\/wp\/v2\/product"}],"about":[{"href":"https:\/\/www.todaykhoe.com\/mk\/wp-json\/wp\/v2\/types\/product"}],"replies":[{"embeddable":true,"href":"https:\/\/www.todaykhoe.com\/mk\/wp-json\/wp\/v2\/comments?post=114538"}],"wp:featuredmedia":[{"embeddable":true,"href":"https:\/\/www.todaykhoe.com\/mk\/wp-json\/wp\/v2\/media\/114540"}],"wp:attachment":[{"href":"https:\/\/www.todaykhoe.com\/mk\/wp-json\/wp\/v2\/media?parent=114538"}],"wp:term":[{"taxonomy":"product_brand","embeddable":true,"href":"https:\/\/www.todaykhoe.com\/mk\/wp-json\/wp\/v2\/product_brand?post=114538"},{"taxonomy":"product_cat","embeddable":true,"href":"https:\/\/www.todaykhoe.com\/mk\/wp-json\/wp\/v2\/product_cat?post=114538"},{"taxonomy":"product_tag","embeddable":true,"href":"https:\/\/www.todaykhoe.com\/mk\/wp-json\/wp\/v2\/product_tag?post=114538"}],"curies":[{"name":"wp","href":"https:\/\/api.w.org\/{rel}","templated":true}]}}