{"id":114256,"date":"2025-01-16T13:41:22","date_gmt":"2025-01-16T13:41:22","guid":{"rendered":"https:\/\/todaykhoe.com\/?post_type=product&#038;p=114256"},"modified":"2025-01-16T13:41:22","modified_gmt":"2025-01-16T13:41:22","slug":"varigo-gel","status":"publish","type":"product","link":"https:\/\/www.todaykhoe.com\/mk\/product\/varigo-gel\/","title":{"rendered":"VariGO Gel"},"content":{"rendered":"<p>El gel <strong><a href=\"https:\/\/todaykhoe.com\/product\/varigo-gel\/\">VariGO<\/a><\/strong> reduce los s\u00edntomas de las varices. El gel contiene potentes hierbas y componentes vegetales para recuperar unas piernas suaves y sanas. Se vende en Honduras y lo utilizan muchas personas, principalmente mujeres con varices. Los ensayos cl\u00ednicos y los estudios independientes han demostrado su eficacia.<\/p>\n<p>La f\u00f3rmula es fiable para el tratamiento de las varices porque cuenta con los certificados y la autorizaci\u00f3n necesarios. Seg\u00fan sus fabricantes, VariGO alivia los s\u00edntomas y reduce la pesadez de las piernas en semanas. Las opiniones de los usuarios en los foros muestran que VariGO combate eficazmente las varices.<\/p>\n<p>Es especialmente eficaz en las etapas 1 y 2 de las varices y puede ayudar a la terapia principal en las etapas 3. Esta soluci\u00f3n t\u00f3pica es recomendada por varios fleb\u00f3logos para problemas de salud venosa.<\/p>\n<h2>\u00bfQu\u00e9 es VariGO y c\u00f3mo funciona?<\/h2>\n<p>El gel VariGO trata las varices. Sus componentes activos penetran profundamente en la piel para prevenir la formaci\u00f3n de material que causa inflamaci\u00f3n. Sus componentes clave regeneran las venas y mejoran el flujo sangu\u00edneo. El uso regular del gel VariGO fortalece las paredes de las venas, reduce la pesadez de las piernas y las aligera.<\/p>\n<p>En general, la mezcla restaura la salud y la ligereza de las piernas. Las pruebas de laboratorio han demostrado que el mecanismo del gel VariGO es m\u00e1s eficaz que el de productos similares. Muchos fleb\u00f3logos recomiendan a los pacientes que lo utilicen.<\/p>\n<p>Creen que la potente combinaci\u00f3n reduce las venas de las piernas, los bultos, las telara\u00f1as vasculares y los n\u00f3dulos en las etapas 1 y 2 de las venas varicosas. Para la etapa 3, utilice el gel con el tratamiento principal para obtener resultados \u00f3ptimos. VariGO tambi\u00e9n previene la trombosis y la tromboflebitis, seg\u00fan los expertos.<\/p>\n<p>Factores de riesgo para las v\u00e1rices:<\/p>\n<p>Herencia<br \/>\nTrabajo sedentario<br \/>\nEmbarazo<br \/>\nActividad f\u00edsica intensa<br \/>\nFumar<br \/>\nSobrepeso<\/p>\n<h3>VariGO possee una acci\u00f3n antiinflamatoria<\/h3>\n<p><strong>VariGO \u00a1El producto de nueva generaci\u00f3n! \u00a1Cuida de ti mismo hoy! Detiene la formaci\u00f3n de prostaglandinas, que desencadenan los procesos inflamatorios<\/strong><\/p>\n<ul>\n<li>Extracto de Ginkgo biloba<\/li>\n<li>Aceites esenciales de lim\u00f3n, soja y coco<\/li>\n<li>Extracto de casta\u00f1o dulce<\/li>\n<li>Troxerutina<\/li>\n<\/ul>\n<h4>VariGO &#8211; Para tus piernas hermosas<\/h4>\n<ul>\n<li>Siente la ligereza en las piernas<\/li>\n<li>Ayuda a tus piernas<\/li>\n<li>Un producto seguro y natural<\/li>\n<\/ul>\n<h3>Comentarios del gel VariGO en el foro<\/h3>\n<p>La mayor\u00eda de las rese\u00f1as en l\u00ednea son positivas. En foros y comentarios, los hondure\u00f1os han elogiado el gel VariGO. Lo consideran seguro, eficaz y confiable. Est\u00e1n encantados con los resultados. Algunos consumidores dijeron que funcion\u00f3 mejor que otros productos.<\/p>\n<p><strong>Opiniones:<\/strong><\/p>\n<blockquote><p>\u201cTuve venas varicosas en las piernas durante a\u00f1os. Desafortunadamente, numerosos productos empeoraron las cosas. El peso en mis piernas era intolerable. Espa\u00f1olSolo pude soportar unos 15 minutos. Tuve suerte de encontrar el gel VariGO. No me di cuenta de que har\u00eda que mis piernas volvieran a estar sanas y hermosas cuando comenc\u00e9 a usarlo. El gel tard\u00f3 unos meses en hacer efecto, pero vali\u00f3 la pena. Mi paciencia dio sus frutos. Despu\u00e9s de que mis venas varicosas desaparecieron, mi vida volvi\u00f3 a la normalidad\u201d. <strong>Maria Hernandez, 51;<\/strong><\/p>\n<p>El gel VariGO funciona sorprendentemente bien. Redujo el tama\u00f1o de las ara\u00f1as vasculares y aclar\u00f3 el tono. Ahora mis piernas lucen geniales. Evitaba los vestidos y las faldas cortas porque mis piernas llamaban la atenci\u00f3n. Me daba verg\u00fcenza cuando la gente miraba mis piernas. Ahora no tengo de qu\u00e9 preocuparme. El gel VariGO es el mejor eliminador de venas varicosas. Funcion\u00f3 bien para m\u00ed. Los precios son razonables y el gel no me provoc\u00f3 alergias ni lesiones. Realmente lo disfruto\u201d. <strong>Ricsy Lopez, 38;<\/strong><\/p>\n<p>\u201cCompr\u00e9 el gel VariGO en l\u00ednea con pocas esperanzas porque hay muchos productos falsos que prometen grandes resultados pero no cumplen. VariGO redujo mis venas varicosas, lo que me sorprendi\u00f3. He utilizado al menos diez productos para mi dolencia de segunda etapa. Ninguno de los productos me satisfizo. Pero adoro VariGO. Minimiz\u00f3 mis venas abultadas y mejor\u00f3 mis piernas. Sin el peso, mis piernas se sienten elegantes y atractivas. Es la mejor relaci\u00f3n calidad-precio. Pens\u00e9 que la cirug\u00eda era mi \u00faltimo recurso, pero este gel incre\u00edble funcion\u00f3 m\u00e1s barato y m\u00e1s seguro. Recomiendo VariGO\u201d. <strong>Aileen Mejia, 44;<\/strong><\/p><\/blockquote>\n<h3>Tres pasos para estar saludable y bella de nuevo:<\/h3>\n<ol>\n<li>Aplica una cantidad suficiente del producto en las \u00e1reas problem\u00e1ticas y espera hasta que se absorba por completo. Util\u00edzala diariamente (1-2 veces al d\u00eda).<\/li>\n<li>Para un mejor resultado, aplica la crema a lo largo de las l\u00edneas de masaje.<\/li>\n<li>Duraci\u00f3n recomendada: 28 d\u00edas<\/li>\n<\/ol>\n<h2>Precio de VariGO en Honduras: \u00bfd\u00f3nde comprar?<\/h2>\n<p>El gel VariGO se compra mejor en el sitio web del fabricante. Tiene un precio razonable. Los clientes tambi\u00e9n pueden encontrar grandes ofertas y descuentos. El gel VariGO tiene un descuento de hasta el 50 % durante las promociones.<\/p>\n<p>Realizar pedidos es simple y directo. Los clientes deben completar el formulario de pedido r\u00e1pido y llamar para confirmar su compra. Honduras entrega los pedidos en 7 d\u00edas. Los clientes pueden pagar contra reembolso en el momento de la entrega, lo que hace que el pago sea flexible.<\/p>\n<p>\u00a1Atenci\u00f3n! VariGO se solicita como otros productos digitales. Los clientes completan el formulario de pedido, lo confirman por tel\u00e9fono y esperan la entrega, que puede demorar una semana. El pedido se realiza contra reembolso.<\/p>\n","protected":false},"excerpt":{"rendered":"<h2><span style=\"color: #000000;\">Mejor\u00eda de varices en 28 d\u00edas paso a paso:<\/span><\/h2>\n<ul class=\"block1__list\">\n<li class=\"block1__list__li\"><span style=\"color: #000000;\"><span class=\"greenText\">Deshazte de\u00a0<\/span>los signos y s\u00edntomas visibles de las v\u00e1rices<\/span><\/li>\n<li class=\"block1__list__li\"><span style=\"color: #000000;\"><span class=\"greenText\">Evita\u00a0<\/span>la aparici\u00f3n de v\u00e1rices<\/span><\/li>\n<li class=\"block1__list__li\"><span style=\"color: #000000;\"><span class=\"greentext\">Deshazte de\u00a0<\/span>el dolor y la pesadez en las piernas<\/span><\/li>\n<li class=\"block1__list__li\"><span style=\"color: #000000;\"><span class=\"greenText\">Un producto seguro\u00a0<\/span>y natural<\/span><\/li>\n<\/ul>\n<p><span style=\"font-size: 14pt;\"><b><span style=\"color: #000000;\">Vieja Precio: <span style=\"color: #ff0000;\"><del>1760 HNL<\/del><\/span><\/span><br \/>\n<\/b><\/span><\/p>\n<p><span style=\"color: #000000; font-size: 16pt;\"><b>Nueva <span style=\"color: #000000;\">Precio<\/span>: <span style=\"color: #33cccc;\">880 HNL<\/span><\/b><\/span><\/p>\n","protected":false},"featured_media":114258,"comment_status":"open","ping_status":"closed","template":"","meta":[],"product_brand":[],"product_cat":[447],"product_tag":[],"class_list":{"0":"post-114256","1":"product","2":"type-product","3":"status-publish","4":"has-post-thumbnail","6":"product_cat-salud","8":"first","9":"instock","10":"shipping-taxable","11":"product-type-external"},"yoast_head":"<!-- This site is optimized with the Yoast SEO plugin v27.3 - https:\/\/yoast.com\/product\/yoast-seo-wordpress\/ -->\n<title>VariGO C\u00e1psula Precio en Honduras - Eliminar las venas varicosas!<\/title>\n<meta name=\"description\" content=\"VariGO gel reduce los s\u00edntomas de las varices. El gel contiene potentes hierbas y componentes vegetales para recuperar unas piernas suaves y sanas.\" \/>\n<meta name=\"robots\" content=\"index, follow, max-snippet:-1, max-image-preview:large, max-video-preview:-1\" \/>\n<link rel=\"canonical\" href=\"https:\/\/www.todaykhoe.com\/product\/varigo-gel\/\" \/>\n<meta property=\"og:locale\" content=\"mk_MK\" \/>\n<meta property=\"og:type\" content=\"article\" \/>\n<meta property=\"og:title\" content=\"VariGO C\u00e1psula Precio en Honduras - Eliminar las venas varicosas!\" \/>\n<meta property=\"og:description\" content=\"VariGO gel reduce los s\u00edntomas de las varices. El gel contiene potentes hierbas y componentes vegetales para recuperar unas piernas suaves y sanas.\" \/>\n<meta property=\"og:url\" content=\"https:\/\/www.todaykhoe.com\/product\/varigo-gel\/\" \/>\n<meta property=\"og:site_name\" content=\"TodayKh\u1ecfe.Com\" \/>\n<meta property=\"og:image\" content=\"https:\/\/www.todaykhoe.com\/wp-content\/uploads\/2025\/01\/VariGO.png\" \/>\n\t<meta property=\"og:image:width\" content=\"551\" \/>\n\t<meta property=\"og:image:height\" content=\"358\" \/>\n\t<meta property=\"og:image:type\" content=\"image\/png\" \/>\n<meta name=\"twitter:card\" content=\"summary_large_image\" \/>\n<meta name=\"twitter:label1\" content=\"Est. reading time\" \/>\n\t<meta name=\"twitter:data1\" content=\"5 \u043c\u0438\u043d\u0443\u0442\u0438\" \/>\n<script type=\"application\/ld+json\" class=\"yoast-schema-graph\">{\"@context\":\"https:\\\/\\\/schema.org\",\"@graph\":[{\"@type\":\"WebPage\",\"@id\":\"https:\\\/\\\/www.todaykhoe.com\\\/product\\\/varigo-gel\\\/\",\"url\":\"https:\\\/\\\/www.todaykhoe.com\\\/product\\\/varigo-gel\\\/\",\"name\":\"VariGO C\u00e1psula Precio en Honduras - Eliminar las venas varicosas!\",\"isPartOf\":{\"@id\":\"https:\\\/\\\/www.todaykhoe.com\\\/#website\"},\"primaryImageOfPage\":{\"@id\":\"https:\\\/\\\/www.todaykhoe.com\\\/product\\\/varigo-gel\\\/#primaryimage\"},\"image\":{\"@id\":\"https:\\\/\\\/www.todaykhoe.com\\\/product\\\/varigo-gel\\\/#primaryimage\"},\"thumbnailUrl\":\"https:\\\/\\\/www.todaykhoe.com\\\/wp-content\\\/uploads\\\/2025\\\/01\\\/VariGO.png\",\"datePublished\":\"2025-01-16T13:41:22+00:00\",\"description\":\"VariGO gel reduce los s\u00edntomas de las varices. El gel contiene potentes hierbas y componentes vegetales para recuperar unas piernas suaves y sanas.\",\"breadcrumb\":{\"@id\":\"https:\\\/\\\/www.todaykhoe.com\\\/product\\\/varigo-gel\\\/#breadcrumb\"},\"inLanguage\":\"mk-MK\",\"potentialAction\":[{\"@type\":\"ReadAction\",\"target\":[\"https:\\\/\\\/www.todaykhoe.com\\\/product\\\/varigo-gel\\\/\"]}]},{\"@type\":\"ImageObject\",\"inLanguage\":\"mk-MK\",\"@id\":\"https:\\\/\\\/www.todaykhoe.com\\\/product\\\/varigo-gel\\\/#primaryimage\",\"url\":\"https:\\\/\\\/www.todaykhoe.com\\\/wp-content\\\/uploads\\\/2025\\\/01\\\/VariGO.png\",\"contentUrl\":\"https:\\\/\\\/www.todaykhoe.com\\\/wp-content\\\/uploads\\\/2025\\\/01\\\/VariGO.png\",\"width\":551,\"height\":358,\"caption\":\"VariGO\"},{\"@type\":\"BreadcrumbList\",\"@id\":\"https:\\\/\\\/www.todaykhoe.com\\\/product\\\/varigo-gel\\\/#breadcrumb\",\"itemListElement\":[{\"@type\":\"ListItem\",\"position\":1,\"name\":\"Home\",\"item\":\"https:\\\/\\\/www.todaykhoe.com\\\/\"},{\"@type\":\"ListItem\",\"position\":2,\"name\":\"Shop\",\"item\":\"https:\\\/\\\/www.todaykhoe.com\\\/shop\\\/\"},{\"@type\":\"ListItem\",\"position\":3,\"name\":\"VariGO Gel\"}]},{\"@type\":\"WebSite\",\"@id\":\"https:\\\/\\\/www.todaykhoe.com\\\/#website\",\"url\":\"https:\\\/\\\/www.todaykhoe.com\\\/\",\"name\":\"TodayKh\u1ecfe.Com\",\"description\":\"Healthy Today, Fitness, Nutrition, Beauty, News!\",\"publisher\":{\"@id\":\"https:\\\/\\\/www.todaykhoe.com\\\/#organization\"},\"potentialAction\":[{\"@type\":\"SearchAction\",\"target\":{\"@type\":\"EntryPoint\",\"urlTemplate\":\"https:\\\/\\\/www.todaykhoe.com\\\/?s={search_term_string}\"},\"query-input\":{\"@type\":\"PropertyValueSpecification\",\"valueRequired\":true,\"valueName\":\"search_term_string\"}}],\"inLanguage\":\"mk-MK\"},{\"@type\":\"Organization\",\"@id\":\"https:\\\/\\\/www.todaykhoe.com\\\/#organization\",\"name\":\"TodayKh\u1ecfe.Com\",\"url\":\"https:\\\/\\\/www.todaykhoe.com\\\/\",\"logo\":{\"@type\":\"ImageObject\",\"inLanguage\":\"mk-MK\",\"@id\":\"https:\\\/\\\/www.todaykhoe.com\\\/#\\\/schema\\\/logo\\\/image\\\/\",\"url\":\"https:\\\/\\\/www.todaykhoe.com\\\/wp-content\\\/uploads\\\/2025\\\/04\\\/Todaykhoe.png\",\"contentUrl\":\"https:\\\/\\\/www.todaykhoe.com\\\/wp-content\\\/uploads\\\/2025\\\/04\\\/Todaykhoe.png\",\"width\":706,\"height\":159,\"caption\":\"TodayKh\u1ecfe.Com\"},\"image\":{\"@id\":\"https:\\\/\\\/www.todaykhoe.com\\\/#\\\/schema\\\/logo\\\/image\\\/\"}}]}<\/script>\n<!-- \/ Yoast SEO plugin. -->","yoast_head_json":{"title":"VariGO C\u00e1psula Precio en Honduras - Eliminar las venas varicosas!","description":"VariGO gel reduce los s\u00edntomas de las varices. El gel contiene potentes hierbas y componentes vegetales para recuperar unas piernas suaves y sanas.","robots":{"index":"index","follow":"follow","max-snippet":"max-snippet:-1","max-image-preview":"max-image-preview:large","max-video-preview":"max-video-preview:-1"},"canonical":"https:\/\/www.todaykhoe.com\/product\/varigo-gel\/","og_locale":"mk_MK","og_type":"article","og_title":"VariGO C\u00e1psula Precio en Honduras - Eliminar las venas varicosas!","og_description":"VariGO gel reduce los s\u00edntomas de las varices. El gel contiene potentes hierbas y componentes vegetales para recuperar unas piernas suaves y sanas.","og_url":"https:\/\/www.todaykhoe.com\/product\/varigo-gel\/","og_site_name":"TodayKh\u1ecfe.Com","og_image":[{"width":551,"height":358,"url":"https:\/\/www.todaykhoe.com\/wp-content\/uploads\/2025\/01\/VariGO.png","type":"image\/png"}],"twitter_card":"summary_large_image","twitter_misc":{"Est. reading time":"5 \u043c\u0438\u043d\u0443\u0442\u0438"},"schema":{"@context":"https:\/\/schema.org","@graph":[{"@type":"WebPage","@id":"https:\/\/www.todaykhoe.com\/product\/varigo-gel\/","url":"https:\/\/www.todaykhoe.com\/product\/varigo-gel\/","name":"VariGO C\u00e1psula Precio en Honduras - Eliminar las venas varicosas!","isPartOf":{"@id":"https:\/\/www.todaykhoe.com\/#website"},"primaryImageOfPage":{"@id":"https:\/\/www.todaykhoe.com\/product\/varigo-gel\/#primaryimage"},"image":{"@id":"https:\/\/www.todaykhoe.com\/product\/varigo-gel\/#primaryimage"},"thumbnailUrl":"https:\/\/www.todaykhoe.com\/wp-content\/uploads\/2025\/01\/VariGO.png","datePublished":"2025-01-16T13:41:22+00:00","description":"VariGO gel reduce los s\u00edntomas de las varices. El gel contiene potentes hierbas y componentes vegetales para recuperar unas piernas suaves y sanas.","breadcrumb":{"@id":"https:\/\/www.todaykhoe.com\/product\/varigo-gel\/#breadcrumb"},"inLanguage":"mk-MK","potentialAction":[{"@type":"ReadAction","target":["https:\/\/www.todaykhoe.com\/product\/varigo-gel\/"]}]},{"@type":"ImageObject","inLanguage":"mk-MK","@id":"https:\/\/www.todaykhoe.com\/product\/varigo-gel\/#primaryimage","url":"https:\/\/www.todaykhoe.com\/wp-content\/uploads\/2025\/01\/VariGO.png","contentUrl":"https:\/\/www.todaykhoe.com\/wp-content\/uploads\/2025\/01\/VariGO.png","width":551,"height":358,"caption":"VariGO"},{"@type":"BreadcrumbList","@id":"https:\/\/www.todaykhoe.com\/product\/varigo-gel\/#breadcrumb","itemListElement":[{"@type":"ListItem","position":1,"name":"Home","item":"https:\/\/www.todaykhoe.com\/"},{"@type":"ListItem","position":2,"name":"Shop","item":"https:\/\/www.todaykhoe.com\/shop\/"},{"@type":"ListItem","position":3,"name":"VariGO Gel"}]},{"@type":"WebSite","@id":"https:\/\/www.todaykhoe.com\/#website","url":"https:\/\/www.todaykhoe.com\/","name":"TodayKh\u1ecfe.Com","description":"Healthy Today, Fitness, Nutrition, Beauty, News!","publisher":{"@id":"https:\/\/www.todaykhoe.com\/#organization"},"potentialAction":[{"@type":"SearchAction","target":{"@type":"EntryPoint","urlTemplate":"https:\/\/www.todaykhoe.com\/?s={search_term_string}"},"query-input":{"@type":"PropertyValueSpecification","valueRequired":true,"valueName":"search_term_string"}}],"inLanguage":"mk-MK"},{"@type":"Organization","@id":"https:\/\/www.todaykhoe.com\/#organization","name":"TodayKh\u1ecfe.Com","url":"https:\/\/www.todaykhoe.com\/","logo":{"@type":"ImageObject","inLanguage":"mk-MK","@id":"https:\/\/www.todaykhoe.com\/#\/schema\/logo\/image\/","url":"https:\/\/www.todaykhoe.com\/wp-content\/uploads\/2025\/04\/Todaykhoe.png","contentUrl":"https:\/\/www.todaykhoe.com\/wp-content\/uploads\/2025\/04\/Todaykhoe.png","width":706,"height":159,"caption":"TodayKh\u1ecfe.Com"},"image":{"@id":"https:\/\/www.todaykhoe.com\/#\/schema\/logo\/image\/"}}]}},"_links":{"self":[{"href":"https:\/\/www.todaykhoe.com\/mk\/wp-json\/wp\/v2\/product\/114256","targetHints":{"allow":["GET"]}}],"collection":[{"href":"https:\/\/www.todaykhoe.com\/mk\/wp-json\/wp\/v2\/product"}],"about":[{"href":"https:\/\/www.todaykhoe.com\/mk\/wp-json\/wp\/v2\/types\/product"}],"replies":[{"embeddable":true,"href":"https:\/\/www.todaykhoe.com\/mk\/wp-json\/wp\/v2\/comments?post=114256"}],"wp:featuredmedia":[{"embeddable":true,"href":"https:\/\/www.todaykhoe.com\/mk\/wp-json\/wp\/v2\/media\/114258"}],"wp:attachment":[{"href":"https:\/\/www.todaykhoe.com\/mk\/wp-json\/wp\/v2\/media?parent=114256"}],"wp:term":[{"taxonomy":"product_brand","embeddable":true,"href":"https:\/\/www.todaykhoe.com\/mk\/wp-json\/wp\/v2\/product_brand?post=114256"},{"taxonomy":"product_cat","embeddable":true,"href":"https:\/\/www.todaykhoe.com\/mk\/wp-json\/wp\/v2\/product_cat?post=114256"},{"taxonomy":"product_tag","embeddable":true,"href":"https:\/\/www.todaykhoe.com\/mk\/wp-json\/wp\/v2\/product_tag?post=114256"}],"curies":[{"name":"wp","href":"https:\/\/api.w.org\/{rel}","templated":true}]}}