{"id":113577,"date":"2024-09-05T14:12:32","date_gmt":"2024-09-05T14:12:32","guid":{"rendered":"https:\/\/todaykhoe.com\/?post_type=product&#038;p=113577"},"modified":"2024-09-05T14:12:32","modified_gmt":"2024-09-05T14:12:32","slug":"peoples-keto-gummies","status":"publish","type":"product","link":"https:\/\/www.todaykhoe.com\/mk\/product\/peoples-keto-gummies\/","title":{"rendered":"People&#8217;s KETO Gummies &#8211; SE"},"content":{"rendered":"<p><b>People's KETO Gummies<\/b> Den ketogena dieten har vunnit popularitet p\u00e5 grund av dess f\u00f6rm\u00e5ga att hj\u00e4lpa till med viktminskning, metabol h\u00e4lsa och energi. Enligt den ketogena dieten, en diet med l\u00e5g kolhydrat och h\u00f6g fetthalt, kontrolleras kroppen att g\u00e5 in i ketos och br\u00e4nna fett ist\u00e4llet f\u00f6r kolhydrater. Trots dess m\u00e5nga f\u00f6rdelar \u00e4r den ketogena kosten s\u00e5 restriktiv att m\u00e5nga m\u00e4nniskor k\u00e4mpar f\u00f6r att f\u00f6lja den. I detta skede kan tugggodis bli huvudvariabeln och ge m\u00e5ttligt st\u00f6d.<\/p>\n<p>Det har blivit tydligt att den ketogena kosten kan vara f\u00f6rdelaktig utan kr\u00e5ngel med att f\u00f6lja en strikt m\u00e5ltidsplan. Dessa sega godisar hj\u00e4lper kroppens naturliga ketosprocess och erbjuder ett v\u00e4lsmakande, enkelt s\u00e4tt att h\u00e5lla sig i ketos. P\u00e5 grund av detta anv\u00e4nder fler ekonomiskt fastsp\u00e4nda m\u00e4nniskor sega godis f\u00f6r att g\u00e5 ner i vikt och f\u00f6rb\u00e4ttra sin h\u00e4lsa.<\/p>\n<h4>Kraftfull ny formel utl\u00f6ser fettf\u00f6rbr\u00e4nnande ketos!<\/h4>\n<ul>\n<li>Br\u00e4nn fett f\u00f6r energi, inte kolhydrater<\/li>\n<li>\u00d6ppna upp fettlagren<\/li>\n<li>\u00d6ka din energi p\u00e5 naturligt vis!<\/li>\n<li>\u00c4lska hur du m\u00e5r!<\/li>\n<\/ul>\n<h3><span style=\"color: #000000;\">Kort detalj om <a href=\"https:\/\/todaykhoe.com\/product\/peoples-keto-gummies\/\"><span style=\"text-decoration: underline;\"><span style=\"color: #99cc00; text-decoration: underline;\">PEOPLE'S KETO GUMMIES<\/span><\/span><\/a><\/span><\/h3>\n<table style=\"width: 100%; height: 316px;\">\n<tbody>\n<tr style=\"height: 26px;\">\n<td style=\"height: 26px; width: 41.2%;\">Produkt<\/td>\n<td style=\"height: 26px; width: 58.8%;\">People's KETO Gummies<\/td>\n<\/tr>\n<tr style=\"height: 26px;\">\n<td style=\"height: 26px; width: 41.2%;\">Kundrecensioner<\/td>\n<td style=\"height: 26px; width: 58.8%;\"><span style=\"color: #000000;\"><img loading=\"lazy\" decoding=\"async\" class=\"emoji\" role=\"img\" draggable=\"false\" src=\"https:\/\/s.w.org\/images\/core\/emoji\/14.0.0\/svg\/2b50.svg\" alt=\"\u2b50\ufe0f\" width=\"5\" height=\"5\" \/><img decoding=\"async\" class=\"emoji\" role=\"img\" draggable=\"false\" src=\"https:\/\/s.w.org\/images\/core\/emoji\/14.0.0\/svg\/2b50.svg\" alt=\"\u2b50\ufe0f\" \/><img decoding=\"async\" class=\"emoji\" role=\"img\" draggable=\"false\" src=\"https:\/\/s.w.org\/images\/core\/emoji\/14.0.0\/svg\/2b50.svg\" alt=\"\u2b50\ufe0f\" \/><img decoding=\"async\" class=\"emoji\" role=\"img\" draggable=\"false\" src=\"https:\/\/s.w.org\/images\/core\/emoji\/14.0.0\/svg\/2b50.svg\" alt=\"\u2b50\ufe0f\" \/><img decoding=\"async\" class=\"emoji\" role=\"img\" draggable=\"false\" src=\"https:\/\/s.w.org\/images\/core\/emoji\/14.0.0\/svg\/2b50.svg\" alt=\"\u2b50\ufe0f\" \/><\/span><\/td>\n<\/tr>\n<tr style=\"height: 26px;\">\n<td style=\"height: 26px; width: 41.2%;\">Var kan man k\u00f6pa? Webbplats online<\/td>\n<td style=\"height: 26px; width: 58.8%;\"><span style=\"color: #99cc00;\"><strong><a style=\"color: #99cc00;\" href=\"https:\/\/todaykhoe.com\/ordning-peoples-keto-gummies\"><span style=\"text-decoration: underline;\">\u25b6\ufe0f G\u00e5 efter best\u00e4llning<\/span><\/a><\/strong><\/span><\/td>\n<\/tr>\n<tr style=\"height: 26px;\">\n<td style=\"height: 26px; width: 41.2%;\">Finns p\u00e5 apotek<\/td>\n<td style=\"height: 26px; width: 58.8%;\">Inga<\/td>\n<\/tr>\n<tr style=\"height: 26px;\">\n<td style=\"height: 26px; width: 41.2%;\">\u00c4r det en bluff?<\/td>\n<td style=\"height: 26px; width: 58.8%;\"><span style=\"color: #000000;\"><img decoding=\"async\" class=\"emoji\" role=\"img\" draggable=\"false\" src=\"https:\/\/s.w.org\/images\/core\/emoji\/14.0.0\/svg\/26d4.svg\" alt=\"\u26d4\ufe0f\" \/>Originalprodukten fungerar<\/span><\/td>\n<\/tr>\n<tr style=\"height: 26px;\">\n<td style=\"height: 26px; width: 41.2%;\">Kategori<\/td>\n<td style=\"height: 26px; width: 58.8%;\">Viktminskning<\/td>\n<\/tr>\n<tr style=\"height: 26px;\">\n<td style=\"height: 26px; width: 41.2%;\">Expertutl\u00e5tanden<\/td>\n<td style=\"height: 26px; width: 58.8%;\">Rekommenderad produkt<\/td>\n<\/tr>\n<tr style=\"height: 26px;\">\n<td style=\"height: 26px; width: 41.2%;\">Ingredients<\/td>\n<td style=\"height: 26px; width: 58.8%;\">100 % naturligt<\/td>\n<\/tr>\n<tr style=\"height: 26px;\">\n<td style=\"height: 26px; width: 41.2%;\">L\u00e4tt att anv\u00e4nda?<\/td>\n<td style=\"height: 26px; width: 58.8%;\">Ja, se instruktionerna<\/td>\n<\/tr>\n<tr style=\"height: 26px;\">\n<td style=\"height: 26px; width: 41.2%;\">Biverkningar<\/td>\n<td style=\"height: 26px; width: 58.8%;\"><span style=\"color: #000000;\"><img decoding=\"async\" class=\"emoji\" role=\"img\" draggable=\"false\" src=\"https:\/\/s.w.org\/images\/core\/emoji\/14.0.0\/svg\/274c.svg\" alt=\"\u274c\" \/>Ingen<\/span><\/td>\n<\/tr>\n<tr style=\"height: 28px;\">\n<td style=\"height: 28px; width: 41.2%;\">S\u00e4ljs p\u00e5 Amazon<\/td>\n<td style=\"height: 28px; width: 58.8%;\">Ej tillg\u00e4ngligt<\/td>\n<\/tr>\n<tr style=\"height: 28px;\">\n<td style=\"height: 28px; width: 41.2%;\">Original & Fake<\/td>\n<td style=\"height: 28px; width: 58.8%;\">Ja, Ja, originalgummi<\/td>\n<\/tr>\n<\/tbody>\n<\/table>\n<h2>People's KETO Gummies\u2014vad \u00e4r de?<\/h2>\n<p>De mest effektiva kosttillskotten, People's KETO Gummies, hj\u00e4lper m\u00e4nniskor att anta en ketogen livsstil. Dessa sega godis inneh\u00e5ller betydande m\u00e4ngder ketoner, s\u00e4rskilt beta-hydroxibutyrat (BHB), som \u00e4r avg\u00f6rande f\u00f6r ketos. BHB i sega godis hj\u00e4lper kroppen att komma in och stanna i ketos l\u00e4ngre genom att tillhandah\u00e5lla en extern k\u00e4lla till ketoner.<\/p>\n<h4>Varf\u00f6r \u00c4r People's KETO S\u00e5 Popul\u00e4r Nu?<\/h4>\n<p>En nyligen publicerad studie publicerad av Diabetes, Obesity, and Metabolism Journal fann att People's KETO Gummies st\u00f6ttar f\u00f6rbr\u00e4nningen av fett ist\u00e4llet f\u00f6r kolhydrater mot energi, vilket kraftigt \u00f6kar viktminskning och energiniv\u00e5n. Dessutom uts\u00e5g TV-l\u00e4karen Oz nyligen People's KETO Gummies till den &#8220;heliga gralen&#8221; inom viktminskning av goda sk\u00e4l &#8211; DET FUNGERAR.<\/p>\n<p>Det \u00e4r viktigt att notera att People's KETO Gummies med 100 % BHB (Beta-Hydroxybutyrate) som anv\u00e4ndes i studien var den riktiga varan och att People's KETO Gummies \u00f6vertr\u00e4ffade studiernas produktstyrka hos patentskyddade metoder.<\/p>\n<h3>S\u00e5 Anv\u00e4nder Du People's KETO Gummies F\u00f6r Att F\u00e5 Resultat<\/h3>\n<ul>\n<li><b>Steg 1: OMEDELBAR FETTF\u00d6RBR\u00c4NNING &#8211;<\/b> People's KETO Gummies arbetar f\u00f6r att frig\u00f6ra lagrat fett genom att hj\u00e4lpa din kropp att br\u00e4nna fett ist\u00e4llet f\u00f6r kolhydrater f\u00f6r att f\u00e5 energi. Avancerade ketoner ligger bakom denna mirakelprodukt som hj\u00e4lper dig att g\u00e5 ner upp till 3 kilo under den f\u00f6rsta veckan.<\/li>\n<li><b>Steg 2: P\u00c5SKYNDAD FETTBR\u00c4NNING &#8211;<\/b> Under den f\u00f6rsta anv\u00e4ndningsm\u00e5naden producerar People's KETO Gummies med BHB en \u00f6kad fettf\u00f6rbr\u00e4nning, vilket resulterar i en f\u00f6rv\u00e4ntad viktminskning p\u00e5 upp till 7 kg. Du kommer att m\u00e4rka en drastisk f\u00f6r\u00e4ndring p\u00e5 mycket kort tid!<\/li>\n<li><b>Steg 3: F\u00d6RVANDLA DIN KROPP &#8211;<\/b> Med dina viktminskningsm\u00e5l uppn\u00e5dda, forts\u00e4tt att ta People's KETO Gummies i 3-5 m\u00e5nader f\u00f6r att stabilisera din aptit, samt f\u00f6r att underh\u00e5lla och f\u00f6rvandla din nya, smala kropp.<\/li>\n<\/ul>\n<h3>Vetenskapen Bakom Ketos (People's KETO Gummies)<\/h3>\n<p>I ketogenesen b\u00f6rjar levern bryta ner fett som en anv\u00e4ndbar energik\u00e4lla ist\u00e4llet f\u00f6r kolhydrater. Ketoner eller ketonkroppar produceras som en alternativ energik\u00e4lla till glukos. N\u00e4r ketogenesen b\u00f6rjar och ketonniv\u00e5erna \u00f6kar befinner sig kroppen i ketostillst\u00e5nd.<\/p>\n<ul>\n<li>Inget mer lagrat fett: I och med den enorma m\u00e4ngd kolhydrater vi har i v\u00e5ra livsmedel \u00e4r v\u00e5ra kroppar just nu uppl\u00e4rda att f\u00f6rbr\u00e4nna kolhydrater f\u00f6r att f\u00e5 energi ist\u00e4llet f\u00f6r att br\u00e4nna fett. Kolydrater det \u00e4r en l\u00e4ttare energik\u00e4lla f\u00f6r kroppen att anv\u00e4nda upp.<\/li>\n<li>Fett \u2013 den nya energin: ketos \u00e4r det tillst\u00e5nd d\u00e4r din kropp faktiskt br\u00e4nner fett ist\u00e4llet f\u00f6r kolhydrater f\u00f6r att f\u00e5 energi. Ketos \u00e4r extremt sv\u00e5rt att uppn\u00e5 p\u00e5 egen hand och tar veckor att \u00e5stadkomma. People's KETO Gummies hj\u00e4lper din kropp att uppn\u00e5 ketos snabbt och hj\u00e4lper dig att br\u00e4nna fett ist\u00e4llet f\u00f6r kolhydrater f\u00f6r att f\u00e5 energi!<\/li>\n<li>Fler h\u00e4lsof\u00f6rdelar: People's KETO Gummies BHB b\u00f6rjar arbeta n\u00e4stan omedelbart f\u00f6r att st\u00f6tta ketos i kroppen genom att br\u00e4nna fett f\u00f6r energi. Fett \u00c4R kroppens optimala energik\u00e4lla och n\u00e4r du befinner dig i ketos upplever du energi och mental klarhet som aldrig f\u00f6rr, och s\u00e5klart en v\u00e4ldigt snabb viktminskning.<\/li>\n<\/ul>\n<h3>\u00c4rligt talat, hur fungerar People's KETO Gummies?<\/h3>\n<p>Tuggiga godisar \u00e4r popul\u00e4ra eftersom de h\u00f6jer ketonniv\u00e5erna i blodet, vilket startar ketos. Ketos uppst\u00e5r n\u00e4r kroppen byter fr\u00e5n glukos till fett som sin huvudsakliga kolhydratk\u00e4lla. N\u00e4r st\u00e4rkelse binds bryter kroppen ner fetter till ketoner, en kraftfull energik\u00e4lla. Fettsm\u00e4ltning producerar ketoner. Exogena BHB-ketoner fr\u00e5n dessa sega godisar hj\u00e4lper kroppen att komma in i ketos snabbare. Detta \u00e4r en liten andel av n\u00e5got st\u00f6rre.<\/p>\n<h2>Var kan jag k\u00f6pa People's KETO Gummies?<\/h2>\n<p>People's KETO Gummies k\u00f6ps b\u00e4st fr\u00e5n power-webbplatsen. N\u00e4r du k\u00f6per fr\u00e5n kraftsidan vet du att du f\u00e5r en bra produkt och kommer n\u00e4rmare alla specialerbjudanden eller uppgraderingar.<\/p>\n<p>N\u00e4r du k\u00f6per fr\u00e5n power-webbplatsen kan du komma \u00f6verens om och bekr\u00e4fta att du har att g\u00f6ra med tillverkaren. Detta kan leda till f\u00f6rfalskade eller otillr\u00e4ckliga varor fr\u00e5n oreglerade och ober\u00f6rbara leverant\u00f6rer.<\/p>\n<p>F\u00f6r att k\u00f6pa, bes\u00f6k People's KETO Gummies.com. Du kan bl\u00e4ddra bland alternativen, v\u00e4lja r\u00e4tt belopp och sedan slutf\u00f6ra transaktionen. Power-sajten guidar dig genom strukturen och ger viktig information som leveransadress och detaljinformation.<\/p>\n","protected":false},"excerpt":{"rendered":"<h2><a href=\"https:\/\/todaykhoe.com\/ordning-peoples-keto-gummies\"><img loading=\"lazy\" decoding=\"async\" class=\"aligncenter size-full wp-image-113618\" src=\"https:\/\/todaykhoe.com\/wp-content\/uploads\/2024\/09\/Peoples-KETO-Gummies-Bestalla.png\" alt=\"People's KETO Gummies Best\u00e4lla\" width=\"700\" height=\"556\" srcset=\"https:\/\/www.todaykhoe.com\/wp-content\/uploads\/2024\/09\/Peoples-KETO-Gummies-Bestalla.png 700w, https:\/\/www.todaykhoe.com\/wp-content\/uploads\/2024\/09\/Peoples-KETO-Gummies-Bestalla-600x477.png 600w, https:\/\/www.todaykhoe.com\/wp-content\/uploads\/2024\/09\/Peoples-KETO-Gummies-Bestalla-300x238.png 300w\" sizes=\"auto, (max-width: 700px) 100vw, 700px\" \/><\/a><\/h2>\n","protected":false},"featured_media":113580,"comment_status":"open","ping_status":"closed","template":"","meta":[],"product_brand":[],"product_cat":[449],"product_tag":[],"class_list":{"0":"post-113577","1":"product","2":"type-product","3":"status-publish","4":"has-post-thumbnail","6":"product_cat-viktminskning","8":"first","9":"instock","10":"shipping-taxable","11":"product-type-external"},"yoast_head":"<!-- This site is optimized with the Yoast SEO plugin v27.3 - https:\/\/yoast.com\/product\/yoast-seo-wordpress\/ -->\n<title>People&#039;s KETO Gummies - gummier f\u00f6r viktminskning (Sweden)<\/title>\n<meta name=\"description\" content=\"People&#039;s KETO Gummies \u00e4r v\u00e4lsmakande och effektiva ketosinducerare. Skr\u00e4ddarsydda ketosis gummies \u00f6kar energi och viktminskning. People&#039;s KETO Gummies Sweden\" \/>\n<meta name=\"robots\" content=\"index, follow, max-snippet:-1, max-image-preview:large, max-video-preview:-1\" \/>\n<link rel=\"canonical\" href=\"https:\/\/www.todaykhoe.com\/mk\/product\/peoples-keto-gummies\/\" \/>\n<meta property=\"og:locale\" content=\"mk_MK\" \/>\n<meta property=\"og:type\" content=\"article\" \/>\n<meta property=\"og:title\" content=\"People&#039;s KETO Gummies - gummier f\u00f6r viktminskning (Sweden)\" \/>\n<meta property=\"og:description\" content=\"People&#039;s KETO Gummies \u00e4r v\u00e4lsmakande och effektiva ketosinducerare. Skr\u00e4ddarsydda ketosis gummies \u00f6kar energi och viktminskning. People&#039;s KETO Gummies Sweden\" \/>\n<meta property=\"og:url\" content=\"https:\/\/www.todaykhoe.com\/mk\/product\/peoples-keto-gummies\/\" \/>\n<meta property=\"og:site_name\" content=\"TodayKh\u1ecfe.Com\" \/>\n<meta property=\"og:image\" content=\"https:\/\/www.todaykhoe.com\/wp-content\/uploads\/2024\/09\/Peoples-KETO-Gummies.png\" \/>\n\t<meta property=\"og:image:width\" content=\"268\" \/>\n\t<meta property=\"og:image:height\" content=\"382\" \/>\n\t<meta property=\"og:image:type\" content=\"image\/png\" \/>\n<meta name=\"twitter:card\" content=\"summary_large_image\" \/>\n<meta name=\"twitter:label1\" content=\"Est. reading time\" \/>\n\t<meta name=\"twitter:data1\" content=\"5 \u043c\u0438\u043d\u0443\u0442\u0438\" \/>\n<script type=\"application\/ld+json\" class=\"yoast-schema-graph\">{\"@context\":\"https:\\\/\\\/schema.org\",\"@graph\":[{\"@type\":\"WebPage\",\"@id\":\"https:\\\/\\\/www.todaykhoe.com\\\/mk\\\/product\\\/peoples-keto-gummies\\\/\",\"url\":\"https:\\\/\\\/www.todaykhoe.com\\\/mk\\\/product\\\/peoples-keto-gummies\\\/\",\"name\":\"People's KETO Gummies - gummier f\u00f6r viktminskning (Sweden)\",\"isPartOf\":{\"@id\":\"https:\\\/\\\/www.todaykhoe.com\\\/#website\"},\"primaryImageOfPage\":{\"@id\":\"https:\\\/\\\/www.todaykhoe.com\\\/mk\\\/product\\\/peoples-keto-gummies\\\/#primaryimage\"},\"image\":{\"@id\":\"https:\\\/\\\/www.todaykhoe.com\\\/mk\\\/product\\\/peoples-keto-gummies\\\/#primaryimage\"},\"thumbnailUrl\":\"https:\\\/\\\/www.todaykhoe.com\\\/wp-content\\\/uploads\\\/2024\\\/09\\\/Peoples-KETO-Gummies.png\",\"datePublished\":\"2024-09-05T14:12:32+00:00\",\"description\":\"People's KETO Gummies \u00e4r v\u00e4lsmakande och effektiva ketosinducerare. Skr\u00e4ddarsydda ketosis gummies \u00f6kar energi och viktminskning. People's KETO Gummies Sweden\",\"breadcrumb\":{\"@id\":\"https:\\\/\\\/www.todaykhoe.com\\\/mk\\\/product\\\/peoples-keto-gummies\\\/#breadcrumb\"},\"inLanguage\":\"mk-MK\",\"potentialAction\":[{\"@type\":\"ReadAction\",\"target\":[\"https:\\\/\\\/www.todaykhoe.com\\\/mk\\\/product\\\/peoples-keto-gummies\\\/\"]}]},{\"@type\":\"ImageObject\",\"inLanguage\":\"mk-MK\",\"@id\":\"https:\\\/\\\/www.todaykhoe.com\\\/mk\\\/product\\\/peoples-keto-gummies\\\/#primaryimage\",\"url\":\"https:\\\/\\\/www.todaykhoe.com\\\/wp-content\\\/uploads\\\/2024\\\/09\\\/Peoples-KETO-Gummies.png\",\"contentUrl\":\"https:\\\/\\\/www.todaykhoe.com\\\/wp-content\\\/uploads\\\/2024\\\/09\\\/Peoples-KETO-Gummies.png\",\"width\":268,\"height\":382,\"caption\":\"People's KETO Gummies\"},{\"@type\":\"BreadcrumbList\",\"@id\":\"https:\\\/\\\/www.todaykhoe.com\\\/mk\\\/product\\\/peoples-keto-gummies\\\/#breadcrumb\",\"itemListElement\":[{\"@type\":\"ListItem\",\"position\":1,\"name\":\"Home\",\"item\":\"https:\\\/\\\/www.todaykhoe.com\\\/\"},{\"@type\":\"ListItem\",\"position\":2,\"name\":\"Shop\",\"item\":\"https:\\\/\\\/www.todaykhoe.com\\\/shop\\\/\"},{\"@type\":\"ListItem\",\"position\":3,\"name\":\"People&#8217;s KETO Gummies &#8211; SE\"}]},{\"@type\":\"WebSite\",\"@id\":\"https:\\\/\\\/www.todaykhoe.com\\\/#website\",\"url\":\"https:\\\/\\\/www.todaykhoe.com\\\/\",\"name\":\"TodayKh\u1ecfe.Com\",\"description\":\"Healthy Today, Fitness, Nutrition, Beauty, News!\",\"publisher\":{\"@id\":\"https:\\\/\\\/www.todaykhoe.com\\\/#organization\"},\"potentialAction\":[{\"@type\":\"SearchAction\",\"target\":{\"@type\":\"EntryPoint\",\"urlTemplate\":\"https:\\\/\\\/www.todaykhoe.com\\\/?s={search_term_string}\"},\"query-input\":{\"@type\":\"PropertyValueSpecification\",\"valueRequired\":true,\"valueName\":\"search_term_string\"}}],\"inLanguage\":\"mk-MK\"},{\"@type\":\"Organization\",\"@id\":\"https:\\\/\\\/www.todaykhoe.com\\\/#organization\",\"name\":\"TodayKh\u1ecfe.Com\",\"url\":\"https:\\\/\\\/www.todaykhoe.com\\\/\",\"logo\":{\"@type\":\"ImageObject\",\"inLanguage\":\"mk-MK\",\"@id\":\"https:\\\/\\\/www.todaykhoe.com\\\/#\\\/schema\\\/logo\\\/image\\\/\",\"url\":\"https:\\\/\\\/www.todaykhoe.com\\\/wp-content\\\/uploads\\\/2025\\\/04\\\/Todaykhoe.png\",\"contentUrl\":\"https:\\\/\\\/www.todaykhoe.com\\\/wp-content\\\/uploads\\\/2025\\\/04\\\/Todaykhoe.png\",\"width\":706,\"height\":159,\"caption\":\"TodayKh\u1ecfe.Com\"},\"image\":{\"@id\":\"https:\\\/\\\/www.todaykhoe.com\\\/#\\\/schema\\\/logo\\\/image\\\/\"}}]}<\/script>\n<!-- \/ Yoast SEO plugin. -->","yoast_head_json":{"title":"People's KETO Gummies - gummier f\u00f6r viktminskning (Sweden)","description":"People's KETO Gummies \u00e4r v\u00e4lsmakande och effektiva ketosinducerare. Skr\u00e4ddarsydda ketosis gummies \u00f6kar energi och viktminskning. People's KETO Gummies Sweden","robots":{"index":"index","follow":"follow","max-snippet":"max-snippet:-1","max-image-preview":"max-image-preview:large","max-video-preview":"max-video-preview:-1"},"canonical":"https:\/\/www.todaykhoe.com\/mk\/product\/peoples-keto-gummies\/","og_locale":"mk_MK","og_type":"article","og_title":"People's KETO Gummies - gummier f\u00f6r viktminskning (Sweden)","og_description":"People's KETO Gummies \u00e4r v\u00e4lsmakande och effektiva ketosinducerare. Skr\u00e4ddarsydda ketosis gummies \u00f6kar energi och viktminskning. People's KETO Gummies Sweden","og_url":"https:\/\/www.todaykhoe.com\/mk\/product\/peoples-keto-gummies\/","og_site_name":"TodayKh\u1ecfe.Com","og_image":[{"width":268,"height":382,"url":"https:\/\/www.todaykhoe.com\/wp-content\/uploads\/2024\/09\/Peoples-KETO-Gummies.png","type":"image\/png"}],"twitter_card":"summary_large_image","twitter_misc":{"Est. reading time":"5 \u043c\u0438\u043d\u0443\u0442\u0438"},"schema":{"@context":"https:\/\/schema.org","@graph":[{"@type":"WebPage","@id":"https:\/\/www.todaykhoe.com\/mk\/product\/peoples-keto-gummies\/","url":"https:\/\/www.todaykhoe.com\/mk\/product\/peoples-keto-gummies\/","name":"People's KETO Gummies - gummier f\u00f6r viktminskning (Sweden)","isPartOf":{"@id":"https:\/\/www.todaykhoe.com\/#website"},"primaryImageOfPage":{"@id":"https:\/\/www.todaykhoe.com\/mk\/product\/peoples-keto-gummies\/#primaryimage"},"image":{"@id":"https:\/\/www.todaykhoe.com\/mk\/product\/peoples-keto-gummies\/#primaryimage"},"thumbnailUrl":"https:\/\/www.todaykhoe.com\/wp-content\/uploads\/2024\/09\/Peoples-KETO-Gummies.png","datePublished":"2024-09-05T14:12:32+00:00","description":"People's KETO Gummies \u00e4r v\u00e4lsmakande och effektiva ketosinducerare. Skr\u00e4ddarsydda ketosis gummies \u00f6kar energi och viktminskning. People's KETO Gummies Sweden","breadcrumb":{"@id":"https:\/\/www.todaykhoe.com\/mk\/product\/peoples-keto-gummies\/#breadcrumb"},"inLanguage":"mk-MK","potentialAction":[{"@type":"ReadAction","target":["https:\/\/www.todaykhoe.com\/mk\/product\/peoples-keto-gummies\/"]}]},{"@type":"ImageObject","inLanguage":"mk-MK","@id":"https:\/\/www.todaykhoe.com\/mk\/product\/peoples-keto-gummies\/#primaryimage","url":"https:\/\/www.todaykhoe.com\/wp-content\/uploads\/2024\/09\/Peoples-KETO-Gummies.png","contentUrl":"https:\/\/www.todaykhoe.com\/wp-content\/uploads\/2024\/09\/Peoples-KETO-Gummies.png","width":268,"height":382,"caption":"People's KETO Gummies"},{"@type":"BreadcrumbList","@id":"https:\/\/www.todaykhoe.com\/mk\/product\/peoples-keto-gummies\/#breadcrumb","itemListElement":[{"@type":"ListItem","position":1,"name":"Home","item":"https:\/\/www.todaykhoe.com\/"},{"@type":"ListItem","position":2,"name":"Shop","item":"https:\/\/www.todaykhoe.com\/shop\/"},{"@type":"ListItem","position":3,"name":"People&#8217;s KETO Gummies &#8211; SE"}]},{"@type":"WebSite","@id":"https:\/\/www.todaykhoe.com\/#website","url":"https:\/\/www.todaykhoe.com\/","name":"TodayKh\u1ecfe.Com","description":"Healthy Today, Fitness, Nutrition, Beauty, News!","publisher":{"@id":"https:\/\/www.todaykhoe.com\/#organization"},"potentialAction":[{"@type":"SearchAction","target":{"@type":"EntryPoint","urlTemplate":"https:\/\/www.todaykhoe.com\/?s={search_term_string}"},"query-input":{"@type":"PropertyValueSpecification","valueRequired":true,"valueName":"search_term_string"}}],"inLanguage":"mk-MK"},{"@type":"Organization","@id":"https:\/\/www.todaykhoe.com\/#organization","name":"TodayKh\u1ecfe.Com","url":"https:\/\/www.todaykhoe.com\/","logo":{"@type":"ImageObject","inLanguage":"mk-MK","@id":"https:\/\/www.todaykhoe.com\/#\/schema\/logo\/image\/","url":"https:\/\/www.todaykhoe.com\/wp-content\/uploads\/2025\/04\/Todaykhoe.png","contentUrl":"https:\/\/www.todaykhoe.com\/wp-content\/uploads\/2025\/04\/Todaykhoe.png","width":706,"height":159,"caption":"TodayKh\u1ecfe.Com"},"image":{"@id":"https:\/\/www.todaykhoe.com\/#\/schema\/logo\/image\/"}}]}},"_links":{"self":[{"href":"https:\/\/www.todaykhoe.com\/mk\/wp-json\/wp\/v2\/product\/113577","targetHints":{"allow":["GET"]}}],"collection":[{"href":"https:\/\/www.todaykhoe.com\/mk\/wp-json\/wp\/v2\/product"}],"about":[{"href":"https:\/\/www.todaykhoe.com\/mk\/wp-json\/wp\/v2\/types\/product"}],"replies":[{"embeddable":true,"href":"https:\/\/www.todaykhoe.com\/mk\/wp-json\/wp\/v2\/comments?post=113577"}],"wp:featuredmedia":[{"embeddable":true,"href":"https:\/\/www.todaykhoe.com\/mk\/wp-json\/wp\/v2\/media\/113580"}],"wp:attachment":[{"href":"https:\/\/www.todaykhoe.com\/mk\/wp-json\/wp\/v2\/media?parent=113577"}],"wp:term":[{"taxonomy":"product_brand","embeddable":true,"href":"https:\/\/www.todaykhoe.com\/mk\/wp-json\/wp\/v2\/product_brand?post=113577"},{"taxonomy":"product_cat","embeddable":true,"href":"https:\/\/www.todaykhoe.com\/mk\/wp-json\/wp\/v2\/product_cat?post=113577"},{"taxonomy":"product_tag","embeddable":true,"href":"https:\/\/www.todaykhoe.com\/mk\/wp-json\/wp\/v2\/product_tag?post=113577"}],"curies":[{"name":"wp","href":"https:\/\/api.w.org\/{rel}","templated":true}]}}