{"id":113343,"date":"2024-08-19T13:58:16","date_gmt":"2024-08-19T13:58:16","guid":{"rendered":"https:\/\/todaykhoe.com\/?post_type=product&#038;p=113343"},"modified":"2024-08-20T09:32:46","modified_gmt":"2024-08-20T09:32:46","slug":"cardestat-capsula","status":"publish","type":"product","link":"https:\/\/www.todaykhoe.com\/mk\/product\/cardestat-capsula\/","title":{"rendered":"Cardestat C\u00e1psula"},"content":{"rendered":"<p><a href=\"https:\/\/todaykhoe.com\/es\/product\/cardestat-capsula\/\"><b>Cardestat<\/b><\/a> es una marca de c\u00e1psulas que se utilizan para reducir r\u00e1pidamente los altibajos de la presi\u00f3n arterial, el colesterol y la insulina. Los suplementos naturales fortalecen los vasos sangu\u00edneos y restauran la circulaci\u00f3n sangu\u00ednea adecuada en todo el cuerpo. Aumentan la elasticidad de las paredes de las venas y eliminan las placas arteriales. En Bolivia, m\u00e1s de hombres y mujeres con diabetes e hipertensi\u00f3n consumen la sustancia de forma regular. Si va al sitio web oficial y aprovecha el atractivo precio, puede obtener su copia. Cardestat tonifica el cuerpo al instante, seg\u00fan las evaluaciones y los testimonios del foro. No existen contraindicaciones previstas.<\/p>\n<p>La cura para la hipertensi\u00f3n fue creada por cardi\u00f3logos expertos. Se aseguraron de elaborar Cardestat de una manera que lo convirtiera en un tratamiento confiable para normalizar el colesterol y la presi\u00f3n arterial. La composici\u00f3n ayuda al cuerpo a crear la enzima convertidora de angiotensina, que ayuda a abordar estos problemas de salud. Para ello, se utilizan sustancias herbales simples. Las pruebas cl\u00ednicas han confirmado que las c\u00e1psulas son 91% seguras y efectivas. Est\u00e1n disponibles para su compra sin receta. Cardestat facilita la s\u00edntesis adecuada de insulina y mejora los procesos metab\u00f3licos.<\/p>\n<p>La presi\u00f3n arterial alta es un problema com\u00fan que afecta a m\u00e1s del 70% de las personas. De hecho, estos s\u00edntomas no deber\u00edan ocurrir si el sistema cardiovascular funciona normalmente. Si tiene un problema de este tipo, debe tomar pastillas para disminuir la presi\u00f3n arterial. Las c\u00e1psulas para la hipertensi\u00f3n Cardest\u00e1t pueden mejorar el funcionamiento del sistema cardiovascular, mejorar la salud y brindar protecci\u00f3n contra complicaciones graves. Las c\u00e1psulas para el coraz\u00f3n ayudan a estabilizar r\u00e1pidamente la presi\u00f3n arterial y mejora s\u00edntomas como dolores de cabeza y mareos asociados con la hipertensi\u00f3n. Cardest\u00e1t le permite mejorar el sistema cardiovascular, disminuye el desarrollo de enfermedades graves como ataques card\u00edacos y accidentes cerebrovasculares. Cardest\u00e1t act\u00faa de forma integral,disminuye las causas y no s\u00f3lo los s\u00edntomas, ayudando a mejorar la salud durante muchos a\u00f1os. El complejo vitam\u00ednico contiene \u00fanicamente microelementos y extractos naturales.<\/p>\n<h4>S\u00edntomas De Hipertensi\u00f3n Arterial<\/h4>\n<ul>\n<li>Disminuci\u00f3n del rendimiento<\/li>\n<li>Irritabilidad<\/li>\n<li>Dolor de cabeza<\/li>\n<li>Problemas para dormir<\/li>\n<li>Latido del coraz\u00f3n acelerados<\/li>\n<li>Trastornos de la memoria<\/li>\n<li>Mareo<\/li>\n<li>Ansiedad<\/li>\n<li>Fatiga constante<\/li>\n<\/ul>\n<h2>\u00bfQu\u00e9 es Cardestat y cu\u00e1l es su prop\u00f3sito?<\/h2>\n<p>Cardestat es una marca de c\u00e1psulas totalmente naturales que se utilizan para normalizar r\u00e1pidamente el colesterol y la presi\u00f3n arterial. Las personas con diabetes tipo 2 e hipertensi\u00f3n cr\u00f3nica tambi\u00e9n pueden beneficiarse de las tabletas envueltas. Garantizan que las arterias se mantengan libres de placa y mantienen el equilibrio adecuado del flujo sangu\u00edneo en todo el cuerpo. Puede lograr lo mismo haciendo un pedido en el sitio web oficial del producto a un precio competitivo. Lo dise\u00f1aron de una manera que hace de Cardestat uno de los tratamientos naturales m\u00e1s confiables para los problemas card\u00edacos.<\/p>\n<p>La mayor\u00eda de los clientes est\u00e1n satisfechos con los servicios de Cardestat y no tienen quejas. Las pruebas cl\u00ednicas han demostrado que las c\u00e1psulas tienen un 91% de efectividad para mejorar la producci\u00f3n de enzima convertidora de angiotensina en el cuerpo. Los suplementos org\u00e1nicos tonifican su cuerpo y mantienen la producci\u00f3n adecuada de glucosa. Comenzar\u00e1 a notar que sus capacidades mentales y f\u00edsicas han aumentado. Cardestat es un medicamento \u00fatil para controlar los s\u00edntomas de la hipertensi\u00f3n y garantizar niveles normales de presi\u00f3n arterial.<\/p>\n<p class=\"article-text\">Adem\u00e1s, la mayor\u00eda de los especialistas modernos colaboran con las farmacias y se benefician de la venta de suplementos que no funcionan. \u00a1La gente gasta enormes cantidades de dinero en suplementos que no s\u00f3lo no funcionan sino que tambi\u00e9n da\u00f1an el cuerpo!<\/p>\n<h3>Cardest\u00e1t te brinda una defensa fiable contra la hipertensi\u00f3n<\/h3>\n<ul>\n<li>Purifica los vasos sangu\u00edneos<\/li>\n<li>Reduce la debilidad y el dolor de cabeza.<\/li>\n<li>Aumenta la fuerza de los m\u00fasculos del coraz\u00f3n.<\/li>\n<li>Nutre con vitaminas y oligoelementos<\/li>\n<li>Protege el coraz\u00f3n y disminuye el riesgo del infarto de miocardio<\/li>\n<li>Ayuda a normalizar la presi\u00f3n arterial.<\/li>\n<li>Reduce la formaci\u00f3n de dep\u00f3sitos en las arterias coronarias<\/li>\n<li>Controla los niveles de colesterol<\/li>\n<\/ul>\n<h3>Cardestat: Rese\u00f1as y comentarios en foros<\/h3>\n<p>Para obtener m\u00e1s informaci\u00f3n sobre la calidad de estas p\u00edldoras, simplemente busque en los foros rese\u00f1as o testimonios desfavorables sobre Cardestat. La mayor\u00eda de los pacientes informan que el tratamiento les permite llevar una vida normal. Reduce r\u00e1pidamente los picos de insulina y las oscilaciones de la presi\u00f3n arterial cuando se consume con regularidad. Seg\u00fan algunas de las im\u00e1genes de antes y despu\u00e9s en los comentarios, tambi\u00e9n reduce los deseos de comer y ayuda a perder peso. Los cardi\u00f3logos profesionales tambi\u00e9n creen que Cardestat es un suplemento diet\u00e9tico beneficioso para los pacientes hipertensos.<\/p>\n<p><b>Rese\u00f1as:<\/b><\/p>\n<blockquote><p>&#8220;Cardestat me convirti\u00f3 en una persona m\u00e1s completa y saludable&#8221;. Sol\u00eda \u200b\u200btener hipertensi\u00f3n cr\u00f3nica provocada por el estr\u00e9s de mi trabajo y mi familia. Mi patr\u00f3n de alimentaci\u00f3n volvi\u00f3 a la normalidad, mi nerviosismo tenso disminuy\u00f3 y me sent\u00ed tonificado durante el d\u00eda despu\u00e9s de comenzar el tratamiento. Al comprar el producto en el sitio web oficial a un precio muy competitivo, tambi\u00e9n puede lograr el mismo objetivo. Althea Reyes, 32 a\u00f1os de Manila;<\/p>\n<p>Estas p\u00edldoras hacen maravillas para reducir el colesterol, la presi\u00f3n arterial y los niveles de glucosa. Cardestat reduce el estr\u00e9s y restaura el flujo sangu\u00edneo normal. Su rendimiento f\u00edsico y mental se mejoran gracias a su composici\u00f3n, que es org\u00e1nica. Dakila Ramos, 40 a\u00f1os, ciudad de Davao;<\/p>\n<p>Este tratamiento mejorar\u00e1 su salud y tranquilidad, al mismo tiempo que reducir\u00e1 r\u00e1pidamente sus antojos de comer. Desde que comenc\u00e9 a tomar los medicamentos, mi coraz\u00f3n no se ha acelerado. \u00a1Aseg\u00farese de que se olviden de lo que es la hipertensi\u00f3n ahora mismo! 45 Agapito;<\/p><\/blockquote>\n<h4>\u00bfC\u00f3mo Pedir Cardest\u00e1t?<\/h4>\n<ul>\n<li>Rellene el formulario de pedido. Ingrese su nombre y n\u00famero de tel\u00e9fono.<\/li>\n<li>Espera la llamada. Nuestro operador aclarar\u00e1 los detalles del pedido y responder\u00e1 a sus preguntas.<\/li>\n<li>Paga el pedido.<\/li>\n<li>Tome Cardest\u00e1t de acuerdo con las instrucciones.<\/li>\n<\/ul>\n<h2>Costo de Cardestat en Bolivia: \u00bfD\u00f3nde puedo conseguir uno?<\/h2>\n<p>Visite el sitio web oficial del producto ahora mismo para averiguar d\u00f3nde puede comprar Cardestat en Bolivia a un costo razonable. El sitio web ofrece un m\u00e9todo simple y seguro para obtener una copia del tratamiento original para el nivel elevado de az\u00facar en sangre y la hipertensi\u00f3n. No est\u00e1 permitido distribuirlo en ninguna otra tienda. Hay ahorros considerables en los precios de Cardestat.<\/p>\n<p>Actualmente puede obtener una reducci\u00f3n del precio de Cardestat del -50% si act\u00faa r\u00e1pidamente. Complete el formulario de pedido en el sitio web. Poco despu\u00e9s, recibir\u00e1 una llamada; t\u00f3mese el tiempo para confirmar su direcci\u00f3n de entrega preferida. El paquete se entregar\u00e1 de forma encubierta en unos d\u00edas laborables.<\/p>\n<p>\u00a1Toma nota! Las c\u00e1psulas de Cardestat se piden mediante el procedimiento habitual para productos digitales con el fin de mantener valores adecuados de presi\u00f3n arterial y colesterol. Los clientes completan el formulario de pedido, verifican la informaci\u00f3n por tel\u00e9fono y luego esperan (hasta una semana) la entrega. El pago del pedido se realiza contra reembolso.<\/p>\n","protected":false},"excerpt":{"rendered":"<h2><span style=\"color: #000000;\">Consecuencias de la hipertensi\u00f3n<\/span><\/h2>\n<ul>\n<li><span style=\"color: #000000;\">P\u00e9rdida de la visi\u00f3n<\/span><\/li>\n<li><span style=\"color: #000000;\">Enfermedad\/ insuficiencia renal<\/span><\/li>\n<li><span style=\"color: #000000;\">Insuficiencia cardiaca<\/span><\/li>\n<li><span style=\"color: #000000;\">Infarto de miocardio<\/span><\/li>\n<\/ul>\n<p><span style=\"color: #000000;\"><strong><span style=\"font-size: 14pt;\">Vieja Precio: <del><span style=\"color: #ff0000;\">798 BOB<\/span><\/del><\/span><\/strong><\/span><\/p>\n<p><span style=\"color: #000000;\"><strong><span style=\"font-size: 14pt;\">Nueva Precio: <span style=\"color: #33cccc;\">399 BOB<\/span><\/span><\/strong><\/span><\/p>\n","protected":false},"featured_media":113344,"comment_status":"open","ping_status":"closed","template":"","meta":[],"product_brand":[],"product_cat":[447],"product_tag":[],"class_list":{"0":"post-113343","1":"product","2":"type-product","3":"status-publish","4":"has-post-thumbnail","6":"product_cat-salud","8":"first","9":"instock","10":"shipping-taxable","11":"product-type-external"},"yoast_head":"<!-- This site is optimized with the Yoast SEO plugin v27.3 - https:\/\/yoast.com\/product\/yoast-seo-wordpress\/ -->\n<title>Cardestat C\u00e1psula - Controlar el nivel de hipertensi\u00f3n (Bolivia)<\/title>\n<meta name=\"description\" content=\"Cardsat es una c\u00e1psula para reducir r\u00e1pidamente la presi\u00f3n arterial, el colesterol y los cambios bruscos de insulina. Cardsat C\u00e1psula Precio en Bolivia\" \/>\n<meta name=\"robots\" content=\"index, follow, max-snippet:-1, max-image-preview:large, max-video-preview:-1\" \/>\n<link rel=\"canonical\" href=\"https:\/\/www.todaykhoe.com\/product\/cardestat-capsula\/\" \/>\n<meta property=\"og:locale\" content=\"mk_MK\" \/>\n<meta property=\"og:type\" content=\"article\" \/>\n<meta property=\"og:title\" content=\"Cardestat C\u00e1psula - Controlar el nivel de hipertensi\u00f3n (Bolivia)\" \/>\n<meta property=\"og:description\" content=\"Cardsat es una c\u00e1psula para reducir r\u00e1pidamente la presi\u00f3n arterial, el colesterol y los cambios bruscos de insulina. Cardsat C\u00e1psula Precio en Bolivia\" \/>\n<meta property=\"og:url\" content=\"https:\/\/www.todaykhoe.com\/product\/cardestat-capsula\/\" \/>\n<meta property=\"og:site_name\" content=\"TodayKh\u1ecfe.Com\" \/>\n<meta property=\"article:modified_time\" content=\"2024-08-20T09:32:46+00:00\" \/>\n<meta property=\"og:image\" content=\"https:\/\/www.todaykhoe.com\/wp-content\/uploads\/2024\/08\/Cardestat.png\" \/>\n\t<meta property=\"og:image:width\" content=\"426\" \/>\n\t<meta property=\"og:image:height\" content=\"270\" \/>\n\t<meta property=\"og:image:type\" content=\"image\/png\" \/>\n<meta name=\"twitter:card\" content=\"summary_large_image\" \/>\n<meta name=\"twitter:label1\" content=\"Est. reading time\" \/>\n\t<meta name=\"twitter:data1\" content=\"6 \u043c\u0438\u043d\u0443\u0442\u0438\" \/>\n<script type=\"application\/ld+json\" class=\"yoast-schema-graph\">{\"@context\":\"https:\\\/\\\/schema.org\",\"@graph\":[{\"@type\":\"WebPage\",\"@id\":\"https:\\\/\\\/www.todaykhoe.com\\\/product\\\/cardestat-capsula\\\/\",\"url\":\"https:\\\/\\\/www.todaykhoe.com\\\/product\\\/cardestat-capsula\\\/\",\"name\":\"Cardestat C\u00e1psula - Controlar el nivel de hipertensi\u00f3n (Bolivia)\",\"isPartOf\":{\"@id\":\"https:\\\/\\\/www.todaykhoe.com\\\/#website\"},\"primaryImageOfPage\":{\"@id\":\"https:\\\/\\\/www.todaykhoe.com\\\/product\\\/cardestat-capsula\\\/#primaryimage\"},\"image\":{\"@id\":\"https:\\\/\\\/www.todaykhoe.com\\\/product\\\/cardestat-capsula\\\/#primaryimage\"},\"thumbnailUrl\":\"https:\\\/\\\/www.todaykhoe.com\\\/wp-content\\\/uploads\\\/2024\\\/08\\\/Cardestat.png\",\"datePublished\":\"2024-08-19T13:58:16+00:00\",\"dateModified\":\"2024-08-20T09:32:46+00:00\",\"description\":\"Cardsat es una c\u00e1psula para reducir r\u00e1pidamente la presi\u00f3n arterial, el colesterol y los cambios bruscos de insulina. Cardsat C\u00e1psula Precio en Bolivia\",\"breadcrumb\":{\"@id\":\"https:\\\/\\\/www.todaykhoe.com\\\/product\\\/cardestat-capsula\\\/#breadcrumb\"},\"inLanguage\":\"mk-MK\",\"potentialAction\":[{\"@type\":\"ReadAction\",\"target\":[\"https:\\\/\\\/www.todaykhoe.com\\\/product\\\/cardestat-capsula\\\/\"]}]},{\"@type\":\"ImageObject\",\"inLanguage\":\"mk-MK\",\"@id\":\"https:\\\/\\\/www.todaykhoe.com\\\/product\\\/cardestat-capsula\\\/#primaryimage\",\"url\":\"https:\\\/\\\/www.todaykhoe.com\\\/wp-content\\\/uploads\\\/2024\\\/08\\\/Cardestat.png\",\"contentUrl\":\"https:\\\/\\\/www.todaykhoe.com\\\/wp-content\\\/uploads\\\/2024\\\/08\\\/Cardestat.png\",\"width\":426,\"height\":270,\"caption\":\"Cardestat\"},{\"@type\":\"BreadcrumbList\",\"@id\":\"https:\\\/\\\/www.todaykhoe.com\\\/product\\\/cardestat-capsula\\\/#breadcrumb\",\"itemListElement\":[{\"@type\":\"ListItem\",\"position\":1,\"name\":\"Home\",\"item\":\"https:\\\/\\\/www.todaykhoe.com\\\/\"},{\"@type\":\"ListItem\",\"position\":2,\"name\":\"Shop\",\"item\":\"https:\\\/\\\/www.todaykhoe.com\\\/shop\\\/\"},{\"@type\":\"ListItem\",\"position\":3,\"name\":\"Cardestat C\u00e1psula\"}]},{\"@type\":\"WebSite\",\"@id\":\"https:\\\/\\\/www.todaykhoe.com\\\/#website\",\"url\":\"https:\\\/\\\/www.todaykhoe.com\\\/\",\"name\":\"TodayKh\u1ecfe.Com\",\"description\":\"Healthy Today, Fitness, Nutrition, Beauty, News!\",\"publisher\":{\"@id\":\"https:\\\/\\\/www.todaykhoe.com\\\/#organization\"},\"potentialAction\":[{\"@type\":\"SearchAction\",\"target\":{\"@type\":\"EntryPoint\",\"urlTemplate\":\"https:\\\/\\\/www.todaykhoe.com\\\/?s={search_term_string}\"},\"query-input\":{\"@type\":\"PropertyValueSpecification\",\"valueRequired\":true,\"valueName\":\"search_term_string\"}}],\"inLanguage\":\"mk-MK\"},{\"@type\":\"Organization\",\"@id\":\"https:\\\/\\\/www.todaykhoe.com\\\/#organization\",\"name\":\"TodayKh\u1ecfe.Com\",\"url\":\"https:\\\/\\\/www.todaykhoe.com\\\/\",\"logo\":{\"@type\":\"ImageObject\",\"inLanguage\":\"mk-MK\",\"@id\":\"https:\\\/\\\/www.todaykhoe.com\\\/#\\\/schema\\\/logo\\\/image\\\/\",\"url\":\"https:\\\/\\\/www.todaykhoe.com\\\/wp-content\\\/uploads\\\/2025\\\/04\\\/Todaykhoe.png\",\"contentUrl\":\"https:\\\/\\\/www.todaykhoe.com\\\/wp-content\\\/uploads\\\/2025\\\/04\\\/Todaykhoe.png\",\"width\":706,\"height\":159,\"caption\":\"TodayKh\u1ecfe.Com\"},\"image\":{\"@id\":\"https:\\\/\\\/www.todaykhoe.com\\\/#\\\/schema\\\/logo\\\/image\\\/\"}}]}<\/script>\n<!-- \/ Yoast SEO plugin. -->","yoast_head_json":{"title":"Cardestat C\u00e1psula - Controlar el nivel de hipertensi\u00f3n (Bolivia)","description":"Cardsat es una c\u00e1psula para reducir r\u00e1pidamente la presi\u00f3n arterial, el colesterol y los cambios bruscos de insulina. Cardsat C\u00e1psula Precio en Bolivia","robots":{"index":"index","follow":"follow","max-snippet":"max-snippet:-1","max-image-preview":"max-image-preview:large","max-video-preview":"max-video-preview:-1"},"canonical":"https:\/\/www.todaykhoe.com\/product\/cardestat-capsula\/","og_locale":"mk_MK","og_type":"article","og_title":"Cardestat C\u00e1psula - Controlar el nivel de hipertensi\u00f3n (Bolivia)","og_description":"Cardsat es una c\u00e1psula para reducir r\u00e1pidamente la presi\u00f3n arterial, el colesterol y los cambios bruscos de insulina. Cardsat C\u00e1psula Precio en Bolivia","og_url":"https:\/\/www.todaykhoe.com\/product\/cardestat-capsula\/","og_site_name":"TodayKh\u1ecfe.Com","article_modified_time":"2024-08-20T09:32:46+00:00","og_image":[{"width":426,"height":270,"url":"https:\/\/www.todaykhoe.com\/wp-content\/uploads\/2024\/08\/Cardestat.png","type":"image\/png"}],"twitter_card":"summary_large_image","twitter_misc":{"Est. reading time":"6 \u043c\u0438\u043d\u0443\u0442\u0438"},"schema":{"@context":"https:\/\/schema.org","@graph":[{"@type":"WebPage","@id":"https:\/\/www.todaykhoe.com\/product\/cardestat-capsula\/","url":"https:\/\/www.todaykhoe.com\/product\/cardestat-capsula\/","name":"Cardestat C\u00e1psula - Controlar el nivel de hipertensi\u00f3n (Bolivia)","isPartOf":{"@id":"https:\/\/www.todaykhoe.com\/#website"},"primaryImageOfPage":{"@id":"https:\/\/www.todaykhoe.com\/product\/cardestat-capsula\/#primaryimage"},"image":{"@id":"https:\/\/www.todaykhoe.com\/product\/cardestat-capsula\/#primaryimage"},"thumbnailUrl":"https:\/\/www.todaykhoe.com\/wp-content\/uploads\/2024\/08\/Cardestat.png","datePublished":"2024-08-19T13:58:16+00:00","dateModified":"2024-08-20T09:32:46+00:00","description":"Cardsat es una c\u00e1psula para reducir r\u00e1pidamente la presi\u00f3n arterial, el colesterol y los cambios bruscos de insulina. Cardsat C\u00e1psula Precio en Bolivia","breadcrumb":{"@id":"https:\/\/www.todaykhoe.com\/product\/cardestat-capsula\/#breadcrumb"},"inLanguage":"mk-MK","potentialAction":[{"@type":"ReadAction","target":["https:\/\/www.todaykhoe.com\/product\/cardestat-capsula\/"]}]},{"@type":"ImageObject","inLanguage":"mk-MK","@id":"https:\/\/www.todaykhoe.com\/product\/cardestat-capsula\/#primaryimage","url":"https:\/\/www.todaykhoe.com\/wp-content\/uploads\/2024\/08\/Cardestat.png","contentUrl":"https:\/\/www.todaykhoe.com\/wp-content\/uploads\/2024\/08\/Cardestat.png","width":426,"height":270,"caption":"Cardestat"},{"@type":"BreadcrumbList","@id":"https:\/\/www.todaykhoe.com\/product\/cardestat-capsula\/#breadcrumb","itemListElement":[{"@type":"ListItem","position":1,"name":"Home","item":"https:\/\/www.todaykhoe.com\/"},{"@type":"ListItem","position":2,"name":"Shop","item":"https:\/\/www.todaykhoe.com\/shop\/"},{"@type":"ListItem","position":3,"name":"Cardestat C\u00e1psula"}]},{"@type":"WebSite","@id":"https:\/\/www.todaykhoe.com\/#website","url":"https:\/\/www.todaykhoe.com\/","name":"TodayKh\u1ecfe.Com","description":"Healthy Today, Fitness, Nutrition, Beauty, News!","publisher":{"@id":"https:\/\/www.todaykhoe.com\/#organization"},"potentialAction":[{"@type":"SearchAction","target":{"@type":"EntryPoint","urlTemplate":"https:\/\/www.todaykhoe.com\/?s={search_term_string}"},"query-input":{"@type":"PropertyValueSpecification","valueRequired":true,"valueName":"search_term_string"}}],"inLanguage":"mk-MK"},{"@type":"Organization","@id":"https:\/\/www.todaykhoe.com\/#organization","name":"TodayKh\u1ecfe.Com","url":"https:\/\/www.todaykhoe.com\/","logo":{"@type":"ImageObject","inLanguage":"mk-MK","@id":"https:\/\/www.todaykhoe.com\/#\/schema\/logo\/image\/","url":"https:\/\/www.todaykhoe.com\/wp-content\/uploads\/2025\/04\/Todaykhoe.png","contentUrl":"https:\/\/www.todaykhoe.com\/wp-content\/uploads\/2025\/04\/Todaykhoe.png","width":706,"height":159,"caption":"TodayKh\u1ecfe.Com"},"image":{"@id":"https:\/\/www.todaykhoe.com\/#\/schema\/logo\/image\/"}}]}},"_links":{"self":[{"href":"https:\/\/www.todaykhoe.com\/mk\/wp-json\/wp\/v2\/product\/113343","targetHints":{"allow":["GET"]}}],"collection":[{"href":"https:\/\/www.todaykhoe.com\/mk\/wp-json\/wp\/v2\/product"}],"about":[{"href":"https:\/\/www.todaykhoe.com\/mk\/wp-json\/wp\/v2\/types\/product"}],"replies":[{"embeddable":true,"href":"https:\/\/www.todaykhoe.com\/mk\/wp-json\/wp\/v2\/comments?post=113343"}],"wp:featuredmedia":[{"embeddable":true,"href":"https:\/\/www.todaykhoe.com\/mk\/wp-json\/wp\/v2\/media\/113344"}],"wp:attachment":[{"href":"https:\/\/www.todaykhoe.com\/mk\/wp-json\/wp\/v2\/media?parent=113343"}],"wp:term":[{"taxonomy":"product_brand","embeddable":true,"href":"https:\/\/www.todaykhoe.com\/mk\/wp-json\/wp\/v2\/product_brand?post=113343"},{"taxonomy":"product_cat","embeddable":true,"href":"https:\/\/www.todaykhoe.com\/mk\/wp-json\/wp\/v2\/product_cat?post=113343"},{"taxonomy":"product_tag","embeddable":true,"href":"https:\/\/www.todaykhoe.com\/mk\/wp-json\/wp\/v2\/product_tag?post=113343"}],"curies":[{"name":"wp","href":"https:\/\/api.w.org\/{rel}","templated":true}]}}