{"id":113217,"date":"2024-08-05T11:44:53","date_gmt":"2024-08-05T11:44:53","guid":{"rendered":"https:\/\/todaykhoe.com\/?post_type=product&#038;p=113217"},"modified":"2024-08-05T11:44:53","modified_gmt":"2024-08-05T11:44:53","slug":"liluama","status":"publish","type":"product","link":"https:\/\/www.todaykhoe.com\/mk\/product\/liluama\/","title":{"rendered":"Liluama &#8211; PE"},"content":{"rendered":"<p>Las mujeres que padecen cistitis, causada por la bacteria E. coli, pueden tomar pastillas de <a href=\"https:\/\/todaykhoe.com\/es\/product\/liluama\/\"><b>Liluama<\/b><\/a> para mejorar su salud. Para las mujeres, las pastillas ayudan a reducir la hinchaz\u00f3n y hacen que ir al ba\u00f1o sea indoloro, irritable o con picaz\u00f3n. Adem\u00e1s, deben esforzarse por mantener limpias sus partes \u00edntimas. El aumento de la libido y la energ\u00eda son otros dos efectos positivos del uso regular. Este tratamiento tambi\u00e9n puede ayudar a los hombres que padecen prostatitis. M\u00e1s de 1000 personas en Per\u00fa aprovecharon los grandes descuentos en el sitio web oficial. Las rese\u00f1as y comentarios de Liluama en los sitios web muestran que este tratamiento puede ayudarle a volver a ser usted mismo. No se han reportado efectos secundarios.<\/p>\n<p>Los ur\u00f3logos y andr\u00f3logos expertos coinciden en que Liluama es una gran opci\u00f3n de tratamiento farmacol\u00f3gico. La mezcla de hierbas elimina las enfermedades bacterianas y evita que vuelvan. Para las mujeres con cistitis, estas pastillas han sido aprobadas por la AAPC como una buena forma de mejorar su salud. Como se muestra en los estudios cl\u00ednicos, el producto funciona el 93% de las veces para aliviar activamente las inflamaciones urinarias. Mientras duermes, Liluama trabaja todo el d\u00eda para ayudarte a orinar con normalidad y aumentar tu deseo y capacidad sexual.<\/p>\n<h4>\u00bfQu\u00e9 causas y s\u00edntomas de la cistitis puedes destacar?<\/h4>\n<p>La enfermedad puede ser provocada por varias causas de naturaleza infecciosa y no infecciosa. Independientemente de ellas los s\u00edntomas son siempre los mismos:<\/p>\n<ul>\n<li>ardor en la vagina, c\u00f3licos y dolor;<\/li>\n<li>necesidad frecuente de orinar;<\/li>\n<li>peque\u00f1as cantidades de orina excretada;<\/li>\n<li>orina de color amarillo turbio o brillante, con y sin sangre;<\/li>\n<li>malestar, leve aumento de la temperatura corporal, debilidad.<\/li>\n<\/ul>\n<h2>\u00bfQu\u00e9 es Liluama y c\u00f3mo funciona?<\/h2>\n<p>Liluama es un suplemento natural que ayuda a las personas con cistitis a sentirse mejor y elimina la da\u00f1ina bacteria E. coli de sus cuerpos. Estas p\u00edldoras totalmente naturales aumentan tu energ\u00eda y te dan ganas de vivir de nuevo. Funcionan igual de bien para personas de ambos sexos que tienen problemas con la vejiga. No solo te ayudan a ir al ba\u00f1o correctamente, sino que tambi\u00e9n aumentan tu libido y deseo sexual. Puedes obtener un buen descuento en el precio yendo al sitio web principal. Los ur\u00f3logos y andr\u00f3logos coinciden en que Liluama es una excelente forma natural de tratar las infecciones e inflamaciones de la vejiga. Tambi\u00e9n limpia el est\u00f3mago y los intestinos.<\/p>\n<p>No tendr\u00e1s que preocuparte por las quejas de la gente sobre c\u00f3mo funciona Liluama. La AAPC ha aprobado estas c\u00e1psulas naturales y las pruebas cl\u00ednicas han demostrado que son 93% confiables. Te permiten vivir una vida normal y buena, manteni\u00e9ndote ocupado y feliz. Tambi\u00e9n notar\u00e1s que eres m\u00e1s atractiva sexualmente. El tratamiento natural para la cistitis y las infecciones de vejiga elimina los g\u00e9rmenes da\u00f1inos y evita que los problemas vuelvan a ocurrir. Liluama es una de las formas naturales m\u00e1s efectivas de mantenerse alejado de la E. coli.<\/p>\n<h3>Adem\u00e1s de la acci\u00f3n principal Liluama ayuda:<\/h3>\n<ul>\n<li>aliviar la inflamaci\u00f3n<\/li>\n<li>prevenir infecciones del tracto urinario<\/li>\n<li>acelerar y facilita la micci\u00f3n<\/li>\n<li>neutralizar la candidiasis y la cistitis<\/li>\n<li>fortalecer el sistema inmunol\u00f3gico<\/li>\n<li>mejorar la circulaci\u00f3n sangu\u00ednea en los \u00f3rganos p\u00e9lvicos<\/li>\n<li>proporcionar al cuerpo vitaminas y minerales<\/li>\n<\/ul>\n<h4>Resultados de la encuesta:<\/h4>\n<ul>\n<li>S\u00ed, el problema se fue por completo &#8211; 96,7%<\/li>\n<li>Parcialmente ayud\u00f3, me siento mejor, pero el problema persiste &#8211; 2,6%<\/li>\n<li>No ayud\u00f3 en absoluto &#8211; 0,3%<\/li>\n<li>Dif\u00edcil de responder &#8211; 0,4%<\/li>\n<\/ul>\n<h3>Liluama &#8211; Foro de opiniones y comentarios<\/h3>\n<p>Debido a que este tratamiento para la cistitis funciona tan bien, nadie ha publicado ninguna cr\u00edtica o comentario negativo sobre Liluama en sitios de salud. Las mujeres dicen que tomar estas p\u00edldoras durante un per\u00edodo completo las ayud\u00f3 a obtener alivio de las infecciones e inflamaciones de la vejiga. Las p\u00edldoras te ayudan a recuperarte y a detener la picaz\u00f3n, el dolor y el malestar que vienen con ir al ba\u00f1o. Adem\u00e1s de eso, ayudan a mantener tu vida sexual normal. Los ur\u00f3logos coinciden en que Liluama es una excelente manera de facilitar el embarazo.<\/p>\n<p><b>Opiniones:<\/b><\/p>\n<blockquote><p>Liluama es una excelente manera de tratar los problemas de vejiga y las enfermedades por E. coli. Estas p\u00edldoras naturales realmente ayudan con el dolor y la picaz\u00f3n. Tomarlas regularmente hace que ir al ba\u00f1o sea normal y te ayuda a tener una buena vida sexual. Puedes conseguirlas en su sitio web principal por un precio bastante bueno.<\/p>\n<p><b>\u00c7ela Afrodita, 32 a\u00f1os, de Berat;<\/b><\/p>\n<p>&#8220;Comenc\u00e9 a tomar Liluama hace un mes y ya termin\u00e9 todo el tratamiento&#8221;. Me quit\u00f3 la cistitis y me facilit\u00f3 mucho ir al ba\u00f1o. Adem\u00e1s, me muevo mucho m\u00e1s en la cama, lo que hace muy feliz a mi marido.<\/p>\n<p><b>Besiana Marku, 37 a\u00f1os, de Tirana;<\/b><\/p>\n<p>&#8220;Estas c\u00e1psulas para la cistitis hicieron que mi vida volviera a ser normal&#8221;. Poder aguantar la orina ha estado bien desde que las tengo. Estoy muy emocionada y tengo mucho apetito en este momento. Tambi\u00e9n me hacen sentir mejor y mantienen los sentimientos altos.<\/p>\n<p><b>Bora tiene 40 a\u00f1os;<\/b><\/p><\/blockquote>\n<h2>\u00bfCu\u00e1nto cuesta Liluama en Per\u00fa? \u00bfD\u00f3nde puedo comprarlo?<\/h2>\n<p>No te preocupes por d\u00f3nde encontrar Liluama en Per\u00fa a un precio normal. Simplemente ve al sitio web oficial ahora mismo. El sitio web aprobado es el \u00fanico lugar donde se puede vender el art\u00edculo legalmente, tanto en l\u00ednea como fuera de l\u00ednea. Para que los clientes finalicen su pedido, deben completar un breve formulario y responder al tel\u00e9fono. Puede aprovechar r\u00e1pidamente los buenos descuentos de Liluama que el fabricante suele ofrecer.<\/p>\n<p>No es necesario pedir Liluama en la tienda Benu o DM cercana. Este tratamiento para la cistitis solo se puede encontrar en su sitio web principal. Esto significa que la empresa que fabrica el medicamento para la cistitis puede ofrecer descuentos regulares a los clientes sin tener que pagar impuestos minoristas. No caiga en las muchas estafas de Liluama que aparecen en Amazon todo el tiempo. Estas no son las pastillas originales para el dolor de vejiga.<\/p>\n<p>\u00a1Preste atenci\u00f3n! Es normal pedir c\u00e1psulas de Liluama en l\u00ednea porque son buenas para la salud de la mujer y el embarazo. Los clientes completan el formulario de pedido, se aseguran de que la informaci\u00f3n sea correcta y luego esperan a que llegue el paquete. Las entregas se realizan en d\u00edas y se utiliza el m\u00e9todo de pago contra reembolso.<\/p>\n","protected":false},"excerpt":{"rendered":"<h2 class=\"lt28\"><span style=\"color: #000000;\">Entre las causas m\u00e1s frecuentes de cistitis est\u00e1n:<\/span><\/h2>\n<ul>\n<li class=\"lt29\"><span style=\"color: #000000;\">trauma durante el sexo;<\/span><\/li>\n<li class=\"lt30\"><span style=\"color: #000000;\">inmunidad debilitada;<\/span><\/li>\n<li class=\"lt31\"><span style=\"color: #000000;\">la penetraci\u00f3n de bacterias a trav\u00e9s de la uretra en la vejiga;<\/span><\/li>\n<li class=\"lt32\"><span style=\"color: #000000;\">focos de infecci\u00f3n cr\u00f3nica en el cuerpo;<\/span><\/li>\n<li class=\"lt33\"><span style=\"color: #000000;\">antecedentes de enfermedades ginecol\u00f3gicas, venerol\u00f3gicas;<\/span><\/li>\n<li class=\"lt34\"><span style=\"color: #000000;\">hipotermia p\u00e9lvica;<\/span><\/li>\n<li class=\"lt35\"><span style=\"color: #000000;\">efectos traum\u00e1ticos;<\/span><\/li>\n<li class=\"lt36\"><span style=\"color: #000000;\">trastornos hormonales en el cuerpo;<\/span><\/li>\n<li class=\"lt37\"><span style=\"color: #000000;\">caracter\u00edsticas de la estructura anat\u00f3mica del tracto urinario.<\/span><\/li>\n<\/ul>\n<p><span style=\"font-size: 14pt;\"><b><span style=\"color: #000000;\">Vieja Precio: <span style=\"color: #ff0000;\"><del>298 PES<\/del><\/span><\/span><br \/>\n<\/b><\/span><\/p>\n<p><span style=\"color: #000000; font-size: 16pt;\"><b>Nueva Precio: <span style=\"color: #33cccc;\">149 PES<\/span><\/b><\/span><\/p>\n","protected":false},"featured_media":113218,"comment_status":"open","ping_status":"closed","template":"","meta":[],"product_brand":[],"product_cat":[447],"product_tag":[],"class_list":{"0":"post-113217","1":"product","2":"type-product","3":"status-publish","4":"has-post-thumbnail","6":"product_cat-salud","8":"first","9":"instock","10":"shipping-taxable","11":"product-type-external"},"yoast_head":"<!-- This site is optimized with the Yoast SEO plugin v27.3 - https:\/\/yoast.com\/product\/yoast-seo-wordpress\/ -->\n<title>Liluama C\u00e1psula Precio Peru - Recuperaci\u00f3n de salud por cistitis!<\/title>\n<meta name=\"description\" content=\"Las c\u00e1psulas de Liluama alivian la cistitis y eliminan los peligrosos g\u00e9rmenes de E. coli. Los medicamentos naturales mejoran la vitalidad y te dan ganas de volver a vivir.\" \/>\n<meta name=\"robots\" content=\"index, follow, max-snippet:-1, max-image-preview:large, max-video-preview:-1\" \/>\n<link rel=\"canonical\" href=\"https:\/\/www.todaykhoe.com\/product\/liluama\/\" \/>\n<meta property=\"og:locale\" content=\"mk_MK\" \/>\n<meta property=\"og:type\" content=\"article\" \/>\n<meta property=\"og:title\" content=\"Liluama C\u00e1psula Precio Peru - Recuperaci\u00f3n de salud por cistitis!\" \/>\n<meta property=\"og:description\" content=\"Las c\u00e1psulas de Liluama alivian la cistitis y eliminan los peligrosos g\u00e9rmenes de E. coli. Los medicamentos naturales mejoran la vitalidad y te dan ganas de volver a vivir.\" \/>\n<meta property=\"og:url\" content=\"https:\/\/www.todaykhoe.com\/product\/liluama\/\" \/>\n<meta property=\"og:site_name\" content=\"TodayKh\u1ecfe.Com\" \/>\n<meta property=\"og:image\" content=\"https:\/\/www.todaykhoe.com\/wp-content\/uploads\/2024\/08\/Liluama.png\" \/>\n\t<meta property=\"og:image:width\" content=\"458\" \/>\n\t<meta property=\"og:image:height\" content=\"399\" \/>\n\t<meta property=\"og:image:type\" content=\"image\/png\" \/>\n<meta name=\"twitter:card\" content=\"summary_large_image\" \/>\n<meta name=\"twitter:label1\" content=\"Est. reading time\" \/>\n\t<meta name=\"twitter:data1\" content=\"6 \u043c\u0438\u043d\u0443\u0442\u0438\" \/>\n<script type=\"application\/ld+json\" class=\"yoast-schema-graph\">{\"@context\":\"https:\\\/\\\/schema.org\",\"@graph\":[{\"@type\":\"WebPage\",\"@id\":\"https:\\\/\\\/www.todaykhoe.com\\\/product\\\/liluama\\\/\",\"url\":\"https:\\\/\\\/www.todaykhoe.com\\\/product\\\/liluama\\\/\",\"name\":\"Liluama C\u00e1psula Precio Peru - Recuperaci\u00f3n de salud por cistitis!\",\"isPartOf\":{\"@id\":\"https:\\\/\\\/www.todaykhoe.com\\\/#website\"},\"primaryImageOfPage\":{\"@id\":\"https:\\\/\\\/www.todaykhoe.com\\\/product\\\/liluama\\\/#primaryimage\"},\"image\":{\"@id\":\"https:\\\/\\\/www.todaykhoe.com\\\/product\\\/liluama\\\/#primaryimage\"},\"thumbnailUrl\":\"https:\\\/\\\/www.todaykhoe.com\\\/wp-content\\\/uploads\\\/2024\\\/08\\\/Liluama.png\",\"datePublished\":\"2024-08-05T11:44:53+00:00\",\"description\":\"Las c\u00e1psulas de Liluama alivian la cistitis y eliminan los peligrosos g\u00e9rmenes de E. coli. Los medicamentos naturales mejoran la vitalidad y te dan ganas de volver a vivir.\",\"breadcrumb\":{\"@id\":\"https:\\\/\\\/www.todaykhoe.com\\\/product\\\/liluama\\\/#breadcrumb\"},\"inLanguage\":\"mk-MK\",\"potentialAction\":[{\"@type\":\"ReadAction\",\"target\":[\"https:\\\/\\\/www.todaykhoe.com\\\/product\\\/liluama\\\/\"]}]},{\"@type\":\"ImageObject\",\"inLanguage\":\"mk-MK\",\"@id\":\"https:\\\/\\\/www.todaykhoe.com\\\/product\\\/liluama\\\/#primaryimage\",\"url\":\"https:\\\/\\\/www.todaykhoe.com\\\/wp-content\\\/uploads\\\/2024\\\/08\\\/Liluama.png\",\"contentUrl\":\"https:\\\/\\\/www.todaykhoe.com\\\/wp-content\\\/uploads\\\/2024\\\/08\\\/Liluama.png\",\"width\":458,\"height\":399,\"caption\":\"Liluama\"},{\"@type\":\"BreadcrumbList\",\"@id\":\"https:\\\/\\\/www.todaykhoe.com\\\/product\\\/liluama\\\/#breadcrumb\",\"itemListElement\":[{\"@type\":\"ListItem\",\"position\":1,\"name\":\"Home\",\"item\":\"https:\\\/\\\/www.todaykhoe.com\\\/\"},{\"@type\":\"ListItem\",\"position\":2,\"name\":\"Shop\",\"item\":\"https:\\\/\\\/www.todaykhoe.com\\\/shop\\\/\"},{\"@type\":\"ListItem\",\"position\":3,\"name\":\"Liluama &#8211; PE\"}]},{\"@type\":\"WebSite\",\"@id\":\"https:\\\/\\\/www.todaykhoe.com\\\/#website\",\"url\":\"https:\\\/\\\/www.todaykhoe.com\\\/\",\"name\":\"TodayKh\u1ecfe.Com\",\"description\":\"Healthy Today, Fitness, Nutrition, Beauty, News!\",\"publisher\":{\"@id\":\"https:\\\/\\\/www.todaykhoe.com\\\/#organization\"},\"potentialAction\":[{\"@type\":\"SearchAction\",\"target\":{\"@type\":\"EntryPoint\",\"urlTemplate\":\"https:\\\/\\\/www.todaykhoe.com\\\/?s={search_term_string}\"},\"query-input\":{\"@type\":\"PropertyValueSpecification\",\"valueRequired\":true,\"valueName\":\"search_term_string\"}}],\"inLanguage\":\"mk-MK\"},{\"@type\":\"Organization\",\"@id\":\"https:\\\/\\\/www.todaykhoe.com\\\/#organization\",\"name\":\"TodayKh\u1ecfe.Com\",\"url\":\"https:\\\/\\\/www.todaykhoe.com\\\/\",\"logo\":{\"@type\":\"ImageObject\",\"inLanguage\":\"mk-MK\",\"@id\":\"https:\\\/\\\/www.todaykhoe.com\\\/#\\\/schema\\\/logo\\\/image\\\/\",\"url\":\"https:\\\/\\\/www.todaykhoe.com\\\/wp-content\\\/uploads\\\/2025\\\/04\\\/Todaykhoe.png\",\"contentUrl\":\"https:\\\/\\\/www.todaykhoe.com\\\/wp-content\\\/uploads\\\/2025\\\/04\\\/Todaykhoe.png\",\"width\":706,\"height\":159,\"caption\":\"TodayKh\u1ecfe.Com\"},\"image\":{\"@id\":\"https:\\\/\\\/www.todaykhoe.com\\\/#\\\/schema\\\/logo\\\/image\\\/\"}}]}<\/script>\n<!-- \/ Yoast SEO plugin. -->","yoast_head_json":{"title":"Liluama C\u00e1psula Precio Peru - Recuperaci\u00f3n de salud por cistitis!","description":"Las c\u00e1psulas de Liluama alivian la cistitis y eliminan los peligrosos g\u00e9rmenes de E. coli. Los medicamentos naturales mejoran la vitalidad y te dan ganas de volver a vivir.","robots":{"index":"index","follow":"follow","max-snippet":"max-snippet:-1","max-image-preview":"max-image-preview:large","max-video-preview":"max-video-preview:-1"},"canonical":"https:\/\/www.todaykhoe.com\/product\/liluama\/","og_locale":"mk_MK","og_type":"article","og_title":"Liluama C\u00e1psula Precio Peru - Recuperaci\u00f3n de salud por cistitis!","og_description":"Las c\u00e1psulas de Liluama alivian la cistitis y eliminan los peligrosos g\u00e9rmenes de E. coli. Los medicamentos naturales mejoran la vitalidad y te dan ganas de volver a vivir.","og_url":"https:\/\/www.todaykhoe.com\/product\/liluama\/","og_site_name":"TodayKh\u1ecfe.Com","og_image":[{"width":458,"height":399,"url":"https:\/\/www.todaykhoe.com\/wp-content\/uploads\/2024\/08\/Liluama.png","type":"image\/png"}],"twitter_card":"summary_large_image","twitter_misc":{"Est. reading time":"6 \u043c\u0438\u043d\u0443\u0442\u0438"},"schema":{"@context":"https:\/\/schema.org","@graph":[{"@type":"WebPage","@id":"https:\/\/www.todaykhoe.com\/product\/liluama\/","url":"https:\/\/www.todaykhoe.com\/product\/liluama\/","name":"Liluama C\u00e1psula Precio Peru - Recuperaci\u00f3n de salud por cistitis!","isPartOf":{"@id":"https:\/\/www.todaykhoe.com\/#website"},"primaryImageOfPage":{"@id":"https:\/\/www.todaykhoe.com\/product\/liluama\/#primaryimage"},"image":{"@id":"https:\/\/www.todaykhoe.com\/product\/liluama\/#primaryimage"},"thumbnailUrl":"https:\/\/www.todaykhoe.com\/wp-content\/uploads\/2024\/08\/Liluama.png","datePublished":"2024-08-05T11:44:53+00:00","description":"Las c\u00e1psulas de Liluama alivian la cistitis y eliminan los peligrosos g\u00e9rmenes de E. coli. Los medicamentos naturales mejoran la vitalidad y te dan ganas de volver a vivir.","breadcrumb":{"@id":"https:\/\/www.todaykhoe.com\/product\/liluama\/#breadcrumb"},"inLanguage":"mk-MK","potentialAction":[{"@type":"ReadAction","target":["https:\/\/www.todaykhoe.com\/product\/liluama\/"]}]},{"@type":"ImageObject","inLanguage":"mk-MK","@id":"https:\/\/www.todaykhoe.com\/product\/liluama\/#primaryimage","url":"https:\/\/www.todaykhoe.com\/wp-content\/uploads\/2024\/08\/Liluama.png","contentUrl":"https:\/\/www.todaykhoe.com\/wp-content\/uploads\/2024\/08\/Liluama.png","width":458,"height":399,"caption":"Liluama"},{"@type":"BreadcrumbList","@id":"https:\/\/www.todaykhoe.com\/product\/liluama\/#breadcrumb","itemListElement":[{"@type":"ListItem","position":1,"name":"Home","item":"https:\/\/www.todaykhoe.com\/"},{"@type":"ListItem","position":2,"name":"Shop","item":"https:\/\/www.todaykhoe.com\/shop\/"},{"@type":"ListItem","position":3,"name":"Liluama &#8211; PE"}]},{"@type":"WebSite","@id":"https:\/\/www.todaykhoe.com\/#website","url":"https:\/\/www.todaykhoe.com\/","name":"TodayKh\u1ecfe.Com","description":"Healthy Today, Fitness, Nutrition, Beauty, News!","publisher":{"@id":"https:\/\/www.todaykhoe.com\/#organization"},"potentialAction":[{"@type":"SearchAction","target":{"@type":"EntryPoint","urlTemplate":"https:\/\/www.todaykhoe.com\/?s={search_term_string}"},"query-input":{"@type":"PropertyValueSpecification","valueRequired":true,"valueName":"search_term_string"}}],"inLanguage":"mk-MK"},{"@type":"Organization","@id":"https:\/\/www.todaykhoe.com\/#organization","name":"TodayKh\u1ecfe.Com","url":"https:\/\/www.todaykhoe.com\/","logo":{"@type":"ImageObject","inLanguage":"mk-MK","@id":"https:\/\/www.todaykhoe.com\/#\/schema\/logo\/image\/","url":"https:\/\/www.todaykhoe.com\/wp-content\/uploads\/2025\/04\/Todaykhoe.png","contentUrl":"https:\/\/www.todaykhoe.com\/wp-content\/uploads\/2025\/04\/Todaykhoe.png","width":706,"height":159,"caption":"TodayKh\u1ecfe.Com"},"image":{"@id":"https:\/\/www.todaykhoe.com\/#\/schema\/logo\/image\/"}}]}},"_links":{"self":[{"href":"https:\/\/www.todaykhoe.com\/mk\/wp-json\/wp\/v2\/product\/113217","targetHints":{"allow":["GET"]}}],"collection":[{"href":"https:\/\/www.todaykhoe.com\/mk\/wp-json\/wp\/v2\/product"}],"about":[{"href":"https:\/\/www.todaykhoe.com\/mk\/wp-json\/wp\/v2\/types\/product"}],"replies":[{"embeddable":true,"href":"https:\/\/www.todaykhoe.com\/mk\/wp-json\/wp\/v2\/comments?post=113217"}],"wp:featuredmedia":[{"embeddable":true,"href":"https:\/\/www.todaykhoe.com\/mk\/wp-json\/wp\/v2\/media\/113218"}],"wp:attachment":[{"href":"https:\/\/www.todaykhoe.com\/mk\/wp-json\/wp\/v2\/media?parent=113217"}],"wp:term":[{"taxonomy":"product_brand","embeddable":true,"href":"https:\/\/www.todaykhoe.com\/mk\/wp-json\/wp\/v2\/product_brand?post=113217"},{"taxonomy":"product_cat","embeddable":true,"href":"https:\/\/www.todaykhoe.com\/mk\/wp-json\/wp\/v2\/product_cat?post=113217"},{"taxonomy":"product_tag","embeddable":true,"href":"https:\/\/www.todaykhoe.com\/mk\/wp-json\/wp\/v2\/product_tag?post=113217"}],"curies":[{"name":"wp","href":"https:\/\/api.w.org\/{rel}","templated":true}]}}