{"id":113177,"date":"2024-08-05T11:20:17","date_gmt":"2024-08-05T11:20:17","guid":{"rendered":"https:\/\/todaykhoe.com\/?post_type=product&#038;p=113177"},"modified":"2024-08-05T11:20:54","modified_gmt":"2024-08-05T11:20:54","slug":"glucovix-forte-capsula-precio-mexico","status":"publish","type":"product","link":"https:\/\/www.todaykhoe.com\/mk\/product\/glucovix-forte-capsula-precio-mexico\/","title":{"rendered":"Glucovix Forte C\u00e1psula"},"content":{"rendered":"<p><a href=\"https:\/\/todaykhoe.com\/product\/glucovix-forte-capsula-precio-mexico\/\"><b>Glucovix Forte<\/b><\/a> es una c\u00e1psula que puede aliviar los s\u00edntomas de la diabetes de forma r\u00e1pida y sencilla. Tome estas p\u00edldoras org\u00e1nicas para controlar sus niveles de colesterol y az\u00facar en sangre. Los s\u00edntomas como el desequilibrio de insulina, la sed excesiva, el hambre y el s\u00edndrome de boca seca deber\u00edan desaparecer. Adem\u00e1s de ayudarle a perder peso, tambi\u00e9n hacen que sea m\u00e1s f\u00e1cil eliminar los alimentos azucarados. Ayudan a muchas personas en M\u00e9xico a sentirse mejor y ponerse en forma. Del mismo modo, puede comprarlos a trav\u00e9s del sitio web oficial por el precio normal. Las publicaciones en foros y las rese\u00f1as de Glucovix Forte dan fe de la r\u00e1pida eficacia del producto.<\/p>\n<p>Cuando se trata de terapias naturales para el alivio r\u00e1pido de los s\u00edntomas de la diabetes, Glucovix Forte es muy valorado por los endocrin\u00f3logos expertos. Elementos como hojas de higo, morera blanca, berberina, ajo y espino blanco son parte de la receta org\u00e1nica del producto. Estos ingredientes son confiables para tonificar y desintoxicar el cuerpo. Una amplia investigaci\u00f3n cl\u00ednica tambi\u00e9n ha demostrado una eficacia del 93% para las p\u00edldoras para la diabetes. Su capacidad para estabilizar los niveles de az\u00facar en sangre ayuda a la producci\u00f3n de insulina y a la distribuci\u00f3n \u00f3ptima de la energ\u00eda celular. Mejorar r\u00e1pidamente la salud general y prevenir problemas endocrinol\u00f3gicos son dos de las principales funciones de Glucovix Forte.<\/p>\n<h2>\u00bfC\u00f3mo puede ayudarme Glucovix Forte? \u00bfQu\u00e9 es?<\/h2>\n<p>Glucovix Forte es una c\u00e1psula que ayuda a normalizar r\u00e1pidamente los niveles de colesterol y az\u00facar en sangre. Restaura la producci\u00f3n normal de insulina y ayuda a la redistribuci\u00f3n de la energ\u00eda dentro de las c\u00e9lulas del cuerpo. Cuando tome estas p\u00edldoras totalmente naturales, no sentir\u00e1 la necesidad de comer carbohidratos simples o az\u00facar. Mientras est\u00e9 en el curso, puede esperar un aumento de su tasa metab\u00f3lica y la p\u00e9rdida de algunos kilos. Puede obtener el producto en el sitio web oficial por un precio razonable y no necesita receta m\u00e9dica. Una gran cantidad de endocrin\u00f3logos certificados han elogiado a Glucovix Forte como un excelente sustituto farmac\u00e9utico org\u00e1nico.<\/p>\n<p>No encontrar\u00e1 muchas personas quej\u00e1ndose de las funciones de Glucovix Forte en l\u00ednea. Las c\u00e1psulas de pel\u00edcula org\u00e1nica han sido cl\u00ednicamente probadas y se ha demostrado que son seguras y eficaces en el tratamiento de la diabetes en un 93%. Como c\u00e1psula natural eficaz para el control proactivo de los niveles de glucosa en sangre, han recibido un Certificado de Calidad. Mucha gente piensa que Glucovix Forte es una excelente manera de desintoxicar el cuerpo y acelerar el metabolismo.<\/p>\n<h3>Beneficios de Glucovix Forte<\/h3>\n<ul>\n<li>F\u00f3rmula natural para normalizar r\u00e1pidamente los niveles de glucosa y colesterol en sangre;<\/li>\n<li>El remedio org\u00e1nico alivia los problemas endocrinol\u00f3gicos el 93% de las veces;<\/li>\n<li>Acelera el metabolismo y ayuda a perder peso;<\/li>\n<li>La Asociaci\u00f3n de Endocrin\u00f3logos Profesionales de Malasia lo premi\u00f3 como el mejor tratamiento nuevo para los s\u00edntomas de la diabetes;<\/li>\n<li>Su sitio web oficial ofrece un gran descuento en este suplemento;<\/li>\n<\/ul>\n<h3>Glucovix Forte &#8211; Publicaciones y rese\u00f1as en foros<\/h3>\n<p>Ninguna rese\u00f1a o testimonio de Glucovix Forte en ning\u00fan foro ha sido desfavorable, lo que es uno de los aspectos m\u00e1s reconfortantes de este tratamiento para la diabetes. La mayor\u00eda de los comentarios son hechos por personas que han controlado con \u00e9xito sus niveles de az\u00facar y colesterol en sangre. Adem\u00e1s de ayudar a perder peso, varios usuarios han informado de que las pastillas reducen la sensaci\u00f3n de hambre. Las numerosas im\u00e1genes de antes y despu\u00e9s publicadas en las rese\u00f1as son una prueba m\u00e1s de ello. Los endocrin\u00f3logos que se especializan en el cuidado de la diabetes han elogiado a Glucovix Forte como una c\u00e1psula natural eficaz.<\/p>\n<p><b>Evaluaciones cr\u00edticas:<\/b><\/p>\n<blockquote><p>Para los diab\u00e9ticos, Glucovix Forte es el mejor remedio natural. Ayuda a recuperar el equilibrio interno y a perder peso. Mientras estaba en el campo, perd\u00ed cinco kilos. Adem\u00e1s, los resultados demuestran que mis niveles de colesterol y glucosa han vuelto a la normalidad. Adem\u00e1s, su sitio web oficial ofrece estas c\u00e1psulas con un gran descuento. Noor bin Sulaiman, de Kuala Lumpur, 34 a\u00f1os;<\/p>\n<p>El producto es confiable y cumple bien su prop\u00f3sito. Te sentir\u00e1s con energ\u00eda y tonificado despu\u00e9s de tomar las pastillas de Glucovix Forte. Te ayuda a comer menos az\u00facar y hace que tu metabolismo vuelva a la normalidad. Conf\u00eda en ellas para que tus niveles de az\u00facar en sangre sean m\u00e1s estables. En George Town, Aayiz bin Rahman, 40 a\u00f1os;<\/p>\n<p>Mi madre tiene diabetes tipo 2 grave, as\u00ed que le compr\u00e9 estas pastillas hace un tiempo. Inform\u00f3 de una notable mejor\u00eda en su salud despu\u00e9s de empezar a consumirlas. Los dolores de cabeza y el s\u00edndrome de boca seca no la han afectado, y sus niveles de glucosa est\u00e1n dentro del rango normal. N\u00famero de bintangs, 43;<\/p><\/blockquote>\n<h3>\u00bfC\u00f3mo tomar Glucovix en 3 pasos?<\/h3>\n<ul>\n<li>Tomar una pastilla antes del desayuno y la cena.<\/li>\n<li>Evitar los alimentos azucarados.<\/li>\n<li>Hacer esto diariamente durante dos meses.<\/li>\n<\/ul>\n<h2>\u00bfCu\u00e1nto cuesta Glucovix Forte en M\u00e9xico y d\u00f3nde puedo conseguirlo?<\/h2>\n<p>Puede obtener Glucovix Forte en M\u00e9xico desde el sitio web oficial a un precio razonable si es diab\u00e9tico. En lugar de recurrir a intermediarios, puede comprar la soluci\u00f3n natural para la hiperglucemia desde el sitio web oficial. Esto garantiza que los ingredientes de Glucovix Forte sean de la m\u00e1s alta calidad y que el precio promedio se mantenga dentro de lo normal.<\/p>\n<p>Visite el sitio web oficial ahora mismo para obtener Glucovix Forte con un gran descuento del 50% del precio normal. Aseg\u00farese de completar el formulario digital con un nombre y un n\u00famero de tel\u00e9fono actual. Despu\u00e9s de eso, recibir\u00e1 una llamada de confirmaci\u00f3n para verificar sus datos. En unos d\u00edas h\u00e1biles, deber\u00eda tener el env\u00edo en sus manos.<\/p>\n<p>\u00a1Presta mucha atenci\u00f3n! Al pedir pastillas Glucovix Forte para tratar los niveles excesivos de az\u00facar en sangre, se sigue el procedimiento habitual para comprar un producto digital. Una vez que los clientes completan un formulario de pedido y confirman los detalles por tel\u00e9fono, pueden tener que esperar hasta una semana para recibir la entrega. La compra se liquida contra reembolso.<\/p>\n","protected":false},"excerpt":{"rendered":"<h2><span style=\"color: #000000;\">COMPRE AQU\u00cd CON UN 50% DE DESCUENTO<\/span><\/h2>\n","protected":false},"featured_media":113178,"comment_status":"open","ping_status":"closed","template":"","meta":[],"product_brand":[],"product_cat":[447],"product_tag":[],"class_list":{"0":"post-113177","1":"product","2":"type-product","3":"status-publish","4":"has-post-thumbnail","6":"product_cat-salud","8":"first","9":"instock","10":"shipping-taxable","11":"product-type-external"},"yoast_head":"<!-- This site is optimized with the Yoast SEO plugin v27.3 - https:\/\/yoast.com\/product\/yoast-seo-wordpress\/ -->\n<title>Glucovix Forte C\u00e1psula Precio en Mexico - Controlar la diabetes<\/title>\n<meta name=\"description\" content=\"Glucovit Forte es una c\u00e1psula que normaliza inmediatamente el colesterol y el az\u00facar en sangre. Se restablece la producci\u00f3n normal de insulina y la redistribuci\u00f3n de energ\u00eda celular.\" \/>\n<meta name=\"robots\" content=\"index, follow, max-snippet:-1, max-image-preview:large, max-video-preview:-1\" \/>\n<link rel=\"canonical\" href=\"https:\/\/www.todaykhoe.com\/product\/glucovix-forte-capsula-precio-mexico\/\" \/>\n<meta property=\"og:locale\" content=\"mk_MK\" \/>\n<meta property=\"og:type\" content=\"article\" \/>\n<meta property=\"og:title\" content=\"Glucovix Forte C\u00e1psula Precio en Mexico - Controlar la diabetes\" \/>\n<meta property=\"og:description\" content=\"Glucovit Forte es una c\u00e1psula que normaliza inmediatamente el colesterol y el az\u00facar en sangre. Se restablece la producci\u00f3n normal de insulina y la redistribuci\u00f3n de energ\u00eda celular.\" \/>\n<meta property=\"og:url\" content=\"https:\/\/www.todaykhoe.com\/product\/glucovix-forte-capsula-precio-mexico\/\" \/>\n<meta property=\"og:site_name\" content=\"TodayKh\u1ecfe.Com\" \/>\n<meta property=\"article:modified_time\" content=\"2024-08-05T11:20:54+00:00\" \/>\n<meta property=\"og:image\" content=\"https:\/\/www.todaykhoe.com\/wp-content\/uploads\/2024\/08\/Glucovix-Forte.png\" \/>\n\t<meta property=\"og:image:width\" content=\"244\" \/>\n\t<meta property=\"og:image:height\" content=\"429\" \/>\n\t<meta property=\"og:image:type\" content=\"image\/png\" \/>\n<meta name=\"twitter:card\" content=\"summary_large_image\" \/>\n<meta name=\"twitter:label1\" content=\"Est. reading time\" \/>\n\t<meta name=\"twitter:data1\" content=\"6 \u043c\u0438\u043d\u0443\u0442\u0438\" \/>\n<script type=\"application\/ld+json\" class=\"yoast-schema-graph\">{\"@context\":\"https:\\\/\\\/schema.org\",\"@graph\":[{\"@type\":\"WebPage\",\"@id\":\"https:\\\/\\\/www.todaykhoe.com\\\/product\\\/glucovix-forte-capsula-precio-mexico\\\/\",\"url\":\"https:\\\/\\\/www.todaykhoe.com\\\/product\\\/glucovix-forte-capsula-precio-mexico\\\/\",\"name\":\"Glucovix Forte C\u00e1psula Precio en Mexico - Controlar la diabetes\",\"isPartOf\":{\"@id\":\"https:\\\/\\\/www.todaykhoe.com\\\/#website\"},\"primaryImageOfPage\":{\"@id\":\"https:\\\/\\\/www.todaykhoe.com\\\/product\\\/glucovix-forte-capsula-precio-mexico\\\/#primaryimage\"},\"image\":{\"@id\":\"https:\\\/\\\/www.todaykhoe.com\\\/product\\\/glucovix-forte-capsula-precio-mexico\\\/#primaryimage\"},\"thumbnailUrl\":\"https:\\\/\\\/www.todaykhoe.com\\\/wp-content\\\/uploads\\\/2024\\\/08\\\/Glucovix-Forte.png\",\"datePublished\":\"2024-08-05T11:20:17+00:00\",\"dateModified\":\"2024-08-05T11:20:54+00:00\",\"description\":\"Glucovit Forte es una c\u00e1psula que normaliza inmediatamente el colesterol y el az\u00facar en sangre. Se restablece la producci\u00f3n normal de insulina y la redistribuci\u00f3n de energ\u00eda celular.\",\"breadcrumb\":{\"@id\":\"https:\\\/\\\/www.todaykhoe.com\\\/product\\\/glucovix-forte-capsula-precio-mexico\\\/#breadcrumb\"},\"inLanguage\":\"mk-MK\",\"potentialAction\":[{\"@type\":\"ReadAction\",\"target\":[\"https:\\\/\\\/www.todaykhoe.com\\\/product\\\/glucovix-forte-capsula-precio-mexico\\\/\"]}]},{\"@type\":\"ImageObject\",\"inLanguage\":\"mk-MK\",\"@id\":\"https:\\\/\\\/www.todaykhoe.com\\\/product\\\/glucovix-forte-capsula-precio-mexico\\\/#primaryimage\",\"url\":\"https:\\\/\\\/www.todaykhoe.com\\\/wp-content\\\/uploads\\\/2024\\\/08\\\/Glucovix-Forte.png\",\"contentUrl\":\"https:\\\/\\\/www.todaykhoe.com\\\/wp-content\\\/uploads\\\/2024\\\/08\\\/Glucovix-Forte.png\",\"width\":244,\"height\":429,\"caption\":\"Glucovix Forte\"},{\"@type\":\"BreadcrumbList\",\"@id\":\"https:\\\/\\\/www.todaykhoe.com\\\/product\\\/glucovix-forte-capsula-precio-mexico\\\/#breadcrumb\",\"itemListElement\":[{\"@type\":\"ListItem\",\"position\":1,\"name\":\"Home\",\"item\":\"https:\\\/\\\/www.todaykhoe.com\\\/\"},{\"@type\":\"ListItem\",\"position\":2,\"name\":\"Shop\",\"item\":\"https:\\\/\\\/www.todaykhoe.com\\\/shop\\\/\"},{\"@type\":\"ListItem\",\"position\":3,\"name\":\"Glucovix Forte C\u00e1psula\"}]},{\"@type\":\"WebSite\",\"@id\":\"https:\\\/\\\/www.todaykhoe.com\\\/#website\",\"url\":\"https:\\\/\\\/www.todaykhoe.com\\\/\",\"name\":\"TodayKh\u1ecfe.Com\",\"description\":\"Healthy Today, Fitness, Nutrition, Beauty, News!\",\"publisher\":{\"@id\":\"https:\\\/\\\/www.todaykhoe.com\\\/#organization\"},\"potentialAction\":[{\"@type\":\"SearchAction\",\"target\":{\"@type\":\"EntryPoint\",\"urlTemplate\":\"https:\\\/\\\/www.todaykhoe.com\\\/?s={search_term_string}\"},\"query-input\":{\"@type\":\"PropertyValueSpecification\",\"valueRequired\":true,\"valueName\":\"search_term_string\"}}],\"inLanguage\":\"mk-MK\"},{\"@type\":\"Organization\",\"@id\":\"https:\\\/\\\/www.todaykhoe.com\\\/#organization\",\"name\":\"TodayKh\u1ecfe.Com\",\"url\":\"https:\\\/\\\/www.todaykhoe.com\\\/\",\"logo\":{\"@type\":\"ImageObject\",\"inLanguage\":\"mk-MK\",\"@id\":\"https:\\\/\\\/www.todaykhoe.com\\\/#\\\/schema\\\/logo\\\/image\\\/\",\"url\":\"https:\\\/\\\/www.todaykhoe.com\\\/wp-content\\\/uploads\\\/2025\\\/04\\\/Todaykhoe.png\",\"contentUrl\":\"https:\\\/\\\/www.todaykhoe.com\\\/wp-content\\\/uploads\\\/2025\\\/04\\\/Todaykhoe.png\",\"width\":706,\"height\":159,\"caption\":\"TodayKh\u1ecfe.Com\"},\"image\":{\"@id\":\"https:\\\/\\\/www.todaykhoe.com\\\/#\\\/schema\\\/logo\\\/image\\\/\"}}]}<\/script>\n<!-- \/ Yoast SEO plugin. -->","yoast_head_json":{"title":"Glucovix Forte C\u00e1psula Precio en Mexico - Controlar la diabetes","description":"Glucovit Forte es una c\u00e1psula que normaliza inmediatamente el colesterol y el az\u00facar en sangre. Se restablece la producci\u00f3n normal de insulina y la redistribuci\u00f3n de energ\u00eda celular.","robots":{"index":"index","follow":"follow","max-snippet":"max-snippet:-1","max-image-preview":"max-image-preview:large","max-video-preview":"max-video-preview:-1"},"canonical":"https:\/\/www.todaykhoe.com\/product\/glucovix-forte-capsula-precio-mexico\/","og_locale":"mk_MK","og_type":"article","og_title":"Glucovix Forte C\u00e1psula Precio en Mexico - Controlar la diabetes","og_description":"Glucovit Forte es una c\u00e1psula que normaliza inmediatamente el colesterol y el az\u00facar en sangre. Se restablece la producci\u00f3n normal de insulina y la redistribuci\u00f3n de energ\u00eda celular.","og_url":"https:\/\/www.todaykhoe.com\/product\/glucovix-forte-capsula-precio-mexico\/","og_site_name":"TodayKh\u1ecfe.Com","article_modified_time":"2024-08-05T11:20:54+00:00","og_image":[{"width":244,"height":429,"url":"https:\/\/www.todaykhoe.com\/wp-content\/uploads\/2024\/08\/Glucovix-Forte.png","type":"image\/png"}],"twitter_card":"summary_large_image","twitter_misc":{"Est. reading time":"6 \u043c\u0438\u043d\u0443\u0442\u0438"},"schema":{"@context":"https:\/\/schema.org","@graph":[{"@type":"WebPage","@id":"https:\/\/www.todaykhoe.com\/product\/glucovix-forte-capsula-precio-mexico\/","url":"https:\/\/www.todaykhoe.com\/product\/glucovix-forte-capsula-precio-mexico\/","name":"Glucovix Forte C\u00e1psula Precio en Mexico - Controlar la diabetes","isPartOf":{"@id":"https:\/\/www.todaykhoe.com\/#website"},"primaryImageOfPage":{"@id":"https:\/\/www.todaykhoe.com\/product\/glucovix-forte-capsula-precio-mexico\/#primaryimage"},"image":{"@id":"https:\/\/www.todaykhoe.com\/product\/glucovix-forte-capsula-precio-mexico\/#primaryimage"},"thumbnailUrl":"https:\/\/www.todaykhoe.com\/wp-content\/uploads\/2024\/08\/Glucovix-Forte.png","datePublished":"2024-08-05T11:20:17+00:00","dateModified":"2024-08-05T11:20:54+00:00","description":"Glucovit Forte es una c\u00e1psula que normaliza inmediatamente el colesterol y el az\u00facar en sangre. Se restablece la producci\u00f3n normal de insulina y la redistribuci\u00f3n de energ\u00eda celular.","breadcrumb":{"@id":"https:\/\/www.todaykhoe.com\/product\/glucovix-forte-capsula-precio-mexico\/#breadcrumb"},"inLanguage":"mk-MK","potentialAction":[{"@type":"ReadAction","target":["https:\/\/www.todaykhoe.com\/product\/glucovix-forte-capsula-precio-mexico\/"]}]},{"@type":"ImageObject","inLanguage":"mk-MK","@id":"https:\/\/www.todaykhoe.com\/product\/glucovix-forte-capsula-precio-mexico\/#primaryimage","url":"https:\/\/www.todaykhoe.com\/wp-content\/uploads\/2024\/08\/Glucovix-Forte.png","contentUrl":"https:\/\/www.todaykhoe.com\/wp-content\/uploads\/2024\/08\/Glucovix-Forte.png","width":244,"height":429,"caption":"Glucovix Forte"},{"@type":"BreadcrumbList","@id":"https:\/\/www.todaykhoe.com\/product\/glucovix-forte-capsula-precio-mexico\/#breadcrumb","itemListElement":[{"@type":"ListItem","position":1,"name":"Home","item":"https:\/\/www.todaykhoe.com\/"},{"@type":"ListItem","position":2,"name":"Shop","item":"https:\/\/www.todaykhoe.com\/shop\/"},{"@type":"ListItem","position":3,"name":"Glucovix Forte C\u00e1psula"}]},{"@type":"WebSite","@id":"https:\/\/www.todaykhoe.com\/#website","url":"https:\/\/www.todaykhoe.com\/","name":"TodayKh\u1ecfe.Com","description":"Healthy Today, Fitness, Nutrition, Beauty, News!","publisher":{"@id":"https:\/\/www.todaykhoe.com\/#organization"},"potentialAction":[{"@type":"SearchAction","target":{"@type":"EntryPoint","urlTemplate":"https:\/\/www.todaykhoe.com\/?s={search_term_string}"},"query-input":{"@type":"PropertyValueSpecification","valueRequired":true,"valueName":"search_term_string"}}],"inLanguage":"mk-MK"},{"@type":"Organization","@id":"https:\/\/www.todaykhoe.com\/#organization","name":"TodayKh\u1ecfe.Com","url":"https:\/\/www.todaykhoe.com\/","logo":{"@type":"ImageObject","inLanguage":"mk-MK","@id":"https:\/\/www.todaykhoe.com\/#\/schema\/logo\/image\/","url":"https:\/\/www.todaykhoe.com\/wp-content\/uploads\/2025\/04\/Todaykhoe.png","contentUrl":"https:\/\/www.todaykhoe.com\/wp-content\/uploads\/2025\/04\/Todaykhoe.png","width":706,"height":159,"caption":"TodayKh\u1ecfe.Com"},"image":{"@id":"https:\/\/www.todaykhoe.com\/#\/schema\/logo\/image\/"}}]}},"_links":{"self":[{"href":"https:\/\/www.todaykhoe.com\/mk\/wp-json\/wp\/v2\/product\/113177","targetHints":{"allow":["GET"]}}],"collection":[{"href":"https:\/\/www.todaykhoe.com\/mk\/wp-json\/wp\/v2\/product"}],"about":[{"href":"https:\/\/www.todaykhoe.com\/mk\/wp-json\/wp\/v2\/types\/product"}],"replies":[{"embeddable":true,"href":"https:\/\/www.todaykhoe.com\/mk\/wp-json\/wp\/v2\/comments?post=113177"}],"wp:featuredmedia":[{"embeddable":true,"href":"https:\/\/www.todaykhoe.com\/mk\/wp-json\/wp\/v2\/media\/113178"}],"wp:attachment":[{"href":"https:\/\/www.todaykhoe.com\/mk\/wp-json\/wp\/v2\/media?parent=113177"}],"wp:term":[{"taxonomy":"product_brand","embeddable":true,"href":"https:\/\/www.todaykhoe.com\/mk\/wp-json\/wp\/v2\/product_brand?post=113177"},{"taxonomy":"product_cat","embeddable":true,"href":"https:\/\/www.todaykhoe.com\/mk\/wp-json\/wp\/v2\/product_cat?post=113177"},{"taxonomy":"product_tag","embeddable":true,"href":"https:\/\/www.todaykhoe.com\/mk\/wp-json\/wp\/v2\/product_tag?post=113177"}],"curies":[{"name":"wp","href":"https:\/\/api.w.org\/{rel}","templated":true}]}}