{"id":163618,"date":"2026-03-26T09:28:08","date_gmt":"2026-03-26T09:28:08","guid":{"rendered":"https:\/\/www.todaykhoe.com\/?post_type=product&#038;p=163618"},"modified":"2026-03-26T09:29:06","modified_gmt":"2026-03-26T09:29:06","slug":"ostelix-hondro-czech-republic","status":"publish","type":"product","link":"https:\/\/www.todaykhoe.com\/id\/product\/ostelix-hondro-czech-republic\/","title":{"rendered":"Ostelix Hondro Czech Republic"},"content":{"rendered":"<p>Kloubn\u00ed a svalov\u00e9 nepohodl\u00ed je pro aktivn\u00ed lidi velk\u00fdm probl\u00e9mem. Artritida, p\u0159irozen\u00e9 opot\u0159eben\u00ed a p\u0159et\u00ed\u017een\u00ed zp\u016fsobuj\u00ed v \u010cesk\u00e9 republice st\u00e1le v\u011bt\u0161\u00ed bolesti kolen, lokt\u016f, rukou a zad. Naj\u00edt produkt s okam\u017eitou \u00falevou a bez ne\u017e\u00e1douc\u00edch \u00fa\u010dink\u016f m\u016f\u017ee b\u00fdt t\u011b\u017ek\u00e9. Ostelix Hondro Gel je d\u016fv\u011bryhodn\u00e1 a \u00fa\u010dinn\u00e1 volba. \u010ce\u0161t\u00ed spot\u0159ebitel\u00e9 miluj\u00ed tento revolu\u010dn\u00ed gel, proto\u017ee p\u0159\u00edmo c\u00edl\u00ed na bolest a poskytuje rychlou \u00falevu. \u010ct\u011bte d\u00e1le a zjist\u011bte, pro\u010d je tento lok\u00e1ln\u00ed l\u00e9k na bolest kloub\u016f a mobilitu obl\u00edben\u00fd v Praze, Brn\u011b a Ostrav\u011b.<\/p>\n<p style=\"text-align: center;\"><span style=\"font-size: 24pt;\"><a href=\"https:\/\/www.todaykhoe.com\/buy-ostelix-hondro-cz\"><strong>KONTAKTUJTE PRO V\u0160ECHNO &#8211; MO\u017dNOST PLATBY NA DOB\u00cdRKU<\/strong><\/a><\/span><\/p>\n<h2><a href=\"https:\/\/www.todaykhoe.com\/product\/ostelix-hondro-czech-republic\/\">Ostelix Hondro<\/a> Gel?<\/h2>\n<p>Ostelix Hondro Gel l\u00e9\u010d\u00ed bolesti kloub\u016f a sval\u016f lok\u00e1ln\u011b. Tento gel pronik\u00e1 hluboko do k\u016f\u017ee a o\u0161et\u0159uje probl\u00e9movou oblast, na rozd\u00edl od peror\u00e1ln\u00edch l\u00e9k\u016f, kter\u00e9 ovliv\u0148uj\u00ed tr\u00e1vic\u00ed syst\u00e9m. Tento gel poskytuje rychlou a dlouhodobou \u00falevu d\u00edky vysoce kvalitn\u00edm aktivn\u00edm slo\u017ek\u00e1m.<\/p>\n<p>V \u010cesk\u00e9 republice je Ostelix Hondro Gel origin\u00e1ln\u00edm produktem pro artritidu, revmatismus a rann\u00ed ztuhlost. Gelov\u00e9 slo\u017een\u00ed se rychle vst\u0159eb\u00e1v\u00e1, ani\u017e by zanech\u00e1valo zbytky na oble\u010den\u00ed, a snadno se aplikuje. Pom\u00e1h\u00e1 tak\u00e9 obnovit funkci kloub\u016f a je bezpe\u010dn\u00fd pro dlouhodob\u00e9 pou\u017e\u00edv\u00e1n\u00ed. Najd\u011bte si skute\u010dn\u00fd Ostelix Hondro Gel \u010cesk\u00e1 republika, abyste se vyhnuli pad\u011blk\u016fm a zajistili si \u00fa\u010dinnost.<\/p>\n<h3>Slo\u017een\u00ed<\/h3>\n<p>Siln\u00e1 kombinace p\u0159\u00edrodn\u00edch a biotechnologick\u00fdch aktivn\u00edch l\u00e1tek \u010din\u00ed Ostelix Hondro Gel \u00fa\u010dinn\u00fdm. Ka\u017ed\u00e1 slo\u017eka byla vybr\u00e1na tak, aby maximalizovala \u00falevu od bolesti, sn\u00ed\u017een\u00ed z\u00e1n\u011btu a regeneraci pojivov\u00e9 tk\u00e1n\u011b.<\/p>\n<ul>\n<li><strong>Glukosamin:<\/strong> Nezbytn\u00fd pro hojen\u00ed kloubn\u00ed chrupavky, sni\u017euje t\u0159en\u00ed a zlep\u0161uje flexibilitu.<\/li>\n<li><strong>Chondroitin:<\/strong> Poskytuje flexibilitu a p\u016fsob\u00ed jako p\u0159irozen\u00fd tlumi\u010d n\u00e1raz\u016f, \u010d\u00edm\u017e zabra\u0148uje opot\u0159eben\u00ed chrupavky.<\/li>\n<li><strong>Extrakt z arniky:<\/strong> Protiz\u00e1n\u011btliv\u00e9 a analgetick\u00e9 vlastnosti l\u00e9\u010d\u00ed hrboly, podvrtnut\u00ed a bolesti sval\u016f.<\/li>\n<li><strong>Mentol:<\/strong> P\u0159\u00edmo chlad\u00ed, zm\u00edr\u0148uje povrchovou bolest a podporuje krevn\u00ed ob\u011bh.<\/li>\n<li><strong>Kafr:<\/strong> Sni\u017euje svalov\u00e9 nap\u011bt\u00ed a ztuhlost.<\/li>\n<li><strong>Boswellia serrata:<\/strong> Siln\u00fd p\u0159\u00edrodn\u00ed protiz\u00e1n\u011btliv\u00fd prost\u0159edek, kter\u00fd inhibuje enzymy ni\u010d\u00edc\u00ed chrupavku.<\/li>\n<li><strong>Vitam\u00edn E:<\/strong> Chr\u00e1n\u00ed bu\u0148ky p\u0159ed voln\u00fdmi radik\u00e1ly a podporuje zdrav\u00ed poko\u017eky b\u011bhem terapie.<\/li>\n<\/ul>\n<p>Slo\u017een\u00ed a v\u00fdhody Ostelix Hondro Gel spl\u0148uj\u00ed pot\u0159eby komplexn\u00ed terapie bolesti d\u00edky t\u00e9to synergii.<\/p>\n<h3>Jak produkt funguje?<\/h3>\n<p>Ostelix Hondro Gel funguje jednodu\u0161e, ale efektivn\u011b. D\u00edky sv\u00e9 vynikaj\u00edc\u00ed absorp\u010dn\u00ed technice pronik\u00e1 gel do derm\u00e1ln\u00edch vrstev \u010dist\u00e9 poko\u017eky a dod\u00e1v\u00e1 aktivn\u00ed l\u00e1tky.<\/p>\n<ul>\n<li><strong>Rychl\u00e1 absorpce<\/strong>: Slo\u017eky jako mentol a kafr poskytuj\u00ed rychlou a osv\u011b\u017euj\u00edc\u00ed \u00falevu, p\u0159eru\u0161uj\u00ed sign\u00e1ly bolesti do mozku. \u00daleva p\u0159ich\u00e1z\u00ed b\u011bhem n\u011bkolika minut.<\/li>\n<li><strong>Protiz\u00e1n\u011btliv\u00fd \u00fa\u010dinek:<\/strong> Arnika a Boswellia p\u0159\u00edmo ovliv\u0148uj\u00ed z\u00e1n\u011btliv\u00e9 medi\u00e1tory. To sni\u017euje artritidu a otoky kloub\u016f souvisej\u00edc\u00ed se zran\u011bn\u00edm.<\/li>\n<li><strong>Dlouhodob\u00e1 regenerace chrupavky:<\/strong> Glukosamin a chondroitin napom\u00e1haj\u00ed obnov\u011b pojivov\u00e9 tk\u00e1n\u011b. Derm\u00e1ln\u00ed absorpce dod\u00e1v\u00e1 tyto \u017eiviny do krevn\u00edho ob\u011bhu, aby vy\u017eivovaly po\u0161kozenou chrupavku.<\/li>\n<li><strong>Zlep\u0161en\u00e1 mobilita:<\/strong> Sn\u00ed\u017een\u00e1 bolest a z\u00e1n\u011bt zvy\u0161uj\u00ed rozsah pohybu u\u017eivatele. To je nezbytn\u00e9 pro ch\u016fzi, stoup\u00e1n\u00ed do schod\u016f a zved\u00e1n\u00ed b\u0159emen bez bolesti.<\/li>\n<\/ul>\n<h3>V\u00fdhody<\/h3>\n<p>Ostelix Hondro Gel m\u00e1 mnoho v\u00fdhod pro p\u00e9\u010di o klouby a svaly.<\/p>\n<ul>\n<li><strong>Okam\u017eit\u00e1 \u00faleva:<\/strong> Osv\u011b\u017euj\u00edc\u00ed slo\u017een\u00ed zm\u00edr\u0148uje nepohodl\u00ed po aplikaci.<\/li>\n<li><strong>Sn\u00ed\u017een\u00fd z\u00e1n\u011bt:<\/strong> \u00da\u010dinn\u011b sni\u017euje otoky zp\u016fsoben\u00e9 artritidou a revmatizmem.<\/li>\n<li><strong>Zvy\u0161uje flexibilitu:<\/strong> Obnovuje ztuhl\u00e9 klouby, zejm\u00e9na r\u00e1no.<\/li>\n<li><strong>Bezpe\u010dn\u00e9 topick\u00e9 pou\u017eit\u00ed:<\/strong> Sni\u017euje ne\u017e\u00e1douc\u00ed \u00fa\u010dinky peror\u00e1ln\u00edho analgetika t\u00edm, \u017ee se vyh\u00fdb\u00e1 tr\u00e1vic\u00edmu traktu.<\/li>\n<li><strong>V\u0161estrann\u00fd:<\/strong> L\u00e9\u010d\u00ed chronickou bolest kloub\u016f (artritida) a akutn\u00ed svalov\u00e1 poran\u011bn\u00ed (v\u00fdrony, kontraktury).<\/li>\n<li><strong>Nemastn\u00e1 textura:<\/strong> Zcela se vst\u0159eb\u00e1v\u00e1, ani\u017e by zanech\u00e1val skvrny na od\u011bvu, co\u017e umo\u017e\u0148uje ka\u017edodenn\u00ed pou\u017eit\u00ed.<\/li>\n<li><strong>Podpora sval\u016f:<\/strong> Napom\u00e1h\u00e1 zdrav\u00ed kloub\u016f a podporuje celkovou regeneraci uvoln\u011bn\u00edm okoln\u00edch sval\u016f.<\/li>\n<\/ul>\n<h3>Pro\u010d Ostelix Hondro Gel?<\/h3>\n<p>Ostelix Hondro Gel je z mnoha d\u016fvod\u016f nejlep\u0161\u00edm produktem proti bolesti v \u010cesk\u00e9 republice.<\/p>\n<p>Tento origin\u00e1ln\u00ed produkt spl\u0148uje p\u0159\u00edsn\u00e1 krit\u00e9ria kvality. Jeho zakoupen\u00edm na webov\u00fdch str\u00e1nk\u00e1ch Ostelix Hondro Gel \u010cesk\u00e1 republika z\u00edsk\u00e1te kompletn\u00ed slo\u017een\u00ed se spr\u00e1vnou koncentrac\u00ed aktivn\u00edch l\u00e1tek pro viditeln\u00e9 v\u00fdsledky.<\/p>\n<p>Za druh\u00e9, jeho dvoj\u00ed strategie (rychl\u00e1 \u00faleva + dlouhodob\u00e1 oprava) ho \u010din\u00ed vhodn\u00fdm jak pro do\u010dasnou \u00falevu od bolesti, tak pro l\u00e9\u010dbu bolesti kloub\u016f. Tradi\u010dn\u00ed kr\u00e9my poskytuj\u00ed pouze povrchov\u00e9 teplo nebo chlad; tento gel vy\u017eivuje chrupavku.<\/p>\n<p>A kone\u010dn\u011b, dal\u0161\u00ed dobr\u00e9 recenze na Ostelix Hondro Gel, kter\u00e9 dokazuj\u00ed jeho \u00fa\u010dinnost. \u010ce\u0161t\u00ed u\u017eivatel\u00e9 uv\u00e1d\u011bj\u00ed, \u017ee zlep\u0161uje kvalitu \u017eivota bez NSAID, kter\u00e9 mohou zp\u016fsobovat \u017ealude\u010dn\u00ed nevolnost.<\/p>\n<p style=\"text-align: center;\"><span style=\"font-size: 24pt;\"><a href=\"https:\/\/www.todaykhoe.com\/buy-ostelix-hondro-cz\"><strong>KONTAKTUJTE PRO V\u0160ECHNO &#8211; MO\u017dNOST PLATBY NA DOB\u00cdRKU<\/strong><\/a><\/span><\/p>\n<h3>U\u017eivatelsk\u00e9 recenze<\/h3>\n<p>Recenze z\u00e1kazn\u00edk\u016f ukazuj\u00ed spokojenost s v\u00fdsledky produktu.<\/p>\n<p><strong>\u2014 Jana Nov\u00e1kov\u00e1 Brno<\/strong><br \/>\nRychl\u00e1 \u00faleva od artritidy \u201eU\u017e l\u00e9ta trp\u00edm artritidou rukou. \u017d\u00e1dn\u00fd z m\u00fdch kr\u00e9m\u016f se s t\u00edmto nevyrovn\u00e1. Ostelix Hondro Gel sni\u017euje ztuhlost a nepohodl\u00ed b\u011bhem n\u011bkolika minut. Koup\u00edm si ho znovu. 100% doporu\u010duji.\u201c<\/p>\n<p><strong>\u2014 Ostrava, Petr Dvo\u0159\u00e1k<\/strong><br \/>\nSkv\u011bl\u00e9 pro sportovce \u201eJsem b\u011b\u017ekyn\u011b, kter\u00e1 \u010dasto trp\u00ed bolestmi kolen. Kamar\u00e1dka mi doporu\u010dila tento gel. Po tr\u00e9ninku s n\u00edm se zotavuje rychleji. Nem\u00e1m silnou v\u016fni ani lepkav\u00fd pocit. M\u016fj nov\u00fd spojenec.\u201c<\/p>\n<p><strong>\u2014 Eli\u0161ka Svobodov\u00e1 Plze\u0148<\/strong><br \/>\nDobr\u00e9 pro moje z\u00e1da \u201eBolest v doln\u00ed \u010d\u00e1sti zad mi br\u00e1nila ve sp\u00e1nku.Tento gel ud\u011blal rozd\u00edl hned od prvn\u00ed noci. Pro dlouhotrvaj\u00edc\u00ed \u00fa\u010dinky mus\u00edte b\u00fdt v aplikaci d\u016fsledn\u00ed, ale jinak je to skv\u011bl\u00fd produkt.\u201c<\/p>\n<p><strong>\u2014 Martin Kol\u00e1\u0159, Praha<\/strong><br \/>\nOrigin\u00e1ln\u00ed a \u00fa\u010dinn\u00fd produkt \u201eKoupil jsem si ho na ofici\u00e1ln\u00edch str\u00e1nk\u00e1ch, abych se ujistil o jeho pravosti. Dod\u00e1n\u00ed bylo rychl\u00e9. L\u00edb\u00ed se mi, jak p\u016fsob\u00ed na ramena. Bolest je t\u00e9m\u011b\u0159 pry\u010d. Ostelix Hondro Gel funguje.&#8221;<\/p>\n<h3>Jak pou\u017e\u00edvat Ostelix Hondro Gel?<\/h3>\n<p>Ostelix Hondro Gel funguje nejl\u00e9pe p\u0159i pou\u017eit\u00ed podle pokyn\u016f.<\/p>\n<p>Naneste gel velkoryse na kolena, lokty, ruce, z\u00e1da nebo krk. Lehce mas\u00edrujte krou\u017eiv\u00fdmi pohyby, aby se gel vst\u0159ebal. Doporu\u010duje se pou\u017e\u00edvat 2\u20133kr\u00e1t denn\u011b. Po ka\u017ed\u00e9m pou\u017eit\u00ed si umyjte ruce, abyste se vyhnuli kontaktu s o\u010dima a sliznicemi. U chronick\u00fdch onemocn\u011bn\u00ed, jako je artritida, se doporu\u010duje nep\u0159etr\u017eit\u00e9 pou\u017e\u00edv\u00e1n\u00ed po dobu alespo\u0148 4 t\u00fddn\u016f k regeneraci chrupavky. Nepou\u017e\u00edvejte na otev\u0159en\u00e9 r\u00e1ny nebo zan\u00edcenou k\u016f\u017ei.<\/p>\n<h3>V\u00fdhody, nev\u00fdhody<\/h3>\n<p><strong>V\u00fdhody<\/strong><\/p>\n<ul>\n<li>Rychl\u00e1 lokalizovan\u00e1 \u00faleva od bolesti.<\/li>\n<li>Rychle se vst\u0159eb\u00e1v\u00e1 bez mastn\u00fdch zbytk\u016f.<\/li>\n<li>Regeneruje chrupavku a zm\u00edr\u0148uje bolest.<\/li>\n<li>P\u0159\u00edrodn\u00ed, bezpe\u010dn\u00e9 l\u00e1tky.<\/li>\n<li>Na artritidu, revmatismus a svalov\u00e9 pot\u00ed\u017ee.<\/li>\n<\/ul>\n<p><strong>Nev\u00fdhody<\/strong><\/p>\n<ul>\n<li>Nekupujte v supermarketech \u2013 pouze v ofici\u00e1ln\u00edch prodejn\u00e1ch.<\/li>\n<li>Pro dlouhodob\u00e9 v\u00fdsledky je nutn\u00fd doklad o pou\u017eit\u00ed.<\/li>\n<\/ul>\n<h3>Kde koupit Ostelix Hondro Gel?<\/h3>\n<ul>\n<li>Pouze ofici\u00e1ln\u00ed webov\u00e9 str\u00e1nky Ostelix Hondro Gel \u010cesk\u00e1 republika v\u00e1m mohou zaru\u010dit, \u017ee obdr\u017e\u00edte origin\u00e1ln\u00ed produkt.<\/li>\n<li>Nejlep\u0161\u00ed ceny, jedine\u010dn\u00e9 nab\u00eddky a \u00daspory p\u0159i v\u00edcen\u00e1sobn\u00e9m n\u00e1kupu jsou zde.<\/li>\n<li>Vyhn\u011bte se neleg\u00e1ln\u00edm platform\u00e1m t\u0159et\u00edch stran, abyste zajistili pravost produktu a bezpe\u010dnost transakc\u00ed.<\/li>\n<\/ul>\n<h3>\u010casto kladen\u00e9 ot\u00e1zky<\/h3>\n<p><strong>Ot\u00e1zka 1. L\u00e9\u010d\u00ed Ostelix Hondro Gel revmatoidn\u00ed artritidu?<\/strong><br \/>\nOdpov\u011b\u010f: Ano, jeho protiz\u00e1n\u011btliv\u00e9 slo\u017eky zm\u00edr\u0148uj\u00ed bolest a z\u00e1n\u011bt p\u0159i revmatoidn\u00ed artritid\u011b a zlep\u0161uj\u00ed kvalitu \u017eivota.<\/p>\n<p><strong>Ot\u00e1zka 2. Mohu tento gel pou\u017e\u00edvat s l\u00e9ky proti bolesti v \u00fastech?<\/strong><br \/>\nOdpov\u011b\u010f: P\u0159i lok\u00e1ln\u00ed aplikaci neexistuj\u00ed \u017e\u00e1dn\u00e9 kontraindikace. M\u00e1te-li konkr\u00e9tn\u00ed dotazy, zeptejte se sv\u00e9ho l\u00e9ka\u0159e.<\/p>\n<p><strong>Ot\u00e1zka 3. Jak dlouho \u00fa\u010dinkuje?<\/strong><br \/>\nOdpov\u011b\u010f: Chladen\u00ed je okam\u017eit\u00e9. Hlubok\u00e1 \u00faleva od bolesti a z\u00e1n\u011btu se obvykle dostav\u00ed b\u011bhem 10\u201315 minut.<\/p>\n<p><strong>Ot\u00e1zka 4. Kde je nejlep\u0161\u00ed \u010desk\u00e1 cena?<\/strong><br \/>\nOdpov\u011b\u010f: Ostelix Hondro Gel za nejlep\u0161\u00ed cenu v \u010cesk\u00e9 republice je k dispozici pouze na ofici\u00e1ln\u00edch webov\u00fdch str\u00e1nk\u00e1ch, kde \u010dasto poskytuj\u00ed slevy.<\/p>\n<p><strong>Ot\u00e1zka 5. Je bezpe\u010dn\u00fd pro t\u011bhotn\u00e9 \u017eeny?<\/strong><br \/>\nOdpov\u011b\u010f: Obecn\u011b by se t\u011bhotn\u00e9 nebo koj\u00edc\u00ed \u017eeny m\u011bly poradit se sv\u00fdm l\u00e9ka\u0159em, ne\u017e za\u010dnete u\u017e\u00edvat jak\u00fdkoli lok\u00e1ln\u00ed p\u0159\u00edpravek.<\/p>\n<p><strong>Ot\u00e1zka 6. Pom\u00e1h\u00e1 tento gel pouze na kolena?<\/strong><br \/>\nOdpov\u011b\u010f: Je p\u0159izp\u016fsobiv\u00fd. Pro \u00falevu od svalov\u00fdch a kloubn\u00edch bolest\u00ed jej aplikujte na ramena, lokty, z\u00e1p\u011bst\u00ed, kotn\u00edky, z\u00e1da a krk.<\/p>\n<p><strong>Ot\u00e1zka 7. Co se stane, kdy\u017e p\u0159estanu p\u0159\u00edpravek pou\u017e\u00edvat?<\/strong><br \/>\nOdpov\u011b\u010f: I kdy\u017e se regenera\u010dn\u00ed v\u00fdhody mohou po ukon\u010den\u00ed l\u00e9\u010dby sn\u00ed\u017eit, akutn\u00ed \u00faleva od bolesti je zachov\u00e1na.<\/p>\n<h3>Z\u00e1v\u011br<\/h3>\n<p>Pro \u010cechy, kte\u0159\u00ed hledaj\u00ed bezpe\u010dnou a \u00fa\u010dinnou \u00falevu od bolesti kloub\u016f a sval\u016f, je Ostelix Hondro Gel kompletn\u00edm \u0159e\u0161en\u00edm. Tento gel p\u0159ekon\u00e1v\u00e1 typick\u00e9 terapie d\u00edky sv\u00fdm aktivn\u00edm slo\u017ek\u00e1m, kter\u00e9 sni\u017euj\u00ed bolest a regeneruj\u00ed chrupavku. Kupte si origin\u00e1ln\u00ed produkt na ofici\u00e1ln\u00edch webov\u00fdch str\u00e1nk\u00e1ch pro mobilitu, pohodu a kvalitu \u017eivota. Ostelix Hondro Gel obnovuje mobilitu.<\/p>\n<p style=\"text-align: center;\"><span style=\"font-size: 24pt;\"><a href=\"https:\/\/www.todaykhoe.com\/buy-ostelix-hondro-cz\"><strong>KONTAKTUJTE PRO V\u0160ECHNO &#8211; MO\u017dNOST PLATBY NA DOB\u00cdRKU<\/strong><\/a><\/span><\/p>\n","protected":false},"excerpt":{"rendered":"<ul>\n<li>Rychl\u00e1 lokalizovan\u00e1 \u00faleva od bolesti.<\/li>\n<li>Rychle se vst\u0159eb\u00e1v\u00e1 bez mastn\u00fdch zbytk\u016f.<\/li>\n<li>Regeneruje chrupavku a zm\u00edr\u0148uje bolest.<\/li>\n<\/ul>\n<p><a href=\"https:\/\/www.todaykhoe.com\/buy-ostelix-hondro-cz\"><strong>KONTAKTUJTE PRO V\u0160ECHNO &#8211; MO\u017dNOST PLATBY NA DOB\u00cdRKU<\/strong><\/a><\/p>\n","protected":false},"featured_media":163620,"comment_status":"open","ping_status":"closed","template":"","meta":[],"product_brand":[],"product_cat":[435],"product_tag":[],"class_list":{"0":"post-163618","1":"product","2":"type-product","3":"status-publish","4":"has-post-thumbnail","6":"product_cat-health","8":"first","9":"instock","10":"shipping-taxable","11":"product-type-external"},"yoast_head":"<!-- This site is optimized with the Yoast SEO plugin v27.3 - https:\/\/yoast.com\/product\/yoast-seo-wordpress\/ -->\n<title>Ostelix Hondro Czech Republic - gel na bolest kloub\u016f - Cena<\/title>\n<meta name=\"description\" content=\"Ostelix Hondro Czech Republic - gel na bolest kloub\u016f - Cena, Recenze, Je velmi u\u017eite\u010dn\u00fd p\u0159i bolestech kloub\u016f, pro dobr\u00e9 kosti, pro \u010ceskou republiku\" \/>\n<meta name=\"robots\" content=\"index, follow, max-snippet:-1, max-image-preview:large, max-video-preview:-1\" \/>\n<link rel=\"canonical\" href=\"https:\/\/www.todaykhoe.com\/product\/ostelix-hondro-czech-republic\/\" \/>\n<meta property=\"og:locale\" content=\"id_ID\" \/>\n<meta property=\"og:type\" content=\"article\" \/>\n<meta property=\"og:title\" content=\"Ostelix Hondro Czech Republic - gel na bolest kloub\u016f - Cena\" \/>\n<meta property=\"og:description\" content=\"Ostelix Hondro Czech Republic - gel na bolest kloub\u016f - Cena, Recenze, Je velmi u\u017eite\u010dn\u00fd p\u0159i bolestech kloub\u016f, pro dobr\u00e9 kosti, pro \u010ceskou republiku\" \/>\n<meta property=\"og:url\" content=\"https:\/\/www.todaykhoe.com\/product\/ostelix-hondro-czech-republic\/\" \/>\n<meta property=\"og:site_name\" content=\"TodayKh\u1ecfe.Com\" \/>\n<meta property=\"article:modified_time\" content=\"2026-03-26T09:29:06+00:00\" \/>\n<meta property=\"og:image\" content=\"https:\/\/www.todaykhoe.com\/wp-content\/uploads\/2026\/03\/Ostelix-Hondro.png\" \/>\n\t<meta property=\"og:image:width\" content=\"387\" \/>\n\t<meta property=\"og:image:height\" content=\"385\" \/>\n\t<meta property=\"og:image:type\" content=\"image\/png\" \/>\n<meta name=\"twitter:card\" content=\"summary_large_image\" \/>\n<meta name=\"twitter:label1\" content=\"Estimasi waktu membaca\" \/>\n\t<meta name=\"twitter:data1\" content=\"8 menit\" \/>\n<script type=\"application\/ld+json\" class=\"yoast-schema-graph\">{\"@context\":\"https:\\\/\\\/schema.org\",\"@graph\":[{\"@type\":\"WebPage\",\"@id\":\"https:\\\/\\\/www.todaykhoe.com\\\/product\\\/ostelix-hondro-czech-republic\\\/\",\"url\":\"https:\\\/\\\/www.todaykhoe.com\\\/product\\\/ostelix-hondro-czech-republic\\\/\",\"name\":\"Ostelix Hondro Czech Republic - gel na bolest kloub\u016f - Cena\",\"isPartOf\":{\"@id\":\"https:\\\/\\\/www.todaykhoe.com\\\/#website\"},\"primaryImageOfPage\":{\"@id\":\"https:\\\/\\\/www.todaykhoe.com\\\/product\\\/ostelix-hondro-czech-republic\\\/#primaryimage\"},\"image\":{\"@id\":\"https:\\\/\\\/www.todaykhoe.com\\\/product\\\/ostelix-hondro-czech-republic\\\/#primaryimage\"},\"thumbnailUrl\":\"https:\\\/\\\/www.todaykhoe.com\\\/wp-content\\\/uploads\\\/2026\\\/03\\\/Ostelix-Hondro.png\",\"datePublished\":\"2026-03-26T09:28:08+00:00\",\"dateModified\":\"2026-03-26T09:29:06+00:00\",\"description\":\"Ostelix Hondro Czech Republic - gel na bolest kloub\u016f - Cena, Recenze, Je velmi u\u017eite\u010dn\u00fd p\u0159i bolestech kloub\u016f, pro dobr\u00e9 kosti, pro \u010ceskou republiku\",\"breadcrumb\":{\"@id\":\"https:\\\/\\\/www.todaykhoe.com\\\/product\\\/ostelix-hondro-czech-republic\\\/#breadcrumb\"},\"inLanguage\":\"id\",\"potentialAction\":[{\"@type\":\"ReadAction\",\"target\":[\"https:\\\/\\\/www.todaykhoe.com\\\/product\\\/ostelix-hondro-czech-republic\\\/\"]}]},{\"@type\":\"ImageObject\",\"inLanguage\":\"id\",\"@id\":\"https:\\\/\\\/www.todaykhoe.com\\\/product\\\/ostelix-hondro-czech-republic\\\/#primaryimage\",\"url\":\"https:\\\/\\\/www.todaykhoe.com\\\/wp-content\\\/uploads\\\/2026\\\/03\\\/Ostelix-Hondro.png\",\"contentUrl\":\"https:\\\/\\\/www.todaykhoe.com\\\/wp-content\\\/uploads\\\/2026\\\/03\\\/Ostelix-Hondro.png\",\"width\":387,\"height\":385,\"caption\":\"Ostelix Hondro\"},{\"@type\":\"BreadcrumbList\",\"@id\":\"https:\\\/\\\/www.todaykhoe.com\\\/product\\\/ostelix-hondro-czech-republic\\\/#breadcrumb\",\"itemListElement\":[{\"@type\":\"ListItem\",\"position\":1,\"name\":\"Home\",\"item\":\"https:\\\/\\\/www.todaykhoe.com\\\/\"},{\"@type\":\"ListItem\",\"position\":2,\"name\":\"Shop\",\"item\":\"https:\\\/\\\/www.todaykhoe.com\\\/shop\\\/\"},{\"@type\":\"ListItem\",\"position\":3,\"name\":\"Ostelix Hondro Czech Republic\"}]},{\"@type\":\"WebSite\",\"@id\":\"https:\\\/\\\/www.todaykhoe.com\\\/#website\",\"url\":\"https:\\\/\\\/www.todaykhoe.com\\\/\",\"name\":\"TodayKh\u1ecfe.Com\",\"description\":\"Healthy Today, Fitness, Nutrition, Beauty, News!\",\"publisher\":{\"@id\":\"https:\\\/\\\/www.todaykhoe.com\\\/#organization\"},\"potentialAction\":[{\"@type\":\"SearchAction\",\"target\":{\"@type\":\"EntryPoint\",\"urlTemplate\":\"https:\\\/\\\/www.todaykhoe.com\\\/?s={search_term_string}\"},\"query-input\":{\"@type\":\"PropertyValueSpecification\",\"valueRequired\":true,\"valueName\":\"search_term_string\"}}],\"inLanguage\":\"id\"},{\"@type\":\"Organization\",\"@id\":\"https:\\\/\\\/www.todaykhoe.com\\\/#organization\",\"name\":\"TodayKh\u1ecfe.Com\",\"url\":\"https:\\\/\\\/www.todaykhoe.com\\\/\",\"logo\":{\"@type\":\"ImageObject\",\"inLanguage\":\"id\",\"@id\":\"https:\\\/\\\/www.todaykhoe.com\\\/#\\\/schema\\\/logo\\\/image\\\/\",\"url\":\"https:\\\/\\\/www.todaykhoe.com\\\/wp-content\\\/uploads\\\/2025\\\/04\\\/Todaykhoe.png\",\"contentUrl\":\"https:\\\/\\\/www.todaykhoe.com\\\/wp-content\\\/uploads\\\/2025\\\/04\\\/Todaykhoe.png\",\"width\":706,\"height\":159,\"caption\":\"TodayKh\u1ecfe.Com\"},\"image\":{\"@id\":\"https:\\\/\\\/www.todaykhoe.com\\\/#\\\/schema\\\/logo\\\/image\\\/\"}}]}<\/script>\n<!-- \/ Yoast SEO plugin. -->","yoast_head_json":{"title":"Ostelix Hondro Czech Republic - gel na bolest kloub\u016f - Cena","description":"Ostelix Hondro Czech Republic - gel na bolest kloub\u016f - Cena, Recenze, Je velmi u\u017eite\u010dn\u00fd p\u0159i bolestech kloub\u016f, pro dobr\u00e9 kosti, pro \u010ceskou republiku","robots":{"index":"index","follow":"follow","max-snippet":"max-snippet:-1","max-image-preview":"max-image-preview:large","max-video-preview":"max-video-preview:-1"},"canonical":"https:\/\/www.todaykhoe.com\/product\/ostelix-hondro-czech-republic\/","og_locale":"id_ID","og_type":"article","og_title":"Ostelix Hondro Czech Republic - gel na bolest kloub\u016f - Cena","og_description":"Ostelix Hondro Czech Republic - gel na bolest kloub\u016f - Cena, Recenze, Je velmi u\u017eite\u010dn\u00fd p\u0159i bolestech kloub\u016f, pro dobr\u00e9 kosti, pro \u010ceskou republiku","og_url":"https:\/\/www.todaykhoe.com\/product\/ostelix-hondro-czech-republic\/","og_site_name":"TodayKh\u1ecfe.Com","article_modified_time":"2026-03-26T09:29:06+00:00","og_image":[{"width":387,"height":385,"url":"https:\/\/www.todaykhoe.com\/wp-content\/uploads\/2026\/03\/Ostelix-Hondro.png","type":"image\/png"}],"twitter_card":"summary_large_image","twitter_misc":{"Estimasi waktu membaca":"8 menit"},"schema":{"@context":"https:\/\/schema.org","@graph":[{"@type":"WebPage","@id":"https:\/\/www.todaykhoe.com\/product\/ostelix-hondro-czech-republic\/","url":"https:\/\/www.todaykhoe.com\/product\/ostelix-hondro-czech-republic\/","name":"Ostelix Hondro Czech Republic - gel na bolest kloub\u016f - Cena","isPartOf":{"@id":"https:\/\/www.todaykhoe.com\/#website"},"primaryImageOfPage":{"@id":"https:\/\/www.todaykhoe.com\/product\/ostelix-hondro-czech-republic\/#primaryimage"},"image":{"@id":"https:\/\/www.todaykhoe.com\/product\/ostelix-hondro-czech-republic\/#primaryimage"},"thumbnailUrl":"https:\/\/www.todaykhoe.com\/wp-content\/uploads\/2026\/03\/Ostelix-Hondro.png","datePublished":"2026-03-26T09:28:08+00:00","dateModified":"2026-03-26T09:29:06+00:00","description":"Ostelix Hondro Czech Republic - gel na bolest kloub\u016f - Cena, Recenze, Je velmi u\u017eite\u010dn\u00fd p\u0159i bolestech kloub\u016f, pro dobr\u00e9 kosti, pro \u010ceskou republiku","breadcrumb":{"@id":"https:\/\/www.todaykhoe.com\/product\/ostelix-hondro-czech-republic\/#breadcrumb"},"inLanguage":"id","potentialAction":[{"@type":"ReadAction","target":["https:\/\/www.todaykhoe.com\/product\/ostelix-hondro-czech-republic\/"]}]},{"@type":"ImageObject","inLanguage":"id","@id":"https:\/\/www.todaykhoe.com\/product\/ostelix-hondro-czech-republic\/#primaryimage","url":"https:\/\/www.todaykhoe.com\/wp-content\/uploads\/2026\/03\/Ostelix-Hondro.png","contentUrl":"https:\/\/www.todaykhoe.com\/wp-content\/uploads\/2026\/03\/Ostelix-Hondro.png","width":387,"height":385,"caption":"Ostelix Hondro"},{"@type":"BreadcrumbList","@id":"https:\/\/www.todaykhoe.com\/product\/ostelix-hondro-czech-republic\/#breadcrumb","itemListElement":[{"@type":"ListItem","position":1,"name":"Home","item":"https:\/\/www.todaykhoe.com\/"},{"@type":"ListItem","position":2,"name":"Shop","item":"https:\/\/www.todaykhoe.com\/shop\/"},{"@type":"ListItem","position":3,"name":"Ostelix Hondro Czech Republic"}]},{"@type":"WebSite","@id":"https:\/\/www.todaykhoe.com\/#website","url":"https:\/\/www.todaykhoe.com\/","name":"TodayKh\u1ecfe.Com","description":"Healthy Today, Fitness, Nutrition, Beauty, News!","publisher":{"@id":"https:\/\/www.todaykhoe.com\/#organization"},"potentialAction":[{"@type":"SearchAction","target":{"@type":"EntryPoint","urlTemplate":"https:\/\/www.todaykhoe.com\/?s={search_term_string}"},"query-input":{"@type":"PropertyValueSpecification","valueRequired":true,"valueName":"search_term_string"}}],"inLanguage":"id"},{"@type":"Organization","@id":"https:\/\/www.todaykhoe.com\/#organization","name":"TodayKh\u1ecfe.Com","url":"https:\/\/www.todaykhoe.com\/","logo":{"@type":"ImageObject","inLanguage":"id","@id":"https:\/\/www.todaykhoe.com\/#\/schema\/logo\/image\/","url":"https:\/\/www.todaykhoe.com\/wp-content\/uploads\/2025\/04\/Todaykhoe.png","contentUrl":"https:\/\/www.todaykhoe.com\/wp-content\/uploads\/2025\/04\/Todaykhoe.png","width":706,"height":159,"caption":"TodayKh\u1ecfe.Com"},"image":{"@id":"https:\/\/www.todaykhoe.com\/#\/schema\/logo\/image\/"}}]}},"_links":{"self":[{"href":"https:\/\/www.todaykhoe.com\/id\/wp-json\/wp\/v2\/product\/163618","targetHints":{"allow":["GET"]}}],"collection":[{"href":"https:\/\/www.todaykhoe.com\/id\/wp-json\/wp\/v2\/product"}],"about":[{"href":"https:\/\/www.todaykhoe.com\/id\/wp-json\/wp\/v2\/types\/product"}],"replies":[{"embeddable":true,"href":"https:\/\/www.todaykhoe.com\/id\/wp-json\/wp\/v2\/comments?post=163618"}],"wp:featuredmedia":[{"embeddable":true,"href":"https:\/\/www.todaykhoe.com\/id\/wp-json\/wp\/v2\/media\/163620"}],"wp:attachment":[{"href":"https:\/\/www.todaykhoe.com\/id\/wp-json\/wp\/v2\/media?parent=163618"}],"wp:term":[{"taxonomy":"product_brand","embeddable":true,"href":"https:\/\/www.todaykhoe.com\/id\/wp-json\/wp\/v2\/product_brand?post=163618"},{"taxonomy":"product_cat","embeddable":true,"href":"https:\/\/www.todaykhoe.com\/id\/wp-json\/wp\/v2\/product_cat?post=163618"},{"taxonomy":"product_tag","embeddable":true,"href":"https:\/\/www.todaykhoe.com\/id\/wp-json\/wp\/v2\/product_tag?post=163618"}],"curies":[{"name":"wp","href":"https:\/\/api.w.org\/{rel}","templated":true}]}}