{"id":154179,"date":"2025-09-03T10:30:29","date_gmt":"2025-09-03T10:30:29","guid":{"rendered":"https:\/\/todaykhoe.com\/?post_type=product&#038;p=154179"},"modified":"2025-09-03T10:30:45","modified_gmt":"2025-09-03T10:30:45","slug":"aclimax-kapseln-germany","status":"publish","type":"product","link":"https:\/\/www.todaykhoe.com\/id\/product\/aclimax-kapseln-germany\/","title":{"rendered":"Aclimax Kapseln DE"},"content":{"rendered":"<p><a href=\"https:\/\/todaykhoe.com\/product\/aclimax-kapseln-germany\/\">Aclimax<\/a> hilft, Wechseljahrsbeschwerden zu kontrollieren und Gesundheit, Vitalit\u00e4t und Selbstvertrauen zu erhalten. Die Schwestern waren die ersten Reality-TV-Kandidatinnen, die von allen f\u00fcnf Investoren Anerkennung und Investitionsangebote erhielten. Nach der Show feierten die Schwestern mit Wein und Kuchen. Aclimax hat die Gesundheit von Frauen verbessert, sagen Kapselforscher. Der einzigartige Ansatz der Schwestern f\u00fcr Gesundheit und Selbstvertrauen von Frauen erfreut sich wachsender Beliebtheit.<\/p>\n<p style=\"text-align: center;\"><a href=\"https:\/\/todaykhoe.com\/kaufen-aclimax-de\"><span style=\"font-size: 24pt;\"><strong>KONTAKT F\u00dcR ALLES &#8211; NACHNAHME M\u00d6GLICH<\/strong><\/span><\/a><\/p>\n<h2>Aclimax-Pillen zielen darauf ab:<\/h2>\n<ul>\n<li>Nachtschwei\u00df und Hitzewallungen zu reduzieren<\/li>\n<li>Angstzust\u00e4nde und Stimmungsschwankungen zu verringern<\/li>\n<li>Schlaf wiederherzustellen und M\u00fcdigkeit zu reduzieren<\/li>\n<li>Hautgesundheit, Faltenreduzierung und Trockenheit<\/li>\n<li>Knochenst\u00e4rke aufzubauen und Osteoporose vorzubeugen<\/li>\n<li>Die ersten Wochen steigern das Selbstwertgef\u00fchl und das Wohlbefinden.<\/li>\n<\/ul>\n<h3>KENNEN SIE DIESE SYMPTOME?<\/h3>\n<ul>\n<li>Hitze und K\u00e4lte<\/li>\n<li>Allgemeine M\u00fcdigkeit und Schw\u00e4che<\/li>\n<li>Gereiztheit, Stimmungsschwankungen<\/li>\n<li>Schnelle Gewichtszunahme ohne Ern\u00e4hrungsumstellung<\/li>\n<li>H\u00e4ufiges Aufwachen, Schlaflosigkeit<\/li>\n<li>Unangenehme sexuelle Aktivit\u00e4ten<\/li>\n<li>Verfallende Haare und N\u00e4gel, trockene Haut<\/li>\n<li>Gelenkschmerzen k\u00f6nnen das Selbstvertrauen beeintr\u00e4chtigen.<\/li>\n<\/ul>\n<p>Wenn Sie diese Symptome haben, handeln Sie jetzt! Aclimax hilft Ihnen, gesund und entspannt in ein neues Leben zu starten!<\/p>\n<h3>Klinisch nachgewiesene Ergebnisse<\/h3>\n<p>Klinische Studien belegen die Sicherheit und Wirksamkeit von Aclimax f\u00fcr Frauen in den Wechseljahren. Ich empfehle Aclimax Patientinnen. Diese Creme lindert sofort Hitzewallungen, Unwohlsein, Schlaflosigkeit und Scheidentrockenheit.<\/p>\n<p>Wohlbefinden, Gewichtsverlust, Faltenreduzierung und Selbstvertrauen werden durch Aclimax verbessert. Dieses Produkt hilft Frauen, mit den nat\u00fcrlichen k\u00f6rperlichen Ver\u00e4nderungen in herausfordernden Zeiten umzugehen.<\/p>\n<p>Als \u00c4rztin strebe ich danach, die Gesundheit meiner Patientinnen ohne Nebenwirkungen zu verbessern. Die hochwertigen pflanzlichen Inhaltsstoffe von Aclimax verbessern die Gesundheit und Lebensqualit\u00e4t von Frauen, daher empfehle ich es.<\/p>\n<ul>\n<li>Reduziert Hitzewallungen<\/li>\n<li>Normalisiert den Hormonhaushalt<\/li>\n<li>Reduziert Wut und Stimmungsschwankungen<\/li>\n<li>Verbessert den Schlaf und lindert Wechseljahrsbeschwerden.<\/li>\n<\/ul>\n<p style=\"text-align: center;\"><span style=\"font-size: 24pt;\"><a href=\"https:\/\/todaykhoe.com\/kaufen-aclimax-de\"><strong>KONTAKT F\u00dcR ALLES &#8211; NACHNAHME M\u00d6GLICH<\/strong><\/a><\/span><\/p>\n<h3>Bewertungen zu ACLImax<\/h3>\n<blockquote><p><strong>Marina: Dank Aclimax ist meine Stimmung dieses Jahr viel besser. Dieses Mittel ist f\u00fcr alle Frauen, unabh\u00e4ngig vom Alter. Es lindert Wechseljahrsbeschwerden und stoppt deren Fortschreiten!<\/strong><\/p>\n<p><strong>Eve: \u00c4rzte verschreiben Hormone in den Wechseljahren. Diese Medikamente haben schwerwiegende Nebenwirkungen. Der Versuch mit diesen Medikamenten hat meinen K\u00f6rper gesch\u00e4digt und belastet. Ein Teufelskreis aus Hitzewallungen und Schlaflosigkeit setzte sich fort.<\/strong><br \/>\n<strong>Ich wurde ges\u00fcnder und nahm letztes Jahr weniger Medikamente ein. Aclimax-Bewertungen brachten mich zu nat\u00fcrlichen Heilmitteln. Seit ich Tabletten nehme, bereue ich nichts! Hitzewallungen lie\u00dfen nach, der Schlaf verbesserte sich und die Stimmung stabilisierte sich nach Wochen. Sechs Monate nach der Einnahme von Aclimax bin ich ruhig und zuversichtlich!<\/strong><\/p>\n<p><strong>Anna: Ich bin zuf\u00e4llig auf Aclimax-Tabletten gesto\u00dfen. Stress und Sport verursachten fr\u00fcher Hitzewallungen und Unwohlsein. Meine Symptome hielten mich nachts wach und tags\u00fcber m\u00fcde. Nachdem hormonelle Medikamente versagt hatten, probierte ich nat\u00fcrliche Heilmittel aus. Aclimax-Kapseln stabilisierten meine Stimmung, reduzierten Hitzewallungen und halfen mir beim Schlafen. Auch mein Gesicht verbesserte sich! Meine Wechseljahrsbeschwerden sind mild.<\/strong><\/p>\n<p><strong>Carolina: Vor Kurzem traten die Wechseljahrsbeschwerden wieder auf. Ich war ungl\u00fccklich wegen Hitzewallungen, Schlaflosigkeit und Gereiztheit. Diese Symptome bestehen schon seit Jahren. Ruhe und eine ausgewogene Ern\u00e4hrung waren die \u00fcblichen Empfehlungen meines Arztes, aber das reichte nicht aus. Anstelle von Hormonen wurde mir Aclimax verabreicht. Der Arzt sagte mir, es w\u00fcrde nicht sofort wirken, aber eine regelm\u00e4\u00dfige Anwendung w\u00fcrde langfristige Vorteile ohne Nebenwirkungen bringen. Hitzewallungen lie\u00dfen nach und meine Stimmung besserte sich nach einigen Wochen. Die Vorbeugung von Wechseljahrsbeschwerden erfordert eine kontinuierliche Behandlung. Ich sch\u00e4tze dieses nat\u00fcrliche Heilmittel f\u00fcr meine wiederhergestellte Gesundheit.<\/strong><\/p><\/blockquote>\n<h3>Anwendung?<\/h3>\n<p>Zwei Kapseln vor dem Mittagessen, eine vor dem Abendessen! Die Wirkstoffe der Kapseln sind leber- und nierenfreundlich.<\/p>\n<h3>SO GEHT'S:<\/h3>\n<ul>\n<li>Bestellung \u00fcber das Bestellformular.<\/li>\n<li>Ein Experte ruft Sie zur Bestellerkl\u00e4rung an.<\/li>\n<li>Kein Risiko! Zahlung per Kreditkarte, Bank\u00fcberweisung oder Nachnahme.<\/li>\n<\/ul>\n<p>Achtung vor F\u00e4lschungen! Aufgrund der Beliebtheit von ACLIMAX werden gef\u00e4lschte Produkte g\u00fcnstig verkauft. Nur hier erhalten Sie Original zum Herstellerpreis!<\/p>\n<p style=\"text-align: center;\"><span style=\"font-size: 24pt;\"><a href=\"https:\/\/todaykhoe.com\/kaufen-aclimax-de\"><strong>KONTAKT F\u00dcR ALLES &#8211; NACHNAHME M\u00d6GLICH<\/strong><\/a><\/span><\/p>\n<p><a href=\"https:\/\/todaykhoe.com\/kaufen-aclimax-de\"><img loading=\"lazy\" decoding=\"async\" class=\"aligncenter size-full wp-image-154220\" src=\"https:\/\/todaykhoe.com\/wp-content\/uploads\/2025\/09\/Aclimax-Kapseln-Germany.png\" alt=\"Aclimax Kapseln Germany\" width=\"875\" height=\"578\" srcset=\"https:\/\/www.todaykhoe.com\/wp-content\/uploads\/2025\/09\/Aclimax-Kapseln-Germany.png 875w, https:\/\/www.todaykhoe.com\/wp-content\/uploads\/2025\/09\/Aclimax-Kapseln-Germany-300x198.png 300w, https:\/\/www.todaykhoe.com\/wp-content\/uploads\/2025\/09\/Aclimax-Kapseln-Germany-768x507.png 768w, https:\/\/www.todaykhoe.com\/wp-content\/uploads\/2025\/09\/Aclimax-Kapseln-Germany-600x396.png 600w\" sizes=\"auto, (max-width: 875px) 100vw, 875px\" \/><\/a><\/p>\n","protected":false},"excerpt":{"rendered":"<p>Aclimax hilft, Wechseljahrsbeschwerden zu kontrollieren und Gesundheit, Vitalit\u00e4t und Selbstvertrauen zu erhalten. Die Schwestern waren die ersten Reality-TV-Kandidatinnen, die von allen f\u00fcnf Investoren Anerkennung und Investitionsangebote erhielten. Nach der Show feierten die Schwestern mit Wein und Kuchen. Aclimax hat die Gesundheit von Frauen verbessert, sagen Kapselforscher. Der einzigartige Ansatz der Schwestern f\u00fcr Gesundheit und Selbstvertrauen [&hellip;]<\/p>\n","protected":false},"featured_media":154180,"comment_status":"open","ping_status":"closed","template":"","meta":[],"product_brand":[],"product_cat":[435],"product_tag":[],"class_list":{"0":"post-154179","1":"product","2":"type-product","3":"status-publish","4":"has-post-thumbnail","6":"product_cat-health","8":"first","9":"instock","10":"shipping-taxable","11":"product-type-simple"},"yoast_head":"<!-- This site is optimized with the Yoast SEO plugin v27.3 - https:\/\/yoast.com\/product\/yoast-seo-wordpress\/ -->\n<title>Aclimax Kapseln Germany: Unterst\u00fctzung in den Wechseljahren!<\/title>\n<meta name=\"description\" content=\"Aclimax Kapseln Germany: Unterst\u00fctzung in den Wechseljahren! Preis, Vorteile, Nebenwirkungen, Inhaltsstoffe, Erfahrungsberichte und Kauf in Deutschland.\" \/>\n<meta name=\"robots\" content=\"index, follow, max-snippet:-1, max-image-preview:large, max-video-preview:-1\" \/>\n<link rel=\"canonical\" href=\"https:\/\/www.todaykhoe.com\/product\/aclimax-kapseln-germany\/\" \/>\n<meta property=\"og:locale\" content=\"id_ID\" \/>\n<meta property=\"og:type\" content=\"article\" \/>\n<meta property=\"og:title\" content=\"Aclimax Kapseln Germany: Unterst\u00fctzung in den Wechseljahren!\" \/>\n<meta property=\"og:description\" content=\"Aclimax Kapseln Germany: Unterst\u00fctzung in den Wechseljahren! Preis, Vorteile, Nebenwirkungen, Inhaltsstoffe, Erfahrungsberichte und Kauf in Deutschland.\" \/>\n<meta property=\"og:url\" content=\"https:\/\/www.todaykhoe.com\/product\/aclimax-kapseln-germany\/\" \/>\n<meta property=\"og:site_name\" content=\"TodayKh\u1ecfe.Com\" \/>\n<meta property=\"article:modified_time\" content=\"2025-09-03T10:30:45+00:00\" \/>\n<meta property=\"og:image\" content=\"https:\/\/www.todaykhoe.com\/wp-content\/uploads\/2025\/09\/Aclimax-Germany.png\" \/>\n\t<meta property=\"og:image:width\" content=\"587\" \/>\n\t<meta property=\"og:image:height\" content=\"476\" \/>\n\t<meta property=\"og:image:type\" content=\"image\/png\" \/>\n<meta name=\"twitter:card\" content=\"summary_large_image\" \/>\n<meta name=\"twitter:label1\" content=\"Estimasi waktu membaca\" \/>\n\t<meta name=\"twitter:data1\" content=\"3 menit\" \/>\n<script type=\"application\/ld+json\" class=\"yoast-schema-graph\">{\"@context\":\"https:\\\/\\\/schema.org\",\"@graph\":[{\"@type\":\"WebPage\",\"@id\":\"https:\\\/\\\/www.todaykhoe.com\\\/product\\\/aclimax-kapseln-germany\\\/\",\"url\":\"https:\\\/\\\/www.todaykhoe.com\\\/product\\\/aclimax-kapseln-germany\\\/\",\"name\":\"Aclimax Kapseln Germany: Unterst\u00fctzung in den Wechseljahren!\",\"isPartOf\":{\"@id\":\"https:\\\/\\\/www.todaykhoe.com\\\/#website\"},\"primaryImageOfPage\":{\"@id\":\"https:\\\/\\\/www.todaykhoe.com\\\/product\\\/aclimax-kapseln-germany\\\/#primaryimage\"},\"image\":{\"@id\":\"https:\\\/\\\/www.todaykhoe.com\\\/product\\\/aclimax-kapseln-germany\\\/#primaryimage\"},\"thumbnailUrl\":\"https:\\\/\\\/www.todaykhoe.com\\\/wp-content\\\/uploads\\\/2025\\\/09\\\/Aclimax-Germany.png\",\"datePublished\":\"2025-09-03T10:30:29+00:00\",\"dateModified\":\"2025-09-03T10:30:45+00:00\",\"description\":\"Aclimax Kapseln Germany: Unterst\u00fctzung in den Wechseljahren! Preis, Vorteile, Nebenwirkungen, Inhaltsstoffe, Erfahrungsberichte und Kauf in Deutschland.\",\"breadcrumb\":{\"@id\":\"https:\\\/\\\/www.todaykhoe.com\\\/product\\\/aclimax-kapseln-germany\\\/#breadcrumb\"},\"inLanguage\":\"id\",\"potentialAction\":[{\"@type\":\"ReadAction\",\"target\":[\"https:\\\/\\\/www.todaykhoe.com\\\/product\\\/aclimax-kapseln-germany\\\/\"]}]},{\"@type\":\"ImageObject\",\"inLanguage\":\"id\",\"@id\":\"https:\\\/\\\/www.todaykhoe.com\\\/product\\\/aclimax-kapseln-germany\\\/#primaryimage\",\"url\":\"https:\\\/\\\/www.todaykhoe.com\\\/wp-content\\\/uploads\\\/2025\\\/09\\\/Aclimax-Germany.png\",\"contentUrl\":\"https:\\\/\\\/www.todaykhoe.com\\\/wp-content\\\/uploads\\\/2025\\\/09\\\/Aclimax-Germany.png\",\"width\":587,\"height\":476,\"caption\":\"Aclimax Germany\"},{\"@type\":\"BreadcrumbList\",\"@id\":\"https:\\\/\\\/www.todaykhoe.com\\\/product\\\/aclimax-kapseln-germany\\\/#breadcrumb\",\"itemListElement\":[{\"@type\":\"ListItem\",\"position\":1,\"name\":\"Home\",\"item\":\"https:\\\/\\\/www.todaykhoe.com\\\/\"},{\"@type\":\"ListItem\",\"position\":2,\"name\":\"Shop\",\"item\":\"https:\\\/\\\/www.todaykhoe.com\\\/shop\\\/\"},{\"@type\":\"ListItem\",\"position\":3,\"name\":\"Aclimax Kapseln DE\"}]},{\"@type\":\"WebSite\",\"@id\":\"https:\\\/\\\/www.todaykhoe.com\\\/#website\",\"url\":\"https:\\\/\\\/www.todaykhoe.com\\\/\",\"name\":\"TodayKh\u1ecfe.Com\",\"description\":\"Healthy Today, Fitness, Nutrition, Beauty, News!\",\"publisher\":{\"@id\":\"https:\\\/\\\/www.todaykhoe.com\\\/#organization\"},\"potentialAction\":[{\"@type\":\"SearchAction\",\"target\":{\"@type\":\"EntryPoint\",\"urlTemplate\":\"https:\\\/\\\/www.todaykhoe.com\\\/?s={search_term_string}\"},\"query-input\":{\"@type\":\"PropertyValueSpecification\",\"valueRequired\":true,\"valueName\":\"search_term_string\"}}],\"inLanguage\":\"id\"},{\"@type\":\"Organization\",\"@id\":\"https:\\\/\\\/www.todaykhoe.com\\\/#organization\",\"name\":\"TodayKh\u1ecfe.Com\",\"url\":\"https:\\\/\\\/www.todaykhoe.com\\\/\",\"logo\":{\"@type\":\"ImageObject\",\"inLanguage\":\"id\",\"@id\":\"https:\\\/\\\/www.todaykhoe.com\\\/#\\\/schema\\\/logo\\\/image\\\/\",\"url\":\"https:\\\/\\\/www.todaykhoe.com\\\/wp-content\\\/uploads\\\/2025\\\/04\\\/Todaykhoe.png\",\"contentUrl\":\"https:\\\/\\\/www.todaykhoe.com\\\/wp-content\\\/uploads\\\/2025\\\/04\\\/Todaykhoe.png\",\"width\":706,\"height\":159,\"caption\":\"TodayKh\u1ecfe.Com\"},\"image\":{\"@id\":\"https:\\\/\\\/www.todaykhoe.com\\\/#\\\/schema\\\/logo\\\/image\\\/\"}}]}<\/script>\n<!-- \/ Yoast SEO plugin. -->","yoast_head_json":{"title":"Aclimax Kapseln Germany: Unterst\u00fctzung in den Wechseljahren!","description":"Aclimax Kapseln Germany: Unterst\u00fctzung in den Wechseljahren! Preis, Vorteile, Nebenwirkungen, Inhaltsstoffe, Erfahrungsberichte und Kauf in Deutschland.","robots":{"index":"index","follow":"follow","max-snippet":"max-snippet:-1","max-image-preview":"max-image-preview:large","max-video-preview":"max-video-preview:-1"},"canonical":"https:\/\/www.todaykhoe.com\/product\/aclimax-kapseln-germany\/","og_locale":"id_ID","og_type":"article","og_title":"Aclimax Kapseln Germany: Unterst\u00fctzung in den Wechseljahren!","og_description":"Aclimax Kapseln Germany: Unterst\u00fctzung in den Wechseljahren! Preis, Vorteile, Nebenwirkungen, Inhaltsstoffe, Erfahrungsberichte und Kauf in Deutschland.","og_url":"https:\/\/www.todaykhoe.com\/product\/aclimax-kapseln-germany\/","og_site_name":"TodayKh\u1ecfe.Com","article_modified_time":"2025-09-03T10:30:45+00:00","og_image":[{"width":587,"height":476,"url":"https:\/\/www.todaykhoe.com\/wp-content\/uploads\/2025\/09\/Aclimax-Germany.png","type":"image\/png"}],"twitter_card":"summary_large_image","twitter_misc":{"Estimasi waktu membaca":"3 menit"},"schema":{"@context":"https:\/\/schema.org","@graph":[{"@type":"WebPage","@id":"https:\/\/www.todaykhoe.com\/product\/aclimax-kapseln-germany\/","url":"https:\/\/www.todaykhoe.com\/product\/aclimax-kapseln-germany\/","name":"Aclimax Kapseln Germany: Unterst\u00fctzung in den Wechseljahren!","isPartOf":{"@id":"https:\/\/www.todaykhoe.com\/#website"},"primaryImageOfPage":{"@id":"https:\/\/www.todaykhoe.com\/product\/aclimax-kapseln-germany\/#primaryimage"},"image":{"@id":"https:\/\/www.todaykhoe.com\/product\/aclimax-kapseln-germany\/#primaryimage"},"thumbnailUrl":"https:\/\/www.todaykhoe.com\/wp-content\/uploads\/2025\/09\/Aclimax-Germany.png","datePublished":"2025-09-03T10:30:29+00:00","dateModified":"2025-09-03T10:30:45+00:00","description":"Aclimax Kapseln Germany: Unterst\u00fctzung in den Wechseljahren! Preis, Vorteile, Nebenwirkungen, Inhaltsstoffe, Erfahrungsberichte und Kauf in Deutschland.","breadcrumb":{"@id":"https:\/\/www.todaykhoe.com\/product\/aclimax-kapseln-germany\/#breadcrumb"},"inLanguage":"id","potentialAction":[{"@type":"ReadAction","target":["https:\/\/www.todaykhoe.com\/product\/aclimax-kapseln-germany\/"]}]},{"@type":"ImageObject","inLanguage":"id","@id":"https:\/\/www.todaykhoe.com\/product\/aclimax-kapseln-germany\/#primaryimage","url":"https:\/\/www.todaykhoe.com\/wp-content\/uploads\/2025\/09\/Aclimax-Germany.png","contentUrl":"https:\/\/www.todaykhoe.com\/wp-content\/uploads\/2025\/09\/Aclimax-Germany.png","width":587,"height":476,"caption":"Aclimax Germany"},{"@type":"BreadcrumbList","@id":"https:\/\/www.todaykhoe.com\/product\/aclimax-kapseln-germany\/#breadcrumb","itemListElement":[{"@type":"ListItem","position":1,"name":"Home","item":"https:\/\/www.todaykhoe.com\/"},{"@type":"ListItem","position":2,"name":"Shop","item":"https:\/\/www.todaykhoe.com\/shop\/"},{"@type":"ListItem","position":3,"name":"Aclimax Kapseln DE"}]},{"@type":"WebSite","@id":"https:\/\/www.todaykhoe.com\/#website","url":"https:\/\/www.todaykhoe.com\/","name":"TodayKh\u1ecfe.Com","description":"Healthy Today, Fitness, Nutrition, Beauty, News!","publisher":{"@id":"https:\/\/www.todaykhoe.com\/#organization"},"potentialAction":[{"@type":"SearchAction","target":{"@type":"EntryPoint","urlTemplate":"https:\/\/www.todaykhoe.com\/?s={search_term_string}"},"query-input":{"@type":"PropertyValueSpecification","valueRequired":true,"valueName":"search_term_string"}}],"inLanguage":"id"},{"@type":"Organization","@id":"https:\/\/www.todaykhoe.com\/#organization","name":"TodayKh\u1ecfe.Com","url":"https:\/\/www.todaykhoe.com\/","logo":{"@type":"ImageObject","inLanguage":"id","@id":"https:\/\/www.todaykhoe.com\/#\/schema\/logo\/image\/","url":"https:\/\/www.todaykhoe.com\/wp-content\/uploads\/2025\/04\/Todaykhoe.png","contentUrl":"https:\/\/www.todaykhoe.com\/wp-content\/uploads\/2025\/04\/Todaykhoe.png","width":706,"height":159,"caption":"TodayKh\u1ecfe.Com"},"image":{"@id":"https:\/\/www.todaykhoe.com\/#\/schema\/logo\/image\/"}}]}},"_links":{"self":[{"href":"https:\/\/www.todaykhoe.com\/id\/wp-json\/wp\/v2\/product\/154179","targetHints":{"allow":["GET"]}}],"collection":[{"href":"https:\/\/www.todaykhoe.com\/id\/wp-json\/wp\/v2\/product"}],"about":[{"href":"https:\/\/www.todaykhoe.com\/id\/wp-json\/wp\/v2\/types\/product"}],"replies":[{"embeddable":true,"href":"https:\/\/www.todaykhoe.com\/id\/wp-json\/wp\/v2\/comments?post=154179"}],"wp:featuredmedia":[{"embeddable":true,"href":"https:\/\/www.todaykhoe.com\/id\/wp-json\/wp\/v2\/media\/154180"}],"wp:attachment":[{"href":"https:\/\/www.todaykhoe.com\/id\/wp-json\/wp\/v2\/media?parent=154179"}],"wp:term":[{"taxonomy":"product_brand","embeddable":true,"href":"https:\/\/www.todaykhoe.com\/id\/wp-json\/wp\/v2\/product_brand?post=154179"},{"taxonomy":"product_cat","embeddable":true,"href":"https:\/\/www.todaykhoe.com\/id\/wp-json\/wp\/v2\/product_cat?post=154179"},{"taxonomy":"product_tag","embeddable":true,"href":"https:\/\/www.todaykhoe.com\/id\/wp-json\/wp\/v2\/product_tag?post=154179"}],"curies":[{"name":"wp","href":"https:\/\/api.w.org\/{rel}","templated":true}]}}