{"id":153727,"date":"2025-08-30T11:18:07","date_gmt":"2025-08-30T11:18:07","guid":{"rendered":"https:\/\/todaykhoe.com\/?post_type=product&#038;p=153727"},"modified":"2025-08-30T11:18:32","modified_gmt":"2025-08-30T11:18:32","slug":"viagor-power-cena-poland","status":"publish","type":"product","link":"https:\/\/www.todaykhoe.com\/id\/product\/viagor-power-cena-poland\/","title":{"rendered":"Viagor Power Cena"},"content":{"rendered":"<p><a href=\"https:\/\/todaykhoe.com\/product\/viagor-power-cena-poland\/\">VIAGOR POWER<\/a> zwi\u0119ksza sprawno\u015b\u0107 seksualn\u0105, powi\u0119ksza penisa i m\u0119sk\u0105 energi\u0119, czyni\u0105c z Ciebie m\u0119\u017cczyzn\u0119 Twoich marze\u0144. S\u0142yszysz, jak narzeka, \u017ce \u200b\u200bnie jeste\u015b jej idea\u0142em? Czujesz si\u0119 niezr\u0119cznie podczas stosunku? Masz przedwczesny wytrysk? To cz\u0119ste problemy. Bez obaw \u2013 ka\u017cdy, m\u0142ody i stary, to robi. WZW to globalny problem i jedna z najgorszych sytuacji mi\u0142osnych dla m\u0119\u017cczyzn. Wykorzystaj\u0105 swoje oszcz\u0119dno\u015bci, aby zapobiec przedwczesnemu wytryskowi.<\/p>\n<p style=\"text-align: center;\"><span style=\"font-size: 22pt;\"><strong><a href=\"https:\/\/todaykhoe.com\/buy-viagor-power-pl\">KONTAKT W SPRAWIE WSZYSTKIEGO &#8211; MO\u017bLIWA P\u0141ATNO\u015a\u0106 GOT\u00d3WK\u0104 PRZY ODBIORZE<\/a><\/strong><\/span><\/p>\n<p>Kobieta si\u0119 wstydzi. Ta upiorna drwina z ego, gdy nazywa ci\u0119 s\u0142abym w \u0142\u00f3\u017cku, jest rzadko\u015bci\u0105. M\u0119\u017cczyzna szanowa\u0142by si\u0119 na tyle, by unika\u0107 takich zbli\u017ce\u0144, gdyby tylko o tym pomy\u015bla\u0142. Wiem, jak to jest penetrowa\u0107 jej wagin\u0119 i opr\u00f3\u017cnia\u0107 j\u0105 w 2-3 minuty. Niespe\u0142nienie naszych aspiracji jest upokarzaj\u0105ce. Ka\u017cdy pragnie takiej mi\u0142o\u015bci dla swojej kobiety. Tabletki Viagra to op\u00f3\u017aniaj\u0105. Czy mo\u017cesz kontynuowa\u0107 takie \u015brodki? Nie zdajesz sobie sprawy z niebezpiecze\u0144stw zwi\u0105zanych z ich przyjmowaniem? \u017badne emocje nie mog\u0105 si\u0119 r\u00f3wna\u0107 z wej\u015bciem do nieba przez nogi twojej kobiety.<\/p>\n<p>Tw\u00f3j raj powinien by\u0107 odwiedzony raz przez twoj\u0105 \u017con\u0119. My\u015blisz, \u017ce si\u0119 myl\u0119? Uczyni\u0142a ci\u0119 priorytetem, bo jeste\u015b jej m\u0119\u017cem i kochankiem. Musisz spe\u0142nia\u0107 jej cele. Zar\u00f3wno ty, jak i tw\u00f3j partner macie potrzeby w zwi\u0105zku. Ona fantazjuje o kontrolowaniu twojego cia\u0142a. Czy kiedykolwiek powiedzia\u0142e\u015b jej: \u201eKochanie, twoja kolej na zabaw\u0119 moim cia\u0142em, dzi\u015b ty rz\u0105dzisz\u201d? Czy kiedykolwiek? Czy pozwoli\u0142e\u015b jej na gusta? S\u0142abo\u015b\u0107 seksualna jest dzi\u015b powszechna, a ludzie pr\u00f3buj\u0105 r\u00f3\u017cnych metod, by wygl\u0105da\u0107 jak aktorzy porno.<\/p>\n<p>Filmy dla doros\u0142ych wypaczy\u0142y nasze umys\u0142y. Ot\u0119pi\u0142y nasze gusta. Widzisz, jak szkodz\u0105 twojemu m\u00f3zgowi? Du\u017ce penisy rozczarowuj\u0105 nas w por\u00f3wnaniu z naszymi rozmiarami. M\u0119\u017cczy\u017ani i kobiety czerpi\u0105 przyjemno\u015b\u0107 inaczej. Jednak unikamy gry wst\u0119pnej. Masuj j\u0105 przed sesj\u0105? Edukacja seksualna jest najs\u0142abiej nauczana na \u015bwiecie. Zacofane klasy uwa\u017caj\u0105, \u017ce publiczne omawianie tego jest grzechem; powinny robi\u0107 to po cichu. Teraz mo\u017cesz chwyci\u0107 ca\u0142\u0105 t\u0119 gigantyczn\u0105 m\u0119sko\u015b\u0107 i fantastyczn\u0105 witalno\u015b\u0107, kt\u00f3ra, jak my\u015blisz, uczyni z ciebie faceta, o kt\u00f3rym marzy, imi\u0119, kt\u00f3re sprawi, \u017ce zmoczy jej wagin\u0119. Co to jest?<\/p>\n<h2>Viagor Power \u2014 \u015bwietna formu\u0142a na fantazje seksualne.<\/h2>\n<p>Prawdopodobnie obawiasz si\u0119 swojego pierwszego wieczoru. Martwisz si\u0119 o sw\u00f3j rozmiar i boisz si\u0119 rozebra\u0107 na pierwszej randce. Zbyt \u0142atwo jest doj\u015b\u0107 przedwcze\u015bnie pod presj\u0105. Podczas ssania kobiecych sutk\u00f3w niekt\u00f3rzy faceci puszczaj\u0105 wod\u0119. Chc\u0105 by\u0107 jak bohaterowie film\u00f3w pornograficznych. Cz\u0142owieku, dostaniesz wi\u0119cej. Zweryfikowa\u0142e\u015b nazw\u0119? Viagor Power \u2014 nocny tygrys \u2014 sprawi, \u017ce b\u0119dziesz. B\u0119dziesz jej ksi\u0119ciem. B\u0119dziesz jej wymarzonym ch\u0142opakiem i jedynym wiernym partnerem. Ka\u017cdej nocy lub tygodnia zapewnij jej przyjemno\u015b\u0107 seksualn\u0105 i szczytowy orgazm.<\/p>\n<p>Wejd\u017a do pochwy i nape\u0142nij j\u0105 gor\u0105c\u0105 wod\u0105, aby uciec od problem\u00f3w, presji i zmartwie\u0144 tego zabieganego \u015bwiata. Nigdy wcze\u015bniej tak nie uprawia\u0142a seksu, wi\u0119c d\u0142ugi wyst\u0119p sprawi, \u017ce znajdziesz si\u0119 w twoich ramionach. To utrzymuje wysok\u0105 erekcj\u0119 poprzez stymulacj\u0119 kr\u0105\u017cenia krwi i wzrostu tkanki pr\u0105cia, dzi\u0119ki czemu rozmiar twojego penisa wydaje si\u0119 niesamowity. Utrzymywanie i rozw\u00f3j hormon\u00f3w pomaga kontrolowa\u0107 nastr\u00f3j i redukowa\u0107 stres, g\u0142\u00f3wn\u0105 przyczyn\u0119 przedwczesnego wytrysku i zaburze\u0144 erekcji. Ciesz si\u0119 sesjami mi\u0142osnymi z Twoimi wspania\u0142ymi mocami w sypialni, a Twoja wigor i m\u0119sko\u015b\u0107 poprawi\u0105 si\u0119 ju\u017c od pierwszej kapsu\u0142ki. Poprawi to nasz\u0105 m\u0119sko\u015b\u0107 poprzez zwi\u0119kszenie rozmiaru penisa, si\u0142y erekcji i wytrzyma\u0142o\u015bci seksualnej.<\/p>\n<p style=\"text-align: center;\"><span style=\"font-size: 20pt;\"><strong><a href=\"https:\/\/todaykhoe.com\/buy-viagor-power-pl\">KONTAKT W SPRAWIE WSZYSTKIEGO &#8211; MO\u017bLIWA P\u0141ATNO\u015a\u0106 GOT\u00d3WK\u0104 PRZY ODBIORZE<\/a><\/strong><\/span><\/p>\n<h3>Warto\u015b\u0107 i korzy\u015bci gry wst\u0119pnej.<\/h3>\n<p>Czy rozgrzewasz si\u0119 przed podnoszeniem ci\u0119\u017car\u00f3w na si\u0142owni? Czemu nie biega\u0107, pompki, podci\u0105ga\u0107 si\u0119? Ta rozgrzewka przygotowuje Twoje cia\u0142o do podnoszenia ci\u0119\u017car\u00f3w i zwi\u0119ksza elastyczno\u015b\u0107. Je\u015bli pominiesz t\u0119 sesj\u0119, Tw\u00f3j trening nie b\u0119dzie tak efektywny. Trener nigdy nie radzi zaczyna\u0107 bez rozgrzewki. Interakcja, wi\u0119c? Czy nie powiniene\u015b jej rozgrza\u0107? Nie uwa\u017casz, \u017ce potrzebuje mi\u0142o\u015bci? Bez paliwa lub stania przez tydzie\u0144, Tw\u00f3j samoch\u00f3d nie b\u0119dzie dzia\u0142a\u0142. Na\u0142aduj akumulator 8. dnia, aby uruchomi\u0107 silnik.<\/p>\n<p>Nieopisana przyjemno\u015b\u0107 p\u0142ynie z gry wst\u0119pnej. Opr\u00f3cz lizania jej stref erogennych, pocierasz jej \u0142echtaczk\u0119, dotykasz jej pochwy, chwytasz jedn\u0105 pier\u015b, ss\u0105c drug\u0105 i nami\u0119tnie li\u017cesz jej brzuch. Czytanie tego jest fascynuj\u0105ce i przyjemne. Wyobra\u017a sobie prawdziwe emocje. M\u0119\u017cczy\u017ani, kt\u00f3rzy nie chc\u0105 suplement\u00f3w ani op\u00f3\u017aniaj\u0105cych stymulacji, nie powinni przerywa\u0107 gry wst\u0119pnej, wchodz\u0105c w jej pochw\u0119. Stary, ona nie jest maszyn\u0105, kt\u00f3r\u0105 mo\u017cesz rozebra\u0107 i spenetrowa\u0107. Masuje ca\u0142e cia\u0142o, przygotowuj\u0105c umys\u0142 do roz\u0142o\u017cenia n\u00f3g, aby\u015b m\u00f3g\u0142 wej\u015b\u0107 do raju. Nie masz poj\u0119cia, \u017ce \u200b\u200bgra wst\u0119pna doprowadza kobiety do szale\u0144stwa. Przyjemna sesja gry wst\u0119pnej mo\u017ce r\u00f3wnie\u017c prze\u0142ama\u0107 jej op\u00f3r.<\/p>\n<ul>\n<li>G\u0142\u0119boki poca\u0142unek w usta,<\/li>\n<li>gryzienie jej uszu,<\/li>\n<li>ca\u0142owanie jej szyi,<\/li>\n<li>nami\u0119tne ssanie jej sutk\u00f3w lub delikatne pocieranie \u0142echtaczki doprowadzi j\u0105 do szale\u0144stwa.<\/li>\n<\/ul>\n<p>W ci\u0105gu 12\u201315 minut gry wst\u0119pnej obejmie ci\u0119, podrapie po plecach i za\u017c\u0105da g\u0142\u0119bokiego seksu waginalnego. To rozpali twoje cia\u0142o nami\u0119tno\u015bci\u0105, mi\u0142o\u015bci\u0105 i szalonym umys\u0142em, aby zapewni\u0107 jej niezwyk\u0142y i osza\u0142amiaj\u0105cy wyst\u0119p. Czas z niej zadrwi\u0107. Dra\u017cnienie jej g\u0142askaniem penisa w jej pochwie tylko czubkiem sprawi, \u017ce b\u0119dzie krzycze\u0107 jak dzikie zwierz\u0119, \u017ceby go tam w\u0142o\u017cy\u0107. Mo\u017ce ju\u017c to ukrywam. wystarczaj\u0105co du\u017co gry wst\u0119pnej. Du\u017cy penis doprowadzi j\u0105 do szale\u0144stwa, a Viagor Power zapewni Ci d\u0142ugi wytrysk. To zwi\u0119kszy Twoj\u0105 przyjemno\u015b\u0107, nami\u0119tno\u015b\u0107 i orgazmy.<\/p>\n<p style=\"text-align: center;\"><span style=\"font-size: 20pt;\"><strong><a href=\"https:\/\/todaykhoe.com\/buy-viagor-power-pl\">KONTAKT W SPRAWIE WSZYSTKIEGO &#8211; MO\u017bLIWA P\u0141ATNO\u015a\u0106 GOT\u00d3WK\u0104 PRZY ODBIORZE<\/a><\/strong><\/span><\/p>\n<h3>Dlaczego Viagor Power?<\/h3>\n<p><strong>Rozmiar Twojego penisa tajemniczo si\u0119 zmieni\u0142.<\/strong><\/p>\n<p>W pytaniu \u201eczy rozmiar ma znaczenie?\u201d Spodziewaj si\u0119 dw\u00f3ch rezultat\u00f3w. Po pierwsze, absolutnie nie. Rozmiar wp\u0142ywa na przyjemno\u015b\u0107, m\u0119sko\u015b\u0107 i osobowo\u015b\u0107. Du\u017cy rozmiar daje m\u0119\u017cczyznom pewno\u015b\u0107 siebie, nawet je\u015bli zmieniaj\u0105 dziewczyny co noc. Tw\u00f3j penis si\u0119 powi\u0119kszy, a kr\u0105\u017cenie krwi wzro\u015bnie, tworz\u0105c besti\u0119 w Twoich spodniach, kt\u00f3ra doprowadzi j\u0105 do szale\u0144stwa w \u0142\u00f3\u017cku.<\/p>\n<p><strong>Niezr\u00f3wnana erekcja i sztywno\u015b\u0107 penisa.<\/strong><\/p>\n<p>Czy wiesz, \u017ce rozmiar niesie ze sob\u0105 odpowiedzialno\u015b\u0107? \u017baden rozmiar nie ma znaczenia, je\u015bli nie mo\u017cesz uzyska\u0107 erekcji. Niewys\u0142owiona przyjemno\u015b\u0107 p\u0142ynie z erekcji jak z \u017celaznego pr\u0119ta. Kiedy wejdziesz do jej pokoju z erekcj\u0105, jej po\u017c\u0105dliwe uwagi i j\u0119ki doprowadz\u0105 Ci\u0119 do szale\u0144stwa. Po\u017c\u0105danie sprawi, \u017ce zrobi wszystko, co powiesz. Mniej aktywni seksualnie m\u0119\u017cczy\u017ani s\u0105 cz\u0119sto wykorzystywani, ale dobrzy potrafi\u0105 zmusi\u0107 swoje partnerki do wszystkiego. Szybko zapomnij o swoich problemach seksualnych.<\/p>\n<p><strong>Zwi\u0119ksza si\u0142\u0119 i m\u0119sko\u015b\u0107.<\/strong><\/p>\n<p>Picie i palenie os\u0142abiaj\u0105 nas i zmniejszaj\u0105 potencj\u0119. Jeste\u015bmy wi\u0119c s\u0142abi jak m\u0119\u017cczy\u017ani. Czas, aby\u015b zosta\u0142 nazwany nocnym tygrysem, kt\u00f3rego wyczyny doprowadz\u0105 Twoj\u0105 dziewczyn\u0119 do szale\u0144stwa w \u0142\u00f3\u017cku. Twoje imi\u0119 zwil\u017cy jej pochw\u0119. Ten Viagor Power wzmocni Twoj\u0105 m\u0119sk\u0105 witalno\u015b\u0107, uwolni Twoj\u0105 prawdziw\u0105 si\u0142\u0119 poprzez niestrudzon\u0105 wydajno\u015b\u0107 i przygotuje Ci\u0119 na przysz\u0142e trudno\u015bci.<\/p>\n<h3>Kt\u00f3re instrukcje dzia\u0142aj\u0105 najlepiej?<\/h3>\n<p>Butelka Viagor Power zawiera 30 kapsu\u0142ek. Przyjmuj jedn\u0105 kapsu\u0142k\u0119 dziennie po 30 minutach od posi\u0142ku. Rozcie\u0144czaj mlekiem lub wod\u0105. Najlepiej przyjmowa\u0107 wieczorem. Zaplanuj kuracj\u0119. Uko\u0144cz kuracj\u0119, aby odnie\u015b\u0107 sukces. Wypij 2 pe\u0142ne butelki, aby uzyska\u0107 d\u0142ugotrwa\u0142e korzy\u015bci. Pij wod\u0119. Dodatkowe dawki mo\u017cna przyj\u0105\u0107 30 minut przed zbli\u017ceniem.<\/p>\n<h3>Warte uwagi.<\/h3>\n<ul>\n<li>Osoby poni\u017cej 18 roku \u017cycia s\u0105 zabronione.<\/li>\n<li>Tylko dla m\u0119\u017cczyzn.<\/li>\n<li>Nigdy nie przedawkuj ani nie bierz dawki dziennej.<\/li>\n<li>Trzymaj poza zasi\u0119giem dzieci.<\/li>\n<\/ul>\n<h3>Gdzie z\u0142o\u017cy\u0107 zam\u00f3wienie?<\/h3>\n<p>Aby cieszy\u0107 si\u0119 niesko\u0144czon\u0105 mi\u0142o\u015bci\u0105, zapa\u0142em i burzliwymi wieczorami niewyobra\u017calnej przyjemno\u015bci, Viagor Power to idealny wyb\u00f3r dla Twojego \u017cycia mi\u0142osnego. Mo\u017cesz zam\u00f3wi\u0107 online. Wype\u0142nij formularz. Skontaktuj\u0105 si\u0119 z Tob\u0105 w celu potwierdzenia zam\u00f3wienia, wi\u0119c podaj aktualne dane.<\/p>\n<p style=\"text-align: center;\"><span style=\"font-size: 20pt;\"><strong><a href=\"https:\/\/todaykhoe.com\/buy-viagor-power-pl\">KONTAKT W SPRAWIE WSZYSTKIEGO &#8211; MO\u017bLIWA P\u0141ATNO\u015a\u0106 GOT\u00d3WK\u0104 PRZY ODBIORZE<\/a><\/strong><\/span><\/p>\n<p><a href=\"https:\/\/todaykhoe.com\/buy-viagor-power-pl\"><img loading=\"lazy\" decoding=\"async\" class=\"aligncenter size-full wp-image-153728\" src=\"https:\/\/todaykhoe.com\/wp-content\/uploads\/2025\/08\/Viagor-Power-Kapsulki-Poland.png\" alt=\"Viagor Power Kapsu\u0142ki Poland\" width=\"774\" height=\"593\" srcset=\"https:\/\/www.todaykhoe.com\/wp-content\/uploads\/2025\/08\/Viagor-Power-Kapsulki-Poland.png 774w, https:\/\/www.todaykhoe.com\/wp-content\/uploads\/2025\/08\/Viagor-Power-Kapsulki-Poland-300x230.png 300w, https:\/\/www.todaykhoe.com\/wp-content\/uploads\/2025\/08\/Viagor-Power-Kapsulki-Poland-768x588.png 768w, https:\/\/www.todaykhoe.com\/wp-content\/uploads\/2025\/08\/Viagor-Power-Kapsulki-Poland-600x460.png 600w\" sizes=\"auto, (max-width: 774px) 100vw, 774px\" \/><\/a><\/p>\n<h3>Zaufane rozwi\u0105zanie?<\/h3>\n<p>Najskuteczniejsza formu\u0142a na potencj\u0119, zawieraj\u0105ca wszystkie zdrowe i niezb\u0119dne sk\u0142adniki, kt\u00f3re odmieni\u0105 Twoje cia\u0142o i zapewni\u0105 niezr\u00f3wnan\u0105 moc w sypialni, jest niezawodna i godna zaufania. Bez w\u0105tpliwo\u015bci i obaw. Pomaga przezwyci\u0119\u017cy\u0107 zaburzenia seksualne. Wypr\u00f3buj j\u0105, aby spe\u0142ni\u0107 swoje marzenia, sprawi\u0107 przyjemno\u015b\u0107 swojej dziewczynie lub by\u0107 doros\u0142ym.<\/p>\n","protected":false},"excerpt":{"rendered":"<p><span style=\"font-size: 16pt;\"><strong>Objawy, leczenie i zapobieganie za\u017cywaniu wzmacniaczy testosteronu<\/strong><\/span><\/p>\n<ul>\n<li>Mo\u017cesz zap\u0142aci\u0107 got\u00f3wk\u0105 lub kart\u0105 kredytow\u0105 przy odbiorze.<\/li>\n<li>Dostawa w ci\u0105gu 2-3 dni, termin przydatno\u015bci do spo\u017cycia do 5 dni.<\/li>\n<li>Mo\u017cesz zam\u00f3wi\u0107 dostaw\u0119 do domu lub na poczt\u0119. Mo\u017cesz r\u00f3wnie\u017c zam\u00f3wi\u0107 bezp\u0142atn\u0105 dostaw\u0119 telefonicznie, kontaktuj\u0105c si\u0119 z operatorem.<\/li>\n<\/ul>\n<p><strong><a href=\"https:\/\/todaykhoe.com\/buy-viagor-power-pl\">KONTAKT W SPRAWIE WSZYSTKIEGO &#8211; MO\u017bLIWA P\u0141ATNO\u015a\u0106 GOT\u00d3WK\u0104 PRZY ODBIORZE<\/a><\/strong><\/p>\n","protected":false},"featured_media":153768,"comment_status":"open","ping_status":"closed","template":"","meta":[],"product_brand":[],"product_cat":[435],"product_tag":[],"class_list":{"0":"post-153727","1":"product","2":"type-product","3":"status-publish","4":"has-post-thumbnail","6":"product_cat-health","8":"first","9":"instock","10":"shipping-taxable","11":"product-type-external"},"yoast_head":"<!-- This site is optimized with the Yoast SEO plugin v27.3 - https:\/\/yoast.com\/product\/yoast-seo-wordpress\/ -->\n<title>Viagor Power Cena Poland: Kapsu\u0142ki - \u015brodek na potencj\u0119!<\/title>\n<meta name=\"description\" content=\"Viagor Power Cena Poland: Kapsu\u0142ki - \u015brodek na potencj\u0119! Korzy\u015bci, skutki uboczne, sk\u0142adniki, opinie u\u017cytkownik\u00f3w i zakup w Polsce. Tabletki\" \/>\n<meta name=\"robots\" content=\"index, follow, max-snippet:-1, max-image-preview:large, max-video-preview:-1\" \/>\n<link rel=\"canonical\" href=\"https:\/\/www.todaykhoe.com\/product\/viagor-power-cena-poland\/\" \/>\n<meta property=\"og:locale\" content=\"id_ID\" \/>\n<meta property=\"og:type\" content=\"article\" \/>\n<meta property=\"og:title\" content=\"Viagor Power Cena Poland: Kapsu\u0142ki - \u015brodek na potencj\u0119!\" \/>\n<meta property=\"og:description\" content=\"Viagor Power Cena Poland: Kapsu\u0142ki - \u015brodek na potencj\u0119! Korzy\u015bci, skutki uboczne, sk\u0142adniki, opinie u\u017cytkownik\u00f3w i zakup w Polsce. Tabletki\" \/>\n<meta property=\"og:url\" content=\"https:\/\/www.todaykhoe.com\/product\/viagor-power-cena-poland\/\" \/>\n<meta property=\"og:site_name\" content=\"TodayKh\u1ecfe.Com\" \/>\n<meta property=\"article:modified_time\" content=\"2025-08-30T11:18:32+00:00\" \/>\n<meta property=\"og:image\" content=\"https:\/\/www.todaykhoe.com\/wp-content\/uploads\/2025\/08\/Viagor-Power-Poland.png\" \/>\n\t<meta property=\"og:image:width\" content=\"381\" \/>\n\t<meta property=\"og:image:height\" content=\"407\" \/>\n\t<meta property=\"og:image:type\" content=\"image\/png\" \/>\n<meta name=\"twitter:card\" content=\"summary_large_image\" \/>\n<meta name=\"twitter:label1\" content=\"Estimasi waktu membaca\" \/>\n\t<meta name=\"twitter:data1\" content=\"7 menit\" \/>\n<script type=\"application\/ld+json\" class=\"yoast-schema-graph\">{\"@context\":\"https:\\\/\\\/schema.org\",\"@graph\":[{\"@type\":\"WebPage\",\"@id\":\"https:\\\/\\\/www.todaykhoe.com\\\/product\\\/viagor-power-cena-poland\\\/\",\"url\":\"https:\\\/\\\/www.todaykhoe.com\\\/product\\\/viagor-power-cena-poland\\\/\",\"name\":\"Viagor Power Cena Poland: Kapsu\u0142ki - \u015brodek na potencj\u0119!\",\"isPartOf\":{\"@id\":\"https:\\\/\\\/www.todaykhoe.com\\\/#website\"},\"primaryImageOfPage\":{\"@id\":\"https:\\\/\\\/www.todaykhoe.com\\\/product\\\/viagor-power-cena-poland\\\/#primaryimage\"},\"image\":{\"@id\":\"https:\\\/\\\/www.todaykhoe.com\\\/product\\\/viagor-power-cena-poland\\\/#primaryimage\"},\"thumbnailUrl\":\"https:\\\/\\\/www.todaykhoe.com\\\/wp-content\\\/uploads\\\/2025\\\/08\\\/Viagor-Power-Poland.png\",\"datePublished\":\"2025-08-30T11:18:07+00:00\",\"dateModified\":\"2025-08-30T11:18:32+00:00\",\"description\":\"Viagor Power Cena Poland: Kapsu\u0142ki - \u015brodek na potencj\u0119! Korzy\u015bci, skutki uboczne, sk\u0142adniki, opinie u\u017cytkownik\u00f3w i zakup w Polsce. Tabletki\",\"breadcrumb\":{\"@id\":\"https:\\\/\\\/www.todaykhoe.com\\\/product\\\/viagor-power-cena-poland\\\/#breadcrumb\"},\"inLanguage\":\"id\",\"potentialAction\":[{\"@type\":\"ReadAction\",\"target\":[\"https:\\\/\\\/www.todaykhoe.com\\\/product\\\/viagor-power-cena-poland\\\/\"]}]},{\"@type\":\"ImageObject\",\"inLanguage\":\"id\",\"@id\":\"https:\\\/\\\/www.todaykhoe.com\\\/product\\\/viagor-power-cena-poland\\\/#primaryimage\",\"url\":\"https:\\\/\\\/www.todaykhoe.com\\\/wp-content\\\/uploads\\\/2025\\\/08\\\/Viagor-Power-Poland.png\",\"contentUrl\":\"https:\\\/\\\/www.todaykhoe.com\\\/wp-content\\\/uploads\\\/2025\\\/08\\\/Viagor-Power-Poland.png\",\"width\":381,\"height\":407,\"caption\":\"Viagor Power Poland\"},{\"@type\":\"BreadcrumbList\",\"@id\":\"https:\\\/\\\/www.todaykhoe.com\\\/product\\\/viagor-power-cena-poland\\\/#breadcrumb\",\"itemListElement\":[{\"@type\":\"ListItem\",\"position\":1,\"name\":\"Home\",\"item\":\"https:\\\/\\\/www.todaykhoe.com\\\/\"},{\"@type\":\"ListItem\",\"position\":2,\"name\":\"Shop\",\"item\":\"https:\\\/\\\/www.todaykhoe.com\\\/shop\\\/\"},{\"@type\":\"ListItem\",\"position\":3,\"name\":\"Viagor Power Cena\"}]},{\"@type\":\"WebSite\",\"@id\":\"https:\\\/\\\/www.todaykhoe.com\\\/#website\",\"url\":\"https:\\\/\\\/www.todaykhoe.com\\\/\",\"name\":\"TodayKh\u1ecfe.Com\",\"description\":\"Healthy Today, Fitness, Nutrition, Beauty, News!\",\"publisher\":{\"@id\":\"https:\\\/\\\/www.todaykhoe.com\\\/#organization\"},\"potentialAction\":[{\"@type\":\"SearchAction\",\"target\":{\"@type\":\"EntryPoint\",\"urlTemplate\":\"https:\\\/\\\/www.todaykhoe.com\\\/?s={search_term_string}\"},\"query-input\":{\"@type\":\"PropertyValueSpecification\",\"valueRequired\":true,\"valueName\":\"search_term_string\"}}],\"inLanguage\":\"id\"},{\"@type\":\"Organization\",\"@id\":\"https:\\\/\\\/www.todaykhoe.com\\\/#organization\",\"name\":\"TodayKh\u1ecfe.Com\",\"url\":\"https:\\\/\\\/www.todaykhoe.com\\\/\",\"logo\":{\"@type\":\"ImageObject\",\"inLanguage\":\"id\",\"@id\":\"https:\\\/\\\/www.todaykhoe.com\\\/#\\\/schema\\\/logo\\\/image\\\/\",\"url\":\"https:\\\/\\\/www.todaykhoe.com\\\/wp-content\\\/uploads\\\/2025\\\/04\\\/Todaykhoe.png\",\"contentUrl\":\"https:\\\/\\\/www.todaykhoe.com\\\/wp-content\\\/uploads\\\/2025\\\/04\\\/Todaykhoe.png\",\"width\":706,\"height\":159,\"caption\":\"TodayKh\u1ecfe.Com\"},\"image\":{\"@id\":\"https:\\\/\\\/www.todaykhoe.com\\\/#\\\/schema\\\/logo\\\/image\\\/\"}}]}<\/script>\n<!-- \/ Yoast SEO plugin. -->","yoast_head_json":{"title":"Viagor Power Cena Poland: Kapsu\u0142ki - \u015brodek na potencj\u0119!","description":"Viagor Power Cena Poland: Kapsu\u0142ki - \u015brodek na potencj\u0119! Korzy\u015bci, skutki uboczne, sk\u0142adniki, opinie u\u017cytkownik\u00f3w i zakup w Polsce. Tabletki","robots":{"index":"index","follow":"follow","max-snippet":"max-snippet:-1","max-image-preview":"max-image-preview:large","max-video-preview":"max-video-preview:-1"},"canonical":"https:\/\/www.todaykhoe.com\/product\/viagor-power-cena-poland\/","og_locale":"id_ID","og_type":"article","og_title":"Viagor Power Cena Poland: Kapsu\u0142ki - \u015brodek na potencj\u0119!","og_description":"Viagor Power Cena Poland: Kapsu\u0142ki - \u015brodek na potencj\u0119! Korzy\u015bci, skutki uboczne, sk\u0142adniki, opinie u\u017cytkownik\u00f3w i zakup w Polsce. Tabletki","og_url":"https:\/\/www.todaykhoe.com\/product\/viagor-power-cena-poland\/","og_site_name":"TodayKh\u1ecfe.Com","article_modified_time":"2025-08-30T11:18:32+00:00","og_image":[{"width":381,"height":407,"url":"https:\/\/www.todaykhoe.com\/wp-content\/uploads\/2025\/08\/Viagor-Power-Poland.png","type":"image\/png"}],"twitter_card":"summary_large_image","twitter_misc":{"Estimasi waktu membaca":"7 menit"},"schema":{"@context":"https:\/\/schema.org","@graph":[{"@type":"WebPage","@id":"https:\/\/www.todaykhoe.com\/product\/viagor-power-cena-poland\/","url":"https:\/\/www.todaykhoe.com\/product\/viagor-power-cena-poland\/","name":"Viagor Power Cena Poland: Kapsu\u0142ki - \u015brodek na potencj\u0119!","isPartOf":{"@id":"https:\/\/www.todaykhoe.com\/#website"},"primaryImageOfPage":{"@id":"https:\/\/www.todaykhoe.com\/product\/viagor-power-cena-poland\/#primaryimage"},"image":{"@id":"https:\/\/www.todaykhoe.com\/product\/viagor-power-cena-poland\/#primaryimage"},"thumbnailUrl":"https:\/\/www.todaykhoe.com\/wp-content\/uploads\/2025\/08\/Viagor-Power-Poland.png","datePublished":"2025-08-30T11:18:07+00:00","dateModified":"2025-08-30T11:18:32+00:00","description":"Viagor Power Cena Poland: Kapsu\u0142ki - \u015brodek na potencj\u0119! Korzy\u015bci, skutki uboczne, sk\u0142adniki, opinie u\u017cytkownik\u00f3w i zakup w Polsce. Tabletki","breadcrumb":{"@id":"https:\/\/www.todaykhoe.com\/product\/viagor-power-cena-poland\/#breadcrumb"},"inLanguage":"id","potentialAction":[{"@type":"ReadAction","target":["https:\/\/www.todaykhoe.com\/product\/viagor-power-cena-poland\/"]}]},{"@type":"ImageObject","inLanguage":"id","@id":"https:\/\/www.todaykhoe.com\/product\/viagor-power-cena-poland\/#primaryimage","url":"https:\/\/www.todaykhoe.com\/wp-content\/uploads\/2025\/08\/Viagor-Power-Poland.png","contentUrl":"https:\/\/www.todaykhoe.com\/wp-content\/uploads\/2025\/08\/Viagor-Power-Poland.png","width":381,"height":407,"caption":"Viagor Power Poland"},{"@type":"BreadcrumbList","@id":"https:\/\/www.todaykhoe.com\/product\/viagor-power-cena-poland\/#breadcrumb","itemListElement":[{"@type":"ListItem","position":1,"name":"Home","item":"https:\/\/www.todaykhoe.com\/"},{"@type":"ListItem","position":2,"name":"Shop","item":"https:\/\/www.todaykhoe.com\/shop\/"},{"@type":"ListItem","position":3,"name":"Viagor Power Cena"}]},{"@type":"WebSite","@id":"https:\/\/www.todaykhoe.com\/#website","url":"https:\/\/www.todaykhoe.com\/","name":"TodayKh\u1ecfe.Com","description":"Healthy Today, Fitness, Nutrition, Beauty, News!","publisher":{"@id":"https:\/\/www.todaykhoe.com\/#organization"},"potentialAction":[{"@type":"SearchAction","target":{"@type":"EntryPoint","urlTemplate":"https:\/\/www.todaykhoe.com\/?s={search_term_string}"},"query-input":{"@type":"PropertyValueSpecification","valueRequired":true,"valueName":"search_term_string"}}],"inLanguage":"id"},{"@type":"Organization","@id":"https:\/\/www.todaykhoe.com\/#organization","name":"TodayKh\u1ecfe.Com","url":"https:\/\/www.todaykhoe.com\/","logo":{"@type":"ImageObject","inLanguage":"id","@id":"https:\/\/www.todaykhoe.com\/#\/schema\/logo\/image\/","url":"https:\/\/www.todaykhoe.com\/wp-content\/uploads\/2025\/04\/Todaykhoe.png","contentUrl":"https:\/\/www.todaykhoe.com\/wp-content\/uploads\/2025\/04\/Todaykhoe.png","width":706,"height":159,"caption":"TodayKh\u1ecfe.Com"},"image":{"@id":"https:\/\/www.todaykhoe.com\/#\/schema\/logo\/image\/"}}]}},"_links":{"self":[{"href":"https:\/\/www.todaykhoe.com\/id\/wp-json\/wp\/v2\/product\/153727","targetHints":{"allow":["GET"]}}],"collection":[{"href":"https:\/\/www.todaykhoe.com\/id\/wp-json\/wp\/v2\/product"}],"about":[{"href":"https:\/\/www.todaykhoe.com\/id\/wp-json\/wp\/v2\/types\/product"}],"replies":[{"embeddable":true,"href":"https:\/\/www.todaykhoe.com\/id\/wp-json\/wp\/v2\/comments?post=153727"}],"wp:featuredmedia":[{"embeddable":true,"href":"https:\/\/www.todaykhoe.com\/id\/wp-json\/wp\/v2\/media\/153768"}],"wp:attachment":[{"href":"https:\/\/www.todaykhoe.com\/id\/wp-json\/wp\/v2\/media?parent=153727"}],"wp:term":[{"taxonomy":"product_brand","embeddable":true,"href":"https:\/\/www.todaykhoe.com\/id\/wp-json\/wp\/v2\/product_brand?post=153727"},{"taxonomy":"product_cat","embeddable":true,"href":"https:\/\/www.todaykhoe.com\/id\/wp-json\/wp\/v2\/product_cat?post=153727"},{"taxonomy":"product_tag","embeddable":true,"href":"https:\/\/www.todaykhoe.com\/id\/wp-json\/wp\/v2\/product_tag?post=153727"}],"curies":[{"name":"wp","href":"https:\/\/api.w.org\/{rel}","templated":true}]}}