{"id":153188,"date":"2025-08-26T12:49:06","date_gmt":"2025-08-26T12:49:06","guid":{"rendered":"https:\/\/todaykhoe.com\/?post_type=product&#038;p=153188"},"modified":"2025-08-26T12:49:29","modified_gmt":"2025-08-26T12:49:29","slug":"prostavive-kapsula-cmimi","status":"publish","type":"product","link":"https:\/\/www.todaykhoe.com\/id\/product\/prostavive-kapsula-cmimi\/","title":{"rendered":"ProstaVive Kapsula \u00c7mimi"},"content":{"rendered":"<p><a href=\"https:\/\/todaykhoe.com\/product\/prostavive-kapsula-cmimi\/\">PROSTAVIVE<\/a> \u00ebsht\u00eb nj\u00eb trajtim i ri p\u00ebr t\u00eb gjitha problemet e gj\u00ebndr\u00ebs s\u00eb prostat\u00ebs, prostatitin dhe sh\u00ebndetin seksual p\u00ebr nj\u00eb jet\u00eb dashurie pikante dhe emocionuese. Ju mund t\u00eb jetoni nj\u00eb jet\u00eb interesante pa dob\u00ebsi me k\u00ebt\u00eb formul\u00eb. P\u00ebr m\u00eb tep\u00ebr, do t\u00eb shkaktoj\u00eb ereksion p\u00ebrtej fjal\u00ebve. Nd\u00ebrsa burrat mund t\u00eb mos sillen mir\u00eb n\u00eb shtrat, problemet e prostat\u00ebs mund t\u00eb ndikojn\u00eb n\u00eb sh\u00ebndetin e tyre seksual, zakonet dhe rehatin\u00eb. Problemet e prostat\u00ebs jan\u00eb t\u00eb tep\u00ebrta dhe t\u00eb pak\u00ebndshme p\u00ebr burrat. Njer\u00ebzit e moshuar e kan\u00eb k\u00ebt\u00eb problem. Problemi \u00ebsht\u00eb i zakonsh\u00ebm tek t\u00eb rriturit e rinj.<\/p>\n<p style=\"text-align: center;\"><span style=\"font-size: 24pt;\"><a href=\"https:\/\/todaykhoe.com\/blej-prostavive-al\"><strong>KONTAKTONI P\u00cbR \u00c7DO GJ\u00cb &#8211; PARA N\u00cb DOR\u00cbZIM N\u00cb DISPOZICION<\/strong><\/a><\/span><\/p>\n<p>D\u00ebmton sh\u00ebndetin, sjelljen dhe jet\u00ebn e tyre dashurore. Nuk ka nevoj\u00eb t\u00eb shpjegoni pse jeta juaj \u00ebsht\u00eb e keqe. K\u00ebtu, mjeti juaj nuk mund t\u00eb ngrej\u00eb. Ejakulimi dhemb gjat\u00eb ereksionit. Do t\u00eb preferoni t\u00eb shmangni aktivitetin seksual derisa t\u00eb jeni mir\u00eb. Urinimi dhe ejakulimi dhembin m\u00eb shum\u00eb. Shkat\u00ebrron disa organe t\u00eb trupit, por kryesisht sh\u00ebndetin ton\u00eb seksual sepse k\u00ebto gj\u00ebndra rregullojn\u00eb sperm\u00ebn dhe pjellorin\u00eb.<\/p>\n<p>S\u00ebmundja mund t\u00eb marr\u00eb at\u00ebsin\u00eb tuaj. Mosparandalimi i problemeve t\u00eb gj\u00ebndr\u00ebs s\u00eb prostat\u00ebs do t'ju shkaktoj\u00eb m\u00eb shum\u00eb probleme sesa prisni, k\u00ebshtu q\u00eb nuk mund t\u00eb jeni prind. Konsultohuni me urolog\u00ebt p\u00ebr k\u00ebto shqet\u00ebsime. Mund t\u00eb duhen udh\u00ebtime t\u00eb shumta p\u00ebr t'u sh\u00ebruar nga kjo s\u00ebmundje, por problemet e prostat\u00ebs nuk do t\u00eb ekzistonin n\u00ebse do t\u00eb ishte e leht\u00eb. Burrat turp\u00ebrohen t'i ndajn\u00eb v\u00ebshtir\u00ebsi t\u00eb tilla me mjek\u00ebt. Nuk \u00ebsht\u00eb kurr\u00eb e thjesht\u00eb. M\u00eb e v\u00ebshtir\u00eb.<\/p>\n<p>K\u00ebrkimet n\u00eb internet p\u00ebr &#8220;si ta rregulloni k\u00ebt\u00eb n\u00eb sht\u00ebpi&#8221;, &#8220;kura sht\u00ebpiake&#8221; dhe tema t\u00eb ngjashme jan\u00eb t\u00eb njohura. Pak njer\u00ebz konsultohen me specialist\u00eb. Ne turp\u00ebrohemi t'u tregojm\u00eb miqve p\u00ebr problemet tona. Jemi t\u00eb pak\u00ebnaqur sepse miqt\u00eb tallen me gjith\u00e7ka. Problemet mund t\u00eb lindin kur ata vazhdojn\u00eb t'ju mundojn\u00eb. P\u00ebr shkak t\u00eb problemeve t\u00eb tilla, burrat p\u00ebrballen me shum\u00eb momente t\u00eb k\u00ebqija, por tani \u00ebsht\u00eb koha t\u00eb q\u00ebndrojn\u00eb t\u00eb lumtur, t\u00eb sh\u00ebndetsh\u00ebm dhe pa s\u00ebmundje. M\u00ebsoni nga ky artikull. Ai \u00e7liron lumturi dhe g\u00ebzim.<\/p>\n<h2>P\u00ebr nj\u00eb jet\u00eb m\u00eb t\u00eb lumtur, ProstaVive leht\u00ebson prostatitin dhe \u00e7rregullime t\u00eb tjera t\u00eb prostat\u00ebs.<\/h2>\n<p>Askush nuk mund t\u00eb relaksohet me problemet e prostat\u00ebs. Kjo e skualifikon fjal\u00ebn &#8220;relaksim&#8221; nga leksiku i tyre. Pyetni \u00e7do burr\u00eb t\u00eb hidh\u00ebruar. Ata ndiejn\u00eb dhimbje t\u00eb tmerrshme kur urinojn\u00eb dhe ejakulojn\u00eb. Ata nuk mund t'i b\u00ebjn\u00eb t\u00eb dyja, k\u00ebshtu q\u00eb ndalojn\u00eb s\u00eb piri uj\u00eb p\u00ebr t\u00eb urinuar m\u00eb pak. A do t\u00eb ndryshoj\u00eb di\u00e7ka? Ende problem? Shtesa ushqyese ProstaVive trajton k\u00ebt\u00eb s\u00ebmundje n\u00eb rr\u00ebnj\u00ebt e saj. Trajtimi i plot\u00eb dhe efektiv i prostatitit mund\u00ebsohet nga kjo vitamin\u00eb.<\/p>\n<p>\u00cbsht\u00eb e nevojshme p\u00ebr trajtimin e prostatitit dhe mir\u00ebqenien seksuale. Antioksidant\u00ebt dhe p\u00ebrb\u00ebr\u00ebsit anti-inflamator\u00eb me cil\u00ebsi t\u00eb lart\u00eb leht\u00ebsojn\u00eb inflamacionin e gj\u00ebndr\u00ebs s\u00eb prostat\u00ebs. Gjithashtu \u00e7liron muret e fryra dhe l\u00eb enzima p\u00ebr t\u00eb parandaluar edem\u00ebn. P\u00ebrmir\u00ebson rrjedh\u00ebn e gjakut n\u00eb sistemin riprodhues dhe ushqyerjen gjenitale. Erekcionet jan\u00eb m\u00eb t\u00eb forta dhe m\u00eb t\u00eb gjata p\u00ebr shkak t\u00eb rritjes s\u00eb rrjedh\u00ebs s\u00eb gjakut n\u00eb penis. Jeta juaj do t\u00eb magjeps\u00eb. Entuziazmi dhe gjendja juaj pa probleme do t\u00eb kthehen.<\/p>\n<p>Dhimbja u qet\u00ebsua pas 2-3 dit\u00ebsh. Dashuria me zonj\u00ebn tuaj do t\u00eb jet\u00eb m\u00eb interesante. Trupi do t\u00eb pastrohet natyrsh\u00ebm me k\u00ebt\u00eb p\u00ebrzierje. Sepse minimizon n\u00eb m\u00ebnyr\u00eb dramatike rreziqet ndot\u00ebse p\u00ebr sh\u00ebndetin e prostat\u00ebs. Ndihmon n\u00eb detoksifikimin natyror duke eliminuar helmet dhe papast\u00ebrtit\u00eb. Antioksidant\u00ebt do t\u00eb mbrojn\u00eb gj\u00ebndrat tuaja t\u00eb prostat\u00ebs nga d\u00ebmtimet e m\u00ebtejshme derisa t\u00eb rikuperohen. Kjo formul\u00eb premton rezultate afatgjata n\u00ebse e p\u00ebrfundoni kursin. Un\u00eb rekomandoj ProstaVive p\u00ebr t\u00eb eliminuar p\u00ebrgjithmon\u00eb problemet e prostat\u00ebs. Ai rikthen vitalitetin dhe sh\u00ebndetin p\u00ebr nj\u00eb jet\u00eb t\u00eb mir\u00eb.<\/p>\n<p style=\"text-align: center;\"><a href=\"https:\/\/todaykhoe.com\/blej-prostavive-al\"><strong><span style=\"font-size: 24pt;\">KONTAKTONI P\u00cbR \u00c7DO GJ\u00cb &#8211; PARA N\u00cb DOR\u00cbZIM N\u00cb DISPOZICION<\/span><\/strong><\/a><\/p>\n<h3>Prostatiti n\u00eb \u00e7do mosh\u00eb? Cilat jan\u00eb shenjat e tij?<\/h3>\n<p>Nuk mendoj se prostatiti ose \u00e7rregullimet e prostat\u00ebs jan\u00eb t\u00eb anshme. Ose nuk synon nj\u00eb mosh\u00eb t\u00eb caktuar. N\u00eb \u00e7do mosh\u00eb. Studimet tregojn\u00eb se 30-50-vje\u00e7ar\u00ebt kan\u00eb m\u00eb shum\u00eb gjasa ta ken\u00eb. Ne e dim\u00eb q\u00eb prostatiti \u00ebsht\u00eb i d\u00ebmsh\u00ebm, por i shp\u00ebrfillim simptomat e tij. Pamund\u00ebsia p\u00ebr t\u00eb mbijetuar dhimbjen dhe paaft\u00ebsit\u00eb seksuale \u00ebsht\u00eb stresuese. Prostatiti kronik ose akut. Gj\u00ebndra pas fshik\u00ebz\u00ebs suaj q\u00eb \u00ebsht\u00eb p\u00ebrball\u00eb rektumit krijon m\u00eb shum\u00eb nd\u00ebrlikime sepse prodhon sperm\u00eb. Kontrolloni simptomat n\u00eb vend q\u00eb t\u00eb humbni koh\u00eb.<\/p>\n<h3>Simptomat e prostatitit akut<\/h3>\n<p>Nj\u00eb ngjarje shkat\u00ebrruese ndodh papritur. Trajtojeni menj\u00ebher\u00eb k\u00ebt\u00eb s\u00ebmundje t\u00eb rrall\u00eb p\u00ebr t\u00eb shp\u00ebtuar jet\u00ebn tuaj.<\/p>\n<ul>\n<li>Dhimbjet e penisit, testikujve, anusit, barkut t\u00eb posht\u00ebm dhe shpin\u00ebs mund t\u00eb jen\u00eb t\u00eb r\u00ebnda.<\/li>\n<li>Zbrazja e jasht\u00ebqitjes mund t\u00eb jet\u00eb e dhimbshme.<\/li>\n<li>Simptomat e ITU-s\u00eb p\u00ebrfshijn\u00eb dhimbje,<\/li>\n<li>urinim t\u00eb shpesht\u00eb, nevoj\u00eb p\u00ebr t\u00eb urinuar,<\/li>\n<li>gjak gjat\u00eb urinimit,<\/li>\n<li>mbajtje t\u00eb traktit urinar,<\/li>\n<li>s\u00ebmundje t\u00eb p\u00ebrgjithshme,<\/li>\n<li>dhimbje t\u00eb shpin\u00ebs s\u00eb poshtme dhe derdhje t\u00eb dhimbshme.<\/li>\n<li>Merrni ndihm\u00eb mjek\u00ebsore shpejt.<\/li>\n<\/ul>\n<h3>Prostatiti i zgjatur:<\/h3>\n<p>Kjo \u00ebsht\u00eb m\u00eb e zakonshme. Kjo s\u00ebmundje ka simptoma sporadike p\u00ebr muaj t\u00eb t\u00ebr\u00eb. Megjithat\u00eb, renditni disa p\u00ebr t\u00eb identifikuar; Dhimbje n\u00eb penis, testikuj, anus, bark t\u00eb posht\u00ebm ose shpin\u00eb. Shqet\u00ebsim urinar, d\u00ebshira, ndalim-fillim urinimi, prostat\u00eb e zmadhuar n\u00eb testin rektal, mosfunksionim erektil, derdhje e dhimbshme, dhimbje legenit pas seksit. Kjo \u00ebsht\u00eb e mjaftueshme p\u00ebr t'ju trajnuar p\u00ebr t\u00eb ndjekur k\u00ebto s\u00ebmundje, dhe ne po trajtojm\u00eb terapin\u00eb, p\u00ebrfitimet dhe m\u00eb shum\u00eb.<\/p>\n<p style=\"text-align: center;\"><span style=\"font-size: 24pt;\"><a href=\"https:\/\/todaykhoe.com\/blej-prostavive-al\"><strong>KONTAKTONI P\u00cbR \u00c7DO GJ\u00cb &#8211; PARA N\u00cb DOR\u00cbZIM N\u00cb DISPOZICION<\/strong><\/a><\/span><\/p>\n<h3>Pse ProstaVive?<\/h3>\n<p><strong>Leht\u00ebsim perfekt i prostatitit.<\/strong><\/p>\n<p>Situata e pak\u00ebndshme dhe m\u00ebnyra se si ajo shkat\u00ebrron rehatin\u00eb tuaj nuk diskutohet m\u00eb. Sidoqoft\u00eb, sa gjat\u00eb mund t\u00eb vuani? Acaruese dhe djall\u00ebzore. ProstaVive e b\u00ebn jet\u00ebn tuaj m\u00eb t\u00eb mir\u00eb dhe e eliminon k\u00ebt\u00eb s\u00ebmundje p\u00ebrgjithmon\u00eb. r. Sh\u00ebron shkakun dhe shqet\u00ebsimin, duke v\u00ebrtetuar efikasitetin e tij n\u00eb luftimin e s\u00ebmundjeve. Prostatiti zhduket plot\u00ebsisht.<\/p>\n<p><strong>Rikthen sh\u00ebndetin seksual.<\/strong><\/p>\n<p>Pamund\u00ebsia p\u00ebr t\u00eb b\u00ebr\u00eb dashuri me t\u00eb dashurin\/en tuaj dhe derdhja e dhimbshme jan\u00eb simptoma t\u00eb prostatitit. Mjeti n\u00ebn rripin e tyre nuk ngrihet, duke i turp\u00ebruar disa burra para takimit ose zonj\u00ebs s\u00eb tyre. D\u00ebshironi t\u00eb p\u00ebrballeni me k\u00ebt\u00eb? D\u00ebshironi t\u00eb tregoni fuqit\u00eb e saj t\u00eb egra? Prezantimi i tipareve t\u00eb bukura mashkullore \u00ebsht\u00eb m\u00eb i leht\u00eb me ProstaVive.<\/p>\n<p><strong>Ju mbush me g\u00ebzim.<\/strong><\/p>\n<p>Ndalimi i aktivitetit seksual do t'ju b\u00ebj\u00eb nj\u00eb kukull stresi. Do t\u00eb d\u00ebmtoj\u00eb romanc\u00ebn tuaj. \u00c7iftet mund t\u00eb grinden p\u00ebr \u00e7\u00ebshtje seksuale. K\u00ebshtu, f\u00ebmij\u00ebt kan\u00eb nevoj\u00eb p\u00ebr dashuri t\u00eb g\u00ebzueshme dhe stile jetese normale. Thjesht shtoni k\u00ebt\u00eb recet\u00eb p\u00ebr ta shijuar. Shtojeni k\u00ebt\u00eb n\u00eb regjimin tuaj p\u00ebr t\u00eb filluar nj\u00eb kapitull t\u00eb ri. Do t\u00eb nxis\u00eb pasionin tuaj dhe do ta b\u00ebj\u00eb jet\u00ebn m\u00eb t\u00eb mir\u00eb.<\/p>\n<p><strong>P\u00ebrmir\u00ebson urinimin.<\/strong><\/p>\n<p>Mbajtja e urin\u00ebs k\u00ebrkon trajtim t\u00eb menj\u00ebhersh\u00ebm. Kam di\u00e7ka unike. Imuniteti juaj do t\u00eb jet\u00eb i pamposhtur me k\u00ebt\u00eb ila\u00e7. Po, \u00ebsht\u00eb ndryshe. Kjo kur\u00eb e supozuar \u00e7liron substanca q\u00eb i b\u00ebjn\u00eb gj\u00ebndrat e prostat\u00ebs m\u00eb t\u00eb sh\u00ebndetshme dhe m\u00eb efektive, duke p\u00ebrmir\u00ebsuar rrjedh\u00ebn e urin\u00ebs.<\/p>\n<p><strong>Ereksione t\u00eb forta dhe t\u00eb gjata.<\/strong><\/p>\n<p>DE \u00ebsht\u00eb e sikletshme p\u00ebr ata q\u00eb vuajn\u00eb nga prostatiti. Le t'i p\u00ebrballojm\u00eb k\u00ebto probleme dhe t'i zgjidhim ato tani. Kjo formul\u00eb p\u00ebr prostatitin ndryshon ngurt\u00ebsin\u00eb e penisit gjat\u00eb ereksionit p\u00ebr t\u00eb rritur mashkullor\u00ebsin\u00eb. Rrit ereksionet e forta si shk\u00ebmbi dhe afatgjata, duke \u00e7liruar mashkullor\u00ebsin\u00eb e jasht\u00ebzakonshme.<\/p>\n<p><strong>Udh\u00ebzime p\u00ebr ProstaVive.<\/strong><\/p>\n<p>Merrni 2 tableta \u00e7do dit\u00eb p\u00ebr rezultate t\u00eb shk\u00eblqyera. Doza e par\u00eb me uj\u00eb n\u00eb m\u00ebngjes dhe e dyta n\u00eb dark\u00eb do ta p\u00ebrmir\u00ebsojn\u00eb fizikun dhe sh\u00ebndetin tuaj m\u00eb shpejt. Merrni nj\u00eb nxitje t\u00eb shpejt\u00eb duke u ushtruar dhe duke ngr\u00ebn\u00eb ushqime me fibra t\u00eb larta. Menaxhoni diet\u00ebn tuaj p\u00ebr nj\u00eb muaj. P\u00ebr rezultate m\u00eb t\u00eb mira, p\u00ebrdorni k\u00ebt\u00eb formul\u00eb p\u00ebr nj\u00eb muaj.<\/p>\n<h3>Paralajm\u00ebrime.<\/h3>\n<ul>\n<li>Jo p\u00ebr f\u00ebmij\u00eb. I b\u00ebr\u00eb p\u00ebr meshkuj.<\/li>\n<li>Ndalo s\u00eb marri kapsula t\u00eb tjera. Filloni kursin.<\/li>\n<li>Shmangni mbidoz\u00ebn.<\/li>\n<\/ul>\n<h3>Ku \u00ebsht\u00eb m\u00eb i p\u00ebrballuesh\u00ebm?<\/h3>\n<p>Ky produkt \u00ebsht\u00eb duksh\u00ebm m\u00eb i lir\u00eb se sa pritej. Bleni produkte autentike me \u00e7mime t\u00eb arsyeshme n\u00eb faqen e saj t\u00eb internetit. Kjo \u00ebsht\u00eb ekskluzive p\u00ebr faqen e saj t\u00eb internetit. Faqja zyrtare e shitjeve elektronike \u00ebsht\u00eb e vetmja e besueshme. Vizitoni faqen e saj t\u00eb internetit duke klikuar imazhin. Vendosni informacionin tuaj n\u00eb formularin e porosis\u00eb. Pyetjet do t\u00eb vijn\u00eb s\u00eb shpejti.<\/p>\n<p style=\"text-align: center;\"><span style=\"font-size: 24pt;\"><a href=\"https:\/\/todaykhoe.com\/blej-prostavive-al\"><strong>KONTAKTONI P\u00cbR \u00c7DO GJ\u00cb &#8211; PARA N\u00cb DOR\u00cbZIM N\u00cb DISPOZICION<\/strong><\/a><\/span><\/p>\n<p><a href=\"https:\/\/todaykhoe.com\/blej-prostavive-al\"><img loading=\"lazy\" decoding=\"async\" class=\"aligncenter size-full wp-image-153229\" src=\"https:\/\/todaykhoe.com\/wp-content\/uploads\/2025\/08\/ProstaVive-tableta-Cmimi-Albania.png\" alt=\"ProstaVive tableta \u00c7mimi Albania\" width=\"813\" height=\"595\" srcset=\"https:\/\/www.todaykhoe.com\/wp-content\/uploads\/2025\/08\/ProstaVive-tableta-Cmimi-Albania.png 813w, https:\/\/www.todaykhoe.com\/wp-content\/uploads\/2025\/08\/ProstaVive-tableta-Cmimi-Albania-300x220.png 300w, https:\/\/www.todaykhoe.com\/wp-content\/uploads\/2025\/08\/ProstaVive-tableta-Cmimi-Albania-768x562.png 768w, https:\/\/www.todaykhoe.com\/wp-content\/uploads\/2025\/08\/ProstaVive-tableta-Cmimi-Albania-600x439.png 600w\" sizes=\"auto, (max-width: 813px) 100vw, 813px\" \/><\/a><\/p>\n","protected":false},"excerpt":{"rendered":"<p><span style=\"font-size: 22pt;\"><strong>Simptomat, Trajtimi dhe Parandalimi i Prostatitit<\/strong><\/span><\/p>\n<ul>\n<li>Mund t\u00eb paguani me para n\u00eb dor\u00eb ose me kart\u00eb krediti kur t\u00eb merrni artikullin.<\/li>\n<li>Dor\u00ebzimi b\u00ebhet brenda 2-3 dit\u00ebsh, afati i ruajtjes \u00ebsht\u00eb deri n\u00eb 5 dit\u00eb.<\/li>\n<li>Paketa mund t\u00eb d\u00ebrgohet n\u00eb sht\u00ebpin\u00eb tuaj ose n\u00eb post\u00eb. Gjithashtu mund ta merrni falas n\u00ebp\u00ebrmjet telefonit me operatorin.<\/li>\n<\/ul>\n<p><a href=\"https:\/\/todaykhoe.com\/blej-prostavive-al\"><strong>KONTAKTONI P\u00cbR \u00c7DO GJ\u00cb &#8211; PARA N\u00cb DOR\u00cbZIM N\u00cb DISPOZICION<\/strong><\/a><\/p>\n","protected":false},"featured_media":153189,"comment_status":"open","ping_status":"closed","template":"","meta":[],"product_brand":[],"product_cat":[435],"product_tag":[],"class_list":{"0":"post-153188","1":"product","2":"type-product","3":"status-publish","4":"has-post-thumbnail","6":"product_cat-health","8":"first","9":"instock","10":"shipping-taxable","11":"product-type-external"},"yoast_head":"<!-- This site is optimized with the Yoast SEO plugin v27.3 - https:\/\/yoast.com\/product\/yoast-seo-wordpress\/ -->\n<title>ProstaVive Kapsula \u00c7mimi Albania: Tableta p\u00ebr prostatit! Vler\u00ebsime<\/title>\n<meta name=\"description\" content=\"ProstaVive Kapsula \u00c7mimi Albania: Tableta p\u00ebr prostatit! Vler\u00ebsime, Simptomat, Trajtimi dhe Parandalimi i Prostatitit. Ku mund t\u00eb blihet n\u00eb Shqip\u00ebri?\" \/>\n<meta name=\"robots\" content=\"index, follow, max-snippet:-1, max-image-preview:large, max-video-preview:-1\" \/>\n<link rel=\"canonical\" href=\"https:\/\/www.todaykhoe.com\/product\/prostavive-kapsula-cmimi\/\" \/>\n<meta property=\"og:locale\" content=\"id_ID\" \/>\n<meta property=\"og:type\" content=\"article\" \/>\n<meta property=\"og:title\" content=\"ProstaVive Kapsula \u00c7mimi Albania: Tableta p\u00ebr prostatit! Vler\u00ebsime\" \/>\n<meta property=\"og:description\" content=\"ProstaVive Kapsula \u00c7mimi Albania: Tableta p\u00ebr prostatit! Vler\u00ebsime, Simptomat, Trajtimi dhe Parandalimi i Prostatitit. Ku mund t\u00eb blihet n\u00eb Shqip\u00ebri?\" \/>\n<meta property=\"og:url\" content=\"https:\/\/www.todaykhoe.com\/product\/prostavive-kapsula-cmimi\/\" \/>\n<meta property=\"og:site_name\" content=\"TodayKh\u1ecfe.Com\" \/>\n<meta property=\"article:modified_time\" content=\"2025-08-26T12:49:29+00:00\" \/>\n<meta property=\"og:image\" content=\"https:\/\/www.todaykhoe.com\/wp-content\/uploads\/2025\/08\/ProstaVive-Kapsula-Cmimi-Albania.png\" \/>\n\t<meta property=\"og:image:width\" content=\"446\" \/>\n\t<meta property=\"og:image:height\" content=\"436\" \/>\n\t<meta property=\"og:image:type\" content=\"image\/png\" \/>\n<meta name=\"twitter:card\" content=\"summary_large_image\" \/>\n<meta name=\"twitter:label1\" content=\"Estimasi waktu membaca\" \/>\n\t<meta name=\"twitter:data1\" content=\"8 menit\" \/>\n<script type=\"application\/ld+json\" class=\"yoast-schema-graph\">{\"@context\":\"https:\\\/\\\/schema.org\",\"@graph\":[{\"@type\":\"WebPage\",\"@id\":\"https:\\\/\\\/www.todaykhoe.com\\\/product\\\/prostavive-kapsula-cmimi\\\/\",\"url\":\"https:\\\/\\\/www.todaykhoe.com\\\/product\\\/prostavive-kapsula-cmimi\\\/\",\"name\":\"ProstaVive Kapsula \u00c7mimi Albania: Tableta p\u00ebr prostatit! Vler\u00ebsime\",\"isPartOf\":{\"@id\":\"https:\\\/\\\/www.todaykhoe.com\\\/#website\"},\"primaryImageOfPage\":{\"@id\":\"https:\\\/\\\/www.todaykhoe.com\\\/product\\\/prostavive-kapsula-cmimi\\\/#primaryimage\"},\"image\":{\"@id\":\"https:\\\/\\\/www.todaykhoe.com\\\/product\\\/prostavive-kapsula-cmimi\\\/#primaryimage\"},\"thumbnailUrl\":\"https:\\\/\\\/www.todaykhoe.com\\\/wp-content\\\/uploads\\\/2025\\\/08\\\/ProstaVive-Kapsula-Cmimi-Albania.png\",\"datePublished\":\"2025-08-26T12:49:06+00:00\",\"dateModified\":\"2025-08-26T12:49:29+00:00\",\"description\":\"ProstaVive Kapsula \u00c7mimi Albania: Tableta p\u00ebr prostatit! Vler\u00ebsime, Simptomat, Trajtimi dhe Parandalimi i Prostatitit. Ku mund t\u00eb blihet n\u00eb Shqip\u00ebri?\",\"breadcrumb\":{\"@id\":\"https:\\\/\\\/www.todaykhoe.com\\\/product\\\/prostavive-kapsula-cmimi\\\/#breadcrumb\"},\"inLanguage\":\"id\",\"potentialAction\":[{\"@type\":\"ReadAction\",\"target\":[\"https:\\\/\\\/www.todaykhoe.com\\\/product\\\/prostavive-kapsula-cmimi\\\/\"]}]},{\"@type\":\"ImageObject\",\"inLanguage\":\"id\",\"@id\":\"https:\\\/\\\/www.todaykhoe.com\\\/product\\\/prostavive-kapsula-cmimi\\\/#primaryimage\",\"url\":\"https:\\\/\\\/www.todaykhoe.com\\\/wp-content\\\/uploads\\\/2025\\\/08\\\/ProstaVive-Kapsula-Cmimi-Albania.png\",\"contentUrl\":\"https:\\\/\\\/www.todaykhoe.com\\\/wp-content\\\/uploads\\\/2025\\\/08\\\/ProstaVive-Kapsula-Cmimi-Albania.png\",\"width\":446,\"height\":436,\"caption\":\"ProstaVive Kapsula \u00c7mimi Albania\"},{\"@type\":\"BreadcrumbList\",\"@id\":\"https:\\\/\\\/www.todaykhoe.com\\\/product\\\/prostavive-kapsula-cmimi\\\/#breadcrumb\",\"itemListElement\":[{\"@type\":\"ListItem\",\"position\":1,\"name\":\"Home\",\"item\":\"https:\\\/\\\/www.todaykhoe.com\\\/\"},{\"@type\":\"ListItem\",\"position\":2,\"name\":\"Shop\",\"item\":\"https:\\\/\\\/www.todaykhoe.com\\\/shop\\\/\"},{\"@type\":\"ListItem\",\"position\":3,\"name\":\"ProstaVive Kapsula \u00c7mimi\"}]},{\"@type\":\"WebSite\",\"@id\":\"https:\\\/\\\/www.todaykhoe.com\\\/#website\",\"url\":\"https:\\\/\\\/www.todaykhoe.com\\\/\",\"name\":\"TodayKh\u1ecfe.Com\",\"description\":\"Healthy Today, Fitness, Nutrition, Beauty, News!\",\"publisher\":{\"@id\":\"https:\\\/\\\/www.todaykhoe.com\\\/#organization\"},\"potentialAction\":[{\"@type\":\"SearchAction\",\"target\":{\"@type\":\"EntryPoint\",\"urlTemplate\":\"https:\\\/\\\/www.todaykhoe.com\\\/?s={search_term_string}\"},\"query-input\":{\"@type\":\"PropertyValueSpecification\",\"valueRequired\":true,\"valueName\":\"search_term_string\"}}],\"inLanguage\":\"id\"},{\"@type\":\"Organization\",\"@id\":\"https:\\\/\\\/www.todaykhoe.com\\\/#organization\",\"name\":\"TodayKh\u1ecfe.Com\",\"url\":\"https:\\\/\\\/www.todaykhoe.com\\\/\",\"logo\":{\"@type\":\"ImageObject\",\"inLanguage\":\"id\",\"@id\":\"https:\\\/\\\/www.todaykhoe.com\\\/#\\\/schema\\\/logo\\\/image\\\/\",\"url\":\"https:\\\/\\\/www.todaykhoe.com\\\/wp-content\\\/uploads\\\/2025\\\/04\\\/Todaykhoe.png\",\"contentUrl\":\"https:\\\/\\\/www.todaykhoe.com\\\/wp-content\\\/uploads\\\/2025\\\/04\\\/Todaykhoe.png\",\"width\":706,\"height\":159,\"caption\":\"TodayKh\u1ecfe.Com\"},\"image\":{\"@id\":\"https:\\\/\\\/www.todaykhoe.com\\\/#\\\/schema\\\/logo\\\/image\\\/\"}}]}<\/script>\n<!-- \/ Yoast SEO plugin. -->","yoast_head_json":{"title":"ProstaVive Kapsula \u00c7mimi Albania: Tableta p\u00ebr prostatit! Vler\u00ebsime","description":"ProstaVive Kapsula \u00c7mimi Albania: Tableta p\u00ebr prostatit! Vler\u00ebsime, Simptomat, Trajtimi dhe Parandalimi i Prostatitit. Ku mund t\u00eb blihet n\u00eb Shqip\u00ebri?","robots":{"index":"index","follow":"follow","max-snippet":"max-snippet:-1","max-image-preview":"max-image-preview:large","max-video-preview":"max-video-preview:-1"},"canonical":"https:\/\/www.todaykhoe.com\/product\/prostavive-kapsula-cmimi\/","og_locale":"id_ID","og_type":"article","og_title":"ProstaVive Kapsula \u00c7mimi Albania: Tableta p\u00ebr prostatit! Vler\u00ebsime","og_description":"ProstaVive Kapsula \u00c7mimi Albania: Tableta p\u00ebr prostatit! Vler\u00ebsime, Simptomat, Trajtimi dhe Parandalimi i Prostatitit. Ku mund t\u00eb blihet n\u00eb Shqip\u00ebri?","og_url":"https:\/\/www.todaykhoe.com\/product\/prostavive-kapsula-cmimi\/","og_site_name":"TodayKh\u1ecfe.Com","article_modified_time":"2025-08-26T12:49:29+00:00","og_image":[{"width":446,"height":436,"url":"https:\/\/www.todaykhoe.com\/wp-content\/uploads\/2025\/08\/ProstaVive-Kapsula-Cmimi-Albania.png","type":"image\/png"}],"twitter_card":"summary_large_image","twitter_misc":{"Estimasi waktu membaca":"8 menit"},"schema":{"@context":"https:\/\/schema.org","@graph":[{"@type":"WebPage","@id":"https:\/\/www.todaykhoe.com\/product\/prostavive-kapsula-cmimi\/","url":"https:\/\/www.todaykhoe.com\/product\/prostavive-kapsula-cmimi\/","name":"ProstaVive Kapsula \u00c7mimi Albania: Tableta p\u00ebr prostatit! Vler\u00ebsime","isPartOf":{"@id":"https:\/\/www.todaykhoe.com\/#website"},"primaryImageOfPage":{"@id":"https:\/\/www.todaykhoe.com\/product\/prostavive-kapsula-cmimi\/#primaryimage"},"image":{"@id":"https:\/\/www.todaykhoe.com\/product\/prostavive-kapsula-cmimi\/#primaryimage"},"thumbnailUrl":"https:\/\/www.todaykhoe.com\/wp-content\/uploads\/2025\/08\/ProstaVive-Kapsula-Cmimi-Albania.png","datePublished":"2025-08-26T12:49:06+00:00","dateModified":"2025-08-26T12:49:29+00:00","description":"ProstaVive Kapsula \u00c7mimi Albania: Tableta p\u00ebr prostatit! Vler\u00ebsime, Simptomat, Trajtimi dhe Parandalimi i Prostatitit. Ku mund t\u00eb blihet n\u00eb Shqip\u00ebri?","breadcrumb":{"@id":"https:\/\/www.todaykhoe.com\/product\/prostavive-kapsula-cmimi\/#breadcrumb"},"inLanguage":"id","potentialAction":[{"@type":"ReadAction","target":["https:\/\/www.todaykhoe.com\/product\/prostavive-kapsula-cmimi\/"]}]},{"@type":"ImageObject","inLanguage":"id","@id":"https:\/\/www.todaykhoe.com\/product\/prostavive-kapsula-cmimi\/#primaryimage","url":"https:\/\/www.todaykhoe.com\/wp-content\/uploads\/2025\/08\/ProstaVive-Kapsula-Cmimi-Albania.png","contentUrl":"https:\/\/www.todaykhoe.com\/wp-content\/uploads\/2025\/08\/ProstaVive-Kapsula-Cmimi-Albania.png","width":446,"height":436,"caption":"ProstaVive Kapsula \u00c7mimi Albania"},{"@type":"BreadcrumbList","@id":"https:\/\/www.todaykhoe.com\/product\/prostavive-kapsula-cmimi\/#breadcrumb","itemListElement":[{"@type":"ListItem","position":1,"name":"Home","item":"https:\/\/www.todaykhoe.com\/"},{"@type":"ListItem","position":2,"name":"Shop","item":"https:\/\/www.todaykhoe.com\/shop\/"},{"@type":"ListItem","position":3,"name":"ProstaVive Kapsula \u00c7mimi"}]},{"@type":"WebSite","@id":"https:\/\/www.todaykhoe.com\/#website","url":"https:\/\/www.todaykhoe.com\/","name":"TodayKh\u1ecfe.Com","description":"Healthy Today, Fitness, Nutrition, Beauty, News!","publisher":{"@id":"https:\/\/www.todaykhoe.com\/#organization"},"potentialAction":[{"@type":"SearchAction","target":{"@type":"EntryPoint","urlTemplate":"https:\/\/www.todaykhoe.com\/?s={search_term_string}"},"query-input":{"@type":"PropertyValueSpecification","valueRequired":true,"valueName":"search_term_string"}}],"inLanguage":"id"},{"@type":"Organization","@id":"https:\/\/www.todaykhoe.com\/#organization","name":"TodayKh\u1ecfe.Com","url":"https:\/\/www.todaykhoe.com\/","logo":{"@type":"ImageObject","inLanguage":"id","@id":"https:\/\/www.todaykhoe.com\/#\/schema\/logo\/image\/","url":"https:\/\/www.todaykhoe.com\/wp-content\/uploads\/2025\/04\/Todaykhoe.png","contentUrl":"https:\/\/www.todaykhoe.com\/wp-content\/uploads\/2025\/04\/Todaykhoe.png","width":706,"height":159,"caption":"TodayKh\u1ecfe.Com"},"image":{"@id":"https:\/\/www.todaykhoe.com\/#\/schema\/logo\/image\/"}}]}},"_links":{"self":[{"href":"https:\/\/www.todaykhoe.com\/id\/wp-json\/wp\/v2\/product\/153188","targetHints":{"allow":["GET"]}}],"collection":[{"href":"https:\/\/www.todaykhoe.com\/id\/wp-json\/wp\/v2\/product"}],"about":[{"href":"https:\/\/www.todaykhoe.com\/id\/wp-json\/wp\/v2\/types\/product"}],"replies":[{"embeddable":true,"href":"https:\/\/www.todaykhoe.com\/id\/wp-json\/wp\/v2\/comments?post=153188"}],"wp:featuredmedia":[{"embeddable":true,"href":"https:\/\/www.todaykhoe.com\/id\/wp-json\/wp\/v2\/media\/153189"}],"wp:attachment":[{"href":"https:\/\/www.todaykhoe.com\/id\/wp-json\/wp\/v2\/media?parent=153188"}],"wp:term":[{"taxonomy":"product_brand","embeddable":true,"href":"https:\/\/www.todaykhoe.com\/id\/wp-json\/wp\/v2\/product_brand?post=153188"},{"taxonomy":"product_cat","embeddable":true,"href":"https:\/\/www.todaykhoe.com\/id\/wp-json\/wp\/v2\/product_cat?post=153188"},{"taxonomy":"product_tag","embeddable":true,"href":"https:\/\/www.todaykhoe.com\/id\/wp-json\/wp\/v2\/product_tag?post=153188"}],"curies":[{"name":"wp","href":"https:\/\/api.w.org\/{rel}","templated":true}]}}