{"id":115705,"date":"2025-05-13T12:48:48","date_gmt":"2025-05-13T12:48:48","guid":{"rendered":"https:\/\/todaykhoe.com\/?post_type=product&#038;p=115705"},"modified":"2025-05-13T12:48:49","modified_gmt":"2025-05-13T12:48:49","slug":"imperium-sprey-turkiye","status":"publish","type":"product","link":"https:\/\/www.todaykhoe.com\/id\/product\/imperium-sprey-turkiye\/","title":{"rendered":"Imperium (Spray) &#8211; Sprey"},"content":{"rendered":"<p><a href=\"https:\/\/todaykhoe.com\/product\/imperium-sprey-turkiye\/\"><b>Imperium<\/b><\/a> spreyi her ya\u015ftan erke\u011fin g\u00fcc\u00fcn\u00fc ve erkekli\u011fini geri kazanmas\u0131na yard\u0131mc\u0131 olur. Potens ve d\u00fczenli hormon \u00fcretimi i\u00e7in organik bir tedavi, kan\u0131n \u00fcreme organlar\u0131n\u0131 doldurmas\u0131na yard\u0131mc\u0131 olur. Uyu\u015fturucu etkisi erkeklerin daha uzun s\u00fcre dik kalmas\u0131n\u0131 sa\u011flar. Daha fazla T\u00fcrk, daha iyi ve daha uzun s\u00fcre samimi bir \u015fekilde performans g\u00f6stermek i\u00e7in bu spreyleri kullan\u0131r.<\/p>\n<p>\u00dcreticinin web sitesi mevsimsel tasarruflar sunar. Imperium hakk\u0131ndaki forum g\u00f6nderileri, libidoyu uyar\u0131c\u0131 etkilerini do\u011frulamaktad\u0131r. Yan etkiler tart\u0131\u015f\u0131lmam\u0131\u015ft\u0131r. Balkan androloglar\u0131, mavi sprey yerine Imperium'u tercih ediyor. Organik bile\u015fimi erkekler i\u00e7in g\u00fcvenlidir.<\/p>\n<p>Bunlar, bilime g\u00f6re do\u011fan\u0131n en g\u00fc\u00e7l\u00fc libido uyar\u0131c\u0131lar\u0131d\u0131r. %93 oran\u0131nda romantik aktiviteyi art\u0131r\u0131r ve yatakta sevgilinizi tatmin etmenize yard\u0131mc\u0131 olur. Imperium, sevi\u015fmeyi art\u0131r\u0131r ve prostat b\u00fcy\u00fcmesini \u00f6nler.<\/p>\n<h3>Imperium Nedir ve Nas\u0131l \u00c7al\u0131\u015f\u0131r?<\/h3>\n<p>Imperium, erkekleri erkeksi ve g\u00fc\u00e7l\u00fc hale getirmek i\u00e7in hormonlar\u0131 dengeleyen do\u011fal bir spreydir. Spreyler, pelvik kan ak\u0131\u015f\u0131n\u0131 basit\u00e7e serbest b\u0131rak\u0131r ve iyile\u015ftirir. Ereksiyondan sonra organ\u0131 uyu\u015fturur, b\u00f6ylece zaman ay\u0131rabilir ve sevgilinizi memnun edebilirsiniz. \u00dcreticinin web sitesi d\u00fczenli indirimler sunmaktad\u0131r.<\/p>\n<p>Androloglara g\u00f6re Imperium en iyi do\u011fal mavi sprey alternatiflerinden biridir. Imperium, erkeklik spreyi kullan\u0131c\u0131lar\u0131 taraf\u0131ndan nadiren ele\u015ftirilir. Laboratuvar testleri, organik spreyi g\u00fcvenli ve etkili bir libido g\u00fc\u00e7lendirici olarak daha fazla erkeklik ve g\u00fc\u00e7 i\u00e7in onaylam\u0131\u015ft\u0131r.<\/p>\n<p>Ortalama romantizmi uzatma etkinli\u011fi %93't\u00fcr. Her g\u00fcn al\u0131nd\u0131\u011f\u0131nda g\u00fcvenilir prostat \u00f6nleme ve istikrarl\u0131 erkek sa\u011fl\u0131\u011f\u0131 sa\u011flarlar. Imperium, her ya\u015ftaki erkeklerde normal g\u00fc\u00e7 i\u00e7in harikad\u0131r.<\/p>\n<h4>\u00d6nemli Imperium Sprey Kullan\u0131mlar\u0131<\/h4>\n<ul>\n<li>Bir\u00e7ok erkek erken bo\u015falmaktan korkar. Imperium Sprey cinsel aktiviteyi uzatmak i\u00e7in penis hassasiyetini azalt\u0131r. Partner memnuniyeti artar.<\/li>\n<li>Cinsel Dayan\u0131kl\u0131l\u0131k: Imperium Sprey erkeklerin performans\u0131n\u0131 iyile\u015ftirebilir ve erken bo\u015falma olmasa bile samimi ortamlar\u0131 daha keyifli hale getirebilir. \u0130yile\u015ftirme i\u00e7in idealdir.<\/li>\n<li>Uzun vadeli performans \u00f6zg\u00fcveni art\u0131r\u0131r. Erkekler Imperium Sprey ile samimi ili\u015fkilerini kontrol eder.<\/li>\n<li>Imperium Sprey dakikalar i\u00e7inde etki eder ve uygulanmas\u0131 kolayd\u0131r, bu da onu me\u015fgul insanlar i\u00e7in ideal hale getirir.<\/li>\n<\/ul>\n<h4>Imperium Sprey g\u00fcvenli midir?<\/h4>\n<p>Imperium Sprey do\u011fru kullan\u0131ld\u0131\u011f\u0131nda g\u00fcvenlidir. Lidokain yayg\u0131n bir topikaldir. Alerjiler i\u00e7in bir yama testi yap\u0131n, yanl\u0131\u015f kullan\u0131mdan ka\u00e7\u0131n\u0131n ve yan etkiler veya t\u0131bbi sorunlar i\u00e7in bir doktora g\u00f6r\u00fcn\u00fcn.<\/p>\n<h4>Imperium Sprey Erkek Cinsel Sa\u011fl\u0131k Faydalar\u0131<\/h4>\n<p><b>Imperium Sprey'i pop\u00fcler yapan bir\u00e7ok fayda vard\u0131r:<\/b><\/p>\n<ul>\n<li>Spontan durumlarda dakikalar i\u00e7inde kullan\u0131m\u0131 kolayd\u0131r.<\/li>\n<li>G\u00fcnl\u00fck ila\u00e7 yok, sessiz, kullan\u0131m\u0131 ve saklanmas\u0131 kolayd\u0131r.<\/li>\n<li>Daha fazla yak\u0131nl\u0131k: Daha uzun performans ba\u011flant\u0131lar\u0131 iyile\u015ftirir.<\/li>\n<li>\u00c7o\u011fu Kullan\u0131c\u0131 \u0130\u00e7in G\u00fcvenli: Do\u011fru kullan\u0131m\u0131n \u00e7ok az sonucu vard\u0131r.<\/li>\n<li>Di\u011fer terapilerden daha az maliyetlidir.<\/li>\n<\/ul>\n<h4>Prezervatifler Imperium Sprey ile i\u015fe yarar m\u0131?<\/h4>\n<p>Uyu\u015fmay\u0131 \u00f6nlemek i\u00e7in, prezervatifi uygulamadan \u00f6nce fazla spreyi y\u0131kay\u0131n.<\/p>\n<h3>Imperium &#8211; Forum Yorumlar\u0131<\/h3>\n<p>Erkeklik ve g\u00fc\u00e7 i\u00e7in organik spreyler m\u00fc\u015fteriler ve profesyoneller taraf\u0131ndan onaylanm\u0131\u015ft\u0131r. Bu nedenle forumlarda k\u00f6t\u00fc Imperium yorumlar\u0131 yoktur. Bunlar\u0131 her g\u00fcn kullanan bir\u00e7ok erkek, kendilerini hi\u00e7 bu kadar aktif ve cinsel olarak yetenekli hissetmediklerini s\u00f6yl\u00fcyor. Baz\u0131 kad\u0131n partnerler, erkeklerinin bu kursa ba\u015flamas\u0131ndan \u00e7ok memnun olduklar\u0131n\u0131 s\u00f6yleyen referanslar yaz\u0131yor. Yatak odas\u0131 oyun heyecanlar\u0131n\u0131 art\u0131rd\u0131. Imperium ayr\u0131ca uzman androloglar taraf\u0131ndan en iyi organik libido uyar\u0131c\u0131s\u0131 olarak \u00f6v\u00fcl\u00fcyor.<\/p>\n<p><strong>Yorumlar:<\/strong><\/p>\n<p>Erkekli\u011fimi art\u0131rd\u0131\u011f\u0131 i\u00e7in Imperium spreyine te\u015fekk\u00fcr ediyorum. Stresliydim, kar\u0131ma en iyi seksimi veremedim. Hi\u00e7bir zaman tatmin olmad\u0131\u011f\u0131n\u0131 s\u00f6yledi. Bir arkada\u015f\u0131m bunu denememi \u00f6nerdi. \u0130yi ki denemi\u015fim. 20'li ya\u015flar tarz\u0131 seks yap\u0131yoruz. Bojan Jovanovic, 42;<\/p>\n<p>Bir daha asla seksten zevk alamayaca\u011f\u0131m\u0131 d\u00fc\u015f\u00fcn\u00fcyordum. Prostatit olmak can\u0131m\u0131 ac\u0131tt\u0131. Imperium semptomlar\u0131m\u0131 hafifletti. Partnerim bunu yapt\u0131rd\u0131\u011f\u0131m i\u00e7in \u00e7ok mutlu. \u015eimdi, her g\u00fcn samimi bir \u015fekilde aktifiz. Marko Veselinovic, 35;<\/p>\n<p>Kocam do\u011fum g\u00fcn\u00fcmde bana s\u00fcrpriz yapmak i\u00e7in libidoyu art\u0131ran sprey ald\u0131. A\u015fk\u0131m\u0131z\u0131 tamamen de\u011fi\u015ftirdiler. Y\u0131llard\u0131r bu kadar a\u015fktan zevk almam\u0131\u015ft\u0131m. Aneta, 32;<\/p>\n<h3>T\u00fcrkiye Imperium Fiyat\u0131 &#8211; Nereden Al\u0131n\u0131r?<\/h3>\n<p>Imperium'u T\u00fcrkiye'de en iyi fiyata almak i\u00e7in \u00fcreticinin web sitesini ziyaret edin. Lisansl\u0131 web sitesinde k\u0131sa bir formu doldurman\u0131z gerekir. Operat\u00f6r ileti\u015fimi i\u00e7in ge\u00e7erli bir telefon numaras\u0131 b\u0131rak\u0131n. Teslimatlar gizlidir. %50 Imperium indirimini almak i\u00e7in h\u0131zl\u0131 davran\u0131n.<\/p>\n<p>Artt\u0131r\u0131lm\u0131\u015f erkeklik ve g\u00fc\u00e7 i\u00e7in Imperium spreyi her zamanki gibi \u00e7evrimi\u00e7i olarak elde edilir. M\u00fc\u015fteriler sipari\u015f formunu doldurur, bilgilerini onaylar ve teslimat\u0131 bekler. Teslimat g\u00fcnler s\u00fcrer ve COD'dir.<\/p>\n<p>Imperium'u bulmak i\u00e7in kimsenin yerel DM ma\u011fazas\u0131na y\u00fcr\u00fcmesine gerek yok. Yak\u0131ndaki Benu eczaneleri de romantik spreyi satm\u0131yor. M\u00fc\u015fteriler bunlar\u0131 resmi siteden kolayca alabilir ve b\u00fcy\u00fck indirimler elde edebilir. Imperium sat\u0131\u015f portal\u0131 doland\u0131r\u0131c\u0131l\u0131klar\u0131na dikkat edin. Bunlar orijinal libido art\u0131r\u0131c\u0131 \u00fcr\u00fcn\u00fcn sadece kopyalar\u0131d\u0131r.<\/p>\n","protected":false},"excerpt":{"rendered":"<h2><span style=\"color: #000000;\">Imperium Sprey Erkek Cinsel Sa\u011fl\u0131k Faydalar\u0131<\/span><\/h2>\n<ul>\n<li><span style=\"color: #000000;\">Spontan durumlarda dakikalar i\u00e7inde kullan\u0131m\u0131 kolayd\u0131r.<\/span><\/li>\n<li><span style=\"color: #000000;\">G\u00fcnl\u00fck ila\u00e7 yok, sessiz, kullan\u0131m\u0131 ve saklanmas\u0131 kolayd\u0131r.<\/span><\/li>\n<li><span style=\"color: #000000;\">Daha fazla yak\u0131nl\u0131k: Daha uzun performans ba\u011flant\u0131lar\u0131 iyile\u015ftirir.<\/span><\/li>\n<li><span style=\"color: #000000;\">\u00c7o\u011fu Kullan\u0131c\u0131 \u0130\u00e7in G\u00fcvenli: Do\u011fru kullan\u0131m\u0131n \u00e7ok az sonucu vard\u0131r.<\/span><\/li>\n<li><span style=\"color: #000000;\">Di\u011fer terapilerden daha az maliyetlidir.<\/span><\/li>\n<\/ul>\n<p><span style=\"font-size: 14pt;\"><b><span style=\"color: #000000;\">Eski Fiyat: <span style=\"color: #ff0000;\"><del>1178 TRY<\/del><\/span><\/span><br \/>\n<\/b><\/span><\/p>\n<p><span style=\"color: #000000; font-size: 16pt;\"><b>Yeni Fiyat: <span style=\"color: #33cccc;\">589 TRY<\/span><\/b><\/span><\/p>\n","protected":false},"featured_media":115707,"comment_status":"open","ping_status":"closed","template":"","meta":[],"product_brand":[],"product_cat":[434],"product_tag":[],"class_list":{"0":"post-115705","1":"product","2":"type-product","3":"status-publish","4":"has-post-thumbnail","6":"product_cat-uncategorized","8":"first","9":"instock","10":"shipping-taxable","11":"product-type-external"},"yoast_head":"<!-- This site is optimized with the Yoast SEO plugin v27.3 - https:\/\/yoast.com\/product\/yoast-seo-wordpress\/ -->\n<title>Imperium Spray i\u00e7inpenis b\u00fcy\u00fctme - Imperium Sprey T\u00fcrkiye 2025<\/title>\n<meta name=\"description\" content=\"Imperium, erkekleri erkeksi ve g\u00fc\u00e7l\u00fc hale getirmek i\u00e7in hormonlar\u0131 dengeleyen do\u011fal bir spreydir. Imperium Spray T\u00fcrkiye, Imperium Sprey T\u00fcrkiye 2025\" \/>\n<meta name=\"robots\" content=\"index, follow, max-snippet:-1, max-image-preview:large, max-video-preview:-1\" \/>\n<link rel=\"canonical\" href=\"https:\/\/www.todaykhoe.com\/product\/imperium-sprey-turkiye\/\" \/>\n<meta property=\"og:locale\" content=\"id_ID\" \/>\n<meta property=\"og:type\" content=\"article\" \/>\n<meta property=\"og:title\" content=\"Imperium Spray i\u00e7inpenis b\u00fcy\u00fctme - Imperium Sprey T\u00fcrkiye 2025\" \/>\n<meta property=\"og:description\" content=\"Imperium, erkekleri erkeksi ve g\u00fc\u00e7l\u00fc hale getirmek i\u00e7in hormonlar\u0131 dengeleyen do\u011fal bir spreydir. Imperium Spray T\u00fcrkiye, Imperium Sprey T\u00fcrkiye 2025\" \/>\n<meta property=\"og:url\" content=\"https:\/\/www.todaykhoe.com\/product\/imperium-sprey-turkiye\/\" \/>\n<meta property=\"og:site_name\" content=\"TodayKh\u1ecfe.Com\" \/>\n<meta property=\"article:modified_time\" content=\"2025-05-13T12:48:49+00:00\" \/>\n<meta property=\"og:image\" content=\"https:\/\/www.todaykhoe.com\/wp-content\/uploads\/2025\/05\/Imperium-Spray.png\" \/>\n\t<meta property=\"og:image:width\" content=\"387\" \/>\n\t<meta property=\"og:image:height\" content=\"408\" \/>\n\t<meta property=\"og:image:type\" content=\"image\/png\" \/>\n<meta name=\"twitter:card\" content=\"summary_large_image\" \/>\n<meta name=\"twitter:label1\" content=\"Estimasi waktu membaca\" \/>\n\t<meta name=\"twitter:data1\" content=\"5 menit\" \/>\n<script type=\"application\/ld+json\" class=\"yoast-schema-graph\">{\"@context\":\"https:\\\/\\\/schema.org\",\"@graph\":[{\"@type\":\"WebPage\",\"@id\":\"https:\\\/\\\/www.todaykhoe.com\\\/product\\\/imperium-sprey-turkiye\\\/\",\"url\":\"https:\\\/\\\/www.todaykhoe.com\\\/product\\\/imperium-sprey-turkiye\\\/\",\"name\":\"Imperium Spray i\u00e7inpenis b\u00fcy\u00fctme - Imperium Sprey T\u00fcrkiye 2025\",\"isPartOf\":{\"@id\":\"https:\\\/\\\/www.todaykhoe.com\\\/#website\"},\"primaryImageOfPage\":{\"@id\":\"https:\\\/\\\/www.todaykhoe.com\\\/product\\\/imperium-sprey-turkiye\\\/#primaryimage\"},\"image\":{\"@id\":\"https:\\\/\\\/www.todaykhoe.com\\\/product\\\/imperium-sprey-turkiye\\\/#primaryimage\"},\"thumbnailUrl\":\"https:\\\/\\\/www.todaykhoe.com\\\/wp-content\\\/uploads\\\/2025\\\/05\\\/Imperium-Spray.png\",\"datePublished\":\"2025-05-13T12:48:48+00:00\",\"dateModified\":\"2025-05-13T12:48:49+00:00\",\"description\":\"Imperium, erkekleri erkeksi ve g\u00fc\u00e7l\u00fc hale getirmek i\u00e7in hormonlar\u0131 dengeleyen do\u011fal bir spreydir. Imperium Spray T\u00fcrkiye, Imperium Sprey T\u00fcrkiye 2025\",\"breadcrumb\":{\"@id\":\"https:\\\/\\\/www.todaykhoe.com\\\/product\\\/imperium-sprey-turkiye\\\/#breadcrumb\"},\"inLanguage\":\"id\",\"potentialAction\":[{\"@type\":\"ReadAction\",\"target\":[\"https:\\\/\\\/www.todaykhoe.com\\\/product\\\/imperium-sprey-turkiye\\\/\"]}]},{\"@type\":\"ImageObject\",\"inLanguage\":\"id\",\"@id\":\"https:\\\/\\\/www.todaykhoe.com\\\/product\\\/imperium-sprey-turkiye\\\/#primaryimage\",\"url\":\"https:\\\/\\\/www.todaykhoe.com\\\/wp-content\\\/uploads\\\/2025\\\/05\\\/Imperium-Spray.png\",\"contentUrl\":\"https:\\\/\\\/www.todaykhoe.com\\\/wp-content\\\/uploads\\\/2025\\\/05\\\/Imperium-Spray.png\",\"width\":387,\"height\":408,\"caption\":\"Imperium Spray\"},{\"@type\":\"BreadcrumbList\",\"@id\":\"https:\\\/\\\/www.todaykhoe.com\\\/product\\\/imperium-sprey-turkiye\\\/#breadcrumb\",\"itemListElement\":[{\"@type\":\"ListItem\",\"position\":1,\"name\":\"Home\",\"item\":\"https:\\\/\\\/www.todaykhoe.com\\\/\"},{\"@type\":\"ListItem\",\"position\":2,\"name\":\"Shop\",\"item\":\"https:\\\/\\\/www.todaykhoe.com\\\/shop\\\/\"},{\"@type\":\"ListItem\",\"position\":3,\"name\":\"Imperium (Spray) &#8211; Sprey\"}]},{\"@type\":\"WebSite\",\"@id\":\"https:\\\/\\\/www.todaykhoe.com\\\/#website\",\"url\":\"https:\\\/\\\/www.todaykhoe.com\\\/\",\"name\":\"TodayKh\u1ecfe.Com\",\"description\":\"Healthy Today, Fitness, Nutrition, Beauty, News!\",\"publisher\":{\"@id\":\"https:\\\/\\\/www.todaykhoe.com\\\/#organization\"},\"potentialAction\":[{\"@type\":\"SearchAction\",\"target\":{\"@type\":\"EntryPoint\",\"urlTemplate\":\"https:\\\/\\\/www.todaykhoe.com\\\/?s={search_term_string}\"},\"query-input\":{\"@type\":\"PropertyValueSpecification\",\"valueRequired\":true,\"valueName\":\"search_term_string\"}}],\"inLanguage\":\"id\"},{\"@type\":\"Organization\",\"@id\":\"https:\\\/\\\/www.todaykhoe.com\\\/#organization\",\"name\":\"TodayKh\u1ecfe.Com\",\"url\":\"https:\\\/\\\/www.todaykhoe.com\\\/\",\"logo\":{\"@type\":\"ImageObject\",\"inLanguage\":\"id\",\"@id\":\"https:\\\/\\\/www.todaykhoe.com\\\/#\\\/schema\\\/logo\\\/image\\\/\",\"url\":\"https:\\\/\\\/www.todaykhoe.com\\\/wp-content\\\/uploads\\\/2025\\\/04\\\/Todaykhoe.png\",\"contentUrl\":\"https:\\\/\\\/www.todaykhoe.com\\\/wp-content\\\/uploads\\\/2025\\\/04\\\/Todaykhoe.png\",\"width\":706,\"height\":159,\"caption\":\"TodayKh\u1ecfe.Com\"},\"image\":{\"@id\":\"https:\\\/\\\/www.todaykhoe.com\\\/#\\\/schema\\\/logo\\\/image\\\/\"}}]}<\/script>\n<!-- \/ Yoast SEO plugin. -->","yoast_head_json":{"title":"Imperium Spray i\u00e7inpenis b\u00fcy\u00fctme - Imperium Sprey T\u00fcrkiye 2025","description":"Imperium, erkekleri erkeksi ve g\u00fc\u00e7l\u00fc hale getirmek i\u00e7in hormonlar\u0131 dengeleyen do\u011fal bir spreydir. Imperium Spray T\u00fcrkiye, Imperium Sprey T\u00fcrkiye 2025","robots":{"index":"index","follow":"follow","max-snippet":"max-snippet:-1","max-image-preview":"max-image-preview:large","max-video-preview":"max-video-preview:-1"},"canonical":"https:\/\/www.todaykhoe.com\/product\/imperium-sprey-turkiye\/","og_locale":"id_ID","og_type":"article","og_title":"Imperium Spray i\u00e7inpenis b\u00fcy\u00fctme - Imperium Sprey T\u00fcrkiye 2025","og_description":"Imperium, erkekleri erkeksi ve g\u00fc\u00e7l\u00fc hale getirmek i\u00e7in hormonlar\u0131 dengeleyen do\u011fal bir spreydir. Imperium Spray T\u00fcrkiye, Imperium Sprey T\u00fcrkiye 2025","og_url":"https:\/\/www.todaykhoe.com\/product\/imperium-sprey-turkiye\/","og_site_name":"TodayKh\u1ecfe.Com","article_modified_time":"2025-05-13T12:48:49+00:00","og_image":[{"width":387,"height":408,"url":"https:\/\/www.todaykhoe.com\/wp-content\/uploads\/2025\/05\/Imperium-Spray.png","type":"image\/png"}],"twitter_card":"summary_large_image","twitter_misc":{"Estimasi waktu membaca":"5 menit"},"schema":{"@context":"https:\/\/schema.org","@graph":[{"@type":"WebPage","@id":"https:\/\/www.todaykhoe.com\/product\/imperium-sprey-turkiye\/","url":"https:\/\/www.todaykhoe.com\/product\/imperium-sprey-turkiye\/","name":"Imperium Spray i\u00e7inpenis b\u00fcy\u00fctme - Imperium Sprey T\u00fcrkiye 2025","isPartOf":{"@id":"https:\/\/www.todaykhoe.com\/#website"},"primaryImageOfPage":{"@id":"https:\/\/www.todaykhoe.com\/product\/imperium-sprey-turkiye\/#primaryimage"},"image":{"@id":"https:\/\/www.todaykhoe.com\/product\/imperium-sprey-turkiye\/#primaryimage"},"thumbnailUrl":"https:\/\/www.todaykhoe.com\/wp-content\/uploads\/2025\/05\/Imperium-Spray.png","datePublished":"2025-05-13T12:48:48+00:00","dateModified":"2025-05-13T12:48:49+00:00","description":"Imperium, erkekleri erkeksi ve g\u00fc\u00e7l\u00fc hale getirmek i\u00e7in hormonlar\u0131 dengeleyen do\u011fal bir spreydir. Imperium Spray T\u00fcrkiye, Imperium Sprey T\u00fcrkiye 2025","breadcrumb":{"@id":"https:\/\/www.todaykhoe.com\/product\/imperium-sprey-turkiye\/#breadcrumb"},"inLanguage":"id","potentialAction":[{"@type":"ReadAction","target":["https:\/\/www.todaykhoe.com\/product\/imperium-sprey-turkiye\/"]}]},{"@type":"ImageObject","inLanguage":"id","@id":"https:\/\/www.todaykhoe.com\/product\/imperium-sprey-turkiye\/#primaryimage","url":"https:\/\/www.todaykhoe.com\/wp-content\/uploads\/2025\/05\/Imperium-Spray.png","contentUrl":"https:\/\/www.todaykhoe.com\/wp-content\/uploads\/2025\/05\/Imperium-Spray.png","width":387,"height":408,"caption":"Imperium Spray"},{"@type":"BreadcrumbList","@id":"https:\/\/www.todaykhoe.com\/product\/imperium-sprey-turkiye\/#breadcrumb","itemListElement":[{"@type":"ListItem","position":1,"name":"Home","item":"https:\/\/www.todaykhoe.com\/"},{"@type":"ListItem","position":2,"name":"Shop","item":"https:\/\/www.todaykhoe.com\/shop\/"},{"@type":"ListItem","position":3,"name":"Imperium (Spray) &#8211; Sprey"}]},{"@type":"WebSite","@id":"https:\/\/www.todaykhoe.com\/#website","url":"https:\/\/www.todaykhoe.com\/","name":"TodayKh\u1ecfe.Com","description":"Healthy Today, Fitness, Nutrition, Beauty, News!","publisher":{"@id":"https:\/\/www.todaykhoe.com\/#organization"},"potentialAction":[{"@type":"SearchAction","target":{"@type":"EntryPoint","urlTemplate":"https:\/\/www.todaykhoe.com\/?s={search_term_string}"},"query-input":{"@type":"PropertyValueSpecification","valueRequired":true,"valueName":"search_term_string"}}],"inLanguage":"id"},{"@type":"Organization","@id":"https:\/\/www.todaykhoe.com\/#organization","name":"TodayKh\u1ecfe.Com","url":"https:\/\/www.todaykhoe.com\/","logo":{"@type":"ImageObject","inLanguage":"id","@id":"https:\/\/www.todaykhoe.com\/#\/schema\/logo\/image\/","url":"https:\/\/www.todaykhoe.com\/wp-content\/uploads\/2025\/04\/Todaykhoe.png","contentUrl":"https:\/\/www.todaykhoe.com\/wp-content\/uploads\/2025\/04\/Todaykhoe.png","width":706,"height":159,"caption":"TodayKh\u1ecfe.Com"},"image":{"@id":"https:\/\/www.todaykhoe.com\/#\/schema\/logo\/image\/"}}]}},"_links":{"self":[{"href":"https:\/\/www.todaykhoe.com\/id\/wp-json\/wp\/v2\/product\/115705","targetHints":{"allow":["GET"]}}],"collection":[{"href":"https:\/\/www.todaykhoe.com\/id\/wp-json\/wp\/v2\/product"}],"about":[{"href":"https:\/\/www.todaykhoe.com\/id\/wp-json\/wp\/v2\/types\/product"}],"replies":[{"embeddable":true,"href":"https:\/\/www.todaykhoe.com\/id\/wp-json\/wp\/v2\/comments?post=115705"}],"wp:featuredmedia":[{"embeddable":true,"href":"https:\/\/www.todaykhoe.com\/id\/wp-json\/wp\/v2\/media\/115707"}],"wp:attachment":[{"href":"https:\/\/www.todaykhoe.com\/id\/wp-json\/wp\/v2\/media?parent=115705"}],"wp:term":[{"taxonomy":"product_brand","embeddable":true,"href":"https:\/\/www.todaykhoe.com\/id\/wp-json\/wp\/v2\/product_brand?post=115705"},{"taxonomy":"product_cat","embeddable":true,"href":"https:\/\/www.todaykhoe.com\/id\/wp-json\/wp\/v2\/product_cat?post=115705"},{"taxonomy":"product_tag","embeddable":true,"href":"https:\/\/www.todaykhoe.com\/id\/wp-json\/wp\/v2\/product_tag?post=115705"}],"curies":[{"name":"wp","href":"https:\/\/api.w.org\/{rel}","templated":true}]}}