{"id":157467,"date":"2025-09-24T10:36:10","date_gmt":"2025-09-24T10:36:10","guid":{"rendered":"https:\/\/todaykhoe.com\/?post_type=product&#038;p=157467"},"modified":"2025-09-24T10:36:39","modified_gmt":"2025-09-24T10:36:39","slug":"adenolex-italy","status":"publish","type":"product","link":"https:\/\/www.todaykhoe.com\/fr\/product\/adenolex-italy\/","title":{"rendered":"Adenolex Prezzo Italy"},"content":{"rendered":"<p>Il trattamento miracoloso per la prostatite <a href=\"https:\/\/todaykhoe.com\/product\/adenolex-italy\/\">ADENOLEX<\/a> elimina i sintomi in due giorni. Questa cura eccellente guarisce la prostatite e le difficolt\u00e0 sessuali correlate. Rende magicamente gli uomini sessualmente attraenti per le donne e le donne mature.<\/p>\n<p style=\"text-align: center;\"><span style=\"font-size: 24pt;\"><strong><a href=\"https:\/\/todaykhoe.com\/buy-adenolex-it\">CONTATTACI PER TUTTO &#8211; PAGAMENTO ALLA CONSEGNA DISPONIBILE<\/a><\/strong><\/span><\/p>\n<p>Il dolore della prostatite \u00e8 solitamente intenso. Il calore e il dolore durante la minzione sono inimmaginabili. Questo ci fa arrabbiare e ci fa desiderare di grattarci tutto il corpo per il dolore e il bruciore. \u00c8 proprio questa la sensazione. Gli uomini hanno iniziato a bere qualche bicchiere d&rsquo;acqua al giorno per evitare di non usare il bagno. Se gli uomini hanno difficolt\u00e0 ad andare in bagno, entrare nella camera da letto della moglie \u00e8 peggio.<\/p>\n<h2>Sintomi e definizione della prostatite.<\/h2>\n<p>Di solito \u00e8 meglio della vescica gonfia. Significa fastidio alla vescica e infezione del tratto urinario che devono essere trattate immediatamente per evitare problemi. Crea disagio negli uomini e riduce il loro desiderio sessuale, che deve essere affrontato.<\/p>\n<p>L&rsquo;eiaculazione \u00e8 dolorosa ma non fluida a causa dell&rsquo;ingrossamento della prostata, che compromette la produzione di sperma. La sensazione \u00e8 spesso sconosciuta. Se la noti, fai attenzione e inizia il trattamento precocemente. Osserva i sintomi.<\/p>\n<ul>\n<li>Disagio, gocciolamento o minzione esitante<\/li>\n<li>Minzione frequente, soprattutto di notte (nicturia)<\/li>\n<li>Urgenza urgente di urinare<\/li>\n<li>Urina torbida o dall&rsquo;odore forte<\/li>\n<li>Sangue nelle urine<\/li>\n<li>Dolore al basso ventre, all&rsquo;inguine e alla schiena<\/li>\n<\/ul>\n<p>Prima che peggiori, la terapia per la prostatite \u00e8 cos\u00ec. Perch\u00e9 trattare questi problemi \u00e8 difficile e peggiorer\u00e0. Solo un controllo completo del corpo ogni tre mesi pu\u00f2 rilevare precocemente questo problema. La nostra salute \u00e8 un dovere.<\/p>\n<p>Siate sempre responsabili delle vostre azioni. Gli uomini oggi si allenano per il bodybuilding, non per il fitness. I loro pesi potrebbero superare la loro capacit\u00e0, causando problemi. Esaminate la terapia.<\/p>\n<p style=\"text-align: center;\"><span style=\"font-size: 24pt;\"><strong><a href=\"https:\/\/todaykhoe.com\/buy-adenolex-it\">CONTATTACI PER TUTTO &#8211; PAGAMENTO ALLA CONSEGNA DISPONIBILE<\/a><\/strong><\/span><\/p>\n<h3>Descrivi Adenolex. \u00c8 utile per la prostatite?<\/h3>\n<p>Gli uomini con prostatite e desiderio sessuale in calo dovrebbero provare Adenolex. Uno di quei farmaci magici che curano condizioni dolorose senza intervento chirurgico. Adenolex da solo pu\u00f2 curare tali condizioni dolorose senza laser, interventi chirurgici o altri trattamenti. Rivitalizza il sistema urinario per una minzione e un&rsquo;eiaculazione indolori. Funziona al 100% con estratti vegetali ed erbe.<\/p>\n<p>Fornisce tutte le informazioni necessarie per superare una situazione cos\u00ec difficile. Le molecole antinfiammatorie rilasciate calmano e regolano le pareti della vescica. Nessun dolore poich\u00e9 tutti i sintomi sono scomparsi. Aumenta la resistenza al gonfiore per prevenire l&rsquo;infiammazione in tutto il corpo. Rivitalizzer\u00e0 il tuo fisico, la tua sessualit\u00e0 e le tue fantasie per dare entusiasmo alla tua vita.<\/p>\n<h3>Aspettare un sollievo dalla prostatite? Aspettare \u00e8 rischioso?<\/h3>\n<p>Il trattamento costa il doppio per i pazienti negligenti. Senza un trattamento tempestivo della prostatite, pu\u00f2 verificarsi un&rsquo;infezione renale. Sebbene la spesa e il disagio saranno doppi, \u00e8 saggio agire per tempo. Le infezioni batteriche guariscono naturalmente. I sogni pi\u00f9 oscuri degli uomini spesso la riguardano. Pertanto, si consigliano investimenti terapeutici migliori.<\/p>\n<h3>Perch\u00e9 Adenolex?<\/h3>\n<p>Normalizza la funzionalit\u00e0 delle vie urinarie, guarisce le infezioni, rinnova la potenza sessuale, fornisce un&rsquo;erezione salda e duratura, allevia il dolore nella prima e nella seconda dose e realizza sogni e piacere.<\/p>\n<h3>Istruzioni per l&rsquo;uso.<\/h3>\n<p>Una compressa a pasto, tre. Deglutire la pillola con acqua. Idratarsi dopo la dose. Finire 3 flaconi per risultati ottimali.<\/p>\n<h3>Avvertenze.<\/h3>\n<ul>\n<li>In caso di allergie o ipersensibilit\u00e0, consultare il medico prima di assumere questo prodotto.<\/li>\n<li>Evitare il sovradosaggio.<\/li>\n<li>Tenere fuori dalla portata dei bambini.<\/li>\n<li>Conservare in un luogo fresco e asciutto.<\/li>\n<\/ul>\n<h3>Acquisto di Adenolex?<\/h3>\n<p>Adenolex tratta la prostatite. Non un clic. Questo link apre il sito web ufficiale. Effettua l&rsquo;ordine e lascia i tuoi dati. Elaboreranno la tua consegna dopo aver chiamato per la conferma.<\/p>\n<p style=\"text-align: center;\"><span style=\"font-size: 24pt;\"><strong><a href=\"https:\/\/todaykhoe.com\/buy-adenolex-it\">CONTATTACI PER TUTTO &#8211; PAGAMENTO ALLA CONSEGNA DISPONIBILE<\/a><\/strong><\/span><\/p>\n<p><a href=\"https:\/\/todaykhoe.com\/buy-adenolex-it\"><img loading=\"lazy\" decoding=\"async\" class=\"aligncenter size-full wp-image-157508\" src=\"https:\/\/todaykhoe.com\/wp-content\/uploads\/2025\/09\/Adenolex-Prezzo-Italy.png\" alt=\"Adenolex Prezzo Italy\" width=\"861\" height=\"604\" srcset=\"https:\/\/www.todaykhoe.com\/wp-content\/uploads\/2025\/09\/Adenolex-Prezzo-Italy.png 861w, https:\/\/www.todaykhoe.com\/wp-content\/uploads\/2025\/09\/Adenolex-Prezzo-Italy-300x210.png 300w, https:\/\/www.todaykhoe.com\/wp-content\/uploads\/2025\/09\/Adenolex-Prezzo-Italy-768x539.png 768w, https:\/\/www.todaykhoe.com\/wp-content\/uploads\/2025\/09\/Adenolex-Prezzo-Italy-600x421.png 600w\" sizes=\"auto, (max-width: 861px) 100vw, 861px\" \/><\/a><\/p>\n","protected":false},"excerpt":{"rendered":"<p><span style=\"font-size: 22pt;\"><strong>Sintomi, trattamento e prevenzione della prostatite<\/strong><\/span><\/p>\n<ul>\n<li>Puoi pagare in contanti o con carta di credito al momento della consegna.<\/li>\n<li>Consegna in 2-3 giorni, durata fino a 5 giorni.<\/li>\n<li>Puoi farti consegnare il pacco a casa o all&rsquo;ufficio postale. Puoi anche richiederlo gratuitamente tramite telefono con un operatore.<\/li>\n<\/ul>\n<p><strong><a href=\"https:\/\/todaykhoe.com\/buy-adenolex-it\">CONTATTACI PER TUTTO &#8211; PAGAMENTO ALLA CONSEGNA DISPONIBILE<\/a><\/strong><\/p>\n","protected":false},"featured_media":157468,"comment_status":"open","ping_status":"closed","template":"","meta":[],"product_brand":[],"product_cat":[679],"product_tag":[],"class_list":{"0":"post-157467","1":"product","2":"type-product","3":"status-publish","4":"has-post-thumbnail","6":"product_cat-salute","8":"first","9":"instock","10":"shipping-taxable","11":"product-type-external"},"yoast_head":"<!-- This site is optimized with the Yoast SEO plugin v27.3 - https:\/\/yoast.com\/product\/yoast-seo-wordpress\/ -->\n<title>Adenolex Prezzo Italy: Capsule per la prostatite! Vedere Recensioni<\/title>\n<meta name=\"description\" content=\"Adenolex Prezzo Italy: Capsule per la prostatite! Vedere Recensioni, Benefici, effetti collaterali, recensioni degli utenti e acquisto in Italia.\" \/>\n<meta name=\"robots\" content=\"index, follow, max-snippet:-1, max-image-preview:large, max-video-preview:-1\" \/>\n<link rel=\"canonical\" href=\"https:\/\/www.todaykhoe.com\/product\/adenolex-italy\/\" \/>\n<meta property=\"og:locale\" content=\"fr_FR\" \/>\n<meta property=\"og:type\" content=\"article\" \/>\n<meta property=\"og:title\" content=\"Adenolex Prezzo Italy: Capsule per la prostatite! Vedere Recensioni\" \/>\n<meta property=\"og:description\" content=\"Adenolex Prezzo Italy: Capsule per la prostatite! Vedere Recensioni, Benefici, effetti collaterali, recensioni degli utenti e acquisto in Italia.\" \/>\n<meta property=\"og:url\" content=\"https:\/\/www.todaykhoe.com\/product\/adenolex-italy\/\" \/>\n<meta property=\"og:site_name\" content=\"TodayKh\u1ecfe.Com\" \/>\n<meta property=\"article:modified_time\" content=\"2025-09-24T10:36:39+00:00\" \/>\n<meta property=\"og:image\" content=\"https:\/\/www.todaykhoe.com\/wp-content\/uploads\/2025\/09\/Adenolex-Italy.png\" \/>\n\t<meta property=\"og:image:width\" content=\"436\" \/>\n\t<meta property=\"og:image:height\" content=\"512\" \/>\n\t<meta property=\"og:image:type\" content=\"image\/png\" \/>\n<meta name=\"twitter:card\" content=\"summary_large_image\" \/>\n<meta name=\"twitter:label1\" content=\"Dur\u00e9e de lecture estim\u00e9e\" \/>\n\t<meta name=\"twitter:data1\" content=\"3 minutes\" \/>\n<script type=\"application\/ld+json\" class=\"yoast-schema-graph\">{\"@context\":\"https:\\\/\\\/schema.org\",\"@graph\":[{\"@type\":\"WebPage\",\"@id\":\"https:\\\/\\\/www.todaykhoe.com\\\/product\\\/adenolex-italy\\\/\",\"url\":\"https:\\\/\\\/www.todaykhoe.com\\\/product\\\/adenolex-italy\\\/\",\"name\":\"Adenolex Prezzo Italy: Capsule per la prostatite! Vedere Recensioni\",\"isPartOf\":{\"@id\":\"https:\\\/\\\/www.todaykhoe.com\\\/#website\"},\"primaryImageOfPage\":{\"@id\":\"https:\\\/\\\/www.todaykhoe.com\\\/product\\\/adenolex-italy\\\/#primaryimage\"},\"image\":{\"@id\":\"https:\\\/\\\/www.todaykhoe.com\\\/product\\\/adenolex-italy\\\/#primaryimage\"},\"thumbnailUrl\":\"https:\\\/\\\/www.todaykhoe.com\\\/wp-content\\\/uploads\\\/2025\\\/09\\\/Adenolex-Italy.png\",\"datePublished\":\"2025-09-24T10:36:10+00:00\",\"dateModified\":\"2025-09-24T10:36:39+00:00\",\"description\":\"Adenolex Prezzo Italy: Capsule per la prostatite! Vedere Recensioni, Benefici, effetti collaterali, recensioni degli utenti e acquisto in Italia.\",\"breadcrumb\":{\"@id\":\"https:\\\/\\\/www.todaykhoe.com\\\/product\\\/adenolex-italy\\\/#breadcrumb\"},\"inLanguage\":\"fr-FR\",\"potentialAction\":[{\"@type\":\"ReadAction\",\"target\":[\"https:\\\/\\\/www.todaykhoe.com\\\/product\\\/adenolex-italy\\\/\"]}]},{\"@type\":\"ImageObject\",\"inLanguage\":\"fr-FR\",\"@id\":\"https:\\\/\\\/www.todaykhoe.com\\\/product\\\/adenolex-italy\\\/#primaryimage\",\"url\":\"https:\\\/\\\/www.todaykhoe.com\\\/wp-content\\\/uploads\\\/2025\\\/09\\\/Adenolex-Italy.png\",\"contentUrl\":\"https:\\\/\\\/www.todaykhoe.com\\\/wp-content\\\/uploads\\\/2025\\\/09\\\/Adenolex-Italy.png\",\"width\":436,\"height\":512,\"caption\":\"Adenolex Italy\"},{\"@type\":\"BreadcrumbList\",\"@id\":\"https:\\\/\\\/www.todaykhoe.com\\\/product\\\/adenolex-italy\\\/#breadcrumb\",\"itemListElement\":[{\"@type\":\"ListItem\",\"position\":1,\"name\":\"Home\",\"item\":\"https:\\\/\\\/www.todaykhoe.com\\\/\"},{\"@type\":\"ListItem\",\"position\":2,\"name\":\"Shop\",\"item\":\"https:\\\/\\\/www.todaykhoe.com\\\/shop\\\/\"},{\"@type\":\"ListItem\",\"position\":3,\"name\":\"Adenolex Prezzo Italy\"}]},{\"@type\":\"WebSite\",\"@id\":\"https:\\\/\\\/www.todaykhoe.com\\\/#website\",\"url\":\"https:\\\/\\\/www.todaykhoe.com\\\/\",\"name\":\"TodayKh\u1ecfe.Com\",\"description\":\"Healthy Today, Fitness, Nutrition, Beauty, News!\",\"publisher\":{\"@id\":\"https:\\\/\\\/www.todaykhoe.com\\\/#organization\"},\"potentialAction\":[{\"@type\":\"SearchAction\",\"target\":{\"@type\":\"EntryPoint\",\"urlTemplate\":\"https:\\\/\\\/www.todaykhoe.com\\\/?s={search_term_string}\"},\"query-input\":{\"@type\":\"PropertyValueSpecification\",\"valueRequired\":true,\"valueName\":\"search_term_string\"}}],\"inLanguage\":\"fr-FR\"},{\"@type\":\"Organization\",\"@id\":\"https:\\\/\\\/www.todaykhoe.com\\\/#organization\",\"name\":\"TodayKh\u1ecfe.Com\",\"url\":\"https:\\\/\\\/www.todaykhoe.com\\\/\",\"logo\":{\"@type\":\"ImageObject\",\"inLanguage\":\"fr-FR\",\"@id\":\"https:\\\/\\\/www.todaykhoe.com\\\/#\\\/schema\\\/logo\\\/image\\\/\",\"url\":\"https:\\\/\\\/www.todaykhoe.com\\\/wp-content\\\/uploads\\\/2025\\\/04\\\/Todaykhoe.png\",\"contentUrl\":\"https:\\\/\\\/www.todaykhoe.com\\\/wp-content\\\/uploads\\\/2025\\\/04\\\/Todaykhoe.png\",\"width\":706,\"height\":159,\"caption\":\"TodayKh\u1ecfe.Com\"},\"image\":{\"@id\":\"https:\\\/\\\/www.todaykhoe.com\\\/#\\\/schema\\\/logo\\\/image\\\/\"}}]}<\/script>\n<!-- \/ Yoast SEO plugin. -->","yoast_head_json":{"title":"Adenolex Prezzo Italy: Capsule per la prostatite! Vedere Recensioni","description":"Adenolex Prezzo Italy: Capsule per la prostatite! Vedere Recensioni, Benefici, effetti collaterali, recensioni degli utenti e acquisto in Italia.","robots":{"index":"index","follow":"follow","max-snippet":"max-snippet:-1","max-image-preview":"max-image-preview:large","max-video-preview":"max-video-preview:-1"},"canonical":"https:\/\/www.todaykhoe.com\/product\/adenolex-italy\/","og_locale":"fr_FR","og_type":"article","og_title":"Adenolex Prezzo Italy: Capsule per la prostatite! Vedere Recensioni","og_description":"Adenolex Prezzo Italy: Capsule per la prostatite! Vedere Recensioni, Benefici, effetti collaterali, recensioni degli utenti e acquisto in Italia.","og_url":"https:\/\/www.todaykhoe.com\/product\/adenolex-italy\/","og_site_name":"TodayKh\u1ecfe.Com","article_modified_time":"2025-09-24T10:36:39+00:00","og_image":[{"width":436,"height":512,"url":"https:\/\/www.todaykhoe.com\/wp-content\/uploads\/2025\/09\/Adenolex-Italy.png","type":"image\/png"}],"twitter_card":"summary_large_image","twitter_misc":{"Dur\u00e9e de lecture estim\u00e9e":"3 minutes"},"schema":{"@context":"https:\/\/schema.org","@graph":[{"@type":"WebPage","@id":"https:\/\/www.todaykhoe.com\/product\/adenolex-italy\/","url":"https:\/\/www.todaykhoe.com\/product\/adenolex-italy\/","name":"Adenolex Prezzo Italy: Capsule per la prostatite! Vedere Recensioni","isPartOf":{"@id":"https:\/\/www.todaykhoe.com\/#website"},"primaryImageOfPage":{"@id":"https:\/\/www.todaykhoe.com\/product\/adenolex-italy\/#primaryimage"},"image":{"@id":"https:\/\/www.todaykhoe.com\/product\/adenolex-italy\/#primaryimage"},"thumbnailUrl":"https:\/\/www.todaykhoe.com\/wp-content\/uploads\/2025\/09\/Adenolex-Italy.png","datePublished":"2025-09-24T10:36:10+00:00","dateModified":"2025-09-24T10:36:39+00:00","description":"Adenolex Prezzo Italy: Capsule per la prostatite! Vedere Recensioni, Benefici, effetti collaterali, recensioni degli utenti e acquisto in Italia.","breadcrumb":{"@id":"https:\/\/www.todaykhoe.com\/product\/adenolex-italy\/#breadcrumb"},"inLanguage":"fr-FR","potentialAction":[{"@type":"ReadAction","target":["https:\/\/www.todaykhoe.com\/product\/adenolex-italy\/"]}]},{"@type":"ImageObject","inLanguage":"fr-FR","@id":"https:\/\/www.todaykhoe.com\/product\/adenolex-italy\/#primaryimage","url":"https:\/\/www.todaykhoe.com\/wp-content\/uploads\/2025\/09\/Adenolex-Italy.png","contentUrl":"https:\/\/www.todaykhoe.com\/wp-content\/uploads\/2025\/09\/Adenolex-Italy.png","width":436,"height":512,"caption":"Adenolex Italy"},{"@type":"BreadcrumbList","@id":"https:\/\/www.todaykhoe.com\/product\/adenolex-italy\/#breadcrumb","itemListElement":[{"@type":"ListItem","position":1,"name":"Home","item":"https:\/\/www.todaykhoe.com\/"},{"@type":"ListItem","position":2,"name":"Shop","item":"https:\/\/www.todaykhoe.com\/shop\/"},{"@type":"ListItem","position":3,"name":"Adenolex Prezzo Italy"}]},{"@type":"WebSite","@id":"https:\/\/www.todaykhoe.com\/#website","url":"https:\/\/www.todaykhoe.com\/","name":"TodayKh\u1ecfe.Com","description":"Healthy Today, Fitness, Nutrition, Beauty, News!","publisher":{"@id":"https:\/\/www.todaykhoe.com\/#organization"},"potentialAction":[{"@type":"SearchAction","target":{"@type":"EntryPoint","urlTemplate":"https:\/\/www.todaykhoe.com\/?s={search_term_string}"},"query-input":{"@type":"PropertyValueSpecification","valueRequired":true,"valueName":"search_term_string"}}],"inLanguage":"fr-FR"},{"@type":"Organization","@id":"https:\/\/www.todaykhoe.com\/#organization","name":"TodayKh\u1ecfe.Com","url":"https:\/\/www.todaykhoe.com\/","logo":{"@type":"ImageObject","inLanguage":"fr-FR","@id":"https:\/\/www.todaykhoe.com\/#\/schema\/logo\/image\/","url":"https:\/\/www.todaykhoe.com\/wp-content\/uploads\/2025\/04\/Todaykhoe.png","contentUrl":"https:\/\/www.todaykhoe.com\/wp-content\/uploads\/2025\/04\/Todaykhoe.png","width":706,"height":159,"caption":"TodayKh\u1ecfe.Com"},"image":{"@id":"https:\/\/www.todaykhoe.com\/#\/schema\/logo\/image\/"}}]}},"_links":{"self":[{"href":"https:\/\/www.todaykhoe.com\/fr\/wp-json\/wp\/v2\/product\/157467","targetHints":{"allow":["GET"]}}],"collection":[{"href":"https:\/\/www.todaykhoe.com\/fr\/wp-json\/wp\/v2\/product"}],"about":[{"href":"https:\/\/www.todaykhoe.com\/fr\/wp-json\/wp\/v2\/types\/product"}],"replies":[{"embeddable":true,"href":"https:\/\/www.todaykhoe.com\/fr\/wp-json\/wp\/v2\/comments?post=157467"}],"wp:featuredmedia":[{"embeddable":true,"href":"https:\/\/www.todaykhoe.com\/fr\/wp-json\/wp\/v2\/media\/157468"}],"wp:attachment":[{"href":"https:\/\/www.todaykhoe.com\/fr\/wp-json\/wp\/v2\/media?parent=157467"}],"wp:term":[{"taxonomy":"product_brand","embeddable":true,"href":"https:\/\/www.todaykhoe.com\/fr\/wp-json\/wp\/v2\/product_brand?post=157467"},{"taxonomy":"product_cat","embeddable":true,"href":"https:\/\/www.todaykhoe.com\/fr\/wp-json\/wp\/v2\/product_cat?post=157467"},{"taxonomy":"product_tag","embeddable":true,"href":"https:\/\/www.todaykhoe.com\/fr\/wp-json\/wp\/v2\/product_tag?post=157467"}],"curies":[{"name":"wp","href":"https:\/\/api.w.org\/{rel}","templated":true}]}}