{"id":157385,"date":"2025-09-24T10:03:22","date_gmt":"2025-09-24T10:03:22","guid":{"rendered":"https:\/\/todaykhoe.com\/?post_type=product&#038;p=157385"},"modified":"2025-09-24T10:03:50","modified_gmt":"2025-09-24T10:03:50","slug":"artro-steel-gel-italy","status":"publish","type":"product","link":"https:\/\/www.todaykhoe.com\/fr\/product\/artro-steel-gel-italy\/","title":{"rendered":"Artro Steel Gel Italy"},"content":{"rendered":"<p>Il gel naturale <a href=\"https:\/\/todaykhoe.com\/product\/artro-steel-gel-italy\/\">ARTRO STEEL<\/a> allevia il dolore articolare e migliora la salute. Mostra la forza delle articolazioni giovani. Oddio, questo ripristina al meglio la forza e la flessibilit\u00e0 delle articolazioni. Il dolore \u00e8 l&rsquo;argomento medico-paziente pi\u00f9 diffuso. Una scivolata causa gravi dolori e lesioni. Se questo \u00e8 l&rsquo;unico problema, ve lo spiegher\u00f2.<\/p>\n<p>Scivolare in bagno \u00e8 problematico. Di solito si scivola involontariamente, quindi a nessuno piace. Non solo la scivolata. Auto, biciclette e altri veicoli possono ferire le persone. Camminare in modo sbilanciato pu\u00f2 danneggiare un bambino piccolo. Tutti subiscono costantemente infortuni. La prevenzione degli infortuni \u00e8 fondamentale. Gli infortuni dopo la guarigione sono un grave fastidio nella vecchiaia. Le lesioni guarite creano capricci in et\u00e0 avanzata. Ecco perch\u00e9 i nostri anziani sconsigliano i danni fisici. Le persone intelligenti prendono tutte le precauzioni per evitare lesioni fisiche o interne.<\/p>\n<p>Chi lo dir\u00e0 ai bambini e agli adolescenti amanti dello sport che desiderano intraprendere una carriera sportiva? Il dolore fisico dovrebbe essere sradicato, non ridotto. Evitate questo post se desiderate un sollievo temporaneo dal dolore. Per coloro che cercano un&rsquo;eccellente guarigione con un trattamento permanente.<\/p>\n<h2>Informazioni su Artro Steel Gel.<\/h2>\n<p>Incolpare il danno \u00e8 discriminazione criminale. Come puoi dimenticare una cattiva postura? Come puoi trascurare una postura corretta o incolpare gli altri per il tuo dolore lancinante e irreparabile? Alla scrivania, mentre cammini, dormi o fai qualsiasi cosa. Chiederti se le mie azioni sono state sane o problematiche? La colpa \u00e8 di molti, non nostra. Queste articolazioni ci impediscono di scoprire molto. Questa scusa non funziona pi\u00f9 con Artro Steel Gel.<\/p>\n<p>Questo trattamento render\u00e0 le articolazioni attive, forti e flessibili. Il potenziale delle tue articolazioni cambier\u00e0, lasciandoti incapace di esprimere quanto bene si sentano le tue gambe e la tua schiena. Senza occupare la mente, questo miracolo allevia il dolore. Ottimo per problemi alla schiena e al collo. Questa potente combinazione ti far\u00e0 sentire libero, lubrificato e attivo al 100% fisicamente e mentalmente, portandoti a un&rsquo;esistenza sana e appagante.<\/p>\n<p>Gli ingredienti vegetali di questa formula riparano la cartilagine e le cellule per ringiovanire le articolazioni. Crediamo in benefici duraturi, quindi questa ricetta riveler\u00e0 gradualmente i suoi immensi poteri. Questa comprovata soluzione per dolori e difficolt\u00e0 articolari ripristina la forza e la flessibilit\u00e0 delle articolazioni e funziona per le stesse azioni.<\/p>\n<h3>L&rsquo;esercizio fisico aiuta le articolazioni.<\/h3>\n<p>Dai priorit\u00e0 all&rsquo;esercizio fisico tanto quanto al lavoro, a volte. Correggimi se sbaglio? Dai 30 ai 40 anni ci vogliono 10 anni. Un esercizio fisico regolare e vigoroso durante questi anni non causer\u00e0 mai dolore. La tecnica migliore per rimanere giovani in et\u00e0 avanzata. Molte persone anziane erano pi\u00f9 attive dei giovani, a dimostrazione di come hanno vissuto la loro giovinezza.<\/p>\n<p>I giovani di oggi sono ossessionati dai social media. Un&rsquo;alimentazione perfetta, l&rsquo;esercizio fisico, l&rsquo;acqua e tutto il resto in questi 10 anni ti manterranno libero da farmaci in et\u00e0 avanzata. Nel decennio successivo, dovrai lavorare sodo sul tuo corpo, soprattutto sul cardio, per vivere una vita di qualit\u00e0 e senza farmaci.<\/p>\n<h3>Perch\u00e9 scegliere Artro Steel Gel?<\/h3>\n<p><strong>La salute e la forza delle articolazioni migliorano.<\/strong><\/p>\n<p>Senza trattamento, le articolazioni doloranti possono peggiorare. La mobilit\u00e0 \u00e8 influenzata dal disagio articolare. Tutti devono migliorare la salute delle articolazioni per mantenersi attivi. Questo Artro Steel Gel ti trasforma in una bestia attiva per evitare tali circostanze.<\/p>\n<p><strong>Aumento della produzione di collagene e cartilagine.<\/strong><\/p>\n<p>La cartilagine ammortizza le articolazioni. La malnutrizione colpisce la maggior parte delle parti del corpo. E la tua cartilagine impazzisce. Le crepe frantumano le ossa, causando dolore. Il collagene ripara la cartilagine. Artro Steel Gel rivitalizza la cartilagine e promuove la produzione di collagene, rendendoti pi\u00f9 attivo.<\/p>\n<p><strong>Conforta e rilassa.<\/strong><\/p>\n<p>Il comfort \u00e8 completamente distorto e la tranquillit\u00e0 \u00e8 da qualche parte. Ritrovarlo \u00e8 difficile. Un processo arduo. Tuttavia, questa correzione eliminer\u00e0 immediatamente quei comportamenti strani. Il dolore viene curato. \u00c8 chiamata la ricetta della follia perch\u00e9 elimina il dolore.<\/p>\n<h3>Una vita buona, sana e senza problemi.<\/h3>\n<p>Uno stile di vita di qualit\u00e0 implica&#8230; Vivere senza problemi di salute ha senso. Diamo per scontato che questo stile di vita sia senza problemi. Al di l\u00e0 delle aspettative. Risolve gli ostacoli che impediscono il tuo stile di vita rilassato. Rafforza il sistema immunitario migliorando la tua salute e la tua attivit\u00e0, cos\u00ec puoi combattere i danni futuri con sicurezza.<\/p>\n<h3>Come applicare Artro Steel Gel rapidamente per risultati ottimali?<\/h3>\n<p>Per risultati ottimali, usa questa crema come consigliato. Usala due volte al giorno per 31 giorni.<\/p>\n<ul>\n<li>Utilizzare il metodo seguente:<\/li>\n<li>Lavare la zona dolorante per 10 minuti con acqua tiepida.<\/li>\n<li>Attendere qualche minuto che si asciughi dopo il lavaggio.<\/li>\n<li>Applicare la crema sulla punta delle dita.<\/li>\n<li>Per un corretto assorbimento, massaggiare la crema con le dita.<\/li>\n<li>Evitare l&rsquo;acqua per 3 ore dopo l&rsquo;applicazione.<\/li>\n<\/ul>\n<p>La confezione contiene ulteriori istruzioni. Controllare la confezione per un opuscolo informativo.<\/p>\n<h3>Dove acquistare questo prodotto?<\/h3>\n<p>Il sollievo dal dolore con i balsami topici \u00e8 temporaneo. L&rsquo;antidolorifico naturale Artro Steel Gel vi stupir\u00e0. In offerta sul sito web ufficiale. Cliccate sull&rsquo;immagine qui sotto per accedervi. Inserite i vostri dati e lasciate che il personale addetto al servizio clienti lavori. Rilassatevi, il gioco \u00e8 fatto.<\/p>\n<p><img loading=\"lazy\" decoding=\"async\" class=\"aligncenter size-full wp-image-157386\" src=\"https:\/\/todaykhoe.com\/wp-content\/uploads\/2025\/09\/Artro-Steel-Gel-Italy.png\" alt=\"Artro Steel Gel Italy\" width=\"863\" height=\"572\" srcset=\"https:\/\/www.todaykhoe.com\/wp-content\/uploads\/2025\/09\/Artro-Steel-Gel-Italy.png 863w, https:\/\/www.todaykhoe.com\/wp-content\/uploads\/2025\/09\/Artro-Steel-Gel-Italy-300x199.png 300w, https:\/\/www.todaykhoe.com\/wp-content\/uploads\/2025\/09\/Artro-Steel-Gel-Italy-768x509.png 768w, https:\/\/www.todaykhoe.com\/wp-content\/uploads\/2025\/09\/Artro-Steel-Gel-Italy-600x398.png 600w\" sizes=\"auto, (max-width: 863px) 100vw, 863px\" \/><\/p>\n","protected":false},"excerpt":{"rendered":"<p>Il gel naturale ARTRO STEEL allevia il dolore articolare e migliora la salute. Mostra la forza delle articolazioni giovani. Oddio, questo ripristina al meglio la forza e la flessibilit\u00e0 delle articolazioni. Il dolore \u00e8 l&rsquo;argomento medico-paziente pi\u00f9 diffuso. Una scivolata causa gravi dolori e lesioni. Se questo \u00e8 l&rsquo;unico problema, ve lo spiegher\u00f2. Scivolare in [&hellip;]<\/p>\n","protected":false},"featured_media":157426,"comment_status":"open","ping_status":"closed","template":"","meta":[],"product_brand":[],"product_cat":[679],"product_tag":[],"class_list":{"0":"post-157385","1":"product","2":"type-product","3":"status-publish","4":"has-post-thumbnail","6":"product_cat-salute","8":"first","9":"instock","10":"shipping-taxable","11":"product-type-simple"},"yoast_head":"<!-- This site is optimized with the Yoast SEO plugin v27.3 - https:\/\/yoast.com\/product\/yoast-seo-wordpress\/ -->\n<title>Artro Steel Gel Italy: Crema per alleviare i dolori articolari! Prezzo<\/title>\n<meta name=\"description\" content=\"Artro Steel Gel Italy: Crema per alleviare i dolori articolari! Prezzo, Benefici, effetti collaterali, recensioni degli utenti e acquisto in Italia.\" \/>\n<meta name=\"robots\" content=\"index, follow, max-snippet:-1, max-image-preview:large, max-video-preview:-1\" \/>\n<link rel=\"canonical\" href=\"https:\/\/www.todaykhoe.com\/product\/artro-steel-gel-italy\/\" \/>\n<meta property=\"og:locale\" content=\"fr_FR\" \/>\n<meta property=\"og:type\" content=\"article\" \/>\n<meta property=\"og:title\" content=\"Artro Steel Gel Italy: Crema per alleviare i dolori articolari! Prezzo\" \/>\n<meta property=\"og:description\" content=\"Artro Steel Gel Italy: Crema per alleviare i dolori articolari! Prezzo, Benefici, effetti collaterali, recensioni degli utenti e acquisto in Italia.\" \/>\n<meta property=\"og:url\" content=\"https:\/\/www.todaykhoe.com\/product\/artro-steel-gel-italy\/\" \/>\n<meta property=\"og:site_name\" content=\"TodayKh\u1ecfe.Com\" \/>\n<meta property=\"article:modified_time\" content=\"2025-09-24T10:03:50+00:00\" \/>\n<meta property=\"og:image\" content=\"https:\/\/www.todaykhoe.com\/wp-content\/uploads\/2025\/09\/Artro-Steel-Italy.png\" \/>\n\t<meta property=\"og:image:width\" content=\"435\" \/>\n\t<meta property=\"og:image:height\" content=\"438\" \/>\n\t<meta property=\"og:image:type\" content=\"image\/png\" \/>\n<meta name=\"twitter:card\" content=\"summary_large_image\" \/>\n<meta name=\"twitter:label1\" content=\"Dur\u00e9e de lecture estim\u00e9e\" \/>\n\t<meta name=\"twitter:data1\" content=\"4 minutes\" \/>\n<script type=\"application\/ld+json\" class=\"yoast-schema-graph\">{\"@context\":\"https:\\\/\\\/schema.org\",\"@graph\":[{\"@type\":\"WebPage\",\"@id\":\"https:\\\/\\\/www.todaykhoe.com\\\/product\\\/artro-steel-gel-italy\\\/\",\"url\":\"https:\\\/\\\/www.todaykhoe.com\\\/product\\\/artro-steel-gel-italy\\\/\",\"name\":\"Artro Steel Gel Italy: Crema per alleviare i dolori articolari! Prezzo\",\"isPartOf\":{\"@id\":\"https:\\\/\\\/www.todaykhoe.com\\\/#website\"},\"primaryImageOfPage\":{\"@id\":\"https:\\\/\\\/www.todaykhoe.com\\\/product\\\/artro-steel-gel-italy\\\/#primaryimage\"},\"image\":{\"@id\":\"https:\\\/\\\/www.todaykhoe.com\\\/product\\\/artro-steel-gel-italy\\\/#primaryimage\"},\"thumbnailUrl\":\"https:\\\/\\\/www.todaykhoe.com\\\/wp-content\\\/uploads\\\/2025\\\/09\\\/Artro-Steel-Italy.png\",\"datePublished\":\"2025-09-24T10:03:22+00:00\",\"dateModified\":\"2025-09-24T10:03:50+00:00\",\"description\":\"Artro Steel Gel Italy: Crema per alleviare i dolori articolari! Prezzo, Benefici, effetti collaterali, recensioni degli utenti e acquisto in Italia.\",\"breadcrumb\":{\"@id\":\"https:\\\/\\\/www.todaykhoe.com\\\/product\\\/artro-steel-gel-italy\\\/#breadcrumb\"},\"inLanguage\":\"fr-FR\",\"potentialAction\":[{\"@type\":\"ReadAction\",\"target\":[\"https:\\\/\\\/www.todaykhoe.com\\\/product\\\/artro-steel-gel-italy\\\/\"]}]},{\"@type\":\"ImageObject\",\"inLanguage\":\"fr-FR\",\"@id\":\"https:\\\/\\\/www.todaykhoe.com\\\/product\\\/artro-steel-gel-italy\\\/#primaryimage\",\"url\":\"https:\\\/\\\/www.todaykhoe.com\\\/wp-content\\\/uploads\\\/2025\\\/09\\\/Artro-Steel-Italy.png\",\"contentUrl\":\"https:\\\/\\\/www.todaykhoe.com\\\/wp-content\\\/uploads\\\/2025\\\/09\\\/Artro-Steel-Italy.png\",\"width\":435,\"height\":438,\"caption\":\"Artro Steel Italy\"},{\"@type\":\"BreadcrumbList\",\"@id\":\"https:\\\/\\\/www.todaykhoe.com\\\/product\\\/artro-steel-gel-italy\\\/#breadcrumb\",\"itemListElement\":[{\"@type\":\"ListItem\",\"position\":1,\"name\":\"Home\",\"item\":\"https:\\\/\\\/www.todaykhoe.com\\\/\"},{\"@type\":\"ListItem\",\"position\":2,\"name\":\"Shop\",\"item\":\"https:\\\/\\\/www.todaykhoe.com\\\/shop\\\/\"},{\"@type\":\"ListItem\",\"position\":3,\"name\":\"Artro Steel Gel Italy\"}]},{\"@type\":\"WebSite\",\"@id\":\"https:\\\/\\\/www.todaykhoe.com\\\/#website\",\"url\":\"https:\\\/\\\/www.todaykhoe.com\\\/\",\"name\":\"TodayKh\u1ecfe.Com\",\"description\":\"Healthy Today, Fitness, Nutrition, Beauty, News!\",\"publisher\":{\"@id\":\"https:\\\/\\\/www.todaykhoe.com\\\/#organization\"},\"potentialAction\":[{\"@type\":\"SearchAction\",\"target\":{\"@type\":\"EntryPoint\",\"urlTemplate\":\"https:\\\/\\\/www.todaykhoe.com\\\/?s={search_term_string}\"},\"query-input\":{\"@type\":\"PropertyValueSpecification\",\"valueRequired\":true,\"valueName\":\"search_term_string\"}}],\"inLanguage\":\"fr-FR\"},{\"@type\":\"Organization\",\"@id\":\"https:\\\/\\\/www.todaykhoe.com\\\/#organization\",\"name\":\"TodayKh\u1ecfe.Com\",\"url\":\"https:\\\/\\\/www.todaykhoe.com\\\/\",\"logo\":{\"@type\":\"ImageObject\",\"inLanguage\":\"fr-FR\",\"@id\":\"https:\\\/\\\/www.todaykhoe.com\\\/#\\\/schema\\\/logo\\\/image\\\/\",\"url\":\"https:\\\/\\\/www.todaykhoe.com\\\/wp-content\\\/uploads\\\/2025\\\/04\\\/Todaykhoe.png\",\"contentUrl\":\"https:\\\/\\\/www.todaykhoe.com\\\/wp-content\\\/uploads\\\/2025\\\/04\\\/Todaykhoe.png\",\"width\":706,\"height\":159,\"caption\":\"TodayKh\u1ecfe.Com\"},\"image\":{\"@id\":\"https:\\\/\\\/www.todaykhoe.com\\\/#\\\/schema\\\/logo\\\/image\\\/\"}}]}<\/script>\n<!-- \/ Yoast SEO plugin. -->","yoast_head_json":{"title":"Artro Steel Gel Italy: Crema per alleviare i dolori articolari! Prezzo","description":"Artro Steel Gel Italy: Crema per alleviare i dolori articolari! Prezzo, Benefici, effetti collaterali, recensioni degli utenti e acquisto in Italia.","robots":{"index":"index","follow":"follow","max-snippet":"max-snippet:-1","max-image-preview":"max-image-preview:large","max-video-preview":"max-video-preview:-1"},"canonical":"https:\/\/www.todaykhoe.com\/product\/artro-steel-gel-italy\/","og_locale":"fr_FR","og_type":"article","og_title":"Artro Steel Gel Italy: Crema per alleviare i dolori articolari! Prezzo","og_description":"Artro Steel Gel Italy: Crema per alleviare i dolori articolari! Prezzo, Benefici, effetti collaterali, recensioni degli utenti e acquisto in Italia.","og_url":"https:\/\/www.todaykhoe.com\/product\/artro-steel-gel-italy\/","og_site_name":"TodayKh\u1ecfe.Com","article_modified_time":"2025-09-24T10:03:50+00:00","og_image":[{"width":435,"height":438,"url":"https:\/\/www.todaykhoe.com\/wp-content\/uploads\/2025\/09\/Artro-Steel-Italy.png","type":"image\/png"}],"twitter_card":"summary_large_image","twitter_misc":{"Dur\u00e9e de lecture estim\u00e9e":"4 minutes"},"schema":{"@context":"https:\/\/schema.org","@graph":[{"@type":"WebPage","@id":"https:\/\/www.todaykhoe.com\/product\/artro-steel-gel-italy\/","url":"https:\/\/www.todaykhoe.com\/product\/artro-steel-gel-italy\/","name":"Artro Steel Gel Italy: Crema per alleviare i dolori articolari! Prezzo","isPartOf":{"@id":"https:\/\/www.todaykhoe.com\/#website"},"primaryImageOfPage":{"@id":"https:\/\/www.todaykhoe.com\/product\/artro-steel-gel-italy\/#primaryimage"},"image":{"@id":"https:\/\/www.todaykhoe.com\/product\/artro-steel-gel-italy\/#primaryimage"},"thumbnailUrl":"https:\/\/www.todaykhoe.com\/wp-content\/uploads\/2025\/09\/Artro-Steel-Italy.png","datePublished":"2025-09-24T10:03:22+00:00","dateModified":"2025-09-24T10:03:50+00:00","description":"Artro Steel Gel Italy: Crema per alleviare i dolori articolari! Prezzo, Benefici, effetti collaterali, recensioni degli utenti e acquisto in Italia.","breadcrumb":{"@id":"https:\/\/www.todaykhoe.com\/product\/artro-steel-gel-italy\/#breadcrumb"},"inLanguage":"fr-FR","potentialAction":[{"@type":"ReadAction","target":["https:\/\/www.todaykhoe.com\/product\/artro-steel-gel-italy\/"]}]},{"@type":"ImageObject","inLanguage":"fr-FR","@id":"https:\/\/www.todaykhoe.com\/product\/artro-steel-gel-italy\/#primaryimage","url":"https:\/\/www.todaykhoe.com\/wp-content\/uploads\/2025\/09\/Artro-Steel-Italy.png","contentUrl":"https:\/\/www.todaykhoe.com\/wp-content\/uploads\/2025\/09\/Artro-Steel-Italy.png","width":435,"height":438,"caption":"Artro Steel Italy"},{"@type":"BreadcrumbList","@id":"https:\/\/www.todaykhoe.com\/product\/artro-steel-gel-italy\/#breadcrumb","itemListElement":[{"@type":"ListItem","position":1,"name":"Home","item":"https:\/\/www.todaykhoe.com\/"},{"@type":"ListItem","position":2,"name":"Shop","item":"https:\/\/www.todaykhoe.com\/shop\/"},{"@type":"ListItem","position":3,"name":"Artro Steel Gel Italy"}]},{"@type":"WebSite","@id":"https:\/\/www.todaykhoe.com\/#website","url":"https:\/\/www.todaykhoe.com\/","name":"TodayKh\u1ecfe.Com","description":"Healthy Today, Fitness, Nutrition, Beauty, News!","publisher":{"@id":"https:\/\/www.todaykhoe.com\/#organization"},"potentialAction":[{"@type":"SearchAction","target":{"@type":"EntryPoint","urlTemplate":"https:\/\/www.todaykhoe.com\/?s={search_term_string}"},"query-input":{"@type":"PropertyValueSpecification","valueRequired":true,"valueName":"search_term_string"}}],"inLanguage":"fr-FR"},{"@type":"Organization","@id":"https:\/\/www.todaykhoe.com\/#organization","name":"TodayKh\u1ecfe.Com","url":"https:\/\/www.todaykhoe.com\/","logo":{"@type":"ImageObject","inLanguage":"fr-FR","@id":"https:\/\/www.todaykhoe.com\/#\/schema\/logo\/image\/","url":"https:\/\/www.todaykhoe.com\/wp-content\/uploads\/2025\/04\/Todaykhoe.png","contentUrl":"https:\/\/www.todaykhoe.com\/wp-content\/uploads\/2025\/04\/Todaykhoe.png","width":706,"height":159,"caption":"TodayKh\u1ecfe.Com"},"image":{"@id":"https:\/\/www.todaykhoe.com\/#\/schema\/logo\/image\/"}}]}},"_links":{"self":[{"href":"https:\/\/www.todaykhoe.com\/fr\/wp-json\/wp\/v2\/product\/157385","targetHints":{"allow":["GET"]}}],"collection":[{"href":"https:\/\/www.todaykhoe.com\/fr\/wp-json\/wp\/v2\/product"}],"about":[{"href":"https:\/\/www.todaykhoe.com\/fr\/wp-json\/wp\/v2\/types\/product"}],"replies":[{"embeddable":true,"href":"https:\/\/www.todaykhoe.com\/fr\/wp-json\/wp\/v2\/comments?post=157385"}],"wp:featuredmedia":[{"embeddable":true,"href":"https:\/\/www.todaykhoe.com\/fr\/wp-json\/wp\/v2\/media\/157426"}],"wp:attachment":[{"href":"https:\/\/www.todaykhoe.com\/fr\/wp-json\/wp\/v2\/media?parent=157385"}],"wp:term":[{"taxonomy":"product_brand","embeddable":true,"href":"https:\/\/www.todaykhoe.com\/fr\/wp-json\/wp\/v2\/product_brand?post=157385"},{"taxonomy":"product_cat","embeddable":true,"href":"https:\/\/www.todaykhoe.com\/fr\/wp-json\/wp\/v2\/product_cat?post=157385"},{"taxonomy":"product_tag","embeddable":true,"href":"https:\/\/www.todaykhoe.com\/fr\/wp-json\/wp\/v2\/product_tag?post=157385"}],"curies":[{"name":"wp","href":"https:\/\/api.w.org\/{rel}","templated":true}]}}