{"id":156227,"date":"2025-09-17T10:17:18","date_gmt":"2025-09-17T10:17:18","guid":{"rendered":"https:\/\/todaykhoe.com\/?post_type=product&#038;p=156227"},"modified":"2025-09-17T10:26:38","modified_gmt":"2025-09-17T10:26:38","slug":"variflex-krem-uzbekistan","status":"publish","type":"product","link":"https:\/\/www.todaykhoe.com\/fr\/product\/variflex-krem-uzbekistan\/","title":{"rendered":"Variflex Krem Uzbekistan"},"content":{"rendered":"<p><a href=\"https:\/\/todaykhoe.com\/product\/variflex-krem-uzbekistan\/\">Variflex Gel<\/a> varikoz tomirlari uchun juda yaxshi, oyoqlarning moslashuvchanligi va silliqligini tiklaydi. Varikoz tomirlaridan abadiy qutuling. Odamlar Yerdagi eng yaxshi, ammo eng murakkab hayvonlardir. Ko&rsquo;pchiligimiz tanamizning kuchli tomonlari, salohiyati, bag&rsquo;rikengliklari va hokazolarni bilmaymiz. Ko&rsquo;p tomirlar teringiz ostida chuqur o&rsquo;tadi. Naychaga o&rsquo;xshash bo&rsquo;lsa-da, ular qon aylanish tizimi va inson tanasi uchun juda muhimdir.<\/p>\n<p style=\"text-align: center;\"><span style=\"font-size: 24pt;\"><strong><a href=\"https:\/\/todaykhoe.com\/buy-variflex-uz\">HAMMA NARSA UCHUN MUROJAT &#8211; YETKAZMADA NAQD PUL<\/a><\/strong><\/span><\/p>\n<p>Tomirlar yoki arteriyalarning tiqilib qolishi yurak xurujiga, ichki qon ketishiga, qo&rsquo;shma amputatsiyalarga va hokazolarga olib kelishi mumkin. Sizning tanangiz qon va ozuqa moddalarini ushbu tizimdan oladi. Varikoz tomirlari keng tarqalgan. Kattaroq tomirlar bezovta qiladi. Ular suzuvchilarning oyoqlarini yopishiga to&rsquo;sqinlik qila oladilar. Ba&rsquo;zilar buni moda uchun hal qilishlari mumkin. Vaqt o'tishi bilan murakkablik kuchayadi. Odamlar vaqt o'tishi bilan og&rsquo;riq, shishish, 5 yoki 10 daqiqa turolmaslik, qichishish, qizarish va boshqa muammolar haqida xabar berishadi.<\/p>\n<p>Zaiflashgan qon tomirlari tanangizdagi har bir hujayrani oziqlantirish uchun oziq-ovqat, kislorod va eng muhimi, qonni etkazib bera olmaydi. Sizning a&rsquo;zolaringiz, hujayralaringiz, to&rsquo;qimalaringiz va butun tanangiz xavf ostida, nafaqat arteriyalar. Agar bitta qon tomirlari to&rsquo;siq bo&rsquo;lsa, boshqa tomirlar o&rsquo;sishi mumkin. Ko&rsquo;pchilik varikoz yoki o&rsquo;rgimchak tomirlarining sabablarini bilmaydi. Sizning munosabatingiz muhim. Qattiqroq bosish muammoni yanada kuchaytiradi va hech narsa qilmaydi.<\/p>\n<p>Siz qulaylik variantlarini izlashingiz kerak. Ba&rsquo;zi odamlar yaxshi kiyinish uchun kurashayotganini bilamiz, ammo bugungi kunda qulaylik juda muhimdir. Oyoqlaringizdagi og&rsquo;irlik voqeani aytib beradi. Tomirlarning kengayishi sezilarli og&rsquo;riqlarga olib keladi. Yurish va tik turish yuqori qon bosimi og&rsquo;rig&rsquo;ini kuchaytirishi mumkin. Sog&rsquo;liqni saqlash falokatlari tomir yoki qopqoqning shikastlanishini o&rsquo;z ichiga oladi.<\/p>\n<p>Tomirlar va ularning oqibatlarini tushuntirishga hojat yo&rsquo;q. Agar tayyorgarlik ko&rsquo;rmasangiz nima bo&rsquo;lishi aniq. Hayotingizni o&rsquo;zgartirish uchun ushbu maqoladagi mutaxassislar va tadqiqotchilarning maslahatlariga amal qiling. Batafsil ma&rsquo;lumot.<\/p>\n<h2>Varikoz tomirlarini tabiiy davolash uchun 5 ta maslahat.<\/h2>\n<p>Varikoz tomirlari og&rsquo;riyapti. O&rsquo;zingizga yordam berishning ko&rsquo;plab usullari mavjud. Oddiy, munosib hayot kechirish qiyin. Biz sevgan kiyimimizni kiya olmasak, bezovtalanamiz. Global muammo. Albatta, millionlab odamlar ta&rsquo;sir qiladi. Ko&rsquo;pgina oyoqlarning varikoz tomirlari belgilari ularning mavjudligi yoki o&rsquo;sishini ko&rsquo;rsatadi. Ular quyidagilarni o&rsquo;z ichiga olishi mumkin:<\/p>\n<h3>oyoqlarda noqulaylik;<\/h3>\n<p>Alomatlar orasida oyoq va oyoq Bilagi zo&rsquo;r shish, yonish yoki zonklama, mushaklarning spazmlari, terining rangi o&rsquo;zgarishi va oyoq vaznining oshishi kiradi.<\/p>\n<p>Agar ushbu ko&rsquo;rsatkichlar yuzaga kelsa, ushbu dasturni ishga tushiring; sizga ko&rsquo;rsatma beramiz. Ko&rsquo;proq qulaylik va hayot uchun ushbu 5 ta maslahatni kundalik ishlaringizga qo&rsquo;shing.<\/p>\n<h3>Oyoqlaringizni ko&rsquo;taring.<\/h3>\n<p>Ko&rsquo;plab sotuvchilar, milliardlab xodimlar va boshqalar o&rsquo;z stollarida kamida 6-7 soat vaqt o&rsquo;tkazadilar. Oyoqning har soat ko&rsquo;tarilishi tavsiya etiladi. Oyoqlar egilganda qon oqimi bloklanadi, shuning uchun o&rsquo;tirish bosimni engillashtirmaydi. Optimal ta&rsquo;sir qilish uchun ularni tekislang yoki yuragingizdan yuqoriga ko&rsquo;taring.<\/p>\n<h3>Har kuni mashq qiling.<\/h3>\n<p>Kundalik faoliyat juda muhimdir. Fitness bu stressni engishga yordam beradi. Yelkangizni ortiqcha yuklamasdan oldin murabbiyingiz bilan maslahatlashing. Mashq qilish qon tomirlarining o&rsquo;sishini pasaytiradi. Yurish yoki yugurish yuragingizga, arteriyalarga va tanangizga bu muammoni mukammal tarzda engishga yordam beradi.<\/p>\n<p style=\"text-align: center;\"><span style=\"font-size: 22pt;\"><strong><a href=\"https:\/\/todaykhoe.com\/buy-variflex-uz\">HAMMA NARSA UCHUN MUROJAT &#8211; YETKAZMADA NAQD PUL<\/a><\/strong><\/span><\/p>\n<h3>Qattiq kiyim va paypoqlardan saqlaning.<\/h3>\n<p>Qattiq kiyimlar arteriyalarni siqib, qon oqimini kamaytirishi mumkin. Bo&rsquo;shashgan paypoqlar va bezovta qilmaydigan kiyimlar. Qonni to&rsquo;sib qo&rsquo;yadigan matolardan saqlaning. Siqish moslamalari mashqlar uchun ideal, ammo kundalik kiyim emas. Eslab qoling. Qulay kiyim noqulaylikni uradi.<\/p>\n<h3>Og&rsquo;irligingizni kuzatib boring.<\/h3>\n<p>Har bir inson fitnes vaznini saqlab turishi kerak. Chunki oyoqlaringizdagi og&rsquo;irlik tomirlaringizni mo&rsquo;ljallanganidan ko&rsquo;proq siqadi. Bu oyoq varikoz tomirlarining asosiy sababidir. Barcha muammolarni oldini olish uchun vazningizni saqlang.<\/p>\n<h3>Tolaga boy va tuzga boy parhez.<\/h3>\n<p>Eng muhimi, suvni ushlab turishni tartibga solish uchun yaxshi ovqatlanishdir. Tolaga boy va natriyga boy parhezlar foydalidir. Katta jarohatlardan qochish uchun biz butun tanani oziqlantirishimiz kerak. Sizning navbatingiz sog&rsquo;lom, porloq oyoqlarga ega bo&rsquo;ladi. Ushbu protseduralarning barchasi varikoz tomirlarini davolaydi. Katta o&rsquo;rgimchak tomirlari Variflex Gel va ushbu ehtiyot choralari yordamida bir necha hafta ichida eriydi. Variflex Gel varikoz tomirlarini to&rsquo;liq davolaydi.<\/p>\n<h4>Varikoz tomirlari og&rsquo;riyapti.<\/h4>\n<p>Variflex kuchli loson bo&rsquo;lib, varikoz tomirlarini, ularning alomatlarini yo&rsquo;q qiladi, oyoq terisini va salohiyatini tiklaydi. Ushbu ajoyib davolanish ko&rsquo;p odamlarga oddiy hayotga qaytishga va quvonch bilan yashashga yordam berdi. Bu holat dahshatli, chunki siz uzoq o&rsquo;tira olmaysiz yoki turolmaysiz. U teriga kirib, oyoqlaringizni jonlantirish uchun kimyoviy moddalarni chiqaradi.<\/p>\n<h3>Devorlarini kollagen bilan mustahkamlash va muhrlash orqali arteriyalarni tiklaydi.<\/h3>\n<p>Bu varikoz tomirlarini davolash og&rsquo;riqsiz oyoq va go&rsquo;zallikni taqdim etadi. Yallig&rsquo;lanishga qarshi birikmalarni chiqarib, oyoq va arterial devorning yallig&rsquo;lanishini kamaytiradi. Arteriyalaringizni normallashtirish uchun mashg&rsquo;ulotni shu bilan boshlang. O&rsquo;rgimchak tomirlarining oldini oladi. U mustahkamlaydi, tiklaydi va qon p\u0131ht\u0131lar\u0131n\u0131n oldini oladi, shu qatorda boshqa afzalliklar.<\/p>\n<p>Tez va chuqur qulaylik uchun varikoz tomirlari va qon tomirlarining kengayishi uchun umumiy yengillik. Bosh taqillatgandek og&rsquo;riydi. Tuyg&rsquo;u dastlab aniqlanmagan. Uni aniqlab bo&rsquo;lmaydi. 7 kun ichida natijalar paydo bo&rsquo;ladi. Dastlabki kunlar kuchlanishsiz sayr qilishni o&rsquo;z ichiga oladi. Uzoq muddatli foyda olish uchun ushbu losonni ko&rsquo;rsatmalarga muvofiq foydalaning.<\/p>\n<p style=\"text-align: center;\"><span style=\"font-size: 22pt;\"><strong><a href=\"https:\/\/todaykhoe.com\/buy-variflex-uz\">HAMMA NARSA UCHUN MUROJAT &#8211; YETKAZMADA NAQD PUL<\/a><\/strong><\/span><\/p>\n<h3>Varikoz tomirlarining boshqa kuchli davosi bormi?<\/h3>\n<p>Ha, ha. Ko&rsquo;p echimlar, boshqa yo&rsquo;q. Faqat uni tanlangbu sizga mos keladi. Vazifa qiyin. Shundaymi? Diyetisyenlarga yoki mutaxassislarga ishoning. Ikkala holatda ham maslahat to&rsquo;lovlari. Ko&rsquo;rsatilganidek, maslahat bepul. Variflex Gel ikkilanmasdan suzish kostyumlari, liboslar va ziyofatlarda ajoyib hayotingizni qayta tiklashga imkon beradi.<\/p>\n<p>Bu aytib o'tilgan narsalarni qo&rsquo;llab-quvvatlaydi. Kremning imkoniyatlarini ko&rsquo;rish uchun uning tarkibini o&rsquo;qing. Ushbu retsept tabiiy o&rsquo;tlar va xushbo&rsquo;y hidli varikoz tomirlari uchun eng arzon va eng yaxshisidir. Ushbu mahsulot arzon va yaxshi. Turli xil davolash usullari mavjud. Ushbu xavfsiz yechim chuqur qulaylikni ta&rsquo;minlaydi va varikoz tomirlarini doimiy ravishda yo&rsquo;q qiladi.<\/p>\n<h3>Variflex Gelning tanaga ta&rsquo;siri.<\/h3>\n<p>Variflex Gel qulaylik va hayot sifati uchun oyoq tomirlarini normallashtiradi. Ushbu formula quyidagi ishlarni bajaradi:<\/p>\n<ul>\n<li>Arterial spazmni oldini oladi<\/li>\n<li>O&rsquo;rgimchak tomirlari bilan bog&rsquo;liq oyoq va tizza shishishini nazorat qiladi<\/li>\n<li>Tromboz\/tromboflebitni davolaydi<\/li>\n<li>Tromboemboliyani yo&rsquo;q qiladi<\/li>\n<li>Limfostazdan xalos bo&rsquo;lish<\/li>\n<\/ul>\n<p>Bir nechta fiziologik jarayonlar tufayli bu dahshatli holatdan kelib chiqqan varikoz tomirlarini yo&rsquo;q qiladi.<\/p>\n<p style=\"text-align: center;\"><span style=\"font-size: 24pt;\"><strong><a href=\"https:\/\/todaykhoe.com\/buy-variflex-uz\">HAMMA NARSA UCHUN MUROJAT &#8211; YETKAZMADA NAQD PUL<\/a><\/strong><\/span><\/p>\n<h3>Variflex Gel &#8211; nima uchun?<\/h3>\n<p>Qon tomirlari va mayda tosh tonusi pasayadi. Biz hammamiz bilamizki, qon tomirlari tonusi juda muhim. Yaxshi tomirlar sizni sog&rsquo;lom qiladi. Arteriyalarning shikastlanishi tizim va tana faoliyatiga ta&rsquo;sir qilgani uchun ular sog&rsquo;lom bo&rsquo;lishi kerak. Ushbu krem \u200b\u200bqon tomirlarini mustahkamlaydi va bu kabi muammolarga qarshi kurashadi.<\/p>\n<p><strong>Qon tomirlarining kengayishi qon oqimini tozalaydi.<\/strong><\/p>\n<p>Kengayish qon tomirlarining siqilishini va o&rsquo;rgimchak tomirlarini oldini oladi. Bu og&rsquo;riqni engillashtiradi va muammoni doimiy ravishda hal qiladi. Qon tomirlari kengayishi kerak. Variflex gel kremining tabiiy komponentlari o&rsquo;rgimchak tomirlarini davolash uchun qon tomirlarini kengaytiradi.<\/p>\n<p><strong>Krampni samarali ravishda engillashtiradi.<\/strong><\/p>\n<p>O&rsquo;rgimchak tomirlari ta&rsquo;riflab bo&rsquo;lmaydigan azob va spazmlarni keltirib chiqaradi. Og&rsquo;riq tugaydi. Yangi boshlanuvchilar dam olishni o&rsquo;rganadilar. Variflex gel kremi ikki kun ichida o&rsquo;zining qulayligini isbotlaydi. Ushbu krem \u200b\u200bbarcha muammolarni hal qiladi va uni kuchli qiladi.<\/p>\n<p><strong>Terining sog&rsquo;lig&rsquo;i va yorqinligini yaxshilaydi.<\/strong><\/p>\n<p>O&rsquo;rgimchak tomirlari har kuni teri va arteriyalarni yo&rsquo;q qiladi. Chandiqlar, qizil teri va xunuk arteriyalar qoplamani oldini oladi. Eng yaxshisi sizni nochorlikdan xalos qiladi. Teringiz porlaydi va yana sog&rsquo;lom bo&rsquo;ladi, shuning uchun siz sevimli kiyimlaringizni kiyishingiz mumkin.<\/p>\n<p><strong>Variflex gel kremi uchun ko&rsquo;rsatmalar.<\/strong><\/p>\n<p>Tezroq natijalarga erishish uchun eng yaxshi Variflex Gel kremi ko&rsquo;rsatmalari bu yerda. Quyidagi amallarni bajaring:<\/p>\n<h3>To&rsquo;liq yuvishdan keyin qo&rsquo;llang.<\/h3>\n<ul>\n<li>5 daqiqa davomida iliq suv bilan yuvib tashlang.<\/li>\n<li>Paxta mato bilan quritgandan keyin kremni qo&rsquo;llang.<\/li>\n<li>Ta&rsquo;sir qilingan joyni krem \u200b\u200bbilan yoping.<\/li>\n<li>Qo&rsquo;llashdan keyin 3 soat ichida suvdan saqlaning.<\/li>\n<li>Kuniga ikki marta foydalaning.<\/li>\n<\/ul>\n<p>Mahsulot paketida qo&rsquo;shimcha ma&rsquo;lumot mavjud. Shunchaki ko&rsquo;rsatmalarga amal qiling. Ushbu muammolarni hal qilish uchun ushbu mahsulotdan 29 kun foydalaning.<\/p>\n<h3>Buyurtma \/ Yetkazib berish.<\/h3>\n<p>Soxta narsalarni oldini olish uchun rasmiy veb-saytdan sotib oling. U erga borish uchun quyidagi rasmni bosing. Shaxsiy ma&rsquo;lumotlaringiz telefon orqali tasdiqlanadi. Bu boshqa hech narsa talab qilmaydi.<\/p>\n<h3>Qisqa bayoni; yakunida.<\/h3>\n<p>Bu bozorda eng yaxshi narxda eng yaxshi mahsulot. Ushbu inqilobiy dori og&rsquo;riq va kramplarni yumshatadi, qon tomirlarining sog&rsquo;lig&rsquo;ini saqlaydi va qon p\u0131ht\u0131lar\u0131n\u0131n oldini olish uchun qon tomirlarini kengaytiradi. Bunday kasalliklarning oldini olish va qon tomirlarining sog&rsquo;lig&rsquo;ini silliqlash orqali sizga foyda keltiradi.<\/p>\n<p style=\"text-align: center;\"><span style=\"font-size: 24pt;\"><strong><a href=\"https:\/\/todaykhoe.com\/buy-variflex-uz\">HAMMA NARSA UCHUN MUROJAT &#8211; YETKAZMADA NAQD PUL<\/a><\/strong><\/span><\/p>\n<p><a href=\"https:\/\/todaykhoe.com\/buy-variflex-uz\"><img loading=\"lazy\" decoding=\"async\" class=\"aligncenter size-full wp-image-156230\" src=\"https:\/\/todaykhoe.com\/wp-content\/uploads\/2025\/09\/Variflex-Krem-Uzbekistan.png\" alt=\"Variflex Krem Uzbekistan\" width=\"804\" height=\"599\" srcset=\"https:\/\/www.todaykhoe.com\/wp-content\/uploads\/2025\/09\/Variflex-Krem-Uzbekistan.png 804w, https:\/\/www.todaykhoe.com\/wp-content\/uploads\/2025\/09\/Variflex-Krem-Uzbekistan-300x224.png 300w, https:\/\/www.todaykhoe.com\/wp-content\/uploads\/2025\/09\/Variflex-Krem-Uzbekistan-768x572.png 768w, https:\/\/www.todaykhoe.com\/wp-content\/uploads\/2025\/09\/Variflex-Krem-Uzbekistan-600x447.png 600w\" sizes=\"auto, (max-width: 804px) 100vw, 804px\" \/><\/a><\/p>\n","protected":false},"excerpt":{"rendered":"<p><span style=\"font-size: 18pt;\"><strong>Varikoz tomirlari uchun gel belgilari, davolash va oldini olish<\/strong><\/span><\/p>\n<ul>\n<li>Tovarni olganingizda naqd pul yoki kredit karta bilan to&rsquo;lashingiz mumkin.<\/li>\n<li>2-3 kun ichida yetkazib berish, saqlash muddati 5 kungacha.<\/li>\n<li>Paketni uyingizga yoki pochta bo&rsquo;limiga etkazib berishingiz mumkin. Bundan tashqari, uni operator bilan telefon orqali bepul yetkazib berishingiz mumkin.<\/li>\n<\/ul>\n<p><strong><a href=\"https:\/\/todaykhoe.com\/buy-variflex-uz\">HAMMA NARSA UCHUN MUROJAT &#8211; YETKAZMADA NAQD PUL<\/a><\/strong><\/p>\n","protected":false},"featured_media":156270,"comment_status":"open","ping_status":"closed","template":"","meta":[],"product_brand":[],"product_cat":[689],"product_tag":[],"class_list":{"0":"post-156227","1":"product","2":"type-product","3":"status-publish","4":"has-post-thumbnail","6":"product_cat-salomatlik","8":"first","9":"instock","10":"shipping-taxable","11":"product-type-external"},"yoast_head":"<!-- This site is optimized with the Yoast SEO plugin v27.3 - https:\/\/yoast.com\/product\/yoast-seo-wordpress\/ -->\n<title>Variflex Krem Uzbekistan: varikoz tomirlari uchun jel! Narxi Sharhlar<\/title>\n<meta name=\"description\" content=\"Variflex Krem Uzbekistan: varikoz tomirlari uchun jel! Narx va sharhlar, O&#039;zbekistonda foydalari, nojo&#039;ya ta&#039;sirlari, foydalanuvchi sharhlari va sotib olish\" \/>\n<meta name=\"robots\" content=\"index, follow, max-snippet:-1, max-image-preview:large, max-video-preview:-1\" \/>\n<link rel=\"canonical\" href=\"https:\/\/www.todaykhoe.com\/product\/variflex-krem-uzbekistan\/\" \/>\n<meta property=\"og:locale\" content=\"fr_FR\" \/>\n<meta property=\"og:type\" content=\"article\" \/>\n<meta property=\"og:title\" content=\"Variflex Krem Uzbekistan: varikoz tomirlari uchun jel! Narxi Sharhlar\" \/>\n<meta property=\"og:description\" content=\"Variflex Krem Uzbekistan: varikoz tomirlari uchun jel! Narx va sharhlar, O&#039;zbekistonda foydalari, nojo&#039;ya ta&#039;sirlari, foydalanuvchi sharhlari va sotib olish\" \/>\n<meta property=\"og:url\" content=\"https:\/\/www.todaykhoe.com\/product\/variflex-krem-uzbekistan\/\" \/>\n<meta property=\"og:site_name\" content=\"TodayKh\u1ecfe.Com\" \/>\n<meta property=\"article:modified_time\" content=\"2025-09-17T10:26:38+00:00\" \/>\n<meta property=\"og:image\" content=\"https:\/\/www.todaykhoe.com\/wp-content\/uploads\/2025\/09\/Variflex-Uzbekistan.png\" \/>\n\t<meta property=\"og:image:width\" content=\"488\" \/>\n\t<meta property=\"og:image:height\" content=\"479\" \/>\n\t<meta property=\"og:image:type\" content=\"image\/png\" \/>\n<meta name=\"twitter:card\" content=\"summary_large_image\" \/>\n<meta name=\"twitter:label1\" content=\"Dur\u00e9e de lecture estim\u00e9e\" \/>\n\t<meta name=\"twitter:data1\" content=\"6 minutes\" \/>\n<script type=\"application\/ld+json\" class=\"yoast-schema-graph\">{\"@context\":\"https:\\\/\\\/schema.org\",\"@graph\":[{\"@type\":\"WebPage\",\"@id\":\"https:\\\/\\\/www.todaykhoe.com\\\/product\\\/variflex-krem-uzbekistan\\\/\",\"url\":\"https:\\\/\\\/www.todaykhoe.com\\\/product\\\/variflex-krem-uzbekistan\\\/\",\"name\":\"Variflex Krem Uzbekistan: varikoz tomirlari uchun jel! Narxi Sharhlar\",\"isPartOf\":{\"@id\":\"https:\\\/\\\/www.todaykhoe.com\\\/#website\"},\"primaryImageOfPage\":{\"@id\":\"https:\\\/\\\/www.todaykhoe.com\\\/product\\\/variflex-krem-uzbekistan\\\/#primaryimage\"},\"image\":{\"@id\":\"https:\\\/\\\/www.todaykhoe.com\\\/product\\\/variflex-krem-uzbekistan\\\/#primaryimage\"},\"thumbnailUrl\":\"https:\\\/\\\/www.todaykhoe.com\\\/wp-content\\\/uploads\\\/2025\\\/09\\\/Variflex-Uzbekistan.png\",\"datePublished\":\"2025-09-17T10:17:18+00:00\",\"dateModified\":\"2025-09-17T10:26:38+00:00\",\"description\":\"Variflex Krem Uzbekistan: varikoz tomirlari uchun jel! Narx va sharhlar, O'zbekistonda foydalari, nojo'ya ta'sirlari, foydalanuvchi sharhlari va sotib olish\",\"breadcrumb\":{\"@id\":\"https:\\\/\\\/www.todaykhoe.com\\\/product\\\/variflex-krem-uzbekistan\\\/#breadcrumb\"},\"inLanguage\":\"fr-FR\",\"potentialAction\":[{\"@type\":\"ReadAction\",\"target\":[\"https:\\\/\\\/www.todaykhoe.com\\\/product\\\/variflex-krem-uzbekistan\\\/\"]}]},{\"@type\":\"ImageObject\",\"inLanguage\":\"fr-FR\",\"@id\":\"https:\\\/\\\/www.todaykhoe.com\\\/product\\\/variflex-krem-uzbekistan\\\/#primaryimage\",\"url\":\"https:\\\/\\\/www.todaykhoe.com\\\/wp-content\\\/uploads\\\/2025\\\/09\\\/Variflex-Uzbekistan.png\",\"contentUrl\":\"https:\\\/\\\/www.todaykhoe.com\\\/wp-content\\\/uploads\\\/2025\\\/09\\\/Variflex-Uzbekistan.png\",\"width\":488,\"height\":479,\"caption\":\"Variflex Uzbekistan\"},{\"@type\":\"BreadcrumbList\",\"@id\":\"https:\\\/\\\/www.todaykhoe.com\\\/product\\\/variflex-krem-uzbekistan\\\/#breadcrumb\",\"itemListElement\":[{\"@type\":\"ListItem\",\"position\":1,\"name\":\"Home\",\"item\":\"https:\\\/\\\/www.todaykhoe.com\\\/\"},{\"@type\":\"ListItem\",\"position\":2,\"name\":\"Shop\",\"item\":\"https:\\\/\\\/www.todaykhoe.com\\\/shop\\\/\"},{\"@type\":\"ListItem\",\"position\":3,\"name\":\"Variflex Krem Uzbekistan\"}]},{\"@type\":\"WebSite\",\"@id\":\"https:\\\/\\\/www.todaykhoe.com\\\/#website\",\"url\":\"https:\\\/\\\/www.todaykhoe.com\\\/\",\"name\":\"TodayKh\u1ecfe.Com\",\"description\":\"Healthy Today, Fitness, Nutrition, Beauty, News!\",\"publisher\":{\"@id\":\"https:\\\/\\\/www.todaykhoe.com\\\/#organization\"},\"potentialAction\":[{\"@type\":\"SearchAction\",\"target\":{\"@type\":\"EntryPoint\",\"urlTemplate\":\"https:\\\/\\\/www.todaykhoe.com\\\/?s={search_term_string}\"},\"query-input\":{\"@type\":\"PropertyValueSpecification\",\"valueRequired\":true,\"valueName\":\"search_term_string\"}}],\"inLanguage\":\"fr-FR\"},{\"@type\":\"Organization\",\"@id\":\"https:\\\/\\\/www.todaykhoe.com\\\/#organization\",\"name\":\"TodayKh\u1ecfe.Com\",\"url\":\"https:\\\/\\\/www.todaykhoe.com\\\/\",\"logo\":{\"@type\":\"ImageObject\",\"inLanguage\":\"fr-FR\",\"@id\":\"https:\\\/\\\/www.todaykhoe.com\\\/#\\\/schema\\\/logo\\\/image\\\/\",\"url\":\"https:\\\/\\\/www.todaykhoe.com\\\/wp-content\\\/uploads\\\/2025\\\/04\\\/Todaykhoe.png\",\"contentUrl\":\"https:\\\/\\\/www.todaykhoe.com\\\/wp-content\\\/uploads\\\/2025\\\/04\\\/Todaykhoe.png\",\"width\":706,\"height\":159,\"caption\":\"TodayKh\u1ecfe.Com\"},\"image\":{\"@id\":\"https:\\\/\\\/www.todaykhoe.com\\\/#\\\/schema\\\/logo\\\/image\\\/\"}}]}<\/script>\n<!-- \/ Yoast SEO plugin. -->","yoast_head_json":{"title":"Variflex Krem Uzbekistan: varikoz tomirlari uchun jel! Narxi Sharhlar","description":"Variflex Krem Uzbekistan: varikoz tomirlari uchun jel! Narx va sharhlar, O'zbekistonda foydalari, nojo'ya ta'sirlari, foydalanuvchi sharhlari va sotib olish","robots":{"index":"index","follow":"follow","max-snippet":"max-snippet:-1","max-image-preview":"max-image-preview:large","max-video-preview":"max-video-preview:-1"},"canonical":"https:\/\/www.todaykhoe.com\/product\/variflex-krem-uzbekistan\/","og_locale":"fr_FR","og_type":"article","og_title":"Variflex Krem Uzbekistan: varikoz tomirlari uchun jel! Narxi Sharhlar","og_description":"Variflex Krem Uzbekistan: varikoz tomirlari uchun jel! Narx va sharhlar, O'zbekistonda foydalari, nojo'ya ta'sirlari, foydalanuvchi sharhlari va sotib olish","og_url":"https:\/\/www.todaykhoe.com\/product\/variflex-krem-uzbekistan\/","og_site_name":"TodayKh\u1ecfe.Com","article_modified_time":"2025-09-17T10:26:38+00:00","og_image":[{"width":488,"height":479,"url":"https:\/\/www.todaykhoe.com\/wp-content\/uploads\/2025\/09\/Variflex-Uzbekistan.png","type":"image\/png"}],"twitter_card":"summary_large_image","twitter_misc":{"Dur\u00e9e de lecture estim\u00e9e":"6 minutes"},"schema":{"@context":"https:\/\/schema.org","@graph":[{"@type":"WebPage","@id":"https:\/\/www.todaykhoe.com\/product\/variflex-krem-uzbekistan\/","url":"https:\/\/www.todaykhoe.com\/product\/variflex-krem-uzbekistan\/","name":"Variflex Krem Uzbekistan: varikoz tomirlari uchun jel! Narxi Sharhlar","isPartOf":{"@id":"https:\/\/www.todaykhoe.com\/#website"},"primaryImageOfPage":{"@id":"https:\/\/www.todaykhoe.com\/product\/variflex-krem-uzbekistan\/#primaryimage"},"image":{"@id":"https:\/\/www.todaykhoe.com\/product\/variflex-krem-uzbekistan\/#primaryimage"},"thumbnailUrl":"https:\/\/www.todaykhoe.com\/wp-content\/uploads\/2025\/09\/Variflex-Uzbekistan.png","datePublished":"2025-09-17T10:17:18+00:00","dateModified":"2025-09-17T10:26:38+00:00","description":"Variflex Krem Uzbekistan: varikoz tomirlari uchun jel! Narx va sharhlar, O'zbekistonda foydalari, nojo'ya ta'sirlari, foydalanuvchi sharhlari va sotib olish","breadcrumb":{"@id":"https:\/\/www.todaykhoe.com\/product\/variflex-krem-uzbekistan\/#breadcrumb"},"inLanguage":"fr-FR","potentialAction":[{"@type":"ReadAction","target":["https:\/\/www.todaykhoe.com\/product\/variflex-krem-uzbekistan\/"]}]},{"@type":"ImageObject","inLanguage":"fr-FR","@id":"https:\/\/www.todaykhoe.com\/product\/variflex-krem-uzbekistan\/#primaryimage","url":"https:\/\/www.todaykhoe.com\/wp-content\/uploads\/2025\/09\/Variflex-Uzbekistan.png","contentUrl":"https:\/\/www.todaykhoe.com\/wp-content\/uploads\/2025\/09\/Variflex-Uzbekistan.png","width":488,"height":479,"caption":"Variflex Uzbekistan"},{"@type":"BreadcrumbList","@id":"https:\/\/www.todaykhoe.com\/product\/variflex-krem-uzbekistan\/#breadcrumb","itemListElement":[{"@type":"ListItem","position":1,"name":"Home","item":"https:\/\/www.todaykhoe.com\/"},{"@type":"ListItem","position":2,"name":"Shop","item":"https:\/\/www.todaykhoe.com\/shop\/"},{"@type":"ListItem","position":3,"name":"Variflex Krem Uzbekistan"}]},{"@type":"WebSite","@id":"https:\/\/www.todaykhoe.com\/#website","url":"https:\/\/www.todaykhoe.com\/","name":"TodayKh\u1ecfe.Com","description":"Healthy Today, Fitness, Nutrition, Beauty, News!","publisher":{"@id":"https:\/\/www.todaykhoe.com\/#organization"},"potentialAction":[{"@type":"SearchAction","target":{"@type":"EntryPoint","urlTemplate":"https:\/\/www.todaykhoe.com\/?s={search_term_string}"},"query-input":{"@type":"PropertyValueSpecification","valueRequired":true,"valueName":"search_term_string"}}],"inLanguage":"fr-FR"},{"@type":"Organization","@id":"https:\/\/www.todaykhoe.com\/#organization","name":"TodayKh\u1ecfe.Com","url":"https:\/\/www.todaykhoe.com\/","logo":{"@type":"ImageObject","inLanguage":"fr-FR","@id":"https:\/\/www.todaykhoe.com\/#\/schema\/logo\/image\/","url":"https:\/\/www.todaykhoe.com\/wp-content\/uploads\/2025\/04\/Todaykhoe.png","contentUrl":"https:\/\/www.todaykhoe.com\/wp-content\/uploads\/2025\/04\/Todaykhoe.png","width":706,"height":159,"caption":"TodayKh\u1ecfe.Com"},"image":{"@id":"https:\/\/www.todaykhoe.com\/#\/schema\/logo\/image\/"}}]}},"_links":{"self":[{"href":"https:\/\/www.todaykhoe.com\/fr\/wp-json\/wp\/v2\/product\/156227","targetHints":{"allow":["GET"]}}],"collection":[{"href":"https:\/\/www.todaykhoe.com\/fr\/wp-json\/wp\/v2\/product"}],"about":[{"href":"https:\/\/www.todaykhoe.com\/fr\/wp-json\/wp\/v2\/types\/product"}],"replies":[{"embeddable":true,"href":"https:\/\/www.todaykhoe.com\/fr\/wp-json\/wp\/v2\/comments?post=156227"}],"wp:featuredmedia":[{"embeddable":true,"href":"https:\/\/www.todaykhoe.com\/fr\/wp-json\/wp\/v2\/media\/156270"}],"wp:attachment":[{"href":"https:\/\/www.todaykhoe.com\/fr\/wp-json\/wp\/v2\/media?parent=156227"}],"wp:term":[{"taxonomy":"product_brand","embeddable":true,"href":"https:\/\/www.todaykhoe.com\/fr\/wp-json\/wp\/v2\/product_brand?post=156227"},{"taxonomy":"product_cat","embeddable":true,"href":"https:\/\/www.todaykhoe.com\/fr\/wp-json\/wp\/v2\/product_cat?post=156227"},{"taxonomy":"product_tag","embeddable":true,"href":"https:\/\/www.todaykhoe.com\/fr\/wp-json\/wp\/v2\/product_tag?post=156227"}],"curies":[{"name":"wp","href":"https:\/\/api.w.org\/{rel}","templated":true}]}}