{"id":153354,"date":"2025-08-26T17:31:41","date_gmt":"2025-08-26T17:31:41","guid":{"rendered":"https:\/\/todaykhoe.com\/?post_type=product&#038;p=153354"},"modified":"2025-08-26T17:32:40","modified_gmt":"2025-08-26T17:32:40","slug":"marukaya-prix-gabon","status":"publish","type":"product","link":"https:\/\/www.todaykhoe.com\/fr\/product\/marukaya-prix-gabon\/","title":{"rendered":"MaruKaya Cr\u00e8me Prix"},"content":{"rendered":"<p><a href=\"https:\/\/todaykhoe.com\/product\/marukaya-prix-gabon\/\">MARUKAYA<\/a>, une th\u00e9rapie naturelle innovante, soulage la douleur et renforce, lubrifie, \u00e9tire et renforce les articulations. C&rsquo;est le moment de profiter de votre jeunesse en tant que personne \u00e2g\u00e9e et de cesser d&rsquo;\u00eatre patiente face \u00e0 des douleurs aux jambes, aux genoux ou aux articulations. Vous profiterez pleinement de votre vie sans que cela ne vous freine. La douleur entra\u00eene un d\u00e9s\u00e9quilibre chimique et une alt\u00e9ration des sens, affectant tout le corps. Les fonctions c\u00e9r\u00e9brales sont alt\u00e9r\u00e9es par la douleur. Votre activit\u00e9 physique limit\u00e9e vous emp\u00eache de mieux r\u00e9agir face \u00e0 la douleur.<\/p>\n<p style=\"text-align: center;\"><a href=\"https:\/\/todaykhoe.com\/acheter-marukaya-ga\"><span style=\"font-size: 24pt;\"><strong>CONTACT POUR TOUT &#8211; PAIEMENT \u00c0 LA LIVRAISON DISPONIBLE<\/strong><\/span><\/a><\/p>\n<p>Pensez-vous que votre corps peut g\u00e9rer les activit\u00e9s psychologiques sans exercice\u00a0? G\u00e9n\u00e9ralement, il fonctionne, voire est parfait. Je comprends que l&rsquo;inconfort puisse causer des probl\u00e8mes majeurs. Je n&rsquo;ai pas besoin d&rsquo;expliquer pourquoi cela entrave une vie confortable. Votre existence devient rigide et difficile. Nous vous recommandons de rester en forme et mentalement alerte. La douleur est ressentie, elle n&rsquo;est pas d\u00e9crite. Chacun a eu des maux d&rsquo;estomac ou des maux de t\u00eate.<\/p>\n<p>Fr\u00e9quent chez les tout-petits, les jeunes adultes et les personnes \u00e2g\u00e9es. Personne n&rsquo;est aussi ignorant que vous pour penser que la douleur est discriminante. Seules les personnes \u00e2g\u00e9es souffrent de discrimination par la douleur. Les tout-petits, les adolescents et les jeunes adultes se plaignent de plus en plus des m\u00eames probl\u00e8mes. Aujourd&rsquo;hui, les hommes veulent devenir accros \u00e0 la salle de sport. Ils soul\u00e8vent des poids lourds et adoptent une posture inadapt\u00e9e pour obtenir un corps unique et muscl\u00e9, ce qui provoque des douleurs. Impossible de gagner sans douleur. C&rsquo;est ind\u00e9niable. Voici les principaux facteurs li\u00e9s \u00e0 la douleur. Certaines personnes souffrent de maux de t\u00eate et ne peuvent pas terminer leurs t\u00e2ches quotidiennes. Qu&rsquo;est-ce qui peut m&rsquo;aider \u00e0 g\u00e9rer mes douleurs articulaires\u00a0? Parlons de MaruKaya.<\/p>\n<h2>Qu&rsquo;est-ce que MaruKaya\u00a0? Ce traitement contre les douleurs articulaires est-il r\u00e9el\u00a0?<\/h2>\n<p>Pour les douleurs et les probl\u00e8mes articulaires, MaruKaya est id\u00e9al. Ses composants procurent un soulagement corporel optimal, d\u00e9montrant ainsi son potentiel. Son objectif est de vous aider \u00e0 vivre une vie agr\u00e9able sans douleur et \u00e0 profiter de chaque instant. La mauvaise qualit\u00e9 de l&rsquo;alimentation aujourd&rsquo;hui. De nombreuses causes peuvent en \u00eatre la cause. Les carences nutritionnelles sont l&rsquo;une de leurs rares faiblesses. Tout le monde est confront\u00e9 \u00e0 cette situation critique. Ce n&rsquo;est pas la fin du monde, mais certaines choses nous emp\u00eachent de nous nourrir suffisamment.<\/p>\n<p>Les fruits et les aliments ne sont pas naturels. Sur les r\u00e9seaux sociaux, on voit des gens mettre du s\u00e9rum dans des fruits pour les faire pousser rapidement. On n\u00e9glige \u00e9galement le calcium, le fer et le magn\u00e9sium. Or, les trois \u00e9l\u00e9ments les plus importants pour la sant\u00e9 osseuse. Malgr\u00e9 ce que vous pensez, votre nourriture est contamin\u00e9e. On en trouve partout, sauf dans les magasins r\u00e9put\u00e9s, o\u00f9 ils co\u00fbtent deux ou trois fois plus cher. Pensez-vous que tout le monde puisse se les permettre\u00a0? De nombreux pays en proposent. MaruKaya vous aide \u00e0 bien vivre en \u00e9liminant les probl\u00e8mes importants sans laisser de traces. Sa composition analg\u00e9sique vous surprendra.<\/p>\n<p>Quelle est la pr\u00e9cision des ingr\u00e9dients laitiers d'emballage r\u00e9put\u00e9s\u00a0? Vraiment les m\u00eames chiffres\u00a0? Si l&rsquo;on n\u00e9glige la falsification, un autre probl\u00e8me se pose. On dit que les aliments en conserve et transform\u00e9s sont contrefaits ou que vous ne les avez pas utilis\u00e9s. Un terrible secret, car cela touche \u00e0 votre sant\u00e9. Vos articulations affectent votre sant\u00e9 globale. Le rem\u00e8de contre les douleurs articulaires MaruKaya soulage les douleurs articulaires et corporelles. Les substances naturelles et de haute qualit\u00e9 de cette composition sont reconnues dans le monde entier pour soulager la douleur et d&rsquo;autres zones du corps. Il d\u00e9passera vos attentes et am\u00e9liorera votre sant\u00e9.<\/p>\n<p style=\"text-align: center;\"><span style=\"font-size: 24pt;\"><a href=\"https:\/\/todaykhoe.com\/acheter-marukaya-ga\"><strong>CONTACT POUR TOUT &#8211; PAIEMENT \u00c0 LA LIVRAISON DISPONIBLE<\/strong><\/a><\/span><\/p>\n<h3>Bienfaits du romarin.<\/h3>\n<p>Qu&rsquo;en est-il du romarin\u00a0? La nature a donn\u00e9 \u00e0 l&rsquo;humanit\u00e9 cette substance merveilleuse et pr\u00e9cieuse. Si les personnes \u00e2g\u00e9es se massent les articulations avec de la v\u00e9ritable huile de romarin, c&rsquo;est miraculeux. De nombreuses recettes de viande utilisent cette herbe. Saviez-vous que cette \u00e9pice est bien plus qu&rsquo;une simple garniture\u00a0? Votre corps en b\u00e9n\u00e9ficie grandement. C&rsquo;est un excellent produit, car il favorise divers changements syst\u00e9miques pour une vie saine et sans soucis.<\/p>\n<h3>Voici ses principaux bienfaits\u00a0:<\/h3>\n<ul>\n<li>Am\u00e9liore la circulation sanguine<\/li>\n<li>Action antioxydante avanc\u00e9e<\/li>\n<li>Facilite la digestion<\/li>\n<li>R\u00e9duit les ballonnements, les gaz et l&rsquo;acidit\u00e9 gastrique<\/li>\n<li>Contient du fer<\/li>\n<li>R\u00e9duit les spasmes musculaires, les migraines et la r\u00e9tention d&rsquo;eau.<\/li>\n<\/ul>\n<p>Malgr\u00e9 ses nombreux autres bienfaits avanc\u00e9s, le gel MaruKaya contient des extraits de romarin \u00e0 cet effet. C&rsquo;est une excellente vitamine contre les douleurs du genou gr\u00e2ce \u00e0 ses propri\u00e9t\u00e9s anti-inflammatoires et analg\u00e9siques.<\/p>\n<h3>Est-il efficace contre la douleur\u00a0?<\/h3>\n<p>M\u00eame sans donn\u00e9es ni sondage, nous pourrions mesurer l&rsquo;impact de la douleur. Au-del\u00e0 des donn\u00e9es, nous disposons d&rsquo;\u00e9tudes approfondies sur la douleur illustrant la r\u00e9alit\u00e9 p\u00e9nible du d\u00e9veloppement des enfants et des jeunes enfants. Les jeunes d&rsquo;aujourd&rsquo;hui sont moins actifs et moins puissants que les primitifs. Discutez-en avant de partager cette exp\u00e9rience d\u00e9sagr\u00e9able et p\u00e9nible. Ils souhaitent que le produit soit efficace de mani\u00e8re constante. Quelle que soit l&rsquo;intensit\u00e9 de la douleur, MaruKaya est efficace. Il ne fait aucune distinction et ses ingr\u00e9dients naturels, de qualit\u00e9 et \u00e0 base de plantes renforcent son pouvoir analg\u00e9sique.<\/p>\n<p>Notre incapacit\u00e9 \u00e0 comprendre que notre mode de vie est \u00e0 l&rsquo;origine de ces probl\u00e8mes. De petits changements dans votre mode de vie peuvent vous exposer \u00e0 des probl\u00e8mes. Vous devez affronter une telle situation pour y \u00e9chapper. Tout est pour votre bien, et ces produits changeront votre vie en vous apportant confort et d\u00e9tente.<\/p>\n<p style=\"text-align: center;\"><span style=\"font-size: 24pt;\"><a href=\"https:\/\/todaykhoe.com\/acheter-marukaya-ga\"><strong>CONTACT POUR TOUT &#8211; PAIEMENT \u00c0 LA LIVRAISON DISPONIBLE<\/strong><\/a><\/span><\/p>\n<h3>MaruKaya gagne.<\/h3>\n<p><strong>Pr\u00e9vient et soulage l&rsquo;inconfort.<\/strong><\/p>\n<p>La douleur provient de l\u00e9sions tissulaires internes. De nombreux facteurs peuvent endommager les tissus. Notre corps produit des radicaux libres lors de la digestion, ce qui peut endommager Des causes environnementales et internes endommagent les articulations et les tissus. Le MaruKaya montre comment un analg\u00e9sique doit agir. La douleur est soulag\u00e9e et les causes sont affect\u00e9es.<\/p>\n<p><strong>Cr\u00e9e du collag\u00e8ne qui reconstruit le cartilage.<\/strong><\/p>\n<p>De quoi est compos\u00e9 votre corps\u00a0? De prot\u00e9ines, mais pas seulement. Le collag\u00e8ne fournit une base solide pour l&rsquo;activit\u00e9 et la mobilit\u00e9. La rupture ou le r\u00e9tr\u00e9cissement du cartilage provoque des douleurs. Il se d\u00e9veloppe quotidiennement. Ce gel de collag\u00e8ne r\u00e9g\u00e9n\u00e8re le tissu cartilagineux, essentiel pour la mobilit\u00e9. Ce gel r\u00e9pare le collag\u00e8ne et les tissus.<\/p>\n<p><strong>Maintient les articulations souples et fortes.<\/strong><\/p>\n<p>Les amateurs de sport, de jeux et de plein air souffrent de douleurs et de raideurs articulaires. Cette trag\u00e9die met fin \u00e0 la carri\u00e8re des athl\u00e8tes. Ils ne devraient pas les laisser ruiner leur carri\u00e8re. Ce gel soulage les raideurs articulaires. Il amortit les articulations et reconstruit les tissus, r\u00e9duisant ainsi les douleurs articulaires en am\u00e9liorant la souplesse et la force.<\/p>\n<h3>Comment utiliser le gel\u00a0?<\/h3>\n<p>Suivez ces \u00e9tapes <strong>simples\u00a0<\/strong>:<\/p>\n<ul>\n<li>Commencez par laver la plaie \u00e0 l&rsquo;eau ti\u00e8de.<\/li>\n<li>Poursuivez le lavage pendant 5\u00a0minutes pour d\u00e9tendre les muscles.<\/li>\n<li>S\u00e9chez la zone.<\/li>\n<li>Appliquez une fine couche de gel sur le bout des doigts.<\/li>\n<li>\u00c9talez le produit uniform\u00e9ment sur la peau en exer\u00e7ant une l\u00e9g\u00e8re pression.<\/li>\n<li>Appliquez deux fois par jour pendant 31 jours.<\/li>\n<li>\u00c9vitez de boire de l&rsquo;eau pendant 3 heures apr\u00e8s l&rsquo;application de cette huile.<\/li>\n<\/ul>\n<p>La notice fournit des informations compl\u00e9mentaires. Pour des r\u00e9sultats rapides, suivez ces \u00e9tapes.<\/p>\n<h3>Comment acheter\u00a0?<\/h3>\n<p>Pour un v\u00e9ritable soulagement de la douleur, procurez-vous le gel MaruKaya. Ce gel est vendu sur le site web du fabricant. Cliquez sur l&rsquo;image ci-dessous pour y acc\u00e9der. Passez commande. Simple et direct.<\/p>\n<p style=\"text-align: center;\"><span style=\"font-size: 24pt;\"><a href=\"https:\/\/todaykhoe.com\/acheter-marukaya-ga\"><strong>CONTACT POUR TOUT &#8211; PAIEMENT \u00c0 LA LIVRAISON DISPONIBLE<\/strong><\/a><\/span><\/p>\n<p><a href=\"https:\/\/todaykhoe.com\/acheter-marukaya-ga\"><img loading=\"lazy\" decoding=\"async\" class=\"aligncenter size-full wp-image-153355\" src=\"https:\/\/todaykhoe.com\/wp-content\/uploads\/2025\/08\/MaruKaya-Creme-Gabon.png\" alt=\"MaruKaya Cr\u00e8me Prix Gabon\" width=\"813\" height=\"588\" srcset=\"https:\/\/www.todaykhoe.com\/wp-content\/uploads\/2025\/08\/MaruKaya-Creme-Gabon.png 813w, https:\/\/www.todaykhoe.com\/wp-content\/uploads\/2025\/08\/MaruKaya-Creme-Gabon-300x217.png 300w, https:\/\/www.todaykhoe.com\/wp-content\/uploads\/2025\/08\/MaruKaya-Creme-Gabon-768x555.png 768w, https:\/\/www.todaykhoe.com\/wp-content\/uploads\/2025\/08\/MaruKaya-Creme-Gabon-600x434.png 600w\" sizes=\"auto, (max-width: 813px) 100vw, 813px\" \/><\/a><\/p>\n<h3>Jugement final sur le gel MaruKaya.<\/h3>\n<p>Apr\u00e8s avoir analys\u00e9 les d\u00e9tails de cette formule, une bonne r\u00e9ponse me vient \u00e0 l&rsquo;esprit. Quelle est la part de v\u00e9rit\u00e9\u00a0? Le savez-vous\u00a0? Permettez-moi de clarifier cela. La fixation, les bienfaits et 95\u00a0% de l&rsquo;article sont vrais. Le pourcentage varie. Tout simplement parce que nos syst\u00e8mes immunitaires sont diff\u00e9rents et que nos corps sont diff\u00e9rents. Certaines personnes supportent la cuisine \u00e9pic\u00e9e, d&rsquo;autres non. Pareil pour nous. L&rsquo;effet est rapide pour certains, lent pour d&rsquo;autres. Pour le reste, ce produit est excellent. Il n&rsquo;y a rien \u00e0 redire sur cette formule. Sa forme gel est inoffensive.<\/p>\n","protected":false},"excerpt":{"rendered":"<p><span style=\"font-size: 18pt;\"><strong>Soulagement des douleurs articulaires\u00a0: sympt\u00f4mes, traitement et pr\u00e9vention<\/strong><\/span><\/p>\n<ul>\n<li>Vous pouvez payer en esp\u00e8ces ou par carte bancaire \u00e0 la r\u00e9ception.<\/li>\n<li>Livraison en 2 \u00e0 3 jours, dur\u00e9e de conservation jusqu&rsquo;\u00e0 5 jours.<\/li>\n<li>Vous pouvez vous faire livrer votre colis \u00e0 domicile ou \u00e0 la Poste. Vous pouvez \u00e9galement le faire livrer gratuitement par t\u00e9l\u00e9phone avec l&rsquo;op\u00e9rateur.<\/li>\n<\/ul>\n<p><del><span style=\"font-size: 16pt; color: #ff0000;\"><strong>Ancien prix : <span class=\"price_land_s4\">76000<\/span>\u00a0<span class=\"price_land_curr\">XAF<\/span><\/strong><\/span><\/del><br \/>\n<span style=\"font-size: 16pt; color: #00ff00;\"><strong>Nouveau prix : <span class=\"price_land_s1\">38000<\/span>\u00a0<span class=\"price_land_curr\">XAF<\/span><\/strong><\/span><\/p>\n<p><a href=\"https:\/\/todaykhoe.com\/acheter-marukaya-ga\"><strong>CONTACT POUR TOUT &#8211; PAIEMENT \u00c0 LA LIVRAISON DISPONIBLE<\/strong><\/a><\/p>\n","protected":false},"featured_media":153395,"comment_status":"open","ping_status":"closed","template":"","meta":[],"product_brand":[],"product_cat":[440],"product_tag":[],"class_list":{"0":"post-153354","1":"product","2":"type-product","3":"status-publish","4":"has-post-thumbnail","6":"product_cat-sante","8":"first","9":"instock","10":"shipping-taxable","11":"product-type-external"},"yoast_head":"<!-- This site is optimized with the Yoast SEO plugin v27.3 - https:\/\/yoast.com\/product\/yoast-seo-wordpress\/ -->\n<title>MaruKaya Cr\u00e8me Prix Gabon: soins des douleurs articulaires! Avis<\/title>\n<meta name=\"description\" content=\"MaruKaya Cr\u00e8me Prix Gabon: soins des douleurs articulaires! Avis, soins des douleurs articulaires sympt\u00f4mes de d\u00e9toxification, traitement et pr\u00e9vention\" \/>\n<meta name=\"robots\" content=\"index, follow, max-snippet:-1, max-image-preview:large, max-video-preview:-1\" \/>\n<link rel=\"canonical\" href=\"https:\/\/www.todaykhoe.com\/product\/marukaya-prix-gabon\/\" \/>\n<meta property=\"og:locale\" content=\"fr_FR\" \/>\n<meta property=\"og:type\" content=\"article\" \/>\n<meta property=\"og:title\" content=\"MaruKaya Cr\u00e8me Prix Gabon: soins des douleurs articulaires! Avis\" \/>\n<meta property=\"og:description\" content=\"MaruKaya Cr\u00e8me Prix Gabon: soins des douleurs articulaires! Avis, soins des douleurs articulaires sympt\u00f4mes de d\u00e9toxification, traitement et pr\u00e9vention\" \/>\n<meta property=\"og:url\" content=\"https:\/\/www.todaykhoe.com\/product\/marukaya-prix-gabon\/\" \/>\n<meta property=\"og:site_name\" content=\"TodayKh\u1ecfe.Com\" \/>\n<meta property=\"article:modified_time\" content=\"2025-08-26T17:32:40+00:00\" \/>\n<meta property=\"og:image\" content=\"https:\/\/www.todaykhoe.com\/wp-content\/uploads\/2025\/08\/MaruKaya-Gabon.png\" \/>\n\t<meta property=\"og:image:width\" content=\"477\" \/>\n\t<meta property=\"og:image:height\" content=\"474\" \/>\n\t<meta property=\"og:image:type\" content=\"image\/png\" \/>\n<meta name=\"twitter:card\" content=\"summary_large_image\" \/>\n<meta name=\"twitter:label1\" content=\"Dur\u00e9e de lecture estim\u00e9e\" \/>\n\t<meta name=\"twitter:data1\" content=\"7 minutes\" \/>\n<script type=\"application\/ld+json\" class=\"yoast-schema-graph\">{\"@context\":\"https:\\\/\\\/schema.org\",\"@graph\":[{\"@type\":\"WebPage\",\"@id\":\"https:\\\/\\\/www.todaykhoe.com\\\/product\\\/marukaya-prix-gabon\\\/\",\"url\":\"https:\\\/\\\/www.todaykhoe.com\\\/product\\\/marukaya-prix-gabon\\\/\",\"name\":\"MaruKaya Cr\u00e8me Prix Gabon: soins des douleurs articulaires! Avis\",\"isPartOf\":{\"@id\":\"https:\\\/\\\/www.todaykhoe.com\\\/#website\"},\"primaryImageOfPage\":{\"@id\":\"https:\\\/\\\/www.todaykhoe.com\\\/product\\\/marukaya-prix-gabon\\\/#primaryimage\"},\"image\":{\"@id\":\"https:\\\/\\\/www.todaykhoe.com\\\/product\\\/marukaya-prix-gabon\\\/#primaryimage\"},\"thumbnailUrl\":\"https:\\\/\\\/www.todaykhoe.com\\\/wp-content\\\/uploads\\\/2025\\\/08\\\/MaruKaya-Gabon.png\",\"datePublished\":\"2025-08-26T17:31:41+00:00\",\"dateModified\":\"2025-08-26T17:32:40+00:00\",\"description\":\"MaruKaya Cr\u00e8me Prix Gabon: soins des douleurs articulaires! Avis, soins des douleurs articulaires sympt\u00f4mes de d\u00e9toxification, traitement et pr\u00e9vention\",\"breadcrumb\":{\"@id\":\"https:\\\/\\\/www.todaykhoe.com\\\/product\\\/marukaya-prix-gabon\\\/#breadcrumb\"},\"inLanguage\":\"fr-FR\",\"potentialAction\":[{\"@type\":\"ReadAction\",\"target\":[\"https:\\\/\\\/www.todaykhoe.com\\\/product\\\/marukaya-prix-gabon\\\/\"]}]},{\"@type\":\"ImageObject\",\"inLanguage\":\"fr-FR\",\"@id\":\"https:\\\/\\\/www.todaykhoe.com\\\/product\\\/marukaya-prix-gabon\\\/#primaryimage\",\"url\":\"https:\\\/\\\/www.todaykhoe.com\\\/wp-content\\\/uploads\\\/2025\\\/08\\\/MaruKaya-Gabon.png\",\"contentUrl\":\"https:\\\/\\\/www.todaykhoe.com\\\/wp-content\\\/uploads\\\/2025\\\/08\\\/MaruKaya-Gabon.png\",\"width\":477,\"height\":474,\"caption\":\"MaruKaya Gabon\"},{\"@type\":\"BreadcrumbList\",\"@id\":\"https:\\\/\\\/www.todaykhoe.com\\\/product\\\/marukaya-prix-gabon\\\/#breadcrumb\",\"itemListElement\":[{\"@type\":\"ListItem\",\"position\":1,\"name\":\"Home\",\"item\":\"https:\\\/\\\/www.todaykhoe.com\\\/\"},{\"@type\":\"ListItem\",\"position\":2,\"name\":\"Shop\",\"item\":\"https:\\\/\\\/www.todaykhoe.com\\\/shop\\\/\"},{\"@type\":\"ListItem\",\"position\":3,\"name\":\"MaruKaya Cr\u00e8me Prix\"}]},{\"@type\":\"WebSite\",\"@id\":\"https:\\\/\\\/www.todaykhoe.com\\\/#website\",\"url\":\"https:\\\/\\\/www.todaykhoe.com\\\/\",\"name\":\"TodayKh\u1ecfe.Com\",\"description\":\"Healthy Today, Fitness, Nutrition, Beauty, News!\",\"publisher\":{\"@id\":\"https:\\\/\\\/www.todaykhoe.com\\\/#organization\"},\"potentialAction\":[{\"@type\":\"SearchAction\",\"target\":{\"@type\":\"EntryPoint\",\"urlTemplate\":\"https:\\\/\\\/www.todaykhoe.com\\\/?s={search_term_string}\"},\"query-input\":{\"@type\":\"PropertyValueSpecification\",\"valueRequired\":true,\"valueName\":\"search_term_string\"}}],\"inLanguage\":\"fr-FR\"},{\"@type\":\"Organization\",\"@id\":\"https:\\\/\\\/www.todaykhoe.com\\\/#organization\",\"name\":\"TodayKh\u1ecfe.Com\",\"url\":\"https:\\\/\\\/www.todaykhoe.com\\\/\",\"logo\":{\"@type\":\"ImageObject\",\"inLanguage\":\"fr-FR\",\"@id\":\"https:\\\/\\\/www.todaykhoe.com\\\/#\\\/schema\\\/logo\\\/image\\\/\",\"url\":\"https:\\\/\\\/www.todaykhoe.com\\\/wp-content\\\/uploads\\\/2025\\\/04\\\/Todaykhoe.png\",\"contentUrl\":\"https:\\\/\\\/www.todaykhoe.com\\\/wp-content\\\/uploads\\\/2025\\\/04\\\/Todaykhoe.png\",\"width\":706,\"height\":159,\"caption\":\"TodayKh\u1ecfe.Com\"},\"image\":{\"@id\":\"https:\\\/\\\/www.todaykhoe.com\\\/#\\\/schema\\\/logo\\\/image\\\/\"}}]}<\/script>\n<!-- \/ Yoast SEO plugin. -->","yoast_head_json":{"title":"MaruKaya Cr\u00e8me Prix Gabon: soins des douleurs articulaires! Avis","description":"MaruKaya Cr\u00e8me Prix Gabon: soins des douleurs articulaires! Avis, soins des douleurs articulaires sympt\u00f4mes de d\u00e9toxification, traitement et pr\u00e9vention","robots":{"index":"index","follow":"follow","max-snippet":"max-snippet:-1","max-image-preview":"max-image-preview:large","max-video-preview":"max-video-preview:-1"},"canonical":"https:\/\/www.todaykhoe.com\/product\/marukaya-prix-gabon\/","og_locale":"fr_FR","og_type":"article","og_title":"MaruKaya Cr\u00e8me Prix Gabon: soins des douleurs articulaires! Avis","og_description":"MaruKaya Cr\u00e8me Prix Gabon: soins des douleurs articulaires! Avis, soins des douleurs articulaires sympt\u00f4mes de d\u00e9toxification, traitement et pr\u00e9vention","og_url":"https:\/\/www.todaykhoe.com\/product\/marukaya-prix-gabon\/","og_site_name":"TodayKh\u1ecfe.Com","article_modified_time":"2025-08-26T17:32:40+00:00","og_image":[{"width":477,"height":474,"url":"https:\/\/www.todaykhoe.com\/wp-content\/uploads\/2025\/08\/MaruKaya-Gabon.png","type":"image\/png"}],"twitter_card":"summary_large_image","twitter_misc":{"Dur\u00e9e de lecture estim\u00e9e":"7 minutes"},"schema":{"@context":"https:\/\/schema.org","@graph":[{"@type":"WebPage","@id":"https:\/\/www.todaykhoe.com\/product\/marukaya-prix-gabon\/","url":"https:\/\/www.todaykhoe.com\/product\/marukaya-prix-gabon\/","name":"MaruKaya Cr\u00e8me Prix Gabon: soins des douleurs articulaires! Avis","isPartOf":{"@id":"https:\/\/www.todaykhoe.com\/#website"},"primaryImageOfPage":{"@id":"https:\/\/www.todaykhoe.com\/product\/marukaya-prix-gabon\/#primaryimage"},"image":{"@id":"https:\/\/www.todaykhoe.com\/product\/marukaya-prix-gabon\/#primaryimage"},"thumbnailUrl":"https:\/\/www.todaykhoe.com\/wp-content\/uploads\/2025\/08\/MaruKaya-Gabon.png","datePublished":"2025-08-26T17:31:41+00:00","dateModified":"2025-08-26T17:32:40+00:00","description":"MaruKaya Cr\u00e8me Prix Gabon: soins des douleurs articulaires! Avis, soins des douleurs articulaires sympt\u00f4mes de d\u00e9toxification, traitement et pr\u00e9vention","breadcrumb":{"@id":"https:\/\/www.todaykhoe.com\/product\/marukaya-prix-gabon\/#breadcrumb"},"inLanguage":"fr-FR","potentialAction":[{"@type":"ReadAction","target":["https:\/\/www.todaykhoe.com\/product\/marukaya-prix-gabon\/"]}]},{"@type":"ImageObject","inLanguage":"fr-FR","@id":"https:\/\/www.todaykhoe.com\/product\/marukaya-prix-gabon\/#primaryimage","url":"https:\/\/www.todaykhoe.com\/wp-content\/uploads\/2025\/08\/MaruKaya-Gabon.png","contentUrl":"https:\/\/www.todaykhoe.com\/wp-content\/uploads\/2025\/08\/MaruKaya-Gabon.png","width":477,"height":474,"caption":"MaruKaya Gabon"},{"@type":"BreadcrumbList","@id":"https:\/\/www.todaykhoe.com\/product\/marukaya-prix-gabon\/#breadcrumb","itemListElement":[{"@type":"ListItem","position":1,"name":"Home","item":"https:\/\/www.todaykhoe.com\/"},{"@type":"ListItem","position":2,"name":"Shop","item":"https:\/\/www.todaykhoe.com\/shop\/"},{"@type":"ListItem","position":3,"name":"MaruKaya Cr\u00e8me Prix"}]},{"@type":"WebSite","@id":"https:\/\/www.todaykhoe.com\/#website","url":"https:\/\/www.todaykhoe.com\/","name":"TodayKh\u1ecfe.Com","description":"Healthy Today, Fitness, Nutrition, Beauty, News!","publisher":{"@id":"https:\/\/www.todaykhoe.com\/#organization"},"potentialAction":[{"@type":"SearchAction","target":{"@type":"EntryPoint","urlTemplate":"https:\/\/www.todaykhoe.com\/?s={search_term_string}"},"query-input":{"@type":"PropertyValueSpecification","valueRequired":true,"valueName":"search_term_string"}}],"inLanguage":"fr-FR"},{"@type":"Organization","@id":"https:\/\/www.todaykhoe.com\/#organization","name":"TodayKh\u1ecfe.Com","url":"https:\/\/www.todaykhoe.com\/","logo":{"@type":"ImageObject","inLanguage":"fr-FR","@id":"https:\/\/www.todaykhoe.com\/#\/schema\/logo\/image\/","url":"https:\/\/www.todaykhoe.com\/wp-content\/uploads\/2025\/04\/Todaykhoe.png","contentUrl":"https:\/\/www.todaykhoe.com\/wp-content\/uploads\/2025\/04\/Todaykhoe.png","width":706,"height":159,"caption":"TodayKh\u1ecfe.Com"},"image":{"@id":"https:\/\/www.todaykhoe.com\/#\/schema\/logo\/image\/"}}]}},"_links":{"self":[{"href":"https:\/\/www.todaykhoe.com\/fr\/wp-json\/wp\/v2\/product\/153354","targetHints":{"allow":["GET"]}}],"collection":[{"href":"https:\/\/www.todaykhoe.com\/fr\/wp-json\/wp\/v2\/product"}],"about":[{"href":"https:\/\/www.todaykhoe.com\/fr\/wp-json\/wp\/v2\/types\/product"}],"replies":[{"embeddable":true,"href":"https:\/\/www.todaykhoe.com\/fr\/wp-json\/wp\/v2\/comments?post=153354"}],"wp:featuredmedia":[{"embeddable":true,"href":"https:\/\/www.todaykhoe.com\/fr\/wp-json\/wp\/v2\/media\/153395"}],"wp:attachment":[{"href":"https:\/\/www.todaykhoe.com\/fr\/wp-json\/wp\/v2\/media?parent=153354"}],"wp:term":[{"taxonomy":"product_brand","embeddable":true,"href":"https:\/\/www.todaykhoe.com\/fr\/wp-json\/wp\/v2\/product_brand?post=153354"},{"taxonomy":"product_cat","embeddable":true,"href":"https:\/\/www.todaykhoe.com\/fr\/wp-json\/wp\/v2\/product_cat?post=153354"},{"taxonomy":"product_tag","embeddable":true,"href":"https:\/\/www.todaykhoe.com\/fr\/wp-json\/wp\/v2\/product_tag?post=153354"}],"curies":[{"name":"wp","href":"https:\/\/api.w.org\/{rel}","templated":true}]}}