{"id":151939,"date":"2025-08-13T07:51:11","date_gmt":"2025-08-13T07:51:11","guid":{"rendered":"https:\/\/todaykhoe.com\/?post_type=product&#038;p=151939"},"modified":"2025-08-13T07:52:06","modified_gmt":"2025-08-13T07:52:06","slug":"lumora-avis-congo","status":"publish","type":"product","link":"https:\/\/www.todaykhoe.com\/fr\/product\/lumora-avis-congo\/","title":{"rendered":"LumOra avis"},"content":{"rendered":"<p><a href=\"https:\/\/todaykhoe.com\/product\/lumora-avis-congo\/\">Lumora<\/a> \u2014 Hommes en qu\u00eate de changements spectaculaires pour rendre int\u00e9ressantes les interactions frustr\u00e9es. Vous recherchez les meilleurs produits pour la sant\u00e9 sexuelle et musculaire. Le Viagra n&rsquo;am\u00e9liore pas les relations sexuelles. Vous avez besoin de LUMORA pour votre force et votre bien-\u00eatre sexuels. Le Viagra est nocif et g\u00e9n\u00e9ralement pris sans avertissement.<\/p>\n<p>Fantasy, \u00e7a excite la vie, non\u00a0? Si vous ne pouvez pas imaginer tous vos d\u00e9sirs sexuels, y mettre un terme pr\u00e9matur\u00e9ment est g\u00eanant et frustrant. Nous adorons rendre notre conjoint fou au lit. Elle pr\u00e9f\u00e8re vos plaisirs du soir \u00e0 ceux de son portefeuille. Elle ne se sentira pas privil\u00e9gi\u00e9e en faisant du shopping. Les hormones des orgasmes boostent votre relation. Elle aime se sentir proche de vous.<\/p>\n<p style=\"text-align: center;\"><a href=\"https:\/\/todaykhoe.com\/acheter-lumora-cg\"><span style=\"font-size: 24pt;\"><strong>CONTACT POUR TOUT &#8211; PRIX ET PLUS D&rsquo;AVANTAGES<\/strong><\/span><\/a><\/p>\n<p>Mais la force au lit compte. \u00cates-vous fort\u00a0? Hommes surmen\u00e9s qui ne ma\u00eetrisent pas leur sexualit\u00e9. Les hommes d&rsquo;aujourd&rsquo;hui peinent \u00e0 satisfaire leurs partenaires. Tous ces d\u00e9fauts masculins ont des causes multiples. Les hommes sont frustr\u00e9s par bien plus que l&rsquo;action sexuelle. Avoir du mal \u00e0 la faire jouir agace un homme. Elle ajoute parfois\u00a0: \u00ab\u00a0Je ne suis pas int\u00e9ress\u00e9e par tout \u00e7a. Vous avez d\u00e9pass\u00e9 mes attentes.\u00a0\u00bb<\/p>\n<p>Les hommes ont besoin de Viagra pour maintenir leurs \u00e9rections et \u00eatre performants pendant leurs rapports sexuels. Tous les hommes adorent la domination au lit. Ils aspirent aussi \u00e0 la royaut\u00e9 \u00e9ternelle. Vous vous dites roi\u00a0? Le divertissement pour adultes se d\u00e9veloppe rapidement. Nos go\u00fbts \u00e9voluent constamment \u00e0 cause de cela. La puissance des armes devient aussi cruciale que le budget. Jouer au champ exige une batte puissante. Ne pas savoir frapper vous fera sortir pr\u00e9matur\u00e9ment. L&rsquo;apprentissage, la vigueur sexuelle, les pouvoirs et la sant\u00e9 sont essentiels pour les hommes.<\/p>\n<p>Tout d\u00e9pend du temps pass\u00e9 \u00e0 jouir. Les femmes aiment les hommes forts au lit, et les hommes aiment les femmes qui g\u00e9missent et crient, n&rsquo;est-ce pas\u00a0? Le plaisir sexuel est partag\u00e9. Je doute qu&rsquo;une relation dure si l&rsquo;un ne fait pas plaisir \u00e0 l&rsquo;autre. L&rsquo;intimit\u00e9 et la confiance renforcent les relations, pas seulement l&rsquo;amour. Ne pr\u00e9sumez pas que ces difficult\u00e9s sont faciles \u00e0 surmonter.<\/p>\n<h2>Viagra sans dysfonction \u00e9rectile\u00a0: recommand\u00e9\u00a0?<\/h2>\n<p>Le Viagra peut-il \u00eatre utilis\u00e9 sans dysfonction \u00e9rectile\u00a0? Qui s&rsquo;en soucie\u00a0? Ses composants traitent la dysfonction \u00e9rectile masculine, et non prolongent les \u00e9rections. L&rsquo;intimit\u00e9 et les m\u00e9dicaments similaires ne devraient pas faire partie de votre r\u00e9gime. Une utilisation occasionnelle n&rsquo;affectera pas la connexion d&rsquo;un couple. Quelqu&rsquo;un respecte-t-il les r\u00e8gles\u00a0? Pas de r\u00e8gles, pas vrai\u00a0? \u00c7a va te foutre en l&rsquo;air quand \u00e7a impacte ton corps, mec\u00a0?<\/p>\n<p>Tout a des limites. Chaque foyer a des antid\u00e9presseurs. Est-ce acceptable de garder ce genre de substance \u00e0 la maison\u00a0? Trop d&rsquo;antid\u00e9presseurs peut endommager les art\u00e8res. Le Viagra aide aussi \u00e0 lutter contre la dysfonction \u00e9rectile. De nombreuses personnes dans le monde utilisent des pilules de sild\u00e9nafil pour am\u00e9liorer leurs performances sexuelles. C&rsquo;est faux. Ne prenez pas de Viagra si vous n&rsquo;avez pas de probl\u00e8mes d&rsquo;\u00e9rection. En bref. Aucune explication n\u00e9cessaire.<\/p>\n<p>Sans intervention, cela entra\u00eene de graves complications. Cela peut pimenter vos \u00e9bats, mais pas toutes les semaines, n&rsquo;est-ce pas\u00a0? Certains en prennent quotidiennement. Rares sont ceux qui imitent les acteurs masculins de films pour adultes. La sant\u00e9 interne et le taux de testost\u00e9rone affectent les performances sexuelles masculines. Leurs organes devraient fonctionner correctement pour chaque processus biologique. Un corps parfait ne cause pas ces complications.<\/p>\n<p>Parfois, il faut du courage pour bien marcher. Les r\u00e9sultats en valent la peine. Le Viagra n&rsquo;est pas le seul traitement. LumOra est plus efficace que le Viagra. Imaginez la puissance et les bienfaits de ce merveilleux produit. Incroyable. Ses pouvoirs sont surprenants. La sant\u00e9 sexuelle est simple aujourd&rsquo;hui. Une capsule rend votre s\u00e9ance excitante et inattendue. Prenez-la. D\u00e9couvrez LumOra.<\/p>\n<p style=\"text-align: center;\"><span style=\"font-size: 24pt;\"><a href=\"https:\/\/todaykhoe.com\/acheter-lumora-cg\"><strong>CONTACT POUR TOUT &#8211; PRIX ET PLUS D&rsquo;AVANTAGES<\/strong><\/a><\/span><\/p>\n<h3>LumOra, qu&rsquo;est-ce que c&rsquo;est\u00a0?<\/h3>\n<p>Raviver le romantisme chez les hommes. Ils veulent pimenter leur romance et restaurer leur autorit\u00e9. La sant\u00e9 et la force sexuelles doivent \u00eatre cultiv\u00e9es. LumOra, produit premium pour l&rsquo;am\u00e9lioration masculine, am\u00e9liore la sant\u00e9 et le bien-\u00eatre sexuels. Ce produit incroyable restaure la confiance des hommes \u00e0 domicile. Une croissance sexuelle optimale na\u00eetra de pouvoirs sexuels revitalis\u00e9s et d\u00e9velopp\u00e9s.<\/p>\n<p>La vie est meilleure, mais pas la sant\u00e9. D&rsquo;accord\u00a0? Vous consultez le technicien lorsque votre t\u00e9l\u00e9phone est en panne. Avez-vous endommag\u00e9 votre corps lorsqu&rsquo;il est en panne\u00a0? Non, nous ignorons toujours cela et prenons des m\u00e9dicaments conventionnels au lieu de nous attaquer aux m\u00eames probl\u00e8mes. Nos maisons, nos voitures et nos v\u00eatements se modernisent, mais pas notre alimentation. Parce que cela concerne tout le monde, nous devons changer notre alimentation. Ce proc\u00e9d\u00e9 est envisag\u00e9 par LumOra.<\/p>\n<p>Il stimule la lib\u00e9ration d&rsquo;hormones pour augmenter le flux sanguin des organes g\u00e9nitaux et sexuels. De plus, il \u00e9quilibre les hormones et la vie. Et ce n&rsquo;est qu&rsquo;un d\u00e9but. Les tissus p\u00e9niens se dilatent et les chambres p\u00e9niennes re\u00e7oivent un sang riche en oxyg\u00e8ne. L&rsquo;augmentation de la taille du p\u00e9nis et la qualit\u00e9 de l&rsquo;\u00e9rection le renforcent.<\/p>\n<p>Votre relation sera fascinante et satisfaisante pour les couples gr\u00e2ce \u00e0 une \u00e9rection spectaculaire. La premi\u00e8re capsule LumOra agrandira votre p\u00e9nis et vous offrira des capacit\u00e9s sexuelles insoup\u00e7onn\u00e9es. Cela r\u00e9soudra tous vos probl\u00e8mes au lit et augmentera vos talents sexuels. Pour faire de vous un homme d\u00e9sirable.<\/p>\n<h3>Une v\u00e9ritable croissance de testost\u00e9rone\u00a0: LumOra.<\/h3>\n<p>L&rsquo;hormone sexuelle la plus importante de l&rsquo;\u00e2ge adulte est la testost\u00e9rone. Tous vos pouvoirs \u00e0 l&rsquo;\u00e2ge adulte en d\u00e9pendent. La virilit\u00e9 et la force sexuelle sont perdues si le taux diminue. Cela renforce la confiance masculine au lit. Le d\u00e9clin commence.Apr\u00e8s 30 ans, nous produisons cette hormone naturellement. Elle nous rend plus fort, plus viril et plus \u00e9nergique. Dommage qu&rsquo;elle diminue avec l&rsquo;\u00e2ge.<\/p>\n<p>LumOra am\u00e9liore la testost\u00e9rone. La sant\u00e9 sexuelle et tous les organes sexuels s&rsquo;am\u00e9liorent gr\u00e2ce au renouvellement hormonal. La densit\u00e9 musculaire et osseuse augmente. Les di\u00e9t\u00e9ticiens recommandent des compl\u00e9ments alimentaires boostant la testost\u00e9rone en musculation. En bref, cela donne de l&rsquo;\u00e9nergie. Alors, \u00e9conomisez-le. Ce produit remarquable restaure de nombreux processus naturels et capacit\u00e9s physiques.<\/p>\n<p>Vous resterez actif au lit gr\u00e2ce \u00e0 ses am\u00e9liorations en mati\u00e8re d&rsquo;\u00e9nergie, d&rsquo;endurance et de r\u00e9sistance. Vous lui percerez le vagin sans cesse, quels que soient vos efforts. Lorsqu&rsquo;elle pleure et g\u00e9mit, ces sons sensuels vous donneront envie d&rsquo;intensifier la s\u00e9ance et de lui faire plaisir.<\/p>\n<p style=\"text-align: center;\"><span style=\"font-size: 24pt;\"><a href=\"https:\/\/todaykhoe.com\/acheter-lumora-cg\"><strong>CONTACT POUR TOUT &#8211; PRIX ET PLUS D&rsquo;AVANTAGES<\/strong><\/a><\/span><\/p>\n<h3>Avantages de LumOra.<\/h3>\n<p><strong>Augmente la taille du p\u00e9nis \u00e0 des niveaux impressionnants.<\/strong><\/p>\n<p>Impressionner sa femme n\u00e9cessite un p\u00e9nis \u00e9norme. Il faut mesurer sa profondeur. Cela r\u00e9v\u00e8le votre virilit\u00e9. Doublez votre force en elle si vous ne la p\u00e9n\u00e9trez pas plus profond\u00e9ment. La fonction sexuelle des hommes est affect\u00e9e par le probl\u00e8me du petit p\u00e9nis. Ils n&rsquo;aiment pas se d\u00e9shabiller devant leur partenaire. Vous devez vous sentir confiant et d\u00e9tendu en vous d\u00e9shabillant. LumOra transforme les tissus de votre p\u00e9nis en une bite monstrueuse, tant d\u00e9sir\u00e9e par les femmes. Vous la surprendrez profond\u00e9ment.<\/p>\n<p><strong>Am\u00e9liore le plaisir sexuel et les orgasmes vibrants.<\/strong><\/p>\n<p>Tout le monde aime rendre les s\u00e9ances amusantes. Bonne s\u00e9ance. Qu&rsquo;est-ce que cela signifie\u00a0? Des sons d&rsquo;amour emplissent votre pi\u00e8ce tandis qu&rsquo;elle g\u00e9mit votre nom et vous supplie de la baiser violemment. Insatisfaite, elle vous baise le dos. Lorsque vous stimulez son clitoris, elle le ressent. Les pouvoirs de LumOra vous rendent heureux et provoquent des orgasmes massifs. R\u00e9duit la tension et l&rsquo;anxi\u00e9t\u00e9.<\/p>\n<p><strong>\u00c9rection forte.<\/strong><\/p>\n<p>Un gros p\u00e9nis, c&rsquo;est bien, mais il doit \u00eatre solide pendant l&rsquo;\u00e9rection. De nos jours, les troubles de l&rsquo;\u00e9rection sont courants. Rassurez-vous\u00a0: LumOra peut tout r\u00e9parer. Il contr\u00f4le le flux sanguin g\u00e9nital pour alimenter les chambres p\u00e9niennes. Cela raidit les \u00e9rections. L&rsquo;excitation et la p\u00e9n\u00e9tration vaginale am\u00e9lioreraient la qualit\u00e9 et la fermet\u00e9 de l&rsquo;\u00e9rection. La taquiner, c&rsquo;est bien. Pour la taquiner, frottez votre gland sur son vagin pendant que vous \u00eates excit\u00e9. La folie rend l&rsquo;interaction plus excitante et gratifiante.<\/p>\n<p><strong>Am\u00e9liorer la sant\u00e9 masculine et sexuelle.<\/strong><\/p>\n<p>Les hommes doivent se sentir virils et en bonne sant\u00e9 sexuelle, et non actifs. Transformez vos pouvoirs sexuels pour vous sentir viril. Ce m\u00e9lange ravive votre d\u00e9sir sexuel, vous rendant plus fort au lit et pr\u00eat \u00e0 retourner sur les genoux de votre partenaire. Prenez le contr\u00f4le de votre petite amie. Montrez-lui votre puissance sexuelle avec LumOra. Les couples appr\u00e9cieront ce moment.<\/p>\n<p>Am\u00e9liorer les performances sexuelles chez les hommes.<\/p>\n<p>Les hommes ont besoin d&rsquo;un meilleur moment d&rsquo;orgasme pour appr\u00e9cier leur interaction. Pour que les rapports sexuels soient excitants et surprenants, un homme doit \u00eatre endurant au lit. LumOra modifiera votre physique pour conqu\u00e9rir son homme. Il suffit de prendre les doses habituelles pour am\u00e9liorer la libido. Am\u00e9liore la durabilit\u00e9 des performances au lit. Vous pouvez baiser 2 \u00e0 3 femmes au lit en un seul round. Cela vous aidera \u00e0 r\u00e9cup\u00e9rer plus rapidement pour le second round.<\/p>\n<p><strong>Am\u00e9liore l&rsquo;endurance.<\/strong><\/p>\n<p>Des heures d&rsquo;intimit\u00e9 peuvent vous submerger au lit. Pas de souci, nous allons am\u00e9liorer. Passez chaque instant avec votre petite amie pendant notre temps libre. LumOra vous permet de travailler dur sans fatigue.<\/p>\n<p style=\"text-align: center;\"><span style=\"font-size: 24pt;\"><a href=\"https:\/\/todaykhoe.com\/acheter-lumora-cg\"><strong>CONTACT POUR TOUT &#8211; PRIX ET PLUS D&rsquo;AVANTAGES<\/strong><\/a><\/span><\/p>\n<h3>Comment prendre LumOra\u00a0?<\/h3>\n<p>Consommez 2 comprim\u00e9s de LumOra par jour\u00a0: 1. Petit-d\u00e9jeuner, 2. D\u00eener. Adoptez une routine saine pour une alimentation \u00e9quilibr\u00e9e, une activit\u00e9 physique quotidienne et une consommation d&rsquo;eau suffisante. L'emballage du produit contient plus d&rsquo;informations. Pour de meilleurs r\u00e9sultats, terminez le traitement. Trois flacons de LumOra doivent \u00eatre utilis\u00e9s.<\/p>\n<h3>Pr\u00e9cautions\u00a0:<\/h3>\n<ul>\n<li>Ne convient pas aux enfants.<\/li>\n<li>Ne convient pas aux femmes.<\/li>\n<li>Ne pas surdoser.<\/li>\n<li>Tenir hors de port\u00e9e des enfants.<\/li>\n<\/ul>\n<h3>O\u00f9 acheter ce produit\u00a0?<\/h3>\n<p>LumOra stimule la puissance sexuelle. Des changements corporels surprenants vous attendent. Visitez le site officiel en cliquant sur l&rsquo;image. Remplissez et soumettez un bon de commande. Votre consentement est requis pour commander.<\/p>\n<p style=\"text-align: center;\"><span style=\"font-size: 24pt;\"><a href=\"https:\/\/todaykhoe.com\/acheter-lumora-cg\"><strong>CONTACT POUR TOUT &#8211; PRIX ET PLUS D&rsquo;AVANTAGES<\/strong><\/a><\/span><\/p>\n<p><a href=\"https:\/\/todaykhoe.com\/acheter-lumora-cg\"><img loading=\"lazy\" decoding=\"async\" class=\"aligncenter size-full wp-image-151940\" src=\"https:\/\/todaykhoe.com\/wp-content\/uploads\/2025\/08\/LumOra-Congo.png\" alt=\"LumOra Congo\" width=\"907\" height=\"597\" srcset=\"https:\/\/www.todaykhoe.com\/wp-content\/uploads\/2025\/08\/LumOra-Congo.png 907w, https:\/\/www.todaykhoe.com\/wp-content\/uploads\/2025\/08\/LumOra-Congo-300x197.png 300w, https:\/\/www.todaykhoe.com\/wp-content\/uploads\/2025\/08\/LumOra-Congo-768x506.png 768w, https:\/\/www.todaykhoe.com\/wp-content\/uploads\/2025\/08\/LumOra-Congo-600x395.png 600w\" sizes=\"auto, (max-width: 907px) 100vw, 907px\" \/><\/a><\/p>\n","protected":false},"excerpt":{"rendered":"<p><span style=\"font-size: 20pt;\"><strong>Sympt\u00f4mes, traitement et pr\u00e9vention de l&rsquo;agrandissement du p\u00e9nis<\/strong><\/span><\/p>\n<ul>\n<li>Vous pouvez payer en esp\u00e8ces ou par carte bancaire \u00e0 la r\u00e9ception.<\/li>\n<li>Livraison en 2 \u00e0 3 jours, dur\u00e9e de conservation jusqu&rsquo;\u00e0 5 jours.<\/li>\n<li>Vous pouvez vous faire livrer votre colis \u00e0 domicile ou \u00e0 la Poste. Vous pouvez \u00e9galement le faire livrer gratuitement par t\u00e9l\u00e9phone avec l&rsquo;op\u00e9rateur.<\/li>\n<\/ul>\n<p><a href=\"https:\/\/todaykhoe.com\/acheter-lumora-cg\"><strong>CONTACT POUR TOUT &#8211; PRIX ET PLUS D&rsquo;AVANTAGES<\/strong><\/a><\/p>\n","protected":false},"featured_media":151980,"comment_status":"open","ping_status":"closed","template":"","meta":[],"product_brand":[],"product_cat":[440],"product_tag":[],"class_list":{"0":"post-151939","1":"product","2":"type-product","3":"status-publish","4":"has-post-thumbnail","6":"product_cat-sante","8":"first","9":"instock","10":"shipping-taxable","11":"product-type-external"},"yoast_head":"<!-- This site is optimized with the Yoast SEO plugin v27.3 - https:\/\/yoast.com\/product\/yoast-seo-wordpress\/ -->\n<title>LumOra avis Congo: capsules pour l&#039;agrandissement du p\u00e9nis! Prix<\/title>\n<meta name=\"description\" content=\"LumOra avis Congo: capsules pour l&#039;agrandissement du p\u00e9nis! \u00c0 Lumo Prix, Avantages, effets secondaires, ingr\u00e9dients et achat au Congo.\" \/>\n<meta name=\"robots\" content=\"index, follow, max-snippet:-1, max-image-preview:large, max-video-preview:-1\" \/>\n<link rel=\"canonical\" href=\"https:\/\/www.todaykhoe.com\/product\/lumora-avis-congo\/\" \/>\n<meta property=\"og:locale\" content=\"fr_FR\" \/>\n<meta property=\"og:type\" content=\"article\" \/>\n<meta property=\"og:title\" content=\"LumOra avis Congo: capsules pour l&#039;agrandissement du p\u00e9nis! Prix\" \/>\n<meta property=\"og:description\" content=\"LumOra avis Congo: capsules pour l&#039;agrandissement du p\u00e9nis! \u00c0 Lumo Prix, Avantages, effets secondaires, ingr\u00e9dients et achat au Congo.\" \/>\n<meta property=\"og:url\" content=\"https:\/\/www.todaykhoe.com\/product\/lumora-avis-congo\/\" \/>\n<meta property=\"og:site_name\" content=\"TodayKh\u1ecfe.Com\" \/>\n<meta property=\"article:modified_time\" content=\"2025-08-13T07:52:06+00:00\" \/>\n<meta property=\"og:image\" content=\"https:\/\/www.todaykhoe.com\/wp-content\/uploads\/2025\/08\/LumOra.png\" \/>\n\t<meta property=\"og:image:width\" content=\"481\" \/>\n\t<meta property=\"og:image:height\" content=\"481\" \/>\n\t<meta property=\"og:image:type\" content=\"image\/png\" \/>\n<meta name=\"twitter:card\" content=\"summary_large_image\" \/>\n<meta name=\"twitter:label1\" content=\"Dur\u00e9e de lecture estim\u00e9e\" \/>\n\t<meta name=\"twitter:data1\" content=\"9 minutes\" \/>\n<script type=\"application\/ld+json\" class=\"yoast-schema-graph\">{\"@context\":\"https:\\\/\\\/schema.org\",\"@graph\":[{\"@type\":\"WebPage\",\"@id\":\"https:\\\/\\\/www.todaykhoe.com\\\/product\\\/lumora-avis-congo\\\/\",\"url\":\"https:\\\/\\\/www.todaykhoe.com\\\/product\\\/lumora-avis-congo\\\/\",\"name\":\"LumOra avis Congo: capsules pour l'agrandissement du p\u00e9nis! Prix\",\"isPartOf\":{\"@id\":\"https:\\\/\\\/www.todaykhoe.com\\\/#website\"},\"primaryImageOfPage\":{\"@id\":\"https:\\\/\\\/www.todaykhoe.com\\\/product\\\/lumora-avis-congo\\\/#primaryimage\"},\"image\":{\"@id\":\"https:\\\/\\\/www.todaykhoe.com\\\/product\\\/lumora-avis-congo\\\/#primaryimage\"},\"thumbnailUrl\":\"https:\\\/\\\/www.todaykhoe.com\\\/wp-content\\\/uploads\\\/2025\\\/08\\\/LumOra.png\",\"datePublished\":\"2025-08-13T07:51:11+00:00\",\"dateModified\":\"2025-08-13T07:52:06+00:00\",\"description\":\"LumOra avis Congo: capsules pour l'agrandissement du p\u00e9nis! \u00c0 Lumo Prix, Avantages, effets secondaires, ingr\u00e9dients et achat au Congo.\",\"breadcrumb\":{\"@id\":\"https:\\\/\\\/www.todaykhoe.com\\\/product\\\/lumora-avis-congo\\\/#breadcrumb\"},\"inLanguage\":\"fr-FR\",\"potentialAction\":[{\"@type\":\"ReadAction\",\"target\":[\"https:\\\/\\\/www.todaykhoe.com\\\/product\\\/lumora-avis-congo\\\/\"]}]},{\"@type\":\"ImageObject\",\"inLanguage\":\"fr-FR\",\"@id\":\"https:\\\/\\\/www.todaykhoe.com\\\/product\\\/lumora-avis-congo\\\/#primaryimage\",\"url\":\"https:\\\/\\\/www.todaykhoe.com\\\/wp-content\\\/uploads\\\/2025\\\/08\\\/LumOra.png\",\"contentUrl\":\"https:\\\/\\\/www.todaykhoe.com\\\/wp-content\\\/uploads\\\/2025\\\/08\\\/LumOra.png\",\"width\":481,\"height\":481,\"caption\":\"LumOra\"},{\"@type\":\"BreadcrumbList\",\"@id\":\"https:\\\/\\\/www.todaykhoe.com\\\/product\\\/lumora-avis-congo\\\/#breadcrumb\",\"itemListElement\":[{\"@type\":\"ListItem\",\"position\":1,\"name\":\"Home\",\"item\":\"https:\\\/\\\/www.todaykhoe.com\\\/\"},{\"@type\":\"ListItem\",\"position\":2,\"name\":\"Shop\",\"item\":\"https:\\\/\\\/www.todaykhoe.com\\\/shop\\\/\"},{\"@type\":\"ListItem\",\"position\":3,\"name\":\"LumOra avis\"}]},{\"@type\":\"WebSite\",\"@id\":\"https:\\\/\\\/www.todaykhoe.com\\\/#website\",\"url\":\"https:\\\/\\\/www.todaykhoe.com\\\/\",\"name\":\"TodayKh\u1ecfe.Com\",\"description\":\"Healthy Today, Fitness, Nutrition, Beauty, News!\",\"publisher\":{\"@id\":\"https:\\\/\\\/www.todaykhoe.com\\\/#organization\"},\"potentialAction\":[{\"@type\":\"SearchAction\",\"target\":{\"@type\":\"EntryPoint\",\"urlTemplate\":\"https:\\\/\\\/www.todaykhoe.com\\\/?s={search_term_string}\"},\"query-input\":{\"@type\":\"PropertyValueSpecification\",\"valueRequired\":true,\"valueName\":\"search_term_string\"}}],\"inLanguage\":\"fr-FR\"},{\"@type\":\"Organization\",\"@id\":\"https:\\\/\\\/www.todaykhoe.com\\\/#organization\",\"name\":\"TodayKh\u1ecfe.Com\",\"url\":\"https:\\\/\\\/www.todaykhoe.com\\\/\",\"logo\":{\"@type\":\"ImageObject\",\"inLanguage\":\"fr-FR\",\"@id\":\"https:\\\/\\\/www.todaykhoe.com\\\/#\\\/schema\\\/logo\\\/image\\\/\",\"url\":\"https:\\\/\\\/www.todaykhoe.com\\\/wp-content\\\/uploads\\\/2025\\\/04\\\/Todaykhoe.png\",\"contentUrl\":\"https:\\\/\\\/www.todaykhoe.com\\\/wp-content\\\/uploads\\\/2025\\\/04\\\/Todaykhoe.png\",\"width\":706,\"height\":159,\"caption\":\"TodayKh\u1ecfe.Com\"},\"image\":{\"@id\":\"https:\\\/\\\/www.todaykhoe.com\\\/#\\\/schema\\\/logo\\\/image\\\/\"}}]}<\/script>\n<!-- \/ Yoast SEO plugin. -->","yoast_head_json":{"title":"LumOra avis Congo: capsules pour l'agrandissement du p\u00e9nis! Prix","description":"LumOra avis Congo: capsules pour l'agrandissement du p\u00e9nis! \u00c0 Lumo Prix, Avantages, effets secondaires, ingr\u00e9dients et achat au Congo.","robots":{"index":"index","follow":"follow","max-snippet":"max-snippet:-1","max-image-preview":"max-image-preview:large","max-video-preview":"max-video-preview:-1"},"canonical":"https:\/\/www.todaykhoe.com\/product\/lumora-avis-congo\/","og_locale":"fr_FR","og_type":"article","og_title":"LumOra avis Congo: capsules pour l'agrandissement du p\u00e9nis! Prix","og_description":"LumOra avis Congo: capsules pour l'agrandissement du p\u00e9nis! \u00c0 Lumo Prix, Avantages, effets secondaires, ingr\u00e9dients et achat au Congo.","og_url":"https:\/\/www.todaykhoe.com\/product\/lumora-avis-congo\/","og_site_name":"TodayKh\u1ecfe.Com","article_modified_time":"2025-08-13T07:52:06+00:00","og_image":[{"width":481,"height":481,"url":"https:\/\/www.todaykhoe.com\/wp-content\/uploads\/2025\/08\/LumOra.png","type":"image\/png"}],"twitter_card":"summary_large_image","twitter_misc":{"Dur\u00e9e de lecture estim\u00e9e":"9 minutes"},"schema":{"@context":"https:\/\/schema.org","@graph":[{"@type":"WebPage","@id":"https:\/\/www.todaykhoe.com\/product\/lumora-avis-congo\/","url":"https:\/\/www.todaykhoe.com\/product\/lumora-avis-congo\/","name":"LumOra avis Congo: capsules pour l'agrandissement du p\u00e9nis! Prix","isPartOf":{"@id":"https:\/\/www.todaykhoe.com\/#website"},"primaryImageOfPage":{"@id":"https:\/\/www.todaykhoe.com\/product\/lumora-avis-congo\/#primaryimage"},"image":{"@id":"https:\/\/www.todaykhoe.com\/product\/lumora-avis-congo\/#primaryimage"},"thumbnailUrl":"https:\/\/www.todaykhoe.com\/wp-content\/uploads\/2025\/08\/LumOra.png","datePublished":"2025-08-13T07:51:11+00:00","dateModified":"2025-08-13T07:52:06+00:00","description":"LumOra avis Congo: capsules pour l'agrandissement du p\u00e9nis! \u00c0 Lumo Prix, Avantages, effets secondaires, ingr\u00e9dients et achat au Congo.","breadcrumb":{"@id":"https:\/\/www.todaykhoe.com\/product\/lumora-avis-congo\/#breadcrumb"},"inLanguage":"fr-FR","potentialAction":[{"@type":"ReadAction","target":["https:\/\/www.todaykhoe.com\/product\/lumora-avis-congo\/"]}]},{"@type":"ImageObject","inLanguage":"fr-FR","@id":"https:\/\/www.todaykhoe.com\/product\/lumora-avis-congo\/#primaryimage","url":"https:\/\/www.todaykhoe.com\/wp-content\/uploads\/2025\/08\/LumOra.png","contentUrl":"https:\/\/www.todaykhoe.com\/wp-content\/uploads\/2025\/08\/LumOra.png","width":481,"height":481,"caption":"LumOra"},{"@type":"BreadcrumbList","@id":"https:\/\/www.todaykhoe.com\/product\/lumora-avis-congo\/#breadcrumb","itemListElement":[{"@type":"ListItem","position":1,"name":"Home","item":"https:\/\/www.todaykhoe.com\/"},{"@type":"ListItem","position":2,"name":"Shop","item":"https:\/\/www.todaykhoe.com\/shop\/"},{"@type":"ListItem","position":3,"name":"LumOra avis"}]},{"@type":"WebSite","@id":"https:\/\/www.todaykhoe.com\/#website","url":"https:\/\/www.todaykhoe.com\/","name":"TodayKh\u1ecfe.Com","description":"Healthy Today, Fitness, Nutrition, Beauty, News!","publisher":{"@id":"https:\/\/www.todaykhoe.com\/#organization"},"potentialAction":[{"@type":"SearchAction","target":{"@type":"EntryPoint","urlTemplate":"https:\/\/www.todaykhoe.com\/?s={search_term_string}"},"query-input":{"@type":"PropertyValueSpecification","valueRequired":true,"valueName":"search_term_string"}}],"inLanguage":"fr-FR"},{"@type":"Organization","@id":"https:\/\/www.todaykhoe.com\/#organization","name":"TodayKh\u1ecfe.Com","url":"https:\/\/www.todaykhoe.com\/","logo":{"@type":"ImageObject","inLanguage":"fr-FR","@id":"https:\/\/www.todaykhoe.com\/#\/schema\/logo\/image\/","url":"https:\/\/www.todaykhoe.com\/wp-content\/uploads\/2025\/04\/Todaykhoe.png","contentUrl":"https:\/\/www.todaykhoe.com\/wp-content\/uploads\/2025\/04\/Todaykhoe.png","width":706,"height":159,"caption":"TodayKh\u1ecfe.Com"},"image":{"@id":"https:\/\/www.todaykhoe.com\/#\/schema\/logo\/image\/"}}]}},"_links":{"self":[{"href":"https:\/\/www.todaykhoe.com\/fr\/wp-json\/wp\/v2\/product\/151939","targetHints":{"allow":["GET"]}}],"collection":[{"href":"https:\/\/www.todaykhoe.com\/fr\/wp-json\/wp\/v2\/product"}],"about":[{"href":"https:\/\/www.todaykhoe.com\/fr\/wp-json\/wp\/v2\/types\/product"}],"replies":[{"embeddable":true,"href":"https:\/\/www.todaykhoe.com\/fr\/wp-json\/wp\/v2\/comments?post=151939"}],"wp:featuredmedia":[{"embeddable":true,"href":"https:\/\/www.todaykhoe.com\/fr\/wp-json\/wp\/v2\/media\/151980"}],"wp:attachment":[{"href":"https:\/\/www.todaykhoe.com\/fr\/wp-json\/wp\/v2\/media?parent=151939"}],"wp:term":[{"taxonomy":"product_brand","embeddable":true,"href":"https:\/\/www.todaykhoe.com\/fr\/wp-json\/wp\/v2\/product_brand?post=151939"},{"taxonomy":"product_cat","embeddable":true,"href":"https:\/\/www.todaykhoe.com\/fr\/wp-json\/wp\/v2\/product_cat?post=151939"},{"taxonomy":"product_tag","embeddable":true,"href":"https:\/\/www.todaykhoe.com\/fr\/wp-json\/wp\/v2\/product_tag?post=151939"}],"curies":[{"name":"wp","href":"https:\/\/api.w.org\/{rel}","templated":true}]}}