{"id":117708,"date":"2025-06-21T12:48:57","date_gmt":"2025-06-21T12:48:57","guid":{"rendered":"https:\/\/todaykhoe.com\/?post_type=product&#038;p=117708"},"modified":"2025-06-21T12:48:58","modified_gmt":"2025-06-21T12:48:58","slug":"cardiwell-gelules","status":"publish","type":"product","link":"https:\/\/www.todaykhoe.com\/fr\/product\/cardiwell-gelules\/","title":{"rendered":"CardiWell G\u00e9lules"},"content":{"rendered":"<p>Les capsules <strong><a href=\"https:\/\/todaykhoe.com\/product\/cardiwell-gelules\/\">Cardswell<\/a><\/strong> aident \u00e0 \u00e9quilibrer la tension art\u00e9rielle. Elles soulagent en douceur les sympt\u00f4mes de l&rsquo;hypertension et r\u00e9duisent le risque de maladies cardiovasculaires. Des remises importantes sont propos\u00e9es par le fabricant sur le site officiel. Plus de Ivoiriens consomment ces capsules.<\/p>\n<p>Dans les commentaires et les forums sur CardiWell, les gens pr\u00e9f\u00e8rent ce m\u00e9dicament aux m\u00e9dicaments riches en produits chimiques. Les contre-indications ne sont pas mentionn\u00e9es dans les t\u00e9moignages. Expert en cardiologie, il conseille les familles sur la pr\u00e9vention des maladies chroniques.<\/p>\n<p>Il recommande la prise quotidienne de ces capsules. CardiWell am\u00e9liore la sant\u00e9 cardiovasculaire et le contr\u00f4le de l&rsquo;hypertension. Cela r\u00e9duit le cholest\u00e9rol et la tension art\u00e9rielle. Les tests cliniques montrent une efficacit\u00e9 de 93\u00a0% des capsules. Un certificat de qualit\u00e9 le prouve. CardiWell am\u00e9liore activement la sant\u00e9 et le tonus.<\/p>\n<h2>Qu&rsquo;est-ce que CardiWell et pourquoi existe-t-il\u00a0?<\/h2>\n<p>Les capsules naturelles CardiWell stimulent le m\u00e9tabolisme et r\u00e9duisent rapidement l&rsquo;hypertension. Elles renforcent l&rsquo;immunit\u00e9 et la sant\u00e9 cardiovasculaire. Le site web principal propose des offres exceptionnelles. De plus, des cardiologues experts approuvent ses propri\u00e9t\u00e9s. Il consulte des centaines de patients chaque ann\u00e9e.<\/p>\n<p>Il recommande ces capsules car CardiWell est l&rsquo;une des meilleures solutions biologiques de soutien cardiovasculaire et de bien-\u00eatre. Les utilisateurs ne se plaignent pas de l&rsquo;efficacit\u00e9 de CardiWell, confirmant ainsi sa qualit\u00e9. Le fabricant recommande une consommation de 3 mois.<\/p>\n<p>G\u00e9lules film\u00e9es, dont la s\u00e9curit\u00e9 a \u00e9t\u00e9 approuv\u00e9e. Elles ont re\u00e7u un certificat de qualit\u00e9 apr\u00e8s plusieurs essais cliniques. Le traitement pour la normalisation de la tension art\u00e9rielle atteint en moyenne 93 %. L&rsquo;Organisation des cardiologues professionnels de C\u00f4te d&rsquo;Ivoire a nomm\u00e9 CardiWell Meilleur Nouveau Produit pour la Sant\u00e9 Cardiaque.<\/p>\n<h4>Autrement dit, CardiWell non seulement r\u00e9duit la pression?<\/h4>\n<p><strong>Il fonctionne de mani\u00e8re complexe:<\/strong><\/p>\n<ul>\n<li>Am\u00e9liore la circulation sanguine et le tonus;<\/li>\n<li>Nettoie les vaisseaux des plaques de cholest\u00e9rol;<\/li>\n<li>Am\u00e9liore l&rsquo;\u00e9tat du syst\u00e8me cardiovasculaire;<\/li>\n<li>Emp\u00eache le d\u00e9veloppement de l&rsquo;ath\u00e9roscl\u00e9rose.<\/li>\n<\/ul>\n<h4>Comment CardiWell aide \u00e0 l&rsquo;hypertension?<\/h4>\n<p>La composition CardiWell comprend des B-bloquants et des inhibiteurs naturels qui r\u00e9gulent le travail du c\u0153ur et contr\u00f4lent que trop de sang n&rsquo;est pas jet\u00e9 dans les vaisseaux sanguins. Depuis un apport sanguin excessif en combinaison avec une diminution du tonus provoque une augmentation de la pression.<\/p>\n<h4>CardiWell &#8211; R\u00e9sultats de l&rsquo;enqu\u00eate:<\/h4>\n<ul>\n<li>La pression art\u00e9rielle a \u00e9t\u00e9 ramen\u00e9e \u00e0 la normale apr\u00e8s deux jours seulement de prise du compl\u00e9ment alimentaire. Comme l&rsquo;ont d\u00e9clar\u00e9 99 % des participants \u00e0 l&rsquo;\u00e9tude.<\/li>\n<li>97% des participants \u00e0 l&rsquo;enqu\u00eate ont remarqu\u00e9 une am\u00e9lioration de leur rythme cardiaque.<\/li>\n<li>Selon environ 99% des personnes ayant particip\u00e9 \u00e0 l&rsquo;enqu\u00eate, le taux de cholest\u00e9rol a \u00e9t\u00e9 compl\u00e8tement \u00e9limin\u00e9.<\/li>\n<li>Traitement efficace d&rsquo;autres maladies chroniques.<\/li>\n<li>Tous les participants ont fait \u00e9tat d&rsquo;une am\u00e9lioration g\u00e9n\u00e9rale de leur sant\u00e9.<\/li>\n<li>Tous les participants n&rsquo;ont pas ressenti d&rsquo;effets secondaires suite \u00e0 la prise de CardiWell.<\/li>\n<\/ul>\n<h3>Avis et commentaires sur le forum CardiWell<\/h3>\n<p>Recherchez en ligne des avis n\u00e9gatifs sur CardiWell et des commentaires sur le forum. Vous ne trouverez rien. Les personnes \u00e2g\u00e9es souffrant de maladies cardiaques chroniques prennent des g\u00e9lules biologiques pour am\u00e9liorer leur tension art\u00e9rielle et leur cholest\u00e9rol. Cependant, des t\u00e9moignages d\u00e9montrent que les enfants stress\u00e9s peuvent \u00e9galement en b\u00e9n\u00e9ficier. Les cardiologues experts affirment que CardiWell est sans danger pour tous les \u00e2ges et qu&rsquo;il contr\u00f4le les envies de glucides.<\/p>\n<p><strong>Commentaires\u00a0:<\/strong><\/p>\n<blockquote><p>\u00ab\u00a0CardiWell est l&rsquo;une des th\u00e9rapies biologiques les plus fiables pour un meilleur contr\u00f4le de la tension art\u00e9rielle. Le stress au travail m&rsquo;a \u00e9puis\u00e9. Les d\u00e9lais pour un projet important remport\u00e9 par mon entreprise n\u00e9cessitaient de longues heures d&rsquo;ordinateur. Cela perturbait mon sommeil et acc\u00e9l\u00e9rait mon rythme cardiaque. Je voulais r\u00e9soudre ce probl\u00e8me naturellement.\u00a0\u00bb Un ami m&rsquo;a sugg\u00e9r\u00e9 d&rsquo;essayer ces g\u00e9lules, alors je les ai command\u00e9es sur le site officiel \u00e0 un prix avantageux. Ma sant\u00e9 cardiaque s&rsquo;est consid\u00e9rablement am\u00e9lior\u00e9e gr\u00e2ce \u00e0 leur prise r\u00e9guli\u00e8re. Carolina Rodriguez, 33 ans\u00a0;<\/p>\n<p>Ces compl\u00e9ments alimentaires aident \u00e0 g\u00e9rer le stress et le cholest\u00e9rol. Ma fille les a achet\u00e9s il y a quelques mois et m&rsquo;a conseill\u00e9 d&rsquo;en prendre deux par jour. Maintenant, je n&rsquo;ai plus de sympt\u00f4mes d&rsquo;hypertension et je me sens \u00e9nergique et tonique toute la journ\u00e9e. Pedro Ruiz, 55 ans\u00a0;<\/p>\n<p>Cette solution biologique pour la sant\u00e9 cardiovasculaire normalise votre rythme cardiaque et r\u00e9duit le stress. Toute personne pr\u00e9occup\u00e9e par l&rsquo;hypertension devrait les essayer. Elle contr\u00f4le les fringales et favorise la perte de poids. Maria Guadalupe, 40 ans\u00a0;<\/p><\/blockquote>\n<h2>Prix CardiWell en C\u00f4te d&rsquo;Ivoire\u00a0: O\u00f9 acheter\u00a0?<\/h2>\n<p>Si vous ne savez pas o\u00f9 acheter CardiWell au meilleur prix, le fabricant recommande le site officiel. Des r\u00e9ductions r\u00e9guli\u00e8res sont disponibles sur le site agr\u00e9\u00e9. Des composants de haute qualit\u00e9 sont \u00e9galement garantis. Vous pouvez d\u00e9sormais profiter d&rsquo;une sant\u00e9 cardiaque optimale.<\/p>\n<p>Le site officiel offre -50\u00a0% sur CardiWell. Remplissez le court formulaire en ligne avec un num\u00e9ro de t\u00e9l\u00e9phone valide. Un conseiller client vous demandera l&rsquo;adresse de livraison souhait\u00e9e. Le paiement s&rsquo;effectue en contre-remboursement et le colis arrive sous quelques jours.<\/p>\n<p>Attention\u00a0! Les capsules CardiWell pour la sant\u00e9 cardiaque sont disponibles en ligne comme d&rsquo;habitude. Remplissez le bon de commande, confirmez-le par t\u00e9l\u00e9phone et attendez la livraison, qui peut prendre une semaine. Les commandes sont en contre-remboursement d\u00e8s r\u00e9ception\u00a0!<\/p>\n","protected":false},"excerpt":{"rendered":"<h2><span style=\"color: #000000;\">Autrement dit, CardiWell non seulement r\u00e9duit la pression?<\/span><\/h2>\n<ul>\n<li><span style=\"color: #000000;\">Am\u00e9liore la circulation sanguine et le tonus;<\/span><\/li>\n<li><span style=\"color: #000000;\">Nettoie les vaisseaux des plaques de cholest\u00e9rol;<\/span><\/li>\n<li><span style=\"color: #000000;\">Am\u00e9liore l&rsquo;\u00e9tat du syst\u00e8me cardiovasculaire;<\/span><\/li>\n<li><span style=\"color: #000000;\">Emp\u00eache le d\u00e9veloppement de l&rsquo;ath\u00e9roscl\u00e9rose.<\/span><\/li>\n<\/ul>\n<p><strong><span style=\"color: #000000; font-size: 14pt;\">Ancien Prix: <span style=\"color: #ff0000;\"><del>49800 XOF<\/del><\/span><\/span><\/strong><\/p>\n<p><span style=\"font-size: 16pt;\"><strong><span style=\"color: #000000;\">Nouveau Prix: <span style=\"color: #00ff00;\">24900 XOF<\/span><\/span><\/strong><\/span><\/p>\n","protected":false},"featured_media":117709,"comment_status":"open","ping_status":"closed","template":"","meta":[],"product_brand":[],"product_cat":[440],"product_tag":[],"class_list":{"0":"post-117708","1":"product","2":"type-product","3":"status-publish","4":"has-post-thumbnail","6":"product_cat-sante","8":"first","9":"instock","10":"shipping-taxable","11":"product-type-external"},"yoast_head":"<!-- This site is optimized with the Yoast SEO plugin v27.3 - https:\/\/yoast.com\/product\/yoast-seo-wordpress\/ -->\n<title>CardiWell G\u00e9lules: Contr\u00f4ler le niveau d&#039;hypertension! C\u00f4te d&#039;Ivoire<\/title>\n<meta name=\"description\" content=\"CardiWell g\u00e9lules stimulent le m\u00e9tabolisme et r\u00e9duisent rapidement l&#039;hypertension. CardiWell C\u00f4te d&#039;Ivoire 2025, CardiWell G\u00e9lules Prix C\u00f4te d&#039;Ivoire 2025\" \/>\n<meta name=\"robots\" content=\"index, follow, max-snippet:-1, max-image-preview:large, max-video-preview:-1\" \/>\n<link rel=\"canonical\" href=\"https:\/\/www.todaykhoe.com\/product\/cardiwell-gelules\/\" \/>\n<meta property=\"og:locale\" content=\"fr_FR\" \/>\n<meta property=\"og:type\" content=\"article\" \/>\n<meta property=\"og:title\" content=\"CardiWell G\u00e9lules: Contr\u00f4ler le niveau d&#039;hypertension! C\u00f4te d&#039;Ivoire\" \/>\n<meta property=\"og:description\" content=\"CardiWell g\u00e9lules stimulent le m\u00e9tabolisme et r\u00e9duisent rapidement l&#039;hypertension. CardiWell C\u00f4te d&#039;Ivoire 2025, CardiWell G\u00e9lules Prix C\u00f4te d&#039;Ivoire 2025\" \/>\n<meta property=\"og:url\" content=\"https:\/\/www.todaykhoe.com\/product\/cardiwell-gelules\/\" \/>\n<meta property=\"og:site_name\" content=\"TodayKh\u1ecfe.Com\" \/>\n<meta property=\"article:modified_time\" content=\"2025-06-21T12:48:58+00:00\" \/>\n<meta property=\"og:image\" content=\"https:\/\/www.todaykhoe.com\/wp-content\/uploads\/2025\/06\/CardiWell.png\" \/>\n\t<meta property=\"og:image:width\" content=\"466\" \/>\n\t<meta property=\"og:image:height\" content=\"550\" \/>\n\t<meta property=\"og:image:type\" content=\"image\/png\" \/>\n<meta name=\"twitter:card\" content=\"summary_large_image\" \/>\n<meta name=\"twitter:label1\" content=\"Dur\u00e9e de lecture estim\u00e9e\" \/>\n\t<meta name=\"twitter:data1\" content=\"5 minutes\" \/>\n<script type=\"application\/ld+json\" class=\"yoast-schema-graph\">{\"@context\":\"https:\\\/\\\/schema.org\",\"@graph\":[{\"@type\":\"WebPage\",\"@id\":\"https:\\\/\\\/www.todaykhoe.com\\\/product\\\/cardiwell-gelules\\\/\",\"url\":\"https:\\\/\\\/www.todaykhoe.com\\\/product\\\/cardiwell-gelules\\\/\",\"name\":\"CardiWell G\u00e9lules: Contr\u00f4ler le niveau d'hypertension! C\u00f4te d'Ivoire\",\"isPartOf\":{\"@id\":\"https:\\\/\\\/www.todaykhoe.com\\\/#website\"},\"primaryImageOfPage\":{\"@id\":\"https:\\\/\\\/www.todaykhoe.com\\\/product\\\/cardiwell-gelules\\\/#primaryimage\"},\"image\":{\"@id\":\"https:\\\/\\\/www.todaykhoe.com\\\/product\\\/cardiwell-gelules\\\/#primaryimage\"},\"thumbnailUrl\":\"https:\\\/\\\/www.todaykhoe.com\\\/wp-content\\\/uploads\\\/2025\\\/06\\\/CardiWell.png\",\"datePublished\":\"2025-06-21T12:48:57+00:00\",\"dateModified\":\"2025-06-21T12:48:58+00:00\",\"description\":\"CardiWell g\u00e9lules stimulent le m\u00e9tabolisme et r\u00e9duisent rapidement l'hypertension. CardiWell C\u00f4te d'Ivoire 2025, CardiWell G\u00e9lules Prix C\u00f4te d'Ivoire 2025\",\"breadcrumb\":{\"@id\":\"https:\\\/\\\/www.todaykhoe.com\\\/product\\\/cardiwell-gelules\\\/#breadcrumb\"},\"inLanguage\":\"fr-FR\",\"potentialAction\":[{\"@type\":\"ReadAction\",\"target\":[\"https:\\\/\\\/www.todaykhoe.com\\\/product\\\/cardiwell-gelules\\\/\"]}]},{\"@type\":\"ImageObject\",\"inLanguage\":\"fr-FR\",\"@id\":\"https:\\\/\\\/www.todaykhoe.com\\\/product\\\/cardiwell-gelules\\\/#primaryimage\",\"url\":\"https:\\\/\\\/www.todaykhoe.com\\\/wp-content\\\/uploads\\\/2025\\\/06\\\/CardiWell.png\",\"contentUrl\":\"https:\\\/\\\/www.todaykhoe.com\\\/wp-content\\\/uploads\\\/2025\\\/06\\\/CardiWell.png\",\"width\":466,\"height\":550,\"caption\":\"CardiWell\"},{\"@type\":\"BreadcrumbList\",\"@id\":\"https:\\\/\\\/www.todaykhoe.com\\\/product\\\/cardiwell-gelules\\\/#breadcrumb\",\"itemListElement\":[{\"@type\":\"ListItem\",\"position\":1,\"name\":\"Home\",\"item\":\"https:\\\/\\\/www.todaykhoe.com\\\/\"},{\"@type\":\"ListItem\",\"position\":2,\"name\":\"Shop\",\"item\":\"https:\\\/\\\/www.todaykhoe.com\\\/shop\\\/\"},{\"@type\":\"ListItem\",\"position\":3,\"name\":\"CardiWell G\u00e9lules\"}]},{\"@type\":\"WebSite\",\"@id\":\"https:\\\/\\\/www.todaykhoe.com\\\/#website\",\"url\":\"https:\\\/\\\/www.todaykhoe.com\\\/\",\"name\":\"TodayKh\u1ecfe.Com\",\"description\":\"Healthy Today, Fitness, Nutrition, Beauty, News!\",\"publisher\":{\"@id\":\"https:\\\/\\\/www.todaykhoe.com\\\/#organization\"},\"potentialAction\":[{\"@type\":\"SearchAction\",\"target\":{\"@type\":\"EntryPoint\",\"urlTemplate\":\"https:\\\/\\\/www.todaykhoe.com\\\/?s={search_term_string}\"},\"query-input\":{\"@type\":\"PropertyValueSpecification\",\"valueRequired\":true,\"valueName\":\"search_term_string\"}}],\"inLanguage\":\"fr-FR\"},{\"@type\":\"Organization\",\"@id\":\"https:\\\/\\\/www.todaykhoe.com\\\/#organization\",\"name\":\"TodayKh\u1ecfe.Com\",\"url\":\"https:\\\/\\\/www.todaykhoe.com\\\/\",\"logo\":{\"@type\":\"ImageObject\",\"inLanguage\":\"fr-FR\",\"@id\":\"https:\\\/\\\/www.todaykhoe.com\\\/#\\\/schema\\\/logo\\\/image\\\/\",\"url\":\"https:\\\/\\\/www.todaykhoe.com\\\/wp-content\\\/uploads\\\/2025\\\/04\\\/Todaykhoe.png\",\"contentUrl\":\"https:\\\/\\\/www.todaykhoe.com\\\/wp-content\\\/uploads\\\/2025\\\/04\\\/Todaykhoe.png\",\"width\":706,\"height\":159,\"caption\":\"TodayKh\u1ecfe.Com\"},\"image\":{\"@id\":\"https:\\\/\\\/www.todaykhoe.com\\\/#\\\/schema\\\/logo\\\/image\\\/\"}}]}<\/script>\n<!-- \/ Yoast SEO plugin. -->","yoast_head_json":{"title":"CardiWell G\u00e9lules: Contr\u00f4ler le niveau d'hypertension! C\u00f4te d'Ivoire","description":"CardiWell g\u00e9lules stimulent le m\u00e9tabolisme et r\u00e9duisent rapidement l'hypertension. CardiWell C\u00f4te d'Ivoire 2025, CardiWell G\u00e9lules Prix C\u00f4te d'Ivoire 2025","robots":{"index":"index","follow":"follow","max-snippet":"max-snippet:-1","max-image-preview":"max-image-preview:large","max-video-preview":"max-video-preview:-1"},"canonical":"https:\/\/www.todaykhoe.com\/product\/cardiwell-gelules\/","og_locale":"fr_FR","og_type":"article","og_title":"CardiWell G\u00e9lules: Contr\u00f4ler le niveau d'hypertension! C\u00f4te d'Ivoire","og_description":"CardiWell g\u00e9lules stimulent le m\u00e9tabolisme et r\u00e9duisent rapidement l'hypertension. CardiWell C\u00f4te d'Ivoire 2025, CardiWell G\u00e9lules Prix C\u00f4te d'Ivoire 2025","og_url":"https:\/\/www.todaykhoe.com\/product\/cardiwell-gelules\/","og_site_name":"TodayKh\u1ecfe.Com","article_modified_time":"2025-06-21T12:48:58+00:00","og_image":[{"width":466,"height":550,"url":"https:\/\/www.todaykhoe.com\/wp-content\/uploads\/2025\/06\/CardiWell.png","type":"image\/png"}],"twitter_card":"summary_large_image","twitter_misc":{"Dur\u00e9e de lecture estim\u00e9e":"5 minutes"},"schema":{"@context":"https:\/\/schema.org","@graph":[{"@type":"WebPage","@id":"https:\/\/www.todaykhoe.com\/product\/cardiwell-gelules\/","url":"https:\/\/www.todaykhoe.com\/product\/cardiwell-gelules\/","name":"CardiWell G\u00e9lules: Contr\u00f4ler le niveau d'hypertension! C\u00f4te d'Ivoire","isPartOf":{"@id":"https:\/\/www.todaykhoe.com\/#website"},"primaryImageOfPage":{"@id":"https:\/\/www.todaykhoe.com\/product\/cardiwell-gelules\/#primaryimage"},"image":{"@id":"https:\/\/www.todaykhoe.com\/product\/cardiwell-gelules\/#primaryimage"},"thumbnailUrl":"https:\/\/www.todaykhoe.com\/wp-content\/uploads\/2025\/06\/CardiWell.png","datePublished":"2025-06-21T12:48:57+00:00","dateModified":"2025-06-21T12:48:58+00:00","description":"CardiWell g\u00e9lules stimulent le m\u00e9tabolisme et r\u00e9duisent rapidement l'hypertension. CardiWell C\u00f4te d'Ivoire 2025, CardiWell G\u00e9lules Prix C\u00f4te d'Ivoire 2025","breadcrumb":{"@id":"https:\/\/www.todaykhoe.com\/product\/cardiwell-gelules\/#breadcrumb"},"inLanguage":"fr-FR","potentialAction":[{"@type":"ReadAction","target":["https:\/\/www.todaykhoe.com\/product\/cardiwell-gelules\/"]}]},{"@type":"ImageObject","inLanguage":"fr-FR","@id":"https:\/\/www.todaykhoe.com\/product\/cardiwell-gelules\/#primaryimage","url":"https:\/\/www.todaykhoe.com\/wp-content\/uploads\/2025\/06\/CardiWell.png","contentUrl":"https:\/\/www.todaykhoe.com\/wp-content\/uploads\/2025\/06\/CardiWell.png","width":466,"height":550,"caption":"CardiWell"},{"@type":"BreadcrumbList","@id":"https:\/\/www.todaykhoe.com\/product\/cardiwell-gelules\/#breadcrumb","itemListElement":[{"@type":"ListItem","position":1,"name":"Home","item":"https:\/\/www.todaykhoe.com\/"},{"@type":"ListItem","position":2,"name":"Shop","item":"https:\/\/www.todaykhoe.com\/shop\/"},{"@type":"ListItem","position":3,"name":"CardiWell G\u00e9lules"}]},{"@type":"WebSite","@id":"https:\/\/www.todaykhoe.com\/#website","url":"https:\/\/www.todaykhoe.com\/","name":"TodayKh\u1ecfe.Com","description":"Healthy Today, Fitness, Nutrition, Beauty, News!","publisher":{"@id":"https:\/\/www.todaykhoe.com\/#organization"},"potentialAction":[{"@type":"SearchAction","target":{"@type":"EntryPoint","urlTemplate":"https:\/\/www.todaykhoe.com\/?s={search_term_string}"},"query-input":{"@type":"PropertyValueSpecification","valueRequired":true,"valueName":"search_term_string"}}],"inLanguage":"fr-FR"},{"@type":"Organization","@id":"https:\/\/www.todaykhoe.com\/#organization","name":"TodayKh\u1ecfe.Com","url":"https:\/\/www.todaykhoe.com\/","logo":{"@type":"ImageObject","inLanguage":"fr-FR","@id":"https:\/\/www.todaykhoe.com\/#\/schema\/logo\/image\/","url":"https:\/\/www.todaykhoe.com\/wp-content\/uploads\/2025\/04\/Todaykhoe.png","contentUrl":"https:\/\/www.todaykhoe.com\/wp-content\/uploads\/2025\/04\/Todaykhoe.png","width":706,"height":159,"caption":"TodayKh\u1ecfe.Com"},"image":{"@id":"https:\/\/www.todaykhoe.com\/#\/schema\/logo\/image\/"}}]}},"_links":{"self":[{"href":"https:\/\/www.todaykhoe.com\/fr\/wp-json\/wp\/v2\/product\/117708","targetHints":{"allow":["GET"]}}],"collection":[{"href":"https:\/\/www.todaykhoe.com\/fr\/wp-json\/wp\/v2\/product"}],"about":[{"href":"https:\/\/www.todaykhoe.com\/fr\/wp-json\/wp\/v2\/types\/product"}],"replies":[{"embeddable":true,"href":"https:\/\/www.todaykhoe.com\/fr\/wp-json\/wp\/v2\/comments?post=117708"}],"wp:featuredmedia":[{"embeddable":true,"href":"https:\/\/www.todaykhoe.com\/fr\/wp-json\/wp\/v2\/media\/117709"}],"wp:attachment":[{"href":"https:\/\/www.todaykhoe.com\/fr\/wp-json\/wp\/v2\/media?parent=117708"}],"wp:term":[{"taxonomy":"product_brand","embeddable":true,"href":"https:\/\/www.todaykhoe.com\/fr\/wp-json\/wp\/v2\/product_brand?post=117708"},{"taxonomy":"product_cat","embeddable":true,"href":"https:\/\/www.todaykhoe.com\/fr\/wp-json\/wp\/v2\/product_cat?post=117708"},{"taxonomy":"product_tag","embeddable":true,"href":"https:\/\/www.todaykhoe.com\/fr\/wp-json\/wp\/v2\/product_tag?post=117708"}],"curies":[{"name":"wp","href":"https:\/\/api.w.org\/{rel}","templated":true}]}}