{"id":117663,"date":"2025-06-20T12:33:22","date_gmt":"2025-06-20T12:33:22","guid":{"rendered":"https:\/\/todaykhoe.com\/?post_type=product&#038;p=117663"},"modified":"2025-06-20T12:33:22","modified_gmt":"2025-06-20T12:33:22","slug":"exodermin-crema","status":"publish","type":"product","link":"https:\/\/www.todaykhoe.com\/fr\/product\/exodermin-crema\/","title":{"rendered":"Exodermin Crema"},"content":{"rendered":"<p>La crema <a href=\"https:\/\/todaykhoe.com\/product\/exodermin-crema\/\"><b>Exodermin<\/b><\/a> elimina rapidamente i funghi dei piedi. Il produttore la distribuisce allo stesso prezzo in tutta Italia. Il costo \u00e8 lo stesso in Italia. Il sito web ufficiale consente ordini online sicuri. I commenti su Exodermin sul forum si contano a migliaia.<\/p>\n<p>Non sono stati segnalati effetti avversi o controindicazioni. Esperti di onicomicosi lo consigliano. La sua composizione biologica \u00e8 delicata sulla pelle. Contiene estratti naturali ad alto potere antimicotico e antibatterico. Sono ipoallergenici e adatti a ogni tipo di derma.<\/p>\n<p>Exodermin disinfetta e asciuga completamente i tessuti. I funghi dei piedi vengono eliminati allo stadio di spore e uova. Questo unguento per le infezioni micotiche dei piedi ripristina la struttura e la consistenza del derma 24 ore su 24, 7 giorni su 7. Il Certificato di Qualit\u00e0 Italiano garantisce un&rsquo;efficacia del 93% a tutte le et\u00e0.<\/p>\n<h2>Cos&rsquo;\u00e8 Exodermin e come funziona?<\/h2>\n<p>Exodermin \u00e8 una crema naturale che elimina i funghi dei piedi. Il produttore la vende in tutto il mondo allo stesso prezzo. Puoi ordinarla in tutta sicurezza dall&rsquo;Italia o da qualsiasi altra parte d&rsquo;Italia dal sito web ufficiale. Gli esperti di cura della pelle e di micosi raccomandano la cura per il piede d&rsquo;atleta.<\/p>\n<p>Ritengono che Exodermin elimini efficacemente odori, prurito e altri sintomi correlati alle infezioni. Non solo! La crema per l&rsquo;eliminazione dei funghi ai piedi protegge il derma 24 ore su 24, 7 giorni su 7, da nuove infezioni. Exodermin apporta anche benefici alla pelle.<\/p>\n<p>Ne rinnova la bellezza e la levigatezza. Il colore e il tono vengono ripristinati, uniformando la struttura e la consistenza. I tuoi piedi avranno un aspetto splendido senza effetti collaterali o controindicazioni con Exodermin.<\/p>\n<h3>Exodermin &#8211; Protezione affidabile contro le malattie fungine<\/h3>\n<ul>\n<li>Normalizzazione della microflora<\/li>\n<li>Aiuta a sbarazzarsi degli odori sgradevoli<\/li>\n<li>Agisce favorevolmente sui processi di rigenerazione della pelle e delle unghie<\/li>\n<\/ul>\n<h4>Come pu\u00f2 aiutarti Exodermin?<\/h4>\n<p>Exodermin \u00e8 un unguento per uso esterno. I suoi 4 principi attivi hanno un effetto complesso sulla microflora corporea e sulla struttura dei funghi nocivi.<\/p>\n<p>La combinazione di estratto di fiori di Chamomila recutita, burro di Butyrospermum parkii, olio di foglie di Pinus sylvestris, olio di foglie di Melaleuca alternifolia ed estratto di propoli aiuta a ripristinare la protezione naturale e stimola i processi di rigenerazione, riducendo inoltre i processi infiammatori e prevenendo l&rsquo;ulteriore diffusione del fungo.<\/p>\n<h4>Benefici di Exodermin<\/h4>\n<ul>\n<li><strong>Effetto complesso:<\/strong> ha un effetto benefico sul sistema immunitario e nervoso, ripristinando le cellule dell&rsquo;epidermide.<\/li>\n<li><strong>Prevenzione:<\/strong> promuove lo sviluppo delle funzioni corporee resistenti<\/li>\n<\/ul>\n<h4>Come agisce Exodermin?<\/h4>\n<ul>\n<li>Ammorbidisce la pelle e le unghie danneggiate<\/li>\n<li>I principi attivi penetrano in profondit\u00e0 nei tessuti<\/li>\n<li>Le spore fungine vengono \u00ab\u00a0bloccate\u00a0\u00bb, riducendo l&rsquo;area delle cellule infette<\/li>\n<li>La capacit\u00e0 dell&rsquo;infezione di moltiplicarsi viene bloccata, il fungo viene distrutto<\/li>\n<\/ul>\n<h3>Opinioni e commenti del forum su Exodermin<\/h3>\n<p>Migliaia di post del forum su Exodermin ti aiuteranno a comprendere il prodotto. Prevalgono le testimonianze positive. La crema per l&rsquo;eliminazione dei funghi ai piedi afferma di guarire l&rsquo;onicomicosi in due settimane. Anche i consigli degli esperti di micosi sono confortanti. Non sono stati segnalati effetti avversi o controindicazioni.<\/p>\n<p><strong>Commenti:<\/strong><\/p>\n<blockquote><p>Questa crema Exodermin perfetto per chi ha la pelle sensibile in piedi e costantemente screpolata. Personalmente, mi ha aiutato molto. Sono passati 5 giorni, probabilmente, ma gi\u00e0 non ho crepe sui talloni, la pelle \u00e8 diventata cos\u00ec liscia, molto bella. Greta, 43 anni;<\/p>\n<p>Corro ogni mattina in una parte della foresta vicino a casa mia e spesso i miei piedi si bagnano a causa dell&rsquo;erba bagnata e delle pozzanghere. Le mie unghie ed i miei talloni erano in uno stato terribile, non mi prendevo cura dei miei piedi a dovere e ne pagavo le conseguenze &#8230; Mi vergognavo anche di togliermi le scarpe davanti a una ragazza. Ma Exodermin mi ha curato le gambe! Nel tempo, le unghie hanno riacquistato la loro struttura precedente, i talloni ora non sembrano pezzi di fango essiccato. Questo \u00e8 uno strumento eccellente e quello che mi piace di questo separatamente \u00e8 che non c\u2019\u00e8 nessuna chimica: tutto \u00e8 naturale, il potere curativo della natura, eccolo qui! Giorgio, 35 anni;<\/p>\n<p>Anche il colore e l&rsquo;odore della crema parlano della sua naturalezza! \u00c8 un piacere usare tali mezzi, sapendo che non danneggeranno in alcun modo, e aiuta anche a combattere la malattia. Prima non mi prendevo molta cura dei miei piedi .. Ho avuto una specie di infezione in piscina e basta, non ho nemmeno avuto il tempo di tornare in me, poich\u00e9 tutto era coperto di piccoli brufoli purulenti e un eruzione cutanea. Exodermin mi ha aiutato in 3 giorni. Cos&rsquo;altro potrei dire dello strumento se aiuta cos\u00ec rapidamente? \u00c8 necessario prenderlo, assolutamente, lo consiglio a tutti coloro che si trovano ad affrontare un problema di questo tipo. Simone, 54 anni;<\/p><\/blockquote>\n<h3>Metodo di ricezione di Exodermin<\/h3>\n<ol>\n<li>Compilate il modulo sul nostro sito web. Il vostro numero di telefono verr\u00e0 automaticamente cancellato dal nostro database dopo aver ricevuto la merce<\/li>\n<li>Attendi una chiamata da uno specialista per consulenza e ordine.<\/li>\n<li>Ricevete Exodermin per posta\/corriere e pagate alla ricezione<\/li>\n<\/ol>\n<h2>Prezzo di Exodermin in Italia \u2014 Dove acquistare?<\/h2>\n<p>Il produttore consiglia di visitare il sito web ufficiale per trovare Exodermin a un prezzo ragionevole. Il sito web \u00e8 l&rsquo;unico sito dove acquistare la crema per i funghi ai piedi senza doversi preoccupare dei prezzi di Exodermin. \u00c8 distribuito esclusivamente dall&rsquo;azienda. Questo garantisce la parit\u00e0 dei prezzi in tutto il mondo, inclusa l&rsquo;Italia nel 2025.<\/p>\n<p>Altre buone notizie! Exodermin pu\u00f2 essere ulteriormente scontato. Il sito web principale offre spesso sconti. Il prezzo scende del 50%. Il modulo digitale richiede il tuo nome e un numero di telefono valido. Chiama per confermare l&rsquo;indirizzo di consegna. Consegna in 7 giorni, puoi pagare in contrassegno.<\/p>\n<p>Attenzione! Per Exodermin si applica la normale procedura d&rsquo;ordine digitale. Compila il modulo sul sito web con nome e numero di telefono valido, quindi chiama per confermare. Il pagamento in contrassegno \u00e8 consentito e il tuo pacco arriver\u00e0 entro una settimana!<\/p>\n<p>&nbsp;<\/p>\n","protected":false},"excerpt":{"rendered":"<h2><span style=\"color: #000000;\"><b><\/b>Exodermin &#8211; Protezione affidabile contro le malattie fungine<\/span><\/h2>\n<ul>\n<li><span style=\"color: #000000;\">Normalizzazione della microflora<\/span><\/li>\n<li><span style=\"color: #000000;\">Aiuta a sbarazzarsi degli odori sgradevoli<\/span><\/li>\n<li><span style=\"color: #000000;\">Agisce favorevolmente sui processi di rigenerazione della pelle e delle unghie<\/span><\/li>\n<\/ul>\n<p><span style=\"font-size: 14pt; color: #000000;\"><b>Vecchia Prezzo: <span style=\"color: #ff0000;\"><del>78 Euro<\/del><\/span><\/b><\/span><\/p>\n<p><span style=\"font-size: 16pt; color: #000000;\"><b>Nuovo Prezzo: <span style=\"color: #00ff00;\"><span class=\"price-new new_price_val\"><b class=\"price_only15184 price_land_s1\">39<\/b><\/span>\u00a0<span class=\"price-new new_price_cur lt15\"><b class=\"price_currency price_land_curr\">Euro<\/b><\/span><\/span><\/b><\/span><\/p>\n","protected":false},"featured_media":117665,"comment_status":"open","ping_status":"closed","template":"","meta":[],"product_brand":[],"product_cat":[679],"product_tag":[],"class_list":{"0":"post-117663","1":"product","2":"type-product","3":"status-publish","4":"has-post-thumbnail","6":"product_cat-salute","8":"first","9":"instock","10":"shipping-taxable","11":"product-type-external"},"yoast_head":"<!-- This site is optimized with the Yoast SEO plugin v27.3 - https:\/\/yoast.com\/product\/yoast-seo-wordpress\/ -->\n<title>Exodermin | Crema per la rimozione dei funghi - (Exodermin Italy)<\/title>\n<meta name=\"description\" content=\"Exodermin crema elimina rapidamente i funghi dei piedi. Il produttore la distribuisce allo stesso prezzo in tutta. Exodermin Crema Italia 2025\" \/>\n<meta name=\"robots\" content=\"index, follow, max-snippet:-1, max-image-preview:large, max-video-preview:-1\" \/>\n<link rel=\"canonical\" href=\"https:\/\/www.todaykhoe.com\/product\/exodermin-crema\/\" \/>\n<meta property=\"og:locale\" content=\"fr_FR\" \/>\n<meta property=\"og:type\" content=\"article\" \/>\n<meta property=\"og:title\" content=\"Exodermin | Crema per la rimozione dei funghi - (Exodermin Italy)\" \/>\n<meta property=\"og:description\" content=\"Exodermin crema elimina rapidamente i funghi dei piedi. Il produttore la distribuisce allo stesso prezzo in tutta. Exodermin Crema Italia 2025\" \/>\n<meta property=\"og:url\" content=\"https:\/\/www.todaykhoe.com\/product\/exodermin-crema\/\" \/>\n<meta property=\"og:site_name\" content=\"TodayKh\u1ecfe.Com\" \/>\n<meta property=\"og:image\" content=\"https:\/\/www.todaykhoe.com\/wp-content\/uploads\/2025\/06\/Exodermin.png\" \/>\n\t<meta property=\"og:image:width\" content=\"309\" \/>\n\t<meta property=\"og:image:height\" content=\"399\" \/>\n\t<meta property=\"og:image:type\" content=\"image\/png\" \/>\n<meta name=\"twitter:card\" content=\"summary_large_image\" \/>\n<meta name=\"twitter:label1\" content=\"Dur\u00e9e de lecture estim\u00e9e\" \/>\n\t<meta name=\"twitter:data1\" content=\"5 minutes\" \/>\n<script type=\"application\/ld+json\" class=\"yoast-schema-graph\">{\"@context\":\"https:\\\/\\\/schema.org\",\"@graph\":[{\"@type\":\"WebPage\",\"@id\":\"https:\\\/\\\/www.todaykhoe.com\\\/product\\\/exodermin-crema\\\/\",\"url\":\"https:\\\/\\\/www.todaykhoe.com\\\/product\\\/exodermin-crema\\\/\",\"name\":\"Exodermin | Crema per la rimozione dei funghi - (Exodermin Italy)\",\"isPartOf\":{\"@id\":\"https:\\\/\\\/www.todaykhoe.com\\\/#website\"},\"primaryImageOfPage\":{\"@id\":\"https:\\\/\\\/www.todaykhoe.com\\\/product\\\/exodermin-crema\\\/#primaryimage\"},\"image\":{\"@id\":\"https:\\\/\\\/www.todaykhoe.com\\\/product\\\/exodermin-crema\\\/#primaryimage\"},\"thumbnailUrl\":\"https:\\\/\\\/www.todaykhoe.com\\\/wp-content\\\/uploads\\\/2025\\\/06\\\/Exodermin.png\",\"datePublished\":\"2025-06-20T12:33:22+00:00\",\"description\":\"Exodermin crema elimina rapidamente i funghi dei piedi. Il produttore la distribuisce allo stesso prezzo in tutta. Exodermin Crema Italia 2025\",\"breadcrumb\":{\"@id\":\"https:\\\/\\\/www.todaykhoe.com\\\/product\\\/exodermin-crema\\\/#breadcrumb\"},\"inLanguage\":\"fr-FR\",\"potentialAction\":[{\"@type\":\"ReadAction\",\"target\":[\"https:\\\/\\\/www.todaykhoe.com\\\/product\\\/exodermin-crema\\\/\"]}]},{\"@type\":\"ImageObject\",\"inLanguage\":\"fr-FR\",\"@id\":\"https:\\\/\\\/www.todaykhoe.com\\\/product\\\/exodermin-crema\\\/#primaryimage\",\"url\":\"https:\\\/\\\/www.todaykhoe.com\\\/wp-content\\\/uploads\\\/2025\\\/06\\\/Exodermin.png\",\"contentUrl\":\"https:\\\/\\\/www.todaykhoe.com\\\/wp-content\\\/uploads\\\/2025\\\/06\\\/Exodermin.png\",\"width\":309,\"height\":399,\"caption\":\"Exodermin\"},{\"@type\":\"BreadcrumbList\",\"@id\":\"https:\\\/\\\/www.todaykhoe.com\\\/product\\\/exodermin-crema\\\/#breadcrumb\",\"itemListElement\":[{\"@type\":\"ListItem\",\"position\":1,\"name\":\"Home\",\"item\":\"https:\\\/\\\/www.todaykhoe.com\\\/\"},{\"@type\":\"ListItem\",\"position\":2,\"name\":\"Shop\",\"item\":\"https:\\\/\\\/www.todaykhoe.com\\\/shop\\\/\"},{\"@type\":\"ListItem\",\"position\":3,\"name\":\"Exodermin Crema\"}]},{\"@type\":\"WebSite\",\"@id\":\"https:\\\/\\\/www.todaykhoe.com\\\/#website\",\"url\":\"https:\\\/\\\/www.todaykhoe.com\\\/\",\"name\":\"TodayKh\u1ecfe.Com\",\"description\":\"Healthy Today, Fitness, Nutrition, Beauty, News!\",\"publisher\":{\"@id\":\"https:\\\/\\\/www.todaykhoe.com\\\/#organization\"},\"potentialAction\":[{\"@type\":\"SearchAction\",\"target\":{\"@type\":\"EntryPoint\",\"urlTemplate\":\"https:\\\/\\\/www.todaykhoe.com\\\/?s={search_term_string}\"},\"query-input\":{\"@type\":\"PropertyValueSpecification\",\"valueRequired\":true,\"valueName\":\"search_term_string\"}}],\"inLanguage\":\"fr-FR\"},{\"@type\":\"Organization\",\"@id\":\"https:\\\/\\\/www.todaykhoe.com\\\/#organization\",\"name\":\"TodayKh\u1ecfe.Com\",\"url\":\"https:\\\/\\\/www.todaykhoe.com\\\/\",\"logo\":{\"@type\":\"ImageObject\",\"inLanguage\":\"fr-FR\",\"@id\":\"https:\\\/\\\/www.todaykhoe.com\\\/#\\\/schema\\\/logo\\\/image\\\/\",\"url\":\"https:\\\/\\\/www.todaykhoe.com\\\/wp-content\\\/uploads\\\/2025\\\/04\\\/Todaykhoe.png\",\"contentUrl\":\"https:\\\/\\\/www.todaykhoe.com\\\/wp-content\\\/uploads\\\/2025\\\/04\\\/Todaykhoe.png\",\"width\":706,\"height\":159,\"caption\":\"TodayKh\u1ecfe.Com\"},\"image\":{\"@id\":\"https:\\\/\\\/www.todaykhoe.com\\\/#\\\/schema\\\/logo\\\/image\\\/\"}}]}<\/script>\n<!-- \/ Yoast SEO plugin. -->","yoast_head_json":{"title":"Exodermin | Crema per la rimozione dei funghi - (Exodermin Italy)","description":"Exodermin crema elimina rapidamente i funghi dei piedi. Il produttore la distribuisce allo stesso prezzo in tutta. Exodermin Crema Italia 2025","robots":{"index":"index","follow":"follow","max-snippet":"max-snippet:-1","max-image-preview":"max-image-preview:large","max-video-preview":"max-video-preview:-1"},"canonical":"https:\/\/www.todaykhoe.com\/product\/exodermin-crema\/","og_locale":"fr_FR","og_type":"article","og_title":"Exodermin | Crema per la rimozione dei funghi - (Exodermin Italy)","og_description":"Exodermin crema elimina rapidamente i funghi dei piedi. Il produttore la distribuisce allo stesso prezzo in tutta. Exodermin Crema Italia 2025","og_url":"https:\/\/www.todaykhoe.com\/product\/exodermin-crema\/","og_site_name":"TodayKh\u1ecfe.Com","og_image":[{"width":309,"height":399,"url":"https:\/\/www.todaykhoe.com\/wp-content\/uploads\/2025\/06\/Exodermin.png","type":"image\/png"}],"twitter_card":"summary_large_image","twitter_misc":{"Dur\u00e9e de lecture estim\u00e9e":"5 minutes"},"schema":{"@context":"https:\/\/schema.org","@graph":[{"@type":"WebPage","@id":"https:\/\/www.todaykhoe.com\/product\/exodermin-crema\/","url":"https:\/\/www.todaykhoe.com\/product\/exodermin-crema\/","name":"Exodermin | Crema per la rimozione dei funghi - (Exodermin Italy)","isPartOf":{"@id":"https:\/\/www.todaykhoe.com\/#website"},"primaryImageOfPage":{"@id":"https:\/\/www.todaykhoe.com\/product\/exodermin-crema\/#primaryimage"},"image":{"@id":"https:\/\/www.todaykhoe.com\/product\/exodermin-crema\/#primaryimage"},"thumbnailUrl":"https:\/\/www.todaykhoe.com\/wp-content\/uploads\/2025\/06\/Exodermin.png","datePublished":"2025-06-20T12:33:22+00:00","description":"Exodermin crema elimina rapidamente i funghi dei piedi. Il produttore la distribuisce allo stesso prezzo in tutta. Exodermin Crema Italia 2025","breadcrumb":{"@id":"https:\/\/www.todaykhoe.com\/product\/exodermin-crema\/#breadcrumb"},"inLanguage":"fr-FR","potentialAction":[{"@type":"ReadAction","target":["https:\/\/www.todaykhoe.com\/product\/exodermin-crema\/"]}]},{"@type":"ImageObject","inLanguage":"fr-FR","@id":"https:\/\/www.todaykhoe.com\/product\/exodermin-crema\/#primaryimage","url":"https:\/\/www.todaykhoe.com\/wp-content\/uploads\/2025\/06\/Exodermin.png","contentUrl":"https:\/\/www.todaykhoe.com\/wp-content\/uploads\/2025\/06\/Exodermin.png","width":309,"height":399,"caption":"Exodermin"},{"@type":"BreadcrumbList","@id":"https:\/\/www.todaykhoe.com\/product\/exodermin-crema\/#breadcrumb","itemListElement":[{"@type":"ListItem","position":1,"name":"Home","item":"https:\/\/www.todaykhoe.com\/"},{"@type":"ListItem","position":2,"name":"Shop","item":"https:\/\/www.todaykhoe.com\/shop\/"},{"@type":"ListItem","position":3,"name":"Exodermin Crema"}]},{"@type":"WebSite","@id":"https:\/\/www.todaykhoe.com\/#website","url":"https:\/\/www.todaykhoe.com\/","name":"TodayKh\u1ecfe.Com","description":"Healthy Today, Fitness, Nutrition, Beauty, News!","publisher":{"@id":"https:\/\/www.todaykhoe.com\/#organization"},"potentialAction":[{"@type":"SearchAction","target":{"@type":"EntryPoint","urlTemplate":"https:\/\/www.todaykhoe.com\/?s={search_term_string}"},"query-input":{"@type":"PropertyValueSpecification","valueRequired":true,"valueName":"search_term_string"}}],"inLanguage":"fr-FR"},{"@type":"Organization","@id":"https:\/\/www.todaykhoe.com\/#organization","name":"TodayKh\u1ecfe.Com","url":"https:\/\/www.todaykhoe.com\/","logo":{"@type":"ImageObject","inLanguage":"fr-FR","@id":"https:\/\/www.todaykhoe.com\/#\/schema\/logo\/image\/","url":"https:\/\/www.todaykhoe.com\/wp-content\/uploads\/2025\/04\/Todaykhoe.png","contentUrl":"https:\/\/www.todaykhoe.com\/wp-content\/uploads\/2025\/04\/Todaykhoe.png","width":706,"height":159,"caption":"TodayKh\u1ecfe.Com"},"image":{"@id":"https:\/\/www.todaykhoe.com\/#\/schema\/logo\/image\/"}}]}},"_links":{"self":[{"href":"https:\/\/www.todaykhoe.com\/fr\/wp-json\/wp\/v2\/product\/117663","targetHints":{"allow":["GET"]}}],"collection":[{"href":"https:\/\/www.todaykhoe.com\/fr\/wp-json\/wp\/v2\/product"}],"about":[{"href":"https:\/\/www.todaykhoe.com\/fr\/wp-json\/wp\/v2\/types\/product"}],"replies":[{"embeddable":true,"href":"https:\/\/www.todaykhoe.com\/fr\/wp-json\/wp\/v2\/comments?post=117663"}],"wp:featuredmedia":[{"embeddable":true,"href":"https:\/\/www.todaykhoe.com\/fr\/wp-json\/wp\/v2\/media\/117665"}],"wp:attachment":[{"href":"https:\/\/www.todaykhoe.com\/fr\/wp-json\/wp\/v2\/media?parent=117663"}],"wp:term":[{"taxonomy":"product_brand","embeddable":true,"href":"https:\/\/www.todaykhoe.com\/fr\/wp-json\/wp\/v2\/product_brand?post=117663"},{"taxonomy":"product_cat","embeddable":true,"href":"https:\/\/www.todaykhoe.com\/fr\/wp-json\/wp\/v2\/product_cat?post=117663"},{"taxonomy":"product_tag","embeddable":true,"href":"https:\/\/www.todaykhoe.com\/fr\/wp-json\/wp\/v2\/product_tag?post=117663"}],"curies":[{"name":"wp","href":"https:\/\/api.w.org\/{rel}","templated":true}]}}