{"id":112853,"date":"2024-07-23T11:40:19","date_gmt":"2024-07-23T11:40:19","guid":{"rendered":"https:\/\/todaykhoe.com\/?post_type=product&#038;p=112853"},"modified":"2024-07-23T11:41:12","modified_gmt":"2024-07-23T11:41:12","slug":"diasub-gelules","status":"publish","type":"product","link":"https:\/\/www.todaykhoe.com\/fr\/product\/diasub-gelules\/","title":{"rendered":"Diasub G\u00e9lules &#8211; CI"},"content":{"rendered":"<p>Diasub est une capsule qui aide \u00e0 r\u00e9duire les sympt\u00f4mes du diab\u00e8te et \u00e0 stabiliser la glyc\u00e9mie. Ces comprim\u00e9s bio nettoient le foie et le pancr\u00e9as tant spirituellement que physiquement. Les niveaux normaux de production d\u2019insuline, d\u2019\u00e9nergie et de sommeil sont r\u00e9tablis. Des offres de haute qualit\u00e9 peuvent \u00eatre trouv\u00e9es sur le site Web principal. Un plus grand nombre d&rsquo;hommes et de femmes en C\u00f4te d&rsquo;Ivoire les ont pleinement utilis\u00e9s. Les discussions sur le forum Diasub indiquent que ce traitement donne des r\u00e9sultats rapides et a le potentiel d&rsquo;\u00e9viter le recours \u00e0 des m\u00e9dicaments. Il n\u2019y a aucune contre-indication connue.<\/p>\n<p>Des endocrinologues exp\u00e9riment\u00e9s recommandent Diasub dans le but de stimuler le syst\u00e8me endocannabino\u00efde. Le produit contient des substances telles que la feuille de Neem (Azadirachta Indica), la feuille de nopal (Opuntia Ficus-Indica), la feuille de moringa (Moringa oleifera), le collag\u00e8ne hydrolys\u00e9, le banaba, le melon amer, la cannelle et le picolinate de chrome. Cette substance a d\u00e9montr\u00e9 sa capacit\u00e9 \u00e0 renforcer le syst\u00e8me immunitaire et \u00e0 r\u00e9duire les dommages caus\u00e9s par les radicaux libres de 93 %. L&rsquo;activit\u00e9 du diasub stimule \u00e0 la fois la production d&rsquo;insuline et la protection pancr\u00e9atique. Ce m\u00e9dicament att\u00e9nue l&rsquo;intensit\u00e9 du diab\u00e8te de type 2.<\/p>\n<p>\u00cates-vous conscient du tueur silencieux qui se cache en vous? Le diab\u00e8te passe souvent inaper\u00e7u jusqu&rsquo;\u00e0 ce qu&rsquo;il fasse des ravages sur votre corps, entra\u00eenant potentiellement une d\u00e9t\u00e9rioration de la vue, une insuffisance r\u00e9nale, une mobilit\u00e9 r\u00e9duite, des crises cardiaques et m\u00eame un coma. Au moins <span class=\"font-weight700 red-text\">25%<\/span> des personnes atteintes de diab\u00e8te ignorent leur \u00e9tat ou choisissent d&rsquo;ignorer ses sympt\u00f4mes. Mais il y a de l&rsquo;espoir \u2013 Diasub, le complexe bioactif isosmotique, est l\u00e0 pour faire la diff\u00e9rence.<\/p>\n<h3>Petit d\u00e9tail sur\u00a0<a href=\"https:\/\/todaykhoe.com\/fr\/product\/diasub-gelules\/\"><span style=\"text-decoration: underline; color: #ff0000;\">DIASUB<\/span><\/a><\/h3>\n<table style=\"width: 100%; height: 312px;\">\n<tbody>\n<tr style=\"height: 26px;\">\n<td style=\"height: 26px;\">Produit<\/td>\n<td style=\"height: 26px;\">Diasub<\/td>\n<\/tr>\n<tr style=\"height: 26px;\">\n<td style=\"height: 26px;\">Cat\u00e9gorie<\/td>\n<td style=\"height: 26px;\">Traitements diab\u00e9tiques<\/td>\n<\/tr>\n<tr style=\"height: 26px;\">\n<td style=\"height: 26px;\">Emplacement<\/td>\n<td style=\"height: 26px;\">C\u00f4te d&rsquo;Ivoire<\/td>\n<\/tr>\n<tr style=\"height: 26px;\">\n<td style=\"height: 26px;\">O\u00f9 acheter?<\/td>\n<td style=\"height: 26px;\"><span style=\"color: #ff0000;\"><a style=\"color: #ff0000;\" href=\"https:\/\/todaykhoe.com\/acheter-diasub-ci\"><span style=\"text-decoration: underline;\">\u25b6\ufe0f\u00a0Site officiel<\/span><\/a><\/span><\/td>\n<\/tr>\n<tr style=\"height: 26px;\">\n<td style=\"height: 26px;\">Disponible en pharmacie<\/td>\n<td style=\"height: 26px;\">Non<\/td>\n<\/tr>\n<tr style=\"height: 26px;\">\n<td style=\"height: 26px;\">Est-ce une arnaque\u00a0?<\/td>\n<td style=\"height: 26px;\">\u26d4\ufe0fLe produit d&rsquo;origine fonctionne<\/td>\n<\/tr>\n<tr style=\"height: 26px;\">\n<td style=\"height: 26px;\">Avis clients<\/td>\n<td style=\"height: 26px;\">\u2b50\ufe0fPositif<\/td>\n<\/tr>\n<tr style=\"height: 26px;\">\n<td style=\"height: 26px;\">Avis d&rsquo;experts<\/td>\n<td style=\"height: 26px;\">Produit recommand\u00e9<\/td>\n<\/tr>\n<tr style=\"height: 26px;\">\n<td style=\"height: 26px;\">Ingr\u00e9dients<\/td>\n<td style=\"height: 26px;\">100% Naturel<\/td>\n<\/tr>\n<tr style=\"height: 26px;\">\n<td style=\"height: 26px;\">Facile \u00e0 utiliser?<\/td>\n<td style=\"height: 26px;\">Oui, voir les instructions<\/td>\n<\/tr>\n<tr style=\"height: 26px;\">\n<td style=\"height: 26px;\">Effets secondaires<\/td>\n<td style=\"height: 26px;\">\u274cAucune<\/td>\n<\/tr>\n<tr style=\"height: 26px;\">\n<td style=\"height: 26px;\">Vendu sur Amazon<\/td>\n<td style=\"height: 26px;\">Pas disponible<\/td>\n<\/tr>\n<\/tbody>\n<\/table>\n<h2>Dans quelle mesure Diasub atteint-il son objectif ?<\/h2>\n<p>Diasub est un traitement \u00e0 base de plantes exceptionnel qui r\u00e9gule efficacement la glyc\u00e9mie, garantissant qu&rsquo;elle reste dans la plage normale et att\u00e9nuant les complications li\u00e9es au diab\u00e8te. D\u2019apr\u00e8s les avis des clients et les commentaires des forums en ligne, la pilule di\u00e9t\u00e9tique contenue dans des capsules semble efficace. De nombreux Malaisiens utilisent ce traitement \u00e0 base de plantes pour g\u00e9rer leur diab\u00e8te. Diasub, un produit d\u00e9velopp\u00e9 par des chercheurs en m\u00e9decine, vise \u00e0 aider les personnes atteintes de diab\u00e8te. Il propose des ingr\u00e9dients biologiques sans aucun danger potentiel.<\/p>\n<p>L&rsquo;utilisation de capsules diasub soulage non seulement les sympt\u00f4mes associ\u00e9s au diab\u00e8te de type 2, mais r\u00e9tablit \u00e9galement le pancr\u00e9as \u00e0 son \u00e9tat fonctionnel normal. La consommation de ces capsules peut en outre am\u00e9liorer l&rsquo;activit\u00e9 du syst\u00e8me endocannabino\u00efde et faciliter le processus de d\u00e9toxification. En am\u00e9liorant la production d&rsquo;insuline, ils permettent de r\u00e9duire le dosage des m\u00e9dicaments contre le diab\u00e8te. Le site officiel offre des \u00e9conomies substantielles aux clients r\u00e9sidant dans des pays \u00e9trangers. Les endocrinologues pr\u00e9conisent cette th\u00e9rapie pour r\u00e9guler la glyc\u00e9mie et renforcer la fonction immunitaire.<\/p>\n<div class=\"block-text\">\n<p class=\"block-6__text wow animate__fadeIn\" data-wow-duration=\"1s\" data-wow-delay=\"1.4s\">Diasub non seulement r\u00e9gule efficacement la glyc\u00e9mie, mais cible \u00e9galement les cellules r\u00e9ceptrices d&rsquo;insuline et les cellules b\u00eata pancr\u00e9atiques, r\u00e9tablissant leurs fonctions et r\u00e9parant les organes endommag\u00e9s caus\u00e9s par cette maladie insidieuse.<\/p>\n<\/div>\n<h3>Les avantages de Diasub:<\/h3>\n<ul>\n<li>Stimule la production d&rsquo;insuline: Diasub relance la production d&rsquo;insuline de votre corps, aidant \u00e0 r\u00e9guler efficacement la glyc\u00e9mie.<\/li>\n<li>Stabilise la glyc\u00e9mie: Il maintient un taux de sucre dans le sang stable, emp\u00eachant les pics soudains ou les accidents.<\/li>\n<li>Pr\u00e9vient l&rsquo;hypoglyc\u00e9mie: Diasub r\u00e9duit le risque d&rsquo;hypoglyc\u00e9mie, une condition dangereuse caus\u00e9e par un faible taux de sucre dans le sang.<\/li>\n<li>Normalise le m\u00e9tabolisme: Il r\u00e9tablit les processus m\u00e9taboliques normaux dans votre corps.<\/li>\n<li>Restaure les organes et les cellules endommag\u00e9s: Diasub aide \u00e0 la r\u00e9paration et au rajeunissement des organes et des cellules endommag\u00e9s.<\/li>\n<li>Augmente la r\u00e9sistance du corps: Il am\u00e9liore la r\u00e9sistance de votre corps aux effets du diab\u00e8te.<\/li>\n<\/ul>\n<h4>Avantages suppl\u00e9mentaires de Diasub:<\/h4>\n<ul>\n<li>R\u00e9gule les fonctions immunitaires<\/li>\n<li>Am\u00e9liore l&rsquo;\u00e9tat de la peau<\/li>\n<li>Normalise les processus m\u00e9taboliques<\/li>\n<li>Am\u00e9liore le bien-\u00eatre psychologique<\/li>\n<\/ul>\n<h3>Comment s&rsquo;inscrire?<\/h3>\n<ul>\n<li>Veuillez remplir le formulaire sur le site officiel<\/li>\n<li>Attendez un appel de notre op\u00e9rateur pour confirmer votre commande<\/li>\n<li>Attendez le coursier et effectuez le paiement d\u00e8s r\u00e9ception de votre commande<\/li>\n<\/ul>\n<h2>O\u00f9 puis-je acheter Diasub et quel est son prix en C\u00f4te d&rsquo;Ivoire ?<\/h2>\n<p>L&rsquo;acquisition de Diasub peut \u00eatre facilement r\u00e9alis\u00e9e en acc\u00e9dant au site Web du fabricant. L&rsquo;introduction d&rsquo;un formulaire de soumission obligatoire pour les clients, supervis\u00e9 par la soci\u00e9t\u00e9, a permis aux d\u00e9veloppeurs d&rsquo;optimiser le processus d&rsquo;achat. Le prix du produit est \u00e9conomique et b\u00e9n\u00e9ficie de r\u00e9ductions de prix r\u00e9guli\u00e8res.<\/p>\n<p>Les clients b\u00e9n\u00e9ficient actuellement d&rsquo;une r\u00e9duction de 50 %. Apr\u00e8s avoir rempli le formulaire, vous pourrez vous d\u00e9tendre et anticiper un appel t\u00e9l\u00e9phonique avant l&rsquo;exp\u00e9dition de la commande. Vous pouvez choisir entre le paiement \u00e0 la livraison ou la livraison sous une semaine.<\/p>\n<p>Attention! Diasub peut \u00eatre achet\u00e9 en utilisant la m\u00eame m\u00e9thode que les autres articles num\u00e9riques. Une fois que le consommateur a rempli le bon de commande et l&rsquo;a v\u00e9rifi\u00e9 par t\u00e9l\u00e9phone, il doit attendre patiemment la livraison, qui peut prendre jusqu&rsquo;\u00e0 une semaine. Le paiement peut \u00eatre effectu\u00e9 soit en contre-remboursement, soit par Internet.<\/p>\n","protected":false},"excerpt":{"rendered":"<h2><span style=\"color: #000000;\">Diasub &#8211; Le meilleur efficace pour perdre du poids<\/span><\/h2>\n<ul>\n<li><span style=\"color: #000000;\">Reduce peso y quema grasa visceral.<\/span><\/li>\n<li><span style=\"color: #000000;\">Reduce los niveles de colesterol malo.<\/span><\/li>\n<li><span style=\"color: #000000;\">Am\u00e9liore l&rsquo;\u00e9tat de la peau<\/span><\/li>\n<\/ul>\n<p><span style=\"font-size: 14pt;\"><b><span style=\"color: #000000;\">Ancien prix: <span style=\"color: #ff0000;\"><del>49800 XOF<\/del><\/span><\/span><br \/>\n<\/b><\/span><\/p>\n<p><span style=\"color: #000000; font-size: 16pt;\"><b>Nouveau prix: <span style=\"color: #33cccc;\">24900 XOF<\/span><\/b><\/span><\/p>\n","protected":false},"featured_media":112892,"comment_status":"open","ping_status":"closed","template":"","meta":[],"product_brand":[],"product_cat":[440],"product_tag":[],"class_list":{"0":"post-112853","1":"product","2":"type-product","3":"status-publish","4":"has-post-thumbnail","6":"product_cat-sante","8":"first","9":"instock","10":"shipping-taxable","11":"product-type-external"},"yoast_head":"<!-- This site is optimized with the Yoast SEO plugin v27.3 - https:\/\/yoast.com\/product\/yoast-seo-wordpress\/ -->\n<title>Diasub CI - G\u00e9lules pour aider le niveau de diab\u00e8te - Prix 2024<\/title>\n<meta name=\"description\" content=\"Les capsules Diasub r\u00e9duisent les sympt\u00f4mes du diab\u00e8te et stabilisent la glyc\u00e9mie. Ces comprim\u00e9s bio nettoient spirituellement et physiquement le foie et le pancr\u00e9as.\" \/>\n<meta name=\"robots\" content=\"index, follow, max-snippet:-1, max-image-preview:large, max-video-preview:-1\" \/>\n<link rel=\"canonical\" href=\"https:\/\/www.todaykhoe.com\/product\/diasub-gelules\/\" \/>\n<meta property=\"og:locale\" content=\"fr_FR\" \/>\n<meta property=\"og:type\" content=\"article\" \/>\n<meta property=\"og:title\" content=\"Diasub CI - G\u00e9lules pour aider le niveau de diab\u00e8te - Prix 2024\" \/>\n<meta property=\"og:description\" content=\"Les capsules Diasub r\u00e9duisent les sympt\u00f4mes du diab\u00e8te et stabilisent la glyc\u00e9mie. Ces comprim\u00e9s bio nettoient spirituellement et physiquement le foie et le pancr\u00e9as.\" \/>\n<meta property=\"og:url\" content=\"https:\/\/www.todaykhoe.com\/product\/diasub-gelules\/\" \/>\n<meta property=\"og:site_name\" content=\"TodayKh\u1ecfe.Com\" \/>\n<meta property=\"article:modified_time\" content=\"2024-07-23T11:41:12+00:00\" \/>\n<meta property=\"og:image\" content=\"https:\/\/www.todaykhoe.com\/wp-content\/uploads\/2024\/07\/Diasub-1.png\" \/>\n\t<meta property=\"og:image:width\" content=\"260\" \/>\n\t<meta property=\"og:image:height\" content=\"265\" \/>\n\t<meta property=\"og:image:type\" content=\"image\/png\" \/>\n<meta name=\"twitter:card\" content=\"summary_large_image\" \/>\n<meta name=\"twitter:label1\" content=\"Dur\u00e9e de lecture estim\u00e9e\" \/>\n\t<meta name=\"twitter:data1\" content=\"5 minutes\" \/>\n<script type=\"application\/ld+json\" class=\"yoast-schema-graph\">{\"@context\":\"https:\\\/\\\/schema.org\",\"@graph\":[{\"@type\":\"WebPage\",\"@id\":\"https:\\\/\\\/www.todaykhoe.com\\\/product\\\/diasub-gelules\\\/\",\"url\":\"https:\\\/\\\/www.todaykhoe.com\\\/product\\\/diasub-gelules\\\/\",\"name\":\"Diasub CI - G\u00e9lules pour aider le niveau de diab\u00e8te - Prix 2024\",\"isPartOf\":{\"@id\":\"https:\\\/\\\/www.todaykhoe.com\\\/#website\"},\"primaryImageOfPage\":{\"@id\":\"https:\\\/\\\/www.todaykhoe.com\\\/product\\\/diasub-gelules\\\/#primaryimage\"},\"image\":{\"@id\":\"https:\\\/\\\/www.todaykhoe.com\\\/product\\\/diasub-gelules\\\/#primaryimage\"},\"thumbnailUrl\":\"https:\\\/\\\/www.todaykhoe.com\\\/wp-content\\\/uploads\\\/2024\\\/07\\\/Diasub-1.png\",\"datePublished\":\"2024-07-23T11:40:19+00:00\",\"dateModified\":\"2024-07-23T11:41:12+00:00\",\"description\":\"Les capsules Diasub r\u00e9duisent les sympt\u00f4mes du diab\u00e8te et stabilisent la glyc\u00e9mie. Ces comprim\u00e9s bio nettoient spirituellement et physiquement le foie et le pancr\u00e9as.\",\"breadcrumb\":{\"@id\":\"https:\\\/\\\/www.todaykhoe.com\\\/product\\\/diasub-gelules\\\/#breadcrumb\"},\"inLanguage\":\"fr-FR\",\"potentialAction\":[{\"@type\":\"ReadAction\",\"target\":[\"https:\\\/\\\/www.todaykhoe.com\\\/product\\\/diasub-gelules\\\/\"]}]},{\"@type\":\"ImageObject\",\"inLanguage\":\"fr-FR\",\"@id\":\"https:\\\/\\\/www.todaykhoe.com\\\/product\\\/diasub-gelules\\\/#primaryimage\",\"url\":\"https:\\\/\\\/www.todaykhoe.com\\\/wp-content\\\/uploads\\\/2024\\\/07\\\/Diasub-1.png\",\"contentUrl\":\"https:\\\/\\\/www.todaykhoe.com\\\/wp-content\\\/uploads\\\/2024\\\/07\\\/Diasub-1.png\",\"width\":260,\"height\":265,\"caption\":\"Diasub\"},{\"@type\":\"BreadcrumbList\",\"@id\":\"https:\\\/\\\/www.todaykhoe.com\\\/product\\\/diasub-gelules\\\/#breadcrumb\",\"itemListElement\":[{\"@type\":\"ListItem\",\"position\":1,\"name\":\"Home\",\"item\":\"https:\\\/\\\/www.todaykhoe.com\\\/\"},{\"@type\":\"ListItem\",\"position\":2,\"name\":\"Shop\",\"item\":\"https:\\\/\\\/www.todaykhoe.com\\\/shop\\\/\"},{\"@type\":\"ListItem\",\"position\":3,\"name\":\"Diasub G\u00e9lules &#8211; CI\"}]},{\"@type\":\"WebSite\",\"@id\":\"https:\\\/\\\/www.todaykhoe.com\\\/#website\",\"url\":\"https:\\\/\\\/www.todaykhoe.com\\\/\",\"name\":\"TodayKh\u1ecfe.Com\",\"description\":\"Healthy Today, Fitness, Nutrition, Beauty, News!\",\"publisher\":{\"@id\":\"https:\\\/\\\/www.todaykhoe.com\\\/#organization\"},\"potentialAction\":[{\"@type\":\"SearchAction\",\"target\":{\"@type\":\"EntryPoint\",\"urlTemplate\":\"https:\\\/\\\/www.todaykhoe.com\\\/?s={search_term_string}\"},\"query-input\":{\"@type\":\"PropertyValueSpecification\",\"valueRequired\":true,\"valueName\":\"search_term_string\"}}],\"inLanguage\":\"fr-FR\"},{\"@type\":\"Organization\",\"@id\":\"https:\\\/\\\/www.todaykhoe.com\\\/#organization\",\"name\":\"TodayKh\u1ecfe.Com\",\"url\":\"https:\\\/\\\/www.todaykhoe.com\\\/\",\"logo\":{\"@type\":\"ImageObject\",\"inLanguage\":\"fr-FR\",\"@id\":\"https:\\\/\\\/www.todaykhoe.com\\\/#\\\/schema\\\/logo\\\/image\\\/\",\"url\":\"https:\\\/\\\/www.todaykhoe.com\\\/wp-content\\\/uploads\\\/2025\\\/04\\\/Todaykhoe.png\",\"contentUrl\":\"https:\\\/\\\/www.todaykhoe.com\\\/wp-content\\\/uploads\\\/2025\\\/04\\\/Todaykhoe.png\",\"width\":706,\"height\":159,\"caption\":\"TodayKh\u1ecfe.Com\"},\"image\":{\"@id\":\"https:\\\/\\\/www.todaykhoe.com\\\/#\\\/schema\\\/logo\\\/image\\\/\"}}]}<\/script>\n<!-- \/ Yoast SEO plugin. -->","yoast_head_json":{"title":"Diasub CI - G\u00e9lules pour aider le niveau de diab\u00e8te - Prix 2024","description":"Les capsules Diasub r\u00e9duisent les sympt\u00f4mes du diab\u00e8te et stabilisent la glyc\u00e9mie. Ces comprim\u00e9s bio nettoient spirituellement et physiquement le foie et le pancr\u00e9as.","robots":{"index":"index","follow":"follow","max-snippet":"max-snippet:-1","max-image-preview":"max-image-preview:large","max-video-preview":"max-video-preview:-1"},"canonical":"https:\/\/www.todaykhoe.com\/product\/diasub-gelules\/","og_locale":"fr_FR","og_type":"article","og_title":"Diasub CI - G\u00e9lules pour aider le niveau de diab\u00e8te - Prix 2024","og_description":"Les capsules Diasub r\u00e9duisent les sympt\u00f4mes du diab\u00e8te et stabilisent la glyc\u00e9mie. Ces comprim\u00e9s bio nettoient spirituellement et physiquement le foie et le pancr\u00e9as.","og_url":"https:\/\/www.todaykhoe.com\/product\/diasub-gelules\/","og_site_name":"TodayKh\u1ecfe.Com","article_modified_time":"2024-07-23T11:41:12+00:00","og_image":[{"width":260,"height":265,"url":"https:\/\/www.todaykhoe.com\/wp-content\/uploads\/2024\/07\/Diasub-1.png","type":"image\/png"}],"twitter_card":"summary_large_image","twitter_misc":{"Dur\u00e9e de lecture estim\u00e9e":"5 minutes"},"schema":{"@context":"https:\/\/schema.org","@graph":[{"@type":"WebPage","@id":"https:\/\/www.todaykhoe.com\/product\/diasub-gelules\/","url":"https:\/\/www.todaykhoe.com\/product\/diasub-gelules\/","name":"Diasub CI - G\u00e9lules pour aider le niveau de diab\u00e8te - Prix 2024","isPartOf":{"@id":"https:\/\/www.todaykhoe.com\/#website"},"primaryImageOfPage":{"@id":"https:\/\/www.todaykhoe.com\/product\/diasub-gelules\/#primaryimage"},"image":{"@id":"https:\/\/www.todaykhoe.com\/product\/diasub-gelules\/#primaryimage"},"thumbnailUrl":"https:\/\/www.todaykhoe.com\/wp-content\/uploads\/2024\/07\/Diasub-1.png","datePublished":"2024-07-23T11:40:19+00:00","dateModified":"2024-07-23T11:41:12+00:00","description":"Les capsules Diasub r\u00e9duisent les sympt\u00f4mes du diab\u00e8te et stabilisent la glyc\u00e9mie. Ces comprim\u00e9s bio nettoient spirituellement et physiquement le foie et le pancr\u00e9as.","breadcrumb":{"@id":"https:\/\/www.todaykhoe.com\/product\/diasub-gelules\/#breadcrumb"},"inLanguage":"fr-FR","potentialAction":[{"@type":"ReadAction","target":["https:\/\/www.todaykhoe.com\/product\/diasub-gelules\/"]}]},{"@type":"ImageObject","inLanguage":"fr-FR","@id":"https:\/\/www.todaykhoe.com\/product\/diasub-gelules\/#primaryimage","url":"https:\/\/www.todaykhoe.com\/wp-content\/uploads\/2024\/07\/Diasub-1.png","contentUrl":"https:\/\/www.todaykhoe.com\/wp-content\/uploads\/2024\/07\/Diasub-1.png","width":260,"height":265,"caption":"Diasub"},{"@type":"BreadcrumbList","@id":"https:\/\/www.todaykhoe.com\/product\/diasub-gelules\/#breadcrumb","itemListElement":[{"@type":"ListItem","position":1,"name":"Home","item":"https:\/\/www.todaykhoe.com\/"},{"@type":"ListItem","position":2,"name":"Shop","item":"https:\/\/www.todaykhoe.com\/shop\/"},{"@type":"ListItem","position":3,"name":"Diasub G\u00e9lules &#8211; CI"}]},{"@type":"WebSite","@id":"https:\/\/www.todaykhoe.com\/#website","url":"https:\/\/www.todaykhoe.com\/","name":"TodayKh\u1ecfe.Com","description":"Healthy Today, Fitness, Nutrition, Beauty, News!","publisher":{"@id":"https:\/\/www.todaykhoe.com\/#organization"},"potentialAction":[{"@type":"SearchAction","target":{"@type":"EntryPoint","urlTemplate":"https:\/\/www.todaykhoe.com\/?s={search_term_string}"},"query-input":{"@type":"PropertyValueSpecification","valueRequired":true,"valueName":"search_term_string"}}],"inLanguage":"fr-FR"},{"@type":"Organization","@id":"https:\/\/www.todaykhoe.com\/#organization","name":"TodayKh\u1ecfe.Com","url":"https:\/\/www.todaykhoe.com\/","logo":{"@type":"ImageObject","inLanguage":"fr-FR","@id":"https:\/\/www.todaykhoe.com\/#\/schema\/logo\/image\/","url":"https:\/\/www.todaykhoe.com\/wp-content\/uploads\/2025\/04\/Todaykhoe.png","contentUrl":"https:\/\/www.todaykhoe.com\/wp-content\/uploads\/2025\/04\/Todaykhoe.png","width":706,"height":159,"caption":"TodayKh\u1ecfe.Com"},"image":{"@id":"https:\/\/www.todaykhoe.com\/#\/schema\/logo\/image\/"}}]}},"_links":{"self":[{"href":"https:\/\/www.todaykhoe.com\/fr\/wp-json\/wp\/v2\/product\/112853","targetHints":{"allow":["GET"]}}],"collection":[{"href":"https:\/\/www.todaykhoe.com\/fr\/wp-json\/wp\/v2\/product"}],"about":[{"href":"https:\/\/www.todaykhoe.com\/fr\/wp-json\/wp\/v2\/types\/product"}],"replies":[{"embeddable":true,"href":"https:\/\/www.todaykhoe.com\/fr\/wp-json\/wp\/v2\/comments?post=112853"}],"wp:featuredmedia":[{"embeddable":true,"href":"https:\/\/www.todaykhoe.com\/fr\/wp-json\/wp\/v2\/media\/112892"}],"wp:attachment":[{"href":"https:\/\/www.todaykhoe.com\/fr\/wp-json\/wp\/v2\/media?parent=112853"}],"wp:term":[{"taxonomy":"product_brand","embeddable":true,"href":"https:\/\/www.todaykhoe.com\/fr\/wp-json\/wp\/v2\/product_brand?post=112853"},{"taxonomy":"product_cat","embeddable":true,"href":"https:\/\/www.todaykhoe.com\/fr\/wp-json\/wp\/v2\/product_cat?post=112853"},{"taxonomy":"product_tag","embeddable":true,"href":"https:\/\/www.todaykhoe.com\/fr\/wp-json\/wp\/v2\/product_tag?post=112853"}],"curies":[{"name":"wp","href":"https:\/\/api.w.org\/{rel}","templated":true}]}}