{"id":159717,"date":"2025-12-16T12:46:14","date_gmt":"2025-12-16T12:46:14","guid":{"rendered":"https:\/\/www.todaykhoe.com\/?post_type=product&#038;p=159717"},"modified":"2025-12-16T12:46:41","modified_gmt":"2025-12-16T12:46:41","slug":"arthrofix-kosovo","status":"publish","type":"product","link":"https:\/\/www.todaykhoe.com\/es\/product\/arthrofix-kosovo\/","title":{"rendered":"Arthrofix Kosovo"},"content":{"rendered":"<p>Shqet\u00ebsim, ngurt\u00ebsim, \u00ebnjtje t\u00eb ky\u00e7eve? Ecja, ngjitja e shkall\u00ebve dhe kryerja e detyrave t\u00eb thjeshta jan\u00eb t\u00eb v\u00ebshtira p\u00ebr shum\u00eb njer\u00ebz. Miliona vuajn\u00eb nga artriti, mosha ose aksidentet. Shumica e kremrave dhe ila\u00e7eve jan\u00eb t\u00eb d\u00ebmshme. T\u00eb gjith\u00eb duan p\u00ebrgjigje natyrale dhe efektive. P\u00ebrfundoni k\u00ebt\u00eb detyr\u00eb me Arthrofix. Vler\u00ebsimet e Arthrofix mbulojn\u00eb \u00e7do aspekt t\u00eb k\u00ebsaj pajisjeje. <a href=\"https:\/\/www.todaykhoe.com\/product\/arthrofix-kosovo\/\">Arthrofix Kosovo<\/a><\/p>\n<p style=\"text-align: center;\"><a href=\"https:\/\/www.todaykhoe.com\/buy-arthrofix-mk-xk\"><span style=\"font-size: 24pt;\"><strong><span class=\"HwtZe\" lang=\"sq\"><span class=\"jCAhz ChMk0b\"><span class=\"ryNqvb\">K\u00cbRKONI K\u00cbTU \u2013 \u201cFAQJA ZYRTARE E INTERNETIT\u201d<\/span><\/span><\/span><\/strong><\/span><\/a><\/p>\n<h2>Kapsula t\u00eb testuara klinikisht p\u00ebr artritin, osteoartritin dhe dhimbjen e ky\u00e7eve<\/h2>\n<ul>\n<li>Terapia m\u00eb e shitur gjermane e ky\u00e7eve<\/li>\n<li>Ulja e dhimbjes dhe \u00ebnjtjes s\u00eb ky\u00e7eve<\/li>\n<li>Ila\u00e7et natyrale riparojn\u00eb ky\u00e7et dhe indet.<\/li>\n<li>P\u00ebrmir\u00ebson gjumin, zvog\u00eblon dhimbjet reumatike dhe t\u00eb osteoartritit dhe synon shpatullat, shpin\u00ebn,<\/li>\n<li>gjunj\u00ebt, b\u00ebrrylat dhe majat e gishtave.<\/li>\n<\/ul>\n<h3>Cili \u00ebsht\u00eb Arthrofix?<\/h3>\n<p>Nj\u00eb shtes\u00eb e re dietike, Arthrofix, zvog\u00eblon dhimbjen dhe \u00ebnjtjen e ky\u00e7eve, rrit fleksibilitetin dhe p\u00ebrmir\u00ebson sh\u00ebndetin e ky\u00e7eve. Kapsulat p\u00ebrmbajn\u00eb p\u00ebrb\u00ebr\u00ebs t\u00eb fuqish\u00ebm natyral\u00eb. Arthrofix n\u00eb p\u00ebrgjith\u00ebsi krijon dhe riparon k\u00ebrcin q\u00eb mbron ky\u00e7et. Rehatia afatgjat\u00eb vjen nga zgjidhja e v\u00ebshtir\u00ebsive, jo nga shmangia e tyre.<\/p>\n<h3>P\u00ebrfundoni detyrat nj\u00ebmujore.<\/h3>\n<ul>\n<li>Leht\u00ebsimi i dhimbjes s\u00eb shpin\u00ebs s\u00eb poshtme dhe ruajtja e ky\u00e7eve. Zvog\u00eblon ngurt\u00ebsin\u00eb dhe rrit fleksibilitetin e ky\u00e7eve n\u00eb 5 dit\u00eb. D\u00ebmtim i shpin\u00ebs s\u00eb poshtme.<\/li>\n<li>Dhimbje n\u00eb gju: Mbajtja e ujit shtriq ky\u00e7et. Stresi zvog\u00eblohet nga lubrifikimi. Ruajtja e fleksibilitetit t\u00eb ky\u00e7eve p\u00ebrmir\u00ebson l\u00ebvizshm\u00ebrin\u00eb dhe rehatin\u00eb e gjurit.<\/li>\n<li>Dhimbja dhe funksioni i ky\u00e7eve p\u00ebrmir\u00ebsohen me osteokondritin.<\/li>\n<li>artriti: Mobilizon dhe qet\u00ebson ky\u00e7et. Zvog\u00eblon dhimbjen dhe inflamacionin. Glukozamina dhe kondroitina 3.48 her\u00eb m\u00eb mir\u00eb.<\/li>\n<li>leht\u00ebson bursitin. Qelizat sinoviale furnizojn\u00eb l\u00ebng bursa t\u00eb pasur me kolagjen dhe proteina. P\u00ebrmir\u00ebson l\u00ebvizshm\u00ebrin\u00eb e ky\u00e7eve dhe gam\u00ebn e l\u00ebvizjes duke zvog\u00ebluar f\u00ebrkimin.<\/li>\n<li>Dhimbja e qaf\u00ebs: Leht\u00ebson artritin dhe shtremb\u00ebrimet. Zvog\u00eblon dhimbjet e kok\u00ebs, marramendjen dhe dhimbjen pas nj\u00eb p\u00ebrdorimi t\u00eb vet\u00ebm.<\/li>\n<\/ul>\n<h3>Sh\u00ebrimi i indit lidh\u00ebs dhe ky\u00e7eve<\/h3>\n<p>Kapsula Arthrofix leht\u00ebson shqet\u00ebsimin kronik t\u00eb ky\u00e7eve dhe qaf\u00ebs q\u00eb pengon jet\u00ebn e p\u00ebrditshme. Jeta dhe l\u00ebvizja p\u00ebrmir\u00ebsohen me Arthrofix! Me p\u00ebrzierjen e saj unike t\u00eb substancave aktive natyrale, Arthrofix ul inflamacionin, stresin dhe dhimbjen akute. Qet\u00ebson, forcon dhe relakson. E leht\u00eb p\u00ebr t\u2019u p\u00ebrdorur: 2 kapsula n\u00eb dit\u00eb; p\u00ebrfitimet fillojn\u00eb pas disa dit\u00ebsh.<\/p>\n<p style=\"text-align: center;\"><span style=\"font-size: 24pt;\"><a href=\"https:\/\/www.todaykhoe.com\/buy-arthrofix-mk-xk\"><strong><span class=\"HwtZe\" lang=\"sq\"><span class=\"jCAhz ChMk0b\"><span class=\"ryNqvb\">K\u00cbRKONI K\u00cbTU \u2013 \u201cFAQJA ZYRTARE E INTERNETIT\u201d<\/span><\/span><\/span><\/strong><\/a><\/span><\/p>\n<h3>Si funksionon Arthrofix?<\/h3>\n<p>Mekanizmi shkencor i Arthrofix. Tre m\u00ebnyra se si kjo p\u00ebrmir\u00ebson sh\u00ebndetin e ky\u00e7eve:<\/p>\n<ul>\n<li>Arthrofix p\u00ebrmban glukozamin\u00eb dhe kondroitin\u00eb q\u00eb nd\u00ebrtojn\u00eb k\u00ebrc. Kimikatet riparojn\u00eb k\u00ebrcin.<\/li>\n<li>Kurkumina dhe boswellia leht\u00ebsojn\u00eb dhimbjen e ky\u00e7eve. Ngurt\u00ebsia dhe dhimbja zvog\u00eblohen me inflamacion autonom.<\/li>\n<li>MSM dhe Acidi Hialuronik rimbushin ky\u00e7et e Arthrofix. F\u00ebrkimi i reduktuar dhe l\u00ebvizshm\u00ebria e shtuar e ky\u00e7eve thjeshtojn\u00eb l\u00ebvizjen.<\/li>\n<\/ul>\n<h3>Krahasuar me rival\u00ebt, Arthrofix<\/h3>\n<p>Studimet gjermane demonstrojn\u00eb 10% dhimbje t\u00eb ky\u00e7eve, por vet\u00ebm 3% veprojn\u00eb. Dhimbja e ngadalt\u00eb e ky\u00e7eve mund t\u00eb pengoj\u00eb l\u00ebvizjen ose t\u00eb k\u00ebrkoj\u00eb kujdes afatgjat\u00eb. Merrni masa tani! Reumatolog\u00ebt kryesor\u00eb evropian\u00eb zhvilluan Arthrofix, procedur\u00ebn m\u00eb t\u00eb suksesshme t\u00eb rigjenerimit t\u00eb ky\u00e7eve.<\/p>\n<p>Medikamentet gjermane trajtojn\u00eb konsumimin e ky\u00e7eve n\u00eb gjer\u00ebsit\u00eb tona gjeografike. Puna n\u00eb zyr\u00eb, sportet dhe mosha diskutohen n\u00eb gjermanisht. Glukozaminoglikanet natyrale t\u00eb Arthrofix sh\u00ebrohen m\u00eb mir\u00eb. Ato zvog\u00eblojn\u00eb shpejt inflamacionin, shqet\u00ebsimin dhe d\u00ebmtimin e k\u00ebrcit\/indit lidh\u00ebs. Riparojn\u00eb d\u00ebmtimin e muskujve dhe en\u00ebve t\u00eb gjakut.<\/p>\n<h3>Pse Arthrofix?<\/h3>\n<p>Ekzistojn\u00eb shum\u00eb produkte p\u00ebr dhimbjen e ky\u00e7eve. Pse Arthrofix?<\/p>\n<ul>\n<li>Pa steroide dhe kimikate.<\/li>\n<li>Duke studiuar t\u00eb gjitha kimikatet.<\/li>\n<li>Kur merren sipas udh\u00ebzimeve, nuk jan\u00eb v\u00ebrejtur efekte an\u00ebsore serioze.<\/li>\n<li>Leht\u00ebsim i dhimbjes s\u00eb ky\u00e7eve dhe trajtim holistik. Pilulat leht\u00ebsojn\u00eb g\u00eblltitjen.<\/li>\n<\/ul>\n<p style=\"text-align: center;\"><span style=\"font-size: 24pt;\"><a href=\"https:\/\/www.todaykhoe.com\/buy-arthrofix-mk-xk\"><strong><span class=\"HwtZe\" lang=\"sq\"><span class=\"jCAhz ChMk0b\"><span class=\"ryNqvb\">K\u00cbRKONI K\u00cbTU \u2013 \u201cFAQJA ZYRTARE E INTERNETIT\u201d<\/span><\/span><\/span><\/strong><\/a><\/span><\/p>\n<h3>P\u00ebrfitimet kryesore t\u00eb Arthrofix<\/h3>\n<p>P\u00ebrfitimet e p\u00ebrdorimit t\u00eb rregullt t\u00eb kapsul\u00ebs Arthrofix:<\/p>\n<ul>\n<li>Dhimbja dhe ngurt\u00ebsimi i ky\u00e7eve zvog\u00eblohen ndjesh\u00ebm.<\/li>\n<li>Ky\u00e7et l\u00ebvizin lirsh\u00ebm.<\/li>\n<li>Skuqja dhe \u00ebnjtja zvog\u00eblohen.<\/li>\n<li>Riparimi i k\u00ebrcit.<\/li>\n<li>Ecja, ngjitja e shkall\u00ebve, etj., jan\u00eb m\u00eb t\u00eb lehta.<\/li>\n<li>Sh\u00ebndet m\u00eb i mir\u00eb i kockave dhe ky\u00e7eve.<\/li>\n<li>Rifilloni ushtrimet pa dhimbje.<\/li>\n<\/ul>\n<h3>Arthrofix \u00ebsht\u00eb m\u00eb i miri p\u00ebr terapin\u00eb e ky\u00e7eve. Pse?<\/h3>\n<p>S\u00ebmundjet e indeve t\u00eb k\u00ebrcit p\u00ebrfshijn\u00eb artroz\u00ebn, poliartritin, koksartroz\u00ebn dhe osteokondroz\u00ebn n\u00eb mbar\u00eb bot\u00ebn. Fatkeq\u00ebsisht, rezultatet aktuale t\u00eb patologjis\u00eb tejkalojn\u00eb kufijt\u00eb e mosh\u00ebs.<\/p>\n<p>\u00c7rregullimet e ky\u00e7eve prekin 50% t\u00eb njer\u00ebzve, gj\u00eb q\u00eb \u00ebsht\u00eb e tmerrshme. M\u00eb t\u00eb pafat jan\u00eb banor\u00ebt q\u00eb preferojn\u00eb terapin\u00eb \u00abjo tradicionale\u00bb, e cila rrit s\u00ebmundjen. Ne prezantuam \u00abAktibion\u00bb n\u00eb sektorin farmaceutik, nj\u00eb trajtim t\u00eb ri t\u00eb indeve t\u00eb k\u00ebrcit. I mir\u00eb p\u00ebr artritin, artroz\u00ebn, osteokondroz\u00ebn dhe problemet muskuloskeletale. Trajton mir\u00eb osteokondroz\u00ebn, artritin, artroz\u00ebn dhe problemet muskuloskeletale.<\/p>\n<p>Vet\u00ebm faqja zyrtare e internetit ofron \u00abAktibion\u00bb p\u00ebr t\u00eb financuar t\u00eb gjitha demografit\u00eb. \u00abAktibion\u00bb u kursen t\u00eb gjith\u00ebve 70% n\u00eb reklamat televizive dhe 300-400% n\u00eb fitimet e marketingut. Studimet masive sugjerojn\u00eb se \u00abAktibion\u00bb riparon t\u00eb gjitha anomalit\u00eb e indeve t\u00eb k\u00ebrcit n\u00eb 1.5-2 muaj. \u00abAktibion\u00bb trajton shkakun, zvog\u00eblon simptomat dhe riparon k\u00ebrcin shpejt.<\/p>\n<h3>A i provoni kapsulat Arthrofix?<\/h3>\n<p>T\u00eb gjitha suplementet duhet t\u00eb p\u00ebrdoren sakt\u00eb. Marrja e Arthrofix \u00ebsht\u00eb e thjesht\u00eb. Prodhuesi rekomandonRekomandohet t\u00eb merrni nj\u00eb kapsul\u00eb me uj\u00eb nj\u00eb ose dy her\u00eb n\u00eb dit\u00eb pas vakteve. Ndiqni udh\u00ebzimet n\u00eb paketim ose k\u00ebshillat e mjekut p\u00ebr dozimin. Rekomandohet dozimi i rregullt dhe i sakt\u00eb.<\/p>\n<h3>Ku mund t\u00eb merrni Arthrofix?<\/h3>\n<p>Mbroni sh\u00ebndetin tuaj. Vet\u00ebm faqja zyrtare e internetit shet Arthrofix. Mallra origjinale, blerje t\u00eb sigurta dhe oferta t\u00eb shk\u00eblqyera. Ndalo blerjen e falsifikimeve n\u00eb internet dhe jasht\u00eb internetit. Faqja zyrtare e internetit lejon porosi t\u00eb shpejt\u00eb n\u00eb internet dhe d\u00ebrges\u00eb n\u00eb sht\u00ebpi. Porosit tani p\u00ebr leht\u00ebsimin e dhimbjeve t\u00eb ky\u00e7eve!<\/p>\n<p style=\"text-align: center;\"><span style=\"font-size: 24pt;\"><a href=\"https:\/\/www.todaykhoe.com\/buy-arthrofix-mk-xk\"><strong><span class=\"HwtZe\" lang=\"sq\"><span class=\"jCAhz ChMk0b\"><span class=\"ryNqvb\">K\u00cbRKONI K\u00cbTU \u2013 \u201cFAQJA ZYRTARE E INTERNETIT\u201d<\/span><\/span><\/span><\/strong><\/a><\/span><\/p>\n<p><a href=\"https:\/\/www.todaykhoe.com\/buy-arthrofix-mk-xk\"><img loading=\"lazy\" decoding=\"async\" class=\"aligncenter size-full wp-image-159676\" src=\"https:\/\/www.todaykhoe.com\/wp-content\/uploads\/2025\/12\/Arthrofix-Macedonia.png\" alt=\"Arthrofix\" width=\"521\" height=\"478\" srcset=\"https:\/\/www.todaykhoe.com\/wp-content\/uploads\/2025\/12\/Arthrofix-Macedonia.png 521w, https:\/\/www.todaykhoe.com\/wp-content\/uploads\/2025\/12\/Arthrofix-Macedonia-300x275.png 300w\" sizes=\"auto, (max-width: 521px) 100vw, 521px\" \/><\/a><\/p>\n<h3>Pyetje t\u00eb shpeshta p\u00ebr Arthrofix<\/h3>\n<p><strong>A ka efekte an\u00ebsore p\u00ebr Arthrofix?<\/strong><br \/>\nN\u00eb doz\u00ebn e duhur, Arthrofix natyral \u00ebsht\u00eb i sigurt. Para p\u00ebrdorimit t\u00eb tij, grat\u00eb shtatz\u00ebna ose ato q\u00eb ushqejn\u00eb me gji dhe personat me gjendje t\u00eb r\u00ebnda sh\u00ebndet\u00ebsore duhet t\u00eb vizitojn\u00eb nj\u00eb mjek.<\/p>\n<p><strong>Koha p\u00ebr rezultate?<\/strong><br \/>\nSh\u00ebndeti individual dhe ashp\u00ebrsia e dhimbjes e p\u00ebrcaktojn\u00eb k\u00ebt\u00eb. Disa v\u00ebrejn\u00eb rezultate brenda disa jav\u00ebsh pas 2-3 muajsh p\u00ebrdorimi t\u00eb vazhduesh\u00ebm.<\/p>\n<p><strong>Mbaroi dhimbjet e ky\u00e7eve?<\/strong><br \/>\nArthrofix leht\u00ebson artritin, artritin reumatoid dhe shqet\u00ebsimin e ky\u00e7eve.<\/p>\n<p><strong>P4: A mund t\u00eb marr ila\u00e7e shtes\u00eb me Arthrofix?<\/strong><br \/>\nP: Pyesni mjekun tuaj para se t\u00eb p\u00ebrdorni Arthrofix me hollues gjaku ose ila\u00e7e p\u00ebr diabetin. Konsultohuni me mjek\u00ebt.<\/p>\n<h3>Vler\u00ebsimet e P\u00ebrdoruesve p\u00ebr Arthrofix<\/h3>\n<p>Vler\u00ebsimet reale t\u00eb Arthrofix n\u00eb internet demonstrojn\u00eb besueshm\u00ebrin\u00eb e tij.<\/p>\n<blockquote><p><strong>Jeta u shkat\u00ebrrua nga dhimbja e gjurit. Mjeku sugjeroi nd\u00ebrhyrje kirurgjikale. Un\u00eb provova Arthrofix. Tre muaj m\u00eb von\u00eb, dhimbja \u00ebsht\u00eb e leht\u00eb. Sh\u00ebtitjet n\u00eb m\u00ebngjes tani jan\u00eb pa dhimbje.\u00bb<\/strong><\/p>\n<p><strong>P\u00ebr vite me radh\u00eb, kisha artrit. Shum\u00eb nga ila\u00e7et e mia kan\u00eb efekte an\u00ebsore. Suksesi \u00ebsht\u00eb i leht\u00eb p\u00ebr Arthrofix. Dhimbjet dhe \u00ebnjtja e duarve jan\u00eb zhdukur.\u00bb<\/strong><\/p>\n<p><strong>L\u00ebndimet n\u00eb palest\u00ebr m\u00eb dhembin shpin\u00ebn. Pilulat Arthrofix ndihmuan. Pa dhimbje, mund t\u00eb ushtroj.\u00bb<\/strong><\/p><\/blockquote>\n<p style=\"text-align: center;\"><span style=\"font-size: 24pt;\"><a href=\"https:\/\/www.todaykhoe.com\/buy-arthrofix-mk-xk\"><strong><span class=\"HwtZe\" lang=\"sq\"><span class=\"jCAhz ChMk0b\"><span class=\"ryNqvb\">K\u00cbRKONI K\u00cbTU \u2013 \u201cFAQJA ZYRTARE E INTERNETIT\u201d<\/span><\/span><\/span><\/strong><\/a><\/span><\/p>\n<h3>P\u00ebrfundim<\/h3>\n<p>Arthrofix leht\u00ebson n\u00eb m\u00ebnyr\u00eb t\u00eb sigurt dhimbjen e ky\u00e7eve, duke ju lejuar t\u00eb jetoni nj\u00eb jet\u00eb aktive dhe t\u00eb lumtur. Formulimet shkencore, p\u00ebrb\u00ebr\u00ebsit natyral\u00eb dhe mij\u00ebra vler\u00ebsime pozitive t\u00eb Arthrofix e b\u00ebjn\u00eb at\u00eb t\u00eb besuesh\u00ebm. Ju duhet q\u00ebndrueshm\u00ebri p\u00ebr t\u00eb pasur sukses. P\u00ebrdorimi adekuat dhe afatgjat\u00eb mund t\u00eb leht\u00ebsoj\u00eb dhimbjen e ky\u00e7eve. Ju mund t\u00eb jetoni m\u00eb mir\u00eb me Arthrofix sot.<\/p>\n","protected":false},"excerpt":{"rendered":"<p><span style=\"font-size: 18pt;\"><strong>Kapsula t\u00eb ky\u00e7eve: \u00c7far\u00eb jan\u00eb, shkaqet, simptomat dhe trajtimi<\/strong><\/span><\/p>\n<ul>\n<li>Mund t\u00eb paguani me para n\u00eb dor\u00eb ose me kart\u00eb krediti kur t\u00eb merrni artikullin.<\/li>\n<li>D\u00ebrgimi b\u00ebhet brenda 2-3 dit\u00ebsh, afati i ruajtjes deri n\u00eb 5 dit\u00eb.<\/li>\n<li>Efekt afatgjat\u00eb pa var\u00ebsi. Edhe pas nd\u00ebrprerjes s\u00eb p\u00ebrdorimit t\u00eb produktit, efektiviteti i tij vazhdon.<\/li>\n<li>4.5 nga 5 yje<\/li>\n<\/ul>\n<p><a href=\"https:\/\/www.todaykhoe.com\/buy-arthrofix-mk-xk\"><strong><span class=\"HwtZe\" lang=\"sq\"><span class=\"jCAhz ChMk0b\"><span class=\"ryNqvb\">K\u00cbRKONI K\u00cbTU \u2013 \u201cFAQJA ZYRTARE E INTERNETIT\u201d<\/span><\/span><\/span><\/strong><\/a><\/p>\n","protected":false},"featured_media":159676,"comment_status":"open","ping_status":"closed","template":"","meta":[],"product_brand":[],"product_cat":[685],"product_tag":[],"class_list":{"0":"post-159717","1":"product","2":"type-product","3":"status-publish","4":"has-post-thumbnail","6":"product_cat-joint-pain-relief","8":"first","9":"instock","10":"shipping-taxable","11":"product-type-external"},"yoast_head":"<!-- This site is optimized with the Yoast SEO plugin v27.3 - https:\/\/yoast.com\/product\/yoast-seo-wordpress\/ -->\n<title>Arthrofix Kosovo: Artrofiks Kapsula p\u00ebr dhimbjet e ky\u00e7eve! \u00c7mimi<\/title>\n<meta name=\"description\" content=\"Arthrofix Kosovo: Artrofiks Kapsula p\u00ebr dhimbjet e ky\u00e7eve! \u00c7mimi, P\u00ebrfitimet, Efektet An\u00ebsore, P\u00ebrb\u00ebr\u00ebsit, Vler\u00ebsimet e P\u00ebrdoruesve dhe Blerja n\u00eb Kosov\u00eb.\" \/>\n<meta name=\"robots\" content=\"index, follow, max-snippet:-1, max-image-preview:large, max-video-preview:-1\" \/>\n<link rel=\"canonical\" href=\"https:\/\/www.todaykhoe.com\/product\/arthrofix-kosovo\/\" \/>\n<meta property=\"og:locale\" content=\"es_ES\" \/>\n<meta property=\"og:type\" content=\"article\" \/>\n<meta property=\"og:title\" content=\"Arthrofix Kosovo: Artrofiks Kapsula p\u00ebr dhimbjet e ky\u00e7eve! \u00c7mimi\" \/>\n<meta property=\"og:description\" content=\"Arthrofix Kosovo: Artrofiks Kapsula p\u00ebr dhimbjet e ky\u00e7eve! \u00c7mimi, P\u00ebrfitimet, Efektet An\u00ebsore, P\u00ebrb\u00ebr\u00ebsit, Vler\u00ebsimet e P\u00ebrdoruesve dhe Blerja n\u00eb Kosov\u00eb.\" \/>\n<meta property=\"og:url\" content=\"https:\/\/www.todaykhoe.com\/product\/arthrofix-kosovo\/\" \/>\n<meta property=\"og:site_name\" content=\"TodayKh\u1ecfe.Com\" \/>\n<meta property=\"article:modified_time\" content=\"2025-12-16T12:46:41+00:00\" \/>\n<meta property=\"og:image\" content=\"https:\/\/www.todaykhoe.com\/wp-content\/uploads\/2025\/12\/Arthrofix-Macedonia.png\" \/>\n\t<meta property=\"og:image:width\" content=\"521\" \/>\n\t<meta property=\"og:image:height\" content=\"478\" \/>\n\t<meta property=\"og:image:type\" content=\"image\/png\" \/>\n<meta name=\"twitter:card\" content=\"summary_large_image\" \/>\n<meta name=\"twitter:label1\" content=\"Tiempo de lectura\" \/>\n\t<meta name=\"twitter:data1\" content=\"7 minutos\" \/>\n<script type=\"application\/ld+json\" class=\"yoast-schema-graph\">{\"@context\":\"https:\\\/\\\/schema.org\",\"@graph\":[{\"@type\":\"WebPage\",\"@id\":\"https:\\\/\\\/www.todaykhoe.com\\\/product\\\/arthrofix-kosovo\\\/\",\"url\":\"https:\\\/\\\/www.todaykhoe.com\\\/product\\\/arthrofix-kosovo\\\/\",\"name\":\"Arthrofix Kosovo: Artrofiks Kapsula p\u00ebr dhimbjet e ky\u00e7eve! \u00c7mimi\",\"isPartOf\":{\"@id\":\"https:\\\/\\\/www.todaykhoe.com\\\/#website\"},\"primaryImageOfPage\":{\"@id\":\"https:\\\/\\\/www.todaykhoe.com\\\/product\\\/arthrofix-kosovo\\\/#primaryimage\"},\"image\":{\"@id\":\"https:\\\/\\\/www.todaykhoe.com\\\/product\\\/arthrofix-kosovo\\\/#primaryimage\"},\"thumbnailUrl\":\"https:\\\/\\\/www.todaykhoe.com\\\/wp-content\\\/uploads\\\/2025\\\/12\\\/Arthrofix-Macedonia.png\",\"datePublished\":\"2025-12-16T12:46:14+00:00\",\"dateModified\":\"2025-12-16T12:46:41+00:00\",\"description\":\"Arthrofix Kosovo: Artrofiks Kapsula p\u00ebr dhimbjet e ky\u00e7eve! \u00c7mimi, P\u00ebrfitimet, Efektet An\u00ebsore, P\u00ebrb\u00ebr\u00ebsit, Vler\u00ebsimet e P\u00ebrdoruesve dhe Blerja n\u00eb Kosov\u00eb.\",\"breadcrumb\":{\"@id\":\"https:\\\/\\\/www.todaykhoe.com\\\/product\\\/arthrofix-kosovo\\\/#breadcrumb\"},\"inLanguage\":\"es\",\"potentialAction\":[{\"@type\":\"ReadAction\",\"target\":[\"https:\\\/\\\/www.todaykhoe.com\\\/product\\\/arthrofix-kosovo\\\/\"]}]},{\"@type\":\"ImageObject\",\"inLanguage\":\"es\",\"@id\":\"https:\\\/\\\/www.todaykhoe.com\\\/product\\\/arthrofix-kosovo\\\/#primaryimage\",\"url\":\"https:\\\/\\\/www.todaykhoe.com\\\/wp-content\\\/uploads\\\/2025\\\/12\\\/Arthrofix-Macedonia.png\",\"contentUrl\":\"https:\\\/\\\/www.todaykhoe.com\\\/wp-content\\\/uploads\\\/2025\\\/12\\\/Arthrofix-Macedonia.png\",\"width\":521,\"height\":478,\"caption\":\"Arthrofix\"},{\"@type\":\"BreadcrumbList\",\"@id\":\"https:\\\/\\\/www.todaykhoe.com\\\/product\\\/arthrofix-kosovo\\\/#breadcrumb\",\"itemListElement\":[{\"@type\":\"ListItem\",\"position\":1,\"name\":\"Home\",\"item\":\"https:\\\/\\\/www.todaykhoe.com\\\/\"},{\"@type\":\"ListItem\",\"position\":2,\"name\":\"Shop\",\"item\":\"https:\\\/\\\/www.todaykhoe.com\\\/shop\\\/\"},{\"@type\":\"ListItem\",\"position\":3,\"name\":\"Arthrofix Kosovo\"}]},{\"@type\":\"WebSite\",\"@id\":\"https:\\\/\\\/www.todaykhoe.com\\\/#website\",\"url\":\"https:\\\/\\\/www.todaykhoe.com\\\/\",\"name\":\"TodayKh\u1ecfe.Com\",\"description\":\"Healthy Today, Fitness, Nutrition, Beauty, News!\",\"publisher\":{\"@id\":\"https:\\\/\\\/www.todaykhoe.com\\\/#organization\"},\"potentialAction\":[{\"@type\":\"SearchAction\",\"target\":{\"@type\":\"EntryPoint\",\"urlTemplate\":\"https:\\\/\\\/www.todaykhoe.com\\\/?s={search_term_string}\"},\"query-input\":{\"@type\":\"PropertyValueSpecification\",\"valueRequired\":true,\"valueName\":\"search_term_string\"}}],\"inLanguage\":\"es\"},{\"@type\":\"Organization\",\"@id\":\"https:\\\/\\\/www.todaykhoe.com\\\/#organization\",\"name\":\"TodayKh\u1ecfe.Com\",\"url\":\"https:\\\/\\\/www.todaykhoe.com\\\/\",\"logo\":{\"@type\":\"ImageObject\",\"inLanguage\":\"es\",\"@id\":\"https:\\\/\\\/www.todaykhoe.com\\\/#\\\/schema\\\/logo\\\/image\\\/\",\"url\":\"https:\\\/\\\/www.todaykhoe.com\\\/wp-content\\\/uploads\\\/2025\\\/04\\\/Todaykhoe.png\",\"contentUrl\":\"https:\\\/\\\/www.todaykhoe.com\\\/wp-content\\\/uploads\\\/2025\\\/04\\\/Todaykhoe.png\",\"width\":706,\"height\":159,\"caption\":\"TodayKh\u1ecfe.Com\"},\"image\":{\"@id\":\"https:\\\/\\\/www.todaykhoe.com\\\/#\\\/schema\\\/logo\\\/image\\\/\"}}]}<\/script>\n<!-- \/ Yoast SEO plugin. -->","yoast_head_json":{"title":"Arthrofix Kosovo: Artrofiks Kapsula p\u00ebr dhimbjet e ky\u00e7eve! \u00c7mimi","description":"Arthrofix Kosovo: Artrofiks Kapsula p\u00ebr dhimbjet e ky\u00e7eve! \u00c7mimi, P\u00ebrfitimet, Efektet An\u00ebsore, P\u00ebrb\u00ebr\u00ebsit, Vler\u00ebsimet e P\u00ebrdoruesve dhe Blerja n\u00eb Kosov\u00eb.","robots":{"index":"index","follow":"follow","max-snippet":"max-snippet:-1","max-image-preview":"max-image-preview:large","max-video-preview":"max-video-preview:-1"},"canonical":"https:\/\/www.todaykhoe.com\/product\/arthrofix-kosovo\/","og_locale":"es_ES","og_type":"article","og_title":"Arthrofix Kosovo: Artrofiks Kapsula p\u00ebr dhimbjet e ky\u00e7eve! \u00c7mimi","og_description":"Arthrofix Kosovo: Artrofiks Kapsula p\u00ebr dhimbjet e ky\u00e7eve! \u00c7mimi, P\u00ebrfitimet, Efektet An\u00ebsore, P\u00ebrb\u00ebr\u00ebsit, Vler\u00ebsimet e P\u00ebrdoruesve dhe Blerja n\u00eb Kosov\u00eb.","og_url":"https:\/\/www.todaykhoe.com\/product\/arthrofix-kosovo\/","og_site_name":"TodayKh\u1ecfe.Com","article_modified_time":"2025-12-16T12:46:41+00:00","og_image":[{"width":521,"height":478,"url":"https:\/\/www.todaykhoe.com\/wp-content\/uploads\/2025\/12\/Arthrofix-Macedonia.png","type":"image\/png"}],"twitter_card":"summary_large_image","twitter_misc":{"Tiempo de lectura":"7 minutos"},"schema":{"@context":"https:\/\/schema.org","@graph":[{"@type":"WebPage","@id":"https:\/\/www.todaykhoe.com\/product\/arthrofix-kosovo\/","url":"https:\/\/www.todaykhoe.com\/product\/arthrofix-kosovo\/","name":"Arthrofix Kosovo: Artrofiks Kapsula p\u00ebr dhimbjet e ky\u00e7eve! \u00c7mimi","isPartOf":{"@id":"https:\/\/www.todaykhoe.com\/#website"},"primaryImageOfPage":{"@id":"https:\/\/www.todaykhoe.com\/product\/arthrofix-kosovo\/#primaryimage"},"image":{"@id":"https:\/\/www.todaykhoe.com\/product\/arthrofix-kosovo\/#primaryimage"},"thumbnailUrl":"https:\/\/www.todaykhoe.com\/wp-content\/uploads\/2025\/12\/Arthrofix-Macedonia.png","datePublished":"2025-12-16T12:46:14+00:00","dateModified":"2025-12-16T12:46:41+00:00","description":"Arthrofix Kosovo: Artrofiks Kapsula p\u00ebr dhimbjet e ky\u00e7eve! \u00c7mimi, P\u00ebrfitimet, Efektet An\u00ebsore, P\u00ebrb\u00ebr\u00ebsit, Vler\u00ebsimet e P\u00ebrdoruesve dhe Blerja n\u00eb Kosov\u00eb.","breadcrumb":{"@id":"https:\/\/www.todaykhoe.com\/product\/arthrofix-kosovo\/#breadcrumb"},"inLanguage":"es","potentialAction":[{"@type":"ReadAction","target":["https:\/\/www.todaykhoe.com\/product\/arthrofix-kosovo\/"]}]},{"@type":"ImageObject","inLanguage":"es","@id":"https:\/\/www.todaykhoe.com\/product\/arthrofix-kosovo\/#primaryimage","url":"https:\/\/www.todaykhoe.com\/wp-content\/uploads\/2025\/12\/Arthrofix-Macedonia.png","contentUrl":"https:\/\/www.todaykhoe.com\/wp-content\/uploads\/2025\/12\/Arthrofix-Macedonia.png","width":521,"height":478,"caption":"Arthrofix"},{"@type":"BreadcrumbList","@id":"https:\/\/www.todaykhoe.com\/product\/arthrofix-kosovo\/#breadcrumb","itemListElement":[{"@type":"ListItem","position":1,"name":"Home","item":"https:\/\/www.todaykhoe.com\/"},{"@type":"ListItem","position":2,"name":"Shop","item":"https:\/\/www.todaykhoe.com\/shop\/"},{"@type":"ListItem","position":3,"name":"Arthrofix Kosovo"}]},{"@type":"WebSite","@id":"https:\/\/www.todaykhoe.com\/#website","url":"https:\/\/www.todaykhoe.com\/","name":"TodayKh\u1ecfe.Com","description":"Healthy Today, Fitness, Nutrition, Beauty, News!","publisher":{"@id":"https:\/\/www.todaykhoe.com\/#organization"},"potentialAction":[{"@type":"SearchAction","target":{"@type":"EntryPoint","urlTemplate":"https:\/\/www.todaykhoe.com\/?s={search_term_string}"},"query-input":{"@type":"PropertyValueSpecification","valueRequired":true,"valueName":"search_term_string"}}],"inLanguage":"es"},{"@type":"Organization","@id":"https:\/\/www.todaykhoe.com\/#organization","name":"TodayKh\u1ecfe.Com","url":"https:\/\/www.todaykhoe.com\/","logo":{"@type":"ImageObject","inLanguage":"es","@id":"https:\/\/www.todaykhoe.com\/#\/schema\/logo\/image\/","url":"https:\/\/www.todaykhoe.com\/wp-content\/uploads\/2025\/04\/Todaykhoe.png","contentUrl":"https:\/\/www.todaykhoe.com\/wp-content\/uploads\/2025\/04\/Todaykhoe.png","width":706,"height":159,"caption":"TodayKh\u1ecfe.Com"},"image":{"@id":"https:\/\/www.todaykhoe.com\/#\/schema\/logo\/image\/"}}]}},"_links":{"self":[{"href":"https:\/\/www.todaykhoe.com\/es\/wp-json\/wp\/v2\/product\/159717","targetHints":{"allow":["GET"]}}],"collection":[{"href":"https:\/\/www.todaykhoe.com\/es\/wp-json\/wp\/v2\/product"}],"about":[{"href":"https:\/\/www.todaykhoe.com\/es\/wp-json\/wp\/v2\/types\/product"}],"replies":[{"embeddable":true,"href":"https:\/\/www.todaykhoe.com\/es\/wp-json\/wp\/v2\/comments?post=159717"}],"wp:featuredmedia":[{"embeddable":true,"href":"https:\/\/www.todaykhoe.com\/es\/wp-json\/wp\/v2\/media\/159676"}],"wp:attachment":[{"href":"https:\/\/www.todaykhoe.com\/es\/wp-json\/wp\/v2\/media?parent=159717"}],"wp:term":[{"taxonomy":"product_brand","embeddable":true,"href":"https:\/\/www.todaykhoe.com\/es\/wp-json\/wp\/v2\/product_brand?post=159717"},{"taxonomy":"product_cat","embeddable":true,"href":"https:\/\/www.todaykhoe.com\/es\/wp-json\/wp\/v2\/product_cat?post=159717"},{"taxonomy":"product_tag","embeddable":true,"href":"https:\/\/www.todaykhoe.com\/es\/wp-json\/wp\/v2\/product_tag?post=159717"}],"curies":[{"name":"wp","href":"https:\/\/api.w.org\/{rel}","templated":true}]}}