{"id":155094,"date":"2025-09-09T10:59:39","date_gmt":"2025-09-09T10:59:39","guid":{"rendered":"https:\/\/todaykhoe.com\/?post_type=product&#038;p=155094"},"modified":"2025-09-09T11:01:21","modified_gmt":"2025-09-09T11:01:21","slug":"artroflex-albania","status":"publish","type":"product","link":"https:\/\/www.todaykhoe.com\/es\/product\/artroflex-albania\/","title":{"rendered":"Artroflex \u00c7mimi AL"},"content":{"rendered":"<p><a href=\"https:\/\/todaykhoe.com\/product\/artroflex-albania\/\">Artroflex<\/a> \u00ebsht\u00eb nj\u00eb suplement i ri p\u00ebr personat mbi 20 vje\u00e7 me shqet\u00ebsime kronike muskuloskeletale nga artriti, osteoartriti ose reumatizmi. Shqiptar\u00ebt mund ta blejn\u00eb Artroflex me zbritje. Mbushjet dhe k\u00ebrkimet e ila\u00e7eve nuk k\u00ebrkojn\u00eb m\u00eb vizita n\u00eb farmaci q\u00eb k\u00ebrkojn\u00eb koh\u00eb. Ne mund t'i eliminojm\u00eb k\u00ebto mund\u00ebsi tani. Porositja e k\u00ebtij produkti p\u00ebrmes faqes zyrtare t\u00eb internetit \u00ebsht\u00eb e thjesht\u00eb. T\u00eb gjitha familjet do t\u00eb marrin d\u00ebrges\u00eb t\u00eb shpejt\u00eb dhe t\u00eb p\u00ebrballueshme nga posta duke p\u00ebrdorur k\u00ebt\u00eb m\u00ebnyr\u00eb. Mos harroni k\u00ebt\u00eb! Nuk do t\u00eb ket\u00eb d\u00ebm nga p\u00ebrdorimi i Artroflex.<\/p>\n<p style=\"text-align: center;\"><a href=\"https:\/\/todaykhoe.com\/blej-artroflex-al\"><span style=\"font-size: 22pt;\"><strong>KONTAKTONI P\u00cbR \u00c7DO GJ\u00cb &#8211; PARA N\u00cb DOR\u00cbZIM N\u00cb DISPOZICION<\/strong><\/span><\/a><\/p>\n<p>Artroflex \u00ebsht\u00eb m\u00eb i miri p\u00ebr trajtimin e kockave, nyjeve dhe artritit. Tani ju kontrolloni jet\u00ebn tuaj. Marrja e rregullt e k\u00ebtyre kapsulave ndihmon n\u00eb uljen e inflamacionit t\u00eb indeve dhe nyjeve dhe promovon sh\u00ebndetin e kockave. Artroflex tani \u00ebsht\u00eb i disponuesh\u00ebm n\u00eb shqip p\u00ebr nj\u00eb \u00e7mim tep\u00ebr t\u00eb ul\u00ebt p\u00ebr nj\u00eb koh\u00eb t\u00eb shkurt\u00ebr. Duhen disa klikime p\u00ebr ta sjell\u00eb k\u00ebt\u00eb produkt n\u00eb der\u00ebn tuaj dhe p\u00ebr ta zgjidhur problemin tuaj shpejt, n\u00eb m\u00ebnyr\u00eb t\u00eb sigurt dhe efektive pa efekte an\u00ebsore. Shmangia e shqet\u00ebsimit t\u00eb provimit t\u00eb nj\u00eb ila\u00e7i ose terapie q\u00eb nuk funksionon do t'ju kursej\u00eb koh\u00eb dhe p\u00ebrpjekje. M\u00eb informoni p\u00ebr vendndodhjen e tij. Faqja e internetit e prodhuesit e shet pajisjen me zbritje dhe ofron udh\u00ebzime n\u00eb shqip. Plus, \u00ebsht\u00eb i disponuesh\u00ebm tani.<\/p>\n<h2>Artroflex \u00ebsht\u00eb i detajuar.<\/h2>\n<p>Artroflex mb\u00ebshtet l\u00ebkur\u00ebn e sh\u00ebndetshme dhe leht\u00ebson dhimbjet e ky\u00e7eve, sipas vler\u00ebsimeve t\u00eb p\u00ebrdoruesve. P\u00ebrb\u00ebr\u00ebsi kryesor i k\u00ebtij produkti, acidi hialuronik, mund t\u00eb ndihmoj\u00eb n\u00eb ruajtjen e sh\u00ebndetit t\u00eb ky\u00e7eve dhe l\u00ebkur\u00ebs.<\/p>\n<p>Purity Products beson se p\u00ebrb\u00ebr\u00ebsit e Artroflex mund t\u00eb rikthejn\u00eb uljen e acidit hialuronik q\u00eb lidhet me mosh\u00ebn. Ky suplement ka p\u00ebrb\u00ebr\u00ebs shtes\u00eb, ose substanca dyt\u00ebsore. K\u00ebto aspekte dyt\u00ebsore e p\u00ebrforcojn\u00eb at\u00eb kryesorin. K\u00ebto ushqejn\u00eb ky\u00e7et p\u00ebr t\u00eb ruajtur fleksibilitetin. Artroflex<\/p>\n<h3>M\u00ebsoni rreth p\u00ebrfitimeve kryesore t\u00eb Artroflex.<\/h3>\n<p>Artroflex ka shum\u00eb p\u00ebrfitime t\u00eb tjera, si\u00e7 dihet mir\u00eb. Ai p\u00ebrb\u00ebn shum\u00eb nga proteinat e trupit, prandaj nuk \u00ebsht\u00eb \u00e7udi. Kjo teknik\u00eb p\u00ebrmir\u00ebson sh\u00ebndetin mendor, t\u00eb zorr\u00ebve dhe t\u00eb skeletit, si dhe atraktivitetin. P\u00ebrve\u00e7 k\u00ebsaj, gjumi i mjaftuesh\u00ebm ndihmon n\u00eb luftimin e lodhjes dhe lejon q\u00eb muskujt tuaj t\u00eb sh\u00ebrohen, duke p\u00ebrmir\u00ebsuar pamjen tuaj.<\/p>\n<ul>\n<li>Ushqyerja optimale me produktin ton\u00eb ndihmon atlet\u00ebt dhe entuziast\u00ebt e fitnesit t\u00eb arrijn\u00eb nj\u00eb fizik ideal, t\u00eb rikuperohen nga st\u00ebrvitjet, t\u00eb rrisin performanc\u00ebn dhe t\u00eb q\u00ebndrojn\u00eb t\u00eb l\u00ebvizsh\u00ebm dhe pa l\u00ebndime.<\/li>\n<li>Qendrat dhe strukturat. Artroflex nd\u00ebrton inde trupore. Ofron struktur\u00eb p\u00ebr indet lidh\u00ebse si l\u00ebkura, kockat, k\u00ebrci, tendinat dhe dh\u00ebmb\u00ebt.<\/li>\n<li>Pa gluten\u2014Trupi juaj ka nevoj\u00eb vet\u00ebm p\u00ebr proteina dhe l\u00ebnd\u00eb ushqyese me cil\u00ebsi t\u00eb lart\u00eb. Vitaminat pa gluten mb\u00ebshtesin sh\u00ebndetin e zorr\u00ebve.<\/li>\n<li>Sh\u00ebndeti i ky\u00e7eve dhe kockave &#8211; K\u00ebto shtesa kolagjeni rrisin funksionin dhe fleksibilitetin e ky\u00e7eve, leht\u00ebsojn\u00eb dhimbjen dhe nd\u00ebrtojn\u00eb e mbrojn\u00eb dend\u00ebsin\u00eb e kockave.<\/li>\n<\/ul>\n<p style=\"text-align: center;\"><span style=\"font-size: 22pt;\"><a href=\"https:\/\/todaykhoe.com\/blej-artroflex-al\"><strong>KONTAKTONI P\u00cbR \u00c7DO GJ\u00cb &#8211; PARA N\u00cb DOR\u00cbZIM N\u00cb DISPOZICION<\/strong><\/a><\/span><\/p>\n<h3>Kur dhe si duhet t\u00eb funksionoj\u00eb Artroflex?<\/h3>\n<p>Artroflex rrit acidin hialuronik t\u00eb ky\u00e7eve. Artroflex origjinal, nj\u00eb ind lidh\u00ebs thelb\u00ebsor, mb\u00ebshtet l\u00ebkur\u00ebn dhe organet e tjera kur p\u00ebrzihet me uj\u00eb. Formula rimbush k\u00ebrcin si kolagjeni i tipit II.<\/p>\n<p>Ushqen ky\u00e7et tuaja, duke i b\u00ebr\u00eb ato m\u00eb t\u00eb forta. Artroflex thith goditjet, rrit fleksibilitetin dhe ndihmon l\u00ebvizjen p\u00ebr t\u00eb mbajtur ky\u00e7et t\u00eb sh\u00ebndetshme. P\u00ebrve\u00e7 k\u00ebsaj, Artroflex mund t\u00eb p\u00ebrmir\u00ebsoj\u00eb sh\u00ebndetin e l\u00ebkur\u00ebs dhe bukurin\u00eb brenda.<\/p>\n<h3>Shqyrtimet e p\u00ebrdoruesve t\u00eb Artroflex, diskutimet n\u00eb forum dhe mendimet e ekspert\u00ebve<\/h3>\n<p>P\u00ebrdoruesit e kapsulave Artroflex mund t\u00eb d\u00ebshmojn\u00eb p\u00ebr efikasitetin e tyre pasi lexojn\u00eb v\u00ebrejtjet e forumit. Kjo substanc\u00eb rrit fleksibilitetin, forc\u00ebn e ky\u00e7eve dhe kockave, si dhe dend\u00ebsin\u00eb e kockave. Indi lidh\u00ebs i korniz\u00ebs suaj trupore gjithashtu ju mb\u00ebshtet. K\u00ebto pilula p\u00ebrmir\u00ebsojn\u00eb performanc\u00ebn dhe l\u00ebvizshm\u00ebrin\u00eb, sipas rishikimeve. Shumica e p\u00ebrdoruesve kan\u00eb vler\u00ebsuar efikasitetin dhe sigurin\u00eb e k\u00ebtij produkti. Vler\u00ebsimet thon\u00eb se pilulat jan\u00eb 100% natyrale, q\u00eb do t\u00eb thot\u00eb se nuk p\u00ebrmbajn\u00eb kimikate sintetike. P\u00ebrfitoni nga \u00e7mimet n\u00eb zbritje dhe merrni k\u00ebt\u00eb produkt tani p\u00ebr t\u00eb p\u00ebrmir\u00ebsuar sh\u00ebndetin tuaj dhe p\u00ebr t\u00eb eliminuar problemet e kockave dhe nyjeve.<\/p>\n<p>P\u00ebrdoruesit e Artroflex kan\u00eb diskutuar hapur p\u00ebrfitimet e tij. Komentet e tyre n\u00eb faqe jan\u00eb t\u00eb dukshme. Ato tregojn\u00eb se indi lidh\u00ebs i fibrave t\u00eb muskujve t\u00eb tyre b\u00ebhet m\u00eb elastik dhe kockat e tyre m\u00eb t\u00eb forta. Ky produkt funksionon sepse p\u00ebrdor vet\u00ebm p\u00ebrb\u00ebr\u00ebs natyral\u00eb. Mungojn\u00eb ngjyrat, shijet dhe konservuesit artificial\u00eb.<\/p>\n<p style=\"text-align: center;\"><span style=\"font-size: 22pt;\"><a href=\"https:\/\/todaykhoe.com\/blej-artroflex-al\"><strong>KONTAKTONI P\u00cbR \u00c7DO GJ\u00cb &#8211; PARA N\u00cb DOR\u00cbZIM N\u00cb DISPOZICION<\/strong><\/a><\/span><\/p>\n<h3>P\u00ebrdorimi i sakt\u00eb i Artroflex.<\/h3>\n<ul>\n<li>Filloni duke marr\u00eb nj\u00eb kapsul\u00eb \u00e7do dit\u00eb.<\/li>\n<li>Hapi 2: Caperceni m\u00eb d\u00ebgjon<\/li>\n<li>Hapi 3: P\u00ebrjetoni efektin e garantuar<\/li>\n<\/ul>\n<h3>P\u00ebrfundim<\/h3>\n<p>Artroflex leht\u00ebson dhimbjet e forta muskuloskeletale shpejt duke p\u00ebrdorur p\u00ebrb\u00ebr\u00ebs natyral\u00eb. Klient\u00ebve u p\u00eblqen produkti, i cili mund t\u00eb porositet n\u00eb internet, dhe rezultatet e tij. Artroflex n\u00eb farmaci tradicionale mund t\u00eb leht\u00ebsoj\u00eb dhimbjet e muskujve.<\/p>\n<p>Artroflex premton t\u00eb p\u00ebrfshij\u00eb p\u00ebrb\u00ebr\u00ebs t\u00eb ve\u00e7ant\u00eb q\u00eb zvog\u00eblojn\u00eb dhimbjen e nyjeve, ruajn\u00eb k\u00ebrcin, rrisin fleksibilitetin dhe rrisin performanc\u00ebn atletike.<\/p>\n<h3>Ku mund ta blejn\u00eb njer\u00ebzit Artroflex?<\/h3>\n<p>Artroflex tani shitet ekskluzivisht n\u00eb faqen e internetit t\u00eb prodhuesit. Nuk ka nevoj\u00eb t\u00eb blini diku tjet\u00ebr. Nj\u00eb farmaci online Artroflex mund ta sjell\u00eb k\u00ebt\u00eb suplement n\u00eb sht\u00ebpin\u00eb tuaj. N\u00ebse nuk \u00ebsht\u00eb n\u00eb nj\u00eb dyqan ose farmaci lokale, importimi i tij nga jasht\u00eb mund t\u00eb mos ia vlej\u00eb rrezikut. Produktet e falsifikuara ose t\u00eb kopjuara mund t\u00eb rrezikojn\u00eb sh\u00ebndetin tuaj. Klikoni lidhjen m\u00eb posht\u00eb p\u00ebr t\u00eb vizituar faqen e tyre t\u00eb internetit dhe ndiqni udh\u00ebzimet. Ndihmojini ata t'ju vler\u00ebsojn\u00eb n\u00eb Artroflex me fakte.<\/p>\n<p style=\"text-align: center;\"><span style=\"font-size: 22pt;\"><a href=\"https:\/\/todaykhoe.com\/blej-artroflex-al\"><strong>KONTAKTONI P\u00cbR \u00c7DO GJ\u00cb &#8211; PARA N\u00cb DOR\u00cbZIM N\u00cb DISPOZICION<\/strong><\/a><\/span><\/p>\n<p><a href=\"https:\/\/todaykhoe.com\/blej-artroflex-al\"><img loading=\"lazy\" decoding=\"async\" class=\"aligncenter size-full wp-image-50649\" src=\"https:\/\/todaykhoe.com\/wp-content\/uploads\/2022\/12\/Artroflex-Porosit.png\" alt=\"Artroflex\" width=\"1077\" height=\"576\" srcset=\"https:\/\/www.todaykhoe.com\/wp-content\/uploads\/2022\/12\/Artroflex-Porosit.png 1077w, https:\/\/www.todaykhoe.com\/wp-content\/uploads\/2022\/12\/Artroflex-Porosit-600x321.png 600w, https:\/\/www.todaykhoe.com\/wp-content\/uploads\/2022\/12\/Artroflex-Porosit-300x160.png 300w, https:\/\/www.todaykhoe.com\/wp-content\/uploads\/2022\/12\/Artroflex-Porosit-1024x548.png 1024w, https:\/\/www.todaykhoe.com\/wp-content\/uploads\/2022\/12\/Artroflex-Porosit-768x411.png 768w\" sizes=\"auto, (max-width: 1077px) 100vw, 1077px\" \/><\/a><\/p>\n","protected":false},"excerpt":{"rendered":"<p><span style=\"font-size: 20pt;\"><strong>Simptomat e leht\u00ebsimit t\u00eb dhimbjeve t\u00eb ky\u00e7eve, trajtimi dhe parandalimi<\/strong><\/span><\/p>\n<ul>\n<li>Mund t\u00eb paguani me para n\u00eb dor\u00eb ose me kart\u00eb krediti kur t\u00eb merrni artikullin.<\/li>\n<li>Dor\u00ebzimi b\u00ebhet brenda 2-3 dit\u00ebsh, afati i ruajtjes \u00ebsht\u00eb deri n\u00eb 5 dit\u00eb.<\/li>\n<li>Paketa mund t\u00eb d\u00ebrgohet n\u00eb sht\u00ebpin\u00eb tuaj ose n\u00eb post\u00eb. Gjithashtu mund ta merrni falas n\u00ebp\u00ebrmjet telefonit me operatorin.<\/li>\n<\/ul>\n<p><a href=\"https:\/\/todaykhoe.com\/blej-artroflex-al\"><strong>KONTAKTONI P\u00cbR \u00c7DO GJ\u00cb &#8211; PARA N\u00cb DOR\u00cbZIM N\u00cb DISPOZICION<\/strong><\/a><\/p>\n","protected":false},"featured_media":50707,"comment_status":"open","ping_status":"closed","template":"","meta":[],"product_brand":[],"product_cat":[685],"product_tag":[],"class_list":{"0":"post-155094","1":"product","2":"type-product","3":"status-publish","4":"has-post-thumbnail","6":"product_cat-joint-pain-relief","8":"first","9":"instock","10":"shipping-taxable","11":"product-type-external"},"yoast_head":"<!-- This site is optimized with the Yoast SEO plugin v27.3 - https:\/\/yoast.com\/product\/yoast-seo-wordpress\/ -->\n<title>Artroflex \u00c7mimi Albania: Kapsula p\u00ebr dhimbje t\u00eb ky\u00e7eve! Vler\u00ebsime<\/title>\n<meta name=\"description\" content=\"Artroflex \u00c7mimi Albania: Kapsula p\u00ebr dhimbje t\u00eb ky\u00e7eve! Vler\u00ebsime, P\u00ebrfitimet, Efektet An\u00ebsore, P\u00ebrb\u00ebr\u00ebsit, Vler\u00ebsimet e P\u00ebrdoruesve dhe Bli n\u00eb Shqip\u00ebri.\" \/>\n<meta name=\"robots\" content=\"index, follow, max-snippet:-1, max-image-preview:large, max-video-preview:-1\" \/>\n<link rel=\"canonical\" href=\"https:\/\/www.todaykhoe.com\/product\/artroflex-albania\/\" \/>\n<meta property=\"og:locale\" content=\"es_ES\" \/>\n<meta property=\"og:type\" content=\"article\" \/>\n<meta property=\"og:title\" content=\"Artroflex \u00c7mimi Albania: Kapsula p\u00ebr dhimbje t\u00eb ky\u00e7eve! Vler\u00ebsime\" \/>\n<meta property=\"og:description\" content=\"Artroflex \u00c7mimi Albania: Kapsula p\u00ebr dhimbje t\u00eb ky\u00e7eve! Vler\u00ebsime, P\u00ebrfitimet, Efektet An\u00ebsore, P\u00ebrb\u00ebr\u00ebsit, Vler\u00ebsimet e P\u00ebrdoruesve dhe Bli n\u00eb Shqip\u00ebri.\" \/>\n<meta property=\"og:url\" content=\"https:\/\/www.todaykhoe.com\/product\/artroflex-albania\/\" \/>\n<meta property=\"og:site_name\" content=\"TodayKh\u1ecfe.Com\" \/>\n<meta property=\"article:modified_time\" content=\"2025-09-09T11:01:21+00:00\" \/>\n<meta property=\"og:image\" content=\"https:\/\/www.todaykhoe.com\/wp-content\/uploads\/2022\/12\/Artroflex-e1671886204328.png\" \/>\n\t<meta property=\"og:image:width\" content=\"450\" \/>\n\t<meta property=\"og:image:height\" content=\"391\" \/>\n\t<meta property=\"og:image:type\" content=\"image\/png\" \/>\n<meta name=\"twitter:card\" content=\"summary_large_image\" \/>\n<meta name=\"twitter:label1\" content=\"Tiempo de lectura\" \/>\n\t<meta name=\"twitter:data1\" content=\"6 minutos\" \/>\n<script type=\"application\/ld+json\" class=\"yoast-schema-graph\">{\"@context\":\"https:\\\/\\\/schema.org\",\"@graph\":[{\"@type\":\"WebPage\",\"@id\":\"https:\\\/\\\/www.todaykhoe.com\\\/product\\\/artroflex-albania\\\/\",\"url\":\"https:\\\/\\\/www.todaykhoe.com\\\/product\\\/artroflex-albania\\\/\",\"name\":\"Artroflex \u00c7mimi Albania: Kapsula p\u00ebr dhimbje t\u00eb ky\u00e7eve! Vler\u00ebsime\",\"isPartOf\":{\"@id\":\"https:\\\/\\\/www.todaykhoe.com\\\/#website\"},\"primaryImageOfPage\":{\"@id\":\"https:\\\/\\\/www.todaykhoe.com\\\/product\\\/artroflex-albania\\\/#primaryimage\"},\"image\":{\"@id\":\"https:\\\/\\\/www.todaykhoe.com\\\/product\\\/artroflex-albania\\\/#primaryimage\"},\"thumbnailUrl\":\"https:\\\/\\\/www.todaykhoe.com\\\/wp-content\\\/uploads\\\/2022\\\/12\\\/Artroflex-e1671886204328.png\",\"datePublished\":\"2025-09-09T10:59:39+00:00\",\"dateModified\":\"2025-09-09T11:01:21+00:00\",\"description\":\"Artroflex \u00c7mimi Albania: Kapsula p\u00ebr dhimbje t\u00eb ky\u00e7eve! Vler\u00ebsime, P\u00ebrfitimet, Efektet An\u00ebsore, P\u00ebrb\u00ebr\u00ebsit, Vler\u00ebsimet e P\u00ebrdoruesve dhe Bli n\u00eb Shqip\u00ebri.\",\"breadcrumb\":{\"@id\":\"https:\\\/\\\/www.todaykhoe.com\\\/product\\\/artroflex-albania\\\/#breadcrumb\"},\"inLanguage\":\"es\",\"potentialAction\":[{\"@type\":\"ReadAction\",\"target\":[\"https:\\\/\\\/www.todaykhoe.com\\\/product\\\/artroflex-albania\\\/\"]}]},{\"@type\":\"ImageObject\",\"inLanguage\":\"es\",\"@id\":\"https:\\\/\\\/www.todaykhoe.com\\\/product\\\/artroflex-albania\\\/#primaryimage\",\"url\":\"https:\\\/\\\/www.todaykhoe.com\\\/wp-content\\\/uploads\\\/2022\\\/12\\\/Artroflex-e1671886204328.png\",\"contentUrl\":\"https:\\\/\\\/www.todaykhoe.com\\\/wp-content\\\/uploads\\\/2022\\\/12\\\/Artroflex-e1671886204328.png\",\"width\":450,\"height\":391,\"caption\":\"Artroflex\"},{\"@type\":\"BreadcrumbList\",\"@id\":\"https:\\\/\\\/www.todaykhoe.com\\\/product\\\/artroflex-albania\\\/#breadcrumb\",\"itemListElement\":[{\"@type\":\"ListItem\",\"position\":1,\"name\":\"Home\",\"item\":\"https:\\\/\\\/www.todaykhoe.com\\\/\"},{\"@type\":\"ListItem\",\"position\":2,\"name\":\"Shop\",\"item\":\"https:\\\/\\\/www.todaykhoe.com\\\/shop\\\/\"},{\"@type\":\"ListItem\",\"position\":3,\"name\":\"Artroflex \u00c7mimi AL\"}]},{\"@type\":\"WebSite\",\"@id\":\"https:\\\/\\\/www.todaykhoe.com\\\/#website\",\"url\":\"https:\\\/\\\/www.todaykhoe.com\\\/\",\"name\":\"TodayKh\u1ecfe.Com\",\"description\":\"Healthy Today, Fitness, Nutrition, Beauty, News!\",\"publisher\":{\"@id\":\"https:\\\/\\\/www.todaykhoe.com\\\/#organization\"},\"potentialAction\":[{\"@type\":\"SearchAction\",\"target\":{\"@type\":\"EntryPoint\",\"urlTemplate\":\"https:\\\/\\\/www.todaykhoe.com\\\/?s={search_term_string}\"},\"query-input\":{\"@type\":\"PropertyValueSpecification\",\"valueRequired\":true,\"valueName\":\"search_term_string\"}}],\"inLanguage\":\"es\"},{\"@type\":\"Organization\",\"@id\":\"https:\\\/\\\/www.todaykhoe.com\\\/#organization\",\"name\":\"TodayKh\u1ecfe.Com\",\"url\":\"https:\\\/\\\/www.todaykhoe.com\\\/\",\"logo\":{\"@type\":\"ImageObject\",\"inLanguage\":\"es\",\"@id\":\"https:\\\/\\\/www.todaykhoe.com\\\/#\\\/schema\\\/logo\\\/image\\\/\",\"url\":\"https:\\\/\\\/www.todaykhoe.com\\\/wp-content\\\/uploads\\\/2025\\\/04\\\/Todaykhoe.png\",\"contentUrl\":\"https:\\\/\\\/www.todaykhoe.com\\\/wp-content\\\/uploads\\\/2025\\\/04\\\/Todaykhoe.png\",\"width\":706,\"height\":159,\"caption\":\"TodayKh\u1ecfe.Com\"},\"image\":{\"@id\":\"https:\\\/\\\/www.todaykhoe.com\\\/#\\\/schema\\\/logo\\\/image\\\/\"}}]}<\/script>\n<!-- \/ Yoast SEO plugin. -->","yoast_head_json":{"title":"Artroflex \u00c7mimi Albania: Kapsula p\u00ebr dhimbje t\u00eb ky\u00e7eve! Vler\u00ebsime","description":"Artroflex \u00c7mimi Albania: Kapsula p\u00ebr dhimbje t\u00eb ky\u00e7eve! Vler\u00ebsime, P\u00ebrfitimet, Efektet An\u00ebsore, P\u00ebrb\u00ebr\u00ebsit, Vler\u00ebsimet e P\u00ebrdoruesve dhe Bli n\u00eb Shqip\u00ebri.","robots":{"index":"index","follow":"follow","max-snippet":"max-snippet:-1","max-image-preview":"max-image-preview:large","max-video-preview":"max-video-preview:-1"},"canonical":"https:\/\/www.todaykhoe.com\/product\/artroflex-albania\/","og_locale":"es_ES","og_type":"article","og_title":"Artroflex \u00c7mimi Albania: Kapsula p\u00ebr dhimbje t\u00eb ky\u00e7eve! Vler\u00ebsime","og_description":"Artroflex \u00c7mimi Albania: Kapsula p\u00ebr dhimbje t\u00eb ky\u00e7eve! Vler\u00ebsime, P\u00ebrfitimet, Efektet An\u00ebsore, P\u00ebrb\u00ebr\u00ebsit, Vler\u00ebsimet e P\u00ebrdoruesve dhe Bli n\u00eb Shqip\u00ebri.","og_url":"https:\/\/www.todaykhoe.com\/product\/artroflex-albania\/","og_site_name":"TodayKh\u1ecfe.Com","article_modified_time":"2025-09-09T11:01:21+00:00","og_image":[{"width":450,"height":391,"url":"https:\/\/www.todaykhoe.com\/wp-content\/uploads\/2022\/12\/Artroflex-e1671886204328.png","type":"image\/png"}],"twitter_card":"summary_large_image","twitter_misc":{"Tiempo de lectura":"6 minutos"},"schema":{"@context":"https:\/\/schema.org","@graph":[{"@type":"WebPage","@id":"https:\/\/www.todaykhoe.com\/product\/artroflex-albania\/","url":"https:\/\/www.todaykhoe.com\/product\/artroflex-albania\/","name":"Artroflex \u00c7mimi Albania: Kapsula p\u00ebr dhimbje t\u00eb ky\u00e7eve! Vler\u00ebsime","isPartOf":{"@id":"https:\/\/www.todaykhoe.com\/#website"},"primaryImageOfPage":{"@id":"https:\/\/www.todaykhoe.com\/product\/artroflex-albania\/#primaryimage"},"image":{"@id":"https:\/\/www.todaykhoe.com\/product\/artroflex-albania\/#primaryimage"},"thumbnailUrl":"https:\/\/www.todaykhoe.com\/wp-content\/uploads\/2022\/12\/Artroflex-e1671886204328.png","datePublished":"2025-09-09T10:59:39+00:00","dateModified":"2025-09-09T11:01:21+00:00","description":"Artroflex \u00c7mimi Albania: Kapsula p\u00ebr dhimbje t\u00eb ky\u00e7eve! Vler\u00ebsime, P\u00ebrfitimet, Efektet An\u00ebsore, P\u00ebrb\u00ebr\u00ebsit, Vler\u00ebsimet e P\u00ebrdoruesve dhe Bli n\u00eb Shqip\u00ebri.","breadcrumb":{"@id":"https:\/\/www.todaykhoe.com\/product\/artroflex-albania\/#breadcrumb"},"inLanguage":"es","potentialAction":[{"@type":"ReadAction","target":["https:\/\/www.todaykhoe.com\/product\/artroflex-albania\/"]}]},{"@type":"ImageObject","inLanguage":"es","@id":"https:\/\/www.todaykhoe.com\/product\/artroflex-albania\/#primaryimage","url":"https:\/\/www.todaykhoe.com\/wp-content\/uploads\/2022\/12\/Artroflex-e1671886204328.png","contentUrl":"https:\/\/www.todaykhoe.com\/wp-content\/uploads\/2022\/12\/Artroflex-e1671886204328.png","width":450,"height":391,"caption":"Artroflex"},{"@type":"BreadcrumbList","@id":"https:\/\/www.todaykhoe.com\/product\/artroflex-albania\/#breadcrumb","itemListElement":[{"@type":"ListItem","position":1,"name":"Home","item":"https:\/\/www.todaykhoe.com\/"},{"@type":"ListItem","position":2,"name":"Shop","item":"https:\/\/www.todaykhoe.com\/shop\/"},{"@type":"ListItem","position":3,"name":"Artroflex \u00c7mimi AL"}]},{"@type":"WebSite","@id":"https:\/\/www.todaykhoe.com\/#website","url":"https:\/\/www.todaykhoe.com\/","name":"TodayKh\u1ecfe.Com","description":"Healthy Today, Fitness, Nutrition, Beauty, News!","publisher":{"@id":"https:\/\/www.todaykhoe.com\/#organization"},"potentialAction":[{"@type":"SearchAction","target":{"@type":"EntryPoint","urlTemplate":"https:\/\/www.todaykhoe.com\/?s={search_term_string}"},"query-input":{"@type":"PropertyValueSpecification","valueRequired":true,"valueName":"search_term_string"}}],"inLanguage":"es"},{"@type":"Organization","@id":"https:\/\/www.todaykhoe.com\/#organization","name":"TodayKh\u1ecfe.Com","url":"https:\/\/www.todaykhoe.com\/","logo":{"@type":"ImageObject","inLanguage":"es","@id":"https:\/\/www.todaykhoe.com\/#\/schema\/logo\/image\/","url":"https:\/\/www.todaykhoe.com\/wp-content\/uploads\/2025\/04\/Todaykhoe.png","contentUrl":"https:\/\/www.todaykhoe.com\/wp-content\/uploads\/2025\/04\/Todaykhoe.png","width":706,"height":159,"caption":"TodayKh\u1ecfe.Com"},"image":{"@id":"https:\/\/www.todaykhoe.com\/#\/schema\/logo\/image\/"}}]}},"_links":{"self":[{"href":"https:\/\/www.todaykhoe.com\/es\/wp-json\/wp\/v2\/product\/155094","targetHints":{"allow":["GET"]}}],"collection":[{"href":"https:\/\/www.todaykhoe.com\/es\/wp-json\/wp\/v2\/product"}],"about":[{"href":"https:\/\/www.todaykhoe.com\/es\/wp-json\/wp\/v2\/types\/product"}],"replies":[{"embeddable":true,"href":"https:\/\/www.todaykhoe.com\/es\/wp-json\/wp\/v2\/comments?post=155094"}],"wp:featuredmedia":[{"embeddable":true,"href":"https:\/\/www.todaykhoe.com\/es\/wp-json\/wp\/v2\/media\/50707"}],"wp:attachment":[{"href":"https:\/\/www.todaykhoe.com\/es\/wp-json\/wp\/v2\/media?parent=155094"}],"wp:term":[{"taxonomy":"product_brand","embeddable":true,"href":"https:\/\/www.todaykhoe.com\/es\/wp-json\/wp\/v2\/product_brand?post=155094"},{"taxonomy":"product_cat","embeddable":true,"href":"https:\/\/www.todaykhoe.com\/es\/wp-json\/wp\/v2\/product_cat?post=155094"},{"taxonomy":"product_tag","embeddable":true,"href":"https:\/\/www.todaykhoe.com\/es\/wp-json\/wp\/v2\/product_tag?post=155094"}],"curies":[{"name":"wp","href":"https:\/\/api.w.org\/{rel}","templated":true}]}}