{"id":119565,"date":"2025-07-17T12:27:59","date_gmt":"2025-07-17T12:27:59","guid":{"rendered":"https:\/\/todaykhoe.com\/?post_type=product&#038;p=119565"},"modified":"2025-07-17T12:28:31","modified_gmt":"2025-07-17T12:28:31","slug":"hondrostart-krema-turkiye","status":"publish","type":"product","link":"https:\/\/www.todaykhoe.com\/es\/product\/hondrostart-krema-turkiye\/","title":{"rendered":"HondroStart Krema"},"content":{"rendered":"<p><a href=\"https:\/\/todaykhoe.com\/product\/hondrostart-krema-turkiye\/\">HondroStart krem<\/a>-jel, sinovyal a\u011fr\u0131y\u0131, \u00f6demi ve kramplar\u0131 h\u0131zla iyile\u015ftirir. Organik merhem, dakikalar i\u00e7inde \u00fcst dermise n\u00fcfuz ederek rahatl\u0131k sa\u011flar. Uygulama b\u00f6lgesinin cildi normale d\u00f6ner. Bir\u00e7ok T\u00fcrk, artrit tedavisi i\u00e7in her g\u00fcn kullan\u0131r. \u00dcreticinin web sitesi herkes i\u00e7in b\u00fcy\u00fck tasarruflar sunar. Forum incelemeleri, HondroStart'\u0131n k\u0131k\u0131rdak ve tendonlar\u0131 g\u00fc\u00e7lendirdi\u011fini belirtiyor. Bilinen bir kontrendikasyonu yoktur.<\/p>\n<p>Ortopedistler, HondroStart'\u0131 inat\u00e7\u0131 artrit i\u00e7in re\u00e7ete eder. Artrit ve osteokondroz hastalar\u0131na ve hareketsiz veya ayakta durma durumlar\u0131nda s\u0131k\u0131\u015f\u0131p kalanlara yard\u0131mc\u0131 olabilir. Bir\u00e7ok sporcu, kas yorgunlu\u011fu kramplar\u0131ndan kurtuldu\u011funu bildirmektedir. %95'lik kombinasyon, h\u0131zl\u0131 sinovyal doku yenilenmesi i\u00e7in \u00f6nerilir. HondroStart, kolajen ve sinovyal doku yenilenmesini art\u0131r\u0131r.<\/p>\n<ul>\n<li>HondroStart Kompleksi bu t\u00fcr semptomlar\u0131 hafifletir.<\/li>\n<li>Sinovitli Osteoartrit<\/li>\n<li>Osteokondroz\/Osteoporoz Buritis<\/li>\n<\/ul>\n<h3>HondroStart &#8211; Neden Var?<\/h3>\n<p>Do\u011fal bir krem-jel olan HondroStart, artrit a\u011fr\u0131s\u0131n\u0131 h\u0131zla hafifletir. Dakikalar i\u00e7inde \u015fi\u015fli\u011fi azalt\u0131r ve cilt tonunu ve dokusunu normalle\u015ftirir. Bu organik eklem a\u011fr\u0131s\u0131 ve kramp merhemi, g\u00fcn boyu oturmaktan veya ayakta durmaktan kaynaklanan osteokondroz ve sertlik i\u00e7indir. Antrenman \u00f6ncesi ve sonras\u0131 kas spazmlar\u0131n\u0131 hafifletir. En iyi re\u00e7etesiz sat\u0131lan anti-inflamatuar ila\u00e7lardan biridir. Ortopedistler, eklem sa\u011fl\u0131\u011f\u0131 ve hareketlili\u011fi i\u00e7in HondroStart krem-jeli \u00f6nermektedir.<\/p>\n<p>HondroStart, amac\u0131 nedeniyle ele\u015ftirilmedi. Eklem rahats\u0131zl\u0131\u011f\u0131 ve kramplar i\u00e7in %95 etkili olan bu organik krem-jel, performans\u0131 art\u0131r\u0131r. Sporcular taraf\u0131ndan d\u00fczenli olarak kullan\u0131l\u0131r. Merhem, giysilerde veya pantolonlarda leke b\u0131rakmadan cilde h\u0131zla n\u00fcfuz eder. \u00d6dem ve k\u0131zar\u0131kl\u0131\u011f\u0131 an\u0131nda azalt\u0131r. Y\u00fcksek seviyeli sinovyal rejenerasyon ve kolajen sentezi \u00fcr\u00fcn\u00fc HondroStart.<\/p>\n<h3>HondroStart Etkileri<\/h3>\n<ul>\n<li>Kemik ve k\u0131k\u0131rda\u011f\u0131 yeniden yap\u0131land\u0131r\u0131r<\/li>\n<li>An\u0131nda a\u011fr\u0131y\u0131 hafifletir<\/li>\n<li>\u0130ltihaplanmay\u0131 azalt\u0131r ve enfeksiyon y\u00f6netimini destekler.<\/li>\n<li>Eklem \u015fi\u015fli\u011fini ve a\u011fr\u0131s\u0131n\u0131 azalt\u0131r<\/li>\n<\/ul>\n<h3>HondroStart Uzman Yorumlar\u0131:<\/h3>\n<p>Genellikle, insanlar rahats\u0131zl\u0131k acil m\u00fcdahale gerektirdi\u011finde bana ba\u015fvururlar. \u015e\u00fcpheli y\u00f6ntemler kullan\u0131larak, hastalar hastal\u0131k sonsuza dek s\u00fcrmeden kurtar\u0131l\u0131r.<\/p>\n<p>\u0130ki \u015feyin anla\u015f\u0131lmas\u0131 gerekir: \u00dcr\u00fcn\u00fc ne kadar erken kullan\u0131rsan\u0131z o kadar iyi sonu\u00e7 verir. \u0130kinci olarak, eklem sorunlar\u0131 i\u00e7 doku hasar\u0131ndan kaynakland\u0131\u011f\u0131 i\u00e7in periyodik olarak uygulanmal\u0131d\u0131r. Derin doku ajanlar\u0131 eklem tedavisinde bask\u0131nd\u0131r. \u00c7o\u011fu tedavi kramp ve a\u011fr\u0131y\u0131 azalt\u0131r, ancak y\u00fcksek kaliteli bir eklem ilac\u0131 en iyisidir. Bence HondroStart krem-jel, g\u00fcn\u00fcm\u00fcz\u00fcn en iyi eklem a\u011fr\u0131s\u0131 tedavisidir. Baz\u0131 durumlarda enjeksiyonlardan ka\u00e7\u0131nmak i\u00e7in modern eklem hastal\u0131\u011f\u0131 anlay\u0131\u015f\u0131n\u0131 kullan\u0131r.<\/p>\n<h3>HondroStart i\u015fte budur:<\/h3>\n<ul>\n<li>Hastal\u0131k semptomlar\u0131n\u0131 etkili bir \u015fekilde hafifletir, dokulara fayda sa\u011flar ve h\u0131zl\u0131 a\u011fr\u0131 kesici sa\u011flar.<\/li>\n<li>A\u011fr\u0131 kayna\u011f\u0131 \u00fczerinde do\u011frudan etkiler;<\/li>\n<li>Dokular\u0131n onar\u0131lmas\u0131na yard\u0131mc\u0131 olur;<\/li>\n<li>Kemik ve eklem rahats\u0131zl\u0131klar\u0131n\u0131 \u00f6nler.<\/li>\n<\/ul>\n<h3>HondroStart Hakk\u0131nda Yorumlar ve \u0130ncelemeler<\/h3>\n<p>HondroStart forumlar\u0131nda olumsuz yorumlara ula\u015fmak m\u00fcmk\u00fcn de\u011fil. Bu do\u011fal artrit ve sinovyal a\u011fr\u0131 tedavisi pop\u00fclerdir. Her ya\u015ftan insan taraf\u0131ndan kullan\u0131l\u0131r ve ayn\u0131 sonu\u00e7lar\u0131 al\u0131r. Serinletici ve gerginliksiz hareket etme \u00f6zelli\u011fi faydalar\u0131d\u0131r. HondroStart krem-jel, ortopedistler taraf\u0131ndan osteokondroz i\u00e7in \u00f6nerilmektedir.<\/p>\n<h3>\u0130ncelemeler:<\/h3>\n<blockquote><p>\u0130\u015f yerinde b\u00fct\u00fcn g\u00fcn oturuyorsan\u0131z, HondroStart idealdir. Kaslar kademeli olarak g\u00fc\u00e7lenir ve iltihap h\u0131zla azal\u0131r. Uyguland\u0131\u011f\u0131nda ruh hali h\u0131zla iyile\u015fir. \u0130ndirimli olarak online sat\u0131n al\u0131n.<\/p>\n<p>\u00abBu krem-jel hareket kabiliyetinizi tamamen geri kazand\u0131racak ve \u015fehirde dola\u015fman\u0131za olanak tan\u0131yacak. Artrit tedavisi i\u00e7in o\u011flum bana g\u00fcnde iki kez HondroStart verdi. \u00ab\u015eikayet etmeyi b\u0131rakt\u0131m ve her zamankinden daha aktifim.\u00bb<\/p>\n<p>\u00abBu krem spor salonundaki performans\u0131n\u0131z\u0131 ve hareket kabiliyetinizi art\u0131r\u0131yor. Antrenmandan \u00f6nce ve sonra kas gerginli\u011fi veya kramp olmadan kullan\u0131labilir. H\u0131zl\u0131 etki eder ve v\u00fccut fonksiyonlar\u0131n\u0131 normalle\u015ftirir.\u201d<\/p><\/blockquote>\n<h3>HondroStart Nas\u0131l Kullan\u0131l\u0131r?<\/h3>\n<ul>\n<li>Eklem b\u00f6lgelerine az miktarda krem-jel uygulay\u0131n.<\/li>\n<li>Sorunlu b\u00f6lgeye nazik\u00e7e masaj yap\u0131n.<\/li>\n<li>G\u00fcnl\u00fck uygulay\u0131n.<\/li>\n<\/ul>\n<h3>HondroStart T\u00fcrkiye Fiyat\u0131 &#8211; Nereden Al\u0131n\u0131r? Eczanelerde sat\u0131l\u0131yor mu?<\/h3>\n<p>T\u00fcrkiye'de uygun fiyatl\u0131 HondroStart krem\/jeli ke\u015ffetmek i\u00e7in resmi web sitesini ziyaret edin. Web sitesi formunu doldurarak organik merhemi alabilirsiniz. Ard\u0131ndan, operat\u00f6r teslimat adresinizi isteyecektir. Teslimat birka\u00e7 i\u015f g\u00fcn\u00fc s\u00fcrer. B\u00fcy\u00fck bir HondroStart indirimi i\u00e7in bug\u00fcn sipari\u015f verin.<\/p>\n<p>Dikkat! Dijital \u00fcr\u00fcnler genellikle sinovyal performans ve i\u015flevsellik i\u00e7in HondroStart krem\/jeli sipari\u015f eder. M\u00fc\u015fteriler sipari\u015f formunu doldurur, onaylamak i\u00e7in arar ve ard\u0131ndan bir hafta s\u00fcrebilen teslimat\u0131 bekler. \u00d6deme kap\u0131da \u00f6demedir.<\/p>\n<p>HondroStart i\u00e7in eczane aramalar\u0131 ba\u015far\u0131s\u0131z oldu. \u00dcretici \u00fcr\u00fcn\u00fc yaln\u0131zca \u00e7evrimi\u00e7i olarak sunuyor. Bu, sezonluk indirimler sa\u011flamas\u0131na ve i\u00e7erik kalitesini izlemesine olanak tan\u0131r. Mercado Libre ve Amazon HondroStart doland\u0131r\u0131c\u0131l\u0131klar\u0131ndan ka\u00e7\u0131n\u0131n.<\/p>\n","protected":false},"excerpt":{"rendered":"<p><span style=\"font-size: 18pt;\"><strong>Eklem Hastal\u0131klar\u0131n\u0131n Belirtilerinden 30 G\u00fcnde Kurtulmak<\/strong><\/span><\/p>\n<ul class=\"list\">\n<li>Kemik ve k\u0131k\u0131rdak dokusunun yenilenmesine yard\u0131mc\u0131 olur<\/li>\n<li>An\u0131nda A\u011fr\u0131n\u0131 kesmek i\u00e7in tedaviyi te\u015fvik Eder<\/li>\n<li>\u0130nflamasyonu durdurmaya yard\u0131mc\u0131 oluyor<\/li>\n<li>Enfeksiyonu \u00f6ld\u00fcrmeye te\u015fvik eder<\/li>\n<li>Eklemde a\u011fr\u0131lar\u0131 ve \u015fi\u015fmeyi gidermeye yard\u0131mc\u0131 oluyor<\/li>\n<\/ul>\n<p><a href=\"https:\/\/todaykhoe.com\/buy-hondrostart-tr\"><span style=\"font-size: 18pt;\"><strong>Her \u015eey \u0130\u00e7in \u0130leti\u015fime Ge\u00e7in<\/strong><\/span><\/a><\/p>\n","protected":false},"featured_media":119566,"comment_status":"open","ping_status":"closed","template":"","meta":[],"product_brand":[],"product_cat":[685],"product_tag":[],"class_list":{"0":"post-119565","1":"product","2":"type-product","3":"status-publish","4":"has-post-thumbnail","6":"product_cat-joint-pain-relief","8":"first","9":"instock","10":"shipping-taxable","11":"product-type-external"},"yoast_head":"<!-- This site is optimized with the Yoast SEO plugin v27.3 - https:\/\/yoast.com\/product\/yoast-seo-wordpress\/ -->\n<title>HondroStart Krema T\u00fcrkiye: Eklemde a\u011fr\u0131lar\u0131 ve \u015fi\u015fmeyi gidermeye yard\u0131mc\u0131 oluyor!<\/title>\n<meta name=\"description\" content=\"HondroStart Krema T\u00fcrkiye: Eklemde a\u011fr\u0131lar\u0131 ve \u015fi\u015fmeyi gidermeye yard\u0131mc\u0131 oluyor! Kemik ve k\u0131k\u0131rdak dokusunun yenilenmesine yard\u0131mc\u0131 olur.\" \/>\n<meta name=\"robots\" content=\"index, follow, max-snippet:-1, max-image-preview:large, max-video-preview:-1\" \/>\n<link rel=\"canonical\" href=\"https:\/\/www.todaykhoe.com\/es\/product\/hondrostart-krema-turkiye\/\" \/>\n<meta property=\"og:locale\" content=\"es_ES\" \/>\n<meta property=\"og:type\" content=\"article\" \/>\n<meta property=\"og:title\" content=\"HondroStart Krema T\u00fcrkiye: Eklemde a\u011fr\u0131lar\u0131 ve \u015fi\u015fmeyi gidermeye yard\u0131mc\u0131 oluyor!\" \/>\n<meta property=\"og:description\" content=\"HondroStart Krema T\u00fcrkiye: Eklemde a\u011fr\u0131lar\u0131 ve \u015fi\u015fmeyi gidermeye yard\u0131mc\u0131 oluyor! Kemik ve k\u0131k\u0131rdak dokusunun yenilenmesine yard\u0131mc\u0131 olur.\" \/>\n<meta property=\"og:url\" content=\"https:\/\/www.todaykhoe.com\/es\/product\/hondrostart-krema-turkiye\/\" \/>\n<meta property=\"og:site_name\" content=\"TodayKh\u1ecfe.Com\" \/>\n<meta property=\"article:modified_time\" content=\"2025-07-17T12:28:31+00:00\" \/>\n<meta property=\"og:image\" content=\"https:\/\/www.todaykhoe.com\/wp-content\/uploads\/2025\/07\/HondroStart-Krema-Turkiye.png\" \/>\n\t<meta property=\"og:image:width\" content=\"416\" \/>\n\t<meta property=\"og:image:height\" content=\"362\" \/>\n\t<meta property=\"og:image:type\" content=\"image\/png\" \/>\n<meta name=\"twitter:card\" content=\"summary_large_image\" \/>\n<meta name=\"twitter:label1\" content=\"Tiempo de lectura\" \/>\n\t<meta name=\"twitter:data1\" content=\"4 minutos\" \/>\n<script type=\"application\/ld+json\" class=\"yoast-schema-graph\">{\"@context\":\"https:\\\/\\\/schema.org\",\"@graph\":[{\"@type\":\"WebPage\",\"@id\":\"https:\\\/\\\/www.todaykhoe.com\\\/es\\\/product\\\/hondrostart-krema-turkiye\\\/\",\"url\":\"https:\\\/\\\/www.todaykhoe.com\\\/es\\\/product\\\/hondrostart-krema-turkiye\\\/\",\"name\":\"HondroStart Krema T\u00fcrkiye: Eklemde a\u011fr\u0131lar\u0131 ve \u015fi\u015fmeyi gidermeye yard\u0131mc\u0131 oluyor!\",\"isPartOf\":{\"@id\":\"https:\\\/\\\/www.todaykhoe.com\\\/#website\"},\"primaryImageOfPage\":{\"@id\":\"https:\\\/\\\/www.todaykhoe.com\\\/es\\\/product\\\/hondrostart-krema-turkiye\\\/#primaryimage\"},\"image\":{\"@id\":\"https:\\\/\\\/www.todaykhoe.com\\\/es\\\/product\\\/hondrostart-krema-turkiye\\\/#primaryimage\"},\"thumbnailUrl\":\"https:\\\/\\\/www.todaykhoe.com\\\/wp-content\\\/uploads\\\/2025\\\/07\\\/HondroStart-Krema-Turkiye.png\",\"datePublished\":\"2025-07-17T12:27:59+00:00\",\"dateModified\":\"2025-07-17T12:28:31+00:00\",\"description\":\"HondroStart Krema T\u00fcrkiye: Eklemde a\u011fr\u0131lar\u0131 ve \u015fi\u015fmeyi gidermeye yard\u0131mc\u0131 oluyor! Kemik ve k\u0131k\u0131rdak dokusunun yenilenmesine yard\u0131mc\u0131 olur.\",\"breadcrumb\":{\"@id\":\"https:\\\/\\\/www.todaykhoe.com\\\/es\\\/product\\\/hondrostart-krema-turkiye\\\/#breadcrumb\"},\"inLanguage\":\"es\",\"potentialAction\":[{\"@type\":\"ReadAction\",\"target\":[\"https:\\\/\\\/www.todaykhoe.com\\\/es\\\/product\\\/hondrostart-krema-turkiye\\\/\"]}]},{\"@type\":\"ImageObject\",\"inLanguage\":\"es\",\"@id\":\"https:\\\/\\\/www.todaykhoe.com\\\/es\\\/product\\\/hondrostart-krema-turkiye\\\/#primaryimage\",\"url\":\"https:\\\/\\\/www.todaykhoe.com\\\/wp-content\\\/uploads\\\/2025\\\/07\\\/HondroStart-Krema-Turkiye.png\",\"contentUrl\":\"https:\\\/\\\/www.todaykhoe.com\\\/wp-content\\\/uploads\\\/2025\\\/07\\\/HondroStart-Krema-Turkiye.png\",\"width\":416,\"height\":362,\"caption\":\"HondroStart Krema T\u00fcrkiye\"},{\"@type\":\"BreadcrumbList\",\"@id\":\"https:\\\/\\\/www.todaykhoe.com\\\/es\\\/product\\\/hondrostart-krema-turkiye\\\/#breadcrumb\",\"itemListElement\":[{\"@type\":\"ListItem\",\"position\":1,\"name\":\"Home\",\"item\":\"https:\\\/\\\/www.todaykhoe.com\\\/\"},{\"@type\":\"ListItem\",\"position\":2,\"name\":\"Shop\",\"item\":\"https:\\\/\\\/www.todaykhoe.com\\\/shop\\\/\"},{\"@type\":\"ListItem\",\"position\":3,\"name\":\"HondroStart Krema\"}]},{\"@type\":\"WebSite\",\"@id\":\"https:\\\/\\\/www.todaykhoe.com\\\/#website\",\"url\":\"https:\\\/\\\/www.todaykhoe.com\\\/\",\"name\":\"TodayKh\u1ecfe.Com\",\"description\":\"Healthy Today, Fitness, Nutrition, Beauty, News!\",\"publisher\":{\"@id\":\"https:\\\/\\\/www.todaykhoe.com\\\/#organization\"},\"potentialAction\":[{\"@type\":\"SearchAction\",\"target\":{\"@type\":\"EntryPoint\",\"urlTemplate\":\"https:\\\/\\\/www.todaykhoe.com\\\/?s={search_term_string}\"},\"query-input\":{\"@type\":\"PropertyValueSpecification\",\"valueRequired\":true,\"valueName\":\"search_term_string\"}}],\"inLanguage\":\"es\"},{\"@type\":\"Organization\",\"@id\":\"https:\\\/\\\/www.todaykhoe.com\\\/#organization\",\"name\":\"TodayKh\u1ecfe.Com\",\"url\":\"https:\\\/\\\/www.todaykhoe.com\\\/\",\"logo\":{\"@type\":\"ImageObject\",\"inLanguage\":\"es\",\"@id\":\"https:\\\/\\\/www.todaykhoe.com\\\/#\\\/schema\\\/logo\\\/image\\\/\",\"url\":\"https:\\\/\\\/www.todaykhoe.com\\\/wp-content\\\/uploads\\\/2025\\\/04\\\/Todaykhoe.png\",\"contentUrl\":\"https:\\\/\\\/www.todaykhoe.com\\\/wp-content\\\/uploads\\\/2025\\\/04\\\/Todaykhoe.png\",\"width\":706,\"height\":159,\"caption\":\"TodayKh\u1ecfe.Com\"},\"image\":{\"@id\":\"https:\\\/\\\/www.todaykhoe.com\\\/#\\\/schema\\\/logo\\\/image\\\/\"}}]}<\/script>\n<!-- \/ Yoast SEO plugin. -->","yoast_head_json":{"title":"HondroStart Krema T\u00fcrkiye: Eklemde a\u011fr\u0131lar\u0131 ve \u015fi\u015fmeyi gidermeye yard\u0131mc\u0131 oluyor!","description":"HondroStart Krema T\u00fcrkiye: Eklemde a\u011fr\u0131lar\u0131 ve \u015fi\u015fmeyi gidermeye yard\u0131mc\u0131 oluyor! Kemik ve k\u0131k\u0131rdak dokusunun yenilenmesine yard\u0131mc\u0131 olur.","robots":{"index":"index","follow":"follow","max-snippet":"max-snippet:-1","max-image-preview":"max-image-preview:large","max-video-preview":"max-video-preview:-1"},"canonical":"https:\/\/www.todaykhoe.com\/es\/product\/hondrostart-krema-turkiye\/","og_locale":"es_ES","og_type":"article","og_title":"HondroStart Krema T\u00fcrkiye: Eklemde a\u011fr\u0131lar\u0131 ve \u015fi\u015fmeyi gidermeye yard\u0131mc\u0131 oluyor!","og_description":"HondroStart Krema T\u00fcrkiye: Eklemde a\u011fr\u0131lar\u0131 ve \u015fi\u015fmeyi gidermeye yard\u0131mc\u0131 oluyor! Kemik ve k\u0131k\u0131rdak dokusunun yenilenmesine yard\u0131mc\u0131 olur.","og_url":"https:\/\/www.todaykhoe.com\/es\/product\/hondrostart-krema-turkiye\/","og_site_name":"TodayKh\u1ecfe.Com","article_modified_time":"2025-07-17T12:28:31+00:00","og_image":[{"width":416,"height":362,"url":"https:\/\/www.todaykhoe.com\/wp-content\/uploads\/2025\/07\/HondroStart-Krema-Turkiye.png","type":"image\/png"}],"twitter_card":"summary_large_image","twitter_misc":{"Tiempo de lectura":"4 minutos"},"schema":{"@context":"https:\/\/schema.org","@graph":[{"@type":"WebPage","@id":"https:\/\/www.todaykhoe.com\/es\/product\/hondrostart-krema-turkiye\/","url":"https:\/\/www.todaykhoe.com\/es\/product\/hondrostart-krema-turkiye\/","name":"HondroStart Krema T\u00fcrkiye: Eklemde a\u011fr\u0131lar\u0131 ve \u015fi\u015fmeyi gidermeye yard\u0131mc\u0131 oluyor!","isPartOf":{"@id":"https:\/\/www.todaykhoe.com\/#website"},"primaryImageOfPage":{"@id":"https:\/\/www.todaykhoe.com\/es\/product\/hondrostart-krema-turkiye\/#primaryimage"},"image":{"@id":"https:\/\/www.todaykhoe.com\/es\/product\/hondrostart-krema-turkiye\/#primaryimage"},"thumbnailUrl":"https:\/\/www.todaykhoe.com\/wp-content\/uploads\/2025\/07\/HondroStart-Krema-Turkiye.png","datePublished":"2025-07-17T12:27:59+00:00","dateModified":"2025-07-17T12:28:31+00:00","description":"HondroStart Krema T\u00fcrkiye: Eklemde a\u011fr\u0131lar\u0131 ve \u015fi\u015fmeyi gidermeye yard\u0131mc\u0131 oluyor! Kemik ve k\u0131k\u0131rdak dokusunun yenilenmesine yard\u0131mc\u0131 olur.","breadcrumb":{"@id":"https:\/\/www.todaykhoe.com\/es\/product\/hondrostart-krema-turkiye\/#breadcrumb"},"inLanguage":"es","potentialAction":[{"@type":"ReadAction","target":["https:\/\/www.todaykhoe.com\/es\/product\/hondrostart-krema-turkiye\/"]}]},{"@type":"ImageObject","inLanguage":"es","@id":"https:\/\/www.todaykhoe.com\/es\/product\/hondrostart-krema-turkiye\/#primaryimage","url":"https:\/\/www.todaykhoe.com\/wp-content\/uploads\/2025\/07\/HondroStart-Krema-Turkiye.png","contentUrl":"https:\/\/www.todaykhoe.com\/wp-content\/uploads\/2025\/07\/HondroStart-Krema-Turkiye.png","width":416,"height":362,"caption":"HondroStart Krema T\u00fcrkiye"},{"@type":"BreadcrumbList","@id":"https:\/\/www.todaykhoe.com\/es\/product\/hondrostart-krema-turkiye\/#breadcrumb","itemListElement":[{"@type":"ListItem","position":1,"name":"Home","item":"https:\/\/www.todaykhoe.com\/"},{"@type":"ListItem","position":2,"name":"Shop","item":"https:\/\/www.todaykhoe.com\/shop\/"},{"@type":"ListItem","position":3,"name":"HondroStart Krema"}]},{"@type":"WebSite","@id":"https:\/\/www.todaykhoe.com\/#website","url":"https:\/\/www.todaykhoe.com\/","name":"TodayKh\u1ecfe.Com","description":"Healthy Today, Fitness, Nutrition, Beauty, News!","publisher":{"@id":"https:\/\/www.todaykhoe.com\/#organization"},"potentialAction":[{"@type":"SearchAction","target":{"@type":"EntryPoint","urlTemplate":"https:\/\/www.todaykhoe.com\/?s={search_term_string}"},"query-input":{"@type":"PropertyValueSpecification","valueRequired":true,"valueName":"search_term_string"}}],"inLanguage":"es"},{"@type":"Organization","@id":"https:\/\/www.todaykhoe.com\/#organization","name":"TodayKh\u1ecfe.Com","url":"https:\/\/www.todaykhoe.com\/","logo":{"@type":"ImageObject","inLanguage":"es","@id":"https:\/\/www.todaykhoe.com\/#\/schema\/logo\/image\/","url":"https:\/\/www.todaykhoe.com\/wp-content\/uploads\/2025\/04\/Todaykhoe.png","contentUrl":"https:\/\/www.todaykhoe.com\/wp-content\/uploads\/2025\/04\/Todaykhoe.png","width":706,"height":159,"caption":"TodayKh\u1ecfe.Com"},"image":{"@id":"https:\/\/www.todaykhoe.com\/#\/schema\/logo\/image\/"}}]}},"_links":{"self":[{"href":"https:\/\/www.todaykhoe.com\/es\/wp-json\/wp\/v2\/product\/119565","targetHints":{"allow":["GET"]}}],"collection":[{"href":"https:\/\/www.todaykhoe.com\/es\/wp-json\/wp\/v2\/product"}],"about":[{"href":"https:\/\/www.todaykhoe.com\/es\/wp-json\/wp\/v2\/types\/product"}],"replies":[{"embeddable":true,"href":"https:\/\/www.todaykhoe.com\/es\/wp-json\/wp\/v2\/comments?post=119565"}],"wp:featuredmedia":[{"embeddable":true,"href":"https:\/\/www.todaykhoe.com\/es\/wp-json\/wp\/v2\/media\/119566"}],"wp:attachment":[{"href":"https:\/\/www.todaykhoe.com\/es\/wp-json\/wp\/v2\/media?parent=119565"}],"wp:term":[{"taxonomy":"product_brand","embeddable":true,"href":"https:\/\/www.todaykhoe.com\/es\/wp-json\/wp\/v2\/product_brand?post=119565"},{"taxonomy":"product_cat","embeddable":true,"href":"https:\/\/www.todaykhoe.com\/es\/wp-json\/wp\/v2\/product_cat?post=119565"},{"taxonomy":"product_tag","embeddable":true,"href":"https:\/\/www.todaykhoe.com\/es\/wp-json\/wp\/v2\/product_tag?post=119565"}],"curies":[{"name":"wp","href":"https:\/\/api.w.org\/{rel}","templated":true}]}}