{"id":160733,"date":"2025-12-23T12:24:27","date_gmt":"2025-12-23T12:24:27","guid":{"rendered":"https:\/\/www.todaykhoe.com\/?post_type=product&#038;p=160733"},"modified":"2025-12-23T12:24:45","modified_gmt":"2025-12-23T12:24:45","slug":"bionetic-czech-republic","status":"publish","type":"product","link":"https:\/\/www.todaykhoe.com\/bn\/product\/bionetic-czech-republic\/","title":{"rendered":"Bionetic Czech Republic"},"content":{"rendered":"<p>Vypad\u00e1v\u00e1n\u00ed vlas\u016f se dnes stalo b\u011b\u017en\u00fdm, ale v\u00e1\u017en\u00fdm probl\u00e9mem lid\u00ed v\u0161ech v\u011bkov\u00fdch kategori\u00ed. Faktory, jako je stres, hormon\u00e1ln\u00ed zm\u011bny, \u0161patn\u00e1 strava a zne\u010di\u0161t\u011bn\u00ed, tento probl\u00e9m zhor\u0161uj\u00ed. V t\u00e9to situaci lid\u00e9 hledaj\u00ed bezpe\u010dn\u00e9 a \u00fa\u010dinn\u00e9 \u0159e\u0161en\u00ed, kter\u00e9 nejen zastav\u00ed vypad\u00e1v\u00e1n\u00ed vlas\u016f, ale tak\u00e9 jim vr\u00e1t\u00ed s\u00edlu a hustotu. S ohledem na tuto pot\u0159ebu se na trhu objevilo n\u011bkolik produkt\u016f, ale jedno jm\u00e9no si rychle z\u00edsk\u00e1v\u00e1 na popularit\u011b \u2013 Bionetic.<\/p>\n<p>Bionetic je vlasov\u00fd lak zalo\u017een\u00fd na modern\u00edm slo\u017een\u00ed, speci\u00e1ln\u011b navr\u017een\u00e9m k aktivaci vlasov\u00fdch folikul\u016f, podpo\u0159e r\u016fstu vlas\u016f a v\u00fd\u017eiv\u011b poko\u017eky hlavy. Mnoho u\u017eivatel\u016f uv\u00e1d\u00ed, \u017ee je velmi u\u017eite\u010dn\u00fd p\u0159i sni\u017eov\u00e1n\u00ed vypad\u00e1v\u00e1n\u00ed vlas\u016f a podpo\u0159e r\u016fstu nov\u00fdch vlas\u016f. Bionetic se snadno pou\u017e\u00edv\u00e1 a rychle se vst\u0159eb\u00e1v\u00e1 do poko\u017eky hlavy bez zanech\u00e1n\u00ed lepivosti, tak\u017ee je velmi vhodn\u00fd pro ka\u017edodenn\u00ed pou\u017eit\u00ed.<\/p>\n<p style=\"text-align: center;\"><a href=\"https:\/\/www.todaykhoe.com\/buy-bionetic-cz\"><strong><span style=\"font-size: 24pt;\">KONTAKTUJTE PRO V\u0160ECHNO &#8211; MO\u017dNOST PLATBY NA DOB\u00cdRKU<\/span><\/strong><\/a><\/p>\n<h2>Co je \u201e<a href=\"https:\/\/www.todaykhoe.com\/product\/bionetic-czech-republic\/\">Bionetic<\/a>\u201c?<\/h2>\n<p>Bionetic je pokro\u010dil\u00fd vlasov\u00fd sprej speci\u00e1ln\u011b navr\u017een\u00fd pro lidi, kte\u0159\u00ed dlouhodob\u011b trp\u00ed vypad\u00e1v\u00e1n\u00edm vlas\u016f, \u0159\u00eddnut\u00edm poko\u017eky hlavy nebo slab\u00fdmi vlasy. Nen\u00ed to jako b\u011b\u017en\u00fd olej nebo dom\u00e1c\u00ed l\u00e9k; m\u00edsto toho obsahuje slo\u017eky, kter\u00e9 pronikaj\u00ed hluboko do poko\u017eky hlavy a aktivuj\u00ed vlasov\u00e9 folikuly. Hlavn\u00edm c\u00edlem p\u0159\u00edpravku Bionetic je zastavit vypad\u00e1v\u00e1n\u00ed vlas\u016f, vy\u017eivit poko\u017eku hlavy a podpo\u0159it r\u016fst nov\u00fdch, siln\u00fdch vlas\u016f.<\/p>\n<p>Bionetic mohou snadno pou\u017e\u00edvat mu\u017ei i \u017eeny. Jeho lehk\u00e1 a nelepiv\u00e1 textura ho odli\u0161uje od ostatn\u00edch vlasov\u00fdch produkt\u016f. Je tak\u00e9 ide\u00e1ln\u00ed pro ty, kte\u0159\u00ed nemaj\u00ed mnoho \u010dasu na p\u00e9\u010di o vlasy. Sta\u010d\u00ed nast\u0159\u00edkat a jemn\u011b vmas\u00edrovat \u2013 a m\u00e1te hotovo. Mnoho u\u017eivatel\u016f ho popisuje jako rychle p\u016fsob\u00edc\u00ed sprej, kter\u00fd po pravideln\u00e9m pou\u017e\u00edv\u00e1n\u00ed dok\u00e1\u017ee uk\u00e1zat viditeln\u00fd r\u016fst vlas\u016f.<\/p>\n<h3>Jak Bionetic funguje?<\/h3>\n<p>Mechanismus \u00fa\u010dinku Bionetic je zalo\u017een na v\u011bdeck\u00fdch principech. Tento sprej se aktivuje ihned po aplikaci na poko\u017eku hlavy a pom\u00e1h\u00e1 zlep\u0161it krevn\u00ed ob\u011bh. Kdy\u017e se zlep\u0161\u00ed krevn\u00ed ob\u011bh v poko\u017ece hlavy, vlasov\u00e9 folikuly dost\u00e1vaj\u00ed v\u00edce v\u00fd\u017eivy a kysl\u00edku, co\u017e zp\u016fsobuje jejich op\u011btovnou aktivitu. Proto pravideln\u00e9 pou\u017e\u00edv\u00e1n\u00ed Bionetic posiluje vlasov\u00e9 ko\u0159\u00ednky a sni\u017euje vypad\u00e1v\u00e1n\u00ed vlas\u016f.<\/p>\n<p>D\u016fle\u017eit\u00e9 je, \u017ee se Bionetic sna\u017e\u00ed revitalizovat odum\u0159el\u00e9 nebo neaktivn\u00ed vlasov\u00e9 folikuly v poko\u017ece hlavy. Pom\u00e1h\u00e1 jim dostat se do f\u00e1ze r\u016fstu. V\u00fdsledkem je zlep\u0161en\u00ed \u0159\u00eddnut\u00ed vlas\u016f, vypln\u011bn\u00ed ple\u0161at\u00fdch m\u00edst a krepat\u00e9 nebo such\u00e9 vlasy se st\u00e1vaj\u00ed m\u011bk\u010d\u00edmi. C\u00edlem Bionetic je postupn\u011b obnovit zdrav\u00ed vlas\u016f do jejich norm\u00e1ln\u00edho stavu, co\u017e m\u016f\u017ee dlouhodob\u011b zajistit lep\u0161\u00ed hustotu a s\u00edlu.<\/p>\n<h3>Pro\u010d si vybrat Bionetic?<\/h3>\n<p>Na trhu jsou k dispozici stovky vlasov\u00fdch produkt\u016f, ale ne ka\u017ed\u00fd je \u00fa\u010dinn\u00fd. Hlavn\u00edmi d\u016fvody pro v\u00fdb\u011br Bionetic jsou snadn\u00e9 pou\u017eit\u00ed, modern\u00ed v\u00fdrobn\u00ed proces a bezpe\u010dn\u00e9 slo\u017een\u00ed. Mnoho lid\u00ed se ob\u00e1v\u00e1 produkt\u016f nebo roztok\u016f s vysok\u00fdm obsahem chemik\u00e1li\u00ed, kter\u00e9 mohou m\u00edt vedlej\u0161\u00ed \u00fa\u010dinky. Bionetic je naopak dod\u00e1v\u00e1n ve form\u011b jemn\u00e9ho spreje, kter\u00fd je lehk\u00fd, nelepiv\u00fd a \u0161etrn\u00fd k poko\u017ece hlavy. U\u017eivatel\u00e9 uv\u00e1d\u011bj\u00ed, \u017ee jej mohou bez probl\u00e9m\u016f pou\u017e\u00edvat denn\u011b.<\/p>\n<p>Je to proto, \u017ee Bionetic si osvojilo mnoho lid\u00ed, kte\u0159\u00ed zaznamenali pozitivn\u00ed v\u00fdsledky v oblasti op\u011btovn\u00e9ho r\u016fstu vlas\u016f. Jeho pou\u017e\u00edv\u00e1n\u00ed je pova\u017eov\u00e1no za u\u017eite\u010dn\u00e9 v prevenci vypad\u00e1v\u00e1n\u00ed vlas\u016f a zlep\u0161en\u00ed hustoty vlas\u016f. Pokud chcete produkt p\u00e9\u010de o vlasy, kter\u00fd postupn\u011b vykazuje v\u00fdsledky, Bionetic by pro v\u00e1s mohl b\u00fdt vhodnou volbou.<\/p>\n<h3>V\u00fdhody Bionetic<\/h3>\n<p>Nejv\u011bt\u0161\u00edm l\u00e1kadlem ka\u017ed\u00e9ho vlasov\u00e9ho produktu jsou jeho v\u00fdhody. Sprej Bionetic je speci\u00e1ln\u011b vyvinut\u00fd tak, aby vy\u017eivoval vlasy zevnit\u0159, posiloval ko\u0159\u00ednky a podporoval r\u016fst nov\u00fdch vlas\u016f. Pom\u00e1h\u00e1 udr\u017eovat poko\u017eku hlavy zdravou, co\u017e m\u016f\u017ee dlouhodob\u011b zlep\u0161it probl\u00e9my, jako je \u0159\u00eddnut\u00ed vlas\u016f. Jeho nemastn\u00e1 textura a lehk\u00e1 v\u016fn\u011b ho \u010din\u00ed vhodn\u00fdm pro ka\u017edodenn\u00ed pou\u017eit\u00ed. Bionetic si klade za c\u00edl dodat vlas\u016fm p\u0159irozen\u00fd lesk, sn\u00ed\u017eit suchost a o\u017eivit ko\u0159\u00ednky.<\/p>\n<p><strong>V\u00fdhody:<\/strong><\/p>\n<ul>\n<li>Pom\u00e1h\u00e1 omezit vypad\u00e1v\u00e1n\u00ed vlas\u016f<\/li>\n<li>Podporuje aktivaci vlasov\u00fdch folikul\u016f<\/li>\n<li>Pom\u00e1h\u00e1 zlep\u0161it krevn\u00ed ob\u011bh v poko\u017ece hlavy<\/li>\n<li>Podporuje r\u016fst nov\u00fdch vlas\u016f<\/li>\n<li>Siln\u011bj\u0161\u00ed slab\u00e9 a tenk\u00e9 vlasy<\/li>\n<li>Pom\u00e1h\u00e1 omezit suchost poko\u017eky hlavy<\/li>\n<li>Nelepiv\u00e9 a snadno pou\u017eiteln\u00e9 slo\u017een\u00ed<\/li>\n<li>Vhodn\u00e9 pro mu\u017ee i \u017eeny<\/li>\n<\/ul>\n<p style=\"text-align: center;\"><span style=\"font-size: 24pt;\"><a href=\"https:\/\/www.todaykhoe.com\/buy-bionetic-cz\"><strong>KONTAKTUJTE PRO V\u0160ECHNO &#8211; MO\u017dNOST PLATBY NA DOB\u00cdRKU<\/strong><\/a><\/span><\/p>\n<h3>Jak pou\u017e\u00edvat sprej Bionetic?<\/h3>\n<ul>\n<li>Pou\u017e\u00edv\u00e1n\u00ed spreje Bionetic je velmi snadn\u00e9. Postupujte podle n\u00e1sleduj\u00edc\u00edch krok\u016f:<\/li>\n<li>Udr\u017eujte vlasy a poko\u017eku hlavy \u010dist\u00e9 a such\u00e9.<\/li>\n<li>Jemn\u011b prot\u0159epejte lahvi\u010dku Bionetic.<\/li>\n<li>Nast\u0159\u00edkejte p\u0159\u00edmo na posti\u017eenou oblast poko\u017eky hlavy.<\/li>\n<li>Jemn\u011b mas\u00edrujte 1-2 minuty kone\u010dky prst\u016f. Nen\u00ed t\u0159eba oplachovat.<\/li>\n<li>Pro dosa\u017een\u00ed nejlep\u0161\u00edch v\u00fdsledk\u016f pou\u017e\u00edvejte 1\u20132kr\u00e1t denn\u011b.<\/li>\n<\/ul>\n<h3>Kde mohu koupit Bionetic?<\/h3>\n<ul>\n<li>N\u00e1kup Bionetic z ofici\u00e1ln\u00edch webov\u00fdch str\u00e1nek je obvykle nejbezpe\u010dn\u011bj\u0161\u00ed a nejspolehliv\u011bj\u0161\u00ed zp\u016fsob.<\/li>\n<li>Tam najdete origin\u00e1ln\u00ed produkt a aktu\u00e1ln\u00ed nab\u00eddky.<\/li>\n<li>N\u011bkdy prodejci t\u0159et\u00edch stran prod\u00e1vaj\u00ed duplik\u00e1ty, proto je lep\u0161\u00ed nakupovat od ofici\u00e1ln\u00edho zdroje.<\/li>\n<\/ul>\n<h3>Ot\u00e1zky a odpov\u011bdi k Bioneticu<\/h3>\n<p><strong>Ot\u00e1zka 1: Mohou Bionetic pou\u017e\u00edvat mu\u017ei i \u017eeny?<\/strong><br \/>\nAno, Bionetic je formulov\u00e1n jako unisex produkt. Je vhodn\u00fd pro mu\u017ee i \u017eeny.<\/p>\n<p><strong>Ot\u00e1zka 2: Poskytuje okam\u017eit\u00e9 v\u00fdsledky?<\/strong><br \/>\nNe, \u017e\u00e1dn\u00fd produkt na r\u016fst vlas\u016f nem\u016f\u017ee poskytnout okam\u017eit\u00e9 v\u00fdsledky. Bionetic postupuje postupn\u011b. Zlep\u0161en\u00ed je viditeln\u00e9 a\u017e po pravideln\u00e9m pou\u017e\u00edv\u00e1n\u00ed.<\/p>\n<p><strong>Ot\u00e1zka 3: Je bezpe\u010dn\u00fd pro osoby s citlivou poko\u017ekou hlavy?<\/strong><br \/>\nV\u011bt\u0161ina u\u017eivatel\u016f uvedla, \u017ee je citliv\u00fd na poko\u017eku hlavy.P\u0159\u00e1telsk\u00fd, ale osoby s velmi citlivou poko\u017ekou mohou prov\u00e9st test na mal\u00e9 plo\u0161e k\u016f\u017ee.<\/p>\n<p><strong>Ot\u00e1zka 4: M\u016f\u017ee vyl\u00e9\u010dit ple\u0161atost?<\/strong><br \/>\nTo nelze tvrdit. M\u016f\u017ee v\u0161ak b\u00fdt u\u017eite\u010dn\u00fd v p\u0159\u00edpadech \u0159\u00eddnut\u00ed vlas\u016f, slab\u00fdch vlas\u016f a m\u00edrn\u00e9ho a\u017e st\u0159edn\u011b siln\u00e9ho vypad\u00e1v\u00e1n\u00ed vlas\u016f.<\/p>\n<p><strong>Ot\u00e1zka 5: Lze jej pou\u017e\u00edt po aplikaci oleje?<\/strong><br \/>\nNe. M\u011bl by se v\u017edy pou\u017e\u00edvat na \u010distou a suchou poko\u017eku hlavy.<\/p>\n<h3>Recenze Bionetic<\/h3>\n<p><strong>Jan:<\/strong> \u0159\u00edk\u00e1, \u017ee jeho vypad\u00e1v\u00e1n\u00ed vlas\u016f se v posledn\u00edch dvou letech neust\u00e1le zvy\u0161ovalo. Vyzkou\u0161el mnoho olej\u016f, \u0161ampon\u016f a dom\u00e1c\u00edch prost\u0159edk\u016f, ale dos\u00e1hl pouze do\u010dasn\u00fdch v\u00fdsledk\u016f. Kdy\u017e za\u010dal pou\u017e\u00edvat Bionetic sprej, v\u0161iml si m\u00edrn\u00e9ho sn\u00ed\u017een\u00ed vypad\u00e1v\u00e1n\u00ed vlas\u016f b\u011bhem prvn\u00edch 15\u201320 dn\u016f. Jan \u0159\u00edk\u00e1, \u017ee po 2 m\u011bs\u00edc\u00edch pou\u017e\u00edv\u00e1n\u00ed zmizela suchost poko\u017eky hlavy a jeho vlasy za\u010daly znovu nab\u00fdvat sv\u00e9 d\u0159\u00edv\u011bj\u0161\u00ed s\u00edly. Zm\u00ednil, \u017ee Bionetic nelep\u00ed a ani p\u0159i aplikaci dvakr\u00e1t denn\u011b nevznik\u00e1 \u017e\u00e1dn\u00fd probl\u00e9m s lepen\u00edm ani z\u00e1pachem. Jeho z\u00e1v\u011br je, \u017ee poskytuje pomal\u00e9, ale stabiln\u00ed v\u00fdsledky a p\u0159i pravideln\u00e9m pou\u017e\u00edv\u00e1n\u00ed se ukazuje jako velmi prosp\u011b\u0161n\u00fd.<\/p>\n<p><strong>Eli\u0161ka:<\/strong> Eli\u0161ka trp\u011bla posledn\u00ed rok \u0159\u00eddnut\u00edm vlas\u016f a slab\u00fdmi ko\u0159\u00ednky. Podle n\u00ed sprej Bionetic znateln\u011b zlep\u0161il hustotu jej\u00edch vlas\u016f. Eli\u0161ka \u0159\u00edk\u00e1, \u017ee tento sprej pomohl pos\u00edlit jej\u00ed \u0159\u00eddk\u00e9 vlasy a postupn\u011b se zm\u00edrnil i dlouhodob\u00fd probl\u00e9m s krepat\u011bn\u00edm. \u0158\u00edk\u00e1, \u017ee jej\u00ed vlasy jsou nyn\u00ed mnohem hlad\u0161\u00ed a l\u00e9pe upraviteln\u00e9 ne\u017e d\u0159\u00edve. Eli\u0161ka je tak\u00e9 r\u00e1da, \u017ee po aplikaci tohoto produktu m\u016f\u017ee pohodln\u011b vych\u00e1zet ven, proto\u017ee v\u016fbec nevypad\u00e1 mastn\u011b. Podle jejich n\u00e1zoru je Bionetic dobr\u00fdm \u0159e\u0161en\u00edm pro lidi, kter\u00fdm vlasy rychle \u0159\u00eddnou.<\/p>\n<p><strong>Tom\u00e1\u0161:<\/strong> Tom\u00e1\u0161 hl\u00e1sil, \u017ee mu vlasov\u00e1 linie postupn\u011b ustupuje a \u0159\u00eddnut\u00ed se zvy\u0161uje v bl\u00edzkosti sp\u00e1nk\u016f. Bionetic pou\u017e\u00edval pravideln\u011b 3 m\u011bs\u00edce. Tom\u00e1\u0161ova zku\u0161enost byla, \u017ee v prvn\u00edm m\u011bs\u00edci se v\u00fdrazn\u011b sn\u00ed\u017eilo vypad\u00e1v\u00e1n\u00ed vlas\u016f a ve druh\u00e9m m\u011bs\u00edci za\u010daly r\u016fst d\u011btsk\u00e9 vl\u00e1sky. Obzvl\u00e1\u0161t\u011b se mu l\u00edbilo, \u017ee sprej poskytuje poko\u017ece hlavy chladiv\u00fd pocit a rychle se vst\u0159eb\u00e1v\u00e1. Tom\u00e1\u0161 \u0159\u00edk\u00e1, \u017ee d\u0159\u00edve pou\u017e\u00edval mnoho drah\u00fdch produkt\u016f, ale Bionetic byl pro n\u011bj pom\u011brn\u011b \u00fa\u010dinn\u011bj\u0161\u00ed. Ve sv\u00e9 recenzi uv\u00e1d\u00ed, \u017ee Bionetic je spolehliv\u00e9 a snadno pou\u017eiteln\u00e9 \u0159e\u0161en\u00ed pro ka\u017edodenn\u00ed p\u00e9\u010di o vlasy.<\/p>\n<h3>Z\u00e1v\u011br<\/h3>\n<p>Bionetic sprej m\u016f\u017ee b\u00fdt dobrou volbou pro ty, kte\u0159\u00ed hledaj\u00ed bezpe\u010dn\u00e9, snadn\u00e9 a pravideln\u00e9 \u0159e\u0161en\u00ed p\u00e9\u010de o vlasy zalo\u017een\u00e9 na zdrav\u00ed. Vy\u017eivuje poko\u017eku hlavy, pom\u00e1h\u00e1 aktivovat vlasov\u00e9 folikuly a m\u016f\u017ee postupn\u011b sni\u017eovat vypad\u00e1v\u00e1n\u00ed vlas\u016f. Ti, kte\u0159\u00ed jej pou\u017e\u00edvali, zaznamenali zlep\u0161en\u00ed v hebkosti, s\u00edle a hustot\u011b vlas\u016f.<\/p>\n<p>Pokud hled\u00e1te produkt, kter\u00fd nen\u00ed chemicky n\u00e1ro\u010dn\u00fd, nelepiv\u00fd a snadno se pou\u017e\u00edv\u00e1 denn\u011b, pak by pro v\u00e1s Bionetic mohl b\u00fdt u\u017eite\u010dnou volbou. D\u016fsledn\u00e9 a trp\u011bliv\u00e9 pou\u017e\u00edv\u00e1n\u00ed m\u016f\u017ee p\u0159in\u00e9st lep\u0161\u00ed v\u00fdsledky.<\/p>\n<p style=\"text-align: center;\"><span style=\"font-size: 24pt;\"><a href=\"https:\/\/www.todaykhoe.com\/buy-bionetic-cz\"><strong>KONTAKTUJTE PRO V\u0160ECHNO &#8211; MO\u017dNOST PLATBY NA DOB\u00cdRKU<\/strong><\/a><\/span><\/p>\n","protected":false},"excerpt":{"rendered":"<p><a href=\"https:\/\/www.todaykhoe.com\/buy-bionetic-cz\"><strong>KONTAKTUJTE PRO V\u0160ECHNO &#8211; MO\u017dNOST PLATBY NA DOB\u00cdRKU<\/strong><\/a><\/p>\n","protected":false},"featured_media":160734,"comment_status":"open","ping_status":"closed","template":"","meta":[],"product_brand":[],"product_cat":[435],"product_tag":[],"class_list":{"0":"post-160733","1":"product","2":"type-product","3":"status-publish","4":"has-post-thumbnail","6":"product_cat-health","8":"first","9":"instock","10":"shipping-taxable","11":"product-type-external"},"yoast_head":"<!-- This site is optimized with the Yoast SEO plugin v27.3 - https:\/\/yoast.com\/product\/yoast-seo-wordpress\/ -->\n<title>Bionetic Czech Republic - sprej proti vypad\u00e1v\u00e1n\u00ed vlas\u016f - Cena<\/title>\n<meta name=\"description\" content=\"Bionetic Czech Republic - sprej proti vypad\u00e1v\u00e1n\u00ed vlas\u016f - Cena, Recenze, Je velmi u\u017eite\u010dn\u00fd p\u0159i vypad\u00e1v\u00e1n\u00ed vlas\u016f, Pro kr\u00e1sn\u00e9 vlasy,\" \/>\n<meta name=\"robots\" content=\"index, follow, max-snippet:-1, max-image-preview:large, max-video-preview:-1\" \/>\n<link rel=\"canonical\" href=\"https:\/\/www.todaykhoe.com\/product\/bionetic-czech-republic\/\" \/>\n<meta property=\"og:locale\" content=\"en_US\" \/>\n<meta property=\"og:type\" content=\"article\" \/>\n<meta property=\"og:title\" content=\"Bionetic Czech Republic - sprej proti vypad\u00e1v\u00e1n\u00ed vlas\u016f - Cena\" \/>\n<meta property=\"og:description\" content=\"Bionetic Czech Republic - sprej proti vypad\u00e1v\u00e1n\u00ed vlas\u016f - Cena, Recenze, Je velmi u\u017eite\u010dn\u00fd p\u0159i vypad\u00e1v\u00e1n\u00ed vlas\u016f, Pro kr\u00e1sn\u00e9 vlasy,\" \/>\n<meta property=\"og:url\" content=\"https:\/\/www.todaykhoe.com\/product\/bionetic-czech-republic\/\" \/>\n<meta property=\"og:site_name\" content=\"TodayKh\u1ecfe.Com\" \/>\n<meta property=\"article:modified_time\" content=\"2025-12-23T12:24:45+00:00\" \/>\n<meta property=\"og:image\" content=\"https:\/\/www.todaykhoe.com\/wp-content\/uploads\/2025\/12\/Bionetic.png\" \/>\n\t<meta property=\"og:image:width\" content=\"396\" \/>\n\t<meta property=\"og:image:height\" content=\"455\" \/>\n\t<meta property=\"og:image:type\" content=\"image\/png\" \/>\n<meta name=\"twitter:card\" content=\"summary_large_image\" \/>\n<meta name=\"twitter:label1\" content=\"Est. reading time\" \/>\n\t<meta name=\"twitter:data1\" content=\"8 \u09ae\u09bf\u09a8\u09bf\u099f\" \/>\n<script type=\"application\/ld+json\" class=\"yoast-schema-graph\">{\"@context\":\"https:\\\/\\\/schema.org\",\"@graph\":[{\"@type\":\"WebPage\",\"@id\":\"https:\\\/\\\/www.todaykhoe.com\\\/product\\\/bionetic-czech-republic\\\/\",\"url\":\"https:\\\/\\\/www.todaykhoe.com\\\/product\\\/bionetic-czech-republic\\\/\",\"name\":\"Bionetic Czech Republic - sprej proti vypad\u00e1v\u00e1n\u00ed vlas\u016f - Cena\",\"isPartOf\":{\"@id\":\"https:\\\/\\\/www.todaykhoe.com\\\/#website\"},\"primaryImageOfPage\":{\"@id\":\"https:\\\/\\\/www.todaykhoe.com\\\/product\\\/bionetic-czech-republic\\\/#primaryimage\"},\"image\":{\"@id\":\"https:\\\/\\\/www.todaykhoe.com\\\/product\\\/bionetic-czech-republic\\\/#primaryimage\"},\"thumbnailUrl\":\"https:\\\/\\\/www.todaykhoe.com\\\/wp-content\\\/uploads\\\/2025\\\/12\\\/Bionetic.png\",\"datePublished\":\"2025-12-23T12:24:27+00:00\",\"dateModified\":\"2025-12-23T12:24:45+00:00\",\"description\":\"Bionetic Czech Republic - sprej proti vypad\u00e1v\u00e1n\u00ed vlas\u016f - Cena, Recenze, Je velmi u\u017eite\u010dn\u00fd p\u0159i vypad\u00e1v\u00e1n\u00ed vlas\u016f, Pro kr\u00e1sn\u00e9 vlasy,\",\"breadcrumb\":{\"@id\":\"https:\\\/\\\/www.todaykhoe.com\\\/product\\\/bionetic-czech-republic\\\/#breadcrumb\"},\"inLanguage\":\"bn-BD\",\"potentialAction\":[{\"@type\":\"ReadAction\",\"target\":[\"https:\\\/\\\/www.todaykhoe.com\\\/product\\\/bionetic-czech-republic\\\/\"]}]},{\"@type\":\"ImageObject\",\"inLanguage\":\"bn-BD\",\"@id\":\"https:\\\/\\\/www.todaykhoe.com\\\/product\\\/bionetic-czech-republic\\\/#primaryimage\",\"url\":\"https:\\\/\\\/www.todaykhoe.com\\\/wp-content\\\/uploads\\\/2025\\\/12\\\/Bionetic.png\",\"contentUrl\":\"https:\\\/\\\/www.todaykhoe.com\\\/wp-content\\\/uploads\\\/2025\\\/12\\\/Bionetic.png\",\"width\":396,\"height\":455,\"caption\":\"Bionetic\"},{\"@type\":\"BreadcrumbList\",\"@id\":\"https:\\\/\\\/www.todaykhoe.com\\\/product\\\/bionetic-czech-republic\\\/#breadcrumb\",\"itemListElement\":[{\"@type\":\"ListItem\",\"position\":1,\"name\":\"Home\",\"item\":\"https:\\\/\\\/www.todaykhoe.com\\\/\"},{\"@type\":\"ListItem\",\"position\":2,\"name\":\"Shop\",\"item\":\"https:\\\/\\\/www.todaykhoe.com\\\/shop\\\/\"},{\"@type\":\"ListItem\",\"position\":3,\"name\":\"Bionetic Czech Republic\"}]},{\"@type\":\"WebSite\",\"@id\":\"https:\\\/\\\/www.todaykhoe.com\\\/#website\",\"url\":\"https:\\\/\\\/www.todaykhoe.com\\\/\",\"name\":\"TodayKh\u1ecfe.Com\",\"description\":\"Healthy Today, Fitness, Nutrition, Beauty, News!\",\"publisher\":{\"@id\":\"https:\\\/\\\/www.todaykhoe.com\\\/#organization\"},\"potentialAction\":[{\"@type\":\"SearchAction\",\"target\":{\"@type\":\"EntryPoint\",\"urlTemplate\":\"https:\\\/\\\/www.todaykhoe.com\\\/?s={search_term_string}\"},\"query-input\":{\"@type\":\"PropertyValueSpecification\",\"valueRequired\":true,\"valueName\":\"search_term_string\"}}],\"inLanguage\":\"bn-BD\"},{\"@type\":\"Organization\",\"@id\":\"https:\\\/\\\/www.todaykhoe.com\\\/#organization\",\"name\":\"TodayKh\u1ecfe.Com\",\"url\":\"https:\\\/\\\/www.todaykhoe.com\\\/\",\"logo\":{\"@type\":\"ImageObject\",\"inLanguage\":\"bn-BD\",\"@id\":\"https:\\\/\\\/www.todaykhoe.com\\\/#\\\/schema\\\/logo\\\/image\\\/\",\"url\":\"https:\\\/\\\/www.todaykhoe.com\\\/wp-content\\\/uploads\\\/2025\\\/04\\\/Todaykhoe.png\",\"contentUrl\":\"https:\\\/\\\/www.todaykhoe.com\\\/wp-content\\\/uploads\\\/2025\\\/04\\\/Todaykhoe.png\",\"width\":706,\"height\":159,\"caption\":\"TodayKh\u1ecfe.Com\"},\"image\":{\"@id\":\"https:\\\/\\\/www.todaykhoe.com\\\/#\\\/schema\\\/logo\\\/image\\\/\"}}]}<\/script>\n<!-- \/ Yoast SEO plugin. -->","yoast_head_json":{"title":"Bionetic Czech Republic - sprej proti vypad\u00e1v\u00e1n\u00ed vlas\u016f - Cena","description":"Bionetic Czech Republic - sprej proti vypad\u00e1v\u00e1n\u00ed vlas\u016f - Cena, Recenze, Je velmi u\u017eite\u010dn\u00fd p\u0159i vypad\u00e1v\u00e1n\u00ed vlas\u016f, Pro kr\u00e1sn\u00e9 vlasy,","robots":{"index":"index","follow":"follow","max-snippet":"max-snippet:-1","max-image-preview":"max-image-preview:large","max-video-preview":"max-video-preview:-1"},"canonical":"https:\/\/www.todaykhoe.com\/product\/bionetic-czech-republic\/","og_locale":"en_US","og_type":"article","og_title":"Bionetic Czech Republic - sprej proti vypad\u00e1v\u00e1n\u00ed vlas\u016f - Cena","og_description":"Bionetic Czech Republic - sprej proti vypad\u00e1v\u00e1n\u00ed vlas\u016f - Cena, Recenze, Je velmi u\u017eite\u010dn\u00fd p\u0159i vypad\u00e1v\u00e1n\u00ed vlas\u016f, Pro kr\u00e1sn\u00e9 vlasy,","og_url":"https:\/\/www.todaykhoe.com\/product\/bionetic-czech-republic\/","og_site_name":"TodayKh\u1ecfe.Com","article_modified_time":"2025-12-23T12:24:45+00:00","og_image":[{"width":396,"height":455,"url":"https:\/\/www.todaykhoe.com\/wp-content\/uploads\/2025\/12\/Bionetic.png","type":"image\/png"}],"twitter_card":"summary_large_image","twitter_misc":{"Est. reading time":"8 \u09ae\u09bf\u09a8\u09bf\u099f"},"schema":{"@context":"https:\/\/schema.org","@graph":[{"@type":"WebPage","@id":"https:\/\/www.todaykhoe.com\/product\/bionetic-czech-republic\/","url":"https:\/\/www.todaykhoe.com\/product\/bionetic-czech-republic\/","name":"Bionetic Czech Republic - sprej proti vypad\u00e1v\u00e1n\u00ed vlas\u016f - Cena","isPartOf":{"@id":"https:\/\/www.todaykhoe.com\/#website"},"primaryImageOfPage":{"@id":"https:\/\/www.todaykhoe.com\/product\/bionetic-czech-republic\/#primaryimage"},"image":{"@id":"https:\/\/www.todaykhoe.com\/product\/bionetic-czech-republic\/#primaryimage"},"thumbnailUrl":"https:\/\/www.todaykhoe.com\/wp-content\/uploads\/2025\/12\/Bionetic.png","datePublished":"2025-12-23T12:24:27+00:00","dateModified":"2025-12-23T12:24:45+00:00","description":"Bionetic Czech Republic - sprej proti vypad\u00e1v\u00e1n\u00ed vlas\u016f - Cena, Recenze, Je velmi u\u017eite\u010dn\u00fd p\u0159i vypad\u00e1v\u00e1n\u00ed vlas\u016f, Pro kr\u00e1sn\u00e9 vlasy,","breadcrumb":{"@id":"https:\/\/www.todaykhoe.com\/product\/bionetic-czech-republic\/#breadcrumb"},"inLanguage":"bn-BD","potentialAction":[{"@type":"ReadAction","target":["https:\/\/www.todaykhoe.com\/product\/bionetic-czech-republic\/"]}]},{"@type":"ImageObject","inLanguage":"bn-BD","@id":"https:\/\/www.todaykhoe.com\/product\/bionetic-czech-republic\/#primaryimage","url":"https:\/\/www.todaykhoe.com\/wp-content\/uploads\/2025\/12\/Bionetic.png","contentUrl":"https:\/\/www.todaykhoe.com\/wp-content\/uploads\/2025\/12\/Bionetic.png","width":396,"height":455,"caption":"Bionetic"},{"@type":"BreadcrumbList","@id":"https:\/\/www.todaykhoe.com\/product\/bionetic-czech-republic\/#breadcrumb","itemListElement":[{"@type":"ListItem","position":1,"name":"Home","item":"https:\/\/www.todaykhoe.com\/"},{"@type":"ListItem","position":2,"name":"Shop","item":"https:\/\/www.todaykhoe.com\/shop\/"},{"@type":"ListItem","position":3,"name":"Bionetic Czech Republic"}]},{"@type":"WebSite","@id":"https:\/\/www.todaykhoe.com\/#website","url":"https:\/\/www.todaykhoe.com\/","name":"TodayKh\u1ecfe.Com","description":"Healthy Today, Fitness, Nutrition, Beauty, News!","publisher":{"@id":"https:\/\/www.todaykhoe.com\/#organization"},"potentialAction":[{"@type":"SearchAction","target":{"@type":"EntryPoint","urlTemplate":"https:\/\/www.todaykhoe.com\/?s={search_term_string}"},"query-input":{"@type":"PropertyValueSpecification","valueRequired":true,"valueName":"search_term_string"}}],"inLanguage":"bn-BD"},{"@type":"Organization","@id":"https:\/\/www.todaykhoe.com\/#organization","name":"TodayKh\u1ecfe.Com","url":"https:\/\/www.todaykhoe.com\/","logo":{"@type":"ImageObject","inLanguage":"bn-BD","@id":"https:\/\/www.todaykhoe.com\/#\/schema\/logo\/image\/","url":"https:\/\/www.todaykhoe.com\/wp-content\/uploads\/2025\/04\/Todaykhoe.png","contentUrl":"https:\/\/www.todaykhoe.com\/wp-content\/uploads\/2025\/04\/Todaykhoe.png","width":706,"height":159,"caption":"TodayKh\u1ecfe.Com"},"image":{"@id":"https:\/\/www.todaykhoe.com\/#\/schema\/logo\/image\/"}}]}},"_links":{"self":[{"href":"https:\/\/www.todaykhoe.com\/bn\/wp-json\/wp\/v2\/product\/160733","targetHints":{"allow":["GET"]}}],"collection":[{"href":"https:\/\/www.todaykhoe.com\/bn\/wp-json\/wp\/v2\/product"}],"about":[{"href":"https:\/\/www.todaykhoe.com\/bn\/wp-json\/wp\/v2\/types\/product"}],"replies":[{"embeddable":true,"href":"https:\/\/www.todaykhoe.com\/bn\/wp-json\/wp\/v2\/comments?post=160733"}],"wp:featuredmedia":[{"embeddable":true,"href":"https:\/\/www.todaykhoe.com\/bn\/wp-json\/wp\/v2\/media\/160734"}],"wp:attachment":[{"href":"https:\/\/www.todaykhoe.com\/bn\/wp-json\/wp\/v2\/media?parent=160733"}],"wp:term":[{"taxonomy":"product_brand","embeddable":true,"href":"https:\/\/www.todaykhoe.com\/bn\/wp-json\/wp\/v2\/product_brand?post=160733"},{"taxonomy":"product_cat","embeddable":true,"href":"https:\/\/www.todaykhoe.com\/bn\/wp-json\/wp\/v2\/product_cat?post=160733"},{"taxonomy":"product_tag","embeddable":true,"href":"https:\/\/www.todaykhoe.com\/bn\/wp-json\/wp\/v2\/product_tag?post=160733"}],"curies":[{"name":"wp","href":"https:\/\/api.w.org\/{rel}","templated":true}]}}