{"id":159206,"date":"2025-12-11T11:26:29","date_gmt":"2025-12-11T11:26:29","guid":{"rendered":"https:\/\/todaykhoe.com\/?post_type=product&#038;p=159206"},"modified":"2025-12-11T11:26:46","modified_gmt":"2025-12-11T11:26:46","slug":"tonerin-czech-republic","status":"publish","type":"product","link":"https:\/\/www.todaykhoe.com\/bn\/product\/tonerin-czech-republic\/","title":{"rendered":"Tonerin Czech Republic"},"content":{"rendered":"<p>Vysok\u00fd krevn\u00ed tlak, zn\u00e1m\u00fd tak\u00e9 jako hypertenze, se dnes stal b\u011b\u017en\u00fdm onemocn\u011bn\u00edm. Kv\u016fli stresu, \u0161patn\u00e9 strav\u011b a nepravideln\u00e9mu \u017eivotn\u00edmu stylu postihuje tento probl\u00e9m i mlad\u00e9 lidi. V takov\u00e9 situaci je kontrola krevn\u00edho tlaku nesm\u00edrn\u011b d\u016fle\u017eit\u00e1. Aby se lid\u00e9 vyhnuli vedlej\u0161\u00edm \u00fa\u010dink\u016fm l\u00e9k\u016f, obracej\u00ed se k p\u0159\u00edrodn\u00edm produkt\u016fm. Jedn\u00edm z takov\u00fdch produkt\u016f je Tonerin \u2013 bylinn\u00e1 kapsle, kter\u00e1 se osv\u011bd\u010dila p\u0159i kontrole vysok\u00e9ho krevn\u00edho tlaku. V tomto \u010dl\u00e1nku se dozv\u00edme v\u00edce o Tonerinu, jak funguje, o jeho v\u00fdhod\u00e1ch a kde ho m\u016f\u017eete koupit.<\/p>\n<p style=\"text-align: center;\"><span style=\"font-size: 24pt;\"><a href=\"https:\/\/todaykhoe.com\/buy-tonerin-cz\"><strong>KONTAKTUJTE PRO V\u0160ECHNO &#8211; MO\u017dNOST PLATBY NA DOB\u00cdRKU<\/strong><\/a><\/span><\/p>\n<h2>Co je \u201e<a href=\"https:\/\/todaykhoe.com\/product\/tonerin-czech-republic\/\">Tonerin<\/a>\u201c?<\/h2>\n<p>Tonerin je p\u0159\u00edrodn\u00ed bylinn\u00fd dopln\u011bk stravy speci\u00e1ln\u011b ur\u010den\u00fd k l\u00e9\u010db\u011b vysok\u00e9ho krevn\u00edho tlaku (hypertenze). Je k dispozici ve form\u011b kapsl\u00ed a obsahuje sm\u011bs tradi\u010dn\u00edch \u00e1jurv\u00e9dsk\u00fdch bylin. Tento produkt funguje tak, \u017ee uvol\u0148uje c\u00e9vy, zlep\u0161uje krevn\u00ed ob\u011bh a podporuje zdrav\u00ed srdce. Proto\u017ee je vyroben z p\u0159\u00edrodn\u00edch slo\u017eek, je m\u00e9n\u011b pravd\u011bpodobn\u00e9, \u017ee bude m\u00edt \u0161kodliv\u00e9 vedlej\u0161\u00ed \u00fa\u010dinky, co\u017e z n\u011bj \u010din\u00ed bezpe\u010dnou alternativu ke konven\u010dn\u00edm l\u00e9k\u016fm.<\/p>\n<h3>Jak Tonerin funguje?<\/h3>\n<ul>\n<li>Tonerin funguje velmi systematicky a p\u0159irozen\u011b. Reguluje krevn\u00ed tlak t\u0159emi hlavn\u00edmi zp\u016fsoby:<\/li>\n<li>Uvoln\u011bn\u00ed c\u00e9v: Bylinky obsa\u017een\u00e9 v n\u011bm pom\u00e1haj\u00ed uvol\u0148ovat st\u011bny c\u00e9v, \u010d\u00edm\u017e usnad\u0148uj\u00ed pr\u016ftok krve a sni\u017euj\u00ed tlak.<\/li>\n<li>Sn\u00ed\u017een\u00ed stresov\u00fdch hormon\u016f: Mnoho bylin m\u00e1 adaptogenn\u00ed vlastnosti, kter\u00e9 pom\u00e1haj\u00ed t\u011blu vyrovnat se s \u00fa\u010dinky stresu a sni\u017euj\u00ed stresov\u00e9 hormony, kter\u00e9 jsou p\u0159\u00ed\u010dinou zv\u00fd\u0161en\u00e9ho krevn\u00edho tlaku.<\/li>\n<li>Odstran\u011bn\u00ed p\u0159ebyte\u010dn\u00e9ho sod\u00edku z t\u011bla: N\u011bkter\u00e9 p\u0159\u00edrodn\u00ed slo\u017eky pom\u00e1haj\u00ed udr\u017eovat rovnov\u00e1hu sod\u00edku a tekutin v t\u011ble, co\u017e udr\u017euje objem krve pod kontrolou a m\u00e1 pozitivn\u00ed vliv na krevn\u00ed tlak.<\/li>\n<li>P\u016fsob\u00ed postupn\u011b a trvale, co\u017e umo\u017e\u0148uje, aby hladina krevn\u00edho tlaku z\u016fstala dlouhodob\u011b vyrovnan\u00e1.<\/li>\n<\/ul>\n<h3>Pro\u010d zvolit Tonerin?<\/h3>\n<ul>\n<li>Na trhu je k dispozici mnoho l\u00e9k\u016f a dopl\u0148k\u016f stravy na hypertenzi, tak pro\u010d zvolit Tonerin? Existuje n\u011bkolik p\u00e1dn\u00fdch d\u016fvod\u016f:<\/li>\n<li>100% p\u0159\u00edrodn\u00ed slo\u017een\u00ed: Je vyroben z bezchemick\u00fdch a bylinn\u00fdch slo\u017eek.<\/li>\n<li>Minim\u00e1ln\u00ed vedlej\u0161\u00ed \u00fa\u010dinky: Je zalo\u017een na \u00e1jurv\u00e9dsk\u00fdch principech, tak\u017ee pravd\u011bpodobnost ne\u017e\u00e1douc\u00edch \u00fa\u010dink\u016f je zanedbateln\u00e1.<\/li>\n<li>Holistick\u00e9 zdravotn\u00ed p\u0159\u00ednosy: Neomezuje se pouze na sn\u00ed\u017een\u00ed krevn\u00edho tlaku, ale tak\u00e9 zlep\u0161uje zdrav\u00ed srdce, hladinu cholesterolu a celkovou energii.<\/li>\n<li>V\u011bdecky podlo\u017een\u00e9 slo\u017eky: Obsahuje byliny, jejich\u017e antihypertenzn\u00ed vlastnosti byly prok\u00e1z\u00e1ny v\u011bdeck\u00fdmi studiemi.<\/li>\n<li>Pohodln\u00e9 pou\u017eit\u00ed: D\u00edky form\u011b kapsl\u00ed se snadno u\u017e\u00edv\u00e1 a je tak\u00e9 p\u0159enosn\u00fd.<\/li>\n<\/ul>\n<h3>V\u00fdhody Tonerinu<\/h3>\n<ul>\n<li>Pravideln\u00e1 konzumace Tonerinu v\u00e1m m\u016f\u017ee poskytnout n\u00e1sleduj\u00edc\u00ed zdravotn\u00ed v\u00fdhody:<\/li>\n<li>Udr\u017eiteln\u00e1 kontrola krevn\u00edho tlaku: Pom\u00e1h\u00e1 vyrovn\u00e1vat vysok\u00fd i n\u00edzk\u00fd krevn\u00ed tlak.<\/li>\n<li>Zlep\u0161en\u00fd krevn\u00ed ob\u011bh: Zlep\u0161uje krevn\u00ed ob\u011bh t\u00edm, \u017ee udr\u017euje zdrav\u00e9 c\u00e9vy.<\/li>\n<li>Podporuje zdrav\u00ed srdce: P\u0159isp\u00edv\u00e1 k pos\u00edlen\u00ed srde\u010dn\u00edho svalu a regulaci cholesterolu.<\/li>\n<li>Sni\u017euje stres a \u00fazkost: Poskytuje du\u0161evn\u00ed klid zlep\u0161en\u00edm stresov\u00e9 reakce t\u011bla.<\/li>\n<li>Antioxida\u010dn\u00ed \u00fa\u010dinek: Pom\u00e1h\u00e1 odstra\u0148ovat \u0161kodliv\u00e9 voln\u00e9 radik\u00e1ly z t\u011bla.<\/li>\n<li>Sni\u017euje z\u00e1n\u011bt v t\u011ble: N\u011bkter\u00e9 slo\u017eky maj\u00ed protiz\u00e1n\u011btliv\u00e9 vlastnosti, co\u017e je dobr\u00e9 pro zdrav\u00ed tepen.<\/li>\n<li>Zvy\u0161uje p\u0159irozenou hladinu energie: Lep\u0161\u00ed pr\u016ftok krve a p\u0159\u00edsun kysl\u00edku dod\u00e1vaj\u00ed t\u011blu energii.<\/li>\n<\/ul>\n<p style=\"text-align: center;\"><span style=\"font-size: 24pt;\"><a href=\"https:\/\/todaykhoe.com\/buy-tonerin-cz\"><strong>KONTAKTUJTE PRO V\u0160ECHNO &#8211; MO\u017dNOST PLATBY NA DOB\u00cdRKU<\/strong><\/a><\/span><\/p>\n<h3>Jak pou\u017e\u00edvat kapsle Tonerinu?<\/h3>\n<ul>\n<li>Pou\u017e\u00edv\u00e1n\u00ed kapsl\u00ed Tonerinu je velmi snadn\u00e9. Pro dosa\u017een\u00ed nejlep\u0161\u00edch v\u00fdsledk\u016f m\u011bjte na pam\u011bti n\u00e1sleduj\u00edc\u00ed:<\/li>\n<li>D\u00e1vkov\u00e1n\u00ed: V\u00fdrobce obvykle doporu\u010duje d\u00e1vkov\u00e1n\u00ed 1 nebo 2 kapsle denn\u011b. Nejlep\u0161\u00ed je v\u0161ak poradit se s l\u00e9ka\u0159em nebo \u00e1jurv\u00e9dsk\u00fdm odborn\u00edkem na z\u00e1klad\u011b va\u0161eho v\u011bku a zdravotn\u00edho stavu.<\/li>\n<li>Zp\u016fsob pou\u017eit\u00ed: Kapsli zapijte sklenic\u00ed vla\u017en\u00e9 vody. \u00da\u010dinn\u011bj\u0161\u00ed je u\u017e\u00edv\u00e1n\u00ed po j\u00eddle.<\/li>\n<li>Konzistence: V\u00fdsledky jak\u00e9hokoli bylinn\u00e9ho produktu se dostav\u00ed a\u017e po ur\u010dit\u00e9 dob\u011b. Doporu\u010duje se pravideln\u00e9 u\u017e\u00edv\u00e1n\u00ed po dobu alespo\u0148 2\u20133 m\u011bs\u00edc\u016f.<\/li>\n<li>Upozorn\u011bn\u00ed: T\u011bhotn\u00e9 nebo koj\u00edc\u00ed \u017eeny, osoby s v\u00e1\u017en\u00fdmi onemocn\u011bn\u00edmi nebo osoby u\u017e\u00edvaj\u00edc\u00ed jin\u00e9 l\u00e9ky by se m\u011bly p\u0159ed zah\u00e1jen\u00edm u\u017e\u00edv\u00e1n\u00ed tohoto produktu poradit s l\u00e9ka\u0159em.<\/li>\n<\/ul>\n<h3>Kde mohu koupit Tonerin?<\/h3>\n<ul>\n<li>Tonerin si m\u016f\u017eete objednat online p\u0159\u00edmo z ofici\u00e1ln\u00edch webov\u00fdch str\u00e1nek v\u00fdrobce. N\u00e1kup z ofici\u00e1ln\u00edch webov\u00fdch str\u00e1nek m\u00e1 n\u011bkolik v\u00fdhod:<\/li>\n<li>Z\u00e1ruka pravosti produktu: Neexistuje \u017e\u00e1dn\u00e9 riziko, \u017ee obdr\u017e\u00edte pad\u011blan\u00e9 nebo napodoben\u00e9 produkty.<\/li>\n<li>Speci\u00e1ln\u00ed nab\u00eddky a slevy: Ofici\u00e1ln\u00ed str\u00e1nky \u010dasto nab\u00edzej\u00ed kombinovan\u00e9 nab\u00eddky nebo slevy.<\/li>\n<li>Bezpe\u010dn\u00e1 platba: K dispozici jsou bezpe\u010dn\u00e9 platebn\u00ed metody.<\/li>\n<li>Doru\u010den\u00ed dom\u016f: Produkt je doru\u010den k v\u00e1m dom\u016f.<\/li>\n<li>Tonerin je obecn\u011b k dost\u00e1n\u00ed pouze online.<\/li>\n<\/ul>\n<h3>Tonerin QNA<\/h3>\n<p><strong>Ot\u00e1zka 1: M\u00e1 Tonerin n\u011bjak\u00e9 vedlej\u0161\u00ed \u00fa\u010dinky?<\/strong><br \/>\nOdpov\u011b\u010f: Proto\u017ee je vyroben z p\u0159\u00edrodn\u00edch bylin, m\u00e1 jen velmi m\u00e1lo vedlej\u0161\u00edch \u00fa\u010dink\u016f. N\u011bkte\u0159\u00ed lid\u00e9 v\u0161ak mohou poci\u0165ovat m\u00edrn\u00e9 alergie nebo \u017ealude\u010dn\u00ed nevolnost. Nep\u0159ekra\u010dujte doporu\u010den\u00e9 d\u00e1vkov\u00e1n\u00ed.<\/p>\n<p><strong>Ot\u00e1zka 2: Jak dlouho trv\u00e1, ne\u017e se Tonerin projev\u00ed?<\/strong><br \/>\nOdpov\u011b\u010f: V\u00fdsledky z\u00e1vis\u00ed na zdravotn\u00edm stavu jednotlivce a z\u00e1va\u017enosti onemocn\u011bn\u00ed. Obvykle se \u00fa\u010dinky dostav\u00ed b\u011bhem n\u011bkolika t\u00fddn\u016f, ale pro trval\u00fd \u00fa\u010dinek je nutn\u00e1 pravideln\u00e1 konzumace po dobu 2\u20133 m\u011bs\u00edc\u016f.<\/p>\n<p><strong>Ot\u00e1zka 3: Mohu u\u017e\u00edvat Tonerin s jin\u00fdmi l\u00e9ky?kationty?<\/strong><br \/>\nA: Pokud u\u017e\u00edv\u00e1te l\u00e9ky na hypertenzi nebo jin\u00e9 z\u00e1va\u017en\u00e9 onemocn\u011bn\u00ed, pora\u010fte se p\u0159ed zah\u00e1jen\u00edm u\u017e\u00edv\u00e1n\u00ed Tonerinu se sv\u00fdm l\u00e9ka\u0159em, abyste se vyhnuli l\u00e9kov\u00fdm interakc\u00edm.<\/p>\n<p><strong>Ot\u00e1zka 4: Je bezpe\u010dn\u00fd pro diabetiky?<\/strong><br \/>\nA: Obsahuje p\u0159\u00edrodn\u00ed slo\u017eky, ale diabetici by se i tak m\u011bli p\u0159ed zah\u00e1jen\u00edm u\u017e\u00edv\u00e1n\u00ed poradit se sv\u00fdm l\u00e9ka\u0159em.<\/p>\n<h3>Recenze Tonerinu<\/h3>\n<p>Recenze Tonerinu od skute\u010dn\u00fdch u\u017eivatel\u016f potvrzuj\u00ed jeho \u00fa\u010dinnost:<\/p>\n<p><strong>Jakub:<\/strong> \u201eTonerin u\u017e\u00edv\u00e1m posledn\u00edch 6 m\u011bs\u00edc\u016f. M\u016fj krevn\u00ed tlak je nyn\u00ed norm\u00e1ln\u00ed a zm\u00edrnily se mi i bolesti hlavy. Bez jak\u00fdchkoli vedlej\u0161\u00edch \u00fa\u010dink\u016f.\u201c<\/p>\n<p><strong>Ad\u00e9la:<\/strong> \u201eTr\u00e1pily m\u011b vedlej\u0161\u00ed \u00fa\u010dinky l\u00e9k\u016f. Na radu l\u00e9ka\u0159e jsem za\u010dala u\u017e\u00edvat Tonerin. Postupn\u011b se mi krevn\u00ed tlak dostal pod kontrolu a nyn\u00ed se c\u00edt\u00edm energi\u010dt\u011bj\u0161\u00ed.\u201c<\/p>\n<p><strong>Tom\u00e1\u0161:<\/strong> \u201eM\u011bl jsem vysok\u00fd cholesterol a hypertenzi. Tonerin mi pomohl zvl\u00e1dnout oba probl\u00e9my. Byl jsem velmi r\u00e1d, \u017ee jsem ve sv\u00fdch zpr\u00e1v\u00e1ch vid\u011bl zlep\u0161en\u00ed.\u201c<\/p>\n<h3>Z\u00e1v\u011br<\/h3>\n<p>Hypertenze je v\u00e1\u017en\u00fd stav, kter\u00fd nelze ignorovat, ale to neznamen\u00e1, \u017ee mus\u00edte trp\u011bt vedlej\u0161\u00edmi \u00fa\u010dinky l\u00e9k\u016f po cel\u00fd \u017eivot. P\u0159\u00edrodn\u00ed a v\u011bdecky formulovan\u00e9 bylinn\u00e9 dopl\u0148ky, jako je Tonerin, nab\u00edzej\u00ed bezpe\u010dnou a \u00fa\u010dinnou alternativu.<\/p>\n<p>Tento produkt nejen pom\u00e1h\u00e1 vyrovn\u00e1vat hladinu krevn\u00edho tlaku, ale tak\u00e9 zlep\u0161uje celkov\u00e9 kardiovaskul\u00e1rn\u00ed zdrav\u00ed, krevn\u00ed ob\u011bh a zvl\u00e1d\u00e1n\u00ed stresu. Jeho 100% p\u0159\u00edrodn\u00ed slo\u017een\u00ed, minim\u00e1ln\u00ed vedlej\u0161\u00ed \u00fa\u010dinky a pozitivn\u00ed recenze Tonerinu od skute\u010dn\u00fdch u\u017eivatel\u016f ho \u010din\u00ed spolehliv\u00fdm.<\/p>\n<p>Je v\u0161ak d\u016fle\u017eit\u00e9 si uv\u011bdomit, \u017ee \u017e\u00e1dn\u00fd dopln\u011bk nen\u00ed kouzelnou h\u016flkou. Abyste s Tonerinem dos\u00e1hli nejlep\u0161\u00edch v\u00fdsledk\u016f, m\u011bli byste jej u\u017e\u00edvat pravideln\u011b a z\u00e1rove\u0148 dodr\u017eovat zdrav\u00fd \u017eivotn\u00ed styl, vyv\u00e1\u017eenou stravu a pravideln\u00e9 cvi\u010den\u00ed. Pokud ji\u017e u\u017e\u00edv\u00e1te n\u011bjak\u00e9 z\u00e1va\u017en\u00e9 l\u00e9ky, pora\u010fte se p\u0159ed zah\u00e1jen\u00edm u\u017e\u00edv\u00e1n\u00ed jak\u00e9hokoli nov\u00e9ho dopl\u0148ku se sv\u00fdm l\u00e9ka\u0159em. Se spr\u00e1vn\u00fdmi informacemi, spr\u00e1vn\u00fdm produktem a spr\u00e1vn\u00fdm \u017eivotn\u00edm stylem je zcela mo\u017en\u00e9 efektivn\u011b zvl\u00e1dat hypertenzi a \u017e\u00edt zdrav\u00fd a aktivn\u00ed \u017eivot. Tonerin m\u016f\u017ee b\u00fdt na t\u00e9to cest\u011b spolehliv\u00fdm partnerem.<\/p>\n<p>Objednejte si nyn\u00ed a ud\u011blejte prvn\u00ed krok k p\u0159irozen\u00e9 kontrole krevn\u00edho tlaku!<\/p>\n<p style=\"text-align: center;\"><span style=\"font-size: 24pt;\"><a href=\"https:\/\/todaykhoe.com\/buy-tonerin-cz\"><strong>KONTAKTUJTE PRO V\u0160ECHNO &#8211; MO\u017dNOST PLATBY NA DOB\u00cdRKU<\/strong><\/a><\/span><\/p>\n","protected":false},"excerpt":{"rendered":"<ul>\n<li>Tonerin<\/li>\n<li>Tobolky Tonerin<\/li>\n<li>Tonerin na hypertenzi<\/li>\n<li>Dopln\u011bk stravy Tonerin<\/li>\n<li>V\u00fdhody Tonerin<\/li>\n<li>Koupit Tonerin online<\/li>\n<\/ul>\n<p><a href=\"https:\/\/todaykhoe.com\/buy-tonerin-cz\"><strong>KONTAKTUJTE PRO V\u0160ECHNO &#8211; MO\u017dNOST PLATBY NA DOB\u00cdRKU<\/strong><\/a><\/p>\n","protected":false},"featured_media":159166,"comment_status":"open","ping_status":"closed","template":"","meta":[],"product_brand":[],"product_cat":[435],"product_tag":[],"class_list":{"0":"post-159206","1":"product","2":"type-product","3":"status-publish","4":"has-post-thumbnail","6":"product_cat-health","8":"first","9":"instock","10":"shipping-taxable","11":"product-type-external"},"yoast_head":"<!-- This site is optimized with the Yoast SEO plugin v27.3 - https:\/\/yoast.com\/product\/yoast-seo-wordpress\/ -->\n<title>Tonerin Czech Republic - kapsle na hypertenzi - Cena<\/title>\n<meta name=\"description\" content=\"Tonerin Czech Republic - kapsle na hypertenzi - Cena, Recenze, Je velmi u\u017eite\u010dn\u00fd p\u0159i hypertenzi, Pro dobr\u00e9 zdrav\u00ed, Pro obyvatele \u010cesk\u00e9 republiky\" \/>\n<meta name=\"robots\" content=\"index, follow, max-snippet:-1, max-image-preview:large, max-video-preview:-1\" \/>\n<link rel=\"canonical\" href=\"https:\/\/www.todaykhoe.com\/product\/tonerin-czech-republic\/\" \/>\n<meta property=\"og:locale\" content=\"en_US\" \/>\n<meta property=\"og:type\" content=\"article\" \/>\n<meta property=\"og:title\" content=\"Tonerin Czech Republic - kapsle na hypertenzi - Cena\" \/>\n<meta property=\"og:description\" content=\"Tonerin Czech Republic - kapsle na hypertenzi - Cena, Recenze, Je velmi u\u017eite\u010dn\u00fd p\u0159i hypertenzi, Pro dobr\u00e9 zdrav\u00ed, Pro obyvatele \u010cesk\u00e9 republiky\" \/>\n<meta property=\"og:url\" content=\"https:\/\/www.todaykhoe.com\/product\/tonerin-czech-republic\/\" \/>\n<meta property=\"og:site_name\" content=\"TodayKh\u1ecfe.Com\" \/>\n<meta property=\"article:modified_time\" content=\"2025-12-11T11:26:46+00:00\" \/>\n<meta property=\"og:image\" content=\"https:\/\/www.todaykhoe.com\/wp-content\/uploads\/2025\/12\/Tonerin-Italy.png\" \/>\n\t<meta property=\"og:image:width\" content=\"369\" \/>\n\t<meta property=\"og:image:height\" content=\"385\" \/>\n\t<meta property=\"og:image:type\" content=\"image\/png\" \/>\n<meta name=\"twitter:card\" content=\"summary_large_image\" \/>\n<meta name=\"twitter:label1\" content=\"Est. reading time\" \/>\n\t<meta name=\"twitter:data1\" content=\"7 \u09ae\u09bf\u09a8\u09bf\u099f\" \/>\n<script type=\"application\/ld+json\" class=\"yoast-schema-graph\">{\"@context\":\"https:\\\/\\\/schema.org\",\"@graph\":[{\"@type\":\"WebPage\",\"@id\":\"https:\\\/\\\/www.todaykhoe.com\\\/product\\\/tonerin-czech-republic\\\/\",\"url\":\"https:\\\/\\\/www.todaykhoe.com\\\/product\\\/tonerin-czech-republic\\\/\",\"name\":\"Tonerin Czech Republic - kapsle na hypertenzi - Cena\",\"isPartOf\":{\"@id\":\"https:\\\/\\\/www.todaykhoe.com\\\/#website\"},\"primaryImageOfPage\":{\"@id\":\"https:\\\/\\\/www.todaykhoe.com\\\/product\\\/tonerin-czech-republic\\\/#primaryimage\"},\"image\":{\"@id\":\"https:\\\/\\\/www.todaykhoe.com\\\/product\\\/tonerin-czech-republic\\\/#primaryimage\"},\"thumbnailUrl\":\"https:\\\/\\\/www.todaykhoe.com\\\/wp-content\\\/uploads\\\/2025\\\/12\\\/Tonerin-Italy.png\",\"datePublished\":\"2025-12-11T11:26:29+00:00\",\"dateModified\":\"2025-12-11T11:26:46+00:00\",\"description\":\"Tonerin Czech Republic - kapsle na hypertenzi - Cena, Recenze, Je velmi u\u017eite\u010dn\u00fd p\u0159i hypertenzi, Pro dobr\u00e9 zdrav\u00ed, Pro obyvatele \u010cesk\u00e9 republiky\",\"breadcrumb\":{\"@id\":\"https:\\\/\\\/www.todaykhoe.com\\\/product\\\/tonerin-czech-republic\\\/#breadcrumb\"},\"inLanguage\":\"bn-BD\",\"potentialAction\":[{\"@type\":\"ReadAction\",\"target\":[\"https:\\\/\\\/www.todaykhoe.com\\\/product\\\/tonerin-czech-republic\\\/\"]}]},{\"@type\":\"ImageObject\",\"inLanguage\":\"bn-BD\",\"@id\":\"https:\\\/\\\/www.todaykhoe.com\\\/product\\\/tonerin-czech-republic\\\/#primaryimage\",\"url\":\"https:\\\/\\\/www.todaykhoe.com\\\/wp-content\\\/uploads\\\/2025\\\/12\\\/Tonerin-Italy.png\",\"contentUrl\":\"https:\\\/\\\/www.todaykhoe.com\\\/wp-content\\\/uploads\\\/2025\\\/12\\\/Tonerin-Italy.png\",\"width\":369,\"height\":385,\"caption\":\"Tonerin Italy\"},{\"@type\":\"BreadcrumbList\",\"@id\":\"https:\\\/\\\/www.todaykhoe.com\\\/product\\\/tonerin-czech-republic\\\/#breadcrumb\",\"itemListElement\":[{\"@type\":\"ListItem\",\"position\":1,\"name\":\"Home\",\"item\":\"https:\\\/\\\/www.todaykhoe.com\\\/\"},{\"@type\":\"ListItem\",\"position\":2,\"name\":\"Shop\",\"item\":\"https:\\\/\\\/www.todaykhoe.com\\\/shop\\\/\"},{\"@type\":\"ListItem\",\"position\":3,\"name\":\"Tonerin Czech Republic\"}]},{\"@type\":\"WebSite\",\"@id\":\"https:\\\/\\\/www.todaykhoe.com\\\/#website\",\"url\":\"https:\\\/\\\/www.todaykhoe.com\\\/\",\"name\":\"TodayKh\u1ecfe.Com\",\"description\":\"Healthy Today, Fitness, Nutrition, Beauty, News!\",\"publisher\":{\"@id\":\"https:\\\/\\\/www.todaykhoe.com\\\/#organization\"},\"potentialAction\":[{\"@type\":\"SearchAction\",\"target\":{\"@type\":\"EntryPoint\",\"urlTemplate\":\"https:\\\/\\\/www.todaykhoe.com\\\/?s={search_term_string}\"},\"query-input\":{\"@type\":\"PropertyValueSpecification\",\"valueRequired\":true,\"valueName\":\"search_term_string\"}}],\"inLanguage\":\"bn-BD\"},{\"@type\":\"Organization\",\"@id\":\"https:\\\/\\\/www.todaykhoe.com\\\/#organization\",\"name\":\"TodayKh\u1ecfe.Com\",\"url\":\"https:\\\/\\\/www.todaykhoe.com\\\/\",\"logo\":{\"@type\":\"ImageObject\",\"inLanguage\":\"bn-BD\",\"@id\":\"https:\\\/\\\/www.todaykhoe.com\\\/#\\\/schema\\\/logo\\\/image\\\/\",\"url\":\"https:\\\/\\\/www.todaykhoe.com\\\/wp-content\\\/uploads\\\/2025\\\/04\\\/Todaykhoe.png\",\"contentUrl\":\"https:\\\/\\\/www.todaykhoe.com\\\/wp-content\\\/uploads\\\/2025\\\/04\\\/Todaykhoe.png\",\"width\":706,\"height\":159,\"caption\":\"TodayKh\u1ecfe.Com\"},\"image\":{\"@id\":\"https:\\\/\\\/www.todaykhoe.com\\\/#\\\/schema\\\/logo\\\/image\\\/\"}}]}<\/script>\n<!-- \/ Yoast SEO plugin. -->","yoast_head_json":{"title":"Tonerin Czech Republic - kapsle na hypertenzi - Cena","description":"Tonerin Czech Republic - kapsle na hypertenzi - Cena, Recenze, Je velmi u\u017eite\u010dn\u00fd p\u0159i hypertenzi, Pro dobr\u00e9 zdrav\u00ed, Pro obyvatele \u010cesk\u00e9 republiky","robots":{"index":"index","follow":"follow","max-snippet":"max-snippet:-1","max-image-preview":"max-image-preview:large","max-video-preview":"max-video-preview:-1"},"canonical":"https:\/\/www.todaykhoe.com\/product\/tonerin-czech-republic\/","og_locale":"en_US","og_type":"article","og_title":"Tonerin Czech Republic - kapsle na hypertenzi - Cena","og_description":"Tonerin Czech Republic - kapsle na hypertenzi - Cena, Recenze, Je velmi u\u017eite\u010dn\u00fd p\u0159i hypertenzi, Pro dobr\u00e9 zdrav\u00ed, Pro obyvatele \u010cesk\u00e9 republiky","og_url":"https:\/\/www.todaykhoe.com\/product\/tonerin-czech-republic\/","og_site_name":"TodayKh\u1ecfe.Com","article_modified_time":"2025-12-11T11:26:46+00:00","og_image":[{"width":369,"height":385,"url":"https:\/\/www.todaykhoe.com\/wp-content\/uploads\/2025\/12\/Tonerin-Italy.png","type":"image\/png"}],"twitter_card":"summary_large_image","twitter_misc":{"Est. reading time":"7 \u09ae\u09bf\u09a8\u09bf\u099f"},"schema":{"@context":"https:\/\/schema.org","@graph":[{"@type":"WebPage","@id":"https:\/\/www.todaykhoe.com\/product\/tonerin-czech-republic\/","url":"https:\/\/www.todaykhoe.com\/product\/tonerin-czech-republic\/","name":"Tonerin Czech Republic - kapsle na hypertenzi - Cena","isPartOf":{"@id":"https:\/\/www.todaykhoe.com\/#website"},"primaryImageOfPage":{"@id":"https:\/\/www.todaykhoe.com\/product\/tonerin-czech-republic\/#primaryimage"},"image":{"@id":"https:\/\/www.todaykhoe.com\/product\/tonerin-czech-republic\/#primaryimage"},"thumbnailUrl":"https:\/\/www.todaykhoe.com\/wp-content\/uploads\/2025\/12\/Tonerin-Italy.png","datePublished":"2025-12-11T11:26:29+00:00","dateModified":"2025-12-11T11:26:46+00:00","description":"Tonerin Czech Republic - kapsle na hypertenzi - Cena, Recenze, Je velmi u\u017eite\u010dn\u00fd p\u0159i hypertenzi, Pro dobr\u00e9 zdrav\u00ed, Pro obyvatele \u010cesk\u00e9 republiky","breadcrumb":{"@id":"https:\/\/www.todaykhoe.com\/product\/tonerin-czech-republic\/#breadcrumb"},"inLanguage":"bn-BD","potentialAction":[{"@type":"ReadAction","target":["https:\/\/www.todaykhoe.com\/product\/tonerin-czech-republic\/"]}]},{"@type":"ImageObject","inLanguage":"bn-BD","@id":"https:\/\/www.todaykhoe.com\/product\/tonerin-czech-republic\/#primaryimage","url":"https:\/\/www.todaykhoe.com\/wp-content\/uploads\/2025\/12\/Tonerin-Italy.png","contentUrl":"https:\/\/www.todaykhoe.com\/wp-content\/uploads\/2025\/12\/Tonerin-Italy.png","width":369,"height":385,"caption":"Tonerin Italy"},{"@type":"BreadcrumbList","@id":"https:\/\/www.todaykhoe.com\/product\/tonerin-czech-republic\/#breadcrumb","itemListElement":[{"@type":"ListItem","position":1,"name":"Home","item":"https:\/\/www.todaykhoe.com\/"},{"@type":"ListItem","position":2,"name":"Shop","item":"https:\/\/www.todaykhoe.com\/shop\/"},{"@type":"ListItem","position":3,"name":"Tonerin Czech Republic"}]},{"@type":"WebSite","@id":"https:\/\/www.todaykhoe.com\/#website","url":"https:\/\/www.todaykhoe.com\/","name":"TodayKh\u1ecfe.Com","description":"Healthy Today, Fitness, Nutrition, Beauty, News!","publisher":{"@id":"https:\/\/www.todaykhoe.com\/#organization"},"potentialAction":[{"@type":"SearchAction","target":{"@type":"EntryPoint","urlTemplate":"https:\/\/www.todaykhoe.com\/?s={search_term_string}"},"query-input":{"@type":"PropertyValueSpecification","valueRequired":true,"valueName":"search_term_string"}}],"inLanguage":"bn-BD"},{"@type":"Organization","@id":"https:\/\/www.todaykhoe.com\/#organization","name":"TodayKh\u1ecfe.Com","url":"https:\/\/www.todaykhoe.com\/","logo":{"@type":"ImageObject","inLanguage":"bn-BD","@id":"https:\/\/www.todaykhoe.com\/#\/schema\/logo\/image\/","url":"https:\/\/www.todaykhoe.com\/wp-content\/uploads\/2025\/04\/Todaykhoe.png","contentUrl":"https:\/\/www.todaykhoe.com\/wp-content\/uploads\/2025\/04\/Todaykhoe.png","width":706,"height":159,"caption":"TodayKh\u1ecfe.Com"},"image":{"@id":"https:\/\/www.todaykhoe.com\/#\/schema\/logo\/image\/"}}]}},"_links":{"self":[{"href":"https:\/\/www.todaykhoe.com\/bn\/wp-json\/wp\/v2\/product\/159206","targetHints":{"allow":["GET"]}}],"collection":[{"href":"https:\/\/www.todaykhoe.com\/bn\/wp-json\/wp\/v2\/product"}],"about":[{"href":"https:\/\/www.todaykhoe.com\/bn\/wp-json\/wp\/v2\/types\/product"}],"replies":[{"embeddable":true,"href":"https:\/\/www.todaykhoe.com\/bn\/wp-json\/wp\/v2\/comments?post=159206"}],"wp:featuredmedia":[{"embeddable":true,"href":"https:\/\/www.todaykhoe.com\/bn\/wp-json\/wp\/v2\/media\/159166"}],"wp:attachment":[{"href":"https:\/\/www.todaykhoe.com\/bn\/wp-json\/wp\/v2\/media?parent=159206"}],"wp:term":[{"taxonomy":"product_brand","embeddable":true,"href":"https:\/\/www.todaykhoe.com\/bn\/wp-json\/wp\/v2\/product_brand?post=159206"},{"taxonomy":"product_cat","embeddable":true,"href":"https:\/\/www.todaykhoe.com\/bn\/wp-json\/wp\/v2\/product_cat?post=159206"},{"taxonomy":"product_tag","embeddable":true,"href":"https:\/\/www.todaykhoe.com\/bn\/wp-json\/wp\/v2\/product_tag?post=159206"}],"curies":[{"name":"wp","href":"https:\/\/api.w.org\/{rel}","templated":true}]}}