{"id":157715,"date":"2025-09-24T12:42:28","date_gmt":"2025-09-24T12:42:28","guid":{"rendered":"https:\/\/todaykhoe.com\/?post_type=product&#038;p=157715"},"modified":"2025-09-24T12:42:55","modified_gmt":"2025-09-24T12:42:55","slug":"fizzburn-cena-poland","status":"publish","type":"product","link":"https:\/\/www.todaykhoe.com\/bn\/product\/fizzburn-cena-poland\/","title":{"rendered":"FizzBurn Tabletka Poland"},"content":{"rendered":"<p><a href=\"https:\/\/todaykhoe.com\/product\/fizzburn-cena-poland\/\">Fizzburn<\/a>, popularny \u015brodek na odchudzanie, zyskuje na popularno\u015bci w Niemczech. Zosta\u0142 opracowany, aby pom\u00f3c ludziom szybko i bezpiecznie schudn\u0105\u0107, jednocze\u015bnie zwi\u0119kszaj\u0105c energi\u0119. Kapsu\u0142ki Fizzburn nale\u017cy przyjmowa\u0107 raz dziennie w trakcie posi\u0142ku, aby zapewni\u0107 najlepsz\u0105 absorpcj\u0119.<\/p>\n<p>Tabletki by\u0142y prze\u0142omem w nauce i praktyce odchudzania, wed\u0142ug Fizzburn. Dzi\u0119ki nim mo\u017cesz przyspieszy\u0107 metabolizm, zwi\u0119kszy\u0107 wydolno\u015b\u0107 i zr\u00f3wnowa\u017cy\u0107 energi\u0119. Om\u00f3wimy dzia\u0142anie, sk\u0142ad i korzy\u015bci tego unikalnego produktu w kolejnym po\u015bcie.<\/p>\n<p style=\"text-align: center;\"><span style=\"font-size: 22pt;\"><strong><a href=\"https:\/\/todaykhoe.com\/buy-fizzburn-pl\">KONTAKT W SPRAWIE WSZYSTKIEGO &#8211; MO\u017bLIWA P\u0141ATNO\u015a\u0106 GOT\u00d3WK\u0104 PRZY ODBIORZE<\/a><\/strong><\/span><\/p>\n<p>Naturalne zwi\u0105zki zwi\u0119kszaj\u0105 energi\u0119 i metabolizm. Osoby, kt\u00f3re chc\u0105 szybko uzyska\u0107 rezultaty, lubi\u0105 Fizzburn. Fizzburn pomaga osobom nie\u0107wicz\u0105cym odnie\u015b\u0107 sukces. Stosuj regularnie, aby schudn\u0105\u0107 i poprawi\u0107 zdrowie.<\/p>\n<h2>Co to jest Fizzburn?<\/h2>\n<p>Fizzburn to rewolucyjny suplement energetyczny i wspomagaj\u0105cy odchudzanie. Musuj\u0105ce tabletki o smaku pomara\u0144czowym s\u0105 \u0142atwe w u\u017cyciu i przyjemne w stosowaniu. Badania pokazuj\u0105, \u017ce w po\u0142\u0105czeniu ze zdrow\u0105 diet\u0105 i regularnymi \u0107wiczeniami, Fizzburn mo\u017ce poprawi\u0107 kondycj\u0119. Fizzburn pomaga ludziom schudn\u0105\u0107 i zyskuje na popularno\u015bci. Korzy\u015bci z Fizzburn:<\/p>\n<ul>\n<li>Pomaga schudn\u0105\u0107 15 kg w 30 dni \u2014 wielu u\u017cytkownik\u00f3w zg\u0142asza szybk\u0105 utrat\u0119 wagi.<\/li>\n<li>Mo\u017ce przyspieszy\u0107 metabolizm, spalaj\u0105c wi\u0119cej kalorii.<\/li>\n<li>Zastrzyk energii na ca\u0142y dzie\u0144.<\/li>\n<li>Blokuje wch\u0142anianie kalorii \u2014 zmniejsza kalorie w posi\u0142kach.<\/li>\n<\/ul>\n<h3>Do\u015bwiadczenie i zalety Fizzburn<\/h3>\n<p>Wszechstronno\u015b\u0107 wyr\u00f3\u017cnia Fizzburn. Wspomaga energi\u0119, utrat\u0119 wagi i zdrowie. Naturalne sk\u0142adniki od\u017cywcze w unikalnym sk\u0142adzie zwi\u0119kszaj\u0105 wydolno\u015b\u0107 organizmu bez suplement\u00f3w. Poprawia si\u0119 koncentracja, samopoczucie i kontrola g\u0142odu. Fizzburn idealnie nadaje si\u0119 do uzyskania d\u0142ugotrwa\u0142ych rezultat\u00f3w bez zmiany stylu \u017cycia.<\/p>\n<h3>Korzy\u015bci zdrowotne Fizzburn<\/h3>\n<p>Suplement Fizzburn jest wyj\u0105tkowy. Dzi\u0119ki swojej ol\u015bniewaj\u0105cej strukturze szybko rozpuszcza si\u0119 w wodzie, szybko wch\u0142aniaj\u0105c substancje czynne. Dlaczego warto rozwa\u017cy\u0107 Fizzburn?<\/p>\n<ul>\n<li>Magnez, tauryna i kofeina przyspieszaj\u0105 metabolizm i zwi\u0119kszaj\u0105 energi\u0119.<\/li>\n<li>Dla sportowc\u00f3w i os\u00f3b energicznych Fizzburn zapewnia energi\u0119 na ca\u0142y dzie\u0144.<\/li>\n<li>Witamina B6 zmniejsza zm\u0119czenie i poprawia koncentracj\u0119.<\/li>\n<\/ul>\n<h3>Sk\u0142ad i dzia\u0142anie Fizzburn<\/h3>\n<p>Skuteczno\u015b\u0107 ka\u017cdej tabletki Fizzburn jest zoptymalizowana. Sprawd\u017a jej g\u0142\u00f3wne sk\u0142adniki:<\/p>\n<ul>\n<li>Magnez pierwiastkowy &#8211; Poprawia syntez\u0119 bia\u0142ek i r\u00f3wnowag\u0119 elektrolitow\u0105. Normalizuje metabolizm energetyczny i prac\u0119 mi\u0119\u015bni.<\/li>\n<li>Kofeina &#8211; Ten stymulant zwi\u0119ksza produkcj\u0119 ciep\u0142a i spalanie kalorii. Zwi\u0119ksza energi\u0119 i wytrzyma\u0142o\u015b\u0107.<\/li>\n<li>Tauryna &#8211; Mi\u0119\u015bnie potrzebuj\u0105 tauryny. Poprawia wydolno\u015b\u0107 fizyczn\u0105 i spalanie t\u0142uszczu.<\/li>\n<li>Witamina B6 &#8211; Ta witamina reguluje hormony, wspomaga odporno\u015b\u0107 i zmniejsza zm\u0119czenie.<\/li>\n<\/ul>\n<p style=\"text-align: center;\"><span style=\"font-size: 22pt;\"><strong><a href=\"https:\/\/todaykhoe.com\/buy-fizzburn-pl\">KONTAKT W SPRAWIE WSZYSTKIEGO &#8211; MO\u017bLIWA P\u0141ATNO\u015a\u0106 GOT\u00d3WK\u0104 PRZY ODBIORZE<\/a><\/strong><\/span><\/p>\n<h3>Dzia\u0142ania Fizzburn, oczekiwane rezultaty<\/h3>\n<p>Regularne stosowanie tabletek musuj\u0105cych Fizzburn przynosi szereg korzy\u015bci:<\/p>\n<ul>\n<li>Zwi\u0119kszone wydatkowanie energii: Organizm efektywniej spala t\u0142uszcz. Utrata masy cia\u0142a jest umiarkowana i trwa\u0142a.<\/li>\n<li>Kofeina i tauryna poprawiaj\u0105 wytrzyma\u0142o\u015b\u0107 podczas treningu.<\/li>\n<li>Mniejszy g\u0142\u00f3d: Fizzburn kontroluje poziom cukru we krwi, zmniejszaj\u0105c ochot\u0119 na s\u0142odycze i kalorie.<\/li>\n<\/ul>\n<h3>W\u0142a\u015bciwo\u015bci Fizzburn<\/h3>\n<p>Zalety Fizzburn obejmuj\u0105 korzy\u015bci dla u\u017cytkownika. Korzy\u015bci dla konsumenta obejmuj\u0105 natychmiastowy zastrzyk energii i d\u0142ugotrwa\u0142\u0105 utrat\u0119 wagi. Wielu konsument\u00f3w czuje si\u0119 lepiej ju\u017c po kilku dniach. Zwi\u0119kszona energia u\u0142atwia codzienne czynno\u015bci. Fizzburn pomaga w zdrowej utracie wagi w ci\u0105gu jednego miesi\u0105ca. Badania pokazuj\u0105, \u017ce 89% u\u017cytkownik\u00f3w odczuwa lepsze samopoczucie i mniejsze zm\u0119czenie. Te korzy\u015bci sprawiaj\u0105, \u017ce Fizzburn jest doskona\u0142ym wyborem dla ka\u017cdego, kto szuka dodatkowej pomocy w utrzymaniu zdrowego stylu \u017cycia bez rygorystycznych diet i nadmiernego wysi\u0142ku fizycznego.<\/p>\n<h3>Zasady dawkowania Fizzburn<\/h3>\n<p>Przestrzegaj zalece\u0144 dotycz\u0105cych dawkowania i uzyskaj optymalne rezultaty. Fitzburn jest prosty i skuteczny.<\/p>\n<ul>\n<li>Jedna tabletka musuj\u0105ca rozpuszcza si\u0119 w 200 ml wody.<\/li>\n<li>Zacznij dzie\u0144 od 1-2 tabletek przed \u015bniadaniem lub treningiem.<\/li>\n<li>Nie przekraczaj dawki. Aby unikn\u0105\u0107 zaburze\u0144 snu, unikaj stosowania produktu wieczorem z powodu zawarto\u015bci kofeiny.<\/li>\n<\/ul>\n<p style=\"text-align: center;\"><span style=\"font-size: 22pt;\"><strong><a href=\"https:\/\/todaykhoe.com\/buy-fizzburn-pl\">KONTAKT W SPRAWIE WSZYSTKIEGO &#8211; MO\u017bLIWA P\u0141ATNO\u015a\u0106 GOT\u00d3WK\u0104 PRZY ODBIORZE<\/a><\/strong><\/span><\/p>\n<h3>Kupi\u0107 Fizzburn w aptece?<\/h3>\n<p>Nie! Apteka nie sprzedaje tabletek musuj\u0105cych Fizzburn. Producent sprzedaje produkt wy\u0142\u0105cznie za po\u015brednictwem swojego oficjalnego sklepu internetowego, aby zapewni\u0107 jako\u015b\u0107 i autentyczno\u015b\u0107. Dlatego unikaj podobnych produkt\u00f3w w aptekach i innych sklepach \u2013 mog\u0105 by\u0107 podr\u00f3bkami. Fizzburn to suplement wspomagaj\u0105cy odchudzanie. Nie przegap okazji, aby kupi\u0107 Fizzburn od producenta. Tw\u00f3j organizm Ci podzi\u0119kuje!<\/p>\n<p><a href=\"https:\/\/todaykhoe.com\/buy-fizzburn-pl\"><img loading=\"lazy\" decoding=\"async\" class=\"aligncenter size-full wp-image-157756\" src=\"https:\/\/todaykhoe.com\/wp-content\/uploads\/2025\/09\/FizzBurn-Tabletka-Poland.png\" alt=\"FizzBurn Tabletka Poland\" width=\"1139\" height=\"581\" srcset=\"https:\/\/www.todaykhoe.com\/wp-content\/uploads\/2025\/09\/FizzBurn-Tabletka-Poland.png 1139w, https:\/\/www.todaykhoe.com\/wp-content\/uploads\/2025\/09\/FizzBurn-Tabletka-Poland-300x153.png 300w, https:\/\/www.todaykhoe.com\/wp-content\/uploads\/2025\/09\/FizzBurn-Tabletka-Poland-1024x522.png 1024w, https:\/\/www.todaykhoe.com\/wp-content\/uploads\/2025\/09\/FizzBurn-Tabletka-Poland-768x392.png 768w, https:\/\/www.todaykhoe.com\/wp-content\/uploads\/2025\/09\/FizzBurn-Tabletka-Poland-600x306.png 600w\" sizes=\"auto, (max-width: 1139px) 100vw, 1139px\" \/><\/a><\/p>\n<h3>Opinie u\u017cytkownik\u00f3w<\/h3>\n<blockquote><p><strong>Marta, 34 lata \u201eFizzburn dodaje mi energii ka\u017cdego dnia i pomaga mi schudn\u0105\u0107. Moja waga zmieni\u0142a si\u0119 drastycznie po miesi\u0105cu stosowania. Brak skutk\u00f3w ubocznych jest dla mnie wa\u017cny. Ka\u017cdy, kto szuka codziennej dawki energii i utraty wagi, powinien go wypr\u00f3bowa\u0107\u201d.<\/strong><\/p>\n<p><strong>Gor\u0105co polecam! Kasia, 40 lat \u201eMiesi\u0119czne rezultaty i \u015bwietny smak! Ostatnio obcis\u0142e ubrania le\u017c\u0105 idealnie. Na szcz\u0119\u015bcie znalaz\u0142am niezawodny produkt. \u0141atwo\u015b\u0107 u\u017cycia oznacza, \u017ce \u200b\u200bnie musz\u0119 zapami\u0119tywa\u0107 skomplikowanego planu suplementacji\u201d.<\/strong><\/p><\/blockquote>\n<h3>Cz\u0119sto zadawane pytania:<\/h3>\n<p><strong>Dlaczego stosuj\u0119 Fizzburn?<\/strong><br \/>\nFizzburn przyspiesza metabolizm, zwi\u0119ksza energi\u0119 i pomaga schudn\u0105\u0107. Naturalne sk\u0142adniki wspomagaj\u0105 spalanie t\u0142uszczu i kontrol\u0119 apetytu, co pozwala prowadzi\u0107 zdrowy styl \u017cycia.<\/p>\n<p><strong>Czy tabletki Fizzburn powoduj\u0105 skutki uboczne?<\/strong><br \/>\nNaturalne sk\u0142adniki Fizzburn nie powinny szkodzi\u0107. Nale\u017cy przestrzega\u0107 dawkowania i sprawdza\u0107 sk\u0142ad, aby unikn\u0105\u0107 alergii.<\/p>\n<p><strong>Jak lekarze postrzegaj\u0105 Fizzburn?<\/strong><br \/>\nKomentarze lekarzy na temat Fizzburn s\u0105 dost\u0119pne online, ale ich autentyczno\u015b\u0107 jest niepewna. Bezpieczny \u015brodek wspomagaj\u0105cy odchudzanie, naturalne sk\u0142adniki nie powinny powodowa\u0107 skutk\u00f3w ubocznych.<\/p>\n<p><strong>Czy Fizzburn jest korzystny dla zdrowia?<\/strong><br \/>\nFizzburn to witamina, a nie lek. Pomaga w zdrowym \u017cyciu, ale nie powinien zast\u0119powa\u0107 zbilansowanej diety i \u0107wicze\u0144. Ten suplement nie jest przeznaczony do diagnozy, leczenia ani profilaktyki.<\/p>\n<p><strong>Tabletki Fizzburn: gdzie kupi\u0107?<\/strong><br \/>\nTabletki Fizzburn s\u0105 sprzedawane wy\u0142\u0105cznie na stronie producenta. Takie podej\u015bcie weryfikuje wa\u017cno\u015b\u0107 produktu i umo\u017cliwia korzystanie ze zni\u017cek producenta.<\/p>\n<p style=\"text-align: center;\"><span style=\"font-size: 22pt;\"><strong><a href=\"https:\/\/todaykhoe.com\/buy-fizzburn-pl\">KONTAKT W SPRAWIE WSZYSTKIEGO &#8211; MO\u017bLIWA P\u0141ATNO\u015a\u0106 GOT\u00d3WK\u0104 PRZY ODBIORZE<\/a><\/strong><\/span><\/p>\n","protected":false},"excerpt":{"rendered":"<h1 class=\"title\"><span style=\"font-size: 16pt;\">FizzBurn\u00a0Potr\u00f3jna pomoc organizmowi\u00a0Naturalnie. Skutecznie. Bezpiecznie.<\/span><\/h1>\n<ul>\n<li>Mo\u017cesz zap\u0142aci\u0107 got\u00f3wk\u0105 lub kart\u0105 kredytow\u0105 przy odbiorze.<\/li>\n<li>Dostawa w ci\u0105gu 2-3 dni, termin przydatno\u015bci do spo\u017cycia do 5 dni.<\/li>\n<li>Mo\u017cesz zam\u00f3wi\u0107 dostaw\u0119 do domu lub na poczt\u0119. Mo\u017cesz r\u00f3wnie\u017c zam\u00f3wi\u0107 bezp\u0142atn\u0105 dostaw\u0119 telefonicznie, kontaktuj\u0105c si\u0119 z operatorem.<\/li>\n<\/ul>\n<p><strong><a href=\"https:\/\/todaykhoe.com\/buy-fizzburn-pl\">KONTAKT W SPRAWIE WSZYSTKIEGO &#8211; MO\u017bLIWA P\u0141ATNO\u015a\u0106 GOT\u00d3WK\u0104 PRZY ODBIORZE<\/a><\/strong><\/p>\n","protected":false},"featured_media":157716,"comment_status":"open","ping_status":"closed","template":"","meta":[],"product_brand":[],"product_cat":[435],"product_tag":[],"class_list":{"0":"post-157715","1":"product","2":"type-product","3":"status-publish","4":"has-post-thumbnail","6":"product_cat-health","8":"first","9":"instock","10":"shipping-taxable","11":"product-type-external"},"yoast_head":"<!-- This site is optimized with the Yoast SEO plugin v27.3 - https:\/\/yoast.com\/product\/yoast-seo-wordpress\/ -->\n<title>FizzBurn Cena Poland: Detoks Tabletki na odchudzanie! Recenzje<\/title>\n<meta name=\"description\" content=\"FizzBurn Cena Poland: Detoks Tabletki na odchudzanie! Fizz Burn Recenzje, Korzy\u015bci, skutki uboczne, sk\u0142adniki, opinie u\u017cytkownik\u00f3w i zakup w Polsce.\" \/>\n<meta name=\"robots\" content=\"index, follow, max-snippet:-1, max-image-preview:large, max-video-preview:-1\" \/>\n<link rel=\"canonical\" href=\"https:\/\/www.todaykhoe.com\/product\/fizzburn-cena-poland\/\" \/>\n<meta property=\"og:locale\" content=\"en_US\" \/>\n<meta property=\"og:type\" content=\"article\" \/>\n<meta property=\"og:title\" content=\"FizzBurn Cena Poland: Detoks Tabletki na odchudzanie! Recenzje\" \/>\n<meta property=\"og:description\" content=\"FizzBurn Cena Poland: Detoks Tabletki na odchudzanie! Fizz Burn Recenzje, Korzy\u015bci, skutki uboczne, sk\u0142adniki, opinie u\u017cytkownik\u00f3w i zakup w Polsce.\" \/>\n<meta property=\"og:url\" content=\"https:\/\/www.todaykhoe.com\/product\/fizzburn-cena-poland\/\" \/>\n<meta property=\"og:site_name\" content=\"TodayKh\u1ecfe.Com\" \/>\n<meta property=\"article:modified_time\" content=\"2025-09-24T12:42:55+00:00\" \/>\n<meta property=\"og:image\" content=\"https:\/\/www.todaykhoe.com\/wp-content\/uploads\/2025\/09\/FizzBurn-Poland.png\" \/>\n\t<meta property=\"og:image:width\" content=\"497\" \/>\n\t<meta property=\"og:image:height\" content=\"499\" \/>\n\t<meta property=\"og:image:type\" content=\"image\/png\" \/>\n<meta name=\"twitter:card\" content=\"summary_large_image\" \/>\n<meta name=\"twitter:label1\" content=\"Est. reading time\" \/>\n\t<meta name=\"twitter:data1\" content=\"5 \u09ae\u09bf\u09a8\u09bf\u099f\" \/>\n<script type=\"application\/ld+json\" class=\"yoast-schema-graph\">{\"@context\":\"https:\\\/\\\/schema.org\",\"@graph\":[{\"@type\":\"WebPage\",\"@id\":\"https:\\\/\\\/www.todaykhoe.com\\\/product\\\/fizzburn-cena-poland\\\/\",\"url\":\"https:\\\/\\\/www.todaykhoe.com\\\/product\\\/fizzburn-cena-poland\\\/\",\"name\":\"FizzBurn Cena Poland: Detoks Tabletki na odchudzanie! Recenzje\",\"isPartOf\":{\"@id\":\"https:\\\/\\\/www.todaykhoe.com\\\/#website\"},\"primaryImageOfPage\":{\"@id\":\"https:\\\/\\\/www.todaykhoe.com\\\/product\\\/fizzburn-cena-poland\\\/#primaryimage\"},\"image\":{\"@id\":\"https:\\\/\\\/www.todaykhoe.com\\\/product\\\/fizzburn-cena-poland\\\/#primaryimage\"},\"thumbnailUrl\":\"https:\\\/\\\/www.todaykhoe.com\\\/wp-content\\\/uploads\\\/2025\\\/09\\\/FizzBurn-Poland.png\",\"datePublished\":\"2025-09-24T12:42:28+00:00\",\"dateModified\":\"2025-09-24T12:42:55+00:00\",\"description\":\"FizzBurn Cena Poland: Detoks Tabletki na odchudzanie! Fizz Burn Recenzje, Korzy\u015bci, skutki uboczne, sk\u0142adniki, opinie u\u017cytkownik\u00f3w i zakup w Polsce.\",\"breadcrumb\":{\"@id\":\"https:\\\/\\\/www.todaykhoe.com\\\/product\\\/fizzburn-cena-poland\\\/#breadcrumb\"},\"inLanguage\":\"bn-BD\",\"potentialAction\":[{\"@type\":\"ReadAction\",\"target\":[\"https:\\\/\\\/www.todaykhoe.com\\\/product\\\/fizzburn-cena-poland\\\/\"]}]},{\"@type\":\"ImageObject\",\"inLanguage\":\"bn-BD\",\"@id\":\"https:\\\/\\\/www.todaykhoe.com\\\/product\\\/fizzburn-cena-poland\\\/#primaryimage\",\"url\":\"https:\\\/\\\/www.todaykhoe.com\\\/wp-content\\\/uploads\\\/2025\\\/09\\\/FizzBurn-Poland.png\",\"contentUrl\":\"https:\\\/\\\/www.todaykhoe.com\\\/wp-content\\\/uploads\\\/2025\\\/09\\\/FizzBurn-Poland.png\",\"width\":497,\"height\":499,\"caption\":\"FizzBurn Poland\"},{\"@type\":\"BreadcrumbList\",\"@id\":\"https:\\\/\\\/www.todaykhoe.com\\\/product\\\/fizzburn-cena-poland\\\/#breadcrumb\",\"itemListElement\":[{\"@type\":\"ListItem\",\"position\":1,\"name\":\"Home\",\"item\":\"https:\\\/\\\/www.todaykhoe.com\\\/\"},{\"@type\":\"ListItem\",\"position\":2,\"name\":\"Shop\",\"item\":\"https:\\\/\\\/www.todaykhoe.com\\\/shop\\\/\"},{\"@type\":\"ListItem\",\"position\":3,\"name\":\"FizzBurn Tabletka Poland\"}]},{\"@type\":\"WebSite\",\"@id\":\"https:\\\/\\\/www.todaykhoe.com\\\/#website\",\"url\":\"https:\\\/\\\/www.todaykhoe.com\\\/\",\"name\":\"TodayKh\u1ecfe.Com\",\"description\":\"Healthy Today, Fitness, Nutrition, Beauty, News!\",\"publisher\":{\"@id\":\"https:\\\/\\\/www.todaykhoe.com\\\/#organization\"},\"potentialAction\":[{\"@type\":\"SearchAction\",\"target\":{\"@type\":\"EntryPoint\",\"urlTemplate\":\"https:\\\/\\\/www.todaykhoe.com\\\/?s={search_term_string}\"},\"query-input\":{\"@type\":\"PropertyValueSpecification\",\"valueRequired\":true,\"valueName\":\"search_term_string\"}}],\"inLanguage\":\"bn-BD\"},{\"@type\":\"Organization\",\"@id\":\"https:\\\/\\\/www.todaykhoe.com\\\/#organization\",\"name\":\"TodayKh\u1ecfe.Com\",\"url\":\"https:\\\/\\\/www.todaykhoe.com\\\/\",\"logo\":{\"@type\":\"ImageObject\",\"inLanguage\":\"bn-BD\",\"@id\":\"https:\\\/\\\/www.todaykhoe.com\\\/#\\\/schema\\\/logo\\\/image\\\/\",\"url\":\"https:\\\/\\\/www.todaykhoe.com\\\/wp-content\\\/uploads\\\/2025\\\/04\\\/Todaykhoe.png\",\"contentUrl\":\"https:\\\/\\\/www.todaykhoe.com\\\/wp-content\\\/uploads\\\/2025\\\/04\\\/Todaykhoe.png\",\"width\":706,\"height\":159,\"caption\":\"TodayKh\u1ecfe.Com\"},\"image\":{\"@id\":\"https:\\\/\\\/www.todaykhoe.com\\\/#\\\/schema\\\/logo\\\/image\\\/\"}}]}<\/script>\n<!-- \/ Yoast SEO plugin. -->","yoast_head_json":{"title":"FizzBurn Cena Poland: Detoks Tabletki na odchudzanie! Recenzje","description":"FizzBurn Cena Poland: Detoks Tabletki na odchudzanie! Fizz Burn Recenzje, Korzy\u015bci, skutki uboczne, sk\u0142adniki, opinie u\u017cytkownik\u00f3w i zakup w Polsce.","robots":{"index":"index","follow":"follow","max-snippet":"max-snippet:-1","max-image-preview":"max-image-preview:large","max-video-preview":"max-video-preview:-1"},"canonical":"https:\/\/www.todaykhoe.com\/product\/fizzburn-cena-poland\/","og_locale":"en_US","og_type":"article","og_title":"FizzBurn Cena Poland: Detoks Tabletki na odchudzanie! Recenzje","og_description":"FizzBurn Cena Poland: Detoks Tabletki na odchudzanie! Fizz Burn Recenzje, Korzy\u015bci, skutki uboczne, sk\u0142adniki, opinie u\u017cytkownik\u00f3w i zakup w Polsce.","og_url":"https:\/\/www.todaykhoe.com\/product\/fizzburn-cena-poland\/","og_site_name":"TodayKh\u1ecfe.Com","article_modified_time":"2025-09-24T12:42:55+00:00","og_image":[{"width":497,"height":499,"url":"https:\/\/www.todaykhoe.com\/wp-content\/uploads\/2025\/09\/FizzBurn-Poland.png","type":"image\/png"}],"twitter_card":"summary_large_image","twitter_misc":{"Est. reading time":"5 \u09ae\u09bf\u09a8\u09bf\u099f"},"schema":{"@context":"https:\/\/schema.org","@graph":[{"@type":"WebPage","@id":"https:\/\/www.todaykhoe.com\/product\/fizzburn-cena-poland\/","url":"https:\/\/www.todaykhoe.com\/product\/fizzburn-cena-poland\/","name":"FizzBurn Cena Poland: Detoks Tabletki na odchudzanie! Recenzje","isPartOf":{"@id":"https:\/\/www.todaykhoe.com\/#website"},"primaryImageOfPage":{"@id":"https:\/\/www.todaykhoe.com\/product\/fizzburn-cena-poland\/#primaryimage"},"image":{"@id":"https:\/\/www.todaykhoe.com\/product\/fizzburn-cena-poland\/#primaryimage"},"thumbnailUrl":"https:\/\/www.todaykhoe.com\/wp-content\/uploads\/2025\/09\/FizzBurn-Poland.png","datePublished":"2025-09-24T12:42:28+00:00","dateModified":"2025-09-24T12:42:55+00:00","description":"FizzBurn Cena Poland: Detoks Tabletki na odchudzanie! Fizz Burn Recenzje, Korzy\u015bci, skutki uboczne, sk\u0142adniki, opinie u\u017cytkownik\u00f3w i zakup w Polsce.","breadcrumb":{"@id":"https:\/\/www.todaykhoe.com\/product\/fizzburn-cena-poland\/#breadcrumb"},"inLanguage":"bn-BD","potentialAction":[{"@type":"ReadAction","target":["https:\/\/www.todaykhoe.com\/product\/fizzburn-cena-poland\/"]}]},{"@type":"ImageObject","inLanguage":"bn-BD","@id":"https:\/\/www.todaykhoe.com\/product\/fizzburn-cena-poland\/#primaryimage","url":"https:\/\/www.todaykhoe.com\/wp-content\/uploads\/2025\/09\/FizzBurn-Poland.png","contentUrl":"https:\/\/www.todaykhoe.com\/wp-content\/uploads\/2025\/09\/FizzBurn-Poland.png","width":497,"height":499,"caption":"FizzBurn Poland"},{"@type":"BreadcrumbList","@id":"https:\/\/www.todaykhoe.com\/product\/fizzburn-cena-poland\/#breadcrumb","itemListElement":[{"@type":"ListItem","position":1,"name":"Home","item":"https:\/\/www.todaykhoe.com\/"},{"@type":"ListItem","position":2,"name":"Shop","item":"https:\/\/www.todaykhoe.com\/shop\/"},{"@type":"ListItem","position":3,"name":"FizzBurn Tabletka Poland"}]},{"@type":"WebSite","@id":"https:\/\/www.todaykhoe.com\/#website","url":"https:\/\/www.todaykhoe.com\/","name":"TodayKh\u1ecfe.Com","description":"Healthy Today, Fitness, Nutrition, Beauty, News!","publisher":{"@id":"https:\/\/www.todaykhoe.com\/#organization"},"potentialAction":[{"@type":"SearchAction","target":{"@type":"EntryPoint","urlTemplate":"https:\/\/www.todaykhoe.com\/?s={search_term_string}"},"query-input":{"@type":"PropertyValueSpecification","valueRequired":true,"valueName":"search_term_string"}}],"inLanguage":"bn-BD"},{"@type":"Organization","@id":"https:\/\/www.todaykhoe.com\/#organization","name":"TodayKh\u1ecfe.Com","url":"https:\/\/www.todaykhoe.com\/","logo":{"@type":"ImageObject","inLanguage":"bn-BD","@id":"https:\/\/www.todaykhoe.com\/#\/schema\/logo\/image\/","url":"https:\/\/www.todaykhoe.com\/wp-content\/uploads\/2025\/04\/Todaykhoe.png","contentUrl":"https:\/\/www.todaykhoe.com\/wp-content\/uploads\/2025\/04\/Todaykhoe.png","width":706,"height":159,"caption":"TodayKh\u1ecfe.Com"},"image":{"@id":"https:\/\/www.todaykhoe.com\/#\/schema\/logo\/image\/"}}]}},"_links":{"self":[{"href":"https:\/\/www.todaykhoe.com\/bn\/wp-json\/wp\/v2\/product\/157715","targetHints":{"allow":["GET"]}}],"collection":[{"href":"https:\/\/www.todaykhoe.com\/bn\/wp-json\/wp\/v2\/product"}],"about":[{"href":"https:\/\/www.todaykhoe.com\/bn\/wp-json\/wp\/v2\/types\/product"}],"replies":[{"embeddable":true,"href":"https:\/\/www.todaykhoe.com\/bn\/wp-json\/wp\/v2\/comments?post=157715"}],"wp:featuredmedia":[{"embeddable":true,"href":"https:\/\/www.todaykhoe.com\/bn\/wp-json\/wp\/v2\/media\/157716"}],"wp:attachment":[{"href":"https:\/\/www.todaykhoe.com\/bn\/wp-json\/wp\/v2\/media?parent=157715"}],"wp:term":[{"taxonomy":"product_brand","embeddable":true,"href":"https:\/\/www.todaykhoe.com\/bn\/wp-json\/wp\/v2\/product_brand?post=157715"},{"taxonomy":"product_cat","embeddable":true,"href":"https:\/\/www.todaykhoe.com\/bn\/wp-json\/wp\/v2\/product_cat?post=157715"},{"taxonomy":"product_tag","embeddable":true,"href":"https:\/\/www.todaykhoe.com\/bn\/wp-json\/wp\/v2\/product_tag?post=157715"}],"curies":[{"name":"wp","href":"https:\/\/api.w.org\/{rel}","templated":true}]}}