{"id":156969,"date":"2025-09-23T10:48:03","date_gmt":"2025-09-23T10:48:03","guid":{"rendered":"https:\/\/todaykhoe.com\/?post_type=product&#038;p=156969"},"modified":"2025-09-23T10:48:25","modified_gmt":"2025-09-23T10:48:25","slug":"ignix-kapsulki-cena-poland","status":"publish","type":"product","link":"https:\/\/www.todaykhoe.com\/bn\/product\/ignix-kapsulki-cena-poland\/","title":{"rendered":"IGNIX Kapsu\u0142ki Cena Poland"},"content":{"rendered":"<p><a href=\"https:\/\/todaykhoe.com\/product\/ignix-kapsulki-cena-poland\/\">IGNIX<\/a> to produkt dla nieszcz\u0119\u015bliwych m\u0119\u017cczyzn pragn\u0105cych nieograniczonych dozna\u0144 seksualnych. B\u0119dzie krzycze\u0107, gdy zgwa\u0142cisz j\u0105 w \u0142\u00f3\u017cku t\u0105 kombinacj\u0105. Wykorzystaj swoje moce, aby poczu\u0142a si\u0119 wyj\u0105tkowo w \u0142\u00f3\u017cku. Poniewa\u017c ta chwila decyduje o trwa\u0142o\u015bci waszego zwi\u0105zku. M\u0119\u017cczy\u017ani, kt\u00f3rzy twierdz\u0105, \u017ce ich \u017cony zdradzaj\u0105, powinni to zbada\u0107. Zbyt ma\u0142y lub gi\u0119tki penis, a mo\u017ce erekcje? Godziny seksu i j\u0119drny penis zwi\u0119kszaj\u0105 przyjemno\u015b\u0107 z penetracji pochwy.<\/p>\n<p style=\"text-align: center;\"><span style=\"font-size: 20pt;\"><strong><a href=\"https:\/\/todaykhoe.com\/buy-ignix-pl\">KONTAKT W SPRAWIE WSZYSTKIEGO &#8211; MO\u017bLIWA P\u0141ATNO\u015a\u0106 GOT\u00d3WK\u0104 PRZY ODBIORZE<\/a><\/strong><\/span><\/p>\n<p>M\u0142odzie\u017c, doro\u015bli i osoby w ka\u017cdym wieku ogl\u0105daj\u0105 pornografi\u0119. To sprawia, \u017ce \u200b\u200bprzyjemno\u015b\u0107 jest wyj\u0105tkowa dla ka\u017cdej osoby. Niekt\u00f3rzy potrzebuj\u0105 seksu oralnego lub BDSM. Zapytaj kobiet\u0119, co lubi, a nie to, co lubisz ty. To pokazuje twoj\u0105 rado\u015b\u0107 i zrozumienie pary.<\/p>\n<h2>M\u0119\u017cczy\u017ani mog\u0105 mie\u0107 nieograniczon\u0105 si\u0142\u0119 seksualn\u0105 z IGNIX.<\/h2>\n<p>Poka\u017c jej swoje nieograniczone doznania bez Viagry czy znieczulaj\u0105cego sprayu, dzi\u0119ki kapsu\u0142kom IGNIX. My, m\u0119\u017cczy\u017ani, chcemy, aby kobiety by\u0142y zachwycone nieko\u0144cz\u0105cymi si\u0119 pokazami. Aby je rozw\u015bcieczy\u0107. Penis w erekcji utrzymuje si\u0119 d\u0142ugo bez Viagry czy znieczulaj\u0105cego sprayu. Dzia\u0142aj jak bestia sam. To mo\u017ce spe\u0142ni\u0107 twoje marzenia. Wszystkie twoje fantazje si\u0119 z ni\u0105 spe\u0142ni\u0105. Ka\u017cdego dnia wyginaj j\u0105 w \u0142\u00f3\u017cku inaczej.<\/p>\n<p>Komory penisa otrzymuj\u0105 wype\u0142niony krwi\u0105 tlen i sk\u0142adniki od\u017cywcze z IGNIX. Powi\u0119ksz tkanki penisa, aby eksplorowa\u0107 jej g\u0142\u0119bi\u0119. Ta zmieniaj\u0105ca \u017cycie procedura ujawni nieograniczonego m\u0119\u017cczyzn\u0119 o nieograniczonych talentach seksualnych. \u017badna kobieta nie zdradzi po twoich mocach. Ofiaruj jej orgazmy, a ona ci\u0119 nie zdradzi. B\u0119dzie si\u0119 dla ciebie wygina\u0107. Pieprz j\u0105 jak dziwk\u0119 i traktuj jak kr\u00f3low\u0105 \u2013 to prawda. M\u0119\u017cczy\u017ani, kt\u00f3rzy przestrzegaj\u0105 tych kryteri\u00f3w, rzadko narzekaj\u0105 na dominacj\u0119 \u017cony. To sprzyja harmonii ma\u0142\u017ce\u0144skiej. Orgazmy \u0142agodz\u0105 napi\u0119cie, sprawiaj\u0105, \u017ce \u017cona ci\u0119 kocha i doprowadza j\u0105 do sza\u0142u. Potrzebne s\u0105 tylko najlepsze moce seksualne.<\/p>\n<h3>Komu potrzebny jest IGNIX?<\/h3>\n<p>Uwolnij swoj\u0105 besti\u0119 i rz\u0105d\u017a w \u0142\u00f3\u017cku z IGNIX. To dla smutnych m\u0119\u017cczyzn poszukuj\u0105cych nieograniczonej mocy. Jedna z najlepszych technik wzmacniania i przed\u0142u\u017cania erekcji. Jedna kapsu\u0142ka IGNIX poprawia erekcj\u0119 z dnia na dzie\u0144. M\u0119\u017cczy\u017ani mog\u0105 chcie\u0107 leczy\u0107 przedwczesny wytrysk opr\u00f3cz erekcji. Przedwczesny wytrysk niszczy zwi\u0105zek.<\/p>\n<p>Zako\u0144czy\u0142 niezliczone romanse. M\u0119\u017cczyzna z tym problemem nigdy nie zaimponuje kobiecie. IGNIX jest przeznaczony dla os\u00f3b z problemami seksualnymi, kt\u00f3re pragn\u0105 przyg\u00f3d i dreszczyku emocji w \u017cyciu mi\u0142osnym.<\/p>\n<p style=\"text-align: center;\"><span style=\"font-size: 20pt;\"><strong><a href=\"https:\/\/todaykhoe.com\/buy-ignix-pl\">KONTAKT W SPRAWIE WSZYSTKIEGO &#8211; MO\u017bLIWA P\u0141ATNO\u015a\u0106 GOT\u00d3WK\u0104 PRZY ODBIORZE<\/a><\/strong><\/span><\/p>\n<h3>Dlaczego IGNIX?<\/h3>\n<p>Dzisiejsi m\u0119\u017cczy\u017ani s\u0105 odpowiedzialni. Kto\u015b musi im to usun\u0105\u0107. Praca z domu ich spowolni\u0142a. Na ich twarzy wida\u0107 stres, a cienie pod oczami \u015bwiadcz\u0105 o z\u0142ym \u015bnie. Jak mog\u0105 utrzyma\u0107 sprawno\u015b\u0107 seksualn\u0105?<\/p>\n<h3>Pozw\u00f3lcie, \u017ce opisz\u0119 zalety IGNIX. Oto one.<\/h3>\n<ul>\n<li>Zwi\u0119ksza rozmiar penisa i doskonali erekcj\u0119.<\/li>\n<li>Erekcja jest silna.<\/li>\n<li>Poprawia przep\u0142yw krwi w narz\u0105dach p\u0142ciowych.<\/li>\n<li>Skraca czas orgazmu, zapewniaj\u0105c d\u0142ugotrwa\u0142\u0105 sprawno\u015b\u0107.<\/li>\n<li>Buduje wytrzyma\u0142o\u015b\u0107 na ci\u0119\u017ck\u0105 prac\u0119.<\/li>\n<li>Podnosi poziom testosteronu, zapewniaj\u0105c lepsz\u0105 sprawno\u015b\u0107 seksualn\u0105.<\/li>\n<\/ul>\n<p>Aby z\u0142agodzi\u0107 napi\u0119cie psychiczne w naszym zabieganym spo\u0142ecze\u0144stwie, m\u0119\u017cczy\u017ani potrzebuj\u0105 satysfakcji seksualnej. Musz\u0105 odczuwa\u0107 rozkosz orgazmu. Zmie\u0144 jej zdanie o Tobie dzi\u0119ki IGNIX.<\/p>\n<h3>Instrukcja obs\u0142ugi IGNIX.<\/h3>\n<p>Zawiera 30 saszetek tabletek i lubrykant. Wmasuj olejek w penisa w prz\u00f3d i w d\u00f3\u0142 wieczorem. Dwie tabletki dziennie, popijaj\u0105c wod\u0105. Trzy saszetki IGNIX przynosz\u0105 realne rezultaty. Zaaplikuj kolejn\u0105 kapsu\u0142k\u0119 30 minut przed seksem.<\/p>\n<h3>\u015arodki ostro\u017cno\u015bci.<\/h3>\n<ul>\n<li>Nieodpowiednie dla nieletnich.<\/li>\n<li>Nieodpowiednie dla kobiet.<\/li>\n<li>Unikaj przedawkowania i post\u0119puj zgodnie z zaleceniami.<\/li>\n<li>Przechowywa\u0107 poza zasi\u0119giem dzieci.<\/li>\n<li>Przechowywa\u0107 w ch\u0142odnym i suchym miejscu.<\/li>\n<\/ul>\n<h3>Gdzie kupi\u0107?<\/h3>\n<p>Chcesz nieograniczonej mocy seksualnej? Wypr\u00f3buj IGNIX. Poka\u017c swoje ukryte talenty, aby doprowadzi\u0107 j\u0105 do orgazmu. Zam\u00f3w na stronie internetowej. Kliknij poni\u017cszy obrazek, aby przej\u015b\u0107 do tego miejsca. Wype\u0142nij dane zam\u00f3wienia, a przedstawiciel skontaktuje si\u0119 z Tob\u0105 w celu jego zatwierdzenia. Twoje zam\u00f3wienie zosta\u0142o zweryfikowane.<\/p>\n<p style=\"text-align: center;\"><span style=\"font-size: 20pt;\"><strong><a href=\"https:\/\/todaykhoe.com\/buy-ignix-pl\">KONTAKT W SPRAWIE WSZYSTKIEGO &#8211; MO\u017bLIWA P\u0141ATNO\u015a\u0106 GOT\u00d3WK\u0104 PRZY ODBIORZE<\/a><\/strong><\/span><\/p>\n<p><a href=\"https:\/\/todaykhoe.com\/buy-ignix-pl\"><img loading=\"lazy\" decoding=\"async\" class=\"aligncenter size-full wp-image-156970\" src=\"https:\/\/todaykhoe.com\/wp-content\/uploads\/2025\/09\/IGNIX-Kapsulki-Poland.png\" alt=\"IGNIX Kapsu\u0142ki Poland\" width=\"827\" height=\"564\" srcset=\"https:\/\/www.todaykhoe.com\/wp-content\/uploads\/2025\/09\/IGNIX-Kapsulki-Poland.png 827w, https:\/\/www.todaykhoe.com\/wp-content\/uploads\/2025\/09\/IGNIX-Kapsulki-Poland-300x205.png 300w, https:\/\/www.todaykhoe.com\/wp-content\/uploads\/2025\/09\/IGNIX-Kapsulki-Poland-768x524.png 768w, https:\/\/www.todaykhoe.com\/wp-content\/uploads\/2025\/09\/IGNIX-Kapsulki-Poland-600x409.png 600w\" sizes=\"auto, (max-width: 827px) 100vw, 827px\" \/><\/a><\/p>\n","protected":false},"excerpt":{"rendered":"<p><span style=\"font-size: 22pt;\"><strong>Objawy, leczenie i profilaktyka poprawy potencji<\/strong><\/span><\/p>\n<ul>\n<li>Mo\u017cesz zap\u0142aci\u0107 got\u00f3wk\u0105 lub kart\u0105 kredytow\u0105 przy odbiorze.<\/li>\n<li>Dostawa w ci\u0105gu 2-3 dni, termin przydatno\u015bci do spo\u017cycia do 5 dni.<\/li>\n<li>Mo\u017cesz zam\u00f3wi\u0107 dostaw\u0119 do domu lub na poczt\u0119. Mo\u017cesz r\u00f3wnie\u017c zam\u00f3wi\u0107 bezp\u0142atn\u0105 dostaw\u0119 telefonicznie u operatora.<\/li>\n<\/ul>\n<p><strong><a href=\"https:\/\/todaykhoe.com\/buy-ignix-pl\">KONTAKT W SPRAWIE WSZYSTKIEGO &#8211; MO\u017bLIWA P\u0141ATNO\u015a\u0106 GOT\u00d3WK\u0104 PRZY ODBIORZE<\/a><\/strong><\/p>\n","protected":false},"featured_media":157010,"comment_status":"open","ping_status":"closed","template":"","meta":[],"product_brand":[],"product_cat":[435],"product_tag":[],"class_list":{"0":"post-156969","1":"product","2":"type-product","3":"status-publish","4":"has-post-thumbnail","6":"product_cat-health","8":"first","9":"instock","10":"shipping-taxable","11":"product-type-external"},"yoast_head":"<!-- This site is optimized with the Yoast SEO plugin v27.3 - https:\/\/yoast.com\/product\/yoast-seo-wordpress\/ -->\n<title>IGNIX Kapsu\u0142ki Cena Poland: Libido i sprawno\u015b\u0107 seksualna!<\/title>\n<meta name=\"description\" content=\"IGNIX Kapsu\u0142ki Cena Poland: Libido i sprawno\u015b\u0107 seksualna! Korzy\u015bci, skutki uboczne, sk\u0142adniki, opinie u\u017cytkownik\u00f3w i zakup w Polsce.\" \/>\n<meta name=\"robots\" content=\"index, follow, max-snippet:-1, max-image-preview:large, max-video-preview:-1\" \/>\n<link rel=\"canonical\" href=\"https:\/\/www.todaykhoe.com\/product\/ignix-kapsulki-cena-poland\/\" \/>\n<meta property=\"og:locale\" content=\"en_US\" \/>\n<meta property=\"og:type\" content=\"article\" \/>\n<meta property=\"og:title\" content=\"IGNIX Kapsu\u0142ki Cena Poland: Libido i sprawno\u015b\u0107 seksualna!\" \/>\n<meta property=\"og:description\" content=\"IGNIX Kapsu\u0142ki Cena Poland: Libido i sprawno\u015b\u0107 seksualna! Korzy\u015bci, skutki uboczne, sk\u0142adniki, opinie u\u017cytkownik\u00f3w i zakup w Polsce.\" \/>\n<meta property=\"og:url\" content=\"https:\/\/www.todaykhoe.com\/product\/ignix-kapsulki-cena-poland\/\" \/>\n<meta property=\"og:site_name\" content=\"TodayKh\u1ecfe.Com\" \/>\n<meta property=\"article:modified_time\" content=\"2025-09-23T10:48:25+00:00\" \/>\n<meta property=\"og:image\" content=\"https:\/\/www.todaykhoe.com\/wp-content\/uploads\/2025\/09\/IGNIX-Poland.png\" \/>\n\t<meta property=\"og:image:width\" content=\"476\" \/>\n\t<meta property=\"og:image:height\" content=\"476\" \/>\n\t<meta property=\"og:image:type\" content=\"image\/png\" \/>\n<meta name=\"twitter:card\" content=\"summary_large_image\" \/>\n<meta name=\"twitter:label1\" content=\"Est. reading time\" \/>\n\t<meta name=\"twitter:data1\" content=\"3 \u09ae\u09bf\u09a8\u09bf\u099f\" \/>\n<script type=\"application\/ld+json\" class=\"yoast-schema-graph\">{\"@context\":\"https:\\\/\\\/schema.org\",\"@graph\":[{\"@type\":\"WebPage\",\"@id\":\"https:\\\/\\\/www.todaykhoe.com\\\/product\\\/ignix-kapsulki-cena-poland\\\/\",\"url\":\"https:\\\/\\\/www.todaykhoe.com\\\/product\\\/ignix-kapsulki-cena-poland\\\/\",\"name\":\"IGNIX Kapsu\u0142ki Cena Poland: Libido i sprawno\u015b\u0107 seksualna!\",\"isPartOf\":{\"@id\":\"https:\\\/\\\/www.todaykhoe.com\\\/#website\"},\"primaryImageOfPage\":{\"@id\":\"https:\\\/\\\/www.todaykhoe.com\\\/product\\\/ignix-kapsulki-cena-poland\\\/#primaryimage\"},\"image\":{\"@id\":\"https:\\\/\\\/www.todaykhoe.com\\\/product\\\/ignix-kapsulki-cena-poland\\\/#primaryimage\"},\"thumbnailUrl\":\"https:\\\/\\\/www.todaykhoe.com\\\/wp-content\\\/uploads\\\/2025\\\/09\\\/IGNIX-Poland.png\",\"datePublished\":\"2025-09-23T10:48:03+00:00\",\"dateModified\":\"2025-09-23T10:48:25+00:00\",\"description\":\"IGNIX Kapsu\u0142ki Cena Poland: Libido i sprawno\u015b\u0107 seksualna! Korzy\u015bci, skutki uboczne, sk\u0142adniki, opinie u\u017cytkownik\u00f3w i zakup w Polsce.\",\"breadcrumb\":{\"@id\":\"https:\\\/\\\/www.todaykhoe.com\\\/product\\\/ignix-kapsulki-cena-poland\\\/#breadcrumb\"},\"inLanguage\":\"bn-BD\",\"potentialAction\":[{\"@type\":\"ReadAction\",\"target\":[\"https:\\\/\\\/www.todaykhoe.com\\\/product\\\/ignix-kapsulki-cena-poland\\\/\"]}]},{\"@type\":\"ImageObject\",\"inLanguage\":\"bn-BD\",\"@id\":\"https:\\\/\\\/www.todaykhoe.com\\\/product\\\/ignix-kapsulki-cena-poland\\\/#primaryimage\",\"url\":\"https:\\\/\\\/www.todaykhoe.com\\\/wp-content\\\/uploads\\\/2025\\\/09\\\/IGNIX-Poland.png\",\"contentUrl\":\"https:\\\/\\\/www.todaykhoe.com\\\/wp-content\\\/uploads\\\/2025\\\/09\\\/IGNIX-Poland.png\",\"width\":476,\"height\":476,\"caption\":\"IGNIX Poland\"},{\"@type\":\"BreadcrumbList\",\"@id\":\"https:\\\/\\\/www.todaykhoe.com\\\/product\\\/ignix-kapsulki-cena-poland\\\/#breadcrumb\",\"itemListElement\":[{\"@type\":\"ListItem\",\"position\":1,\"name\":\"Home\",\"item\":\"https:\\\/\\\/www.todaykhoe.com\\\/\"},{\"@type\":\"ListItem\",\"position\":2,\"name\":\"Shop\",\"item\":\"https:\\\/\\\/www.todaykhoe.com\\\/shop\\\/\"},{\"@type\":\"ListItem\",\"position\":3,\"name\":\"IGNIX Kapsu\u0142ki Cena Poland\"}]},{\"@type\":\"WebSite\",\"@id\":\"https:\\\/\\\/www.todaykhoe.com\\\/#website\",\"url\":\"https:\\\/\\\/www.todaykhoe.com\\\/\",\"name\":\"TodayKh\u1ecfe.Com\",\"description\":\"Healthy Today, Fitness, Nutrition, Beauty, News!\",\"publisher\":{\"@id\":\"https:\\\/\\\/www.todaykhoe.com\\\/#organization\"},\"potentialAction\":[{\"@type\":\"SearchAction\",\"target\":{\"@type\":\"EntryPoint\",\"urlTemplate\":\"https:\\\/\\\/www.todaykhoe.com\\\/?s={search_term_string}\"},\"query-input\":{\"@type\":\"PropertyValueSpecification\",\"valueRequired\":true,\"valueName\":\"search_term_string\"}}],\"inLanguage\":\"bn-BD\"},{\"@type\":\"Organization\",\"@id\":\"https:\\\/\\\/www.todaykhoe.com\\\/#organization\",\"name\":\"TodayKh\u1ecfe.Com\",\"url\":\"https:\\\/\\\/www.todaykhoe.com\\\/\",\"logo\":{\"@type\":\"ImageObject\",\"inLanguage\":\"bn-BD\",\"@id\":\"https:\\\/\\\/www.todaykhoe.com\\\/#\\\/schema\\\/logo\\\/image\\\/\",\"url\":\"https:\\\/\\\/www.todaykhoe.com\\\/wp-content\\\/uploads\\\/2025\\\/04\\\/Todaykhoe.png\",\"contentUrl\":\"https:\\\/\\\/www.todaykhoe.com\\\/wp-content\\\/uploads\\\/2025\\\/04\\\/Todaykhoe.png\",\"width\":706,\"height\":159,\"caption\":\"TodayKh\u1ecfe.Com\"},\"image\":{\"@id\":\"https:\\\/\\\/www.todaykhoe.com\\\/#\\\/schema\\\/logo\\\/image\\\/\"}}]}<\/script>\n<!-- \/ Yoast SEO plugin. -->","yoast_head_json":{"title":"IGNIX Kapsu\u0142ki Cena Poland: Libido i sprawno\u015b\u0107 seksualna!","description":"IGNIX Kapsu\u0142ki Cena Poland: Libido i sprawno\u015b\u0107 seksualna! Korzy\u015bci, skutki uboczne, sk\u0142adniki, opinie u\u017cytkownik\u00f3w i zakup w Polsce.","robots":{"index":"index","follow":"follow","max-snippet":"max-snippet:-1","max-image-preview":"max-image-preview:large","max-video-preview":"max-video-preview:-1"},"canonical":"https:\/\/www.todaykhoe.com\/product\/ignix-kapsulki-cena-poland\/","og_locale":"en_US","og_type":"article","og_title":"IGNIX Kapsu\u0142ki Cena Poland: Libido i sprawno\u015b\u0107 seksualna!","og_description":"IGNIX Kapsu\u0142ki Cena Poland: Libido i sprawno\u015b\u0107 seksualna! Korzy\u015bci, skutki uboczne, sk\u0142adniki, opinie u\u017cytkownik\u00f3w i zakup w Polsce.","og_url":"https:\/\/www.todaykhoe.com\/product\/ignix-kapsulki-cena-poland\/","og_site_name":"TodayKh\u1ecfe.Com","article_modified_time":"2025-09-23T10:48:25+00:00","og_image":[{"width":476,"height":476,"url":"https:\/\/www.todaykhoe.com\/wp-content\/uploads\/2025\/09\/IGNIX-Poland.png","type":"image\/png"}],"twitter_card":"summary_large_image","twitter_misc":{"Est. reading time":"3 \u09ae\u09bf\u09a8\u09bf\u099f"},"schema":{"@context":"https:\/\/schema.org","@graph":[{"@type":"WebPage","@id":"https:\/\/www.todaykhoe.com\/product\/ignix-kapsulki-cena-poland\/","url":"https:\/\/www.todaykhoe.com\/product\/ignix-kapsulki-cena-poland\/","name":"IGNIX Kapsu\u0142ki Cena Poland: Libido i sprawno\u015b\u0107 seksualna!","isPartOf":{"@id":"https:\/\/www.todaykhoe.com\/#website"},"primaryImageOfPage":{"@id":"https:\/\/www.todaykhoe.com\/product\/ignix-kapsulki-cena-poland\/#primaryimage"},"image":{"@id":"https:\/\/www.todaykhoe.com\/product\/ignix-kapsulki-cena-poland\/#primaryimage"},"thumbnailUrl":"https:\/\/www.todaykhoe.com\/wp-content\/uploads\/2025\/09\/IGNIX-Poland.png","datePublished":"2025-09-23T10:48:03+00:00","dateModified":"2025-09-23T10:48:25+00:00","description":"IGNIX Kapsu\u0142ki Cena Poland: Libido i sprawno\u015b\u0107 seksualna! Korzy\u015bci, skutki uboczne, sk\u0142adniki, opinie u\u017cytkownik\u00f3w i zakup w Polsce.","breadcrumb":{"@id":"https:\/\/www.todaykhoe.com\/product\/ignix-kapsulki-cena-poland\/#breadcrumb"},"inLanguage":"bn-BD","potentialAction":[{"@type":"ReadAction","target":["https:\/\/www.todaykhoe.com\/product\/ignix-kapsulki-cena-poland\/"]}]},{"@type":"ImageObject","inLanguage":"bn-BD","@id":"https:\/\/www.todaykhoe.com\/product\/ignix-kapsulki-cena-poland\/#primaryimage","url":"https:\/\/www.todaykhoe.com\/wp-content\/uploads\/2025\/09\/IGNIX-Poland.png","contentUrl":"https:\/\/www.todaykhoe.com\/wp-content\/uploads\/2025\/09\/IGNIX-Poland.png","width":476,"height":476,"caption":"IGNIX Poland"},{"@type":"BreadcrumbList","@id":"https:\/\/www.todaykhoe.com\/product\/ignix-kapsulki-cena-poland\/#breadcrumb","itemListElement":[{"@type":"ListItem","position":1,"name":"Home","item":"https:\/\/www.todaykhoe.com\/"},{"@type":"ListItem","position":2,"name":"Shop","item":"https:\/\/www.todaykhoe.com\/shop\/"},{"@type":"ListItem","position":3,"name":"IGNIX Kapsu\u0142ki Cena Poland"}]},{"@type":"WebSite","@id":"https:\/\/www.todaykhoe.com\/#website","url":"https:\/\/www.todaykhoe.com\/","name":"TodayKh\u1ecfe.Com","description":"Healthy Today, Fitness, Nutrition, Beauty, News!","publisher":{"@id":"https:\/\/www.todaykhoe.com\/#organization"},"potentialAction":[{"@type":"SearchAction","target":{"@type":"EntryPoint","urlTemplate":"https:\/\/www.todaykhoe.com\/?s={search_term_string}"},"query-input":{"@type":"PropertyValueSpecification","valueRequired":true,"valueName":"search_term_string"}}],"inLanguage":"bn-BD"},{"@type":"Organization","@id":"https:\/\/www.todaykhoe.com\/#organization","name":"TodayKh\u1ecfe.Com","url":"https:\/\/www.todaykhoe.com\/","logo":{"@type":"ImageObject","inLanguage":"bn-BD","@id":"https:\/\/www.todaykhoe.com\/#\/schema\/logo\/image\/","url":"https:\/\/www.todaykhoe.com\/wp-content\/uploads\/2025\/04\/Todaykhoe.png","contentUrl":"https:\/\/www.todaykhoe.com\/wp-content\/uploads\/2025\/04\/Todaykhoe.png","width":706,"height":159,"caption":"TodayKh\u1ecfe.Com"},"image":{"@id":"https:\/\/www.todaykhoe.com\/#\/schema\/logo\/image\/"}}]}},"_links":{"self":[{"href":"https:\/\/www.todaykhoe.com\/bn\/wp-json\/wp\/v2\/product\/156969","targetHints":{"allow":["GET"]}}],"collection":[{"href":"https:\/\/www.todaykhoe.com\/bn\/wp-json\/wp\/v2\/product"}],"about":[{"href":"https:\/\/www.todaykhoe.com\/bn\/wp-json\/wp\/v2\/types\/product"}],"replies":[{"embeddable":true,"href":"https:\/\/www.todaykhoe.com\/bn\/wp-json\/wp\/v2\/comments?post=156969"}],"wp:featuredmedia":[{"embeddable":true,"href":"https:\/\/www.todaykhoe.com\/bn\/wp-json\/wp\/v2\/media\/157010"}],"wp:attachment":[{"href":"https:\/\/www.todaykhoe.com\/bn\/wp-json\/wp\/v2\/media?parent=156969"}],"wp:term":[{"taxonomy":"product_brand","embeddable":true,"href":"https:\/\/www.todaykhoe.com\/bn\/wp-json\/wp\/v2\/product_brand?post=156969"},{"taxonomy":"product_cat","embeddable":true,"href":"https:\/\/www.todaykhoe.com\/bn\/wp-json\/wp\/v2\/product_cat?post=156969"},{"taxonomy":"product_tag","embeddable":true,"href":"https:\/\/www.todaykhoe.com\/bn\/wp-json\/wp\/v2\/product_tag?post=156969"}],"curies":[{"name":"wp","href":"https:\/\/api.w.org\/{rel}","templated":true}]}}