{"id":155522,"date":"2025-09-13T07:48:57","date_gmt":"2025-09-13T07:48:57","guid":{"rendered":"https:\/\/todaykhoe.com\/?post_type=product&#038;p=155522"},"modified":"2025-09-13T07:49:45","modified_gmt":"2025-09-13T07:49:45","slug":"normacelin-recenzii-romania","status":"publish","type":"product","link":"https:\/\/www.todaykhoe.com\/bn\/product\/normacelin-recenzii-romania\/","title":{"rendered":"Normacelin Recenzii RO"},"content":{"rendered":"<p>Substan\u021ba rar\u0103 <a href=\"https:\/\/todaykhoe.com\/product\/normacelin-recenzii-romania\/\">NORMACELIN<\/a> vindec\u0103 ciuperca picioarelor \u0219i alte boli fungice. Hr\u0103ne\u0219te pielea \u00een profunzime, f\u0103c\u00e2nd-o frumoas\u0103. Aceast\u0103 infec\u021bie \u00eencepe \u00eentre degetele de la picioare. Persoanele care transpir\u0103 mult \u0219i poart\u0103 pantofi etan\u0219i sunt deosebit de sensibile. Aceast\u0103 problem\u0103 comun\u0103 te poate jena la petreceri, evenimente \u0219i \u00eent\u00e2lniri. M\u00e2nc\u0103rimea face via\u021ba nefericit\u0103. Te po\u021bi trezi \u00eentr-un somn ad\u00e2nc noaptea. \u0218tiam c\u0103 acele nop\u021bi erau groaznice pentru c\u0103 m\u0103 m\u00e2ncau testiculele.<\/p>\n<p style=\"text-align: center;\"><span style=\"font-size: 24pt;\"><strong><a href=\"https:\/\/todaykhoe.com\/buy-normacelin-ro\">CONTACT PENTRU ORICE &#8211; PLAT\u0102 LA LIVRARE DISPONIBIL\u0102<\/a><\/strong><\/span><\/p>\n<p>Chiar \u0219i varicela m-a \u00eempiedicat s\u0103 frec unghiile \u00een acel loc. A discuta \u00een privat despre asta cu medicii este jenant. Mult prea dificil. Nu ar trebui s\u0103 te sim\u021bi ru\u0219inat de situa\u021bia ta. \u00cenmul\u021be\u0219te c\u00e2teva lucruri singur. Cur\u0103\u021benia previne infec\u021bia \u00een tot corpul. Cel mai ignorat element \u00een zilele noastre. C\u0103l\u0103toria toat\u0103 ziua \u00eenseamn\u0103 c\u0103 nu trebuie s\u0103 faci baie acas\u0103. Nu ne sp\u0103l\u0103m corect pe m\u00e2ini. Graba las\u0103 bacterii pe m\u00e2ini. Momentul este esen\u021bial atunci c\u00e2nd faci cur\u0103\u021benie. Pentru a \u00eendep\u0103rta germenii \u0219i bacteriile, sp\u0103la\u021bi-v\u0103 pe m\u00e2ini timp de 1 minut. Igiena precar\u0103 provoac\u0103 durere, irita\u021bii ale pielii \u0219i stim\u0103 de sine sc\u0103zut\u0103. Beneficiile cur\u0103\u021beniei includ siguran\u021ba \u0219i privilegiile.<\/p>\n<p>Demonstreaz\u0103 \u00eencredere \u0219i etichet\u0103. Igiena personal\u0103 previne bolile digestive \u0219i infec\u021bioase. De asemenea, sp\u0103la\u021bi-v\u0103 \u00eencheieturile m\u00e2inilor timp de un minut cu s\u0103pun. \u00cen fiecare zi acas\u0103, sp\u0103la\u021bi-v\u0103 pantofii \u0219i \u0219osetele cu s\u0103pun sau manual. Usca\u021bi-le dup\u0103 sp\u0103lare. Evita\u021bi s\u0103 le acoperi\u021bi excesiv. Infec\u021biile fungice v\u0103 fac s\u0103 mirosi\u021bi \u00eengrozitor, indic\u00e2nd murd\u0103rie.<\/p>\n<p>Nu este nevoie de igien\u0103 pentru acest aspect. Bine oriunde v-a\u021bi afla. Practica\u021bi \u00eengrijirea personal\u0103 \u0219i igiena pentru a v\u0103 schimba via\u021ba \u0219i opiniile celorlal\u021bi. O infec\u021bie fungic\u0103 se poate r\u0103sp\u00e2ndi rapid \u00een zona intima, bra\u021be, pliuri ale pielii sau \u00een alt\u0103 parte. A\u021bi \u00eendurat destul. Scap\u0103 de aceste pete ur\u00e2te \u0219i infec\u021bii fungice.<\/p>\n<h2>Riscuri \u0219i prevenire a ciupercii picioarelor.<\/h2>\n<p>Unghiile se \u00eengroa\u0219\u0103, se \u00eeng\u0103lbenesc \u0219i crap\u0103 din cauza ciupercii picioarelor. Arat\u0103 dezgust\u0103tor. Pantofii sunt murdari \u0219i durero\u0219i. Pielea \u0219i unghiile sunt afectate. Vor cre\u0219te \u0219i vor deveni necontrolate dac\u0103 nu sunt tratate. Mai mul\u021bi factori v\u0103 pot afecta. Cauza, efectele \u0219i prevenirea acestei boli trebuie cunoscute. Aspectul pielii \u0219i infec\u021bia conteaz\u0103. Toate metodele pot simplifica aceast\u0103 boal\u0103 \u0219i tratamentul.<\/p>\n<h3>Sfaturi pentru prevenire:<\/h3>\n<ul>\n<li>Este important s\u0103 v\u0103 men\u021bine\u021bi picioarele curate \u0219i uscate, pentru acela\u0219i lucru ar trebui s\u0103 le sp\u0103la\u021bi zilnic cu ap\u0103 \u0219i s\u0103pun \u0219i s\u0103 le usca\u021bi dup\u0103 aceea;<\/li>\n<li>Nu merge\u021bi descul\u021b \u00een public, deoarece ciupercile ador\u0103 s\u0103 creasc\u0103 \u00een locuri calde \u0219i umede \u0219i a\u0219a se r\u0103sp\u00e2ndesc at\u00e2t de u\u0219or. Uita\u021bi-v\u0103 la tot ce \u021bine de corpul vostru \u0219i ar trebui s\u0103 ave\u021bi mare grij\u0103 de ele.<\/li>\n<li>Ar trebui s\u0103 ne punem o pereche de \u0219osete curate \u00een fiecare zi, \u00een loc s\u0103 purt\u0103m aceea\u0219i pereche pe care am purtat-o \u200b\u200bieri.<\/li>\n<li>Face\u021bi alegeri bune \u00een ceea ce prive\u0219te \u00eenc\u0103l\u021b\u0103mintea, purta\u021bi \u00eentotdeauna papuci \u0219i pantofi care v\u0103 fac s\u0103 v\u0103 sim\u021bi\u021bi confortabil, pute\u021bi c\u0103uta materiale din fibre sintetice atunci c\u00e2nd cump\u0103ra\u021bi \u0219osete.<\/li>\n<li>Igiena personal\u0103 include \u0219i t\u0103ierea unghiilor de la picioare la timp, nu le l\u0103sa\u021bi s\u0103 creasc\u0103 prea mari.<\/li>\n<li>Pute\u021bi cump\u0103ra ni\u0219te pudr\u0103 pentru picioare pe care o pute\u021bi pres\u0103ra dup\u0103 du\u0219 pe piciorul uscat, acest lucru v\u0103 cre\u0219te capacitatea de a combate viru\u0219ii \u0219i germenii.<\/li>\n<li>Ar trebui s\u0103 folosi\u021bi crem\u0103 antifungic\u0103 atunci c\u00e2nd v\u0103 afla\u021bi \u00een astfel de probleme \u0219i a\u0219a pute\u021bi evita agravarea acestei probleme.<\/li>\n<\/ul>\n<p>Lua\u021bi aceste m\u0103suri de precau\u021bie pentru a reveni la via\u021ba normal\u0103 \u0219i la un aspect frumos. Aceste m\u0103suri de precau\u021bie acoper\u0103 infec\u021biile \u0219i via\u021ba de zi cu zi. Lua\u021bi igiena personal\u0103 \u00een serios. Acest lucru v\u0103 este benefic. Acum este momentul s\u0103 discut\u0103m cine prezint\u0103 un risc ridicat pentru aceste ac\u021biuni fungice pentru a evita aceast\u0103 boal\u0103 enervant\u0103. C\u00e2\u021biva factori cresc infec\u021biile fungice ale unghiilor \u0219i pielii. To\u021bi sunt inclu\u0219i:<\/p>\n<p>Expunerea la ciuperci \u0219i cre\u0219terea lent\u0103 a unghiilor pot provoca psoriazis. Monitoriza\u021bi persoanele care transpir\u0103 mult \u00een \u00eenc\u0103l\u021b\u0103minte. Verifica\u021bi sportivii cu antecedente de probleme cu picioarele. &#8211; Infec\u021biile fungice pot rezulta din mersul f\u0103r\u0103 papuci \u00een piscine umede, s\u0103li de sport \u0219i du\u0219uri.<\/p>\n<p>To\u021bi ace\u0219ti factori de risc definesc cine prezint\u0103 un risc ridicat pentru aceast\u0103 boal\u0103 a pielii \u0219i cum deformeaz\u0103 unghiile. Utiliza\u021bi Normacelin pentru a pune cap\u0103t acestui lucru. Afla\u021bi mai multe.<\/p>\n<p style=\"text-align: center;\"><span style=\"font-size: 24pt;\"><strong><a href=\"https:\/\/todaykhoe.com\/buy-normacelin-ro\">CONTACT PENTRU ORICE &#8211; PLAT\u0102 LA LIVRARE DISPONIBIL\u0102<\/a><\/strong><\/span><\/p>\n<h3>Normacelin \u00eembun\u0103t\u0103\u021be\u0219te pielea \u0219i elimin\u0103 ciupercile.<\/h3>\n<p>Cum arat\u0103 ciuperca pe degetele de la picioare, unghii \u0219i piele? Cunoa\u0219te\u021bi aspectul sau senza\u021bia pe care o sim\u021bi\u021bi? Persoanele infectate \u00ee\u0219i pot descrie experien\u021ba, dar nimeni nu cunoa\u0219te ru\u0219inea \u0219i suferin\u021ba. Situa\u021biile problematice includ m\u00e2nc\u0103rimea. Vitaminele \u0219i beneficiile esen\u021biale sunt livrate ad\u00e2nc \u00een piele de lo\u021biunea antifungic\u0103 Normacelin. Aceasta combate bine infec\u021biile fungice \u0219i afec\u021biunile pielii. Cremele antifungice \u00eentineresc pielea cu antioxidan\u021bi \u0219i antibacterieni.<\/p>\n<p>Opre\u0219te transmiterea infec\u021biilor prin blocarea infec\u021biei. Relaxeaz\u0103 \u0219i amelioreaz\u0103 inflama\u021bia. \u00cenc\u0103 de la prima aplicare, efectele terapeutice restabilesc capacitatea natural\u0103 de a reconstrui unghiile, de a regenera frumuse\u021bea \u0219i de a elimina cre\u0219terea fungic\u0103. Aceast\u0103 crem\u0103 dep\u0103\u0219e\u0219te a\u0219tept\u0103rile prin tratarea problemei de la r\u0103d\u0103cin\u0103 \u0219i vindecarea molecular\u0103.<\/p>\n<p>Infec\u021bia este eradicat\u0103 permanent prin p\u0103trunderea \u00een \u021besutul epidermic. Ingredientele excelente \u00eentineresc celulele dermice \u0219i suprafa\u021ba pielii pentru o perioad\u0103 lung\u0103 de timp. Terpenele, o vitamin\u0103 excelent\u0103, ucid infec\u021biile. \u0219i previne cr\u0103parea unghiilor pentru totdeauna. Acum putem tr\u0103i o via\u021b\u0103 plin\u0103 de bucurie \u0219i s\u0103n\u0103toas\u0103, f\u0103r\u0103 probleme legate de piele. Pielea neinfectat\u0103 va fi lipsit\u0103 de germeni \u0219i bacterii. Frumuse\u021bea sa se va \u00eembun\u0103t\u0103\u021bi enorm.<\/p>\n<h3>Cum se detecteaz\u0103 ciuperca piciorului?<\/h3>\n<p>A\u0219adar, exist\u0103 mai multe semne care sugereaz\u0103 ciuperca piciorului. Este nevoie doar de recunoa\u0219tere. Verifica\u021bi dac\u0103 ave\u021bi aceast\u0103 problem\u0103 \u00een loc s\u0103 v\u0103 face\u021bi griji cu privire la cauz\u0103. Unul sau ambele picioare o pot dezvolta. Cauzele sale sunt igiena \u0219i \u00eengrijirea corporal\u0103.<\/p>\n<h3>Simptomele sale:<\/h3>\n<p>Piele descuamat\u0103, care se exfoliaz\u0103 sau se cr\u0103p\u0103 \u00eentre degetele de la picioare; m\u00e2nc\u0103rime la scoaterea \u00eenc\u0103l\u021b\u0103mintei \u0219i a \u0219osetelor; umfl\u0103turi ro\u0219iatice, violete sau gri; arsuri sau usturimi; vezicule; talp\u0103 uscat\u0103 \u0219i descuamat\u0103.<\/p>\n<p>Aceste simptome implic\u0103 o infec\u021bie fungic\u0103 \u0219i necesit\u0103 igien\u0103 personal\u0103. Aceast\u0103 boal\u0103 necesit\u0103 un tratament riguros \u00eenainte de a se r\u0103sp\u00e2ndi \u00een alte zone ale pielii. Consulta\u021bi imediat un medic dac\u0103 aceast\u0103 afec\u021biune nu se amelioreaz\u0103 \u00een dou\u0103 s\u0103pt\u0103m\u00e2ni f\u0103r\u0103 tratament. De ce s\u0103 alege\u021bi Normacelin \u00een locul tratamentelor alternative pentru infec\u021biile fungice?<\/p>\n<h3>Elimin\u0103 complet infec\u021bia fungic\u0103.<\/h3>\n<p>Infec\u021bia este prea complex\u0103 pentru igiena personal\u0103. Chiar \u0219i o \u00eengrijire temeinic\u0103 necesit\u0103 o consulta\u021bie relaxat\u0103 cu medicul. E mai greu dec\u00e2t crezi. De fapt, e \u0219i mai r\u0103u. Problema ta cu pielea \u00ee\u021bi poate infecta celulele \u0219i poate ar\u0103ta ur\u00e2t. Func\u021bia \u0219i produc\u021bia celular\u0103 pot fi afectate. Problemele pielii pot proveni din aceast\u0103 muta\u021bie. Normacelin poate regla aceast\u0103 muta\u021bie \u0219i te poate readuce la normal. Corpul t\u0103u va fi f\u0103r\u0103 ciuperci. \u00ce\u0219i va aminti de vremurile bune.<\/p>\n<p style=\"text-align: center;\"><span style=\"font-size: 24pt;\"><strong><a href=\"https:\/\/todaykhoe.com\/buy-normacelin-ro\">CONTACT PENTRU ORICE &#8211; PLAT\u0102 LA LIVRARE DISPONIBIL\u0102<\/a><\/strong><\/span><\/p>\n<h3>Structura unghiilor \u0219i ameliorarea m\u00e2nc\u0103rimii.<\/h3>\n<p>Deformarea \u0219i m\u00e2nc\u0103rimea unghiilor sunt frecvente \u00een cazul ciupercilor. Oamenii se pot sim\u021bi ru\u0219ina\u021bi. Imagineaz\u0103-\u021bi c\u0103 por\u021bi pantofi care m\u0103n\u00e2nc\u0103 la o conferin\u021b\u0103, o petrecere sau o nunt\u0103. Starea ta de spirit va avea de suferit. F\u0103r\u0103 cuvinte. Nu-\u021bi face griji &#8211; Normacelin te va ajuta. Aceast\u0103 crem\u0103 elimin\u0103 bacteriile pentru totdeauna \u0219i reconstruie\u0219te unghiile. Restructureaz\u0103 unghiile cu colagen \u0219i alte \u021besuturi pentru a le face roz \u0219i s\u0103n\u0103toase.<\/p>\n<h3>Men\u021bine pielea hidratat\u0103 pentru frumuse\u021be.<\/h3>\n<p>De\u0219i pu\u021bini o folosesc, hidratarea este cel mai bun tratament de \u00eenfrumuse\u021bare. Men\u021bine pielea t\u00e2n\u0103r\u0103 \u0219i ferm\u0103. Acest lucru poate \u00eembun\u0103t\u0103\u021bi aspectul t\u0103u \u0219i poate combate \u00eemb\u0103tr\u00e2nirea. Celulele se deterioreaz\u0103, iar reten\u021bia de umiditate a pielii \u00eencetine\u0219te odat\u0103 cu \u00eemb\u0103tr\u00e2nirea. Aceast\u0103 lo\u021biune p\u0103trunde \u00een diver\u0219i nutrien\u021bi pentru a reconstrui unghiile, a combate infec\u021biile fungice \u0219i a hidrata pielea. Frumuse\u021bea este sporit\u0103 de o piele mai t\u00e2n\u0103r\u0103, mai ferm\u0103 \u0219i mai s\u0103n\u0103toas\u0103. Acest lucru va \u00eenfrumuse\u021ba \u0219i va elimina repararea unghiilor.<\/p>\n<h3>Vindec\u0103 c\u0103lc\u00e2iele cr\u0103pate.<\/h3>\n<p>B\u0103rba\u021bii \u0219i femeile din \u00eentreaga lume \u00ee\u0219i fac griji cu privire la c\u0103lc\u00e2iele cr\u0103pate, nu doar la bolile fungice. Acest lucru este deosebit de dificil \u00een cazul sandalelor. Aceast\u0103 problem\u0103 a atractivit\u0103\u021bii trebuie rezolvat\u0103. Spune\u021bi adio c\u0103lc\u00e2ielor cr\u0103pate cu crema Normacelin. Extragerea ini\u021bial\u0103 a umidit\u0103\u021bii din pielea r\u0103nit\u0103 este cea mai bun\u0103 tehnic\u0103 pentru a o restaura. Ajut\u0103 la problemele cosmetice legate de infec\u021biile fungice. Efectele frumoase vor dep\u0103\u0219i a\u0219tept\u0103rile dumneavoastr\u0103.<\/p>\n<h3>Pot \u00eembun\u0103t\u0103\u021bi rezultatele acestei creme?<\/h3>\n<p>Nu sunt necesare precau\u021bii speciale. Cur\u0103\u021ba\u021bi perfect acea zon\u0103 cu ap\u0103 cald\u0103 \u0219i demachiant timp de 5 minute. L\u0103sa\u021bi s\u0103 se usuce. Aplica\u021bi pu\u021bin\u0103 crem\u0103 \u0219i masa\u021bi dup\u0103 uscare. Nu v\u0103 sp\u0103la\u021bi pielea timp de 3 ore dup\u0103 ce aceast\u0103 lo\u021biune este absorbit\u0103. Repeta\u021bi de dou\u0103 ori pe zi, timp de 39 de zile.<\/p>\n<h3>Pot farmaci\u0219tii s\u0103 v\u00e2nd\u0103 Normacelin autentic?<\/h3>\n<p>Cump\u0103ra\u021bi aceast\u0103 crem\u0103 pentru cele mai bune rezultate. Farmaciile \u0219i comercian\u021bii cu am\u0103nuntul nu v\u00e2nd Normacelin autentic. Dac\u0103 spun c\u0103 este fals. Evita\u021bi s\u0103 cump\u0103ra\u021bi. Produc\u0103torul nu le-ar permite s\u0103 o v\u00e2nd\u0103.<\/p>\n<h3>Unde o cump\u0103ra\u021bi?<\/h3>\n<p>Pentru a restabili frumuse\u021bea pielii, structura unghiilor \u0219i infec\u021biile fungice, utiliza\u021bi Normacelin. Site-ul oficial vinde produse originale. Face\u021bi clic pe imaginea de mai jos pentru a accesa. Redirec\u021bioneaz\u0103. Termina\u021bi pentru a v\u0103 dezv\u0103lui frumuse\u021bea \u0219i aspectul optim.<\/p>\n<p style=\"text-align: center;\"><span style=\"font-size: 24pt;\"><strong><a href=\"https:\/\/todaykhoe.com\/buy-normacelin-ro\">CONTACT PENTRU ORICE &#8211; PLAT\u0102 LA LIVRARE DISPONIBIL\u0102<\/a><\/strong><\/span><\/p>\n<p><a href=\"https:\/\/todaykhoe.com\/buy-normacelin-ro\"><img loading=\"lazy\" decoding=\"async\" class=\"aligncenter size-full wp-image-155523\" src=\"https:\/\/todaykhoe.com\/wp-content\/uploads\/2025\/09\/Normacelin-crema-Romania.png\" alt=\"Normacelin crem\u0103 Romania\" width=\"763\" height=\"593\" srcset=\"https:\/\/www.todaykhoe.com\/wp-content\/uploads\/2025\/09\/Normacelin-crema-Romania.png 763w, https:\/\/www.todaykhoe.com\/wp-content\/uploads\/2025\/09\/Normacelin-crema-Romania-300x233.png 300w, https:\/\/www.todaykhoe.com\/wp-content\/uploads\/2025\/09\/Normacelin-crema-Romania-600x466.png 600w\" sizes=\"auto, (max-width: 763px) 100vw, 763px\" \/><\/a><\/p>\n","protected":false},"excerpt":{"rendered":"<p><span style=\"font-size: 22pt;\"><strong>Simptome, tratament \u0219i prevenire a antifungicelor<\/strong><\/span><\/p>\n<ul>\n<li>Pute\u021bi pl\u0103ti cu numerar sau cu cardul de credit la primirea comenzii.<\/li>\n<li>Livrare \u00een 2-3 zile, termen de valabilitate p\u00e2n\u0103 la 5 zile.<\/li>\n<li>Pute\u021bi primi coletul la domiciliu sau la oficiul po\u0219tal. De asemenea, pute\u021bi primi livrarea gratuit\u0103 prin telefon, prin intermediul operatorului.<\/li>\n<\/ul>\n<p><strong><a href=\"https:\/\/todaykhoe.com\/buy-normacelin-ro\">CONTACT PENTRU ORICE &#8211; PLAT\u0102 LA LIVRARE DISPONIBIL\u0102<\/a><\/strong><\/p>\n","protected":false},"featured_media":155563,"comment_status":"open","ping_status":"closed","template":"","meta":[],"product_brand":[],"product_cat":[435],"product_tag":[],"class_list":{"0":"post-155522","1":"product","2":"type-product","3":"status-publish","4":"has-post-thumbnail","6":"product_cat-health","8":"first","9":"instock","10":"shipping-taxable","11":"product-type-external"},"yoast_head":"<!-- This site is optimized with the Yoast SEO plugin v27.3 - https:\/\/yoast.com\/product\/yoast-seo-wordpress\/ -->\n<title>Normacelin Recenzii Romania: Crem\u0103 pentru antifungice! Pre\u0163<\/title>\n<meta name=\"description\" content=\"Normacelin Recenzii Romania: Crem\u0103 pentru antifungice! Pre\u0163, Beneficii, Efecte secundare, Ingrediente, Recenzii ale utilizatorilor \u0219i Cump\u0103rare \u00een Rom\u00e2nia.\" \/>\n<meta name=\"robots\" content=\"index, follow, max-snippet:-1, max-image-preview:large, max-video-preview:-1\" \/>\n<link rel=\"canonical\" href=\"https:\/\/www.todaykhoe.com\/product\/normacelin-recenzii-romania\/\" \/>\n<meta property=\"og:locale\" content=\"en_US\" \/>\n<meta property=\"og:type\" content=\"article\" \/>\n<meta property=\"og:title\" content=\"Normacelin Recenzii Romania: Crem\u0103 pentru antifungice! Pre\u0163\" \/>\n<meta property=\"og:description\" content=\"Normacelin Recenzii Romania: Crem\u0103 pentru antifungice! Pre\u0163, Beneficii, Efecte secundare, Ingrediente, Recenzii ale utilizatorilor \u0219i Cump\u0103rare \u00een Rom\u00e2nia.\" \/>\n<meta property=\"og:url\" content=\"https:\/\/www.todaykhoe.com\/product\/normacelin-recenzii-romania\/\" \/>\n<meta property=\"og:site_name\" content=\"TodayKh\u1ecfe.Com\" \/>\n<meta property=\"article:modified_time\" content=\"2025-09-13T07:49:45+00:00\" \/>\n<meta property=\"og:image\" content=\"https:\/\/www.todaykhoe.com\/wp-content\/uploads\/2025\/09\/Normacelin-Romania.png\" \/>\n\t<meta property=\"og:image:width\" content=\"447\" \/>\n\t<meta property=\"og:image:height\" content=\"447\" \/>\n\t<meta property=\"og:image:type\" content=\"image\/png\" \/>\n<meta name=\"twitter:card\" content=\"summary_large_image\" \/>\n<meta name=\"twitter:label1\" content=\"Est. reading time\" \/>\n\t<meta name=\"twitter:data1\" content=\"9 \u09ae\u09bf\u09a8\u09bf\u099f\" \/>\n<script type=\"application\/ld+json\" class=\"yoast-schema-graph\">{\"@context\":\"https:\\\/\\\/schema.org\",\"@graph\":[{\"@type\":\"WebPage\",\"@id\":\"https:\\\/\\\/www.todaykhoe.com\\\/product\\\/normacelin-recenzii-romania\\\/\",\"url\":\"https:\\\/\\\/www.todaykhoe.com\\\/product\\\/normacelin-recenzii-romania\\\/\",\"name\":\"Normacelin Recenzii Romania: Crem\u0103 pentru antifungice! Pre\u0163\",\"isPartOf\":{\"@id\":\"https:\\\/\\\/www.todaykhoe.com\\\/#website\"},\"primaryImageOfPage\":{\"@id\":\"https:\\\/\\\/www.todaykhoe.com\\\/product\\\/normacelin-recenzii-romania\\\/#primaryimage\"},\"image\":{\"@id\":\"https:\\\/\\\/www.todaykhoe.com\\\/product\\\/normacelin-recenzii-romania\\\/#primaryimage\"},\"thumbnailUrl\":\"https:\\\/\\\/www.todaykhoe.com\\\/wp-content\\\/uploads\\\/2025\\\/09\\\/Normacelin-Romania.png\",\"datePublished\":\"2025-09-13T07:48:57+00:00\",\"dateModified\":\"2025-09-13T07:49:45+00:00\",\"description\":\"Normacelin Recenzii Romania: Crem\u0103 pentru antifungice! Pre\u0163, Beneficii, Efecte secundare, Ingrediente, Recenzii ale utilizatorilor \u0219i Cump\u0103rare \u00een Rom\u00e2nia.\",\"breadcrumb\":{\"@id\":\"https:\\\/\\\/www.todaykhoe.com\\\/product\\\/normacelin-recenzii-romania\\\/#breadcrumb\"},\"inLanguage\":\"bn-BD\",\"potentialAction\":[{\"@type\":\"ReadAction\",\"target\":[\"https:\\\/\\\/www.todaykhoe.com\\\/product\\\/normacelin-recenzii-romania\\\/\"]}]},{\"@type\":\"ImageObject\",\"inLanguage\":\"bn-BD\",\"@id\":\"https:\\\/\\\/www.todaykhoe.com\\\/product\\\/normacelin-recenzii-romania\\\/#primaryimage\",\"url\":\"https:\\\/\\\/www.todaykhoe.com\\\/wp-content\\\/uploads\\\/2025\\\/09\\\/Normacelin-Romania.png\",\"contentUrl\":\"https:\\\/\\\/www.todaykhoe.com\\\/wp-content\\\/uploads\\\/2025\\\/09\\\/Normacelin-Romania.png\",\"width\":447,\"height\":447,\"caption\":\"Normacelin Romania\"},{\"@type\":\"BreadcrumbList\",\"@id\":\"https:\\\/\\\/www.todaykhoe.com\\\/product\\\/normacelin-recenzii-romania\\\/#breadcrumb\",\"itemListElement\":[{\"@type\":\"ListItem\",\"position\":1,\"name\":\"Home\",\"item\":\"https:\\\/\\\/www.todaykhoe.com\\\/\"},{\"@type\":\"ListItem\",\"position\":2,\"name\":\"Shop\",\"item\":\"https:\\\/\\\/www.todaykhoe.com\\\/shop\\\/\"},{\"@type\":\"ListItem\",\"position\":3,\"name\":\"Normacelin Recenzii RO\"}]},{\"@type\":\"WebSite\",\"@id\":\"https:\\\/\\\/www.todaykhoe.com\\\/#website\",\"url\":\"https:\\\/\\\/www.todaykhoe.com\\\/\",\"name\":\"TodayKh\u1ecfe.Com\",\"description\":\"Healthy Today, Fitness, Nutrition, Beauty, News!\",\"publisher\":{\"@id\":\"https:\\\/\\\/www.todaykhoe.com\\\/#organization\"},\"potentialAction\":[{\"@type\":\"SearchAction\",\"target\":{\"@type\":\"EntryPoint\",\"urlTemplate\":\"https:\\\/\\\/www.todaykhoe.com\\\/?s={search_term_string}\"},\"query-input\":{\"@type\":\"PropertyValueSpecification\",\"valueRequired\":true,\"valueName\":\"search_term_string\"}}],\"inLanguage\":\"bn-BD\"},{\"@type\":\"Organization\",\"@id\":\"https:\\\/\\\/www.todaykhoe.com\\\/#organization\",\"name\":\"TodayKh\u1ecfe.Com\",\"url\":\"https:\\\/\\\/www.todaykhoe.com\\\/\",\"logo\":{\"@type\":\"ImageObject\",\"inLanguage\":\"bn-BD\",\"@id\":\"https:\\\/\\\/www.todaykhoe.com\\\/#\\\/schema\\\/logo\\\/image\\\/\",\"url\":\"https:\\\/\\\/www.todaykhoe.com\\\/wp-content\\\/uploads\\\/2025\\\/04\\\/Todaykhoe.png\",\"contentUrl\":\"https:\\\/\\\/www.todaykhoe.com\\\/wp-content\\\/uploads\\\/2025\\\/04\\\/Todaykhoe.png\",\"width\":706,\"height\":159,\"caption\":\"TodayKh\u1ecfe.Com\"},\"image\":{\"@id\":\"https:\\\/\\\/www.todaykhoe.com\\\/#\\\/schema\\\/logo\\\/image\\\/\"}}]}<\/script>\n<!-- \/ Yoast SEO plugin. -->","yoast_head_json":{"title":"Normacelin Recenzii Romania: Crem\u0103 pentru antifungice! Pre\u0163","description":"Normacelin Recenzii Romania: Crem\u0103 pentru antifungice! Pre\u0163, Beneficii, Efecte secundare, Ingrediente, Recenzii ale utilizatorilor \u0219i Cump\u0103rare \u00een Rom\u00e2nia.","robots":{"index":"index","follow":"follow","max-snippet":"max-snippet:-1","max-image-preview":"max-image-preview:large","max-video-preview":"max-video-preview:-1"},"canonical":"https:\/\/www.todaykhoe.com\/product\/normacelin-recenzii-romania\/","og_locale":"en_US","og_type":"article","og_title":"Normacelin Recenzii Romania: Crem\u0103 pentru antifungice! Pre\u0163","og_description":"Normacelin Recenzii Romania: Crem\u0103 pentru antifungice! Pre\u0163, Beneficii, Efecte secundare, Ingrediente, Recenzii ale utilizatorilor \u0219i Cump\u0103rare \u00een Rom\u00e2nia.","og_url":"https:\/\/www.todaykhoe.com\/product\/normacelin-recenzii-romania\/","og_site_name":"TodayKh\u1ecfe.Com","article_modified_time":"2025-09-13T07:49:45+00:00","og_image":[{"width":447,"height":447,"url":"https:\/\/www.todaykhoe.com\/wp-content\/uploads\/2025\/09\/Normacelin-Romania.png","type":"image\/png"}],"twitter_card":"summary_large_image","twitter_misc":{"Est. reading time":"9 \u09ae\u09bf\u09a8\u09bf\u099f"},"schema":{"@context":"https:\/\/schema.org","@graph":[{"@type":"WebPage","@id":"https:\/\/www.todaykhoe.com\/product\/normacelin-recenzii-romania\/","url":"https:\/\/www.todaykhoe.com\/product\/normacelin-recenzii-romania\/","name":"Normacelin Recenzii Romania: Crem\u0103 pentru antifungice! Pre\u0163","isPartOf":{"@id":"https:\/\/www.todaykhoe.com\/#website"},"primaryImageOfPage":{"@id":"https:\/\/www.todaykhoe.com\/product\/normacelin-recenzii-romania\/#primaryimage"},"image":{"@id":"https:\/\/www.todaykhoe.com\/product\/normacelin-recenzii-romania\/#primaryimage"},"thumbnailUrl":"https:\/\/www.todaykhoe.com\/wp-content\/uploads\/2025\/09\/Normacelin-Romania.png","datePublished":"2025-09-13T07:48:57+00:00","dateModified":"2025-09-13T07:49:45+00:00","description":"Normacelin Recenzii Romania: Crem\u0103 pentru antifungice! Pre\u0163, Beneficii, Efecte secundare, Ingrediente, Recenzii ale utilizatorilor \u0219i Cump\u0103rare \u00een Rom\u00e2nia.","breadcrumb":{"@id":"https:\/\/www.todaykhoe.com\/product\/normacelin-recenzii-romania\/#breadcrumb"},"inLanguage":"bn-BD","potentialAction":[{"@type":"ReadAction","target":["https:\/\/www.todaykhoe.com\/product\/normacelin-recenzii-romania\/"]}]},{"@type":"ImageObject","inLanguage":"bn-BD","@id":"https:\/\/www.todaykhoe.com\/product\/normacelin-recenzii-romania\/#primaryimage","url":"https:\/\/www.todaykhoe.com\/wp-content\/uploads\/2025\/09\/Normacelin-Romania.png","contentUrl":"https:\/\/www.todaykhoe.com\/wp-content\/uploads\/2025\/09\/Normacelin-Romania.png","width":447,"height":447,"caption":"Normacelin Romania"},{"@type":"BreadcrumbList","@id":"https:\/\/www.todaykhoe.com\/product\/normacelin-recenzii-romania\/#breadcrumb","itemListElement":[{"@type":"ListItem","position":1,"name":"Home","item":"https:\/\/www.todaykhoe.com\/"},{"@type":"ListItem","position":2,"name":"Shop","item":"https:\/\/www.todaykhoe.com\/shop\/"},{"@type":"ListItem","position":3,"name":"Normacelin Recenzii RO"}]},{"@type":"WebSite","@id":"https:\/\/www.todaykhoe.com\/#website","url":"https:\/\/www.todaykhoe.com\/","name":"TodayKh\u1ecfe.Com","description":"Healthy Today, Fitness, Nutrition, Beauty, News!","publisher":{"@id":"https:\/\/www.todaykhoe.com\/#organization"},"potentialAction":[{"@type":"SearchAction","target":{"@type":"EntryPoint","urlTemplate":"https:\/\/www.todaykhoe.com\/?s={search_term_string}"},"query-input":{"@type":"PropertyValueSpecification","valueRequired":true,"valueName":"search_term_string"}}],"inLanguage":"bn-BD"},{"@type":"Organization","@id":"https:\/\/www.todaykhoe.com\/#organization","name":"TodayKh\u1ecfe.Com","url":"https:\/\/www.todaykhoe.com\/","logo":{"@type":"ImageObject","inLanguage":"bn-BD","@id":"https:\/\/www.todaykhoe.com\/#\/schema\/logo\/image\/","url":"https:\/\/www.todaykhoe.com\/wp-content\/uploads\/2025\/04\/Todaykhoe.png","contentUrl":"https:\/\/www.todaykhoe.com\/wp-content\/uploads\/2025\/04\/Todaykhoe.png","width":706,"height":159,"caption":"TodayKh\u1ecfe.Com"},"image":{"@id":"https:\/\/www.todaykhoe.com\/#\/schema\/logo\/image\/"}}]}},"_links":{"self":[{"href":"https:\/\/www.todaykhoe.com\/bn\/wp-json\/wp\/v2\/product\/155522","targetHints":{"allow":["GET"]}}],"collection":[{"href":"https:\/\/www.todaykhoe.com\/bn\/wp-json\/wp\/v2\/product"}],"about":[{"href":"https:\/\/www.todaykhoe.com\/bn\/wp-json\/wp\/v2\/types\/product"}],"replies":[{"embeddable":true,"href":"https:\/\/www.todaykhoe.com\/bn\/wp-json\/wp\/v2\/comments?post=155522"}],"wp:featuredmedia":[{"embeddable":true,"href":"https:\/\/www.todaykhoe.com\/bn\/wp-json\/wp\/v2\/media\/155563"}],"wp:attachment":[{"href":"https:\/\/www.todaykhoe.com\/bn\/wp-json\/wp\/v2\/media?parent=155522"}],"wp:term":[{"taxonomy":"product_brand","embeddable":true,"href":"https:\/\/www.todaykhoe.com\/bn\/wp-json\/wp\/v2\/product_brand?post=155522"},{"taxonomy":"product_cat","embeddable":true,"href":"https:\/\/www.todaykhoe.com\/bn\/wp-json\/wp\/v2\/product_cat?post=155522"},{"taxonomy":"product_tag","embeddable":true,"href":"https:\/\/www.todaykhoe.com\/bn\/wp-json\/wp\/v2\/product_tag?post=155522"}],"curies":[{"name":"wp","href":"https:\/\/api.w.org\/{rel}","templated":true}]}}