{"id":153602,"date":"2025-08-29T13:40:05","date_gmt":"2025-08-29T13:40:05","guid":{"rendered":"https:\/\/todaykhoe.com\/?post_type=product&#038;p=153602"},"modified":"2025-08-29T13:40:21","modified_gmt":"2025-08-29T13:40:21","slug":"flebrix-poland","status":"publish","type":"product","link":"https:\/\/www.todaykhoe.com\/bn\/product\/flebrix-poland\/","title":{"rendered":"Flebrix PL"},"content":{"rendered":"<p><a href=\"https:\/\/todaykhoe.com\/product\/flebrix-poland\/\">FLEBRIX<\/a> redukuje \u017cylaki i wyg\u0142adza nogi. Pozb\u0105d\u017a si\u0119 \u017cylak\u00f3w na zawsze. Najlepszym, a zarazem najbardziej skomplikowanym zwierz\u0119ciem na Ziemi jest cz\u0142owiek. Wielu nie zdaje sobie sprawy z mo\u017cliwo\u015bci, potencja\u0142u, tolerancji i innych aspekt\u00f3w swojego cia\u0142a. Wiele g\u0142\u0119boko osadzonych \u017cy\u0142 znajduje si\u0119 pod sk\u00f3r\u0105. Cho\u0107 przypominaj\u0105 rurki, s\u0105 kluczowe dla naszego uk\u0142adu kr\u0105\u017cenia i cia\u0142a. Ka\u017cda blokada \u017cy\u0142y lub t\u0119tnicy mo\u017ce spowodowa\u0107 zawa\u0142 serca, krwawienie wewn\u0119trzne, amputacje wielu staw\u00f3w itp.<\/p>\n<p style=\"text-align: center;\"><span style=\"font-size: 18pt;\"><a href=\"https:\/\/todaykhoe.com\/buy-flebrix-pl\"><strong>KONTAKT W SPRAWIE WSZYSTKIEGO &#8211; MO\u017bLIWA P\u0141ATNO\u015a\u0106 GOT\u00d3WK\u0104 PRZY ODBIORZE<\/strong><\/a><\/span><\/p>\n<p>Twoja krew i sk\u0142adniki od\u017cywcze kr\u0105\u017c\u0105 przez ten uk\u0142ad. \u017bylaki s\u0105 powszechne. Bardziej wybrzuszone \u017cy\u0142y s\u0105 dra\u017cni\u0105ce. P\u0142ywacy mog\u0105 nie by\u0107 w stanie zakry\u0107 n\u00f3g. Ludzie nie toleruj\u0105 mody. Z czasem staje si\u0119 ona coraz bardziej wyrafinowana. Z czasem ludzie skar\u017c\u0105 si\u0119 na b\u00f3l, obrz\u0119k, niemo\u017cno\u015b\u0107 stania przez 5 lub 10 minut, sw\u0119dzenie, zaczerwienienie i inne dolegliwo\u015bci. To os\u0142abia naczynia krwiono\u015bne, uniemo\u017cliwiaj\u0105c im dostarczanie sk\u0142adnik\u00f3w od\u017cywczych, tlenu i krwi do ka\u017cdej kom\u00f3rki.<\/p>\n<p>Choruje cia\u0142o, narz\u0105dy, kom\u00f3rki, tkanki i wszystkie cz\u0119\u015bci cia\u0142a, a nie t\u0119tnice. Nasze cia\u0142o mo\u017ce wytwarza\u0107 nowe naczynia krwiono\u015bne, je\u015bli jedno z nich jest zablokowane. Ludzie mog\u0105 nie wiedzie\u0107, co powoduje \u017cylaki. Spos\u00f3b walki ma znaczenie. Ucisk pogorszy problem i niczego nie rozwi\u0105\u017ce. Znalezienie sposob\u00f3w na relaks jest m\u0105dre. Wiemy, \u017ce niekt\u00f3rzy maj\u0105 trudno\u015bci z ubieraniem si\u0119, ale komfort jest dzi\u015b kluczowy. Uczucie ci\u0119\u017cko\u015bci n\u00f3g mo\u017ce ujawni\u0107 ten stan. Du\u017ce \u017cy\u0142y powoduj\u0105 znaczny b\u00f3l w wielu chorobach.<\/p>\n<p>Chodzenie i stanie sprawia b\u00f3l, gdy ci\u015bnienie w \u017cy\u0142ach wzrasta. Katastrofy zdrowotne obejmuj\u0105 uszkodzenia \u017cy\u0142 lub zastawek. Nie ma potrzeby wyja\u015bniania konsekwencji dla \u017cy\u0142. Konsekwencje braku wczesnego podj\u0119cia \u015brodk\u00f3w ostro\u017cno\u015bci s\u0105 oczywiste. Ten artyku\u0142 mo\u017ce odmieni\u0107 Twoje \u017cycie, je\u015bli zastosujesz si\u0119 do rad ekspert\u00f3w i badaczy. Dowiedz si\u0119 wi\u0119cej.<\/p>\n<h2>Naturalne leczenie \u017cylak\u00f3w: 5 wskaz\u00f3wek.<\/h2>\n<p>\u017bylaki bol\u0105. Ale mo\u017cesz sobie pom\u00f3c na wiele sposob\u00f3w. Bycie zaj\u0119tym zarabianiem na dobre \u017cycie jest trudne. Denerwujemy si\u0119, gdy nie mo\u017cemy nosi\u0107 naszych ulubionych ubra\u0144. Problem globalny. Tak, miliony ludzi nie s\u0105 dotkni\u0119te. Liczne objawy \u017cylak\u00f3w n\u00f3g sugeruj\u0105 ich pojawienie si\u0119 lub wzrost. Wszystkie obejmuj\u0105:<\/p>\n<ul>\n<li>B\u00f3l n\u00f3g; opuchni\u0119te stopy i kostki;<\/li>\n<li>pieczenie lub pulsowanie; skurcze mi\u0119\u015bni,<\/li>\n<li>szczeg\u00f3lnie w nocy; przebarwienia sk\u00f3ry; uczucie ci\u0119\u017cko\u015bci n\u00f3g.<\/li>\n<\/ul>\n<p>Ten schemat zostanie Ci przekazany, je\u015bli wyst\u0105pi\u0105 te objawy. Post\u0119puj zgodnie z tymi 5 wskaz\u00f3wkami, aby zapewni\u0107 sobie wysoki komfort i jako\u015b\u0107 \u017cycia.<\/p>\n<h3>Utrzymuj nogi w pozycji uniesionej.<\/h3>\n<p>Sprzedawcy, miliardy pracownik\u00f3w i wszyscy inni sp\u0119dzaj\u0105 6\u20137 godzin przy biurku z nogami w dole. Co godzin\u0119 uno\u015b nogi. Zgi\u0119te nogi blokuj\u0105 przep\u0142yw krwi, dlatego siedzenie nie zmniejsza ci\u015bnienia. Aby uzyska\u0107 najlepsze rezultaty, utrzymuj je wyprostowane lub unie\u015b je do serca.<\/p>\n<h3>\u0106wicz codziennie.<\/h3>\n<p>Codzienna aktywno\u015b\u0107 jest niezb\u0119dna. Aby poradzi\u0107 sobie ze stresem, zacznij \u0107wiczy\u0107. Zanim we\u017amiesz na barki zbyt du\u017cy ci\u0119\u017car, skonsultuj si\u0119 z trenerem. \u0106wiczenia zmniejszaj\u0105 zaleganie \u017cy\u0142. Bieganie i chodzenie pomagaj\u0105 sercu, t\u0119tnicom i organizmowi skutecznie walczy\u0107 z t\u0105 chorob\u0105.<\/p>\n<h3>Unikaj obcis\u0142ych ubra\u0144 i po\u0144czoch.<\/h3>\n<p>Twoje t\u0119tnice mog\u0105 by\u0107 zw\u0119\u017cone przez obcis\u0142e ubrania. No\u015b po\u0144czochy lub odzie\u017c nie powoduj\u0105c\u0105 podra\u017cnie\u0144. Unikaj tkanin blokuj\u0105cych krew. Odzie\u017c kompresyjna jest dobra do \u0107wicze\u0144, ale nie do noszenia na co dzie\u0144. Pami\u0119taj. Wygodne ubrania s\u0105 lepsze od niewygodnych.<\/p>\n<h3>Uwa\u017caj na wag\u0119.<\/h3>\n<p>Wszyscy musz\u0105 dba\u0107 o zdrow\u0105 wag\u0119. Ci\u0119\u017car na nogach obci\u0105\u017ca t\u0119tnice n\u00f3g bardziej ni\u017c oczekiwano. To jedna z g\u0142\u00f3wnych przyczyn \u017cylak\u00f3w n\u00f3g. Utrzymuj wag\u0119, aby unikn\u0105\u0107 problem\u00f3w.<\/p>\n<p style=\"text-align: center;\"><span style=\"font-size: 20pt;\"><a href=\"https:\/\/todaykhoe.com\/buy-flebrix-pl\"><strong>KONTAKT W SPRAWIE WSZYSTKIEGO &#8211; MO\u017bLIWA P\u0141ATNO\u015a\u0106 GOT\u00d3WK\u0104 PRZY ODBIORZE<\/strong><\/a><\/span><\/p>\n<h3>Dieta bogata w b\u0142onnik i uboga w s\u00f3l.<\/h3>\n<p>Liczy si\u0119 prawid\u0142owa dieta, kt\u00f3ra reguluje retencj\u0119 wody. Diety bogate w b\u0142onnik i ubogie w s\u00f3d s\u0105 korzystne. Musimy od\u017cywia\u0107 ca\u0142e cia\u0142o, aby unikn\u0105\u0107 powa\u017cnych uszkodze\u0144. Twoja kolej na zdrowe, l\u015bni\u0105ce nogi. Wszystkie te metody mog\u0105 pom\u00f3c w walce z \u017cylakami. Te wypuk\u0142e lub paj\u0105czkowate naczynka znikn\u0105 w ci\u0105gu kilku tygodni dzi\u0119ki Flebrixowi i tym \u015brodkom.<\/p>\n<h3>Leczenie \u017cylak\u00f3w Flebrixem.<\/h3>\n<p>\u017bylaki bol\u0105. Flebrix to fantastyczny krem \u200b\u200bo silnych sk\u0142adnikach, kt\u00f3ry \u0142agodzi \u017cylaki i przywraca nogom promienn\u0105 sk\u00f3r\u0119 i witalno\u015b\u0107. Doskona\u0142a kuracja pozwoli\u0142a wielu osobom powr\u00f3ci\u0107 do normalnego \u017cycia i \u017cy\u0107 z mi\u0142o\u015bci\u0105 i entuzjazmem. Niemo\u017cno\u015b\u0107 siedzenia lub stania jest zbyt stresuj\u0105ca. Dostarcza substancje do n\u00f3g przez warstw\u0119 nask\u00f3rka, aby przywr\u00f3ci\u0107 zdrowie.<\/p>\n<p>Kolagen wzmacnia i udra\u017cnia t\u0119tnice, przywracaj\u0105c ich funkcj\u0119. Ta terapia na \u017cylaki zapewnia bezbolesne nogi i atrakcyjny wygl\u0105d. Przede wszystkim zmniejsza stan zapalny n\u00f3g i \u015bcian t\u0119tnic dzi\u0119ki sk\u0142adnikom przeciwzapalnym. Rozpocznij trening od tego kremu, aby znormalizowa\u0107 prac\u0119 t\u0119tnic. Nast\u0119pnie zapobiega powstawaniu paj\u0105czk\u00f3w. Silniejsze t\u0119tnice, przywr\u00f3cone napi\u0119cie naczy\u0144, mniej skrzep\u00f3w i wiele innych korzy\u015bci.<\/p>\n<p>Uwa\u017cam to za ca\u0142kowite z\u0142agodzenie objaw\u00f3w \u017cylak\u00f3w oraz szybkie i g\u0142\u0119bokie rozszerzenie naczy\u0144 krwiono\u015bnych. Czuj\u0119 b\u00f3l jak przy uderzeniu w g\u0142ow\u0119. Zaczynam od nieznanego uczucia. \u017badne s\u0142owa nie potrafi\u0105 go opisa\u0107. Efekty pojawiaj\u0105 si\u0119 w ci\u0105gu 7 dni. Pierwsze dni to swobodne chodzenie. Post\u0119puj zgodnie z instrukcj\u0105 i stosuj krem \u200b\u200bprzez okre\u015blony czas, aby uzyska\u0107 d\u0142ugotrwa\u0142e korzy\u015bci.<\/p>\n<h3>Kolejny silny \u015brodek na \u017cylakiLeczenie?<\/h3>\n<p>Ach, tak. Wiele rozwi\u0105za\u0144, \u017cadne wi\u0119cej. Znajd\u017a to, co dzia\u0142a dla Ciebie. Zadanie jest trudne. Czy jest? Zaufaj dietetykom lub specjalistom. W obu przypadkach pobieraj\u0105 op\u0142at\u0119 za konsultacj\u0119. Wygl\u0105da na to, \u017ce konsultacja jest bezp\u0142atna. Z Flebrixem mo\u017cesz nosi\u0107 kostium k\u0105pielowy i ubrania na imprezy. Potwierdza to, o czym wspomniano. Przeczytaj sk\u0142ad kremu, aby doceni\u0107 jego potencja\u0142.<\/p>\n<p>Opr\u00f3cz pomocy w leczeniu \u017cylak\u00f3w, ten zestaw jest najta\u0144szy i zawiera naturalne zio\u0142a. Ten produkt jest tani i skuteczny. Istnieje wiele sposob\u00f3w. Cho\u0107 nieszkodliwy, ta mieszanka zapewnia ogromny komfort i trwale eliminuje \u017cylaki.<\/p>\n<h3>Flebrix wp\u0142ywa na Tw\u00f3j organizm.<\/h3>\n<p><strong>Flebrix leczy \u017cy\u0142y n\u00f3g, zapewniaj\u0105c komfort i jako\u015b\u0107 \u017cycia. Formu\u0142a zapewnia:<\/strong><\/p>\n<ul>\n<li>Chroni t\u0119tnice przed drgawkami,<\/li>\n<li>kontroluje obrz\u0119k st\u00f3p i kolan spowodowany paj\u0105czkami,<\/li>\n<li>leczy zakrzepic\u0119 i zakrzepowe zapalenie \u017cy\u0142,<\/li>\n<li>eliminuje chorob\u0119 zakrzepowo-zatorow\u0105 i \u0142agodzi zast\u00f3j limfatyczny.<\/li>\n<\/ul>\n<p>Tw\u00f3j organizm przechodzi przez wiele etap\u00f3w, aby ca\u0142kowicie wyeliminowa\u0107 \u017cylaki spowodowane t\u0105 straszn\u0105 dolegliwo\u015bci\u0105.<\/p>\n<p style=\"text-align: center;\"><span style=\"font-size: 18pt;\"><a href=\"https:\/\/todaykhoe.com\/buy-flebrix-pl\"><strong>KONTAKT W SPRAWIE WSZYSTKIEGO &#8211; MO\u017bLIWA P\u0141ATNO\u015a\u0106 GOT\u00d3WK\u0104 PRZY ODBIORZE<\/strong><\/a><\/span><\/p>\n<h3>Powody, dla kt\u00f3rych warto stosowa\u0107 Flebrix<\/h3>\n<p><strong>Zmniejsza napi\u0119cie naczy\u0144 krwiono\u015bnych.<\/strong><\/p>\n<p>Konsekwencje utrzymania napi\u0119cia naczy\u0144 s\u0105 dobrze znane. Dobre t\u0119tnice zapewniaj\u0105 zdrowie. Poniewa\u017c uszkodzenia t\u0119tnic wp\u0142ywaj\u0105 na funkcjonowanie uk\u0142adu i organizmu, musz\u0105 by\u0107 zdrowe. Ten krem \u200b\u200bpoprawia napi\u0119cie naczy\u0144 i wzmacnia naczynia krwiono\u015bne, aby samodzielnie zwalcza\u0107 takie schorzenia.<\/p>\n<p><strong>Rozszerzenie naczy\u0144 krwiono\u015bnych umo\u017cliwia czysty przep\u0142yw krwi.<\/strong><\/p>\n<p>Paj\u0105czk\u00f3w mo\u017cna unikn\u0105\u0107 poprzez rozszerzenie t\u0119tnic. \u0141agodzi to b\u00f3l i rozwi\u0105zuje problem na sta\u0142e. Konieczne jest rozszerzenie naczy\u0144 krwiono\u015bnych. Naturalne sk\u0142adniki kremu Flebrix rozszerzaj\u0105 naczynia krwiono\u015bne, redukuj\u0105c paj\u0105czki.<\/p>\n<p><strong>Zmniejsza skurcze i bolesno\u015b\u0107.<\/strong><\/p>\n<p>Paj\u0105czki powoduj\u0105 niewyobra\u017calny b\u00f3l i skurcze. B\u00f3l ust\u0105pi. Szybko si\u0119 zrelaksujesz. Po dw\u00f3ch dniach krem \u200b\u200bFlebrix przyniesie Ci nieopisany komfort, pokazuj\u0105c swoj\u0105 skuteczno\u015b\u0107. Si\u0142a tego kremu tkwi w jego doskona\u0142ym radzeniu sobie z tymi wyzwaniami.<\/p>\n<h3>Wspomaga zdrowie i blask sk\u00f3ry.<\/h3>\n<p>Paj\u0105czki naczyniowe codziennie niszcz\u0105 sk\u00f3r\u0119 i t\u0119tnice. Nie da si\u0119 ukry\u0107 zaczerwienienia, blizn i brzydkich t\u0119tnic. Z najlepszym kremem nie jeste\u015b ju\u017c bezradna. Rozja\u015bni i zregeneruje Twoj\u0105 sk\u00f3r\u0119, dzi\u0119ki czemu b\u0119dziesz mog\u0142a nosi\u0107 swoje ulubione ubrania.<\/p>\n<h3>Spos\u00f3b u\u017cycia kremu Flebrix.<\/h3>\n<p>Z kremem Flebrix powinna\u015b wiedzie\u0107, jak uzyska\u0107 szybsze rezultaty. Wykonaj nast\u0119puj\u0105ce proste kroki:<\/p>\n<ul>\n<li>Dok\u0142adnie umyj przed na\u0142o\u017ceniem.<\/li>\n<li>Myj przez 5 minut ciep\u0142\u0105 wod\u0105.<\/li>\n<li>Po osuszeniu bawe\u0142nianym r\u0119cznikiem przejd\u017a do nak\u0142adania kremu.<\/li>\n<li>Na\u0142\u00f3\u017c krem \u200b\u200bna zmienione chorobowo miejsce i przykryj.<\/li>\n<li>Unikaj wody przez 3 godziny po aplikacji.<\/li>\n<li>Stosuj dwa razy dziennie.<\/li>\n<\/ul>\n<p>Opakowanie produktu zawiera wi\u0119cej informacji. Wystarczy post\u0119powa\u0107 zgodnie z instrukcj\u0105. Aby rozwi\u0105za\u0107 te problemy, stosuj produkt przez 29 dni.<\/p>\n<h3>Zam\u00f3w\/dostawa.<\/h3>\n<p>Unikaj podr\u00f3bek, kupuj\u0105c na stronie internetowej. Kliknij poni\u017cszy obrazek, aby przej\u015b\u0107 do strony. Twoje dane osobowe zostan\u0105 potwierdzone telefonicznie. To si\u0119 stanie.<\/p>\n<p style=\"text-align: center;\"><span style=\"font-size: 20pt;\"><a href=\"https:\/\/todaykhoe.com\/buy-flebrix-pl\"><strong>KONTAKT W SPRAWIE WSZYSTKIEGO &#8211; MO\u017bLIWA P\u0141ATNO\u015a\u0106 GOT\u00d3WK\u0104 PRZY ODBIORZE<\/strong><\/a><\/span><\/p>\n<p><a href=\"https:\/\/todaykhoe.com\/buy-flebrix-pl\"><img loading=\"lazy\" decoding=\"async\" class=\"aligncenter size-full wp-image-153603\" src=\"https:\/\/todaykhoe.com\/wp-content\/uploads\/2025\/08\/Flebrix-Cena-Poland.png\" alt=\"Flebrix Cena Poland\" width=\"791\" height=\"601\" srcset=\"https:\/\/www.todaykhoe.com\/wp-content\/uploads\/2025\/08\/Flebrix-Cena-Poland.png 791w, https:\/\/www.todaykhoe.com\/wp-content\/uploads\/2025\/08\/Flebrix-Cena-Poland-300x228.png 300w, https:\/\/www.todaykhoe.com\/wp-content\/uploads\/2025\/08\/Flebrix-Cena-Poland-768x584.png 768w, https:\/\/www.todaykhoe.com\/wp-content\/uploads\/2025\/08\/Flebrix-Cena-Poland-600x456.png 600w\" sizes=\"auto, (max-width: 791px) 100vw, 791px\" \/><\/a><\/p>\n<h3>Podsumowuj\u0105c.<\/h3>\n<p>To najlepszy produkt na rynku w najlepszej cenie. Ten niezr\u00f3wnany \u015brodek \u0142agodzi b\u00f3l i skurcze, wzmacnia \u017cy\u0142y i rozszerza naczynia krwiono\u015bne, zapobiegaj\u0105c tworzeniu si\u0119 zakrzep\u00f3w. Sprzyja Tobie i wp\u0142ywa na zdrowie Twoich t\u0119tnic, aby unikn\u0105\u0107 takich sytuacji.<\/p>\n","protected":false},"excerpt":{"rendered":"<p><span style=\"font-size: 22pt;\"><strong>Objawy, leczenie i profilaktyka \u017cylak\u00f3w<\/strong><\/span><\/p>\n<ul>\n<li>Mo\u017cesz zap\u0142aci\u0107 got\u00f3wk\u0105 lub kart\u0105 kredytow\u0105 przy odbiorze.<\/li>\n<li>Dostawa w ci\u0105gu 2-3 dni, termin przydatno\u015bci do spo\u017cycia do 5 dni.<\/li>\n<li>Mo\u017cesz zam\u00f3wi\u0107 dostaw\u0119 do domu lub na poczt\u0119. Mo\u017cesz r\u00f3wnie\u017c zam\u00f3wi\u0107 bezp\u0142atn\u0105 dostaw\u0119 telefonicznie u operatora.<\/li>\n<\/ul>\n<p><a href=\"https:\/\/todaykhoe.com\/buy-flebrix-pl\"><strong>KONTAKT W SPRAWIE WSZYSTKIEGO &#8211; MO\u017bLIWA P\u0141ATNO\u015a\u0106 GOT\u00d3WK\u0104 PRZY ODBIORZE<\/strong><\/a><\/p>\n","protected":false},"featured_media":153643,"comment_status":"open","ping_status":"closed","template":"","meta":[],"product_brand":[],"product_cat":[435],"product_tag":[],"class_list":{"0":"post-153602","1":"product","2":"type-product","3":"status-publish","4":"has-post-thumbnail","6":"product_cat-health","8":"first","9":"instock","10":"shipping-taxable","11":"product-type-external"},"yoast_head":"<!-- This site is optimized with the Yoast SEO plugin v27.3 - https:\/\/yoast.com\/product\/yoast-seo-wordpress\/ -->\n<title>Flebrix Poland: Flebrix kapsu\u0142ki na \u017cylaki! Cena i recenzje<\/title>\n<meta name=\"description\" content=\"Flebrix Poland: Flebrix kapsu\u0142ki na \u017cylaki! Cena i recenzje, Korzy\u015bci, skutki uboczne, sk\u0142adniki, opinie u\u017cytkownik\u00f3w i zakup w Polsce.\" \/>\n<meta name=\"robots\" content=\"index, follow, max-snippet:-1, max-image-preview:large, max-video-preview:-1\" \/>\n<link rel=\"canonical\" href=\"https:\/\/www.todaykhoe.com\/product\/flebrix-poland\/\" \/>\n<meta property=\"og:locale\" content=\"en_US\" \/>\n<meta property=\"og:type\" content=\"article\" \/>\n<meta property=\"og:title\" content=\"Flebrix Poland: Flebrix kapsu\u0142ki na \u017cylaki! Cena i recenzje\" \/>\n<meta property=\"og:description\" content=\"Flebrix Poland: Flebrix kapsu\u0142ki na \u017cylaki! Cena i recenzje, Korzy\u015bci, skutki uboczne, sk\u0142adniki, opinie u\u017cytkownik\u00f3w i zakup w Polsce.\" \/>\n<meta property=\"og:url\" content=\"https:\/\/www.todaykhoe.com\/product\/flebrix-poland\/\" \/>\n<meta property=\"og:site_name\" content=\"TodayKh\u1ecfe.Com\" \/>\n<meta property=\"article:modified_time\" content=\"2025-08-29T13:40:21+00:00\" \/>\n<meta property=\"og:image\" content=\"https:\/\/www.todaykhoe.com\/wp-content\/uploads\/2025\/08\/Flebrix-Poland.png\" \/>\n\t<meta property=\"og:image:width\" content=\"507\" \/>\n\t<meta property=\"og:image:height\" content=\"512\" \/>\n\t<meta property=\"og:image:type\" content=\"image\/png\" \/>\n<meta name=\"twitter:card\" content=\"summary_large_image\" \/>\n<meta name=\"twitter:label1\" content=\"Est. reading time\" \/>\n\t<meta name=\"twitter:data1\" content=\"8 \u09ae\u09bf\u09a8\u09bf\u099f\" \/>\n<script type=\"application\/ld+json\" class=\"yoast-schema-graph\">{\"@context\":\"https:\\\/\\\/schema.org\",\"@graph\":[{\"@type\":\"WebPage\",\"@id\":\"https:\\\/\\\/www.todaykhoe.com\\\/product\\\/flebrix-poland\\\/\",\"url\":\"https:\\\/\\\/www.todaykhoe.com\\\/product\\\/flebrix-poland\\\/\",\"name\":\"Flebrix Poland: Flebrix kapsu\u0142ki na \u017cylaki! Cena i recenzje\",\"isPartOf\":{\"@id\":\"https:\\\/\\\/www.todaykhoe.com\\\/#website\"},\"primaryImageOfPage\":{\"@id\":\"https:\\\/\\\/www.todaykhoe.com\\\/product\\\/flebrix-poland\\\/#primaryimage\"},\"image\":{\"@id\":\"https:\\\/\\\/www.todaykhoe.com\\\/product\\\/flebrix-poland\\\/#primaryimage\"},\"thumbnailUrl\":\"https:\\\/\\\/www.todaykhoe.com\\\/wp-content\\\/uploads\\\/2025\\\/08\\\/Flebrix-Poland.png\",\"datePublished\":\"2025-08-29T13:40:05+00:00\",\"dateModified\":\"2025-08-29T13:40:21+00:00\",\"description\":\"Flebrix Poland: Flebrix kapsu\u0142ki na \u017cylaki! Cena i recenzje, Korzy\u015bci, skutki uboczne, sk\u0142adniki, opinie u\u017cytkownik\u00f3w i zakup w Polsce.\",\"breadcrumb\":{\"@id\":\"https:\\\/\\\/www.todaykhoe.com\\\/product\\\/flebrix-poland\\\/#breadcrumb\"},\"inLanguage\":\"bn-BD\",\"potentialAction\":[{\"@type\":\"ReadAction\",\"target\":[\"https:\\\/\\\/www.todaykhoe.com\\\/product\\\/flebrix-poland\\\/\"]}]},{\"@type\":\"ImageObject\",\"inLanguage\":\"bn-BD\",\"@id\":\"https:\\\/\\\/www.todaykhoe.com\\\/product\\\/flebrix-poland\\\/#primaryimage\",\"url\":\"https:\\\/\\\/www.todaykhoe.com\\\/wp-content\\\/uploads\\\/2025\\\/08\\\/Flebrix-Poland.png\",\"contentUrl\":\"https:\\\/\\\/www.todaykhoe.com\\\/wp-content\\\/uploads\\\/2025\\\/08\\\/Flebrix-Poland.png\",\"width\":507,\"height\":512,\"caption\":\"Flebrix Poland\"},{\"@type\":\"BreadcrumbList\",\"@id\":\"https:\\\/\\\/www.todaykhoe.com\\\/product\\\/flebrix-poland\\\/#breadcrumb\",\"itemListElement\":[{\"@type\":\"ListItem\",\"position\":1,\"name\":\"Home\",\"item\":\"https:\\\/\\\/www.todaykhoe.com\\\/\"},{\"@type\":\"ListItem\",\"position\":2,\"name\":\"Shop\",\"item\":\"https:\\\/\\\/www.todaykhoe.com\\\/shop\\\/\"},{\"@type\":\"ListItem\",\"position\":3,\"name\":\"Flebrix PL\"}]},{\"@type\":\"WebSite\",\"@id\":\"https:\\\/\\\/www.todaykhoe.com\\\/#website\",\"url\":\"https:\\\/\\\/www.todaykhoe.com\\\/\",\"name\":\"TodayKh\u1ecfe.Com\",\"description\":\"Healthy Today, Fitness, Nutrition, Beauty, News!\",\"publisher\":{\"@id\":\"https:\\\/\\\/www.todaykhoe.com\\\/#organization\"},\"potentialAction\":[{\"@type\":\"SearchAction\",\"target\":{\"@type\":\"EntryPoint\",\"urlTemplate\":\"https:\\\/\\\/www.todaykhoe.com\\\/?s={search_term_string}\"},\"query-input\":{\"@type\":\"PropertyValueSpecification\",\"valueRequired\":true,\"valueName\":\"search_term_string\"}}],\"inLanguage\":\"bn-BD\"},{\"@type\":\"Organization\",\"@id\":\"https:\\\/\\\/www.todaykhoe.com\\\/#organization\",\"name\":\"TodayKh\u1ecfe.Com\",\"url\":\"https:\\\/\\\/www.todaykhoe.com\\\/\",\"logo\":{\"@type\":\"ImageObject\",\"inLanguage\":\"bn-BD\",\"@id\":\"https:\\\/\\\/www.todaykhoe.com\\\/#\\\/schema\\\/logo\\\/image\\\/\",\"url\":\"https:\\\/\\\/www.todaykhoe.com\\\/wp-content\\\/uploads\\\/2025\\\/04\\\/Todaykhoe.png\",\"contentUrl\":\"https:\\\/\\\/www.todaykhoe.com\\\/wp-content\\\/uploads\\\/2025\\\/04\\\/Todaykhoe.png\",\"width\":706,\"height\":159,\"caption\":\"TodayKh\u1ecfe.Com\"},\"image\":{\"@id\":\"https:\\\/\\\/www.todaykhoe.com\\\/#\\\/schema\\\/logo\\\/image\\\/\"}}]}<\/script>\n<!-- \/ Yoast SEO plugin. -->","yoast_head_json":{"title":"Flebrix Poland: Flebrix kapsu\u0142ki na \u017cylaki! Cena i recenzje","description":"Flebrix Poland: Flebrix kapsu\u0142ki na \u017cylaki! Cena i recenzje, Korzy\u015bci, skutki uboczne, sk\u0142adniki, opinie u\u017cytkownik\u00f3w i zakup w Polsce.","robots":{"index":"index","follow":"follow","max-snippet":"max-snippet:-1","max-image-preview":"max-image-preview:large","max-video-preview":"max-video-preview:-1"},"canonical":"https:\/\/www.todaykhoe.com\/product\/flebrix-poland\/","og_locale":"en_US","og_type":"article","og_title":"Flebrix Poland: Flebrix kapsu\u0142ki na \u017cylaki! Cena i recenzje","og_description":"Flebrix Poland: Flebrix kapsu\u0142ki na \u017cylaki! Cena i recenzje, Korzy\u015bci, skutki uboczne, sk\u0142adniki, opinie u\u017cytkownik\u00f3w i zakup w Polsce.","og_url":"https:\/\/www.todaykhoe.com\/product\/flebrix-poland\/","og_site_name":"TodayKh\u1ecfe.Com","article_modified_time":"2025-08-29T13:40:21+00:00","og_image":[{"width":507,"height":512,"url":"https:\/\/www.todaykhoe.com\/wp-content\/uploads\/2025\/08\/Flebrix-Poland.png","type":"image\/png"}],"twitter_card":"summary_large_image","twitter_misc":{"Est. reading time":"8 \u09ae\u09bf\u09a8\u09bf\u099f"},"schema":{"@context":"https:\/\/schema.org","@graph":[{"@type":"WebPage","@id":"https:\/\/www.todaykhoe.com\/product\/flebrix-poland\/","url":"https:\/\/www.todaykhoe.com\/product\/flebrix-poland\/","name":"Flebrix Poland: Flebrix kapsu\u0142ki na \u017cylaki! Cena i recenzje","isPartOf":{"@id":"https:\/\/www.todaykhoe.com\/#website"},"primaryImageOfPage":{"@id":"https:\/\/www.todaykhoe.com\/product\/flebrix-poland\/#primaryimage"},"image":{"@id":"https:\/\/www.todaykhoe.com\/product\/flebrix-poland\/#primaryimage"},"thumbnailUrl":"https:\/\/www.todaykhoe.com\/wp-content\/uploads\/2025\/08\/Flebrix-Poland.png","datePublished":"2025-08-29T13:40:05+00:00","dateModified":"2025-08-29T13:40:21+00:00","description":"Flebrix Poland: Flebrix kapsu\u0142ki na \u017cylaki! Cena i recenzje, Korzy\u015bci, skutki uboczne, sk\u0142adniki, opinie u\u017cytkownik\u00f3w i zakup w Polsce.","breadcrumb":{"@id":"https:\/\/www.todaykhoe.com\/product\/flebrix-poland\/#breadcrumb"},"inLanguage":"bn-BD","potentialAction":[{"@type":"ReadAction","target":["https:\/\/www.todaykhoe.com\/product\/flebrix-poland\/"]}]},{"@type":"ImageObject","inLanguage":"bn-BD","@id":"https:\/\/www.todaykhoe.com\/product\/flebrix-poland\/#primaryimage","url":"https:\/\/www.todaykhoe.com\/wp-content\/uploads\/2025\/08\/Flebrix-Poland.png","contentUrl":"https:\/\/www.todaykhoe.com\/wp-content\/uploads\/2025\/08\/Flebrix-Poland.png","width":507,"height":512,"caption":"Flebrix Poland"},{"@type":"BreadcrumbList","@id":"https:\/\/www.todaykhoe.com\/product\/flebrix-poland\/#breadcrumb","itemListElement":[{"@type":"ListItem","position":1,"name":"Home","item":"https:\/\/www.todaykhoe.com\/"},{"@type":"ListItem","position":2,"name":"Shop","item":"https:\/\/www.todaykhoe.com\/shop\/"},{"@type":"ListItem","position":3,"name":"Flebrix PL"}]},{"@type":"WebSite","@id":"https:\/\/www.todaykhoe.com\/#website","url":"https:\/\/www.todaykhoe.com\/","name":"TodayKh\u1ecfe.Com","description":"Healthy Today, Fitness, Nutrition, Beauty, News!","publisher":{"@id":"https:\/\/www.todaykhoe.com\/#organization"},"potentialAction":[{"@type":"SearchAction","target":{"@type":"EntryPoint","urlTemplate":"https:\/\/www.todaykhoe.com\/?s={search_term_string}"},"query-input":{"@type":"PropertyValueSpecification","valueRequired":true,"valueName":"search_term_string"}}],"inLanguage":"bn-BD"},{"@type":"Organization","@id":"https:\/\/www.todaykhoe.com\/#organization","name":"TodayKh\u1ecfe.Com","url":"https:\/\/www.todaykhoe.com\/","logo":{"@type":"ImageObject","inLanguage":"bn-BD","@id":"https:\/\/www.todaykhoe.com\/#\/schema\/logo\/image\/","url":"https:\/\/www.todaykhoe.com\/wp-content\/uploads\/2025\/04\/Todaykhoe.png","contentUrl":"https:\/\/www.todaykhoe.com\/wp-content\/uploads\/2025\/04\/Todaykhoe.png","width":706,"height":159,"caption":"TodayKh\u1ecfe.Com"},"image":{"@id":"https:\/\/www.todaykhoe.com\/#\/schema\/logo\/image\/"}}]}},"_links":{"self":[{"href":"https:\/\/www.todaykhoe.com\/bn\/wp-json\/wp\/v2\/product\/153602","targetHints":{"allow":["GET"]}}],"collection":[{"href":"https:\/\/www.todaykhoe.com\/bn\/wp-json\/wp\/v2\/product"}],"about":[{"href":"https:\/\/www.todaykhoe.com\/bn\/wp-json\/wp\/v2\/types\/product"}],"replies":[{"embeddable":true,"href":"https:\/\/www.todaykhoe.com\/bn\/wp-json\/wp\/v2\/comments?post=153602"}],"wp:featuredmedia":[{"embeddable":true,"href":"https:\/\/www.todaykhoe.com\/bn\/wp-json\/wp\/v2\/media\/153643"}],"wp:attachment":[{"href":"https:\/\/www.todaykhoe.com\/bn\/wp-json\/wp\/v2\/media?parent=153602"}],"wp:term":[{"taxonomy":"product_brand","embeddable":true,"href":"https:\/\/www.todaykhoe.com\/bn\/wp-json\/wp\/v2\/product_brand?post=153602"},{"taxonomy":"product_cat","embeddable":true,"href":"https:\/\/www.todaykhoe.com\/bn\/wp-json\/wp\/v2\/product_cat?post=153602"},{"taxonomy":"product_tag","embeddable":true,"href":"https:\/\/www.todaykhoe.com\/bn\/wp-json\/wp\/v2\/product_tag?post=153602"}],"curies":[{"name":"wp","href":"https:\/\/api.w.org\/{rel}","templated":true}]}}