{"id":153436,"date":"2025-08-27T08:09:56","date_gmt":"2025-08-27T08:09:56","guid":{"rendered":"https:\/\/todaykhoe.com\/?post_type=product&#038;p=153436"},"modified":"2025-08-27T08:10:24","modified_gmt":"2025-08-27T08:10:24","slug":"lean-green-recenzje-poland","status":"publish","type":"product","link":"https:\/\/www.todaykhoe.com\/bn\/product\/lean-green-recenzje-poland\/","title":{"rendered":"Lean Green Cena"},"content":{"rendered":"<p><a href=\"https:\/\/todaykhoe.com\/product\/lean-green-recenzje-poland\/\">Lean Green<\/a> \u2014 Paso\u017cyty zjadaj\u0105 i wp\u0119dzaj\u0105 w \u015bpi\u0105czk\u0119 starszych ludzi. Nawet w dzieci\u0144stwie prze\u015bladuj\u0105. Cz\u0142owiek przekl\u0105\u0142by samego siebie za ten fizyczny aspekt. Te mikroby \u017cyj\u0105 w ludziach. Nauka uwa\u017ca ludzkie cia\u0142o za ich \u017cywiciela, zapewniaj\u0105c im przetrwanie i rozmna\u017canie. W twoim ciele rozmna\u017caj\u0105 si\u0119 lub wzmacniaj\u0105 swoje panowanie. Najpierw przejmuj\u0105 kontrol\u0119 nad twoimi naczyniami krwiono\u015bnymi i uk\u0142adem trawiennym.<\/p>\n<p style=\"text-align: center;\"><a href=\"https:\/\/todaykhoe.com\/buy-lean-green-pl\"><span style=\"font-size: 20pt;\"><strong>KONTAKT W SPRAWIE WSZYSTKIEGO &#8211; MO\u017bLIWA P\u0141ATNO\u015a\u0106 GOT\u00d3WK\u0104 PRZY ODBIORZE<\/strong><\/span><\/a><\/p>\n<p>Tw\u00f3j organizm dostarcza po\u017cywienia i energii tym dw\u00f3m narz\u0105dom, umo\u017cliwiaj\u0105c im przetrwanie i rozmna\u017canie. Podsycasz choroby. Te paso\u017cyty powoduj\u0105 zbyt wiele chor\u00f3b, by je wszystkie wymieni\u0107. Je\u015bli masz wiele problem\u00f3w sk\u00f3rnych, sprawd\u017a, czy nie ma u ciebie takich bakterii. Bakterie te powoduj\u0105 wysypki, infekcje grzybicze, przyrost masy cia\u0142a i wiele innych. Opisz\u0119 ich objawy, kt\u00f3re wielu b\u0142\u0119dnie diagnozuje.<\/p>\n<p>Chocia\u017c paso\u017cyty te potrafi\u0105 skutecznie odwraca\u0107 uwag\u0119 ludzi, potrafi\u0105 oszuka\u0107 nawet profesjonalist\u00f3w. Choroby i eksperci r\u00f3\u017cni\u0105 si\u0119 mi\u0119dzy sob\u0105. Dobrze jest podj\u0105\u0107 drastyczne dzia\u0142ania na wczesnym etapie, aby zapobiec ich rozmna\u017caniu, a tw\u00f3j organizm m\u00f3g\u0142 im si\u0119 oprze\u0107, chroni\u0105c twoje narz\u0105dy i zdrowie. Kiedy pacjenci skar\u017c\u0105 si\u0119 na b\u00f3l, problemy z trawieniem i inne, mog\u0105 mie\u0107 paso\u017cyty.<\/p>\n<p>Ich styl zabawy odpowiada dorastaj\u0105cym dzieciom. Musisz obserwowa\u0107 otoczenie, rzeczy i zabaw\u0119 swojego dziecka w miar\u0119 jego rozwoju. Utrzymywanie czysto\u015bci i braku bakterii jest kluczowe. Twoje dziecko nie dba o higien\u0119, wi\u0119c musisz. M\u0142odzi doro\u015bli ignoruj\u0105 czysto\u015b\u0107. Zaniedbuj\u0105 mycie r\u0105k po wyj\u015bciu z domu. Po wyj\u015bciu z domu myj r\u0119ce. Niew\u0142a\u015bciwe zachowanie mo\u017ce prowadzi\u0107 do nieznanych problem\u00f3w zdrowotnych.<\/p>\n<p>Podobnie jak ja, \u017ca\u0142owa\u0142by\u015b tych dzia\u0142a\u0144. Paso\u017cyty znikaj\u0105, gdy si\u0119 wypr\u00f3\u017cniamy. Wyobra\u017ca\u0142e\u015b sobie ten horror? Potrzebujesz zdrowego stylu \u017cycia i zdrowego \u015brodowiska, aby \u017cy\u0107 szcz\u0119\u015bliwie i bez chor\u00f3b. Takie \u017cycie tego wymaga. Ten artyku\u0142 sugeruje nowy produkt redukuj\u0105cy paso\u017cyty, infekcje i szkody.<\/p>\n<h2>Lean Green \u2013 jak? Jak wyeliminowa\u0107 paso\u017cyty i poprawi\u0107 zdrowie?<\/h2>\n<p>Paso\u017cyty i trucizny najlepiej si\u0119 dogaduj\u0105. Znasz dynamik\u0119 najlepszych przyjaci\u00f3\u0142. Zawsze dobrze si\u0119 bawi\u0105 i rani\u0105 innych. Czy moje wyja\u015bnienie jest b\u0142\u0119dne? Wielu zastanawia si\u0119, jak paso\u017cyty dostaj\u0105 si\u0119 do naszego organizmu. Stary, czy dostrzegasz swoj\u0105 obsesj\u0119 na punkcie pochodzenia, atmosfery i higieny? Wszystkie te rzeczy maj\u0105 znaczenie, je\u015bli chcesz \u017cy\u0107 wygodnie i bez chor\u00f3b, co w dzisiejszych czasach jest niemo\u017cliwe. Poniewa\u017c wycinanie tysi\u0119cy drzew dziennie bez posadzenia jednego sprawia, \u017ce \u200b\u200b\u015brodowisko jest szkodliwe dla wszystkich.<\/p>\n<p>Oczekujemy zdrowego \u015brodowiska. Szczytowe zanieczyszczenie, u\u017cytkowanie samochod\u00f3w osobowych, dym papierosowy i kominkowy oraz dym z fabryk chemicznych. Czy natura mo\u017ce zn\u00f3w by\u0107 pi\u0119kna? To niemo\u017cliwe. Twoja dba\u0142o\u015b\u0107 o higien\u0119 decyduje o Twoim komforcie i trudno\u015bciach. Musisz to zmieni\u0107. Zanieczyszczona woda, udogodnienia publiczne, u\u015bciski d\u0142oni z nieznajomymi, sp\u0119dzanie czasu, zabawa ze zwierz\u0119tami, jedzenie surowego mi\u0119sa i surowych posi\u0142k\u00f3w itp. Paso\u017cyty dostaj\u0105 si\u0119 do organizmu w ten spos\u00f3b. Po zbadaniu paso\u017cyt\u00f3w i ich odporno\u015bci, nasi eksperci stworzyli Lean Green.<\/p>\n<p>Zosta\u0142 opracowany, aby zwalcza\u0107 paso\u017cyty i ich objawy oraz przywraca\u0107 zdrowie bezb\u0142\u0119dnie. Parali\u017cuje paso\u017cyty dzi\u0119ki swoim w\u0142a\u015bciwo\u015bciom antybakteryjnym, przeciwwirusowym, antyoksydacyjnym i przeciwpaso\u017cytniczym. Paso\u017cyty zostaj\u0105 unieruchomione, a przeciwutleniacze wzmacniaj\u0105 odporno\u015b\u0107. Czy trzeba przyjmowa\u0107 dawki na czas? Eliminacja zanieczyszcze\u0144 to kolejna korzy\u015b\u0107. Paso\u017cyty opieraj\u0105 si\u0119 i wzmacniaj\u0105 dzi\u0119ki tym sk\u0142adnikom.<\/p>\n<p>Odporno\u015b\u0107 paso\u017cyt\u00f3w i toksyny s\u0105 wydalane. Nast\u0119pnie Tw\u00f3j organizm si\u0119 zregeneruje i wzmocni, zwi\u0119kszaj\u0105c swoj\u0105 odporno\u015b\u0107. Ten produkt zosta\u0142 opracowany przez naszych ekspert\u00f3w, aby wyeliminowa\u0107 paso\u017cyty oraz poprawi\u0107 trawienie i wydajno\u015b\u0107. Usuwa jaja paso\u017cyt\u00f3w i eliminuje choroby. Stosuj ten produkt wraz ze zbilansowan\u0105 diet\u0105. Codziennie nawadniaj organizm i gotuj prawid\u0142owo. Nigdy nie nale\u017cy spo\u017cywa\u0107 niehigienicznego jedzenia z restauracji. Jedzenie na mie\u015bcie wymaga przestrzegania zasad higieny, aby unikn\u0105\u0107 chor\u00f3b.<\/p>\n<p style=\"text-align: center;\"><span style=\"font-size: 20pt;\"><a href=\"https:\/\/todaykhoe.com\/buy-lean-green-pl\"><strong>KONTAKT W SPRAWIE WSZYSTKIEGO &#8211; MO\u017bLIWA P\u0141ATNO\u015a\u0106 GOT\u00d3WK\u0104 PRZY ODBIORZE<\/strong><\/a><\/span><\/p>\n<h3>Dlaczego Lean Green?<\/h3>\n<p><strong>Cia\u0142o wolne od paso\u017cyt\u00f3w.<\/strong><\/p>\n<p>Czy zdajesz sobie spraw\u0119, \u017ce ka\u017cdy pozby\u0142by si\u0119 paso\u017cyt\u00f3w bez konsultacji z lekarzem, gdyby by\u0142o to \u0142atwe? Jednak problemy i op\u00f3\u017anienia w terapii sprawiaj\u0105, \u017ce paso\u017cyty staj\u0105 si\u0119 silniejsze i bardziej odporne na wszelkie metody leczenia. Lean Green zawiera zwi\u0105zki zabijaj\u0105ce paso\u017cyty. Paso\u017cyty s\u0105 eliminowane przez Tw\u00f3j organizm. Dobra pralka usuwa paso\u017cyty z Twojego organizmu. Zaawansowana aktywno\u015b\u0107 fizyczna Ci\u0119 zadziwi. Odkryj, jak ta formu\u0142a wp\u0142ywa na Tw\u00f3j organizm.<\/p>\n<p><strong>Wspiera trawienie.<\/strong><\/p>\n<p>Zaburzenia trawienia szkodz\u0105 zdrowiu. Utrzymanie go pomo\u017ce Ci zachowa\u0107 form\u0119. Niezdrowe \u015brodowisko utrudnia prawid\u0142owe od\u017cywianie. Niedo\u017cywienie jest przyczyn\u0105 niewydolno\u015bci wi\u0119kszo\u015bci narz\u0105d\u00f3w. Narzekam na moje codzienne dolegliwo\u015bci. Przeanalizuj sw\u00f3j styl \u017cycia, aby uzyska\u0107 pe\u0142ny harmonogram. Ta formu\u0142a korzystnie wp\u0142ywa na Tw\u00f3j organizm. Wydalaj\u0105c paso\u017cyty i inne po\u017cyteczne substancje, poprawia zdrowie jelit.<\/p>\n<p><strong>Poprawia zdrowie i wydajno\u015b\u0107.<\/strong><\/p>\n<p>Zdecydowanie wp\u0142ywa na wydajno\u015b\u0107. Niedo\u017cywienie stanowi zagro\u017cenie dla zdrowia. Wysypki sk\u00f3rne, obni\u017cona odporno\u015b\u0107, stres, dysfunkcja narz\u0105d\u00f3w, b\u00f3l brzucha, rozstr\u00f3j \u017co\u0142\u0105dka, biegunka i inne dolegliwo\u015bci b\u0119d\u0105 Ci\u0119 ogranicza\u0107. To utrudnia codzienn\u0105 aktywno\u015b\u0107. To boli. Jak d\u0142ugo mo\u017cesz to bra\u0107? Silna kuracja rozwi\u0105\u017ce ten problem. Ta doskona\u0142a mieszanka poprawia wydajno\u015b\u0107. Zdrowie i sprawno\u015b\u0107 fizyczna.<\/p>\n<h3>Jakie objawy sugeruj\u0105 infekcj\u0119?<\/h3>\n<p>Zwykle kieruj\u0105 Ci\u0119 w inn\u0105 stron\u0119. Wiele os\u00f3b myli paso\u017cyty z gryp\u0105 lub innymi dolegliwo\u015bciami. Dlatego wymieni\u0119 oznaki, \u017ce Tw\u00f3j organizm jest powa\u017cnie chory i wymaga natychmiastowego leczenia. Potraktuj paso\u017cyty powa\u017cnie \u2013 je\u015bli zaatakuj\u0105, po\u017ca\u0142ujesz, \u017ce nie zareagowa\u0142e\u015b wcze\u015bniej. Kiedy \u017ca\u0142ujemy swoich wybor\u00f3w i bezczynno\u015bci, te okresy nieuchronnie nast\u0119puj\u0105. Powinni\u015bmy stawia\u0107 objawy wy\u017cej od przyczyn. Pozw\u00f3l, \u017ce to wyja\u015bni\u0119.<\/p>\n<p>Mog\u0105 wyst\u0105pi\u0107 b\u00f3le brzucha, biegunka, niewyja\u015bnione zaparcia, nudno\u015bci, wymioty, gazy i wzd\u0119cia.<br \/>\nObjawy czerwonki obejmuj\u0105 krwawe, \u015bluzowate stolce, podra\u017cnienie odbytu lub sromu, b\u00f3l brzucha, wyczerpanie, g\u0142\u00f3d po jedzeniu, niezamierzon\u0105 utrat\u0119 wagi i b\u00f3l ca\u0142ego cia\u0142a.\u00a0Sprawd\u017a te rzeczy, aby wykry\u0107 t\u0119 chorob\u0119, zanim si\u0119 nasili. Objawy s\u0105 g\u0142\u00f3wnie spowodowane toksynami we krwi. Wiele os\u00f3b ignoruje te sygna\u0142y i pozostawia problem bez leczenia.<\/p>\n<h3>Co je\u015bli od\u0142o\u017c\u0119 leczenie?<\/h3>\n<p>Je\u015bli zachorujesz, leczysz si\u0119 szybko. Op\u00f3\u017anienia powoduj\u0105 dalsze problemy. Niepowa\u017cne traktowanie paso\u017cyt\u00f3w mo\u017ce prowadzi\u0107 do skomplikowanego leczenia. Ja r\u00f3wnie\u017c zademonstrowa\u0142em ten horror. Paso\u017cyty mog\u0105 opu\u015bci\u0107 organizm poprzez wypr\u00f3\u017cnienia. Prawdopodobnie nie mia\u0142by\u015b ju\u017c kolejnego wypr\u00f3\u017cnienia. Zapytaj ich o ich do\u015bwiadczenia, a opowiedz\u0105, jak bardzo b\u0119dziesz ignorowa\u0107 swoje obawy.<\/p>\n<p>Czy to nasz jedyny powa\u017cny problem? Pozwalanie im na przedostanie si\u0119 przez organizm zwi\u0119ksza odporno\u015b\u0107. Zwi\u0119ksza si\u0119 potencja\u0142 organizmu. Je\u015bli stan\u0105 si\u0119 silniejsze, czy jakikolwiek lek lub terapia zadzia\u0142aj\u0105? Dlatego wiele os\u00f3b uwa\u017ca, \u017ce \u200b\u200bmoja choroba pogarsza si\u0119 z dnia na dzie\u0144 i nic nie dzia\u0142a. Czy zauwa\u017cy\u0142e\u015b swoje zaniedbanie? Stworzy\u0142o to nasz\u0105 sytuacj\u0119. Brak szybkiej reakcji doprowadzi do powa\u017cnego ataku.<\/p>\n<p style=\"text-align: center;\"><span style=\"font-size: 20pt;\"><a href=\"https:\/\/todaykhoe.com\/buy-lean-green-pl\"><strong>KONTAKT W SPRAWIE WSZYSTKIEGO &#8211; MO\u017bLIWA P\u0141ATNO\u015a\u0106 GOT\u00d3WK\u0104 PRZY ODBIORZE<\/strong><\/a><\/span><\/p>\n<h3>Czy Lean Green jest zazwyczaj skuteczny?<\/h3>\n<p>Czasami jest za p\u00f3\u017ano, aby rozpozna\u0107 paso\u017cyty w naszym organizmie. Czasami skrucha nie jest ceniona. Poniewa\u017c nie mo\u017ce dzia\u0142a\u0107. Mimo to nic nie otrzymuj\u0105. Lean Green pomaga w prawid\u0142owej regeneracji zdrowia na ka\u017cdym poziomie. Skoncentruj si\u0119 na od\u017cywianiu. Jedz bezmi\u0119sne i zbilansowane posi\u0142ki. Unikaj surowego jedzenia i jedz przygotowane. Zawsze unikaj posi\u0142k\u00f3w przyrz\u0105dzanych nie w domu, niezale\u017cnie od tego, czy w restauracji, czy na ulicy. Mo\u017cesz zaufa\u0107 tylko domowej \u017cywno\u015bci w kwestiach higieny. W przeciwnym razie liczy si\u0119 tylko higiena \u017cywno\u015bci.<\/p>\n<h3>Higiena osobista.<\/h3>\n<p>Kolejny niezb\u0119dny element szybkiego leczenia paso\u017cyt\u00f3w i toksyn. Higiena osobista jest niezb\u0119dna. Obejmuje mycie r\u0105k przed jedzeniem, za ka\u017cdym razem, gdy wychodzisz z domu, dbanie o czysto\u015b\u0107 but\u00f3w i skarpetek, unikanie sw\u0119dzenia, odpowiednie k\u0105piele, jedzenie odpowiednio ugotowanych potraw itp. Higiena osobista jest niezb\u0119dna. Wszystko inne jest nieistotne bez higieny.<\/p>\n<h3>Ekologiczne zastosowanie?<\/h3>\n<p>Wszyscy powinni przestrzega\u0107 instrukcji. Niezrozumia\u0142e instrukcje nie przynosz\u0105 rezultat\u00f3w. Musisz zaplanowa\u0107 przyjmowanie wszystkich lek\u00f3w na czas. Po tym czasie b\u0105d\u017a aktywny i energiczny. Eksperci zalecaj\u0105 uko\u0144czenie kuracji. Stosuj te dawki przez dwa miesi\u0105ce.<\/p>\n<h3>Zachowaj ostro\u017cno\u015b\u0107.<\/h3>\n<ul>\n<li>Nieletni powinni unika\u0107 tego produktu.<\/li>\n<li>Kobiety w ci\u0105\u017cy i karmi\u0105ce piersi\u0105 powinny go unika\u0107.<\/li>\n<li>Nie nale\u017cy go stosowa\u0107 w przypadku stosowania innych terapii.<\/li>\n<li>Przedawkowanie jest niebezpieczne.<\/li>\n<li>Chroni\u0107 przed dzie\u0107mi.<\/li>\n<li>Przestrzega\u0107 instrukcji.<\/li>\n<\/ul>\n<h3>Kupi\u0107 formu\u0142\u0119 Lean Green?<\/h3>\n<p>Przej\u015b\u0107 na Lean Green, aby wyeliminowa\u0107 paso\u017cyty i zanieczyszczenia. Po\u017cegnaj si\u0119 z tymi rzeczami i ich konsekwencjami, aby poprawi\u0107 swoj\u0105 wydajno\u015b\u0107 i zdrowie. Zam\u00f3w oryginaln\u0105 formu\u0142\u0119, klikaj\u0105c poni\u017cszy obrazek. Wype\u0142nij formularz zam\u00f3wienia na oficjalnej stronie, aby otrzyma\u0107 oryginalne produkty do domu. Zap\u0142a\u0107 przy odbiorze.<\/p>\n<p style=\"text-align: center;\"><span style=\"font-size: 20pt;\"><a href=\"https:\/\/todaykhoe.com\/buy-lean-green-pl\"><strong>KONTAKT W SPRAWIE WSZYSTKIEGO &#8211; MO\u017bLIWA P\u0141ATNO\u015a\u0106 GOT\u00d3WK\u0104 PRZY ODBIORZE<\/strong><\/a><\/span><\/p>\n<p><a href=\"https:\/\/todaykhoe.com\/buy-lean-green-pl\"><img loading=\"lazy\" decoding=\"async\" class=\"aligncenter size-full wp-image-153437\" src=\"https:\/\/todaykhoe.com\/wp-content\/uploads\/2025\/08\/Lean-Green-Kapsulki-Cena-Poland.png\" alt=\"Lean Green Kapsu\u0142ki Cena Poland\" width=\"897\" height=\"618\" srcset=\"https:\/\/www.todaykhoe.com\/wp-content\/uploads\/2025\/08\/Lean-Green-Kapsulki-Cena-Poland.png 897w, https:\/\/www.todaykhoe.com\/wp-content\/uploads\/2025\/08\/Lean-Green-Kapsulki-Cena-Poland-300x207.png 300w, https:\/\/www.todaykhoe.com\/wp-content\/uploads\/2025\/08\/Lean-Green-Kapsulki-Cena-Poland-768x529.png 768w, https:\/\/www.todaykhoe.com\/wp-content\/uploads\/2025\/08\/Lean-Green-Kapsulki-Cena-Poland-600x413.png 600w\" sizes=\"auto, (max-width: 897px) 100vw, 897px\" \/><\/a><\/p>\n","protected":false},"excerpt":{"rendered":"<p><span style=\"font-size: 20pt;\"><strong>Objawy, leczenie i zapobieganie paso\u017cytom<\/strong><\/span><\/p>\n<ul>\n<li>Mo\u017cesz zap\u0142aci\u0107 got\u00f3wk\u0105 lub kart\u0105 kredytow\u0105 przy odbiorze.<\/li>\n<li>Dostawa w ci\u0105gu 2-3 dni, termin przydatno\u015bci do spo\u017cycia do 5 dni.<\/li>\n<li>Mo\u017cesz zam\u00f3wi\u0107 dostaw\u0119 do domu lub na poczt\u0119. Mo\u017cesz r\u00f3wnie\u017c zam\u00f3wi\u0107 bezp\u0142atn\u0105 dostaw\u0119 telefonicznie u operatora.<\/li>\n<\/ul>\n<p><a href=\"https:\/\/todaykhoe.com\/buy-lean-green-pl\"><strong>KONTAKT W SPRAWIE WSZYSTKIEGO &#8211; MO\u017bLIWA P\u0141ATNO\u015a\u0106 GOT\u00d3WK\u0104 PRZY ODBIORZE<\/strong><\/a><\/p>\n","protected":false},"featured_media":153477,"comment_status":"open","ping_status":"closed","template":"","meta":[],"product_brand":[],"product_cat":[435],"product_tag":[],"class_list":{"0":"post-153436","1":"product","2":"type-product","3":"status-publish","4":"has-post-thumbnail","6":"product_cat-health","8":"first","9":"instock","10":"shipping-taxable","11":"product-type-external"},"yoast_head":"<!-- This site is optimized with the Yoast SEO plugin v27.3 - https:\/\/yoast.com\/product\/yoast-seo-wordpress\/ -->\n<title>Lean Green Recenzje Poland: Tabletki na paso\u017cyty! Kapsu\u0142ki Cena<\/title>\n<meta name=\"description\" content=\"Lean Green Recenzje Poland: Tabletki na paso\u017cyty! Kapsu\u0142ki Cena, Korzy\u015bci, skutki uboczne, sk\u0142adniki, opinie u\u017cytkownik\u00f3w i zakup w Polsce\" \/>\n<meta name=\"robots\" content=\"index, follow, max-snippet:-1, max-image-preview:large, max-video-preview:-1\" \/>\n<link rel=\"canonical\" href=\"https:\/\/www.todaykhoe.com\/product\/lean-green-recenzje-poland\/\" \/>\n<meta property=\"og:locale\" content=\"en_US\" \/>\n<meta property=\"og:type\" content=\"article\" \/>\n<meta property=\"og:title\" content=\"Lean Green Recenzje Poland: Tabletki na paso\u017cyty! Kapsu\u0142ki Cena\" \/>\n<meta property=\"og:description\" content=\"Lean Green Recenzje Poland: Tabletki na paso\u017cyty! Kapsu\u0142ki Cena, Korzy\u015bci, skutki uboczne, sk\u0142adniki, opinie u\u017cytkownik\u00f3w i zakup w Polsce\" \/>\n<meta property=\"og:url\" content=\"https:\/\/www.todaykhoe.com\/product\/lean-green-recenzje-poland\/\" \/>\n<meta property=\"og:site_name\" content=\"TodayKh\u1ecfe.Com\" \/>\n<meta property=\"article:modified_time\" content=\"2025-08-27T08:10:24+00:00\" \/>\n<meta property=\"og:image\" content=\"https:\/\/www.todaykhoe.com\/wp-content\/uploads\/2025\/08\/Lean-Green-Kapsulki-Poland.png\" \/>\n\t<meta property=\"og:image:width\" content=\"506\" \/>\n\t<meta property=\"og:image:height\" content=\"506\" \/>\n\t<meta property=\"og:image:type\" content=\"image\/png\" \/>\n<meta name=\"twitter:card\" content=\"summary_large_image\" \/>\n<meta name=\"twitter:label1\" content=\"Est. reading time\" \/>\n\t<meta name=\"twitter:data1\" content=\"8 \u09ae\u09bf\u09a8\u09bf\u099f\" \/>\n<script type=\"application\/ld+json\" class=\"yoast-schema-graph\">{\"@context\":\"https:\\\/\\\/schema.org\",\"@graph\":[{\"@type\":\"WebPage\",\"@id\":\"https:\\\/\\\/www.todaykhoe.com\\\/product\\\/lean-green-recenzje-poland\\\/\",\"url\":\"https:\\\/\\\/www.todaykhoe.com\\\/product\\\/lean-green-recenzje-poland\\\/\",\"name\":\"Lean Green Recenzje Poland: Tabletki na paso\u017cyty! Kapsu\u0142ki Cena\",\"isPartOf\":{\"@id\":\"https:\\\/\\\/www.todaykhoe.com\\\/#website\"},\"primaryImageOfPage\":{\"@id\":\"https:\\\/\\\/www.todaykhoe.com\\\/product\\\/lean-green-recenzje-poland\\\/#primaryimage\"},\"image\":{\"@id\":\"https:\\\/\\\/www.todaykhoe.com\\\/product\\\/lean-green-recenzje-poland\\\/#primaryimage\"},\"thumbnailUrl\":\"https:\\\/\\\/www.todaykhoe.com\\\/wp-content\\\/uploads\\\/2025\\\/08\\\/Lean-Green-Kapsulki-Poland.png\",\"datePublished\":\"2025-08-27T08:09:56+00:00\",\"dateModified\":\"2025-08-27T08:10:24+00:00\",\"description\":\"Lean Green Recenzje Poland: Tabletki na paso\u017cyty! Kapsu\u0142ki Cena, Korzy\u015bci, skutki uboczne, sk\u0142adniki, opinie u\u017cytkownik\u00f3w i zakup w Polsce\",\"breadcrumb\":{\"@id\":\"https:\\\/\\\/www.todaykhoe.com\\\/product\\\/lean-green-recenzje-poland\\\/#breadcrumb\"},\"inLanguage\":\"bn-BD\",\"potentialAction\":[{\"@type\":\"ReadAction\",\"target\":[\"https:\\\/\\\/www.todaykhoe.com\\\/product\\\/lean-green-recenzje-poland\\\/\"]}]},{\"@type\":\"ImageObject\",\"inLanguage\":\"bn-BD\",\"@id\":\"https:\\\/\\\/www.todaykhoe.com\\\/product\\\/lean-green-recenzje-poland\\\/#primaryimage\",\"url\":\"https:\\\/\\\/www.todaykhoe.com\\\/wp-content\\\/uploads\\\/2025\\\/08\\\/Lean-Green-Kapsulki-Poland.png\",\"contentUrl\":\"https:\\\/\\\/www.todaykhoe.com\\\/wp-content\\\/uploads\\\/2025\\\/08\\\/Lean-Green-Kapsulki-Poland.png\",\"width\":506,\"height\":506,\"caption\":\"Lean Green Kapsu\u0142ki Poland\"},{\"@type\":\"BreadcrumbList\",\"@id\":\"https:\\\/\\\/www.todaykhoe.com\\\/product\\\/lean-green-recenzje-poland\\\/#breadcrumb\",\"itemListElement\":[{\"@type\":\"ListItem\",\"position\":1,\"name\":\"Home\",\"item\":\"https:\\\/\\\/www.todaykhoe.com\\\/\"},{\"@type\":\"ListItem\",\"position\":2,\"name\":\"Shop\",\"item\":\"https:\\\/\\\/www.todaykhoe.com\\\/shop\\\/\"},{\"@type\":\"ListItem\",\"position\":3,\"name\":\"Lean Green Cena\"}]},{\"@type\":\"WebSite\",\"@id\":\"https:\\\/\\\/www.todaykhoe.com\\\/#website\",\"url\":\"https:\\\/\\\/www.todaykhoe.com\\\/\",\"name\":\"TodayKh\u1ecfe.Com\",\"description\":\"Healthy Today, Fitness, Nutrition, Beauty, News!\",\"publisher\":{\"@id\":\"https:\\\/\\\/www.todaykhoe.com\\\/#organization\"},\"potentialAction\":[{\"@type\":\"SearchAction\",\"target\":{\"@type\":\"EntryPoint\",\"urlTemplate\":\"https:\\\/\\\/www.todaykhoe.com\\\/?s={search_term_string}\"},\"query-input\":{\"@type\":\"PropertyValueSpecification\",\"valueRequired\":true,\"valueName\":\"search_term_string\"}}],\"inLanguage\":\"bn-BD\"},{\"@type\":\"Organization\",\"@id\":\"https:\\\/\\\/www.todaykhoe.com\\\/#organization\",\"name\":\"TodayKh\u1ecfe.Com\",\"url\":\"https:\\\/\\\/www.todaykhoe.com\\\/\",\"logo\":{\"@type\":\"ImageObject\",\"inLanguage\":\"bn-BD\",\"@id\":\"https:\\\/\\\/www.todaykhoe.com\\\/#\\\/schema\\\/logo\\\/image\\\/\",\"url\":\"https:\\\/\\\/www.todaykhoe.com\\\/wp-content\\\/uploads\\\/2025\\\/04\\\/Todaykhoe.png\",\"contentUrl\":\"https:\\\/\\\/www.todaykhoe.com\\\/wp-content\\\/uploads\\\/2025\\\/04\\\/Todaykhoe.png\",\"width\":706,\"height\":159,\"caption\":\"TodayKh\u1ecfe.Com\"},\"image\":{\"@id\":\"https:\\\/\\\/www.todaykhoe.com\\\/#\\\/schema\\\/logo\\\/image\\\/\"}}]}<\/script>\n<!-- \/ Yoast SEO plugin. -->","yoast_head_json":{"title":"Lean Green Recenzje Poland: Tabletki na paso\u017cyty! Kapsu\u0142ki Cena","description":"Lean Green Recenzje Poland: Tabletki na paso\u017cyty! Kapsu\u0142ki Cena, Korzy\u015bci, skutki uboczne, sk\u0142adniki, opinie u\u017cytkownik\u00f3w i zakup w Polsce","robots":{"index":"index","follow":"follow","max-snippet":"max-snippet:-1","max-image-preview":"max-image-preview:large","max-video-preview":"max-video-preview:-1"},"canonical":"https:\/\/www.todaykhoe.com\/product\/lean-green-recenzje-poland\/","og_locale":"en_US","og_type":"article","og_title":"Lean Green Recenzje Poland: Tabletki na paso\u017cyty! Kapsu\u0142ki Cena","og_description":"Lean Green Recenzje Poland: Tabletki na paso\u017cyty! Kapsu\u0142ki Cena, Korzy\u015bci, skutki uboczne, sk\u0142adniki, opinie u\u017cytkownik\u00f3w i zakup w Polsce","og_url":"https:\/\/www.todaykhoe.com\/product\/lean-green-recenzje-poland\/","og_site_name":"TodayKh\u1ecfe.Com","article_modified_time":"2025-08-27T08:10:24+00:00","og_image":[{"width":506,"height":506,"url":"https:\/\/www.todaykhoe.com\/wp-content\/uploads\/2025\/08\/Lean-Green-Kapsulki-Poland.png","type":"image\/png"}],"twitter_card":"summary_large_image","twitter_misc":{"Est. reading time":"8 \u09ae\u09bf\u09a8\u09bf\u099f"},"schema":{"@context":"https:\/\/schema.org","@graph":[{"@type":"WebPage","@id":"https:\/\/www.todaykhoe.com\/product\/lean-green-recenzje-poland\/","url":"https:\/\/www.todaykhoe.com\/product\/lean-green-recenzje-poland\/","name":"Lean Green Recenzje Poland: Tabletki na paso\u017cyty! Kapsu\u0142ki Cena","isPartOf":{"@id":"https:\/\/www.todaykhoe.com\/#website"},"primaryImageOfPage":{"@id":"https:\/\/www.todaykhoe.com\/product\/lean-green-recenzje-poland\/#primaryimage"},"image":{"@id":"https:\/\/www.todaykhoe.com\/product\/lean-green-recenzje-poland\/#primaryimage"},"thumbnailUrl":"https:\/\/www.todaykhoe.com\/wp-content\/uploads\/2025\/08\/Lean-Green-Kapsulki-Poland.png","datePublished":"2025-08-27T08:09:56+00:00","dateModified":"2025-08-27T08:10:24+00:00","description":"Lean Green Recenzje Poland: Tabletki na paso\u017cyty! Kapsu\u0142ki Cena, Korzy\u015bci, skutki uboczne, sk\u0142adniki, opinie u\u017cytkownik\u00f3w i zakup w Polsce","breadcrumb":{"@id":"https:\/\/www.todaykhoe.com\/product\/lean-green-recenzje-poland\/#breadcrumb"},"inLanguage":"bn-BD","potentialAction":[{"@type":"ReadAction","target":["https:\/\/www.todaykhoe.com\/product\/lean-green-recenzje-poland\/"]}]},{"@type":"ImageObject","inLanguage":"bn-BD","@id":"https:\/\/www.todaykhoe.com\/product\/lean-green-recenzje-poland\/#primaryimage","url":"https:\/\/www.todaykhoe.com\/wp-content\/uploads\/2025\/08\/Lean-Green-Kapsulki-Poland.png","contentUrl":"https:\/\/www.todaykhoe.com\/wp-content\/uploads\/2025\/08\/Lean-Green-Kapsulki-Poland.png","width":506,"height":506,"caption":"Lean Green Kapsu\u0142ki Poland"},{"@type":"BreadcrumbList","@id":"https:\/\/www.todaykhoe.com\/product\/lean-green-recenzje-poland\/#breadcrumb","itemListElement":[{"@type":"ListItem","position":1,"name":"Home","item":"https:\/\/www.todaykhoe.com\/"},{"@type":"ListItem","position":2,"name":"Shop","item":"https:\/\/www.todaykhoe.com\/shop\/"},{"@type":"ListItem","position":3,"name":"Lean Green Cena"}]},{"@type":"WebSite","@id":"https:\/\/www.todaykhoe.com\/#website","url":"https:\/\/www.todaykhoe.com\/","name":"TodayKh\u1ecfe.Com","description":"Healthy Today, Fitness, Nutrition, Beauty, News!","publisher":{"@id":"https:\/\/www.todaykhoe.com\/#organization"},"potentialAction":[{"@type":"SearchAction","target":{"@type":"EntryPoint","urlTemplate":"https:\/\/www.todaykhoe.com\/?s={search_term_string}"},"query-input":{"@type":"PropertyValueSpecification","valueRequired":true,"valueName":"search_term_string"}}],"inLanguage":"bn-BD"},{"@type":"Organization","@id":"https:\/\/www.todaykhoe.com\/#organization","name":"TodayKh\u1ecfe.Com","url":"https:\/\/www.todaykhoe.com\/","logo":{"@type":"ImageObject","inLanguage":"bn-BD","@id":"https:\/\/www.todaykhoe.com\/#\/schema\/logo\/image\/","url":"https:\/\/www.todaykhoe.com\/wp-content\/uploads\/2025\/04\/Todaykhoe.png","contentUrl":"https:\/\/www.todaykhoe.com\/wp-content\/uploads\/2025\/04\/Todaykhoe.png","width":706,"height":159,"caption":"TodayKh\u1ecfe.Com"},"image":{"@id":"https:\/\/www.todaykhoe.com\/#\/schema\/logo\/image\/"}}]}},"_links":{"self":[{"href":"https:\/\/www.todaykhoe.com\/bn\/wp-json\/wp\/v2\/product\/153436","targetHints":{"allow":["GET"]}}],"collection":[{"href":"https:\/\/www.todaykhoe.com\/bn\/wp-json\/wp\/v2\/product"}],"about":[{"href":"https:\/\/www.todaykhoe.com\/bn\/wp-json\/wp\/v2\/types\/product"}],"replies":[{"embeddable":true,"href":"https:\/\/www.todaykhoe.com\/bn\/wp-json\/wp\/v2\/comments?post=153436"}],"wp:featuredmedia":[{"embeddable":true,"href":"https:\/\/www.todaykhoe.com\/bn\/wp-json\/wp\/v2\/media\/153477"}],"wp:attachment":[{"href":"https:\/\/www.todaykhoe.com\/bn\/wp-json\/wp\/v2\/media?parent=153436"}],"wp:term":[{"taxonomy":"product_brand","embeddable":true,"href":"https:\/\/www.todaykhoe.com\/bn\/wp-json\/wp\/v2\/product_brand?post=153436"},{"taxonomy":"product_cat","embeddable":true,"href":"https:\/\/www.todaykhoe.com\/bn\/wp-json\/wp\/v2\/product_cat?post=153436"},{"taxonomy":"product_tag","embeddable":true,"href":"https:\/\/www.todaykhoe.com\/bn\/wp-json\/wp\/v2\/product_tag?post=153436"}],"curies":[{"name":"wp","href":"https:\/\/api.w.org\/{rel}","templated":true}]}}