{"id":152475,"date":"2025-08-14T19:17:36","date_gmt":"2025-08-14T19:17:36","guid":{"rendered":"https:\/\/todaykhoe.com\/?post_type=product&#038;p=152475"},"modified":"2025-08-14T19:17:55","modified_gmt":"2025-08-14T19:17:55","slug":"trovazin-kreem-estonia","status":"publish","type":"product","link":"https:\/\/www.todaykhoe.com\/bn\/product\/trovazin-kreem-estonia\/","title":{"rendered":"Trovazin Kreem"},"content":{"rendered":"<p><a href=\"https:\/\/todaykhoe.com\/product\/trovazin-kreem-estonia\/\">Trovazin<\/a> ravib veenilaiendeid ja nendega seotud haigusi, et jalad oleksid valutud ja nahk ilus, et elada \u00f5nnelikult. Paljudel on t\u00fc\u00fctud \u00e4mblikveenid. K\u00f5ndimis- ja seismisv\u00f5ime v\u00f5ib kaduda. Palju hullem kui valu. Teie oletus, et need ei tee haiget, on vale. P\u00f5letik p\u00f5hjustab tavaliselt kohutavat ebamugavust. Veenid valutavad ja raskendavad jalgu. Need probleemid vajavad p\u00f5hjalikku m\u00f5istmist.<\/p>\n<p>Selline olukord n\u00f5uab puhkust, jalgade masseerimist ja piisavat toitumist. Paljud tegurid muudavad selle elut\u00e4htsaks. Eksperdid usuvad, et halb vereringe p\u00f5hjustab seda haigust, kuid on ka palju muid p\u00f5hjuseid ja seda on raske ravida. See tekib sageli siis, kui arteriklapid takistavad verevoolu. Sellele j\u00e4rgneb ummistus ja halb vereringe. Veresooned paksenevad, keerduvad ja purunevad. \u00c4rge ignoreerige seda veeniprobleemi. Ka nahk n\u00e4eb halb v\u00e4lja.<\/p>\n<p style=\"text-align: center;\"><span style=\"font-size: 24pt;\"><a href=\"https:\/\/todaykhoe.com\/osta-trovazin-ee\"><strong>K\u00d5IGE K\u00dcSIMUSTE JAOKS V\u00d5TA MEIEGA \u00dcHENDUST \u2013 HIND JA ROHKEM EELISI<\/strong><\/a><\/span><\/p>\n<p>Munnis v\u00f5i keerdunud veenid muudavad selle piirkonna inetuks ja neid on raske varjata. Siin on valus k\u00e4tt suruda. N\u00fc\u00fcd n\u00e4ete, miks nende kaitsmine on oluline. Seda peetakse \u00fcldiselt pealiskaudseks. Probleem on t\u00f5sine ja ignoreerimisel v\u00f5ib see p\u00f5hjustada parandamatut kahju. Isegi parim nahahooldus ei aita veenilaiendite vastu. Premeerige ennast selle postituse suurep\u00e4raste tulemustega. Naaske p\u00f5hit\u00f5dede juurde.<\/p>\n<h2>Veenilaiendite eemaldamine on Trovaziniga lihtne.<\/h2>\n<p>Selle kreemiga ravitakse veenilaiendeid ning parandatakse naha ja vereringet. Eemaldage halb nahk, et hea v\u00e4lja n\u00e4ha. Jalavalu leevendub valuvaba elu jaoks. Veenilaiendid takistavad vereringet. Need v\u00f5ivad alatoitluse t\u00f5ttu ilmneda m\u00f5nes kehaosas. Ilma ennetamiseta v\u00f5ite silmitsi seista suurte elus takistustega, kuid k\u00f5igepealt peate need tuvastama.<\/p>\n<p>See valem v\u00f5ib parandada teie elu ja v\u00e4hendada f\u00fc\u00fcsilisi barj\u00e4\u00e4re. Selliste h\u00e4irete raviks tugevdab see arteriseinu, parandab kudesid ja taastab artereid. See tugevdab ja parandab verevooluklappe. Olge edukas ilma jalgade s\u00fcstideta. Trovazin parandab seismist ja k\u00f5ndimist p\u00e4evadega.<\/p>\n<p>Ravige seda kreemi kodus. Selle ravi abil vabanevad p\u00f5letikuvastased kemikaalid s\u00fcgavale nahka. Selle p\u00f5letikuvastased ja l\u00f5\u00f5gastavad omadused soodustavad kiiret paranemist. Hoiab \u00e4ra vereh\u00fc\u00fcvete ja arteriaalse naastu tekkimise.<\/p>\n<p>See haigus v\u00f5ib ignoreerimisel p\u00f5hjustada tromboosi v\u00f5i surma. Sellised h\u00e4ired tapavad ilma ravita. Selliste seisunditega patsiendid ei tohiks kunagi selliseid vigu teha. V\u00e4rskendage oma r\u00f5\u00f5mu Trovazin kreemiga. K\u00f5ige v\u00e4hem valus protseduur.<\/p>\n<h3>Kas teil on veenilaiendid?<\/h3>\n<p>Punnis veenid. \u00c4mblikveenid ja veenilaiendid on levinud jalaveenide naha l\u00e4hedal. K\u00f5ndimine v\u00f5i seismine suurendab veenir\u00f5hku. Teie alakeha t\u00f6\u00f6tab rohkem. Paljud ravimatud haigused levivad teadmatult.<\/p>\n<p>Verer\u00f5hk t\u00f5useb alateadlikult. See sureb vaikselt. Ka veenilaiendid. S\u00fc\u00fcdi on k\u00f5ige tihedam ajakava. T\u00e4na keskendutakse s\u00fcmptomitele, mitte heaolule.<\/p>\n<ul>\n<li>Tumelillad\/sinised veenid<\/li>\n<li>V\u00e4\u00e4ndunud ja pundunud jalaveenid<\/li>\n<li>Raskus- v\u00f5i jalavalu<\/li>\n<li>S\u00e4\u00e4rte turse, krambid<\/li>\n<li>Piinav valu p\u00e4rast pikki matku v\u00f5i seismist<\/li>\n<li>Veenide s\u00fcgelus<\/li>\n<li>Veenide veenilaiendid muudavad naha v\u00e4rvi.<\/li>\n<\/ul>\n<p>K\u00f5ik need m\u00e4rgid viitavad t\u00f5sistele terviseprobleemidele. Ravi edasil\u00fckkamine on ebam\u00f5istlik. Tegelege selliste muredega kohe. Soovitan ka edasisi kahjustusi ennetada. V\u00e4ltige nende veenide teket dieedi ja treeninguga. Parandage oma elu Trovaziniga. V\u00e4hendage jalavalu ja pinguldage nahka.<\/p>\n<p style=\"text-align: center;\"><span style=\"font-size: 22pt;\"><a href=\"https:\/\/todaykhoe.com\/osta-trovazin-ee\"><strong>K\u00d5IGE K\u00dcSIMUSTE JAOKS V\u00d5TA MEIEGA \u00dcHENDUST \u2013 HIND JA ROHKEM EELISI<\/strong><\/a><\/span><\/p>\n<h3>Kui kahjulikud on veenilaiendid? Uurige v\u00e4lja.<\/h3>\n<p>S\u00fcmptomid tunduvad ohtlikud, aga nad ei ole. Murettekitavalt p\u00f5hjustavad probleemsed s\u00fcmptomid suuremaid probleeme. Kuid tegelik oht on ees. Selle s\u00fcmptomid tulenevad tihedalt pakitud arteritest, mis piiravad vereringet. Alumine veri seisab, tekitades haavandeid ja trombe. Seega on teie alumine pool riskantsem. Vereinfektsioonid v\u00f5ivad p\u00f5hjustada kujuteldamatuid tromboose, surma v\u00f5i amputatsiooni. See on halvim.<\/p>\n<p>Nagu sisemise verejooksu puhul, v\u00f5ib ka v\u00e4lise verejooksu korral surra. Verekaotus teeb teid murelikuks. Kuumad du\u0161id teevad seda sageli. Kuum vesi laiendab naha veresooni. Survestatud veresooned plahvatavad. See oht on surmav hoolimata vereh\u00fc\u00fcvetest. Nende asjade enda allaneelamine parandab teie tervist.<\/p>\n<p>Hiline tegutsemine p\u00f5hjustab oodatust suuremaid probleeme. Olge valmis k\u00f5igeks \u00e4kiliseks v\u00f5i oluliseks. Trovazini kreemi s\u00fcgav naha tungimine on kasulik veresoontele. See annab k\u00f5ik toitained, mida vajate korralikuks eluks ja nende riskide v\u00e4ltimiseks. V\u00e4hendab s\u00fcmptomeid ja heledab nahka. N\u00e4idake oma nahka ilma armide ja defektideta, kaotades vaid oma l\u00e4ike ja sileduse.<\/p>\n<h3>Miks k\u00fclastada Trovazini?<\/h3>\n<p><strong>Ravib veresooni t\u00e4ielikult.<\/strong><\/p>\n<p>V\u00e4ltige terviseriske, taastades veresooni enne p\u00fcsivat vigastust. Ravi edasil\u00fckkamine s\u00fcvendab t\u00fcsistusi. Toitmiseks vajab see kehaosa veresooni. Rakud, koed, luud ja muud asjad valutavad rohkem. Ole t\u00e4helepanelikum ja aktiivsem. Trovazini abil leitakse t\u00f6\u00f6kohti. Veenilaiendid eemaldatakse, veresooned parandatakse ja teie seisund paraneb. Tulemuseks on mugavus ja m\u00e4rkimisv\u00e4\u00e4rne veresoonte paranemine.<\/p>\n<p><strong>Sujuv verevool.<\/strong><\/p>\n<p>Halb vereringe ja ummistused v\u00e4\u00e4navad ja paksendavad veresooni. M\u00f5nikord meenutavad need \u00e4mblikveene. Ebapiisav vereringe kahjustab veene ja verekandjaid.g organid. L\u00f5petage kohe. See ravim parandab veenide seinu looduslike ainete kollageeniga. Verearterid laienevad, et kanda tavalist verd. K\u00f5ik verevoolu takistused kaovad.<\/p>\n<p><strong>Leevendab ideaalselt veenilaiendeid ja ebamugavustunnet.<\/strong><\/p>\n<p>\u00dcksk\u00f5ik kui kerge see ka poleks, on valu kohutav. Veenilaiendid s\u00fcvenevad oodatust. Selle parandamiseks on vaja palju s\u00fcste. N\u00fc\u00fcd v\u00e4ltige ebamugavaid protseduure. Kui valutud abin\u00f5ud toimivad k\u00f5ige paremini, miks sinna minna. Valu v\u00e4hendamiseks ravib Trovazini kreem veene ja kudesid.<\/p>\n<p><strong>Muudab naha heledamaks ja silumaks.<\/strong><\/p>\n<p>Bikiinid, l\u00fchikesed p\u00fcksid ja s\u00e4\u00e4rekatted on suvel keelatud. See neab naisi l\u00fchikeste p\u00fckste v\u00f5i l\u00e4\u00e4nelike r\u00f5ivaste kandmise eest. Sest see m\u00f5jutab nahka ja veene. Armid, punetus ja muud ebat\u00e4iused takistavad lemmikriiete kandmist. Me tahame olla ilusad, kuid vead teevad haiget. See salv laiendab nahka l\u00e4\u00e4nelike r\u00f5ivaste, l\u00fchikeste p\u00fckste ja ujumistrikoode jaoks. See taastab ja regenereerib naharakke ja kudesid. Nahk l\u00e4igib ja silub.<\/p>\n<h3>Minu ettevaatusabin\u00f5u?<\/h3>\n<p>Iga suurem haigus vajab ennetavat ravi. Veenilaiendid vajavad ennetamist ja ravi alternatiive. Parandage verevoolu ja lihastoonust, et v\u00e4ltida keerulist veenilaiendite ravi. M\u00f5ned tegevused aitavad teil l\u00f5\u00f5gastuda ja lahendust leida.<\/p>\n<ul>\n<li>V\u00e4ltige kitsaid riideid ja kontsi.<\/li>\n<li>Vahetage istmeid ja seiske iga tund.<\/li>\n<li>Madala soolasisaldusega ja kiudainesisaldusega toidud.<\/li>\n<li>Treenige ja s\u00f6\u00f6ge tervislikult.<\/li>\n<li>Istuge v\u00f5i lamage jalgadega \u00fcles t\u00f5stetuna.<\/li>\n<li>Kontrollige oma kaalu, et v\u00e4ltida valu.<\/li>\n<\/ul>\n<p>Need ennetavad v\u00f5i radikaalsed meetodid v\u00e4hendavad stressi ja parandavad liikumist. Kui te ei v\u00f5ta kiiresti meetmeid, toob see kaasa t\u00f5siseid tagaj\u00e4rgi.<\/p>\n<p style=\"text-align: center;\"><span style=\"font-size: 20pt;\"><a href=\"https:\/\/todaykhoe.com\/osta-trovazin-ee\"><strong>K\u00d5IGE K\u00dcSIMUSTE JAOKS V\u00d5TA MEIEGA \u00dcHENDUST \u2013 HIND JA ROHKEM EELISI<\/strong><\/a><\/span><\/p>\n<h3>Kuidas see kreem parandada saab?<\/h3>\n<p>Kasutusjuhend soovitab kasutada kaks korda p\u00e4evas. Peske 5 minutit sooja veega. P\u00e4rast kuivatamist kasutage ja masseerige seda kreemi. Optimaalsete tulemuste ja pikaajalise kasu saavutamiseks kasutage seda kreemi 45 p\u00e4eva. V\u00e4ltige vett 3 tundi p\u00e4rast pealekandmist.<\/p>\n<h3>Kus tellimused esitada?<\/h3>\n<p>See valutu kreem l\u00f5dvestab ja parandab tuju. Veebis ametlikul veebisaidil. P\u00e4rast allolevale pildile kl\u00f5psamist ilmub tervitusaken. J\u00e4tke andmed ja kinnitage l\u00f5petamiseks.<\/p>\n<h3>Kas tasub uskuda?<\/h3>\n<p>See v\u00f5imas kombinatsioon sisendab enesekindlust. T\u00e4iuslik teraapia ei vea kunagi alt. Haruldased \u00f5lid ja vanad botaanilised koostisosad tungivad s\u00fcgavale. Teie elu rikastuvad nende ainulaadsete antioks\u00fcdantide, p\u00f5letikuvastaste ja rahustavate asjade poolt. Murevaba elu nimel minge Trovazini peale \u00fcle enne, kui midagi valesti l\u00e4heb. Sellele jamale peab l\u00f5pp olema.<\/p>\n<p style=\"text-align: center;\"><span style=\"font-size: 20pt;\"><a href=\"https:\/\/todaykhoe.com\/osta-trovazin-ee\"><strong>K\u00d5IGE K\u00dcSIMUSTE JAOKS V\u00d5TA MEIEGA \u00dcHENDUST \u2013 HIND JA ROHKEM EELISI<\/strong><\/a><\/span><\/p>\n<p><a href=\"https:\/\/todaykhoe.com\/osta-trovazin-ee\"><img loading=\"lazy\" decoding=\"async\" class=\"aligncenter size-full wp-image-152516\" src=\"https:\/\/todaykhoe.com\/wp-content\/uploads\/2025\/08\/Trovazin-Kreem-Estonia.png\" alt=\"Trovazin Kreem Estonia\" width=\"908\" height=\"601\" srcset=\"https:\/\/www.todaykhoe.com\/wp-content\/uploads\/2025\/08\/Trovazin-Kreem-Estonia.png 908w, https:\/\/www.todaykhoe.com\/wp-content\/uploads\/2025\/08\/Trovazin-Kreem-Estonia-300x199.png 300w, https:\/\/www.todaykhoe.com\/wp-content\/uploads\/2025\/08\/Trovazin-Kreem-Estonia-768x508.png 768w, https:\/\/www.todaykhoe.com\/wp-content\/uploads\/2025\/08\/Trovazin-Kreem-Estonia-600x397.png 600w\" sizes=\"auto, (max-width: 908px) 100vw, 908px\" \/><\/a><\/p>\n","protected":false},"excerpt":{"rendered":"<p><span style=\"font-size: 24pt; color: #ff0000;\"><strong>Veenilaiendite s\u00fcmptomid, ravi ja ennetamine<\/strong><\/span><\/p>\n<ul>\n<li>Kauba k\u00e4ttesaamisel saate maksta sularahas v\u00f5i krediitkaardiga.<\/li>\n<li>Kohaletoimetamine 2-3 p\u00e4eva jooksul, s\u00e4ilivusaeg kuni 5 p\u00e4eva.<\/li>\n<li>Paki saate tellida koju v\u00f5i postkontorisse. Samuti saate selle operaatoriga telefoni teel tasuta kohale toimetada.<\/li>\n<\/ul>\n<p><a href=\"https:\/\/todaykhoe.com\/osta-trovazin-ee\"><strong>K\u00d5IGE K\u00dcSIMUSTE JAOKS V\u00d5TA MEIEGA \u00dcHENDUST \u2013 HIND JA ROHKEM EELISI<\/strong><\/a>Veenilaiendid<\/p>\n","protected":false},"featured_media":152476,"comment_status":"open","ping_status":"closed","template":"","meta":[],"product_brand":[],"product_cat":[435],"product_tag":[],"class_list":{"0":"post-152475","1":"product","2":"type-product","3":"status-publish","4":"has-post-thumbnail","6":"product_cat-health","8":"first","9":"instock","10":"shipping-taxable","11":"product-type-external"},"yoast_head":"<!-- This site is optimized with the Yoast SEO plugin v27.3 - https:\/\/yoast.com\/product\/yoast-seo-wordpress\/ -->\n<title>Trovazin Kreem Estonia: ravim veenilaiendite vastu! \u00dclevaade<\/title>\n<meta name=\"description\" content=\"Trovazin Kreem Estonia: ravim veenilaiendite vastu! \u00dclevaade, Veenilaiendite s\u00fcmptomid, ravi ja ennetamine, K\u00f5rvaltoimed, eelised ja hind Eestis\" \/>\n<meta name=\"robots\" content=\"index, follow, max-snippet:-1, max-image-preview:large, max-video-preview:-1\" \/>\n<link rel=\"canonical\" href=\"https:\/\/www.todaykhoe.com\/product\/trovazin-kreem-estonia\/\" \/>\n<meta property=\"og:locale\" content=\"en_US\" \/>\n<meta property=\"og:type\" content=\"article\" \/>\n<meta property=\"og:title\" content=\"Trovazin Kreem Estonia: ravim veenilaiendite vastu! \u00dclevaade\" \/>\n<meta property=\"og:description\" content=\"Trovazin Kreem Estonia: ravim veenilaiendite vastu! \u00dclevaade, Veenilaiendite s\u00fcmptomid, ravi ja ennetamine, K\u00f5rvaltoimed, eelised ja hind Eestis\" \/>\n<meta property=\"og:url\" content=\"https:\/\/www.todaykhoe.com\/product\/trovazin-kreem-estonia\/\" \/>\n<meta property=\"og:site_name\" content=\"TodayKh\u1ecfe.Com\" \/>\n<meta property=\"article:modified_time\" content=\"2025-08-14T19:17:55+00:00\" \/>\n<meta property=\"og:image\" content=\"https:\/\/www.todaykhoe.com\/wp-content\/uploads\/2025\/08\/Trovazin-Estonia.png\" \/>\n\t<meta property=\"og:image:width\" content=\"397\" \/>\n\t<meta property=\"og:image:height\" content=\"397\" \/>\n\t<meta property=\"og:image:type\" content=\"image\/png\" \/>\n<meta name=\"twitter:card\" content=\"summary_large_image\" \/>\n<meta name=\"twitter:label1\" content=\"Est. reading time\" \/>\n\t<meta name=\"twitter:data1\" content=\"6 \u09ae\u09bf\u09a8\u09bf\u099f\" \/>\n<script type=\"application\/ld+json\" class=\"yoast-schema-graph\">{\"@context\":\"https:\\\/\\\/schema.org\",\"@graph\":[{\"@type\":\"WebPage\",\"@id\":\"https:\\\/\\\/www.todaykhoe.com\\\/product\\\/trovazin-kreem-estonia\\\/\",\"url\":\"https:\\\/\\\/www.todaykhoe.com\\\/product\\\/trovazin-kreem-estonia\\\/\",\"name\":\"Trovazin Kreem Estonia: ravim veenilaiendite vastu! \u00dclevaade\",\"isPartOf\":{\"@id\":\"https:\\\/\\\/www.todaykhoe.com\\\/#website\"},\"primaryImageOfPage\":{\"@id\":\"https:\\\/\\\/www.todaykhoe.com\\\/product\\\/trovazin-kreem-estonia\\\/#primaryimage\"},\"image\":{\"@id\":\"https:\\\/\\\/www.todaykhoe.com\\\/product\\\/trovazin-kreem-estonia\\\/#primaryimage\"},\"thumbnailUrl\":\"https:\\\/\\\/www.todaykhoe.com\\\/wp-content\\\/uploads\\\/2025\\\/08\\\/Trovazin-Estonia.png\",\"datePublished\":\"2025-08-14T19:17:36+00:00\",\"dateModified\":\"2025-08-14T19:17:55+00:00\",\"description\":\"Trovazin Kreem Estonia: ravim veenilaiendite vastu! \u00dclevaade, Veenilaiendite s\u00fcmptomid, ravi ja ennetamine, K\u00f5rvaltoimed, eelised ja hind Eestis\",\"breadcrumb\":{\"@id\":\"https:\\\/\\\/www.todaykhoe.com\\\/product\\\/trovazin-kreem-estonia\\\/#breadcrumb\"},\"inLanguage\":\"bn-BD\",\"potentialAction\":[{\"@type\":\"ReadAction\",\"target\":[\"https:\\\/\\\/www.todaykhoe.com\\\/product\\\/trovazin-kreem-estonia\\\/\"]}]},{\"@type\":\"ImageObject\",\"inLanguage\":\"bn-BD\",\"@id\":\"https:\\\/\\\/www.todaykhoe.com\\\/product\\\/trovazin-kreem-estonia\\\/#primaryimage\",\"url\":\"https:\\\/\\\/www.todaykhoe.com\\\/wp-content\\\/uploads\\\/2025\\\/08\\\/Trovazin-Estonia.png\",\"contentUrl\":\"https:\\\/\\\/www.todaykhoe.com\\\/wp-content\\\/uploads\\\/2025\\\/08\\\/Trovazin-Estonia.png\",\"width\":397,\"height\":397,\"caption\":\"Trovazin Estonia\"},{\"@type\":\"BreadcrumbList\",\"@id\":\"https:\\\/\\\/www.todaykhoe.com\\\/product\\\/trovazin-kreem-estonia\\\/#breadcrumb\",\"itemListElement\":[{\"@type\":\"ListItem\",\"position\":1,\"name\":\"Home\",\"item\":\"https:\\\/\\\/www.todaykhoe.com\\\/\"},{\"@type\":\"ListItem\",\"position\":2,\"name\":\"Shop\",\"item\":\"https:\\\/\\\/www.todaykhoe.com\\\/shop\\\/\"},{\"@type\":\"ListItem\",\"position\":3,\"name\":\"Trovazin Kreem\"}]},{\"@type\":\"WebSite\",\"@id\":\"https:\\\/\\\/www.todaykhoe.com\\\/#website\",\"url\":\"https:\\\/\\\/www.todaykhoe.com\\\/\",\"name\":\"TodayKh\u1ecfe.Com\",\"description\":\"Healthy Today, Fitness, Nutrition, Beauty, News!\",\"publisher\":{\"@id\":\"https:\\\/\\\/www.todaykhoe.com\\\/#organization\"},\"potentialAction\":[{\"@type\":\"SearchAction\",\"target\":{\"@type\":\"EntryPoint\",\"urlTemplate\":\"https:\\\/\\\/www.todaykhoe.com\\\/?s={search_term_string}\"},\"query-input\":{\"@type\":\"PropertyValueSpecification\",\"valueRequired\":true,\"valueName\":\"search_term_string\"}}],\"inLanguage\":\"bn-BD\"},{\"@type\":\"Organization\",\"@id\":\"https:\\\/\\\/www.todaykhoe.com\\\/#organization\",\"name\":\"TodayKh\u1ecfe.Com\",\"url\":\"https:\\\/\\\/www.todaykhoe.com\\\/\",\"logo\":{\"@type\":\"ImageObject\",\"inLanguage\":\"bn-BD\",\"@id\":\"https:\\\/\\\/www.todaykhoe.com\\\/#\\\/schema\\\/logo\\\/image\\\/\",\"url\":\"https:\\\/\\\/www.todaykhoe.com\\\/wp-content\\\/uploads\\\/2025\\\/04\\\/Todaykhoe.png\",\"contentUrl\":\"https:\\\/\\\/www.todaykhoe.com\\\/wp-content\\\/uploads\\\/2025\\\/04\\\/Todaykhoe.png\",\"width\":706,\"height\":159,\"caption\":\"TodayKh\u1ecfe.Com\"},\"image\":{\"@id\":\"https:\\\/\\\/www.todaykhoe.com\\\/#\\\/schema\\\/logo\\\/image\\\/\"}}]}<\/script>\n<!-- \/ Yoast SEO plugin. -->","yoast_head_json":{"title":"Trovazin Kreem Estonia: ravim veenilaiendite vastu! \u00dclevaade","description":"Trovazin Kreem Estonia: ravim veenilaiendite vastu! \u00dclevaade, Veenilaiendite s\u00fcmptomid, ravi ja ennetamine, K\u00f5rvaltoimed, eelised ja hind Eestis","robots":{"index":"index","follow":"follow","max-snippet":"max-snippet:-1","max-image-preview":"max-image-preview:large","max-video-preview":"max-video-preview:-1"},"canonical":"https:\/\/www.todaykhoe.com\/product\/trovazin-kreem-estonia\/","og_locale":"en_US","og_type":"article","og_title":"Trovazin Kreem Estonia: ravim veenilaiendite vastu! \u00dclevaade","og_description":"Trovazin Kreem Estonia: ravim veenilaiendite vastu! \u00dclevaade, Veenilaiendite s\u00fcmptomid, ravi ja ennetamine, K\u00f5rvaltoimed, eelised ja hind Eestis","og_url":"https:\/\/www.todaykhoe.com\/product\/trovazin-kreem-estonia\/","og_site_name":"TodayKh\u1ecfe.Com","article_modified_time":"2025-08-14T19:17:55+00:00","og_image":[{"width":397,"height":397,"url":"https:\/\/www.todaykhoe.com\/wp-content\/uploads\/2025\/08\/Trovazin-Estonia.png","type":"image\/png"}],"twitter_card":"summary_large_image","twitter_misc":{"Est. reading time":"6 \u09ae\u09bf\u09a8\u09bf\u099f"},"schema":{"@context":"https:\/\/schema.org","@graph":[{"@type":"WebPage","@id":"https:\/\/www.todaykhoe.com\/product\/trovazin-kreem-estonia\/","url":"https:\/\/www.todaykhoe.com\/product\/trovazin-kreem-estonia\/","name":"Trovazin Kreem Estonia: ravim veenilaiendite vastu! \u00dclevaade","isPartOf":{"@id":"https:\/\/www.todaykhoe.com\/#website"},"primaryImageOfPage":{"@id":"https:\/\/www.todaykhoe.com\/product\/trovazin-kreem-estonia\/#primaryimage"},"image":{"@id":"https:\/\/www.todaykhoe.com\/product\/trovazin-kreem-estonia\/#primaryimage"},"thumbnailUrl":"https:\/\/www.todaykhoe.com\/wp-content\/uploads\/2025\/08\/Trovazin-Estonia.png","datePublished":"2025-08-14T19:17:36+00:00","dateModified":"2025-08-14T19:17:55+00:00","description":"Trovazin Kreem Estonia: ravim veenilaiendite vastu! \u00dclevaade, Veenilaiendite s\u00fcmptomid, ravi ja ennetamine, K\u00f5rvaltoimed, eelised ja hind Eestis","breadcrumb":{"@id":"https:\/\/www.todaykhoe.com\/product\/trovazin-kreem-estonia\/#breadcrumb"},"inLanguage":"bn-BD","potentialAction":[{"@type":"ReadAction","target":["https:\/\/www.todaykhoe.com\/product\/trovazin-kreem-estonia\/"]}]},{"@type":"ImageObject","inLanguage":"bn-BD","@id":"https:\/\/www.todaykhoe.com\/product\/trovazin-kreem-estonia\/#primaryimage","url":"https:\/\/www.todaykhoe.com\/wp-content\/uploads\/2025\/08\/Trovazin-Estonia.png","contentUrl":"https:\/\/www.todaykhoe.com\/wp-content\/uploads\/2025\/08\/Trovazin-Estonia.png","width":397,"height":397,"caption":"Trovazin Estonia"},{"@type":"BreadcrumbList","@id":"https:\/\/www.todaykhoe.com\/product\/trovazin-kreem-estonia\/#breadcrumb","itemListElement":[{"@type":"ListItem","position":1,"name":"Home","item":"https:\/\/www.todaykhoe.com\/"},{"@type":"ListItem","position":2,"name":"Shop","item":"https:\/\/www.todaykhoe.com\/shop\/"},{"@type":"ListItem","position":3,"name":"Trovazin Kreem"}]},{"@type":"WebSite","@id":"https:\/\/www.todaykhoe.com\/#website","url":"https:\/\/www.todaykhoe.com\/","name":"TodayKh\u1ecfe.Com","description":"Healthy Today, Fitness, Nutrition, Beauty, News!","publisher":{"@id":"https:\/\/www.todaykhoe.com\/#organization"},"potentialAction":[{"@type":"SearchAction","target":{"@type":"EntryPoint","urlTemplate":"https:\/\/www.todaykhoe.com\/?s={search_term_string}"},"query-input":{"@type":"PropertyValueSpecification","valueRequired":true,"valueName":"search_term_string"}}],"inLanguage":"bn-BD"},{"@type":"Organization","@id":"https:\/\/www.todaykhoe.com\/#organization","name":"TodayKh\u1ecfe.Com","url":"https:\/\/www.todaykhoe.com\/","logo":{"@type":"ImageObject","inLanguage":"bn-BD","@id":"https:\/\/www.todaykhoe.com\/#\/schema\/logo\/image\/","url":"https:\/\/www.todaykhoe.com\/wp-content\/uploads\/2025\/04\/Todaykhoe.png","contentUrl":"https:\/\/www.todaykhoe.com\/wp-content\/uploads\/2025\/04\/Todaykhoe.png","width":706,"height":159,"caption":"TodayKh\u1ecfe.Com"},"image":{"@id":"https:\/\/www.todaykhoe.com\/#\/schema\/logo\/image\/"}}]}},"_links":{"self":[{"href":"https:\/\/www.todaykhoe.com\/bn\/wp-json\/wp\/v2\/product\/152475","targetHints":{"allow":["GET"]}}],"collection":[{"href":"https:\/\/www.todaykhoe.com\/bn\/wp-json\/wp\/v2\/product"}],"about":[{"href":"https:\/\/www.todaykhoe.com\/bn\/wp-json\/wp\/v2\/types\/product"}],"replies":[{"embeddable":true,"href":"https:\/\/www.todaykhoe.com\/bn\/wp-json\/wp\/v2\/comments?post=152475"}],"wp:featuredmedia":[{"embeddable":true,"href":"https:\/\/www.todaykhoe.com\/bn\/wp-json\/wp\/v2\/media\/152476"}],"wp:attachment":[{"href":"https:\/\/www.todaykhoe.com\/bn\/wp-json\/wp\/v2\/media?parent=152475"}],"wp:term":[{"taxonomy":"product_brand","embeddable":true,"href":"https:\/\/www.todaykhoe.com\/bn\/wp-json\/wp\/v2\/product_brand?post=152475"},{"taxonomy":"product_cat","embeddable":true,"href":"https:\/\/www.todaykhoe.com\/bn\/wp-json\/wp\/v2\/product_cat?post=152475"},{"taxonomy":"product_tag","embeddable":true,"href":"https:\/\/www.todaykhoe.com\/bn\/wp-json\/wp\/v2\/product_tag?post=152475"}],"curies":[{"name":"wp","href":"https:\/\/api.w.org\/{rel}","templated":true}]}}