{"id":119407,"date":"2025-07-17T07:36:22","date_gmt":"2025-07-17T07:36:22","guid":{"rendered":"https:\/\/todaykhoe.com\/?post_type=product&#038;p=119407"},"modified":"2025-07-17T07:36:47","modified_gmt":"2025-07-17T07:36:47","slug":"redustar-kapsuller-turkiye","status":"publish","type":"product","link":"https:\/\/www.todaykhoe.com\/bn\/product\/redustar-kapsuller-turkiye\/","title":{"rendered":"Redustar Kaps\u00fcller"},"content":{"rendered":"<p>Kilo vermek zordur. Tembel oldu\u011fumuzdan veya kilo vermek i\u00e7in \u00e7abalamad\u0131\u011f\u0131m\u0131zdan de\u011fil. Bu yolculu\u011fun karma\u015f\u0131kl\u0131\u011f\u0131n\u0131 ortaya koyan bir \u015fey daha var. Kilo verme endi\u015feleri biyoloji ve \u00e7evreden kaynaklan\u0131r. Daha h\u0131zl\u0131 kilo alman\u0131n bir kestirme yolu bulunamad\u0131. H\u00e2l\u00e2 b\u00f6yle mi d\u00fc\u015f\u00fcn\u00fcyorsunuz? Kilo vermeye neyin yard\u0131mc\u0131 oldu\u011funu biliyor musunuz?<\/p>\n<p>Kilo vermenin anahtar\u0131, yedi\u011finizden daha fazla kalori yakmakt\u0131r. <a href=\"https:\/\/todaykhoe.com\/product\/redustar-kapsuller-turkiye\/\">Redustar<\/a> bunu hedefler. Yedi\u011finizden daha fazla kalori yakarken metabolizmay\u0131, ba\u011f\u0131\u015f\u0131kl\u0131\u011f\u0131 ve at\u0131k bertaraf\u0131n\u0131 art\u0131r\u0131r. Bu 3 veya 4 eylemle kilo verebilirsiniz. Kilo vermenizi herhangi bir \u015feyin engelleyebilece\u011fine mi inan\u0131yorsunuz?<\/p>\n<p>At\u0131klar\u0131 att\u0131\u011f\u0131n\u0131zda, v\u00fccudunuz potansiyel a\u00e7\u0131\u011fa \u00e7\u0131kar\u0131r, \u00e7\u00f6p veya toksinler de\u011fil. Bu kirleticiler kilo vermeyi ve v\u00fccut deste\u011fini engeller. At\u0131klar\u0131n at\u0131lmas\u0131 kilo vermeyi kolayla\u015ft\u0131rd\u0131\u011f\u0131 i\u00e7in \u00f6nemsiyorsunuz.<\/p>\n<p>Bu j\u00f6leler sindirime ve besin emilimine yard\u0131mc\u0131 olur. Ba\u011f\u0131rsak sa\u011fl\u0131\u011f\u0131 neden \u00f6nemlidir? Yiyeceklerin sindirilmesi, besinleri emmek ve enerji \u00fcretmek i\u00e7in kalori gerektirir. Redustar ile metabolizmay\u0131 h\u0131zland\u0131rmak, en iyi uygulamalar ve sistem de\u011fi\u015fiklikleriyle birlikte \u015fa\u015f\u0131rt\u0131c\u0131 ve inan\u0131lmaz sonu\u00e7lar verecektir.<\/p>\n<h2>Toksinler kilo vermeyi engelliyor mu?<\/h2>\n<p>Kilo vermek, bir g\u00fcvercin veya \u00e7i\u00e7ek aranjman\u0131n\u0131 ortaya \u00e7\u0131karmak i\u00e7in yap\u0131lan bir b\u00fcy\u00fcye benzemez. Zaman, \u00e7aba, sakinlik ve irade gerektirir. V\u00fccudumuz a\u00e7 kalmam\u0131z\u0131 istemez, bu y\u00fczden her zaman toksinler su\u00e7lu de\u011fildir. Fazla kilolu v\u00fccudunuzdaki mekanizma kilo vermenize yard\u0131mc\u0131 olmaz. Bazen bunlar en k\u00f6t\u00fc sa\u011fl\u0131k sorunlar\u0131na yol a\u00e7ar.<\/p>\n<p>Kim farkl\u0131 diyetler denemez ve ak\u0131ll\u0131 kilo verme y\u00f6ntemleri aramaz ki? Endi\u015fe verici bir v\u00fccut at\u0131\u011f\u0131 veya zehir raporu. Bu, metabolizman\u0131z\u0131 yava\u015flat\u0131r, kilo almay\u0131 kolayla\u015ft\u0131r\u0131rken ya\u011f yak\u0131m\u0131n\u0131 zorla\u015ft\u0131r\u0131r. Metabolizma yiyecekleri enerjiye d\u00f6n\u00fc\u015ft\u00fcr\u00fcr. Kilo verme rejenerasyonu olmadan kilo vermek ba\u015far\u0131s\u0131z olur.<\/p>\n<p>Toksinlerin at\u0131lmas\u0131 metabolizmay\u0131 h\u0131zland\u0131r\u0131r, ba\u011f\u0131rsak mikroplar\u0131n\u0131 besler ve mitokondriyal fonksiyonu iyile\u015ftirir. Kilo vermenin zor oldu\u011funu mu d\u00fc\u015f\u00fcn\u00fcyorsunuz? Az \u00e7abayla g\u00fczel bir v\u00fccut \u015fekline kavu\u015fmak i\u00e7in birka\u00e7 de\u011fi\u015fiklik yeterlidir. Bu iyile\u015ftirmeler i\u015fe yarar ve bunlar\u0131 destekleyen \u00e7abalar\u0131 ve \u00fcr\u00fcnleri takdir edeceksiniz.<\/p>\n<p>Redustar, sa\u011fl\u0131\u011f\u0131n\u0131z\u0131 ve performans\u0131n\u0131z\u0131 d\u00f6n\u00fc\u015ft\u00fcrmek i\u00e7in sa\u011fl\u0131kl\u0131 ve bak\u0131ml\u0131 bir v\u00fccut \u015fekli ortaya \u00e7\u0131karabilir. G\u00fc\u00e7 ve zindelik olu\u015fturmak i\u00e7in toksinlerden kurtulun. Bu y\u00fczden \u00e7e\u015fitli sonu\u00e7lar bekleyin. Heyecan verici bir yolculu\u011fun ba\u015flang\u0131c\u0131.<\/p>\n<h3>Neden Redustar?<\/h3>\n<p><strong>Yenilik\u00e7i kilo verme takviyesi.<\/strong><\/p>\n<p>Kilo vermenin zor oldu\u011funu biliyor musunuz? \u015eimdiye kadar denedi\u011fimiz en zorlu yolculuk. G\u00fc\u00e7 g\u00f6sterdi\u011finizde, zorluklar sizi yener. En iyi sonu\u00e7lar\u0131 elde etmek emek ister, bu y\u00fczden kolay olmas\u0131n\u0131 beklemeyin. Bu yolculuk y\u00fcksek kaliteli bir mekanizma gerektirir.<\/p>\n<p>Redustar ile geli\u015fmi\u015f etkiler m\u00fcmk\u00fcnd\u00fcr. V\u00fccudunuzun mekanizmalar\u0131 de\u011fi\u015fir ve bu fazla kilolara direnmeniz i\u00e7in size g\u00fc\u00e7 ve zindelik kazand\u0131r\u0131r.<\/p>\n<p><strong>Ba\u011f\u0131rsak sa\u011fl\u0131\u011f\u0131n\u0131 destekler.<\/strong><\/p>\n<p>Ba\u011f\u0131rsak mikroplar\u0131 bir\u00e7ok y\u00f6nden sa\u011fl\u0131kl\u0131 kalman\u0131za yard\u0131mc\u0131 olur. Zay\u0131f sindirim veya ba\u011f\u0131rsak mikroplar\u0131 bunlar\u0131n yard\u0131mc\u0131 olmas\u0131n\u0131 engeller. Bu da zararl\u0131 kilo al\u0131m\u0131na neden olur. Bu sefer Redustar, besinleri emmek ve yiyecekleri sindirmek i\u00e7in ba\u011f\u0131rsak bakterileri sa\u011flar. B\u00f6ylece v\u00fccut at\u0131k depolayamaz. Formda ve sa\u011fl\u0131kl\u0131 olmak i\u00e7in bunu deneyin.<\/p>\n<p><strong>V\u00fccudunuz s\u0131n\u0131rs\u0131z enerji \u00fcretecek.<\/strong><\/p>\n<p>Belirtildi\u011fi gibi, sindirimi ve di\u011fer aktiviteleri iyile\u015ftirir. Enerji i\u00e7in daha fazla ya\u011f yakmak \u00fczere mitokondriyal aktiviteyi uyar\u0131r. Sa\u011fl\u0131ks\u0131z ya\u011f\u0131n\u0131z size s\u0131n\u0131rs\u0131z enerji sa\u011flayacakt\u0131r. Enerji depolar\u0131 artar. Nefes nefese kalma, nefes darl\u0131\u011f\u0131 vb. sorunlar sona erer. Normal kilolu bir ki\u015fiden daha fazla \u00e7al\u0131\u015facaks\u0131n\u0131z.<\/p>\n<p><strong>Ya\u011f ve toksinleri atar.<\/strong><\/p>\n<p>En iyi diyetinize ve egzersizinize ra\u011fmen, kirleticiler de\u011fi\u015fimi engeller. Toksinlerin at\u0131lmas\u0131 direnci zay\u0131flat\u0131r, kilo vermeyi kolayla\u015ft\u0131r\u0131r, peki ya ba\u015fka? Bu form\u00fcl v\u00fccut yap\u0131s\u0131n\u0131 ve ikna mekanizmas\u0131n\u0131 de\u011fi\u015ftirir.<\/p>\n<h3>%100 do\u011fal, etkili.<\/h3>\n<p>Ger\u00e7ek bitkisel kar\u0131\u015f\u0131m\u0131, derinlemesine beslenme ve faydalar sa\u011flayarak Redustar'\u0131 ola\u011fan\u00fcst\u00fc k\u0131lar. Beslenme, yolculu\u011funuzda organlar\u0131n\u0131z i\u00e7in en \u00f6nemli \u015feydir. O zamana kadar, yan etkiler olmadan harika sonu\u00e7lar i\u00e7in kendi kurallar\u0131n\u0131z\u0131 eklemeden talimatlar\u0131 takip edeceksiniz. D\u00fcr\u00fcst bir insan bunu yapard\u0131.<\/p>\n<h3>Nas\u0131l kullan\u0131l\u0131r?<\/h3>\n<p>Talimatlar\u0131 basittir, ancak bir\u00e7ok noktay\u0131 unutmay\u0131n. Ayr\u0131nt\u0131l\u0131 talimatlar bir bro\u015f\u00fcrde yer alacakt\u0131r. G\u00fcnde 2 kaps\u00fcl su ile al\u0131nmas\u0131 gerekti\u011fini d\u00fc\u015f\u00fcn\u00fcyorum. Yemeklerden 30 dakika \u00f6nce d\u00fczenli olarak al\u0131n. Kahvalt\u0131 ve ak\u015fam yeme\u011fi dozlar\u0131 art\u0131r\u0131r.<\/p>\n<p>T\u00fcm dozlar\u0131 ayn\u0131 anda ve de\u011fi\u015fiklik yapmadan sa\u011flamak i\u00e7in bir zaman \u00e7izelgesi ayarlaman\u0131z\u0131 tavsiye ederim. Her zamanki gibi su i\u00e7meye devam edin. \u0130yi uyku ve egzersiz \u015fartt\u0131r.<\/p>\n<h3>\u00d6nlemler.<\/h3>\n<ul>\n<li>Re\u015fit olmayan ki\u015filer taraf\u0131ndan kullan\u0131lmamal\u0131d\u0131r.<\/li>\n<li>Hamile ve emziren kad\u0131nlar bu \u00fcr\u00fcn\u00fc kullanmal\u0131d\u0131r.<\/li>\n<li>Di\u011fer terapilerde kullan\u0131lmamal\u0131d\u0131r.<\/li>\n<li>Doz a\u015f\u0131m\u0131ndan ka\u00e7\u0131n\u0131n.<\/li>\n<li>Bu \u00fcr\u00fcn\u00fc \u00e7ocuklardan uzak tutun.<\/li>\n<\/ul>\n<h3>Sipari\u015fimi nereden verebilirim?<\/h3>\n<p>Redustar'\u0131n kilo verme \u00e7\u00f6z\u00fcmleri enerjiyi, sindirimi, kortizol\u00fc, stresi ve uykuyu iyile\u015ftirir.<\/p>\n<p>Resmi web sitesini g\u00f6rmek i\u00e7in a\u015fa\u011f\u0131ya t\u0131klay\u0131n. Sipari\u015f formunu g\u00f6ndermeniz gerekmektedir. Ekibimiz sipari\u015finizle ilgili olarak en k\u0131sa s\u00fcrede sizinle ileti\u015fime ge\u00e7ecektir.<\/p>\n<p><a href=\"https:\/\/todaykhoe.com\/buy-redustar-tr\"><img loading=\"lazy\" decoding=\"async\" class=\"aligncenter size-full wp-image-119408\" src=\"https:\/\/todaykhoe.com\/wp-content\/uploads\/2025\/07\/Redustar-Kapsuller-Turkiye.png\" alt=\"Redustar Kaps\u00fcller T\u00fcrkiye\" width=\"772\" height=\"486\" srcset=\"https:\/\/www.todaykhoe.com\/wp-content\/uploads\/2025\/07\/Redustar-Kapsuller-Turkiye.png 772w, https:\/\/www.todaykhoe.com\/wp-content\/uploads\/2025\/07\/Redustar-Kapsuller-Turkiye-300x189.png 300w, https:\/\/www.todaykhoe.com\/wp-content\/uploads\/2025\/07\/Redustar-Kapsuller-Turkiye-768x483.png 768w, https:\/\/www.todaykhoe.com\/wp-content\/uploads\/2025\/07\/Redustar-Kapsuller-Turkiye-600x378.png 600w\" sizes=\"auto, (max-width: 772px) 100vw, 772px\" \/><\/a><\/p>\n","protected":false},"excerpt":{"rendered":"<p><span style=\"font-size: 18pt;\"><strong>Redustar form\u00fcl\u00fc metabolizmay\u0131 uyar\u0131r ve fazla kilolardan kurtulman\u0131za yard\u0131mc\u0131 olur!<\/strong><\/span><\/p>\n<ul>\n<li>Ya\u011f yakarak enerji elde edin.<\/li>\n<li>Ya\u011f birikimlerini serbest b\u0131rakmak<\/li>\n<li>Enerjiyi do\u011fal yoldan art\u0131r\u0131n!<\/li>\n<li>H\u0131zl\u0131 kilo kayb\u0131n\u0131n tad\u0131n\u0131 \u00e7\u0131kar\u0131n<\/li>\n<li>Ne hissedeceksen ona bay\u0131lacaks\u0131n!<\/li>\n<\/ul>\n<p><a href=\"https:\/\/todaykhoe.com\/buy-redustar-tr\"><span style=\"font-size: 20pt;\"><strong>F\u0130YAT \u0130\u00c7\u0130N \u0130LET\u0130\u015e\u0130ME GE\u00c7\u0130N<\/strong><\/span><\/a><\/p>\n","protected":false},"featured_media":119446,"comment_status":"open","ping_status":"closed","template":"","meta":[],"product_brand":[],"product_cat":[436],"product_tag":[],"class_list":{"0":"post-119407","1":"product","2":"type-product","3":"status-publish","4":"has-post-thumbnail","6":"product_cat-weight-loss","8":"first","9":"instock","10":"shipping-taxable","11":"product-type-external"},"yoast_head":"<!-- This site is optimized with the Yoast SEO plugin v27.3 - https:\/\/yoast.com\/product\/yoast-seo-wordpress\/ -->\n<title>Redustar Kaps\u00fcller T\u00fcrkiye: Ya\u011f yakarak enerji elde edin! Fiyat<\/title>\n<meta name=\"description\" content=\"Redustar Kaps\u00fcller T\u00fcrkiye: Ya\u011f yakarak enerji elde edin! Fiyat, Redustar form\u00fcl\u00fc metabolizmay\u0131 uyar\u0131r ve fazla kilolardan kurtulman\u0131za yard\u0131mc\u0131 olur!\" \/>\n<meta name=\"robots\" content=\"index, follow, max-snippet:-1, max-image-preview:large, max-video-preview:-1\" \/>\n<link rel=\"canonical\" href=\"https:\/\/www.todaykhoe.com\/product\/redustar-kapsuller-turkiye\/\" \/>\n<meta property=\"og:locale\" content=\"en_US\" \/>\n<meta property=\"og:type\" content=\"article\" \/>\n<meta property=\"og:title\" content=\"Redustar Kaps\u00fcller T\u00fcrkiye: Ya\u011f yakarak enerji elde edin! Fiyat\" \/>\n<meta property=\"og:description\" content=\"Redustar Kaps\u00fcller T\u00fcrkiye: Ya\u011f yakarak enerji elde edin! Fiyat, Redustar form\u00fcl\u00fc metabolizmay\u0131 uyar\u0131r ve fazla kilolardan kurtulman\u0131za yard\u0131mc\u0131 olur!\" \/>\n<meta property=\"og:url\" content=\"https:\/\/www.todaykhoe.com\/product\/redustar-kapsuller-turkiye\/\" \/>\n<meta property=\"og:site_name\" content=\"TodayKh\u1ecfe.Com\" \/>\n<meta property=\"article:modified_time\" content=\"2025-07-17T07:36:47+00:00\" \/>\n<meta property=\"og:image\" content=\"https:\/\/www.todaykhoe.com\/wp-content\/uploads\/2025\/07\/Redustar-Turkiye-Kapsuller.png\" \/>\n\t<meta property=\"og:image:width\" content=\"296\" \/>\n\t<meta property=\"og:image:height\" content=\"325\" \/>\n\t<meta property=\"og:image:type\" content=\"image\/png\" \/>\n<meta name=\"twitter:card\" content=\"summary_large_image\" \/>\n<meta name=\"twitter:label1\" content=\"Est. reading time\" \/>\n\t<meta name=\"twitter:data1\" content=\"5 \u09ae\u09bf\u09a8\u09bf\u099f\" \/>\n<script type=\"application\/ld+json\" class=\"yoast-schema-graph\">{\"@context\":\"https:\\\/\\\/schema.org\",\"@graph\":[{\"@type\":\"WebPage\",\"@id\":\"https:\\\/\\\/www.todaykhoe.com\\\/product\\\/redustar-kapsuller-turkiye\\\/\",\"url\":\"https:\\\/\\\/www.todaykhoe.com\\\/product\\\/redustar-kapsuller-turkiye\\\/\",\"name\":\"Redustar Kaps\u00fcller T\u00fcrkiye: Ya\u011f yakarak enerji elde edin! Fiyat\",\"isPartOf\":{\"@id\":\"https:\\\/\\\/www.todaykhoe.com\\\/#website\"},\"primaryImageOfPage\":{\"@id\":\"https:\\\/\\\/www.todaykhoe.com\\\/product\\\/redustar-kapsuller-turkiye\\\/#primaryimage\"},\"image\":{\"@id\":\"https:\\\/\\\/www.todaykhoe.com\\\/product\\\/redustar-kapsuller-turkiye\\\/#primaryimage\"},\"thumbnailUrl\":\"https:\\\/\\\/www.todaykhoe.com\\\/wp-content\\\/uploads\\\/2025\\\/07\\\/Redustar-Turkiye-Kapsuller.png\",\"datePublished\":\"2025-07-17T07:36:22+00:00\",\"dateModified\":\"2025-07-17T07:36:47+00:00\",\"description\":\"Redustar Kaps\u00fcller T\u00fcrkiye: Ya\u011f yakarak enerji elde edin! Fiyat, Redustar form\u00fcl\u00fc metabolizmay\u0131 uyar\u0131r ve fazla kilolardan kurtulman\u0131za yard\u0131mc\u0131 olur!\",\"breadcrumb\":{\"@id\":\"https:\\\/\\\/www.todaykhoe.com\\\/product\\\/redustar-kapsuller-turkiye\\\/#breadcrumb\"},\"inLanguage\":\"bn-BD\",\"potentialAction\":[{\"@type\":\"ReadAction\",\"target\":[\"https:\\\/\\\/www.todaykhoe.com\\\/product\\\/redustar-kapsuller-turkiye\\\/\"]}]},{\"@type\":\"ImageObject\",\"inLanguage\":\"bn-BD\",\"@id\":\"https:\\\/\\\/www.todaykhoe.com\\\/product\\\/redustar-kapsuller-turkiye\\\/#primaryimage\",\"url\":\"https:\\\/\\\/www.todaykhoe.com\\\/wp-content\\\/uploads\\\/2025\\\/07\\\/Redustar-Turkiye-Kapsuller.png\",\"contentUrl\":\"https:\\\/\\\/www.todaykhoe.com\\\/wp-content\\\/uploads\\\/2025\\\/07\\\/Redustar-Turkiye-Kapsuller.png\",\"width\":296,\"height\":325,\"caption\":\"Redustar T\u00fcrkiye Kaps\u00fcller\"},{\"@type\":\"BreadcrumbList\",\"@id\":\"https:\\\/\\\/www.todaykhoe.com\\\/product\\\/redustar-kapsuller-turkiye\\\/#breadcrumb\",\"itemListElement\":[{\"@type\":\"ListItem\",\"position\":1,\"name\":\"Home\",\"item\":\"https:\\\/\\\/www.todaykhoe.com\\\/\"},{\"@type\":\"ListItem\",\"position\":2,\"name\":\"Shop\",\"item\":\"https:\\\/\\\/www.todaykhoe.com\\\/shop\\\/\"},{\"@type\":\"ListItem\",\"position\":3,\"name\":\"Redustar Kaps\u00fcller\"}]},{\"@type\":\"WebSite\",\"@id\":\"https:\\\/\\\/www.todaykhoe.com\\\/#website\",\"url\":\"https:\\\/\\\/www.todaykhoe.com\\\/\",\"name\":\"TodayKh\u1ecfe.Com\",\"description\":\"Healthy Today, Fitness, Nutrition, Beauty, News!\",\"publisher\":{\"@id\":\"https:\\\/\\\/www.todaykhoe.com\\\/#organization\"},\"potentialAction\":[{\"@type\":\"SearchAction\",\"target\":{\"@type\":\"EntryPoint\",\"urlTemplate\":\"https:\\\/\\\/www.todaykhoe.com\\\/?s={search_term_string}\"},\"query-input\":{\"@type\":\"PropertyValueSpecification\",\"valueRequired\":true,\"valueName\":\"search_term_string\"}}],\"inLanguage\":\"bn-BD\"},{\"@type\":\"Organization\",\"@id\":\"https:\\\/\\\/www.todaykhoe.com\\\/#organization\",\"name\":\"TodayKh\u1ecfe.Com\",\"url\":\"https:\\\/\\\/www.todaykhoe.com\\\/\",\"logo\":{\"@type\":\"ImageObject\",\"inLanguage\":\"bn-BD\",\"@id\":\"https:\\\/\\\/www.todaykhoe.com\\\/#\\\/schema\\\/logo\\\/image\\\/\",\"url\":\"https:\\\/\\\/www.todaykhoe.com\\\/wp-content\\\/uploads\\\/2025\\\/04\\\/Todaykhoe.png\",\"contentUrl\":\"https:\\\/\\\/www.todaykhoe.com\\\/wp-content\\\/uploads\\\/2025\\\/04\\\/Todaykhoe.png\",\"width\":706,\"height\":159,\"caption\":\"TodayKh\u1ecfe.Com\"},\"image\":{\"@id\":\"https:\\\/\\\/www.todaykhoe.com\\\/#\\\/schema\\\/logo\\\/image\\\/\"}}]}<\/script>\n<!-- \/ Yoast SEO plugin. -->","yoast_head_json":{"title":"Redustar Kaps\u00fcller T\u00fcrkiye: Ya\u011f yakarak enerji elde edin! Fiyat","description":"Redustar Kaps\u00fcller T\u00fcrkiye: Ya\u011f yakarak enerji elde edin! Fiyat, Redustar form\u00fcl\u00fc metabolizmay\u0131 uyar\u0131r ve fazla kilolardan kurtulman\u0131za yard\u0131mc\u0131 olur!","robots":{"index":"index","follow":"follow","max-snippet":"max-snippet:-1","max-image-preview":"max-image-preview:large","max-video-preview":"max-video-preview:-1"},"canonical":"https:\/\/www.todaykhoe.com\/product\/redustar-kapsuller-turkiye\/","og_locale":"en_US","og_type":"article","og_title":"Redustar Kaps\u00fcller T\u00fcrkiye: Ya\u011f yakarak enerji elde edin! Fiyat","og_description":"Redustar Kaps\u00fcller T\u00fcrkiye: Ya\u011f yakarak enerji elde edin! Fiyat, Redustar form\u00fcl\u00fc metabolizmay\u0131 uyar\u0131r ve fazla kilolardan kurtulman\u0131za yard\u0131mc\u0131 olur!","og_url":"https:\/\/www.todaykhoe.com\/product\/redustar-kapsuller-turkiye\/","og_site_name":"TodayKh\u1ecfe.Com","article_modified_time":"2025-07-17T07:36:47+00:00","og_image":[{"width":296,"height":325,"url":"https:\/\/www.todaykhoe.com\/wp-content\/uploads\/2025\/07\/Redustar-Turkiye-Kapsuller.png","type":"image\/png"}],"twitter_card":"summary_large_image","twitter_misc":{"Est. reading time":"5 \u09ae\u09bf\u09a8\u09bf\u099f"},"schema":{"@context":"https:\/\/schema.org","@graph":[{"@type":"WebPage","@id":"https:\/\/www.todaykhoe.com\/product\/redustar-kapsuller-turkiye\/","url":"https:\/\/www.todaykhoe.com\/product\/redustar-kapsuller-turkiye\/","name":"Redustar Kaps\u00fcller T\u00fcrkiye: Ya\u011f yakarak enerji elde edin! Fiyat","isPartOf":{"@id":"https:\/\/www.todaykhoe.com\/#website"},"primaryImageOfPage":{"@id":"https:\/\/www.todaykhoe.com\/product\/redustar-kapsuller-turkiye\/#primaryimage"},"image":{"@id":"https:\/\/www.todaykhoe.com\/product\/redustar-kapsuller-turkiye\/#primaryimage"},"thumbnailUrl":"https:\/\/www.todaykhoe.com\/wp-content\/uploads\/2025\/07\/Redustar-Turkiye-Kapsuller.png","datePublished":"2025-07-17T07:36:22+00:00","dateModified":"2025-07-17T07:36:47+00:00","description":"Redustar Kaps\u00fcller T\u00fcrkiye: Ya\u011f yakarak enerji elde edin! Fiyat, Redustar form\u00fcl\u00fc metabolizmay\u0131 uyar\u0131r ve fazla kilolardan kurtulman\u0131za yard\u0131mc\u0131 olur!","breadcrumb":{"@id":"https:\/\/www.todaykhoe.com\/product\/redustar-kapsuller-turkiye\/#breadcrumb"},"inLanguage":"bn-BD","potentialAction":[{"@type":"ReadAction","target":["https:\/\/www.todaykhoe.com\/product\/redustar-kapsuller-turkiye\/"]}]},{"@type":"ImageObject","inLanguage":"bn-BD","@id":"https:\/\/www.todaykhoe.com\/product\/redustar-kapsuller-turkiye\/#primaryimage","url":"https:\/\/www.todaykhoe.com\/wp-content\/uploads\/2025\/07\/Redustar-Turkiye-Kapsuller.png","contentUrl":"https:\/\/www.todaykhoe.com\/wp-content\/uploads\/2025\/07\/Redustar-Turkiye-Kapsuller.png","width":296,"height":325,"caption":"Redustar T\u00fcrkiye Kaps\u00fcller"},{"@type":"BreadcrumbList","@id":"https:\/\/www.todaykhoe.com\/product\/redustar-kapsuller-turkiye\/#breadcrumb","itemListElement":[{"@type":"ListItem","position":1,"name":"Home","item":"https:\/\/www.todaykhoe.com\/"},{"@type":"ListItem","position":2,"name":"Shop","item":"https:\/\/www.todaykhoe.com\/shop\/"},{"@type":"ListItem","position":3,"name":"Redustar Kaps\u00fcller"}]},{"@type":"WebSite","@id":"https:\/\/www.todaykhoe.com\/#website","url":"https:\/\/www.todaykhoe.com\/","name":"TodayKh\u1ecfe.Com","description":"Healthy Today, Fitness, Nutrition, Beauty, News!","publisher":{"@id":"https:\/\/www.todaykhoe.com\/#organization"},"potentialAction":[{"@type":"SearchAction","target":{"@type":"EntryPoint","urlTemplate":"https:\/\/www.todaykhoe.com\/?s={search_term_string}"},"query-input":{"@type":"PropertyValueSpecification","valueRequired":true,"valueName":"search_term_string"}}],"inLanguage":"bn-BD"},{"@type":"Organization","@id":"https:\/\/www.todaykhoe.com\/#organization","name":"TodayKh\u1ecfe.Com","url":"https:\/\/www.todaykhoe.com\/","logo":{"@type":"ImageObject","inLanguage":"bn-BD","@id":"https:\/\/www.todaykhoe.com\/#\/schema\/logo\/image\/","url":"https:\/\/www.todaykhoe.com\/wp-content\/uploads\/2025\/04\/Todaykhoe.png","contentUrl":"https:\/\/www.todaykhoe.com\/wp-content\/uploads\/2025\/04\/Todaykhoe.png","width":706,"height":159,"caption":"TodayKh\u1ecfe.Com"},"image":{"@id":"https:\/\/www.todaykhoe.com\/#\/schema\/logo\/image\/"}}]}},"_links":{"self":[{"href":"https:\/\/www.todaykhoe.com\/bn\/wp-json\/wp\/v2\/product\/119407","targetHints":{"allow":["GET"]}}],"collection":[{"href":"https:\/\/www.todaykhoe.com\/bn\/wp-json\/wp\/v2\/product"}],"about":[{"href":"https:\/\/www.todaykhoe.com\/bn\/wp-json\/wp\/v2\/types\/product"}],"replies":[{"embeddable":true,"href":"https:\/\/www.todaykhoe.com\/bn\/wp-json\/wp\/v2\/comments?post=119407"}],"wp:featuredmedia":[{"embeddable":true,"href":"https:\/\/www.todaykhoe.com\/bn\/wp-json\/wp\/v2\/media\/119446"}],"wp:attachment":[{"href":"https:\/\/www.todaykhoe.com\/bn\/wp-json\/wp\/v2\/media?parent=119407"}],"wp:term":[{"taxonomy":"product_brand","embeddable":true,"href":"https:\/\/www.todaykhoe.com\/bn\/wp-json\/wp\/v2\/product_brand?post=119407"},{"taxonomy":"product_cat","embeddable":true,"href":"https:\/\/www.todaykhoe.com\/bn\/wp-json\/wp\/v2\/product_cat?post=119407"},{"taxonomy":"product_tag","embeddable":true,"href":"https:\/\/www.todaykhoe.com\/bn\/wp-json\/wp\/v2\/product_tag?post=119407"}],"curies":[{"name":"wp","href":"https:\/\/api.w.org\/{rel}","templated":true}]}}