{"id":162370,"date":"2026-01-29T06:07:22","date_gmt":"2026-01-29T06:07:22","guid":{"rendered":"https:\/\/www.todaykhoe.com\/?post_type=product&#038;p=162370"},"modified":"2026-01-29T06:09:08","modified_gmt":"2026-01-29T06:09:08","slug":"curcuma-switzerland","status":"publish","type":"product","link":"https:\/\/www.todaykhoe.com\/bg\/product\/curcuma-switzerland\/","title":{"rendered":"Curcuma switzerland"},"content":{"rendered":"<p>Gewichtsverlust gilt heute als eine der gr\u00f6\u00dften gesundheitlichen Herausforderungen. Ungesunde Ern\u00e4hrung, Stress, unregelm\u00e4\u00dfige Lebensgewohnheiten und ein sitzender Lebensstil haben das Problem der Fettleibigkeit rasant versch\u00e4rft. Viele Menschen versuchen, ihr Gewicht zu kontrollieren, aber nicht jede Methode ist effektiv und sicher. In diesem Zusammenhang ist die Nachfrage nach nat\u00fcrlichen Alternativen in den letzten Jahren deutlich gestiegen. Eines dieser beliebten Naturheilmittel ist Curcuma, das weltweit f\u00fcr seine erstaunlichen Vorteile beim Abnehmen und f\u00fcr die Gesundheit gelobt wird.<\/p>\n<p>Curcuma ist eine traditionelle Heilpflanze, die seit Jahrhunderten im Ayurveda verwendet wird. Heute ist sie in moderner Form als Curcuma-Kapseln erh\u00e4ltlich, was die Anwendung und die Nutzung ihrer Vorteile erleichtert. Viele Menschen verwenden sie zum Abnehmen, zur Reduzierung von Entz\u00fcndungen im K\u00f6rper, zur St\u00e4rkung des Immunsystems und zur Verbesserung der Verdauung. Dieser Artikel bietet Ihnen detaillierte Informationen zu allen Aspekten von Curcuma, einschlie\u00dflich Erfahrungsberichten, Vorteilen, Anwendungsm\u00f6glichkeiten, Wirkungsweise und Kaufoptionen, damit Sie es richtig verstehen und anwenden k\u00f6nnen.<\/p>\n<p style=\"text-align: center;\"><span style=\"font-size: 24pt;\"><a href=\"https:\/\/www.todaykhoe.com\/buy-curcuma-ch\"><strong>Kontaktieren Sie uns f\u00fcr alle Anfragen \u2013 Zahlung per Nachnahme m\u00f6glich.<\/strong><\/a><\/span><\/p>\n<h2>Was ist \u201e<a href=\"https:\/\/www.todaykhoe.com\/product\/curcuma-switzerland\/\">Curcuma<\/a>\u201c?<\/h2>\n<p>Curcuma ist ein wirksames Naturkraut, allgemein bekannt als Kurkuma. Der Begriff Curcuma bezieht sich jedoch auf die medizinische Form von Kurkuma, die einen deutlich h\u00f6heren Anteil an hochwertigen Wirkstoffen \u2013 wie Curcumin \u2013 enth\u00e4lt. Dieser Wirkstoff verleiht dem K\u00f6rper entz\u00fcndungshemmende, antioxidative und stoffwechselanregende Eigenschaften. In der ayurvedischen Medizin wird Curcuma zur Verbesserung der Verdauung, zur Blutreinigung, zur Reduzierung von Entz\u00fcndungen und zur Unterst\u00fctzung des Gewichtsverlusts eingesetzt.<\/p>\n<p>Curcuma-Kapseln sind speziell f\u00fcr eine schnelle Aufnahme durch den K\u00f6rper formuliert. Diese nat\u00fcrliche Formel reguliert die Fettzellen im K\u00f6rper, hilft, die durch Entz\u00fcndungen verursachte Gewichtszunahme zu reduzieren und st\u00e4rkt das Verdauungssystem. Sie beschleunigt auch den Gewichtsverlust, indem sie angesammelte Giftstoffe aus dem K\u00f6rper ausscheidet. Viele Anwender berichten, dass die regelm\u00e4\u00dfige Einnahme von Curcuma-Kapseln zu hervorragenden Ergebnissen beim Abnehmen gef\u00fchrt hat.<\/p>\n<h3>Wie wirkt Curcuma?<\/h3>\n<p>Curcuma wirkt auf mehreren Ebenen im K\u00f6rper und aktiviert den Gewichtsverlustprozess auf nat\u00fcrliche Weise. Erstens reduziert sein Hauptwirkstoff Curcumin Entz\u00fcndungen im K\u00f6rper. Innere Entz\u00fcndungen sind ein Hauptgrund daf\u00fcr, dass das Gewicht schnell zunimmt und nicht abnimmt. Wenn Entz\u00fcndungen reduziert werden, wird der Stoffwechsel gest\u00e4rkt, und der K\u00f6rper kann die Nahrung effektiver in Energie umwandeln. Dies f\u00fchrt zu einer reduzierten Fettspeicherung und erleichtert den Gewichtsverlust.<\/p>\n<p>Curcuma verbessert die Verdauung auf nat\u00fcrliche Weise. Bei einer schwachen Verdauung ist eine Gewichtszunahme unvermeidlich. Kurkuma gleicht die Magens\u00e4fte aus, lindert Verstopfung und unterst\u00fctzt die optimale Verdauung der Nahrung. Es kann auch die Fettverbrennung beschleunigen, indem es die Insulinsensitivit\u00e4t im K\u00f6rper verbessert. Mehrere Studien deuten darauf hin, dass Kurkuma die Thermogenese im K\u00f6rper erh\u00f6ht, was bedeutet, dass der K\u00f6rper von selbst mehr Kalorien verbrennt. Auf diese Weise wird Kurkuma zu einer ganzheitlichen nat\u00fcrlichen L\u00f6sung zur Gewichtsreduktion.<\/p>\n<h3>Warum Kurkuma w\u00e4hlen?<\/h3>\n<p>Kurkuma ist eine sichere, nat\u00fcrliche und wirksame Option zur Gewichtsreduktion. Es verbrennt nicht nur Fett, sondern st\u00e4rkt auch die allgemeine Gesundheit. F\u00fcr alle, die chemische Medikamente vermeiden oder ohne Nebenwirkungen abnehmen m\u00f6chten, sind Kurkuma-Kapseln eine ausgezeichnete Wahl. Die Anwendung ist einfach, und die regelm\u00e4\u00dfige Einnahme erh\u00f6ht das Energieniveau im K\u00f6rper. Es sch\u00fctzt auch vor Problemen wie M\u00fcdigkeit, Schw\u00e4che oder Schwindel.<\/p>\n<p>Ein weiterer wichtiger Grund f\u00fcr die Wahl von Kurkuma ist, dass es sich nicht nur auf die Gewichtsreduktion konzentriert, sondern das gesamte K\u00f6rpergleichgewicht unterst\u00fctzt. Es f\u00f6rdert die Entgiftung, reinigt das Blut, st\u00e4rkt das Immunsystem und sorgt f\u00fcr ein hormonelles Gleichgewicht. Daher wird es nicht nur zur Gewichtsreduktion, sondern auch zur allgemeinen Gesundheitsverbesserung eingesetzt. Viele Erfahrungsberichte zu Kurkuma zeigen, dass die Anwender nach der Einnahme mehr Leichtigkeit, Energie und Fitness versp\u00fcrt haben.<\/p>\n<h3>Vorteile von Kurkuma<\/h3>\n<p>Kurkuma ist bekannt f\u00fcr seine zahlreichen gesundheitlichen Vorteile. Der Hauptvorteil ist die Unterst\u00fctzung beim Abnehmen. Kurkuma reduziert Entz\u00fcndungen im K\u00f6rper, aktiviert den Stoffwechsel und erh\u00f6ht die Fettverbrennung. Dies ist besonders vorteilhaft f\u00fcr alle, die mit hartn\u00e4ckigem Fett an Bauch und Taille zu k\u00e4mpfen haben. Dar\u00fcber hinaus verbessert Kurkuma die Verdauung und entgiftet den K\u00f6rper, wodurch der Abnehmprozess noch einfacher wird.<\/p>\n<p>Kurkuma unterst\u00fctzt auch die mentale Gesundheit. Es reduziert Stress, verbessert die Stimmung und f\u00f6rdert innere Ruhe. Seine antioxidativen Eigenschaften eliminieren freie Radikale und reduzieren so die Zeichen der Hautalterung. Daher ist es nicht nur eine L\u00f6sung zur Gewichtsreduktion, sondern eine umfassende L\u00f6sung f\u00fcr die allgemeine Gesundheitsverbesserung.<\/p>\n<p><strong>Vorteile von Kurkuma (Punkte):<\/strong><\/p>\n<ul>\n<li>Hilft beim nat\u00fcrlichen Abnehmen<\/li>\n<li>Reduziert Entz\u00fcndungen im K\u00f6rper<\/li>\n<li>Steigert den Stoffwechsel<\/li>\n<li>St\u00e4rkt das Verdauungssystem<\/li>\n<li>F\u00f6rdert die Entgiftung<\/li>\n<li>Verbessert die Immunit\u00e4t<\/li>\n<li>Reduziert mentalen Stress<\/li>\n<li>Reduziert Bauch- und Taillenfett<\/li>\n<li>Antioxidative Eigenschaften sch\u00fctzen vor Alterung<\/li>\n<li>Erh\u00f6ht das Energieniveau<\/li>\n<\/ul>\n<p style=\"text-align: center;\"><span style=\"font-size: 24pt;\"><a href=\"https:\/\/www.todaykhoe.com\/buy-curcuma-ch\"><strong>Kontaktieren Sie uns f\u00fcr alle Anfragen \u2013 Zahlung per Nachnahme m\u00f6glich.<\/strong><\/a><\/span><\/p>\n<h3>Wie werden Kurkuma-Kapseln angewendet?<\/h3>\n<ul>\n<li>Die Anwendung von Kurkuma-Kapseln ist sehr einfach. Im Allgemeinen wurde beobachtet, dass 1-2 Kapseln pro Tag ausreichend sind.<\/li>\n<li>Sie sollten nach den Mahlzeiten mit lauwarmem Wasser eingenommen werden.<\/li>\n<li>Ihre WirkungDie Wirkung ist erst bei regelm\u00e4\u00dfiger Anwendung sichtbar, daher sollten Sie es mindestens 3-4 Wochen lang regelm\u00e4\u00dfig einnehmen.<\/li>\n<li>Schwangere, stillende Frauen oder Personen mit Vorerkrankungen sollten vor der Einnahme einen Arzt konsultieren.<\/li>\n<\/ul>\n<h3>Wo kann ich Curcuma kaufen?<\/h3>\n<ul>\n<li>Curcuma-Kapseln sind online erh\u00e4ltlich.<\/li>\n<li>Sie k\u00f6nnen sie auf der offiziellen Website oder auf zuverl\u00e4ssigen E-Commerce-Plattformen kaufen.<br \/>\nDer Kauf \u00fcber die offizielle Website garantiert Rabatte, kostenlosen Versand und ein authentisches Produkt.<\/li>\n<li>Um F\u00e4lschungen zu vermeiden, kaufen Sie immer bei einer offiziellen Quelle.<\/li>\n<\/ul>\n<h3>Curcuma \u2013 Fragen und Antworten<\/h3>\n<p><strong>F1. Hilft Curcuma wirklich beim Abnehmen?<\/strong><br \/>\nA: Ja, das in Curcuma enthaltene Curcumin beschleunigt den Gewichtsverlust und reduziert Entz\u00fcndungen, wodurch die Fettverbrennung erleichtert wird.<\/p>\n<p><strong>F2. Gibt es Nebenwirkungen?<\/strong><br \/>\nA: Curcuma ist ein Naturprodukt und gilt als sicher. Im Allgemeinen hat es keine Nebenwirkungen. \u00dcberm\u00e4\u00dfiger Konsum kann jedoch Verdauungsbeschwerden verursachen.<\/p>\n<p><strong>F3. Wie lange dauert es, bis Ergebnisse sichtbar sind?<\/strong><br \/>\nA: Deutliche Ver\u00e4nderungen sind nach etwa 3-4 Wochen regelm\u00e4\u00dfiger Anwendung sichtbar. F\u00fcr bessere Ergebnisse kombinieren Sie es mit einer ausgewogenen Ern\u00e4hrung und leichter Bewegung.<\/p>\n<p><strong>F4. K\u00f6nnen Diabetiker es einnehmen?<\/strong><br \/>\nA: Ja, aber nur nach R\u00fccksprache mit einem Arzt. Curcuma hilft auch bei der Regulierung des Blutzuckerspiegels.<\/p>\n<p><strong>F5. Kann es ohne Di\u00e4tplan eingenommen werden?<\/strong><br \/>\nA: Ja, aber eine kontrollierte Ern\u00e4hrung und leichte Bewegung verst\u00e4rken die Wirkung deutlich.<\/p>\n<h3>Curcuma-Bewertungen<\/h3>\n<p><strong>Bernhard:<\/strong> \u201eIch habe Curcuma-Kapseln zum Abnehmen ausprobiert, und ehrlich gesagt, es hat mein Leben ver\u00e4ndert. Anfangs hatte ich nicht mit einem so gro\u00dfen Unterschied durch ein pflanzliches Nahrungserg\u00e4nzungsmittel gerechnet, aber innerhalb von 3 Wochen gingen meine Bl\u00e4hungen zur\u00fcck und mein Bauchfett reduzierte sich deutlich. Mein Stoffwechsel f\u00fchlte sich auch schneller an. Fr\u00fcher war ich schnell m\u00fcde, aber nach der Einnahme von Curcuma hat sich mein Energielevel deutlich verbessert. Und das Beste: keine Nebenwirkungen!\u201c<\/p>\n<p><strong>Dieter:<\/strong> \u201eMein sitzender B\u00fcrojob f\u00fchrte dazu, dass ich zunahm. Ich z\u00f6gerte, Medikamente einzunehmen, und begann daher mit der Einnahme von Kurkuma-Kapseln. Innerhalb von etwa einem Monat verbesserte sich meine Verdauung deutlich \u2013 Probleme wie Bl\u00e4hungen, V\u00f6llegef\u00fchl und Schweregef\u00fchl verschwanden fast vollst\u00e4ndig. Dies f\u00fchrte auch zu einem schnelleren Gewichtsverlust, da mein K\u00f6rper nun Fette besser verarbeitete. Ich habe in 30 Tagen etwa 3,5 kg abgenommen. Meiner Erfahrung nach ist Kurkuma nat\u00fcrlich und sicher, und ich kann es w\u00e4rmstens empfehlen.\u201c<\/p>\n<p><strong>Mia:<\/strong> \u201eKurkuma erwies sich f\u00fcr mich als mehr als nur ein Nahrungserg\u00e4nzungsmittel zum Abnehmen; es war ein echter Gesundheitsbooster. Ich hatte lange Zeit mit Bauchfett und einem schwachen Immunsystem zu k\u00e4mpfen. Kurkuma-Kapseln reduzierten nicht nur mein Bauchfett, sondern verbesserten auch meinen Teint und mein Energielevel. Ich f\u00fchlte mich morgens nach dem Aufwachen sofort erfrischt. Was mir am besten gefiel, ist, dass es nat\u00fcrlich und frei von Chemikalien ist. Ich nehme es seit zwei Monaten regelm\u00e4\u00dfig ein und habe bereits 5 kg abgenommen. Kurkuma hat meinen Lebensstil komplett ver\u00e4ndert.\u201c<\/p>\n<h3>Fazit<\/h3>\n<p>Kurkuma ist ein wirksames, sicheres und effektives Naturheilmittel, das sich f\u00fcr alles von der Gewichtsabnahme bis zur allgemeinen Gesundheitsverbesserung als n\u00fctzlich erweist. Wenn Sie auf nat\u00fcrliche Weise und ohne Nebenwirkungen abnehmen m\u00f6chten, sind Kurkuma-Kapseln eine ausgezeichnete Wahl. Sie erleichtern den gesamten Abnehmprozess, indem sie Entz\u00fcndungen reduzieren, die Verdauung verbessern, den Stoffwechsel ankurbeln und Giftstoffe aus dem K\u00f6rper ausscheiden. Viele Erfahrungsberichte zu Kurkuma zeigen, dass die regelm\u00e4\u00dfige Einnahme das Gef\u00fchl von Leichtigkeit, Energie und allgemeiner Fitness deutlich steigert. Wenn Sie also einen sicheren und nat\u00fcrlichen Weg f\u00fcr Ihre Gesundheit suchen, ist Kurkuma eine gute Wahl. Mit regelm\u00e4\u00dfiger Einnahme, einer ausgewogenen Ern\u00e4hrung und moderater Bewegung k\u00f6nnen Sie hervorragende Ergebnisse erzielen.<\/p>\n<p style=\"text-align: center;\"><span style=\"font-size: 24pt;\"><a href=\"https:\/\/www.todaykhoe.com\/buy-curcuma-ch\"><strong>Kontaktieren Sie uns f\u00fcr alle Anfragen \u2013 Zahlung per Nachnahme m\u00f6glich.<\/strong><\/a><\/span><\/p>\n","protected":false},"excerpt":{"rendered":"<ul>\n<li>Hilft beim nat\u00fcrlichen Abnehmen<\/li>\n<li>Reduziert Entz\u00fcndungen im K\u00f6rper<\/li>\n<li>Steigert den Stoffwechsel<\/li>\n<\/ul>\n<p><a href=\"https:\/\/www.todaykhoe.com\/buy-curcuma-ch\"><strong>Kontaktieren Sie uns f\u00fcr alle Anfragen \u2013 Zahlung per Nachnahme m\u00f6glich.<\/strong><\/a><\/p>\n","protected":false},"featured_media":162372,"comment_status":"open","ping_status":"closed","template":"","meta":[],"product_brand":[],"product_cat":[435],"product_tag":[],"class_list":{"0":"post-162370","1":"product","2":"type-product","3":"status-publish","4":"has-post-thumbnail","6":"product_cat-health","8":"first","9":"instock","10":"shipping-taxable","11":"product-type-external"},"yoast_head":"<!-- This site is optimized with the Yoast SEO plugin v27.3 - https:\/\/yoast.com\/product\/yoast-seo-wordpress\/ -->\n<title>Curcuma switzerland - Kapseln zur Gewichtsreduktion - Preis<\/title>\n<meta name=\"description\" content=\"Curcuma switzerland - Kapseln zur Gewichtsreduktion - Preis, Bewertungen, Hilft ihnen, Ihre Traumfigur zu erreichen, f\u00fcr gute Gesundheitm, F\u00fcr die Schweiz\" \/>\n<meta name=\"robots\" content=\"index, follow, max-snippet:-1, max-image-preview:large, max-video-preview:-1\" \/>\n<link rel=\"canonical\" href=\"https:\/\/www.todaykhoe.com\/product\/curcuma-switzerland\/\" \/>\n<meta property=\"og:locale\" content=\"bg_BG\" \/>\n<meta property=\"og:type\" content=\"article\" \/>\n<meta property=\"og:title\" content=\"Curcuma switzerland - Kapseln zur Gewichtsreduktion - Preis\" \/>\n<meta property=\"og:description\" content=\"Curcuma switzerland - Kapseln zur Gewichtsreduktion - Preis, Bewertungen, Hilft ihnen, Ihre Traumfigur zu erreichen, f\u00fcr gute Gesundheitm, F\u00fcr die Schweiz\" \/>\n<meta property=\"og:url\" content=\"https:\/\/www.todaykhoe.com\/product\/curcuma-switzerland\/\" \/>\n<meta property=\"og:site_name\" content=\"TodayKh\u1ecfe.Com\" \/>\n<meta property=\"article:modified_time\" content=\"2026-01-29T06:09:08+00:00\" \/>\n<meta property=\"og:image\" content=\"https:\/\/www.todaykhoe.com\/wp-content\/uploads\/2026\/01\/Curcuma.png\" \/>\n\t<meta property=\"og:image:width\" content=\"372\" \/>\n\t<meta property=\"og:image:height\" content=\"445\" \/>\n\t<meta property=\"og:image:type\" content=\"image\/png\" \/>\n<meta name=\"twitter:card\" content=\"summary_large_image\" \/>\n<meta name=\"twitter:label1\" content=\"Est. reading time\" \/>\n\t<meta name=\"twitter:data1\" content=\"7 \u043c\u0438\u043d\u0443\u0442\u0438\" \/>\n<script type=\"application\/ld+json\" class=\"yoast-schema-graph\">{\"@context\":\"https:\\\/\\\/schema.org\",\"@graph\":[{\"@type\":\"WebPage\",\"@id\":\"https:\\\/\\\/www.todaykhoe.com\\\/product\\\/curcuma-switzerland\\\/\",\"url\":\"https:\\\/\\\/www.todaykhoe.com\\\/product\\\/curcuma-switzerland\\\/\",\"name\":\"Curcuma switzerland - Kapseln zur Gewichtsreduktion - Preis\",\"isPartOf\":{\"@id\":\"https:\\\/\\\/www.todaykhoe.com\\\/#website\"},\"primaryImageOfPage\":{\"@id\":\"https:\\\/\\\/www.todaykhoe.com\\\/product\\\/curcuma-switzerland\\\/#primaryimage\"},\"image\":{\"@id\":\"https:\\\/\\\/www.todaykhoe.com\\\/product\\\/curcuma-switzerland\\\/#primaryimage\"},\"thumbnailUrl\":\"https:\\\/\\\/www.todaykhoe.com\\\/wp-content\\\/uploads\\\/2026\\\/01\\\/Curcuma.png\",\"datePublished\":\"2026-01-29T06:07:22+00:00\",\"dateModified\":\"2026-01-29T06:09:08+00:00\",\"description\":\"Curcuma switzerland - Kapseln zur Gewichtsreduktion - Preis, Bewertungen, Hilft ihnen, Ihre Traumfigur zu erreichen, f\u00fcr gute Gesundheitm, F\u00fcr die Schweiz\",\"breadcrumb\":{\"@id\":\"https:\\\/\\\/www.todaykhoe.com\\\/product\\\/curcuma-switzerland\\\/#breadcrumb\"},\"inLanguage\":\"bg-BG\",\"potentialAction\":[{\"@type\":\"ReadAction\",\"target\":[\"https:\\\/\\\/www.todaykhoe.com\\\/product\\\/curcuma-switzerland\\\/\"]}]},{\"@type\":\"ImageObject\",\"inLanguage\":\"bg-BG\",\"@id\":\"https:\\\/\\\/www.todaykhoe.com\\\/product\\\/curcuma-switzerland\\\/#primaryimage\",\"url\":\"https:\\\/\\\/www.todaykhoe.com\\\/wp-content\\\/uploads\\\/2026\\\/01\\\/Curcuma.png\",\"contentUrl\":\"https:\\\/\\\/www.todaykhoe.com\\\/wp-content\\\/uploads\\\/2026\\\/01\\\/Curcuma.png\",\"width\":372,\"height\":445,\"caption\":\"Curcuma\"},{\"@type\":\"BreadcrumbList\",\"@id\":\"https:\\\/\\\/www.todaykhoe.com\\\/product\\\/curcuma-switzerland\\\/#breadcrumb\",\"itemListElement\":[{\"@type\":\"ListItem\",\"position\":1,\"name\":\"Home\",\"item\":\"https:\\\/\\\/www.todaykhoe.com\\\/\"},{\"@type\":\"ListItem\",\"position\":2,\"name\":\"Shop\",\"item\":\"https:\\\/\\\/www.todaykhoe.com\\\/shop\\\/\"},{\"@type\":\"ListItem\",\"position\":3,\"name\":\"Curcuma switzerland\"}]},{\"@type\":\"WebSite\",\"@id\":\"https:\\\/\\\/www.todaykhoe.com\\\/#website\",\"url\":\"https:\\\/\\\/www.todaykhoe.com\\\/\",\"name\":\"TodayKh\u1ecfe.Com\",\"description\":\"Healthy Today, Fitness, Nutrition, Beauty, News!\",\"publisher\":{\"@id\":\"https:\\\/\\\/www.todaykhoe.com\\\/#organization\"},\"potentialAction\":[{\"@type\":\"SearchAction\",\"target\":{\"@type\":\"EntryPoint\",\"urlTemplate\":\"https:\\\/\\\/www.todaykhoe.com\\\/?s={search_term_string}\"},\"query-input\":{\"@type\":\"PropertyValueSpecification\",\"valueRequired\":true,\"valueName\":\"search_term_string\"}}],\"inLanguage\":\"bg-BG\"},{\"@type\":\"Organization\",\"@id\":\"https:\\\/\\\/www.todaykhoe.com\\\/#organization\",\"name\":\"TodayKh\u1ecfe.Com\",\"url\":\"https:\\\/\\\/www.todaykhoe.com\\\/\",\"logo\":{\"@type\":\"ImageObject\",\"inLanguage\":\"bg-BG\",\"@id\":\"https:\\\/\\\/www.todaykhoe.com\\\/#\\\/schema\\\/logo\\\/image\\\/\",\"url\":\"https:\\\/\\\/www.todaykhoe.com\\\/wp-content\\\/uploads\\\/2025\\\/04\\\/Todaykhoe.png\",\"contentUrl\":\"https:\\\/\\\/www.todaykhoe.com\\\/wp-content\\\/uploads\\\/2025\\\/04\\\/Todaykhoe.png\",\"width\":706,\"height\":159,\"caption\":\"TodayKh\u1ecfe.Com\"},\"image\":{\"@id\":\"https:\\\/\\\/www.todaykhoe.com\\\/#\\\/schema\\\/logo\\\/image\\\/\"}}]}<\/script>\n<!-- \/ Yoast SEO plugin. -->","yoast_head_json":{"title":"Curcuma switzerland - Kapseln zur Gewichtsreduktion - Preis","description":"Curcuma switzerland - Kapseln zur Gewichtsreduktion - Preis, Bewertungen, Hilft ihnen, Ihre Traumfigur zu erreichen, f\u00fcr gute Gesundheitm, F\u00fcr die Schweiz","robots":{"index":"index","follow":"follow","max-snippet":"max-snippet:-1","max-image-preview":"max-image-preview:large","max-video-preview":"max-video-preview:-1"},"canonical":"https:\/\/www.todaykhoe.com\/product\/curcuma-switzerland\/","og_locale":"bg_BG","og_type":"article","og_title":"Curcuma switzerland - Kapseln zur Gewichtsreduktion - Preis","og_description":"Curcuma switzerland - Kapseln zur Gewichtsreduktion - Preis, Bewertungen, Hilft ihnen, Ihre Traumfigur zu erreichen, f\u00fcr gute Gesundheitm, F\u00fcr die Schweiz","og_url":"https:\/\/www.todaykhoe.com\/product\/curcuma-switzerland\/","og_site_name":"TodayKh\u1ecfe.Com","article_modified_time":"2026-01-29T06:09:08+00:00","og_image":[{"width":372,"height":445,"url":"https:\/\/www.todaykhoe.com\/wp-content\/uploads\/2026\/01\/Curcuma.png","type":"image\/png"}],"twitter_card":"summary_large_image","twitter_misc":{"Est. reading time":"7 \u043c\u0438\u043d\u0443\u0442\u0438"},"schema":{"@context":"https:\/\/schema.org","@graph":[{"@type":"WebPage","@id":"https:\/\/www.todaykhoe.com\/product\/curcuma-switzerland\/","url":"https:\/\/www.todaykhoe.com\/product\/curcuma-switzerland\/","name":"Curcuma switzerland - Kapseln zur Gewichtsreduktion - Preis","isPartOf":{"@id":"https:\/\/www.todaykhoe.com\/#website"},"primaryImageOfPage":{"@id":"https:\/\/www.todaykhoe.com\/product\/curcuma-switzerland\/#primaryimage"},"image":{"@id":"https:\/\/www.todaykhoe.com\/product\/curcuma-switzerland\/#primaryimage"},"thumbnailUrl":"https:\/\/www.todaykhoe.com\/wp-content\/uploads\/2026\/01\/Curcuma.png","datePublished":"2026-01-29T06:07:22+00:00","dateModified":"2026-01-29T06:09:08+00:00","description":"Curcuma switzerland - Kapseln zur Gewichtsreduktion - Preis, Bewertungen, Hilft ihnen, Ihre Traumfigur zu erreichen, f\u00fcr gute Gesundheitm, F\u00fcr die Schweiz","breadcrumb":{"@id":"https:\/\/www.todaykhoe.com\/product\/curcuma-switzerland\/#breadcrumb"},"inLanguage":"bg-BG","potentialAction":[{"@type":"ReadAction","target":["https:\/\/www.todaykhoe.com\/product\/curcuma-switzerland\/"]}]},{"@type":"ImageObject","inLanguage":"bg-BG","@id":"https:\/\/www.todaykhoe.com\/product\/curcuma-switzerland\/#primaryimage","url":"https:\/\/www.todaykhoe.com\/wp-content\/uploads\/2026\/01\/Curcuma.png","contentUrl":"https:\/\/www.todaykhoe.com\/wp-content\/uploads\/2026\/01\/Curcuma.png","width":372,"height":445,"caption":"Curcuma"},{"@type":"BreadcrumbList","@id":"https:\/\/www.todaykhoe.com\/product\/curcuma-switzerland\/#breadcrumb","itemListElement":[{"@type":"ListItem","position":1,"name":"Home","item":"https:\/\/www.todaykhoe.com\/"},{"@type":"ListItem","position":2,"name":"Shop","item":"https:\/\/www.todaykhoe.com\/shop\/"},{"@type":"ListItem","position":3,"name":"Curcuma switzerland"}]},{"@type":"WebSite","@id":"https:\/\/www.todaykhoe.com\/#website","url":"https:\/\/www.todaykhoe.com\/","name":"TodayKh\u1ecfe.Com","description":"Healthy Today, Fitness, Nutrition, Beauty, News!","publisher":{"@id":"https:\/\/www.todaykhoe.com\/#organization"},"potentialAction":[{"@type":"SearchAction","target":{"@type":"EntryPoint","urlTemplate":"https:\/\/www.todaykhoe.com\/?s={search_term_string}"},"query-input":{"@type":"PropertyValueSpecification","valueRequired":true,"valueName":"search_term_string"}}],"inLanguage":"bg-BG"},{"@type":"Organization","@id":"https:\/\/www.todaykhoe.com\/#organization","name":"TodayKh\u1ecfe.Com","url":"https:\/\/www.todaykhoe.com\/","logo":{"@type":"ImageObject","inLanguage":"bg-BG","@id":"https:\/\/www.todaykhoe.com\/#\/schema\/logo\/image\/","url":"https:\/\/www.todaykhoe.com\/wp-content\/uploads\/2025\/04\/Todaykhoe.png","contentUrl":"https:\/\/www.todaykhoe.com\/wp-content\/uploads\/2025\/04\/Todaykhoe.png","width":706,"height":159,"caption":"TodayKh\u1ecfe.Com"},"image":{"@id":"https:\/\/www.todaykhoe.com\/#\/schema\/logo\/image\/"}}]}},"_links":{"self":[{"href":"https:\/\/www.todaykhoe.com\/bg\/wp-json\/wp\/v2\/product\/162370","targetHints":{"allow":["GET"]}}],"collection":[{"href":"https:\/\/www.todaykhoe.com\/bg\/wp-json\/wp\/v2\/product"}],"about":[{"href":"https:\/\/www.todaykhoe.com\/bg\/wp-json\/wp\/v2\/types\/product"}],"replies":[{"embeddable":true,"href":"https:\/\/www.todaykhoe.com\/bg\/wp-json\/wp\/v2\/comments?post=162370"}],"wp:featuredmedia":[{"embeddable":true,"href":"https:\/\/www.todaykhoe.com\/bg\/wp-json\/wp\/v2\/media\/162372"}],"wp:attachment":[{"href":"https:\/\/www.todaykhoe.com\/bg\/wp-json\/wp\/v2\/media?parent=162370"}],"wp:term":[{"taxonomy":"product_brand","embeddable":true,"href":"https:\/\/www.todaykhoe.com\/bg\/wp-json\/wp\/v2\/product_brand?post=162370"},{"taxonomy":"product_cat","embeddable":true,"href":"https:\/\/www.todaykhoe.com\/bg\/wp-json\/wp\/v2\/product_cat?post=162370"},{"taxonomy":"product_tag","embeddable":true,"href":"https:\/\/www.todaykhoe.com\/bg\/wp-json\/wp\/v2\/product_tag?post=162370"}],"curies":[{"name":"wp","href":"https:\/\/api.w.org\/{rel}","templated":true}]}}