{"id":152767,"date":"2025-08-18T14:57:55","date_gmt":"2025-08-18T14:57:55","guid":{"rendered":"https:\/\/todaykhoe.com\/?post_type=product&#038;p=152767"},"modified":"2025-08-18T14:58:16","modified_gmt":"2025-08-18T14:58:16","slug":"alcowin-kaina-lithuania","status":"publish","type":"product","link":"https:\/\/www.todaykhoe.com\/bg\/product\/alcowin-kaina-lithuania\/","title":{"rendered":"AlcoWin Kaina"},"content":{"rendered":"<p>\u201e<a href=\"https:\/\/todaykhoe.com\/product\/alcowin-kaina-lithuania\/\">AlcoWin<\/a>\u201c vartojimas kenkia priklausomiems asmenims d\u0117l keli\u0173 prie\u017eas\u010di\u0173, paveikdamas k\u016bno ir smegen\u0173 sistemas. Reguliarus alkoholio vartojimas ugdo tolerancij\u0105 ir nor\u0105 vartoti daugiau.<\/p>\n<p>Priklausomyb\u0117 nuo alkoholio yra sunkiausia priklausomyb\u0117s nuo alkoholio forma, kuri\u0105 sukelia netinkamas alkoholio vartojimo valdymas. Kadangi ji skirtingai veikia priklausomus asmenis, alkoholizmas skirstomas \u012f lengv\u0105, vidutinio sunkumo ir sunk\u0173.<\/p>\n<p style=\"text-align: center;\"><span style=\"font-size: 24pt;\"><a href=\"https:\/\/todaykhoe.com\/buy-alcowin-lt\"><strong>D\u0117l vis\u0173 klausim\u0173 susisiekite \u2013 galima atsiskaityti grynaisiais pristatymo metu<\/strong><\/a><\/span><\/p>\n<h2>Kas yra \u201eAlcoWin\u201c ir kaip jis veikia?<\/h2>\n<p>Naujas r\u016bkymo metimo ir potraukio alkoholiui pagalbos metodas \u201eAlcoWin\u201c veikia. Biokapsul\u0117s pad\u0117jo \u0161imtams \u017emoni\u0173 mesti r\u016bkyti ir gerti. Naujas gydymas gali pad\u0117ti jums mesti r\u016bkyti cigaretes, pypkes ir elektroninius skys\u010dius per kelias savaites. \u201eAlcoWin\u201c \u2013 maisto papildas, kuris gydo nikotino priklausomyb\u0119 l\u0105steli\u0173 lygmeniu, suma\u017eina nor\u0105 r\u016bkyti ir pa\u0161alina r\u016bkan\u010di\u0173j\u0173 kv\u0117pavimo ir kraujotakos sutrikimus, l\u0117tin\u012f kosul\u012f, tabako d\u016bm\u0173 kvap\u0105 ir dideles r\u016bkymo i\u0161laidas.<\/p>\n<p>\u201eAlcoWin\u201c tinka tiek atsitiktiniams, tiek ilgalaikiams tradicini\u0173 ir u\u017esidegusi\u0173 elektronini\u0173 cigare\u010di\u0173 vartotojams. Potraukis alkoholiui ma\u017e\u0117ja kartu su gydymu. Nat\u016bral\u016bs ingredientai leid\u017eia kapsules saugiai vartoti kasdien be kontraindikacij\u0173.<\/p>\n<h3>\u201eAlcoWin\u201c nauda, doz\u0117<\/h3>\n<p>Priklausomyb\u0117s intensyvumas turi \u012ftakos alkoholio vartojimo nutraukimo simptomams. Nekontroliuojamas alkoholio vartojimas gali sukelti priklausomyb\u0119. Alkoholikai mano, kad jiems reikia alkoholio, kad gal\u0117t\u0173 funkcionuoti. Tai gali paveikti karjeros tikslus, santykius ir sveikat\u0105. Alkoholio vartojimas gali sustiprinti rimt\u0105 neigiam\u0105 poveik\u012f ir sukelti ilgalaik\u0119 \u017eal\u0105.<\/p>\n<p>\u201eAlcoWin\u201c teigia, kad priklausomyb\u0117 nuo alkoholio gali i\u0161spr\u0119sti \u0161i\u0105 paplitusi\u0105 problem\u0105. Priklausomyb\u0117 nuo alkoholio, kaip ir visos chemin\u0117s priklausomyb\u0117s, prasideda nuo psichologini\u0173 ir fiziologini\u0173 sunkum\u0173 pradin\u0117s abstinencijos metu. Alkoholis ypatingomis progomis, \u0161ven\u010di\u0173 metu, kvietim\u0173 metu ir valgio metu tampa \u012fprastu rei\u0161kiniu. Alkoholizmas yra palaipsniui blog\u0117janti priklausomyb\u0117.<\/p>\n<p>Dauguma pa\u017eengusios alkoholio abstinencijos kamuojam\u0173 \u017emoni\u0173 atpa\u017e\u012fsta savo priklausomyb\u0119. Ankstyvas alkoholizmas rei\u0161kia ma\u017e\u0173 kieki\u0173 vartojim\u0105 negalvojant, kad tai gali pakenkti. V\u0117liau tolerancija alkoholiui did\u0117ja, tod\u0117l ma\u017eas kiekis tampa nepatenkinamas.<\/p>\n<p>Kadangi organizmas reikalauja daugiau alkoholio, didesnis alkoholio vartojimas gali sukelti priklausomyb\u0119. \u017dinios apie priklausomyb\u0119 nuo alkoholio taip pat svarbios. Kaip min\u0117ta, i\u0161 prad\u017ei\u0173 did\u0117jantis alkoholio vartojimas gali atrodyti saugus, ta\u010diau organizmo tolerancija kasdien auga.<\/p>\n<p>Alkoholis yra priklausomyb\u0117s kontraindikacija, jei jis mal\u0161ina skausm\u0105, \u0161alutin\u012f poveik\u012f, stres\u0105, melancholij\u0105 ir kitas problemas. Priklausomyb\u0117 nuo alkoholio, kuri silpnina fizines funkcijas, sutrikdo kasdien\u012f gyvenim\u0105, sukelia psichin\u0119 sumai\u0161t\u012f ir riboja fizin\u012f aktyvum\u0105, turi ma\u017eiau neigiam\u0173 pasekmi\u0173 dvi\u0161aliams santykiams ir charakteriui.<\/p>\n<p style=\"text-align: center;\"><span style=\"font-size: 24pt;\"><a href=\"https:\/\/todaykhoe.com\/buy-alcowin-lt\"><strong>D\u0117l vis\u0173 klausim\u0173 susisiekite \u2013 galima atsiskaityti grynaisiais pristatymo metu<\/strong><\/a><\/span><\/p>\n<h3>Tikrieji \u201eAlcoWin\u201c klient\u0173 atsiliepimai<\/h3>\n<p>\u201eAlcoWin\u201c atsiliepimai. Priklausomyb\u0117s atid\u0117jimas atpa\u017e\u012fstant blogiausi\u0105 priklausomyb\u0117s nuo alkoholio form\u0105 padeda. Diagnozuoti priklausomyb\u0119 nuo alkoholio sunkumais, tokiais kaip nesugeb\u0117jimas nustoti gerti, sav\u0119s praradimas ir savo gyvenimo griovimas. Pasak \u201eAlcoWin\u201c, alkoholizmo prie\u017eastys priklausomiems asmenims skiriasi. Keletas element\u0173 nat\u016braliai didina piktnaud\u017eiavim\u0105 alkoholiu.<\/p>\n<p>Pasak \u201eAlcoWin\u201c forumo, priklausomyb\u0117 nuo alkoholio gali atsirasti d\u0117l daugelio prie\u017eas\u010di\u0173. Ilgalaikis piktnaud\u017eiavimas alkoholiu gali atsirasti d\u0117l g\u0117rimo sunkiais laikais, pavyzd\u017eiui, \u0161eimos nari\u0173 mirtimi ar darbo netekimu. Per didelis alkoholio vartojimas gali lemti, kad socialiai geriantys asmenys tampa priklausomi to nesuvokdami.<\/p>\n<p>\u017dmon\u0117s yra nepatenkinti verslo, finansiniais, \u0161eimos, mokyklos, diplomatiniais ir kitais r\u016bpes\u010diais. Kai kurie \u017emon\u0117s vartoja alkohol\u012f, kad i\u0161vengt\u0173 \u0161i\u0173 problem\u0173. Komentarai gali nuraminti \u017emog\u0173 nuo pagrindini\u0173 problem\u0173, nuo kuri\u0173 jo protas bando pab\u0117gti.<\/p>\n<p>L\u0117tinis g\u0117rimas, siekiant i\u0161gyventi dien\u0105 ar savait\u0119, gali b\u016bti problemi\u0161kas. Nors mirtis ir i\u0161siskyrimas yra da\u017eni rei\u0161kiniai, asmenims gali b\u016bti sunku juos \u012fveikti. Dauguma \u017emoni\u0173 sunkiai i\u0161gyvena netekt\u012f, ypa\u010d po staigios mirties. Po \u0161eimos ar draugo mirties da\u017enai pasitaiko piktnaud\u017eiavimas alkoholiu.<\/p>\n<p>Probleminiai \u017emon\u0117s gali ilgai nesuprasti, kad yra alkoholikai. Remiantis 2025 m. vartotoj\u0173 \u012fvertinimais, gedintieji daug geria, kad i\u0161vengt\u0173 realyb\u0117s. Tokie veiksniai pagreitina g\u0117rim\u0105 ir apsunkina mesti r\u016bkyti.<\/p>\n<p style=\"text-align: center;\"><span style=\"font-size: 24pt;\"><a href=\"https:\/\/todaykhoe.com\/buy-alcowin-lt\"><strong>D\u0117l vis\u0173 klausim\u0173 susisiekite \u2013 galima atsiskaityti grynaisiais pristatymo metu<\/strong><\/a><\/span><\/p>\n<h3>2025 m. atsiliepimai:<\/h3>\n<blockquote><p>Kaip ir kiti sunk\u016bs r\u016bkaliai, band\u017eiau daug metimo r\u016bkyti metod\u0173, bet nes\u0117kmingai. \u017doleli\u0173 papildai buvo vienintel\u0117 priemon\u0117. Lengvas potraukio valdymas.<\/p>\n<p>Mano detoksikacijos programa suma\u017eino mano potrauk\u012f r\u016bkyti per savait\u0119. Reguliarus palaikymas man buvo naudingas. Nustojau gerti al\u0173, nes praradau susidom\u0117jim\u0105. \u201eAlcoWin\u201c veikia!\u201c<\/p>\n<p>Sveiki visi! \u0160is produktas pad\u0117jo man mesti r\u016bkyti ir mane nuramino. Vis dar n\u0117ra svorio augimo.\u201c<\/p><\/blockquote>\n<h3>Privalumai:<\/h3>\n<ul>\n<li>Suma\u017eina r\u016bkym\u0105, priklausomyb\u0119 nuo alkoholio, psichologin\u0119 priklausomyb\u0119, svorio augim\u0105 ir detoksikacij\u0105.<\/li>\n<li>\u201eAlcoWin\u201c dozavimas, informacija pacientui ir vartojimas<\/li>\n<li>Vadovaujantis instrukcijomis, \u201eAlcoWin\u201c veikia geriausiai.<\/li>\n<li>Vartokite kapsules pagal nurodymus, kad veikliosios med\u017eiagos b\u016bt\u0173 naudojamos saugiai ir efektyviai.<\/li>\n<li>Venkite vir\u0161yti papildo dienos norm\u0105!<\/li>\n<\/ul>\n<h3>Ar vartojate \u201eAlcoWin\u201c?<\/h3>\n<p>Vartotojai tur\u0117t\u0173 laikytis \u0161i\u0173 nurodym\u0173:<\/p>\n<ul>\n<li>Toliau gerkite kapsules u\u017egerdami vandeniu ir laikydamiesi re\u017eimo.<\/li>\n<li>U\u017ebaikite 3\u20134 savai\u010di\u0173 gydym\u0105.<\/li>\n<\/ul>\n<h3>Lietuvi\u0161ko \u201eAlcoWin\u201c kaina ir pirkimas.<\/h3>\n<p>Kiek ir kur lietuviai gali \u012fsigyti \u201eAlcoWin\u201c? J\u0173 svetain\u0117 yra vienintel\u0117 saugi vietao nusipirkti r\u016bkymo metimo table\u010di\u0173. Be to, \u201eAlcoWin\u201c yra pigus. Galite atsiskaityti grynaisiais pristatymo metu ir j\u016bs\u0173 u\u017esakymas bus pristatytas. Atlikite \u0161\u012f paprast\u0105 proces\u0105 ir gaukite puiki\u0105 \u201eAlcoWin\u201c kain\u0105.<\/p>\n<p style=\"text-align: center;\"><span style=\"font-size: 24pt;\"><a href=\"https:\/\/todaykhoe.com\/buy-alcowin-lt\"><strong>D\u0117l vis\u0173 klausim\u0173 susisiekite \u2013 galima atsiskaityti grynaisiais pristatymo metu<\/strong><\/a><\/span><\/p>\n<p><a href=\"https:\/\/todaykhoe.com\/buy-alcowin-lt\"><img loading=\"lazy\" decoding=\"async\" class=\"aligncenter size-full wp-image-152768\" src=\"https:\/\/todaykhoe.com\/wp-content\/uploads\/2025\/08\/AlcoWin-Kaina-Lithuania.png\" alt=\"AlcoWin Kaina Lithuania\" width=\"1007\" height=\"570\" srcset=\"https:\/\/www.todaykhoe.com\/wp-content\/uploads\/2025\/08\/AlcoWin-Kaina-Lithuania.png 1007w, https:\/\/www.todaykhoe.com\/wp-content\/uploads\/2025\/08\/AlcoWin-Kaina-Lithuania-300x170.png 300w, https:\/\/www.todaykhoe.com\/wp-content\/uploads\/2025\/08\/AlcoWin-Kaina-Lithuania-768x435.png 768w, https:\/\/www.todaykhoe.com\/wp-content\/uploads\/2025\/08\/AlcoWin-Kaina-Lithuania-600x340.png 600w\" sizes=\"auto, (max-width: 1007px) 100vw, 1007px\" \/><\/a><\/p>\n<h3>Da\u017eniausiai u\u017eduodami klausimai<\/h3>\n<p><strong>Kaip \u201eAlcoWin\u201c kapsul\u0117s gali pad\u0117ti man kovoti su alkoholiu? Kokios yra pagrindin\u0117s j\u0173 sudedamosios dalys?<\/strong><br \/>\n\u201eAlcoWin\u201c tablet\u0117se yra L-taurino, L-teanino, rododendr\u0173 er\u0161k\u0117\u010di\u0173, marijaus, silimarino ir \u017een\u0161enio \u0161akn\u0173 ekstrakto. \u0160ios chemin\u0117s med\u017eiagos stiprina kepenis, ma\u017eina stres\u0105 ir atgaivina organizm\u0105 alkoholio vartojimo nutraukimo metu.<\/p>\n<p><strong>Ar \u201eAlcoWin\u201c gali pad\u0117ti geriantiems \u017emon\u0117ms mesti r\u016bkyti?<\/strong><br \/>\n\u201eAlcoWin\u201c padeda nuo alkoholio vartojimo nutraukimo, apsaugo kepenis ir palengvina simptomus.<\/p>\n<p><strong>Ar \u201eAlcoWin\u201c kapsul\u0117s pagerina alkoholio vartojimo nutraukimo nuotaik\u0105?<\/strong><br \/>\n\u017den\u0161enis ir L-teaninas ma\u017eina alkoholio vartojimo nutraukimo stres\u0105 ir pakelia nuotaik\u0105.<\/p>\n<p><strong>Ar tur\u0117\u010diau vartoti \u201eAlcoWin\u201c kapsules tam tikr\u0105 savai\u010di\u0173 skai\u010di\u0173, kad pamaty\u010diau rezultatus?<\/strong><br \/>\nNor\u0117dami gauti geriausius rezultatus, vartokite kapsules daugel\u012f savai\u010di\u0173, kaip nurod\u0117 gydytojas arba gamintojas.<\/p>\n<p><strong>Ar \u201eAlcoWin\u201c tablet\u0117s kartu su kitais alkoholio priklausomyb\u0117s gydymo b\u016bdais \u2013 saugu?<\/strong><br \/>\nPrie\u0161 vartodami AlcoWin kartu su kitais vaistais, pasitarkite su gydytoju.<\/p>\n","protected":false},"excerpt":{"rendered":"<p><span style=\"font-size: 24pt;\"><strong>Alkoholizmo simptomai, gydymas ir prevencija<\/strong><\/span><\/p>\n<ul>\n<li>Galite atsiskaityti grynaisiais pinigais arba kreditine kortele gav\u0119 prek\u0119.<\/li>\n<li>Pristatymas per 2\u20133 dienas, galiojimo laikas iki 5 dien\u0173.<\/li>\n<li>Siunt\u0105 galite u\u017esisakyti pristatyt\u0105 \u012f namus arba \u012f pa\u0161to skyri\u0173. Taip pat galite u\u017esisakyti nemokam\u0105 pristatym\u0105 telefonu su operatoriumi.<\/li>\n<\/ul>\n<p><a href=\"https:\/\/todaykhoe.com\/buy-alcowin-lt\"><strong>D\u0117l vis\u0173 klausim\u0173 susisiekite \u2013 galima atsiskaityti grynaisiais pristatymo metu<\/strong><\/a><\/p>\n","protected":false},"featured_media":152768,"comment_status":"open","ping_status":"closed","template":"","meta":[],"product_brand":[],"product_cat":[435],"product_tag":[],"class_list":{"0":"post-152767","1":"product","2":"type-product","3":"status-publish","4":"has-post-thumbnail","6":"product_cat-health","8":"first","9":"instock","10":"shipping-taxable","11":"product-type-external"},"yoast_head":"<!-- This site is optimized with the Yoast SEO plugin v27.3 - https:\/\/yoast.com\/product\/yoast-seo-wordpress\/ -->\n<title>AlcoWin Kaina Lithuania: Kapsul\u0117s nuo alkoholizmo! Atsiliepimai<\/title>\n<meta name=\"description\" content=\"AlcoWin Kaina Lithuania: Kapsul\u0117s nuo alkoholizmo! Atsiliepimai, Privalumai, \u0161alutinis poveikis ir pirkimas Lietuvoje. AlcoWin padeda kovoti su alkoholizmu\" \/>\n<meta name=\"robots\" content=\"index, follow, max-snippet:-1, max-image-preview:large, max-video-preview:-1\" \/>\n<link rel=\"canonical\" href=\"https:\/\/www.todaykhoe.com\/product\/alcowin-kaina-lithuania\/\" \/>\n<meta property=\"og:locale\" content=\"bg_BG\" \/>\n<meta property=\"og:type\" content=\"article\" \/>\n<meta property=\"og:title\" content=\"AlcoWin Kaina Lithuania: Kapsul\u0117s nuo alkoholizmo! Atsiliepimai\" \/>\n<meta property=\"og:description\" content=\"AlcoWin Kaina Lithuania: Kapsul\u0117s nuo alkoholizmo! Atsiliepimai, Privalumai, \u0161alutinis poveikis ir pirkimas Lietuvoje. AlcoWin padeda kovoti su alkoholizmu\" \/>\n<meta property=\"og:url\" content=\"https:\/\/www.todaykhoe.com\/product\/alcowin-kaina-lithuania\/\" \/>\n<meta property=\"og:site_name\" content=\"TodayKh\u1ecfe.Com\" \/>\n<meta property=\"article:modified_time\" content=\"2025-08-18T14:58:16+00:00\" \/>\n<meta property=\"og:image\" content=\"https:\/\/www.todaykhoe.com\/wp-content\/uploads\/2025\/08\/AlcoWin-Kaina-Lithuania.png\" \/>\n\t<meta property=\"og:image:width\" content=\"1007\" \/>\n\t<meta property=\"og:image:height\" content=\"570\" \/>\n\t<meta property=\"og:image:type\" content=\"image\/png\" \/>\n<meta name=\"twitter:card\" content=\"summary_large_image\" \/>\n<meta name=\"twitter:label1\" content=\"Est. reading time\" \/>\n\t<meta name=\"twitter:data1\" content=\"5 \u043c\u0438\u043d\u0443\u0442\u0438\" \/>\n<script type=\"application\/ld+json\" class=\"yoast-schema-graph\">{\"@context\":\"https:\\\/\\\/schema.org\",\"@graph\":[{\"@type\":\"WebPage\",\"@id\":\"https:\\\/\\\/www.todaykhoe.com\\\/product\\\/alcowin-kaina-lithuania\\\/\",\"url\":\"https:\\\/\\\/www.todaykhoe.com\\\/product\\\/alcowin-kaina-lithuania\\\/\",\"name\":\"AlcoWin Kaina Lithuania: Kapsul\u0117s nuo alkoholizmo! Atsiliepimai\",\"isPartOf\":{\"@id\":\"https:\\\/\\\/www.todaykhoe.com\\\/#website\"},\"primaryImageOfPage\":{\"@id\":\"https:\\\/\\\/www.todaykhoe.com\\\/product\\\/alcowin-kaina-lithuania\\\/#primaryimage\"},\"image\":{\"@id\":\"https:\\\/\\\/www.todaykhoe.com\\\/product\\\/alcowin-kaina-lithuania\\\/#primaryimage\"},\"thumbnailUrl\":\"https:\\\/\\\/www.todaykhoe.com\\\/wp-content\\\/uploads\\\/2025\\\/08\\\/AlcoWin-Kaina-Lithuania.png\",\"datePublished\":\"2025-08-18T14:57:55+00:00\",\"dateModified\":\"2025-08-18T14:58:16+00:00\",\"description\":\"AlcoWin Kaina Lithuania: Kapsul\u0117s nuo alkoholizmo! Atsiliepimai, Privalumai, \u0161alutinis poveikis ir pirkimas Lietuvoje. AlcoWin padeda kovoti su alkoholizmu\",\"breadcrumb\":{\"@id\":\"https:\\\/\\\/www.todaykhoe.com\\\/product\\\/alcowin-kaina-lithuania\\\/#breadcrumb\"},\"inLanguage\":\"bg-BG\",\"potentialAction\":[{\"@type\":\"ReadAction\",\"target\":[\"https:\\\/\\\/www.todaykhoe.com\\\/product\\\/alcowin-kaina-lithuania\\\/\"]}]},{\"@type\":\"ImageObject\",\"inLanguage\":\"bg-BG\",\"@id\":\"https:\\\/\\\/www.todaykhoe.com\\\/product\\\/alcowin-kaina-lithuania\\\/#primaryimage\",\"url\":\"https:\\\/\\\/www.todaykhoe.com\\\/wp-content\\\/uploads\\\/2025\\\/08\\\/AlcoWin-Kaina-Lithuania.png\",\"contentUrl\":\"https:\\\/\\\/www.todaykhoe.com\\\/wp-content\\\/uploads\\\/2025\\\/08\\\/AlcoWin-Kaina-Lithuania.png\",\"width\":1007,\"height\":570,\"caption\":\"AlcoWin Kaina Lithuania\"},{\"@type\":\"BreadcrumbList\",\"@id\":\"https:\\\/\\\/www.todaykhoe.com\\\/product\\\/alcowin-kaina-lithuania\\\/#breadcrumb\",\"itemListElement\":[{\"@type\":\"ListItem\",\"position\":1,\"name\":\"Home\",\"item\":\"https:\\\/\\\/www.todaykhoe.com\\\/\"},{\"@type\":\"ListItem\",\"position\":2,\"name\":\"Shop\",\"item\":\"https:\\\/\\\/www.todaykhoe.com\\\/shop\\\/\"},{\"@type\":\"ListItem\",\"position\":3,\"name\":\"AlcoWin Kaina\"}]},{\"@type\":\"WebSite\",\"@id\":\"https:\\\/\\\/www.todaykhoe.com\\\/#website\",\"url\":\"https:\\\/\\\/www.todaykhoe.com\\\/\",\"name\":\"TodayKh\u1ecfe.Com\",\"description\":\"Healthy Today, Fitness, Nutrition, Beauty, News!\",\"publisher\":{\"@id\":\"https:\\\/\\\/www.todaykhoe.com\\\/#organization\"},\"potentialAction\":[{\"@type\":\"SearchAction\",\"target\":{\"@type\":\"EntryPoint\",\"urlTemplate\":\"https:\\\/\\\/www.todaykhoe.com\\\/?s={search_term_string}\"},\"query-input\":{\"@type\":\"PropertyValueSpecification\",\"valueRequired\":true,\"valueName\":\"search_term_string\"}}],\"inLanguage\":\"bg-BG\"},{\"@type\":\"Organization\",\"@id\":\"https:\\\/\\\/www.todaykhoe.com\\\/#organization\",\"name\":\"TodayKh\u1ecfe.Com\",\"url\":\"https:\\\/\\\/www.todaykhoe.com\\\/\",\"logo\":{\"@type\":\"ImageObject\",\"inLanguage\":\"bg-BG\",\"@id\":\"https:\\\/\\\/www.todaykhoe.com\\\/#\\\/schema\\\/logo\\\/image\\\/\",\"url\":\"https:\\\/\\\/www.todaykhoe.com\\\/wp-content\\\/uploads\\\/2025\\\/04\\\/Todaykhoe.png\",\"contentUrl\":\"https:\\\/\\\/www.todaykhoe.com\\\/wp-content\\\/uploads\\\/2025\\\/04\\\/Todaykhoe.png\",\"width\":706,\"height\":159,\"caption\":\"TodayKh\u1ecfe.Com\"},\"image\":{\"@id\":\"https:\\\/\\\/www.todaykhoe.com\\\/#\\\/schema\\\/logo\\\/image\\\/\"}}]}<\/script>\n<!-- \/ Yoast SEO plugin. -->","yoast_head_json":{"title":"AlcoWin Kaina Lithuania: Kapsul\u0117s nuo alkoholizmo! Atsiliepimai","description":"AlcoWin Kaina Lithuania: Kapsul\u0117s nuo alkoholizmo! Atsiliepimai, Privalumai, \u0161alutinis poveikis ir pirkimas Lietuvoje. AlcoWin padeda kovoti su alkoholizmu","robots":{"index":"index","follow":"follow","max-snippet":"max-snippet:-1","max-image-preview":"max-image-preview:large","max-video-preview":"max-video-preview:-1"},"canonical":"https:\/\/www.todaykhoe.com\/product\/alcowin-kaina-lithuania\/","og_locale":"bg_BG","og_type":"article","og_title":"AlcoWin Kaina Lithuania: Kapsul\u0117s nuo alkoholizmo! Atsiliepimai","og_description":"AlcoWin Kaina Lithuania: Kapsul\u0117s nuo alkoholizmo! Atsiliepimai, Privalumai, \u0161alutinis poveikis ir pirkimas Lietuvoje. AlcoWin padeda kovoti su alkoholizmu","og_url":"https:\/\/www.todaykhoe.com\/product\/alcowin-kaina-lithuania\/","og_site_name":"TodayKh\u1ecfe.Com","article_modified_time":"2025-08-18T14:58:16+00:00","og_image":[{"width":1007,"height":570,"url":"https:\/\/www.todaykhoe.com\/wp-content\/uploads\/2025\/08\/AlcoWin-Kaina-Lithuania.png","type":"image\/png"}],"twitter_card":"summary_large_image","twitter_misc":{"Est. reading time":"5 \u043c\u0438\u043d\u0443\u0442\u0438"},"schema":{"@context":"https:\/\/schema.org","@graph":[{"@type":"WebPage","@id":"https:\/\/www.todaykhoe.com\/product\/alcowin-kaina-lithuania\/","url":"https:\/\/www.todaykhoe.com\/product\/alcowin-kaina-lithuania\/","name":"AlcoWin Kaina Lithuania: Kapsul\u0117s nuo alkoholizmo! Atsiliepimai","isPartOf":{"@id":"https:\/\/www.todaykhoe.com\/#website"},"primaryImageOfPage":{"@id":"https:\/\/www.todaykhoe.com\/product\/alcowin-kaina-lithuania\/#primaryimage"},"image":{"@id":"https:\/\/www.todaykhoe.com\/product\/alcowin-kaina-lithuania\/#primaryimage"},"thumbnailUrl":"https:\/\/www.todaykhoe.com\/wp-content\/uploads\/2025\/08\/AlcoWin-Kaina-Lithuania.png","datePublished":"2025-08-18T14:57:55+00:00","dateModified":"2025-08-18T14:58:16+00:00","description":"AlcoWin Kaina Lithuania: Kapsul\u0117s nuo alkoholizmo! Atsiliepimai, Privalumai, \u0161alutinis poveikis ir pirkimas Lietuvoje. AlcoWin padeda kovoti su alkoholizmu","breadcrumb":{"@id":"https:\/\/www.todaykhoe.com\/product\/alcowin-kaina-lithuania\/#breadcrumb"},"inLanguage":"bg-BG","potentialAction":[{"@type":"ReadAction","target":["https:\/\/www.todaykhoe.com\/product\/alcowin-kaina-lithuania\/"]}]},{"@type":"ImageObject","inLanguage":"bg-BG","@id":"https:\/\/www.todaykhoe.com\/product\/alcowin-kaina-lithuania\/#primaryimage","url":"https:\/\/www.todaykhoe.com\/wp-content\/uploads\/2025\/08\/AlcoWin-Kaina-Lithuania.png","contentUrl":"https:\/\/www.todaykhoe.com\/wp-content\/uploads\/2025\/08\/AlcoWin-Kaina-Lithuania.png","width":1007,"height":570,"caption":"AlcoWin Kaina Lithuania"},{"@type":"BreadcrumbList","@id":"https:\/\/www.todaykhoe.com\/product\/alcowin-kaina-lithuania\/#breadcrumb","itemListElement":[{"@type":"ListItem","position":1,"name":"Home","item":"https:\/\/www.todaykhoe.com\/"},{"@type":"ListItem","position":2,"name":"Shop","item":"https:\/\/www.todaykhoe.com\/shop\/"},{"@type":"ListItem","position":3,"name":"AlcoWin Kaina"}]},{"@type":"WebSite","@id":"https:\/\/www.todaykhoe.com\/#website","url":"https:\/\/www.todaykhoe.com\/","name":"TodayKh\u1ecfe.Com","description":"Healthy Today, Fitness, Nutrition, Beauty, News!","publisher":{"@id":"https:\/\/www.todaykhoe.com\/#organization"},"potentialAction":[{"@type":"SearchAction","target":{"@type":"EntryPoint","urlTemplate":"https:\/\/www.todaykhoe.com\/?s={search_term_string}"},"query-input":{"@type":"PropertyValueSpecification","valueRequired":true,"valueName":"search_term_string"}}],"inLanguage":"bg-BG"},{"@type":"Organization","@id":"https:\/\/www.todaykhoe.com\/#organization","name":"TodayKh\u1ecfe.Com","url":"https:\/\/www.todaykhoe.com\/","logo":{"@type":"ImageObject","inLanguage":"bg-BG","@id":"https:\/\/www.todaykhoe.com\/#\/schema\/logo\/image\/","url":"https:\/\/www.todaykhoe.com\/wp-content\/uploads\/2025\/04\/Todaykhoe.png","contentUrl":"https:\/\/www.todaykhoe.com\/wp-content\/uploads\/2025\/04\/Todaykhoe.png","width":706,"height":159,"caption":"TodayKh\u1ecfe.Com"},"image":{"@id":"https:\/\/www.todaykhoe.com\/#\/schema\/logo\/image\/"}}]}},"_links":{"self":[{"href":"https:\/\/www.todaykhoe.com\/bg\/wp-json\/wp\/v2\/product\/152767","targetHints":{"allow":["GET"]}}],"collection":[{"href":"https:\/\/www.todaykhoe.com\/bg\/wp-json\/wp\/v2\/product"}],"about":[{"href":"https:\/\/www.todaykhoe.com\/bg\/wp-json\/wp\/v2\/types\/product"}],"replies":[{"embeddable":true,"href":"https:\/\/www.todaykhoe.com\/bg\/wp-json\/wp\/v2\/comments?post=152767"}],"wp:featuredmedia":[{"embeddable":true,"href":"https:\/\/www.todaykhoe.com\/bg\/wp-json\/wp\/v2\/media\/152768"}],"wp:attachment":[{"href":"https:\/\/www.todaykhoe.com\/bg\/wp-json\/wp\/v2\/media?parent=152767"}],"wp:term":[{"taxonomy":"product_brand","embeddable":true,"href":"https:\/\/www.todaykhoe.com\/bg\/wp-json\/wp\/v2\/product_brand?post=152767"},{"taxonomy":"product_cat","embeddable":true,"href":"https:\/\/www.todaykhoe.com\/bg\/wp-json\/wp\/v2\/product_cat?post=152767"},{"taxonomy":"product_tag","embeddable":true,"href":"https:\/\/www.todaykhoe.com\/bg\/wp-json\/wp\/v2\/product_tag?post=152767"}],"curies":[{"name":"wp","href":"https:\/\/api.w.org\/{rel}","templated":true}]}}