{"id":118277,"date":"2025-06-25T11:29:17","date_gmt":"2025-06-25T11:29:17","guid":{"rendered":"https:\/\/todaykhoe.com\/?post_type=product&#038;p=118277"},"modified":"2025-06-26T09:13:57","modified_gmt":"2025-06-26T09:13:57","slug":"inspilar-capsula","status":"publish","type":"product","link":"https:\/\/www.todaykhoe.com\/bg\/product\/inspilar-capsula\/","title":{"rendered":"Inspilar C\u00e1psula"},"content":{"rendered":"<p>A r\u00e1pida normaliza\u00e7\u00e3o da press\u00e3o arterial \u00e9 poss\u00edvel com as c\u00e1psulas de <a href=\"https:\/\/todaykhoe.com\/product\/inspilar-capsula\"><b>Inspilar<\/b><\/a>. Fortalecem e d\u00e3o elasticidade \u00e0s paredes arteriais e aliviam a hipertens\u00e3o persistente. Desobstruem as art\u00e9rias sangu\u00edneas dos bloqueios e das placas. Testemunhos em f\u00f3runs revelam que o tratamento reduz a gordura corporal m\u00e9dia.<\/p>\n<p>Sem contraindica\u00e7\u00f5es aparentes. Os cardiologistas especialistas afirmam que o Inspilar \u00e9 um tratamento natural de ponta para a hipertens\u00e3o arterial. O tratamento org\u00e2nico ajuda a produzir gl\u00f3bulos vermelhos e a levar oxig\u00e9nio aos \u00f3rg\u00e3os.<\/p>\n<p>Estudo cl\u00ednico demonstrou que as c\u00e1psulas filmadas s\u00e3o seguras e 93% eficazes para a dilata\u00e7\u00e3o dos vasos sangu\u00edneos. Inspilar reduz o stress oxidativo e elimina os sintomas da hipertens\u00e3o cr\u00f3nica.<\/p>\n<h2>O que \u00e9 o Inspilar e porque \u00e9 utilizado?<\/h2>\n<p>As c\u00e1psulas naturais de Inspilar normalizam rapidamente a press\u00e3o arterial e o colesterol. Restabelecem o equil\u00edbrio corporal e desobstruem as art\u00e9rias e os vasos sangu\u00edneos dos bloqueios e das placas. A subst\u00e2ncia estimula a forma\u00e7\u00e3o de gl\u00f3bulos vermelhos e a oxigena\u00e7\u00e3o dos \u00f3rg\u00e3os.<\/p>\n<p>Os cardiologistas especialistas afirmam que o Inspilar \u00e9 uma excelente alternativa sem receita m\u00e9dica aos medicamentos. N\u00e3o h\u00e1 queixas importantes sobre o Inspilar. Estas c\u00e1psulas org\u00e2nicas cumpriram os requisitos de testes cl\u00ednicos. Em m\u00e9dia, tratam a hipertens\u00e3o persistente com 93% de efic\u00e1cia.<\/p>\n<p>O produto garante que as art\u00e9rias sangu\u00edneas se expandem adequadamente e circulam sangue suficiente. Reduzem a vontade de comer e aceleram a queima de gordura visceral, ajudando-o a perder peso. O Inspilar \u00e9 um tratamento eficaz para a hipertens\u00e3o arterial que o mant\u00e9m em forma.<\/p>\n<h3>Inspilar &#8211; Elimina sedimentos e torna a vida mais f\u00e1cil para os diabetes<\/h3>\n<ul>\n<li>Evita saltos de a\u00e7\u00facar, e contribui para melhorias de bem estar durante o dia<\/li>\n<li>Converte glicose em energia, protege \u00f3rg\u00e3os internos e vasos da destrui\u00e7\u00e3o<\/li>\n<li>Melhora o metabolismo e reduz o peso, ajuda a eliminar a causa subjacente dos diabetes<\/li>\n<\/ul>\n<h4>Inspilar &#8211; Efic\u00e1cia dos componentes Inspilar para controlo de diabetes repetidamente confirmado<\/h4>\n<ul>\n<li><b>Pterocarpus marsupium:<\/b> Reduz a absor\u00e7\u00e3o de glicose no trato gastrointestinal, regula o conte\u00fado de insulina e proinsulina, promove a regenera\u00e7\u00e3o de c\u00e9lulas beta<\/li>\n<li><b>Eugenia jambolana:<\/b> Reduz a concentra\u00e7\u00e3o de a\u00e7\u00facar e o \u201cmau\u201d colesterol no sangue, tem um efeito estimulante das fun\u00e7\u00f5es das p\u00e2ncreas<\/li>\n<li><b>Gymnema sylvestre:<\/b> Promove uma melhor digest\u00e3o da glicose nas c\u00e9lulas, reduz o apetite e vontade dos doces, estabiliza o n\u00edvel de lip\u00eddios no sangue e impede o desenvolvimento de doen\u00e7as cardiovasculares<\/li>\n<\/ul>\n<h3>Como tomar o Inspilar<\/h3>\n<ol>\n<li>Uma vez por dia 1-2 c\u00e1psulas<\/li>\n<li>Independentemente da refei\u00e7\u00e3o.<\/li>\n<\/ol>\n<h3>F\u00f3runs de Avalia\u00e7\u00e3o e Discuss\u00e3o<\/h3>\n<p>N\u00e3o existem avalia\u00e7\u00f5es ou testemunhos negativos sobre o Inspilar nos f\u00f3runs. Os f\u00e3s da naturopatia adoram c\u00e1psulas org\u00e2nicas para regular a press\u00e3o arterial. O produto melhora facilmente a circula\u00e7\u00e3o sangu\u00ednea do organismo. Alguns clientes relatam ter perdido dois quilos durante o tratamento. O Inspilar \u00e9 um dos melhores suplementos org\u00e2nicos para a sa\u00fade card\u00edaca, afirmam os especialistas.<\/p>\n<p><strong>Coment\u00e1rios:<\/strong><\/p>\n<blockquote><p>\u00d3timo produto! Costumava tomar uma mao cheia de p\u00edlulas, agora eu s\u00f3 tomo Inspilar duas vezes ao dia. Mal come\u00e7ei a toma-los, as convuls\u00f5es desapareceram. Ultimamente, at\u00e9 parei de seguir o n\u00edvel de a\u00e7\u00facar. Sinto-me bem. Bebo Inspilar pouco mais de um m\u00eas. Paulo, 49 anos Lisboa;<\/p>\n<p>Sofro de diabete do tipo 2, a muitos anos. A\u00e7\u00facar no meu sangue em um dia poderia saltar de 3.2 para 13. Depois de come\u00e7ar a beber Inspilar, o a\u00e7\u00facar come\u00e7ou a mudar na faixa de 5-6, ou seja, no intervalo normal e juntamente com isso veio e bem-estar. Grata! Maria, 53 anos Alverca;<\/p>\n<p>Eu realmente gostei das c\u00e1psulas de Inspilar. Comecei a beb\u00ea-las h\u00e1 duas semanas e j\u00e1 sinto melhorias significativas. O a\u00e7\u00facar caiu de 12 para 6, o excesso de peso de 104 kg para 92 kg, as pernas pararam de inchar. Al\u00e9m disso, h\u00e1 for\u00e7a e vitalidade. Eu recomendo a todos. Inspilar \u00e9 o melhor rem\u00e9dio para diabetes. Victor, 51 anos Faro;<\/p><\/blockquote>\n<h2>Pre\u00e7o do Inspilar em Portugal: Onde Comprar?<\/h2>\n<p>Visite o site oficial destas c\u00e1psulas para a hipertens\u00e3o para saber onde comprar Inspilar em Portugal a bom pre\u00e7o. Deve introduzir o seu nome e n\u00famero de telefone atual no formul\u00e1rio online para encomendar. Um representante da empresa ligar\u00e1 para confirmar o seu endere\u00e7o de entrega. O Inspilar est\u00e1 com 50% de desconto neste momento.<\/p>\n<p>O pedido digital padr\u00e3o de produtos aplica-se \u00e0s c\u00e1psulas Inspilar para a sa\u00fade cardiovascular. Os clientes preenchem o formul\u00e1rio de encomenda, confirmam por telefone e aguardam a entrega, o que pode demorar uma semana. O pagamento \u00e9 feito no ato da entrega.<\/p>\n<p>Evite as farm\u00e1cias Mercury Drug e TGP para comprar Cradiorin. N\u00e3o \u00e9 vendido l\u00e1. A empresa n\u00e3o recorre a comerciantes porque quer oferecer ingredientes de alta qualidade a um pre\u00e7o justo. As c\u00e1psulas para a hipertens\u00e3o s\u00e3o vendidas apenas no seu site. Cuidado com as burlas do Inspilar e os produtos fraudulentos na Watson, Lazada, Shoppee e Mercury Drug. Podem n\u00e3o te inspirar.<\/p>\n","protected":false},"excerpt":{"rendered":"<h2><span style=\"color: #000000;\">Inspilar &#8211; Elimina sedimentos e torna a vida mais f\u00e1cil para os diabetes<\/span><\/h2>\n<ul>\n<li><span style=\"color: #000000;\">Evita saltos de a\u00e7\u00facar, e contribui para melhorias de bem estar durante o dia<\/span><\/li>\n<li><span style=\"color: #000000;\">Converte glicose em energia, protege \u00f3rg\u00e3os internos e vasos da destrui\u00e7\u00e3o<\/span><\/li>\n<li><span style=\"color: #000000;\">Melhora o metabolismo e reduz o peso, ajuda a eliminar a causa subjacente dos diabetes<\/span><\/li>\n<\/ul>\n<p><span style=\"font-size: 14pt; color: #000000;\"><span style=\"color: #000000;\"><b>Antigo Pre\u00e7o: <span style=\"color: #ff0000;\"><del>78 \u20ac<\/del><\/span><\/b><\/span><\/span><\/p>\n<p><span style=\"font-size: 16pt; color: #000000;\"><span style=\"color: #000000;\"><b>Novo Pre\u00e7o: <span style=\"color: #00ff00;\"><span class=\"price__num x_price_current\">39 <\/span><span class=\"price__currency x_currency\">\u20ac<\/span><\/span><\/b><\/span><\/span><\/p>\n<p><span style=\"color: #000000;\">\u00a0<\/span><\/p>\n","protected":false},"featured_media":118278,"comment_status":"open","ping_status":"closed","template":"","meta":[],"product_brand":[],"product_cat":[435],"product_tag":[],"class_list":{"0":"post-118277","1":"product","2":"type-product","3":"status-publish","4":"has-post-thumbnail","6":"product_cat-health","8":"first","9":"instock","10":"shipping-taxable","11":"product-type-external"},"yoast_head":"<!-- This site is optimized with the Yoast SEO plugin v27.3 - https:\/\/yoast.com\/product\/yoast-seo-wordpress\/ -->\n<title>Inspilar C\u00e1psula - Gerir o a\u00e7\u00facar no sangue - Inspilar Portugal 2025<\/title>\n<meta name=\"description\" content=\"Inspilar c\u00e1psulas de normalizam rapidamente a press\u00e3o arterial e o colesterol. Restabelecem o equil\u00edbrio corporal. Inspilar Portugal 2025\" \/>\n<meta name=\"robots\" content=\"index, follow, max-snippet:-1, max-image-preview:large, max-video-preview:-1\" \/>\n<link rel=\"canonical\" href=\"https:\/\/www.todaykhoe.com\/product\/inspilar-capsula\/\" \/>\n<meta property=\"og:locale\" content=\"bg_BG\" \/>\n<meta property=\"og:type\" content=\"article\" \/>\n<meta property=\"og:title\" content=\"Inspilar C\u00e1psula - Gerir o a\u00e7\u00facar no sangue - Inspilar Portugal 2025\" \/>\n<meta property=\"og:description\" content=\"Inspilar c\u00e1psulas de normalizam rapidamente a press\u00e3o arterial e o colesterol. Restabelecem o equil\u00edbrio corporal. Inspilar Portugal 2025\" \/>\n<meta property=\"og:url\" content=\"https:\/\/www.todaykhoe.com\/product\/inspilar-capsula\/\" \/>\n<meta property=\"og:site_name\" content=\"TodayKh\u1ecfe.Com\" \/>\n<meta property=\"article:modified_time\" content=\"2025-06-26T09:13:57+00:00\" \/>\n<meta property=\"og:image\" content=\"https:\/\/www.todaykhoe.com\/wp-content\/uploads\/2025\/06\/Inspilar.png\" \/>\n\t<meta property=\"og:image:width\" content=\"309\" \/>\n\t<meta property=\"og:image:height\" content=\"315\" \/>\n\t<meta property=\"og:image:type\" content=\"image\/png\" \/>\n<meta name=\"twitter:card\" content=\"summary_large_image\" \/>\n<meta name=\"twitter:label1\" content=\"Est. reading time\" \/>\n\t<meta name=\"twitter:data1\" content=\"4 \u043c\u0438\u043d\u0443\u0442\u0438\" \/>\n<script type=\"application\/ld+json\" class=\"yoast-schema-graph\">{\"@context\":\"https:\\\/\\\/schema.org\",\"@graph\":[{\"@type\":\"WebPage\",\"@id\":\"https:\\\/\\\/www.todaykhoe.com\\\/product\\\/inspilar-capsula\\\/\",\"url\":\"https:\\\/\\\/www.todaykhoe.com\\\/product\\\/inspilar-capsula\\\/\",\"name\":\"Inspilar C\u00e1psula - Gerir o a\u00e7\u00facar no sangue - Inspilar Portugal 2025\",\"isPartOf\":{\"@id\":\"https:\\\/\\\/www.todaykhoe.com\\\/#website\"},\"primaryImageOfPage\":{\"@id\":\"https:\\\/\\\/www.todaykhoe.com\\\/product\\\/inspilar-capsula\\\/#primaryimage\"},\"image\":{\"@id\":\"https:\\\/\\\/www.todaykhoe.com\\\/product\\\/inspilar-capsula\\\/#primaryimage\"},\"thumbnailUrl\":\"https:\\\/\\\/www.todaykhoe.com\\\/wp-content\\\/uploads\\\/2025\\\/06\\\/Inspilar.png\",\"datePublished\":\"2025-06-25T11:29:17+00:00\",\"dateModified\":\"2025-06-26T09:13:57+00:00\",\"description\":\"Inspilar c\u00e1psulas de normalizam rapidamente a press\u00e3o arterial e o colesterol. Restabelecem o equil\u00edbrio corporal. Inspilar Portugal 2025\",\"breadcrumb\":{\"@id\":\"https:\\\/\\\/www.todaykhoe.com\\\/product\\\/inspilar-capsula\\\/#breadcrumb\"},\"inLanguage\":\"bg-BG\",\"potentialAction\":[{\"@type\":\"ReadAction\",\"target\":[\"https:\\\/\\\/www.todaykhoe.com\\\/product\\\/inspilar-capsula\\\/\"]}]},{\"@type\":\"ImageObject\",\"inLanguage\":\"bg-BG\",\"@id\":\"https:\\\/\\\/www.todaykhoe.com\\\/product\\\/inspilar-capsula\\\/#primaryimage\",\"url\":\"https:\\\/\\\/www.todaykhoe.com\\\/wp-content\\\/uploads\\\/2025\\\/06\\\/Inspilar.png\",\"contentUrl\":\"https:\\\/\\\/www.todaykhoe.com\\\/wp-content\\\/uploads\\\/2025\\\/06\\\/Inspilar.png\",\"width\":309,\"height\":315,\"caption\":\"Inspilar\"},{\"@type\":\"BreadcrumbList\",\"@id\":\"https:\\\/\\\/www.todaykhoe.com\\\/product\\\/inspilar-capsula\\\/#breadcrumb\",\"itemListElement\":[{\"@type\":\"ListItem\",\"position\":1,\"name\":\"Home\",\"item\":\"https:\\\/\\\/www.todaykhoe.com\\\/\"},{\"@type\":\"ListItem\",\"position\":2,\"name\":\"Shop\",\"item\":\"https:\\\/\\\/www.todaykhoe.com\\\/shop\\\/\"},{\"@type\":\"ListItem\",\"position\":3,\"name\":\"Inspilar C\u00e1psula\"}]},{\"@type\":\"WebSite\",\"@id\":\"https:\\\/\\\/www.todaykhoe.com\\\/#website\",\"url\":\"https:\\\/\\\/www.todaykhoe.com\\\/\",\"name\":\"TodayKh\u1ecfe.Com\",\"description\":\"Healthy Today, Fitness, Nutrition, Beauty, News!\",\"publisher\":{\"@id\":\"https:\\\/\\\/www.todaykhoe.com\\\/#organization\"},\"potentialAction\":[{\"@type\":\"SearchAction\",\"target\":{\"@type\":\"EntryPoint\",\"urlTemplate\":\"https:\\\/\\\/www.todaykhoe.com\\\/?s={search_term_string}\"},\"query-input\":{\"@type\":\"PropertyValueSpecification\",\"valueRequired\":true,\"valueName\":\"search_term_string\"}}],\"inLanguage\":\"bg-BG\"},{\"@type\":\"Organization\",\"@id\":\"https:\\\/\\\/www.todaykhoe.com\\\/#organization\",\"name\":\"TodayKh\u1ecfe.Com\",\"url\":\"https:\\\/\\\/www.todaykhoe.com\\\/\",\"logo\":{\"@type\":\"ImageObject\",\"inLanguage\":\"bg-BG\",\"@id\":\"https:\\\/\\\/www.todaykhoe.com\\\/#\\\/schema\\\/logo\\\/image\\\/\",\"url\":\"https:\\\/\\\/www.todaykhoe.com\\\/wp-content\\\/uploads\\\/2025\\\/04\\\/Todaykhoe.png\",\"contentUrl\":\"https:\\\/\\\/www.todaykhoe.com\\\/wp-content\\\/uploads\\\/2025\\\/04\\\/Todaykhoe.png\",\"width\":706,\"height\":159,\"caption\":\"TodayKh\u1ecfe.Com\"},\"image\":{\"@id\":\"https:\\\/\\\/www.todaykhoe.com\\\/#\\\/schema\\\/logo\\\/image\\\/\"}}]}<\/script>\n<!-- \/ Yoast SEO plugin. -->","yoast_head_json":{"title":"Inspilar C\u00e1psula - Gerir o a\u00e7\u00facar no sangue - Inspilar Portugal 2025","description":"Inspilar c\u00e1psulas de normalizam rapidamente a press\u00e3o arterial e o colesterol. Restabelecem o equil\u00edbrio corporal. Inspilar Portugal 2025","robots":{"index":"index","follow":"follow","max-snippet":"max-snippet:-1","max-image-preview":"max-image-preview:large","max-video-preview":"max-video-preview:-1"},"canonical":"https:\/\/www.todaykhoe.com\/product\/inspilar-capsula\/","og_locale":"bg_BG","og_type":"article","og_title":"Inspilar C\u00e1psula - Gerir o a\u00e7\u00facar no sangue - Inspilar Portugal 2025","og_description":"Inspilar c\u00e1psulas de normalizam rapidamente a press\u00e3o arterial e o colesterol. Restabelecem o equil\u00edbrio corporal. Inspilar Portugal 2025","og_url":"https:\/\/www.todaykhoe.com\/product\/inspilar-capsula\/","og_site_name":"TodayKh\u1ecfe.Com","article_modified_time":"2025-06-26T09:13:57+00:00","og_image":[{"width":309,"height":315,"url":"https:\/\/www.todaykhoe.com\/wp-content\/uploads\/2025\/06\/Inspilar.png","type":"image\/png"}],"twitter_card":"summary_large_image","twitter_misc":{"Est. reading time":"4 \u043c\u0438\u043d\u0443\u0442\u0438"},"schema":{"@context":"https:\/\/schema.org","@graph":[{"@type":"WebPage","@id":"https:\/\/www.todaykhoe.com\/product\/inspilar-capsula\/","url":"https:\/\/www.todaykhoe.com\/product\/inspilar-capsula\/","name":"Inspilar C\u00e1psula - Gerir o a\u00e7\u00facar no sangue - Inspilar Portugal 2025","isPartOf":{"@id":"https:\/\/www.todaykhoe.com\/#website"},"primaryImageOfPage":{"@id":"https:\/\/www.todaykhoe.com\/product\/inspilar-capsula\/#primaryimage"},"image":{"@id":"https:\/\/www.todaykhoe.com\/product\/inspilar-capsula\/#primaryimage"},"thumbnailUrl":"https:\/\/www.todaykhoe.com\/wp-content\/uploads\/2025\/06\/Inspilar.png","datePublished":"2025-06-25T11:29:17+00:00","dateModified":"2025-06-26T09:13:57+00:00","description":"Inspilar c\u00e1psulas de normalizam rapidamente a press\u00e3o arterial e o colesterol. Restabelecem o equil\u00edbrio corporal. Inspilar Portugal 2025","breadcrumb":{"@id":"https:\/\/www.todaykhoe.com\/product\/inspilar-capsula\/#breadcrumb"},"inLanguage":"bg-BG","potentialAction":[{"@type":"ReadAction","target":["https:\/\/www.todaykhoe.com\/product\/inspilar-capsula\/"]}]},{"@type":"ImageObject","inLanguage":"bg-BG","@id":"https:\/\/www.todaykhoe.com\/product\/inspilar-capsula\/#primaryimage","url":"https:\/\/www.todaykhoe.com\/wp-content\/uploads\/2025\/06\/Inspilar.png","contentUrl":"https:\/\/www.todaykhoe.com\/wp-content\/uploads\/2025\/06\/Inspilar.png","width":309,"height":315,"caption":"Inspilar"},{"@type":"BreadcrumbList","@id":"https:\/\/www.todaykhoe.com\/product\/inspilar-capsula\/#breadcrumb","itemListElement":[{"@type":"ListItem","position":1,"name":"Home","item":"https:\/\/www.todaykhoe.com\/"},{"@type":"ListItem","position":2,"name":"Shop","item":"https:\/\/www.todaykhoe.com\/shop\/"},{"@type":"ListItem","position":3,"name":"Inspilar C\u00e1psula"}]},{"@type":"WebSite","@id":"https:\/\/www.todaykhoe.com\/#website","url":"https:\/\/www.todaykhoe.com\/","name":"TodayKh\u1ecfe.Com","description":"Healthy Today, Fitness, Nutrition, Beauty, News!","publisher":{"@id":"https:\/\/www.todaykhoe.com\/#organization"},"potentialAction":[{"@type":"SearchAction","target":{"@type":"EntryPoint","urlTemplate":"https:\/\/www.todaykhoe.com\/?s={search_term_string}"},"query-input":{"@type":"PropertyValueSpecification","valueRequired":true,"valueName":"search_term_string"}}],"inLanguage":"bg-BG"},{"@type":"Organization","@id":"https:\/\/www.todaykhoe.com\/#organization","name":"TodayKh\u1ecfe.Com","url":"https:\/\/www.todaykhoe.com\/","logo":{"@type":"ImageObject","inLanguage":"bg-BG","@id":"https:\/\/www.todaykhoe.com\/#\/schema\/logo\/image\/","url":"https:\/\/www.todaykhoe.com\/wp-content\/uploads\/2025\/04\/Todaykhoe.png","contentUrl":"https:\/\/www.todaykhoe.com\/wp-content\/uploads\/2025\/04\/Todaykhoe.png","width":706,"height":159,"caption":"TodayKh\u1ecfe.Com"},"image":{"@id":"https:\/\/www.todaykhoe.com\/#\/schema\/logo\/image\/"}}]}},"_links":{"self":[{"href":"https:\/\/www.todaykhoe.com\/bg\/wp-json\/wp\/v2\/product\/118277","targetHints":{"allow":["GET"]}}],"collection":[{"href":"https:\/\/www.todaykhoe.com\/bg\/wp-json\/wp\/v2\/product"}],"about":[{"href":"https:\/\/www.todaykhoe.com\/bg\/wp-json\/wp\/v2\/types\/product"}],"replies":[{"embeddable":true,"href":"https:\/\/www.todaykhoe.com\/bg\/wp-json\/wp\/v2\/comments?post=118277"}],"wp:featuredmedia":[{"embeddable":true,"href":"https:\/\/www.todaykhoe.com\/bg\/wp-json\/wp\/v2\/media\/118278"}],"wp:attachment":[{"href":"https:\/\/www.todaykhoe.com\/bg\/wp-json\/wp\/v2\/media?parent=118277"}],"wp:term":[{"taxonomy":"product_brand","embeddable":true,"href":"https:\/\/www.todaykhoe.com\/bg\/wp-json\/wp\/v2\/product_brand?post=118277"},{"taxonomy":"product_cat","embeddable":true,"href":"https:\/\/www.todaykhoe.com\/bg\/wp-json\/wp\/v2\/product_cat?post=118277"},{"taxonomy":"product_tag","embeddable":true,"href":"https:\/\/www.todaykhoe.com\/bg\/wp-json\/wp\/v2\/product_tag?post=118277"}],"curies":[{"name":"wp","href":"https:\/\/api.w.org\/{rel}","templated":true}]}}